{"id":900,"date":"2017-03-19T19:42:09","date_gmt":"2017-03-19T18:42:09","guid":{"rendered":"http:\/\/legentlecat.fr\/comptoir-a-thes\/produit\/captain-carrot-bio\/"},"modified":"2022-12-02T13:45:51","modified_gmt":"2022-12-02T12:45:51","slug":"captain-carrot-bio","status":"publish","type":"product","link":"https:\/\/legentlecat.fr\/shop\/index.php\/produit\/captain-carrot-bio\/","title":{"rendered":"Captain Carrot BIO"},"content":{"rendered":"","protected":false},"excerpt":{"rendered":"<p style=\"text-align: justify;\"><strong><img loading=\"lazy\" decoding=\"async\" class=\"size-full wp-image-2271 aligncenter\" src=\"http:\/\/legentlecat.fr\/shop\/wp-content\/uploads\/2017\/03\/infusion.jpg\" alt=\"\" width=\"250\" height=\"77\" \/><\/strong><\/p>\n<p style=\"text-align: justify;\"><strong>Sac herm\u00e9tique de 100 g\u00a0&#8211;\u00a0La tisane\u00a0de l\u00e9gume : <\/strong>elle offre une infusion plus originale que du th\u00e9 ou des fruits&#8230; Pour un cadeau ou pour d\u00e9couvrir de nouvelles saveurs, c&rsquo;est un tr\u00e8s bon achat. Vous pouvez d\u00e9guster cette tisane au d\u00e9but ou \u00e0 la fin du repas, ou la consommer comme un petit en-cas sal\u00e9 sans calorie.<\/p>\n<p style=\"text-align: justify;\"><strong>Cette tisane pr\u00e9cis\u00e9ment :<\/strong>\u00a0La douceur l\u00e9g\u00e8rement sucr\u00e9e de la carotte est relev\u00e9e par du gingembre et du curry, en faisant une recette tr\u00e8s proche en go\u00fbt d&rsquo;une soupe.<\/p>\n<p style=\"text-align: justify;\"><strong>Saveur : <\/strong>V\u00e9g\u00e9tale<\/p>\n<p style=\"text-align: justify;\"><strong>Composition :<\/strong>\u00a0morceaux de carotte, gingembre, curry, curcuma, coriandre, gingembre moulu BIO<\/p>\n","protected":false},"featured_media":2300,"template":"","meta":{"jetpack_post_was_ever_published":false,"jetpack_publicize_message":"","jetpack_publicize_feature_enabled":true,"jetpack_social_post_already_shared":false,"jetpack_social_options":{"image_generator_settings":{"template":"highway","default_image_id":0,"font":"","enabled":false},"version":2}},"product_brand":[],"product_cat":[81,86],"product_tag":[172,174,175,173,104,130,114,167],"class_list":{"0":"post-900","1":"product","2":"type-product","3":"status-publish","4":"has-post-thumbnail","6":"product_cat-vegetale","7":"product_cat-tisane","8":"product_tag-carotte","9":"product_tag-coriandre","10":"product_tag-curcuma","11":"product_tag-curry","12":"product_tag-gingembre","13":"product_tag-saveur-vegetale","14":"product_tag-the-bio","15":"product_tag-tisane-de-legume","17":"first","18":"instock","19":"taxable","20":"shipping-taxable","21":"purchasable","22":"product-type-simple"},"yoast_head":"<!-- This site is optimized with the Yoast SEO plugin v27.5 - https:\/\/yoast.com\/product\/yoast-seo-wordpress\/ -->\n<title>Captain Carrot BIO - Le GentleCat - Teashop<\/title>\n<meta name=\"robots\" content=\"index, follow, max-snippet:-1, max-image-preview:large, max-video-preview:-1\" \/>\n<link rel=\"canonical\" href=\"https:\/\/legentlecat.fr\/shop\/index.php\/produit\/captain-carrot-bio\/\" \/>\n<meta property=\"og:locale\" content=\"fr_FR\" \/>\n<meta property=\"og:type\" content=\"article\" \/>\n<meta property=\"og:title\" content=\"Captain Carrot BIO - Le GentleCat - Teashop\" \/>\n<meta property=\"og:description\" content=\"Sac herm\u00e9tique de 100 g\u00a0-\u00a0La tisane\u00a0de l\u00e9gume : elle offre une infusion plus originale que du th\u00e9 ou des fruits... Pour un cadeau ou pour d\u00e9couvrir de nouvelles saveurs, c&#039;est un tr\u00e8s bon achat. Vous pouvez d\u00e9guster cette tisane au d\u00e9but ou \u00e0 la fin du repas, ou la consommer comme un petit en-cas sal\u00e9 sans calorie. Cette tisane pr\u00e9cis\u00e9ment :\u00a0La douceur l\u00e9g\u00e8rement sucr\u00e9e de la carotte est relev\u00e9e par du gingembre et du curry, en faisant une recette tr\u00e8s proche en go\u00fbt d&#039;une soupe. Saveur : V\u00e9g\u00e9tale Composition :\u00a0morceaux de carotte, gingembre, curry, curcuma, coriandre, gingembre moulu BIO\" \/>\n<meta property=\"og:url\" content=\"https:\/\/legentlecat.fr\/shop\/index.php\/produit\/captain-carrot-bio\/\" \/>\n<meta property=\"og:site_name\" content=\"Le GentleCat - Teashop\" \/>\n<meta property=\"article:modified_time\" content=\"2022-12-02T12:45:51+00:00\" \/>\n<meta property=\"og:image\" content=\"https:\/\/legentlecat.fr\/shop\/wp-content\/uploads\/2017\/03\/carotte-819x1024.png\" \/>\n\t<meta property=\"og:image:width\" content=\"819\" \/>\n\t<meta property=\"og:image:height\" content=\"1024\" \/>\n\t<meta property=\"og:image:type\" content=\"image\/png\" \/>\n<meta name=\"twitter:card\" content=\"summary_large_image\" \/>\n<script type=\"application\/ld+json\" class=\"yoast-schema-graph\">{\"@context\":\"https:\\\/\\\/schema.org\",\"@graph\":[{\"@type\":\"WebPage\",\"@id\":\"https:\\\/\\\/legentlecat.fr\\\/shop\\\/index.php\\\/produit\\\/captain-carrot-bio\\\/\",\"url\":\"https:\\\/\\\/legentlecat.fr\\\/shop\\\/index.php\\\/produit\\\/captain-carrot-bio\\\/\",\"name\":\"Captain Carrot BIO - Le GentleCat - Teashop\",\"isPartOf\":{\"@id\":\"https:\\\/\\\/legentlecat.fr\\\/shop\\\/#website\"},\"primaryImageOfPage\":{\"@id\":\"https:\\\/\\\/legentlecat.fr\\\/shop\\\/index.php\\\/produit\\\/captain-carrot-bio\\\/#primaryimage\"},\"image\":{\"@id\":\"https:\\\/\\\/legentlecat.fr\\\/shop\\\/index.php\\\/produit\\\/captain-carrot-bio\\\/#primaryimage\"},\"thumbnailUrl\":\"https:\\\/\\\/i0.wp.com\\\/legentlecat.fr\\\/shop\\\/wp-content\\\/uploads\\\/2017\\\/03\\\/carotte.png?fit=1500%2C1875&ssl=1\",\"datePublished\":\"2017-03-19T18:42:09+00:00\",\"dateModified\":\"2022-12-02T12:45:51+00:00\",\"breadcrumb\":{\"@id\":\"https:\\\/\\\/legentlecat.fr\\\/shop\\\/index.php\\\/produit\\\/captain-carrot-bio\\\/#breadcrumb\"},\"inLanguage\":\"fr-FR\",\"potentialAction\":[{\"@type\":\"ReadAction\",\"target\":[\"https:\\\/\\\/legentlecat.fr\\\/shop\\\/index.php\\\/produit\\\/captain-carrot-bio\\\/\"]}]},{\"@type\":\"ImageObject\",\"inLanguage\":\"fr-FR\",\"@id\":\"https:\\\/\\\/legentlecat.fr\\\/shop\\\/index.php\\\/produit\\\/captain-carrot-bio\\\/#primaryimage\",\"url\":\"https:\\\/\\\/i0.wp.com\\\/legentlecat.fr\\\/shop\\\/wp-content\\\/uploads\\\/2017\\\/03\\\/carotte.png?fit=1500%2C1875&ssl=1\",\"contentUrl\":\"https:\\\/\\\/i0.wp.com\\\/legentlecat.fr\\\/shop\\\/wp-content\\\/uploads\\\/2017\\\/03\\\/carotte.png?fit=1500%2C1875&ssl=1\",\"width\":1500,\"height\":1875},{\"@type\":\"BreadcrumbList\",\"@id\":\"https:\\\/\\\/legentlecat.fr\\\/shop\\\/index.php\\\/produit\\\/captain-carrot-bio\\\/#breadcrumb\",\"itemListElement\":[{\"@type\":\"ListItem\",\"position\":1,\"name\":\"Accueil\",\"item\":\"https:\\\/\\\/legentlecat.fr\\\/shop\\\/\"},{\"@type\":\"ListItem\",\"position\":2,\"name\":\"Shop\",\"item\":\"https:\\\/\\\/legentlecat.fr\\\/shop\\\/index.php\\\/shop\\\/\"},{\"@type\":\"ListItem\",\"position\":3,\"name\":\"Captain Carrot BIO\"}]},{\"@type\":\"WebSite\",\"@id\":\"https:\\\/\\\/legentlecat.fr\\\/shop\\\/#website\",\"url\":\"https:\\\/\\\/legentlecat.fr\\\/shop\\\/\",\"name\":\"Le GentleCat - Teashop\",\"description\":\"La boutique de th\u00e9 en ligne\",\"potentialAction\":[{\"@type\":\"SearchAction\",\"target\":{\"@type\":\"EntryPoint\",\"urlTemplate\":\"https:\\\/\\\/legentlecat.fr\\\/shop\\\/?s={search_term_string}\"},\"query-input\":{\"@type\":\"PropertyValueSpecification\",\"valueRequired\":true,\"valueName\":\"search_term_string\"}}],\"inLanguage\":\"fr-FR\"}]}<\/script>\n<!-- \/ Yoast SEO plugin. -->","yoast_head_json":{"title":"Captain Carrot BIO - Le GentleCat - Teashop","robots":{"index":"index","follow":"follow","max-snippet":"max-snippet:-1","max-image-preview":"max-image-preview:large","max-video-preview":"max-video-preview:-1"},"canonical":"https:\/\/legentlecat.fr\/shop\/index.php\/produit\/captain-carrot-bio\/","og_locale":"fr_FR","og_type":"article","og_title":"Captain Carrot BIO - Le GentleCat - Teashop","og_description":"Sac herm\u00e9tique de 100 g\u00a0-\u00a0La tisane\u00a0de l\u00e9gume : elle offre une infusion plus originale que du th\u00e9 ou des fruits... Pour un cadeau ou pour d\u00e9couvrir de nouvelles saveurs, c'est un tr\u00e8s bon achat. Vous pouvez d\u00e9guster cette tisane au d\u00e9but ou \u00e0 la fin du repas, ou la consommer comme un petit en-cas sal\u00e9 sans calorie. Cette tisane pr\u00e9cis\u00e9ment :\u00a0La douceur l\u00e9g\u00e8rement sucr\u00e9e de la carotte est relev\u00e9e par du gingembre et du curry, en faisant une recette tr\u00e8s proche en go\u00fbt d'une soupe. Saveur : V\u00e9g\u00e9tale Composition :\u00a0morceaux de carotte, gingembre, curry, curcuma, coriandre, gingembre moulu BIO","og_url":"https:\/\/legentlecat.fr\/shop\/index.php\/produit\/captain-carrot-bio\/","og_site_name":"Le GentleCat - Teashop","article_modified_time":"2022-12-02T12:45:51+00:00","og_image":[{"width":819,"height":1024,"url":"https:\/\/legentlecat.fr\/shop\/wp-content\/uploads\/2017\/03\/carotte-819x1024.png","type":"image\/png"}],"twitter_card":"summary_large_image","schema":{"@context":"https:\/\/schema.org","@graph":[{"@type":"WebPage","@id":"https:\/\/legentlecat.fr\/shop\/index.php\/produit\/captain-carrot-bio\/","url":"https:\/\/legentlecat.fr\/shop\/index.php\/produit\/captain-carrot-bio\/","name":"Captain Carrot BIO - Le GentleCat - Teashop","isPartOf":{"@id":"https:\/\/legentlecat.fr\/shop\/#website"},"primaryImageOfPage":{"@id":"https:\/\/legentlecat.fr\/shop\/index.php\/produit\/captain-carrot-bio\/#primaryimage"},"image":{"@id":"https:\/\/legentlecat.fr\/shop\/index.php\/produit\/captain-carrot-bio\/#primaryimage"},"thumbnailUrl":"https:\/\/i0.wp.com\/legentlecat.fr\/shop\/wp-content\/uploads\/2017\/03\/carotte.png?fit=1500%2C1875&ssl=1","datePublished":"2017-03-19T18:42:09+00:00","dateModified":"2022-12-02T12:45:51+00:00","breadcrumb":{"@id":"https:\/\/legentlecat.fr\/shop\/index.php\/produit\/captain-carrot-bio\/#breadcrumb"},"inLanguage":"fr-FR","potentialAction":[{"@type":"ReadAction","target":["https:\/\/legentlecat.fr\/shop\/index.php\/produit\/captain-carrot-bio\/"]}]},{"@type":"ImageObject","inLanguage":"fr-FR","@id":"https:\/\/legentlecat.fr\/shop\/index.php\/produit\/captain-carrot-bio\/#primaryimage","url":"https:\/\/i0.wp.com\/legentlecat.fr\/shop\/wp-content\/uploads\/2017\/03\/carotte.png?fit=1500%2C1875&ssl=1","contentUrl":"https:\/\/i0.wp.com\/legentlecat.fr\/shop\/wp-content\/uploads\/2017\/03\/carotte.png?fit=1500%2C1875&ssl=1","width":1500,"height":1875},{"@type":"BreadcrumbList","@id":"https:\/\/legentlecat.fr\/shop\/index.php\/produit\/captain-carrot-bio\/#breadcrumb","itemListElement":[{"@type":"ListItem","position":1,"name":"Accueil","item":"https:\/\/legentlecat.fr\/shop\/"},{"@type":"ListItem","position":2,"name":"Shop","item":"https:\/\/legentlecat.fr\/shop\/index.php\/shop\/"},{"@type":"ListItem","position":3,"name":"Captain Carrot BIO"}]},{"@type":"WebSite","@id":"https:\/\/legentlecat.fr\/shop\/#website","url":"https:\/\/legentlecat.fr\/shop\/","name":"Le GentleCat - Teashop","description":"La boutique de th\u00e9 en ligne","potentialAction":[{"@type":"SearchAction","target":{"@type":"EntryPoint","urlTemplate":"https:\/\/legentlecat.fr\/shop\/?s={search_term_string}"},"query-input":{"@type":"PropertyValueSpecification","valueRequired":true,"valueName":"search_term_string"}}],"inLanguage":"fr-FR"}]}},"jetpack_publicize_connections":[],"jetpack_sharing_enabled":true,"jetpack-related-posts":[{"id":921,"url":"https:\/\/legentlecat.fr\/shop\/index.php\/produit\/mon-ptit-chou-bio\/","url_meta":{"origin":900,"position":0},"title":"Mon Ptit Chou BIO","author":"Jimmy RIOT","date":"19 mars 2017","format":false,"excerpt":"Sac herm\u00e9tique de 100 g\u00a0-\u00a0La tisane\u00a0de l\u00e9gume : elle offre une infusion plus originale que du th\u00e9 ou des fruits... Pour un cadeau ou pour d\u00e9couvrir de nouvelles saveurs, c'est un tr\u00e8s bon achat. Vous pouvez d\u00e9guster cette tisane au d\u00e9but ou \u00e0 la fin du repas, ou la consommer\u2026","rel":"","context":"Article similaire","block_context":{"text":"Article similaire","link":""},"img":{"alt_text":"","src":"https:\/\/i0.wp.com\/legentlecat.fr\/shop\/wp-content\/uploads\/2017\/03\/chou.png?fit=960%2C1200&ssl=1&resize=350%2C200","width":350,"height":200,"srcset":"https:\/\/i0.wp.com\/legentlecat.fr\/shop\/wp-content\/uploads\/2017\/03\/chou.png?fit=960%2C1200&ssl=1&resize=350%2C200 1x, https:\/\/i0.wp.com\/legentlecat.fr\/shop\/wp-content\/uploads\/2017\/03\/chou.png?fit=960%2C1200&ssl=1&resize=525%2C300 1.5x, https:\/\/i0.wp.com\/legentlecat.fr\/shop\/wp-content\/uploads\/2017\/03\/chou.png?fit=960%2C1200&ssl=1&resize=700%2C400 2x"},"classes":[]},{"id":942,"url":"https:\/\/legentlecat.fr\/shop\/index.php\/produit\/tout-beau-tout-fort-bio\/","url_meta":{"origin":900,"position":1},"title":"Tout beau tout fort BIO","author":"Jimmy RIOT","date":"19 mars 2017","format":false,"excerpt":"Sac herm\u00e9tique de 100 g\u00a0-\u00a0La tisane\u00a0de l\u00e9gume : elle offre une infusion plus originale que du th\u00e9 ou des fruits... Pour un cadeau ou pour d\u00e9couvrir de nouvelles saveurs, c'est un tr\u00e8s bon achat. Vous pouvez d\u00e9guster cette tisane au d\u00e9but ou \u00e0 la fin du repas, ou la consommer\u2026","rel":"","context":"Article similaire","block_context":{"text":"Article similaire","link":""},"img":{"alt_text":"","src":"https:\/\/i0.wp.com\/legentlecat.fr\/shop\/wp-content\/uploads\/2017\/03\/epinard.png?fit=960%2C1200&ssl=1&resize=350%2C200","width":350,"height":200,"srcset":"https:\/\/i0.wp.com\/legentlecat.fr\/shop\/wp-content\/uploads\/2017\/03\/epinard.png?fit=960%2C1200&ssl=1&resize=350%2C200 1x, https:\/\/i0.wp.com\/legentlecat.fr\/shop\/wp-content\/uploads\/2017\/03\/epinard.png?fit=960%2C1200&ssl=1&resize=525%2C300 1.5x, https:\/\/i0.wp.com\/legentlecat.fr\/shop\/wp-content\/uploads\/2017\/03\/epinard.png?fit=960%2C1200&ssl=1&resize=700%2C400 2x"},"classes":[]}],"_links":{"self":[{"href":"https:\/\/legentlecat.fr\/shop\/index.php\/wp-json\/wp\/v2\/product\/900","targetHints":{"allow":["GET"]}}],"collection":[{"href":"https:\/\/legentlecat.fr\/shop\/index.php\/wp-json\/wp\/v2\/product"}],"about":[{"href":"https:\/\/legentlecat.fr\/shop\/index.php\/wp-json\/wp\/v2\/types\/product"}],"wp:featuredmedia":[{"embeddable":true,"href":"https:\/\/legentlecat.fr\/shop\/index.php\/wp-json\/wp\/v2\/media\/2300"}],"wp:attachment":[{"href":"https:\/\/legentlecat.fr\/shop\/index.php\/wp-json\/wp\/v2\/media?parent=900"}],"wp:term":[{"taxonomy":"product_brand","embeddable":true,"href":"https:\/\/legentlecat.fr\/shop\/index.php\/wp-json\/wp\/v2\/product_brand?post=900"},{"taxonomy":"product_cat","embeddable":true,"href":"https:\/\/legentlecat.fr\/shop\/index.php\/wp-json\/wp\/v2\/product_cat?post=900"},{"taxonomy":"product_tag","embeddable":true,"href":"https:\/\/legentlecat.fr\/shop\/index.php\/wp-json\/wp\/v2\/product_tag?post=900"}],"curies":[{"name":"wp","href":"https:\/\/api.w.org\/{rel}","templated":true}]}}