{"id":8835,"date":"2023-11-28T03:46:13","date_gmt":"2023-11-28T02:46:13","guid":{"rendered":"https:\/\/legentlecat.fr\/shop\/?post_type=product&#038;p=8835"},"modified":"2025-12-31T17:58:58","modified_gmt":"2025-12-31T16:58:58","slug":"carte-cadeau-miaou","status":"publish","type":"product","link":"https:\/\/legentlecat.fr\/shop\/index.php\/produit\/carte-cadeau-miaou\/","title":{"rendered":"Carte Cadeau \u00ab\u00a0Miaou\u00a0\u00bb"},"content":{"rendered":"<div class=\"wpb-content-wrapper\"><p>[vc_row][vc_column][vc_column_text css=\u00a0\u00bb\u00a0\u00bb]<\/p>\n<p style=\"text-align: justify;\">Voici le d\u00e9tail de chacune des trois formules propos\u00e9es en bon cadeau. Sachez qu&rsquo;en plus d&rsquo;avoir droit \u00e0 leur go\u00fbter, leur brunch ou leur d\u00eener, les destinataires de votre bon cadeau<strong> recevront syst\u00e9matiquement une surprise : un petit cadeau souvenir<\/strong> \u00e0 l&rsquo;effigie de leur chat pr\u00e9f\u00e9r\u00e9 (ils choisiront en nous donnant leur bon).<\/p>\n<p style=\"text-align: justify;\">De plus, nous pr\u00eatons certes une attention toute particuli\u00e8re \u00e0 tous nos visiteurs mais plus encore lorsque nous savons qu&rsquo;ils viennent avec un bon cadeau.<strong> Faire passer un bon moment aux dentinaires de votre bon cadeau, c&rsquo;est la meilleurs fa\u00e7on de vous remercier<\/strong> pour la confiance que vous nous accordez en faisant d\u00e9couvrir notre \u00e9tablissement.<\/p>\n<hr \/>\n<h3 style=\"text-align: center;\">Go\u00fbter pour deux<\/h3>\n<p style=\"text-align: center;\"><strong>Une boisson premium chaude ou froide<\/strong><br \/>\n(tout \u00e9ventuel suppl\u00e9ment est d\u00e9j\u00e0 compris)<\/p>\n<p style=\"text-align: center;\"><strong>Une p\u00e2tisserie faite maison par notre p\u00e2tissier<\/strong><br \/>\n(on a toujours beaucoup de choix en vitrine)<\/p>\n<p style=\"text-align: center;\"><strong>Le petit cadeau souvenir lors du d\u00e9part<br \/>\n<\/strong>(c&rsquo;est une surprise, ce n&rsquo;est pas \u00e9crit sur le bon !)<\/p>\n<hr \/>\n<h3 style=\"text-align: center;\">Super Brunch pour deux<\/h3>\n<p style=\"text-align: center;\"><strong>Du c\u00f4t\u00e9 des boissons :<\/strong><br \/>\nUn jus de fruit bio et artisanal<br \/>\n&amp; Une boisson chaude au choix<\/p>\n<p style=\"text-align: center;\"><strong>Du c\u00f4t\u00e9 du sucr\u00e9 :<\/strong><br \/>\nDes pancakes avec leur garniture<br \/>\nUne p\u00e2tisserie faite maison par notre p\u00e2tissier<br \/>\nUn bowl de granola aux fruits de saison<\/p>\n<p style=\"text-align: center;\"><strong>Du c\u00f4t\u00e9 du sal\u00e9 :<\/strong><br \/>\nUn bowl d&rsquo;oeuf brouill\u00e9s fait \u00e0 la minute<br \/>\nUne sp\u00e9cialit\u00e9 r\u00e9gionale (Rosette, St Marcellin&#8230;)<\/p>\n<p style=\"text-align: center;\"><strong>Le petit cadeau souvenir lors du d\u00e9part<br \/>\n<\/strong>(c&rsquo;est une surprise, ce n&rsquo;est pas \u00e9crit sur le bon !)<\/p>\n<hr \/>\n<h3 style=\"text-align: center;\">D\u00eener pour deux<\/h3>\n<p style=\"text-align: center;\"><strong>Du c\u00f4t\u00e9 des boissons :<\/strong><br \/>\nUn ap\u00e9ritif avec ou sans alcool (cocktails, kirs, jus&#8230;)<br \/>\nOU une bouteille de vin \u00e0 partager \u00e0 deux<\/p>\n<p style=\"text-align: center;\"><strong>Du c\u00f4t\u00e9 des plats sal\u00e9s :<\/strong><br \/>\nUne entr\u00e9e \u00e0 la carte (tartine, potage&#8230;)<br \/>\nUn plat \u00e0 la carte (planche, bowl, fromage r\u00f4ti&#8230;)<\/p>\n<p style=\"text-align: center;\"><strong>Du c\u00f4t\u00e9 des desserts :<\/strong><br \/>\nUne p\u00e2tisserie faite maison par notre p\u00e2tissier<br \/>\n(fondant, cheesecake, tarte du jour, carrot cake&#8230;)<\/p>\n<p style=\"text-align: center;\"><strong>Le petit cadeau souvenir lors du d\u00e9part<br \/>\n<\/strong>(c&rsquo;est une surprise, ce n&rsquo;est pas \u00e9crit sur le bon !)<\/p>\n<hr \/>\n<p>Maintenant que vous savez tout ce que contient chacun de nos bons cadeaux, ne reste plus qu&rsquo;\u00e0 choisir celui que vous allez offrir !<\/p>\n<h6 style=\"text-align: justify;\"><em><span style=\"color: #999999;\">CGV tacitement accept\u00e9e lors de l&rsquo;achat de ce produit : le bon cadeau achet\u00e9 en ligne vous sera transmis par mail sous un maximum de 48 heures (nous faisons \u00e9videmment au plus vite) et vous pourrez soit l&rsquo;imprimer vous m\u00eame, soit l&rsquo;offrir en le transmettant sous sa forme d\u00e9mat\u00e9rialis\u00e9e. Le bon cadeau achet\u00e9 en ligne, tout comme celui achet\u00e9 directement dans notre \u00e9tablissement est valable pour une p\u00e9riode de six mois. En offrant ce bon, vous \u00eates pleinement inform\u00e9 que le GentleCat est un \u00e9tablissement strictement interdit aux enfants de moins de 12 ans, que le GentleCat n&rsquo;a pas d&rsquo;alternative v\u00e9gane, sans gluten ou sans lactose, les \u0153ufs, le beurre, la cr\u00e8me, le lait et la farine \u00e9tant au c\u0153ur de notre savoir-faire. Le bon cadeau n&rsquo;est ni \u00e9changeable, ni remboursable, ni scindable.\u00a0<\/span><\/em><\/h6>\n<p>[\/vc_column_text][\/vc_column][\/vc_row]<\/p>\n<\/div>","protected":false},"excerpt":{"rendered":"<p>Les restaurants, les spas, les instituts, les h\u00f4tels&#8230; Ils vous vendent tous la m\u00eame promesse : <em><span style=\"color: #ff0000;\">un \u201cmoment de douceur\u201d.<\/span><\/em> Ici aussi, vous offrez un moment de douceur, oui, ON SAIT : <strong>go\u00fbter, brunch, d\u00eener, toujours en duo<\/strong>\u2026 MAIS avec du ronron, de la gourmandise, et du poil autour. <em><span style=\"color: #ff0000;\">Et \u00e7a change absolument tout.<\/span><\/em><\/p>\n<p>Mieux encore\u00a0: ce bon cadeau comporte des <span style=\"color: #c0392b;\"><strong><span style=\"color: #ff0000;\">contre-indications d\u00e9licieusement savoureuses<\/span><\/strong><\/span>, ce qui vous ouvre d\u2019immenses possibilit\u00e9s.<\/p>\n<p>\u00c0 offrir \u00e0 : <strong>Marie-Caroline<\/strong>, qui depuis son troisi\u00e8me enfant n\u2019a <em><span style=\"color: #ff0000;\">plus pass\u00e9<\/span><\/em> <em><span style=\"color: #ff0000;\">une seule heure sans un marmot<\/span><\/em>. Bonne nouvelle\u00a0: ici, les moins de 12 ans sont interdits. Elle va <em>red\u00e9couvrir son propre silence<\/em>.<\/p>\n<p>\u00c0 offrir \u00e0 : <strong>Ambre<\/strong>, cette clean girl impeccable qui vous sert d\u2019<em><span style=\"color: #ff0000;\">insupportable coll\u00e8gue<\/span><\/em>, brushing haute pr\u00e9cision, mascara waterproof, tenue irr\u00e9prochable\u2026 et allergique aux chats. Elle ressortira avec un nez en patate et un mascara en fuite \u2014 <em>enfin des photos vraies<\/em>.<\/p>\n<p>\u00c0 offrir \u00e0 : <strong>Jean-Michel<\/strong>, votre <em><span style=\"color: #ff0000;\">oncle ambassadeur chasse-p\u00eache<\/span><\/em> qui d\u00e9teste les chats, les lieux chaleureux et tout ce qui ressemble de pr\u00e8s ou de loin \u00e0 un moment de coh\u00e9sion. <em>Il vivra ce passage comme une petite le\u00e7on de vie.<\/em><\/p>\n<p>Bref, vous avez forc\u00e9ment quelqu\u2019un dans ton entourage qui <span style=\"color: #ff0000;\"><em>m\u00e9rite<\/em> <\/span>ce cadeau \u2014 que ce soit parce qu\u2019il est adorable\u2026 ou parce qu\u2019il l\u2019est beaucoup moins. <strong>Bon cadeau valable 6 mois.\u00a0<\/strong>Apr\u00e8s achat, votre bon vous est transmis par mail sous 48 heures.<\/p>\n","protected":false},"featured_media":8840,"template":"","meta":{"jetpack_post_was_ever_published":false,"jetpack_publicize_message":"","jetpack_publicize_feature_enabled":true,"jetpack_social_post_already_shared":true,"jetpack_social_options":{"image_generator_settings":{"template":"highway","default_image_id":0,"font":"","enabled":false},"version":2}},"product_brand":[],"product_cat":[36,52,237,206],"product_tag":[],"class_list":{"0":"post-8835","1":"product","2":"type-product","3":"status-publish","4":"has-post-thumbnail","6":"product_cat-fanshop","7":"product_cat-goodiescadeaux","8":"product_cat-reservation-brunch","9":"product_cat-roman","11":"first","12":"instock","13":"taxable","14":"shipping-taxable","15":"purchasable","16":"product-type-variable"},"yoast_head":"<!-- This site is optimized with the Yoast SEO plugin v27.3 - https:\/\/yoast.com\/product\/yoast-seo-wordpress\/ -->\n<title>Carte Cadeau &quot;Miaou&quot; - Le GentleCat - Teashop<\/title>\n<meta name=\"robots\" content=\"index, follow, max-snippet:-1, max-image-preview:large, max-video-preview:-1\" \/>\n<link rel=\"canonical\" href=\"https:\/\/legentlecat.fr\/shop\/index.php\/produit\/carte-cadeau-miaou\/\" \/>\n<meta property=\"og:locale\" content=\"fr_FR\" \/>\n<meta property=\"og:type\" content=\"article\" \/>\n<meta property=\"og:title\" content=\"Carte Cadeau &quot;Miaou&quot; - Le GentleCat - Teashop\" \/>\n<meta property=\"og:description\" content=\"Les restaurants, les spas, les instituts, les h\u00f4tels... Ils vous vendent tous la m\u00eame promesse : un \u201cmoment de douceur\u201d. Ici aussi, vous offrez un moment de douceur, oui, ON SAIT : go\u00fbter, brunch, d\u00eener, toujours en duo\u2026 MAIS avec du ronron, de la gourmandise, et du poil autour. Et \u00e7a change absolument tout.  Mieux encore\u00a0: ce bon cadeau comporte des contre-indications d\u00e9licieusement savoureuses, ce qui vous ouvre d\u2019immenses possibilit\u00e9s.  \u00c0 offrir \u00e0 : Marie-Caroline, qui depuis son troisi\u00e8me enfant n\u2019a plus pass\u00e9 une seule heure sans un marmot. Bonne nouvelle\u00a0: ici, les moins de 12 ans sont interdits. Elle va red\u00e9couvrir son propre silence.  \u00c0 offrir \u00e0 : Ambre, cette clean girl impeccable qui vous sert d\u2019insupportable coll\u00e8gue, brushing haute pr\u00e9cision, mascara waterproof, tenue irr\u00e9prochable\u2026 et allergique aux chats. Elle ressortira avec un nez en patate et un mascara en fuite \u2014 enfin des photos vraies.  \u00c0 offrir \u00e0 : Jean-Michel, votre oncle ambassadeur chasse-p\u00eache qui d\u00e9teste les chats, les lieux chaleureux et tout ce qui ressemble de pr\u00e8s ou de loin \u00e0 un moment de coh\u00e9sion. Il vivra ce passage comme une petite le\u00e7on de vie.  Bref, vous avez forc\u00e9ment quelqu\u2019un dans ton entourage qui m\u00e9rite ce cadeau \u2014 que ce soit parce qu\u2019il est adorable\u2026 ou parce qu\u2019il l\u2019est beaucoup moins. Bon cadeau valable 6 mois.\u00a0Apr\u00e8s achat, votre bon vous est transmis par mail sous 48 heures.\" \/>\n<meta property=\"og:url\" content=\"https:\/\/legentlecat.fr\/shop\/index.php\/produit\/carte-cadeau-miaou\/\" \/>\n<meta property=\"og:site_name\" content=\"Le GentleCat - Teashop\" \/>\n<meta property=\"article:modified_time\" content=\"2025-12-31T16:58:58+00:00\" \/>\n<meta property=\"og:image\" content=\"https:\/\/legentlecat.fr\/shop\/wp-content\/uploads\/2023\/11\/BC1.jpg\" \/>\n\t<meta property=\"og:image:width\" content=\"750\" \/>\n\t<meta property=\"og:image:height\" content=\"800\" \/>\n\t<meta property=\"og:image:type\" content=\"image\/jpeg\" \/>\n<meta name=\"twitter:card\" content=\"summary_large_image\" \/>\n<meta name=\"twitter:label1\" content=\"Dur\u00e9e de lecture estim\u00e9e\" \/>\n\t<meta name=\"twitter:data1\" content=\"3 minutes\" \/>\n<script type=\"application\/ld+json\" class=\"yoast-schema-graph\">{\"@context\":\"https:\\\/\\\/schema.org\",\"@graph\":[{\"@type\":\"WebPage\",\"@id\":\"https:\\\/\\\/legentlecat.fr\\\/shop\\\/index.php\\\/produit\\\/carte-cadeau-miaou\\\/\",\"url\":\"https:\\\/\\\/legentlecat.fr\\\/shop\\\/index.php\\\/produit\\\/carte-cadeau-miaou\\\/\",\"name\":\"Carte Cadeau \\\"Miaou\\\" - Le GentleCat - Teashop\",\"isPartOf\":{\"@id\":\"https:\\\/\\\/legentlecat.fr\\\/shop\\\/#website\"},\"primaryImageOfPage\":{\"@id\":\"https:\\\/\\\/legentlecat.fr\\\/shop\\\/index.php\\\/produit\\\/carte-cadeau-miaou\\\/#primaryimage\"},\"image\":{\"@id\":\"https:\\\/\\\/legentlecat.fr\\\/shop\\\/index.php\\\/produit\\\/carte-cadeau-miaou\\\/#primaryimage\"},\"thumbnailUrl\":\"https:\\\/\\\/i0.wp.com\\\/legentlecat.fr\\\/shop\\\/wp-content\\\/uploads\\\/2023\\\/11\\\/BC1.jpg?fit=750%2C800&ssl=1\",\"datePublished\":\"2023-11-28T02:46:13+00:00\",\"dateModified\":\"2025-12-31T16:58:58+00:00\",\"breadcrumb\":{\"@id\":\"https:\\\/\\\/legentlecat.fr\\\/shop\\\/index.php\\\/produit\\\/carte-cadeau-miaou\\\/#breadcrumb\"},\"inLanguage\":\"fr-FR\",\"potentialAction\":[{\"@type\":\"ReadAction\",\"target\":[\"https:\\\/\\\/legentlecat.fr\\\/shop\\\/index.php\\\/produit\\\/carte-cadeau-miaou\\\/\"]}]},{\"@type\":\"ImageObject\",\"inLanguage\":\"fr-FR\",\"@id\":\"https:\\\/\\\/legentlecat.fr\\\/shop\\\/index.php\\\/produit\\\/carte-cadeau-miaou\\\/#primaryimage\",\"url\":\"https:\\\/\\\/i0.wp.com\\\/legentlecat.fr\\\/shop\\\/wp-content\\\/uploads\\\/2023\\\/11\\\/BC1.jpg?fit=750%2C800&ssl=1\",\"contentUrl\":\"https:\\\/\\\/i0.wp.com\\\/legentlecat.fr\\\/shop\\\/wp-content\\\/uploads\\\/2023\\\/11\\\/BC1.jpg?fit=750%2C800&ssl=1\",\"width\":750,\"height\":800},{\"@type\":\"BreadcrumbList\",\"@id\":\"https:\\\/\\\/legentlecat.fr\\\/shop\\\/index.php\\\/produit\\\/carte-cadeau-miaou\\\/#breadcrumb\",\"itemListElement\":[{\"@type\":\"ListItem\",\"position\":1,\"name\":\"Accueil\",\"item\":\"https:\\\/\\\/legentlecat.fr\\\/shop\\\/\"},{\"@type\":\"ListItem\",\"position\":2,\"name\":\"Shop\",\"item\":\"https:\\\/\\\/legentlecat.fr\\\/shop\\\/index.php\\\/shop\\\/\"},{\"@type\":\"ListItem\",\"position\":3,\"name\":\"Carte Cadeau \u00ab\u00a0Miaou\u00a0\u00bb\"}]},{\"@type\":\"WebSite\",\"@id\":\"https:\\\/\\\/legentlecat.fr\\\/shop\\\/#website\",\"url\":\"https:\\\/\\\/legentlecat.fr\\\/shop\\\/\",\"name\":\"Le GentleCat - Teashop\",\"description\":\"La boutique de th\u00e9 en ligne\",\"potentialAction\":[{\"@type\":\"SearchAction\",\"target\":{\"@type\":\"EntryPoint\",\"urlTemplate\":\"https:\\\/\\\/legentlecat.fr\\\/shop\\\/?s={search_term_string}\"},\"query-input\":{\"@type\":\"PropertyValueSpecification\",\"valueRequired\":true,\"valueName\":\"search_term_string\"}}],\"inLanguage\":\"fr-FR\"}]}<\/script>\n<!-- \/ Yoast SEO plugin. -->","yoast_head_json":{"title":"Carte Cadeau \"Miaou\" - Le GentleCat - Teashop","robots":{"index":"index","follow":"follow","max-snippet":"max-snippet:-1","max-image-preview":"max-image-preview:large","max-video-preview":"max-video-preview:-1"},"canonical":"https:\/\/legentlecat.fr\/shop\/index.php\/produit\/carte-cadeau-miaou\/","og_locale":"fr_FR","og_type":"article","og_title":"Carte Cadeau \"Miaou\" - Le GentleCat - Teashop","og_description":"Les restaurants, les spas, les instituts, les h\u00f4tels... Ils vous vendent tous la m\u00eame promesse : un \u201cmoment de douceur\u201d. Ici aussi, vous offrez un moment de douceur, oui, ON SAIT : go\u00fbter, brunch, d\u00eener, toujours en duo\u2026 MAIS avec du ronron, de la gourmandise, et du poil autour. Et \u00e7a change absolument tout.  Mieux encore\u00a0: ce bon cadeau comporte des contre-indications d\u00e9licieusement savoureuses, ce qui vous ouvre d\u2019immenses possibilit\u00e9s.  \u00c0 offrir \u00e0 : Marie-Caroline, qui depuis son troisi\u00e8me enfant n\u2019a plus pass\u00e9 une seule heure sans un marmot. Bonne nouvelle\u00a0: ici, les moins de 12 ans sont interdits. Elle va red\u00e9couvrir son propre silence.  \u00c0 offrir \u00e0 : Ambre, cette clean girl impeccable qui vous sert d\u2019insupportable coll\u00e8gue, brushing haute pr\u00e9cision, mascara waterproof, tenue irr\u00e9prochable\u2026 et allergique aux chats. Elle ressortira avec un nez en patate et un mascara en fuite \u2014 enfin des photos vraies.  \u00c0 offrir \u00e0 : Jean-Michel, votre oncle ambassadeur chasse-p\u00eache qui d\u00e9teste les chats, les lieux chaleureux et tout ce qui ressemble de pr\u00e8s ou de loin \u00e0 un moment de coh\u00e9sion. Il vivra ce passage comme une petite le\u00e7on de vie.  Bref, vous avez forc\u00e9ment quelqu\u2019un dans ton entourage qui m\u00e9rite ce cadeau \u2014 que ce soit parce qu\u2019il est adorable\u2026 ou parce qu\u2019il l\u2019est beaucoup moins. Bon cadeau valable 6 mois.\u00a0Apr\u00e8s achat, votre bon vous est transmis par mail sous 48 heures.","og_url":"https:\/\/legentlecat.fr\/shop\/index.php\/produit\/carte-cadeau-miaou\/","og_site_name":"Le GentleCat - Teashop","article_modified_time":"2025-12-31T16:58:58+00:00","og_image":[{"width":750,"height":800,"url":"https:\/\/legentlecat.fr\/shop\/wp-content\/uploads\/2023\/11\/BC1.jpg","type":"image\/jpeg"}],"twitter_card":"summary_large_image","twitter_misc":{"Dur\u00e9e de lecture estim\u00e9e":"3 minutes"},"schema":{"@context":"https:\/\/schema.org","@graph":[{"@type":"WebPage","@id":"https:\/\/legentlecat.fr\/shop\/index.php\/produit\/carte-cadeau-miaou\/","url":"https:\/\/legentlecat.fr\/shop\/index.php\/produit\/carte-cadeau-miaou\/","name":"Carte Cadeau \"Miaou\" - Le GentleCat - Teashop","isPartOf":{"@id":"https:\/\/legentlecat.fr\/shop\/#website"},"primaryImageOfPage":{"@id":"https:\/\/legentlecat.fr\/shop\/index.php\/produit\/carte-cadeau-miaou\/#primaryimage"},"image":{"@id":"https:\/\/legentlecat.fr\/shop\/index.php\/produit\/carte-cadeau-miaou\/#primaryimage"},"thumbnailUrl":"https:\/\/i0.wp.com\/legentlecat.fr\/shop\/wp-content\/uploads\/2023\/11\/BC1.jpg?fit=750%2C800&ssl=1","datePublished":"2023-11-28T02:46:13+00:00","dateModified":"2025-12-31T16:58:58+00:00","breadcrumb":{"@id":"https:\/\/legentlecat.fr\/shop\/index.php\/produit\/carte-cadeau-miaou\/#breadcrumb"},"inLanguage":"fr-FR","potentialAction":[{"@type":"ReadAction","target":["https:\/\/legentlecat.fr\/shop\/index.php\/produit\/carte-cadeau-miaou\/"]}]},{"@type":"ImageObject","inLanguage":"fr-FR","@id":"https:\/\/legentlecat.fr\/shop\/index.php\/produit\/carte-cadeau-miaou\/#primaryimage","url":"https:\/\/i0.wp.com\/legentlecat.fr\/shop\/wp-content\/uploads\/2023\/11\/BC1.jpg?fit=750%2C800&ssl=1","contentUrl":"https:\/\/i0.wp.com\/legentlecat.fr\/shop\/wp-content\/uploads\/2023\/11\/BC1.jpg?fit=750%2C800&ssl=1","width":750,"height":800},{"@type":"BreadcrumbList","@id":"https:\/\/legentlecat.fr\/shop\/index.php\/produit\/carte-cadeau-miaou\/#breadcrumb","itemListElement":[{"@type":"ListItem","position":1,"name":"Accueil","item":"https:\/\/legentlecat.fr\/shop\/"},{"@type":"ListItem","position":2,"name":"Shop","item":"https:\/\/legentlecat.fr\/shop\/index.php\/shop\/"},{"@type":"ListItem","position":3,"name":"Carte Cadeau \u00ab\u00a0Miaou\u00a0\u00bb"}]},{"@type":"WebSite","@id":"https:\/\/legentlecat.fr\/shop\/#website","url":"https:\/\/legentlecat.fr\/shop\/","name":"Le GentleCat - Teashop","description":"La boutique de th\u00e9 en ligne","potentialAction":[{"@type":"SearchAction","target":{"@type":"EntryPoint","urlTemplate":"https:\/\/legentlecat.fr\/shop\/?s={search_term_string}"},"query-input":{"@type":"PropertyValueSpecification","valueRequired":true,"valueName":"search_term_string"}}],"inLanguage":"fr-FR"}]}},"jetpack_publicize_connections":[],"jetpack_sharing_enabled":true,"jetpack-related-posts":[{"id":3286,"url":"https:\/\/legentlecat.fr\/shop\/index.php\/produit\/porte-cles-charline-lamerican-curl\/","url_meta":{"origin":8835,"position":0},"title":"Porte-cl\u00e9s &#8211; Charline l&rsquo;American Curl","author":"Jimmy RIOT","date":"9 novembre 2020","format":false,"excerpt":"Mais dis donc, ton trousseau de cl\u00e9s est \u00e9norme ! - Ouais je sais mais j'ai tellement aim\u00e9 la collection de porte-cl\u00e9s du GentleCat que je n'ai pas r\u00e9ussi \u00e0 me d\u00e9cider. Du coup j'ai pris les neuf mod\u00e8les... - Bon l'avantage au moins, c'est que tu risques pas de\u2026","rel":"","context":"Article similaire","block_context":{"text":"Article similaire","link":""},"img":{"alt_text":"","src":"https:\/\/i0.wp.com\/legentlecat.fr\/shop\/wp-content\/uploads\/2020\/11\/portecles-charline.jpg?fit=500%2C500&ssl=1&resize=350%2C200","width":350,"height":200},"classes":[]},{"id":3296,"url":"https:\/\/legentlecat.fr\/shop\/index.php\/produit\/porte-cles-jeanne-la-persane\/","url_meta":{"origin":8835,"position":1},"title":"Porte-cl\u00e9s &#8211; Jeanne la Persane","author":"Jimmy RIOT","date":"9 novembre 2020","format":false,"excerpt":"Mais dis donc, ton trousseau de cl\u00e9s est \u00e9norme ! - Ouais je sais mais j'ai tellement aim\u00e9 la collection de porte-cl\u00e9s du GentleCat que je n'ai pas r\u00e9ussi \u00e0 me d\u00e9cider. Du coup j'ai pris les neuf mod\u00e8les... - Bon l'avantage au moins, c'est que tu risques pas de\u2026","rel":"","context":"Article similaire","block_context":{"text":"Article similaire","link":""},"img":{"alt_text":"","src":"https:\/\/i0.wp.com\/legentlecat.fr\/shop\/wp-content\/uploads\/2020\/11\/portecles-jeanne.jpg?fit=500%2C500&ssl=1&resize=350%2C200","width":350,"height":200},"classes":[]},{"id":3297,"url":"https:\/\/legentlecat.fr\/shop\/index.php\/produit\/porte-cles-nicole-lexotic\/","url_meta":{"origin":8835,"position":2},"title":"Porte-cl\u00e9s &#8211; Nicole l&rsquo;Exotic","author":"Jimmy RIOT","date":"9 novembre 2020","format":false,"excerpt":"Mais dis donc, ton trousseau de cl\u00e9s est \u00e9norme ! - Ouais je sais mais j'ai tellement aim\u00e9 la collection de porte-cl\u00e9s du GentleCat que je n'ai pas r\u00e9ussi \u00e0 me d\u00e9cider. Du coup j'ai pris les neuf mod\u00e8les... - Bon l'avantage au moins, c'est que tu risques pas de\u2026","rel":"","context":"Article similaire","block_context":{"text":"Article similaire","link":""},"img":{"alt_text":"","src":"https:\/\/i0.wp.com\/legentlecat.fr\/shop\/wp-content\/uploads\/2020\/11\/portecles-nicole.jpg?fit=500%2C500&ssl=1&resize=350%2C200","width":350,"height":200},"classes":[]},{"id":3298,"url":"https:\/\/legentlecat.fr\/shop\/index.php\/produit\/porte-cles-louise-la-chartreuse\/","url_meta":{"origin":8835,"position":3},"title":"Porte-cl\u00e9s &#8211; Louise la Chartreuse","author":"Jimmy RIOT","date":"9 novembre 2020","format":false,"excerpt":"Mais dis donc, ton trousseau de cl\u00e9s est \u00e9norme ! - Ouais je sais mais j'ai tellement aim\u00e9 la collection de porte-cl\u00e9s du GentleCat que je n'ai pas r\u00e9ussi \u00e0 me d\u00e9cider. Du coup j'ai pris les neuf mod\u00e8les... - Bon l'avantage au moins, c'est que tu risques pas de\u2026","rel":"","context":"Article similaire","block_context":{"text":"Article similaire","link":""},"img":{"alt_text":"","src":"https:\/\/i0.wp.com\/legentlecat.fr\/shop\/wp-content\/uploads\/2020\/11\/portecles-louise.jpg?fit=500%2C500&ssl=1&resize=350%2C200","width":350,"height":200},"classes":[]},{"id":3299,"url":"https:\/\/legentlecat.fr\/shop\/index.php\/produit\/porte-cles-guillemette-la-scottish\/","url_meta":{"origin":8835,"position":4},"title":"Porte-cl\u00e9s &#8211; Guillemette la Scottish","author":"Jimmy RIOT","date":"9 novembre 2020","format":false,"excerpt":"Mais dis donc, ton trousseau de cl\u00e9s est \u00e9norme ! - Ouais je sais mais j'ai tellement aim\u00e9 la collection de porte-cl\u00e9s du GentleCat que je n'ai pas r\u00e9ussi \u00e0 me d\u00e9cider. Du coup j'ai pris les neuf mod\u00e8les... - Bon l'avantage au moins, c'est que tu risques pas de\u2026","rel":"","context":"Article similaire","block_context":{"text":"Article similaire","link":""},"img":{"alt_text":"","src":"https:\/\/i0.wp.com\/legentlecat.fr\/shop\/wp-content\/uploads\/2020\/11\/portecles-guillemette.jpg?fit=500%2C500&ssl=1&resize=350%2C200","width":350,"height":200},"classes":[]},{"id":3300,"url":"https:\/\/legentlecat.fr\/shop\/index.php\/produit\/porte-cles-alberte-la-bengal\/","url_meta":{"origin":8835,"position":5},"title":"Porte-cl\u00e9s &#8211; Alberte la Bengal","author":"Jimmy RIOT","date":"9 novembre 2020","format":false,"excerpt":"Mais dis donc, ton trousseau de cl\u00e9s est \u00e9norme ! - Ouais je sais mais j'ai tellement aim\u00e9 la collection de porte-cl\u00e9s du GentleCat que je n'ai pas r\u00e9ussi \u00e0 me d\u00e9cider. Du coup j'ai pris les neuf mod\u00e8les... - Bon l'avantage au moins, c'est que tu risques pas de\u2026","rel":"","context":"Article similaire","block_context":{"text":"Article similaire","link":""},"img":{"alt_text":"","src":"https:\/\/i0.wp.com\/legentlecat.fr\/shop\/wp-content\/uploads\/2020\/11\/portecles-alberte.jpg?fit=500%2C500&ssl=1&resize=350%2C200","width":350,"height":200},"classes":[]}],"_links":{"self":[{"href":"https:\/\/legentlecat.fr\/shop\/index.php\/wp-json\/wp\/v2\/product\/8835","targetHints":{"allow":["GET"]}}],"collection":[{"href":"https:\/\/legentlecat.fr\/shop\/index.php\/wp-json\/wp\/v2\/product"}],"about":[{"href":"https:\/\/legentlecat.fr\/shop\/index.php\/wp-json\/wp\/v2\/types\/product"}],"wp:featuredmedia":[{"embeddable":true,"href":"https:\/\/legentlecat.fr\/shop\/index.php\/wp-json\/wp\/v2\/media\/8840"}],"wp:attachment":[{"href":"https:\/\/legentlecat.fr\/shop\/index.php\/wp-json\/wp\/v2\/media?parent=8835"}],"wp:term":[{"taxonomy":"product_brand","embeddable":true,"href":"https:\/\/legentlecat.fr\/shop\/index.php\/wp-json\/wp\/v2\/product_brand?post=8835"},{"taxonomy":"product_cat","embeddable":true,"href":"https:\/\/legentlecat.fr\/shop\/index.php\/wp-json\/wp\/v2\/product_cat?post=8835"},{"taxonomy":"product_tag","embeddable":true,"href":"https:\/\/legentlecat.fr\/shop\/index.php\/wp-json\/wp\/v2\/product_tag?post=8835"}],"curies":[{"name":"wp","href":"https:\/\/api.w.org\/{rel}","templated":true}]}}