{"id":8770,"date":"2023-11-18T20:39:13","date_gmt":"2023-11-18T19:39:13","guid":{"rendered":"https:\/\/legentlecat.fr\/shop\/?post_type=product&#038;p=8770"},"modified":"2025-12-04T12:58:41","modified_gmt":"2025-12-04T11:58:41","slug":"tote-bag-le-gentlecat","status":"publish","type":"product","link":"https:\/\/legentlecat.fr\/shop\/index.php\/produit\/tote-bag-le-gentlecat\/","title":{"rendered":"Tote Bag Le GentleCat"},"content":{"rendered":"<p style=\"text-align: justify;\">Pour le c\u00f4t\u00e9 technique, n&rsquo;importe lequel de ces trois mod\u00e8les est en coton 140g (assez \u00e9pais, on a pass\u00e9 le test des 5kg contenus avec succ\u00e8s). Au niveau des dimensions, le sac mesure 38cm sur 42 cm, de quoi ranger plusieurs documents A4, un PC, un petit chat, un classeur&#8230; Et on appr\u00e9ciera les longues anses pour glisser son sac sous le bras !<\/p>\n<p style=\"text-align: justify;\"><span style=\"color: #b5b5b5;\">NB : \u00e9videmment, aucun chat n&rsquo;est inclus dans le prix de votre tote bag et on ne saurait que vous d\u00e9conseiller d&rsquo;essayer d&#8217;embarquer un de nos r\u00e9sidents \ud83d\ude42<\/span><\/p>\n","protected":false},"excerpt":{"rendered":"<p style=\"text-align: justify;\">A la recherche d&rsquo;un sac discret pour embarquer un de nos chats en toute discr\u00e9tion lors de votre prochaine visite au GentleCat ? On a ce qu&rsquo;il vous faut, et mieux encore, on a m\u00eame le choix du mod\u00e8le, le tout <strong>aux couleurs de notre \u00e9tablissement : noir, jaune ou \u00e9cru<\/strong>.<\/p>\n<p style=\"text-align: justify;\"><strong>Un de nos rares \u00ab\u00a0produits d\u00e9riv\u00e9s\u00a0\u00bb \u00e0 exposer fi\u00e8rement partout<\/strong> et <strong>en toute circonstance<\/strong> pour vous d\u00e9marquer avec un accessoire mode \u00ab\u00a0de tr\u00e8s bon go\u00fbt\u00a0\u00bb&#8230; Pour les d\u00e9tails techniques, on vous invite \u00e0 regarder la description longue, juste en dessous !<\/p>\n","protected":false},"featured_media":8774,"template":"","meta":{"jetpack_post_was_ever_published":false,"jetpack_publicize_message":"","jetpack_publicize_feature_enabled":true,"jetpack_social_post_already_shared":true,"jetpack_social_options":{"image_generator_settings":{"template":"highway","default_image_id":0,"font":"","enabled":false},"version":2}},"product_brand":[],"product_cat":[36,52],"product_tag":[],"class_list":{"0":"post-8770","1":"product","2":"type-product","3":"status-publish","4":"has-post-thumbnail","6":"product_cat-fanshop","7":"product_cat-goodiescadeaux","9":"first","10":"instock","11":"taxable","12":"shipping-taxable","13":"purchasable","14":"product-type-variable"},"yoast_head":"<!-- This site is optimized with the Yoast SEO plugin v27.5 - https:\/\/yoast.com\/product\/yoast-seo-wordpress\/ -->\n<title>Tote Bag Le GentleCat - Le GentleCat - Teashop<\/title>\n<meta name=\"robots\" content=\"index, follow, max-snippet:-1, max-image-preview:large, max-video-preview:-1\" \/>\n<link rel=\"canonical\" href=\"https:\/\/legentlecat.fr\/shop\/index.php\/produit\/tote-bag-le-gentlecat\/\" \/>\n<meta property=\"og:locale\" content=\"fr_FR\" \/>\n<meta property=\"og:type\" content=\"article\" \/>\n<meta property=\"og:title\" content=\"Tote Bag Le GentleCat - Le GentleCat - Teashop\" \/>\n<meta property=\"og:description\" content=\"A la recherche d&#039;un sac discret pour embarquer un de nos chats en toute discr\u00e9tion lors de votre prochaine visite au GentleCat ? On a ce qu&#039;il vous faut, et mieux encore, on a m\u00eame le choix du mod\u00e8le, le tout aux couleurs de notre \u00e9tablissement : noir, jaune ou \u00e9cru. Un de nos rares &quot;produits d\u00e9riv\u00e9s&quot; \u00e0 exposer fi\u00e8rement partout et en toute circonstance pour vous d\u00e9marquer avec un accessoire mode &quot;de tr\u00e8s bon go\u00fbt&quot;... Pour les d\u00e9tails techniques, on vous invite \u00e0 regarder la description longue, juste en dessous !\" \/>\n<meta property=\"og:url\" content=\"https:\/\/legentlecat.fr\/shop\/index.php\/produit\/tote-bag-le-gentlecat\/\" \/>\n<meta property=\"og:site_name\" content=\"Le GentleCat - Teashop\" \/>\n<meta property=\"article:modified_time\" content=\"2025-12-04T11:58:41+00:00\" \/>\n<meta property=\"og:image\" content=\"https:\/\/legentlecat.fr\/shop\/wp-content\/uploads\/2023\/11\/ToteBagBlanc.jpg\" \/>\n\t<meta property=\"og:image:width\" content=\"750\" \/>\n\t<meta property=\"og:image:height\" content=\"800\" \/>\n\t<meta property=\"og:image:type\" content=\"image\/jpeg\" \/>\n<meta name=\"twitter:card\" content=\"summary_large_image\" \/>\n<script type=\"application\/ld+json\" class=\"yoast-schema-graph\">{\"@context\":\"https:\\\/\\\/schema.org\",\"@graph\":[{\"@type\":\"WebPage\",\"@id\":\"https:\\\/\\\/legentlecat.fr\\\/shop\\\/index.php\\\/produit\\\/tote-bag-le-gentlecat\\\/\",\"url\":\"https:\\\/\\\/legentlecat.fr\\\/shop\\\/index.php\\\/produit\\\/tote-bag-le-gentlecat\\\/\",\"name\":\"Tote Bag Le GentleCat - Le GentleCat - Teashop\",\"isPartOf\":{\"@id\":\"https:\\\/\\\/legentlecat.fr\\\/shop\\\/#website\"},\"primaryImageOfPage\":{\"@id\":\"https:\\\/\\\/legentlecat.fr\\\/shop\\\/index.php\\\/produit\\\/tote-bag-le-gentlecat\\\/#primaryimage\"},\"image\":{\"@id\":\"https:\\\/\\\/legentlecat.fr\\\/shop\\\/index.php\\\/produit\\\/tote-bag-le-gentlecat\\\/#primaryimage\"},\"thumbnailUrl\":\"https:\\\/\\\/i0.wp.com\\\/legentlecat.fr\\\/shop\\\/wp-content\\\/uploads\\\/2023\\\/11\\\/ToteBagBlanc.jpg?fit=750%2C800&ssl=1\",\"datePublished\":\"2023-11-18T19:39:13+00:00\",\"dateModified\":\"2025-12-04T11:58:41+00:00\",\"breadcrumb\":{\"@id\":\"https:\\\/\\\/legentlecat.fr\\\/shop\\\/index.php\\\/produit\\\/tote-bag-le-gentlecat\\\/#breadcrumb\"},\"inLanguage\":\"fr-FR\",\"potentialAction\":[{\"@type\":\"ReadAction\",\"target\":[\"https:\\\/\\\/legentlecat.fr\\\/shop\\\/index.php\\\/produit\\\/tote-bag-le-gentlecat\\\/\"]}]},{\"@type\":\"ImageObject\",\"inLanguage\":\"fr-FR\",\"@id\":\"https:\\\/\\\/legentlecat.fr\\\/shop\\\/index.php\\\/produit\\\/tote-bag-le-gentlecat\\\/#primaryimage\",\"url\":\"https:\\\/\\\/i0.wp.com\\\/legentlecat.fr\\\/shop\\\/wp-content\\\/uploads\\\/2023\\\/11\\\/ToteBagBlanc.jpg?fit=750%2C800&ssl=1\",\"contentUrl\":\"https:\\\/\\\/i0.wp.com\\\/legentlecat.fr\\\/shop\\\/wp-content\\\/uploads\\\/2023\\\/11\\\/ToteBagBlanc.jpg?fit=750%2C800&ssl=1\",\"width\":750,\"height\":800},{\"@type\":\"BreadcrumbList\",\"@id\":\"https:\\\/\\\/legentlecat.fr\\\/shop\\\/index.php\\\/produit\\\/tote-bag-le-gentlecat\\\/#breadcrumb\",\"itemListElement\":[{\"@type\":\"ListItem\",\"position\":1,\"name\":\"Accueil\",\"item\":\"https:\\\/\\\/legentlecat.fr\\\/shop\\\/\"},{\"@type\":\"ListItem\",\"position\":2,\"name\":\"Shop\",\"item\":\"https:\\\/\\\/legentlecat.fr\\\/shop\\\/index.php\\\/shop\\\/\"},{\"@type\":\"ListItem\",\"position\":3,\"name\":\"Tote Bag Le GentleCat\"}]},{\"@type\":\"WebSite\",\"@id\":\"https:\\\/\\\/legentlecat.fr\\\/shop\\\/#website\",\"url\":\"https:\\\/\\\/legentlecat.fr\\\/shop\\\/\",\"name\":\"Le GentleCat - Teashop\",\"description\":\"La boutique de th\u00e9 en ligne\",\"potentialAction\":[{\"@type\":\"SearchAction\",\"target\":{\"@type\":\"EntryPoint\",\"urlTemplate\":\"https:\\\/\\\/legentlecat.fr\\\/shop\\\/?s={search_term_string}\"},\"query-input\":{\"@type\":\"PropertyValueSpecification\",\"valueRequired\":true,\"valueName\":\"search_term_string\"}}],\"inLanguage\":\"fr-FR\"}]}<\/script>\n<!-- \/ Yoast SEO plugin. -->","yoast_head_json":{"title":"Tote Bag Le GentleCat - Le GentleCat - Teashop","robots":{"index":"index","follow":"follow","max-snippet":"max-snippet:-1","max-image-preview":"max-image-preview:large","max-video-preview":"max-video-preview:-1"},"canonical":"https:\/\/legentlecat.fr\/shop\/index.php\/produit\/tote-bag-le-gentlecat\/","og_locale":"fr_FR","og_type":"article","og_title":"Tote Bag Le GentleCat - Le GentleCat - Teashop","og_description":"A la recherche d'un sac discret pour embarquer un de nos chats en toute discr\u00e9tion lors de votre prochaine visite au GentleCat ? On a ce qu'il vous faut, et mieux encore, on a m\u00eame le choix du mod\u00e8le, le tout aux couleurs de notre \u00e9tablissement : noir, jaune ou \u00e9cru. Un de nos rares \"produits d\u00e9riv\u00e9s\" \u00e0 exposer fi\u00e8rement partout et en toute circonstance pour vous d\u00e9marquer avec un accessoire mode \"de tr\u00e8s bon go\u00fbt\"... Pour les d\u00e9tails techniques, on vous invite \u00e0 regarder la description longue, juste en dessous !","og_url":"https:\/\/legentlecat.fr\/shop\/index.php\/produit\/tote-bag-le-gentlecat\/","og_site_name":"Le GentleCat - Teashop","article_modified_time":"2025-12-04T11:58:41+00:00","og_image":[{"width":750,"height":800,"url":"https:\/\/legentlecat.fr\/shop\/wp-content\/uploads\/2023\/11\/ToteBagBlanc.jpg","type":"image\/jpeg"}],"twitter_card":"summary_large_image","schema":{"@context":"https:\/\/schema.org","@graph":[{"@type":"WebPage","@id":"https:\/\/legentlecat.fr\/shop\/index.php\/produit\/tote-bag-le-gentlecat\/","url":"https:\/\/legentlecat.fr\/shop\/index.php\/produit\/tote-bag-le-gentlecat\/","name":"Tote Bag Le GentleCat - Le GentleCat - Teashop","isPartOf":{"@id":"https:\/\/legentlecat.fr\/shop\/#website"},"primaryImageOfPage":{"@id":"https:\/\/legentlecat.fr\/shop\/index.php\/produit\/tote-bag-le-gentlecat\/#primaryimage"},"image":{"@id":"https:\/\/legentlecat.fr\/shop\/index.php\/produit\/tote-bag-le-gentlecat\/#primaryimage"},"thumbnailUrl":"https:\/\/i0.wp.com\/legentlecat.fr\/shop\/wp-content\/uploads\/2023\/11\/ToteBagBlanc.jpg?fit=750%2C800&ssl=1","datePublished":"2023-11-18T19:39:13+00:00","dateModified":"2025-12-04T11:58:41+00:00","breadcrumb":{"@id":"https:\/\/legentlecat.fr\/shop\/index.php\/produit\/tote-bag-le-gentlecat\/#breadcrumb"},"inLanguage":"fr-FR","potentialAction":[{"@type":"ReadAction","target":["https:\/\/legentlecat.fr\/shop\/index.php\/produit\/tote-bag-le-gentlecat\/"]}]},{"@type":"ImageObject","inLanguage":"fr-FR","@id":"https:\/\/legentlecat.fr\/shop\/index.php\/produit\/tote-bag-le-gentlecat\/#primaryimage","url":"https:\/\/i0.wp.com\/legentlecat.fr\/shop\/wp-content\/uploads\/2023\/11\/ToteBagBlanc.jpg?fit=750%2C800&ssl=1","contentUrl":"https:\/\/i0.wp.com\/legentlecat.fr\/shop\/wp-content\/uploads\/2023\/11\/ToteBagBlanc.jpg?fit=750%2C800&ssl=1","width":750,"height":800},{"@type":"BreadcrumbList","@id":"https:\/\/legentlecat.fr\/shop\/index.php\/produit\/tote-bag-le-gentlecat\/#breadcrumb","itemListElement":[{"@type":"ListItem","position":1,"name":"Accueil","item":"https:\/\/legentlecat.fr\/shop\/"},{"@type":"ListItem","position":2,"name":"Shop","item":"https:\/\/legentlecat.fr\/shop\/index.php\/shop\/"},{"@type":"ListItem","position":3,"name":"Tote Bag Le GentleCat"}]},{"@type":"WebSite","@id":"https:\/\/legentlecat.fr\/shop\/#website","url":"https:\/\/legentlecat.fr\/shop\/","name":"Le GentleCat - Teashop","description":"La boutique de th\u00e9 en ligne","potentialAction":[{"@type":"SearchAction","target":{"@type":"EntryPoint","urlTemplate":"https:\/\/legentlecat.fr\/shop\/?s={search_term_string}"},"query-input":{"@type":"PropertyValueSpecification","valueRequired":true,"valueName":"search_term_string"}}],"inLanguage":"fr-FR"}]}},"jetpack_publicize_connections":[],"jetpack_sharing_enabled":true,"jetpack-related-posts":[{"id":3147,"url":"https:\/\/legentlecat.fr\/shop\/index.php\/produit\/magnet-edgar\/","url_meta":{"origin":8770,"position":0},"title":"Magnet &#8211; Karl le Chat de Goutti\u00e8re","author":"Jimmy RIOT","date":"3 novembre 2020","format":false,"excerpt":"Oh ouha mais qu'est-ce que c'est que ce magnet ? Il est super canon ! - Oui, je sais, je l'ai achet\u00e9 au GentleCat. Ils ont fait un magnet par chat et comme Karl c'est mon pr\u00e9f\u00e9r\u00e9, j'ai pris celui-ci... En plus cette finition satin\u00e9e, c'est vraiment tr\u00e8s beau. Vous\u2026","rel":"","context":"Article similaire","block_context":{"text":"Article similaire","link":""},"img":{"alt_text":"","src":"https:\/\/i0.wp.com\/legentlecat.fr\/shop\/wp-content\/uploads\/2020\/11\/magnet-karl.jpg?fit=750%2C800&ssl=1&resize=350%2C200","width":350,"height":200,"srcset":"https:\/\/i0.wp.com\/legentlecat.fr\/shop\/wp-content\/uploads\/2020\/11\/magnet-karl.jpg?fit=750%2C800&ssl=1&resize=350%2C200 1x, https:\/\/i0.wp.com\/legentlecat.fr\/shop\/wp-content\/uploads\/2020\/11\/magnet-karl.jpg?fit=750%2C800&ssl=1&resize=525%2C300 1.5x, https:\/\/i0.wp.com\/legentlecat.fr\/shop\/wp-content\/uploads\/2020\/11\/magnet-karl.jpg?fit=750%2C800&ssl=1&resize=700%2C400 2x"},"classes":[]},{"id":710,"url":"https:\/\/legentlecat.fr\/shop\/index.php\/produit\/pina-colada\/","url_meta":{"origin":8770,"position":1},"title":"Pina Colada","author":"Jimmy RIOT","date":"13 mars 2017","format":false,"excerpt":"Sac herm\u00e9tique de 100 g\u00a0-\u00a0La saveur d'ananas prend ici toute son ampleur et elle se voit souligner par l'ar\u00f4me doux et sucr\u00e9 des chips de noix de coco. On retrouve \u00e0 s'y m\u00e9prendre le parfum du traditionnel cocktail Pi\u00f1a Colada, le rhum en moins bien s\u00fbr. Ce rooibos est tr\u00e8s\u2026","rel":"","context":"Article similaire","block_context":{"text":"Article similaire","link":""},"img":{"alt_text":"","src":"https:\/\/i0.wp.com\/legentlecat.fr\/shop\/wp-content\/uploads\/2017\/03\/pinacolada.png?fit=960%2C1200&ssl=1&resize=350%2C200","width":350,"height":200,"srcset":"https:\/\/i0.wp.com\/legentlecat.fr\/shop\/wp-content\/uploads\/2017\/03\/pinacolada.png?fit=960%2C1200&ssl=1&resize=350%2C200 1x, https:\/\/i0.wp.com\/legentlecat.fr\/shop\/wp-content\/uploads\/2017\/03\/pinacolada.png?fit=960%2C1200&ssl=1&resize=525%2C300 1.5x, https:\/\/i0.wp.com\/legentlecat.fr\/shop\/wp-content\/uploads\/2017\/03\/pinacolada.png?fit=960%2C1200&ssl=1&resize=700%2C400 2x"},"classes":[]},{"id":3129,"url":"https:\/\/legentlecat.fr\/shop\/index.php\/produit\/magnet-jeanne-la-persane\/","url_meta":{"origin":8770,"position":2},"title":"Magnet &#8211; Jeanne la Persane","author":"Jimmy RIOT","date":"3 novembre 2020","format":false,"excerpt":"Oh ouha mais qu'est-ce que c'est que ce magnet ? Il est super canon ! - Oui, je sais, je l'ai achet\u00e9 au GentleCat. Ils ont fait un magnet par chat et comme Jeanne c'est ma pr\u00e9f\u00e9r\u00e9e, j'ai pris celui-ci... En plus cette finition satin\u00e9e, c'est vraiment tr\u00e8s beau. Vous\u2026","rel":"","context":"Article similaire","block_context":{"text":"Article similaire","link":""},"img":{"alt_text":"","src":"https:\/\/i0.wp.com\/legentlecat.fr\/shop\/wp-content\/uploads\/2020\/11\/magnet-jeanne.jpg?fit=750%2C800&ssl=1&resize=350%2C200","width":350,"height":200,"srcset":"https:\/\/i0.wp.com\/legentlecat.fr\/shop\/wp-content\/uploads\/2020\/11\/magnet-jeanne.jpg?fit=750%2C800&ssl=1&resize=350%2C200 1x, https:\/\/i0.wp.com\/legentlecat.fr\/shop\/wp-content\/uploads\/2020\/11\/magnet-jeanne.jpg?fit=750%2C800&ssl=1&resize=525%2C300 1.5x, https:\/\/i0.wp.com\/legentlecat.fr\/shop\/wp-content\/uploads\/2020\/11\/magnet-jeanne.jpg?fit=750%2C800&ssl=1&resize=700%2C400 2x"},"classes":[]},{"id":3141,"url":"https:\/\/legentlecat.fr\/shop\/index.php\/produit\/magnet-nicole\/","url_meta":{"origin":8770,"position":3},"title":"Magnet &#8211; Nicole l&rsquo;Exotic","author":"Jimmy RIOT","date":"3 novembre 2020","format":false,"excerpt":"Oh ouha mais qu'est-ce que c'est que ce magnet ? Il est super canon ! - Oui, je sais, je l'ai achet\u00e9 au GentleCat. Ils ont fait un magnet par chat et comme Nicole c'est ma pr\u00e9f\u00e9r\u00e9e, j'ai pris celui-ci... En plus cette finition satin\u00e9e, c'est vraiment tr\u00e8s beau. Vous\u2026","rel":"","context":"Article similaire","block_context":{"text":"Article similaire","link":""},"img":{"alt_text":"","src":"https:\/\/i0.wp.com\/legentlecat.fr\/shop\/wp-content\/uploads\/2020\/11\/magnet-nicole.jpg?fit=750%2C800&ssl=1&resize=350%2C200","width":350,"height":200,"srcset":"https:\/\/i0.wp.com\/legentlecat.fr\/shop\/wp-content\/uploads\/2020\/11\/magnet-nicole.jpg?fit=750%2C800&ssl=1&resize=350%2C200 1x, https:\/\/i0.wp.com\/legentlecat.fr\/shop\/wp-content\/uploads\/2020\/11\/magnet-nicole.jpg?fit=750%2C800&ssl=1&resize=525%2C300 1.5x, https:\/\/i0.wp.com\/legentlecat.fr\/shop\/wp-content\/uploads\/2020\/11\/magnet-nicole.jpg?fit=750%2C800&ssl=1&resize=700%2C400 2x"},"classes":[]},{"id":3142,"url":"https:\/\/legentlecat.fr\/shop\/index.php\/produit\/magnet-louise\/","url_meta":{"origin":8770,"position":4},"title":"Magnet &#8211; Louise la chartreuse","author":"Jimmy RIOT","date":"3 novembre 2020","format":false,"excerpt":"Oh ouha mais qu'est-ce que c'est que ce magnet ? Il est super canon ! - Oui, je sais, je l'ai achet\u00e9 au GentleCat. Ils ont fait un magnet par chat et comme Louise c'est ma pr\u00e9f\u00e9r\u00e9e, j'ai pris celui-ci... En plus cette finition satin\u00e9e, c'est vraiment tr\u00e8s beau. Vous\u2026","rel":"","context":"Article similaire","block_context":{"text":"Article similaire","link":""},"img":{"alt_text":"","src":"https:\/\/i0.wp.com\/legentlecat.fr\/shop\/wp-content\/uploads\/2020\/11\/magnet-loulou.jpg?fit=750%2C800&ssl=1&resize=350%2C200","width":350,"height":200,"srcset":"https:\/\/i0.wp.com\/legentlecat.fr\/shop\/wp-content\/uploads\/2020\/11\/magnet-loulou.jpg?fit=750%2C800&ssl=1&resize=350%2C200 1x, https:\/\/i0.wp.com\/legentlecat.fr\/shop\/wp-content\/uploads\/2020\/11\/magnet-loulou.jpg?fit=750%2C800&ssl=1&resize=525%2C300 1.5x, https:\/\/i0.wp.com\/legentlecat.fr\/shop\/wp-content\/uploads\/2020\/11\/magnet-loulou.jpg?fit=750%2C800&ssl=1&resize=700%2C400 2x"},"classes":[]},{"id":3143,"url":"https:\/\/legentlecat.fr\/shop\/index.php\/produit\/magnet-alberte\/","url_meta":{"origin":8770,"position":5},"title":"Magnet &#8211; Alberte la bengale","author":"Jimmy RIOT","date":"3 novembre 2020","format":false,"excerpt":"Oh ouha mais qu'est-ce que c'est que ce magnet ? Il est super canon ! - Oui, je sais, je l'ai achet\u00e9 au GentleCat. Ils ont fait un magnet par chat et comme Alberte c'est ma pr\u00e9f\u00e9r\u00e9e, j'ai pris celui-ci... En plus cette finition satin\u00e9e, c'est vraiment tr\u00e8s beau. Vous\u2026","rel":"","context":"Article similaire","block_context":{"text":"Article similaire","link":""},"img":{"alt_text":"","src":"https:\/\/i0.wp.com\/legentlecat.fr\/shop\/wp-content\/uploads\/2020\/11\/magnet-Alberte.jpg?fit=750%2C800&ssl=1&resize=350%2C200","width":350,"height":200,"srcset":"https:\/\/i0.wp.com\/legentlecat.fr\/shop\/wp-content\/uploads\/2020\/11\/magnet-Alberte.jpg?fit=750%2C800&ssl=1&resize=350%2C200 1x, https:\/\/i0.wp.com\/legentlecat.fr\/shop\/wp-content\/uploads\/2020\/11\/magnet-Alberte.jpg?fit=750%2C800&ssl=1&resize=525%2C300 1.5x, https:\/\/i0.wp.com\/legentlecat.fr\/shop\/wp-content\/uploads\/2020\/11\/magnet-Alberte.jpg?fit=750%2C800&ssl=1&resize=700%2C400 2x"},"classes":[]}],"_links":{"self":[{"href":"https:\/\/legentlecat.fr\/shop\/index.php\/wp-json\/wp\/v2\/product\/8770","targetHints":{"allow":["GET"]}}],"collection":[{"href":"https:\/\/legentlecat.fr\/shop\/index.php\/wp-json\/wp\/v2\/product"}],"about":[{"href":"https:\/\/legentlecat.fr\/shop\/index.php\/wp-json\/wp\/v2\/types\/product"}],"wp:featuredmedia":[{"embeddable":true,"href":"https:\/\/legentlecat.fr\/shop\/index.php\/wp-json\/wp\/v2\/media\/8774"}],"wp:attachment":[{"href":"https:\/\/legentlecat.fr\/shop\/index.php\/wp-json\/wp\/v2\/media?parent=8770"}],"wp:term":[{"taxonomy":"product_brand","embeddable":true,"href":"https:\/\/legentlecat.fr\/shop\/index.php\/wp-json\/wp\/v2\/product_brand?post=8770"},{"taxonomy":"product_cat","embeddable":true,"href":"https:\/\/legentlecat.fr\/shop\/index.php\/wp-json\/wp\/v2\/product_cat?post=8770"},{"taxonomy":"product_tag","embeddable":true,"href":"https:\/\/legentlecat.fr\/shop\/index.php\/wp-json\/wp\/v2\/product_tag?post=8770"}],"curies":[{"name":"wp","href":"https:\/\/api.w.org\/{rel}","templated":true}]}}