{"id":816,"date":"2017-03-19T18:50:16","date_gmt":"2017-03-19T17:50:16","guid":{"rendered":"http:\/\/legentlecat.fr\/comptoir-a-thes\/produit\/from-metz-with-love\/"},"modified":"2022-12-02T13:59:59","modified_gmt":"2022-12-02T12:59:59","slug":"from-metz-with-love","status":"publish","type":"product","link":"https:\/\/legentlecat.fr\/shop\/index.php\/produit\/from-metz-with-love\/","title":{"rendered":"From Metz with Love"},"content":{"rendered":"","protected":false},"excerpt":{"rendered":"<p style=\"text-align: justify;\"><img loading=\"lazy\" decoding=\"async\" class=\"size-full wp-image-2199 aligncenter\" src=\"http:\/\/legentlecat.fr\/shop\/wp-content\/uploads\/2017\/03\/white-earl-grey.jpg\" alt=\"\" width=\"250\" height=\"77\" \/><\/p>\n<p style=\"text-align: justify;\"><strong>Sac herm\u00e9tique de 100 g\u00a0&#8211;\u00a0<\/strong>Cette recette \u00e0 base de th\u00e9 vert est un hommage \u00e0 la ville de Metz et \u00e0 sa sp\u00e9cialit\u00e9 : la mirabelle. La saveur fruit\u00e9e de cette prune d\u00e9licate est rehauss\u00e9e par quelques notes fleuries tr\u00e8s discr\u00e8tes qui ne sont l\u00e0 que pour mettre en valeur la mirabelle.<\/p>\n<p style=\"text-align: justify;\"><strong>Saveur :<\/strong> fruit\u00e9e<\/p>\n<p style=\"text-align: justify;\"><strong>Composition :<\/strong>\u00a0th\u00e9 vert de chine sencha, mirabelle, p\u00e9tales de roses, fleurs de carthame<\/p>\n","protected":false},"featured_media":2304,"template":"","meta":{"jetpack_post_was_ever_published":false,"jetpack_publicize_message":"","jetpack_publicize_feature_enabled":true,"jetpack_social_post_already_shared":false,"jetpack_social_options":{"image_generator_settings":{"template":"highway","default_image_id":0,"font":"","enabled":false},"version":2}},"product_brand":[],"product_cat":[79,50],"product_tag":[108,177,127,100,98],"class_list":{"0":"post-816","1":"product","2":"type-product","3":"status-publish","4":"has-post-thumbnail","6":"product_cat-fruitee","7":"product_cat-the-vert","8":"product_tag-fleurs-de-carthame","9":"product_tag-mirabelle","10":"product_tag-rose","11":"product_tag-saveur-fruitee","12":"product_tag-the-vert","14":"first","15":"instock","16":"taxable","17":"shipping-taxable","18":"purchasable","19":"product-type-simple"},"yoast_head":"<!-- This site is optimized with the Yoast SEO plugin v27.4 - https:\/\/yoast.com\/product\/yoast-seo-wordpress\/ -->\n<title>From Metz with Love - Le GentleCat - Teashop<\/title>\n<meta name=\"robots\" content=\"index, follow, max-snippet:-1, max-image-preview:large, max-video-preview:-1\" \/>\n<link rel=\"canonical\" href=\"https:\/\/legentlecat.fr\/shop\/index.php\/produit\/from-metz-with-love\/\" \/>\n<meta property=\"og:locale\" content=\"fr_FR\" \/>\n<meta property=\"og:type\" content=\"article\" \/>\n<meta property=\"og:title\" content=\"From Metz with Love - Le GentleCat - Teashop\" \/>\n<meta property=\"og:description\" content=\"Sac herm\u00e9tique de 100 g\u00a0-\u00a0Cette recette \u00e0 base de th\u00e9 vert est un hommage \u00e0 la ville de Metz et \u00e0 sa sp\u00e9cialit\u00e9 : la mirabelle. La saveur fruit\u00e9e de cette prune d\u00e9licate est rehauss\u00e9e par quelques notes fleuries tr\u00e8s discr\u00e8tes qui ne sont l\u00e0 que pour mettre en valeur la mirabelle. Saveur : fruit\u00e9e Composition :\u00a0th\u00e9 vert de chine sencha, mirabelle, p\u00e9tales de roses, fleurs de carthame\" \/>\n<meta property=\"og:url\" content=\"https:\/\/legentlecat.fr\/shop\/index.php\/produit\/from-metz-with-love\/\" \/>\n<meta property=\"og:site_name\" content=\"Le GentleCat - Teashop\" \/>\n<meta property=\"article:modified_time\" content=\"2022-12-02T12:59:59+00:00\" \/>\n<meta property=\"og:image\" content=\"https:\/\/legentlecat.fr\/shop\/wp-content\/uploads\/2017\/03\/metz-love-819x1024.png\" \/>\n\t<meta property=\"og:image:width\" content=\"819\" \/>\n\t<meta property=\"og:image:height\" content=\"1024\" \/>\n\t<meta property=\"og:image:type\" content=\"image\/png\" \/>\n<meta name=\"twitter:card\" content=\"summary_large_image\" \/>\n<script type=\"application\/ld+json\" class=\"yoast-schema-graph\">{\"@context\":\"https:\\\/\\\/schema.org\",\"@graph\":[{\"@type\":\"WebPage\",\"@id\":\"https:\\\/\\\/legentlecat.fr\\\/shop\\\/index.php\\\/produit\\\/from-metz-with-love\\\/\",\"url\":\"https:\\\/\\\/legentlecat.fr\\\/shop\\\/index.php\\\/produit\\\/from-metz-with-love\\\/\",\"name\":\"From Metz with Love - Le GentleCat - Teashop\",\"isPartOf\":{\"@id\":\"https:\\\/\\\/legentlecat.fr\\\/shop\\\/#website\"},\"primaryImageOfPage\":{\"@id\":\"https:\\\/\\\/legentlecat.fr\\\/shop\\\/index.php\\\/produit\\\/from-metz-with-love\\\/#primaryimage\"},\"image\":{\"@id\":\"https:\\\/\\\/legentlecat.fr\\\/shop\\\/index.php\\\/produit\\\/from-metz-with-love\\\/#primaryimage\"},\"thumbnailUrl\":\"https:\\\/\\\/i0.wp.com\\\/legentlecat.fr\\\/shop\\\/wp-content\\\/uploads\\\/2017\\\/03\\\/metz-love.png?fit=1500%2C1875&ssl=1\",\"datePublished\":\"2017-03-19T17:50:16+00:00\",\"dateModified\":\"2022-12-02T12:59:59+00:00\",\"breadcrumb\":{\"@id\":\"https:\\\/\\\/legentlecat.fr\\\/shop\\\/index.php\\\/produit\\\/from-metz-with-love\\\/#breadcrumb\"},\"inLanguage\":\"fr-FR\",\"potentialAction\":[{\"@type\":\"ReadAction\",\"target\":[\"https:\\\/\\\/legentlecat.fr\\\/shop\\\/index.php\\\/produit\\\/from-metz-with-love\\\/\"]}]},{\"@type\":\"ImageObject\",\"inLanguage\":\"fr-FR\",\"@id\":\"https:\\\/\\\/legentlecat.fr\\\/shop\\\/index.php\\\/produit\\\/from-metz-with-love\\\/#primaryimage\",\"url\":\"https:\\\/\\\/i0.wp.com\\\/legentlecat.fr\\\/shop\\\/wp-content\\\/uploads\\\/2017\\\/03\\\/metz-love.png?fit=1500%2C1875&ssl=1\",\"contentUrl\":\"https:\\\/\\\/i0.wp.com\\\/legentlecat.fr\\\/shop\\\/wp-content\\\/uploads\\\/2017\\\/03\\\/metz-love.png?fit=1500%2C1875&ssl=1\",\"width\":1500,\"height\":1875},{\"@type\":\"BreadcrumbList\",\"@id\":\"https:\\\/\\\/legentlecat.fr\\\/shop\\\/index.php\\\/produit\\\/from-metz-with-love\\\/#breadcrumb\",\"itemListElement\":[{\"@type\":\"ListItem\",\"position\":1,\"name\":\"Accueil\",\"item\":\"https:\\\/\\\/legentlecat.fr\\\/shop\\\/\"},{\"@type\":\"ListItem\",\"position\":2,\"name\":\"Shop\",\"item\":\"https:\\\/\\\/legentlecat.fr\\\/shop\\\/index.php\\\/shop\\\/\"},{\"@type\":\"ListItem\",\"position\":3,\"name\":\"From Metz with Love\"}]},{\"@type\":\"WebSite\",\"@id\":\"https:\\\/\\\/legentlecat.fr\\\/shop\\\/#website\",\"url\":\"https:\\\/\\\/legentlecat.fr\\\/shop\\\/\",\"name\":\"Le GentleCat - Teashop\",\"description\":\"La boutique de th\u00e9 en ligne\",\"potentialAction\":[{\"@type\":\"SearchAction\",\"target\":{\"@type\":\"EntryPoint\",\"urlTemplate\":\"https:\\\/\\\/legentlecat.fr\\\/shop\\\/?s={search_term_string}\"},\"query-input\":{\"@type\":\"PropertyValueSpecification\",\"valueRequired\":true,\"valueName\":\"search_term_string\"}}],\"inLanguage\":\"fr-FR\"}]}<\/script>\n<!-- \/ Yoast SEO plugin. -->","yoast_head_json":{"title":"From Metz with Love - Le GentleCat - Teashop","robots":{"index":"index","follow":"follow","max-snippet":"max-snippet:-1","max-image-preview":"max-image-preview:large","max-video-preview":"max-video-preview:-1"},"canonical":"https:\/\/legentlecat.fr\/shop\/index.php\/produit\/from-metz-with-love\/","og_locale":"fr_FR","og_type":"article","og_title":"From Metz with Love - Le GentleCat - Teashop","og_description":"Sac herm\u00e9tique de 100 g\u00a0-\u00a0Cette recette \u00e0 base de th\u00e9 vert est un hommage \u00e0 la ville de Metz et \u00e0 sa sp\u00e9cialit\u00e9 : la mirabelle. La saveur fruit\u00e9e de cette prune d\u00e9licate est rehauss\u00e9e par quelques notes fleuries tr\u00e8s discr\u00e8tes qui ne sont l\u00e0 que pour mettre en valeur la mirabelle. Saveur : fruit\u00e9e Composition :\u00a0th\u00e9 vert de chine sencha, mirabelle, p\u00e9tales de roses, fleurs de carthame","og_url":"https:\/\/legentlecat.fr\/shop\/index.php\/produit\/from-metz-with-love\/","og_site_name":"Le GentleCat - Teashop","article_modified_time":"2022-12-02T12:59:59+00:00","og_image":[{"width":819,"height":1024,"url":"https:\/\/legentlecat.fr\/shop\/wp-content\/uploads\/2017\/03\/metz-love-819x1024.png","type":"image\/png"}],"twitter_card":"summary_large_image","schema":{"@context":"https:\/\/schema.org","@graph":[{"@type":"WebPage","@id":"https:\/\/legentlecat.fr\/shop\/index.php\/produit\/from-metz-with-love\/","url":"https:\/\/legentlecat.fr\/shop\/index.php\/produit\/from-metz-with-love\/","name":"From Metz with Love - Le GentleCat - Teashop","isPartOf":{"@id":"https:\/\/legentlecat.fr\/shop\/#website"},"primaryImageOfPage":{"@id":"https:\/\/legentlecat.fr\/shop\/index.php\/produit\/from-metz-with-love\/#primaryimage"},"image":{"@id":"https:\/\/legentlecat.fr\/shop\/index.php\/produit\/from-metz-with-love\/#primaryimage"},"thumbnailUrl":"https:\/\/i0.wp.com\/legentlecat.fr\/shop\/wp-content\/uploads\/2017\/03\/metz-love.png?fit=1500%2C1875&ssl=1","datePublished":"2017-03-19T17:50:16+00:00","dateModified":"2022-12-02T12:59:59+00:00","breadcrumb":{"@id":"https:\/\/legentlecat.fr\/shop\/index.php\/produit\/from-metz-with-love\/#breadcrumb"},"inLanguage":"fr-FR","potentialAction":[{"@type":"ReadAction","target":["https:\/\/legentlecat.fr\/shop\/index.php\/produit\/from-metz-with-love\/"]}]},{"@type":"ImageObject","inLanguage":"fr-FR","@id":"https:\/\/legentlecat.fr\/shop\/index.php\/produit\/from-metz-with-love\/#primaryimage","url":"https:\/\/i0.wp.com\/legentlecat.fr\/shop\/wp-content\/uploads\/2017\/03\/metz-love.png?fit=1500%2C1875&ssl=1","contentUrl":"https:\/\/i0.wp.com\/legentlecat.fr\/shop\/wp-content\/uploads\/2017\/03\/metz-love.png?fit=1500%2C1875&ssl=1","width":1500,"height":1875},{"@type":"BreadcrumbList","@id":"https:\/\/legentlecat.fr\/shop\/index.php\/produit\/from-metz-with-love\/#breadcrumb","itemListElement":[{"@type":"ListItem","position":1,"name":"Accueil","item":"https:\/\/legentlecat.fr\/shop\/"},{"@type":"ListItem","position":2,"name":"Shop","item":"https:\/\/legentlecat.fr\/shop\/index.php\/shop\/"},{"@type":"ListItem","position":3,"name":"From Metz with Love"}]},{"@type":"WebSite","@id":"https:\/\/legentlecat.fr\/shop\/#website","url":"https:\/\/legentlecat.fr\/shop\/","name":"Le GentleCat - Teashop","description":"La boutique de th\u00e9 en ligne","potentialAction":[{"@type":"SearchAction","target":{"@type":"EntryPoint","urlTemplate":"https:\/\/legentlecat.fr\/shop\/?s={search_term_string}"},"query-input":{"@type":"PropertyValueSpecification","valueRequired":true,"valueName":"search_term_string"}}],"inLanguage":"fr-FR"}]}},"jetpack_publicize_connections":[],"jetpack_sharing_enabled":true,"jetpack-related-posts":[{"id":457,"url":"https:\/\/legentlecat.fr\/shop\/index.php\/produit\/metz-la-douce\/","url_meta":{"origin":816,"position":0},"title":"Metz la douce","author":"Jimmy RIOT","date":"13 mars 2017","format":false,"excerpt":"Sac herm\u00e9tique de 100 g\u00a0-\u00a0Cette infusion est un hommage \u00e0 la mirabelle et \u00e0 la ville de Metz. Riche en fruits confits, cette recette a \u00e9t\u00e9 mise au point pour permettre \u00e0 la mirabelle d'embaumer toute cette tasse finement fruit\u00e9e. Saveur : fruit\u00e9e Composition :\u00a0morceaux de pomme, de poire, d'ananas\u2026","rel":"","context":"Article similaire","block_context":{"text":"Article similaire","link":""},"img":{"alt_text":"","src":"https:\/\/i0.wp.com\/legentlecat.fr\/shop\/wp-content\/uploads\/2017\/03\/metz-douce.png?fit=960%2C1200&ssl=1&resize=350%2C200","width":350,"height":200,"srcset":"https:\/\/i0.wp.com\/legentlecat.fr\/shop\/wp-content\/uploads\/2017\/03\/metz-douce.png?fit=960%2C1200&ssl=1&resize=350%2C200 1x, https:\/\/i0.wp.com\/legentlecat.fr\/shop\/wp-content\/uploads\/2017\/03\/metz-douce.png?fit=960%2C1200&ssl=1&resize=525%2C300 1.5x, https:\/\/i0.wp.com\/legentlecat.fr\/shop\/wp-content\/uploads\/2017\/03\/metz-douce.png?fit=960%2C1200&ssl=1&resize=700%2C400 2x"},"classes":[]},{"id":753,"url":"https:\/\/legentlecat.fr\/shop\/index.php\/produit\/douceur-de-graoully\/","url_meta":{"origin":816,"position":1},"title":"Douceur de Graoully","author":"Jimmy RIOT","date":"19 mars 2017","format":false,"excerpt":"Sac herm\u00e9tique de 100 g\u00a0-\u00a0Cette recette \u00e0 base de roo\u00efbos a \u00e9t\u00e9 int\u00e9gr\u00e9e \u00e0 nos cr\u00e9ations \u00e0 l'occasion de l'ouverture de notre boutique de th\u00e9 \u00e0 Metz. Elle propose un m\u00e9lange \u00e9quilibr\u00e9 entre la saveur acidul\u00e9e de la fraise et la douceur sucr\u00e9e de la mirabelle. Ce rooibos peut \u00eatre\u2026","rel":"","context":"Article similaire","block_context":{"text":"Article similaire","link":""},"img":{"alt_text":"","src":"https:\/\/i0.wp.com\/legentlecat.fr\/shop\/wp-content\/uploads\/2017\/03\/graoully.png?fit=960%2C1200&ssl=1&resize=350%2C200","width":350,"height":200,"srcset":"https:\/\/i0.wp.com\/legentlecat.fr\/shop\/wp-content\/uploads\/2017\/03\/graoully.png?fit=960%2C1200&ssl=1&resize=350%2C200 1x, https:\/\/i0.wp.com\/legentlecat.fr\/shop\/wp-content\/uploads\/2017\/03\/graoully.png?fit=960%2C1200&ssl=1&resize=525%2C300 1.5x, https:\/\/i0.wp.com\/legentlecat.fr\/shop\/wp-content\/uploads\/2017\/03\/graoully.png?fit=960%2C1200&ssl=1&resize=700%2C400 2x"},"classes":[]},{"id":879,"url":"https:\/\/legentlecat.fr\/shop\/index.php\/produit\/exotic-melon\/","url_meta":{"origin":816,"position":2},"title":"Exotic Melon","author":"Jimmy RIOT","date":"19 mars 2017","format":false,"excerpt":"Sac herm\u00e9tique de 100 g\u00a0-\u00a0Cette recette \u00e0 base de th\u00e9 vert r\u00e9v\u00e8le une saveur particuli\u00e8rement douce et fruit\u00e9e dans une tasse claire avec quelques notes sucr\u00e9es du fait des fruits confits. Le melon et l'ananas y trouvent un bel \u00e9quilibre. Ce th\u00e9 se d\u00e9guste aussi bien chaud que froid. Saveur\u2026","rel":"","context":"Article similaire","block_context":{"text":"Article similaire","link":""},"img":{"alt_text":"","src":"https:\/\/i0.wp.com\/legentlecat.fr\/shop\/wp-content\/uploads\/2017\/03\/melon.png?fit=960%2C1200&ssl=1&resize=350%2C200","width":350,"height":200,"srcset":"https:\/\/i0.wp.com\/legentlecat.fr\/shop\/wp-content\/uploads\/2017\/03\/melon.png?fit=960%2C1200&ssl=1&resize=350%2C200 1x, https:\/\/i0.wp.com\/legentlecat.fr\/shop\/wp-content\/uploads\/2017\/03\/melon.png?fit=960%2C1200&ssl=1&resize=525%2C300 1.5x, https:\/\/i0.wp.com\/legentlecat.fr\/shop\/wp-content\/uploads\/2017\/03\/melon.png?fit=960%2C1200&ssl=1&resize=700%2C400 2x"},"classes":[]},{"id":1363,"url":"https:\/\/legentlecat.fr\/shop\/index.php\/produit\/russian-lime-earl-grey\/","url_meta":{"origin":816,"position":3},"title":"Russian Lime Earl Grey","author":"Jimmy RIOT","date":"19 mars 2017","format":false,"excerpt":"Sac herm\u00e9tique de 100 g\u00a0-\u00a0Ce th\u00e9 russe est sans conteste le plus acidul\u00e9 de notre gamme. Sa limette lui conf\u00e8re une saveur extr\u00eamement fruit\u00e9e. Les notes de bergamote en font un discret earl grey mais permettent surtout de ma\u00eetriser parfaitement l'acidit\u00e9 du citron vert en y apportant beaucoup de douceur.\u2026","rel":"","context":"Article similaire","block_context":{"text":"Article similaire","link":""},"img":{"alt_text":"","src":"https:\/\/i0.wp.com\/legentlecat.fr\/shop\/wp-content\/uploads\/2017\/03\/russian-lime-eg.png?fit=960%2C1200&ssl=1&resize=350%2C200","width":350,"height":200,"srcset":"https:\/\/i0.wp.com\/legentlecat.fr\/shop\/wp-content\/uploads\/2017\/03\/russian-lime-eg.png?fit=960%2C1200&ssl=1&resize=350%2C200 1x, https:\/\/i0.wp.com\/legentlecat.fr\/shop\/wp-content\/uploads\/2017\/03\/russian-lime-eg.png?fit=960%2C1200&ssl=1&resize=525%2C300 1.5x, https:\/\/i0.wp.com\/legentlecat.fr\/shop\/wp-content\/uploads\/2017\/03\/russian-lime-eg.png?fit=960%2C1200&ssl=1&resize=700%2C400 2x"},"classes":[]},{"id":1153,"url":"https:\/\/legentlecat.fr\/shop\/index.php\/produit\/caporal-la-violette\/","url_meta":{"origin":816,"position":4},"title":"Caporal La Violette","author":"Jimmy RIOT","date":"19 mars 2017","format":false,"excerpt":"Sac herm\u00e9tique de 100 g\u00a0-\u00a0Le th\u00e9 vert est ici soutenu par un th\u00e9 blanc pour laisser plus de place \u00e0 la fine saveur de violette. Dans ce th\u00e9 de haute qualit\u00e9, quelques notes fruit\u00e9es dues \u00e0 la framboise viennent adoucir encore la liqueur du th\u00e9 vert. Tout est fait pour\u2026","rel":"","context":"Article similaire","block_context":{"text":"Article similaire","link":""},"img":{"alt_text":"","src":"https:\/\/i0.wp.com\/legentlecat.fr\/shop\/wp-content\/uploads\/2017\/03\/violette.png?fit=960%2C1200&ssl=1&resize=350%2C200","width":350,"height":200,"srcset":"https:\/\/i0.wp.com\/legentlecat.fr\/shop\/wp-content\/uploads\/2017\/03\/violette.png?fit=960%2C1200&ssl=1&resize=350%2C200 1x, https:\/\/i0.wp.com\/legentlecat.fr\/shop\/wp-content\/uploads\/2017\/03\/violette.png?fit=960%2C1200&ssl=1&resize=525%2C300 1.5x, https:\/\/i0.wp.com\/legentlecat.fr\/shop\/wp-content\/uploads\/2017\/03\/violette.png?fit=960%2C1200&ssl=1&resize=700%2C400 2x"},"classes":[]},{"id":1531,"url":"https:\/\/legentlecat.fr\/shop\/index.php\/produit\/verveine-acidulee-bio\/","url_meta":{"origin":816,"position":5},"title":"Verveine Acidul\u00e9e BIO","author":"Jimmy RIOT","date":"20 mars 2017","format":false,"excerpt":"Sac herm\u00e9tique de 100 g\u00a0-\u00a0Ce m\u00e9lange bio de th\u00e9s verts et de th\u00e9s blancs r\u00e9v\u00e8le toutes les saveurs de la verveine en y conjuguant des notes acidul\u00e9es d'agrumes. C'est un th\u00e9 vert fin et d\u00e9licat qui saura ravir les palais des amateurs les plus \u00e9clair\u00e9s. Saveur : v\u00e9g\u00e9tale, fruit\u00e9e Composition\u2026","rel":"","context":"Article similaire","block_context":{"text":"Article similaire","link":""},"img":{"alt_text":"","src":"https:\/\/i0.wp.com\/legentlecat.fr\/shop\/wp-content\/uploads\/2017\/03\/pic-verveine.png?fit=960%2C1200&ssl=1&resize=350%2C200","width":350,"height":200,"srcset":"https:\/\/i0.wp.com\/legentlecat.fr\/shop\/wp-content\/uploads\/2017\/03\/pic-verveine.png?fit=960%2C1200&ssl=1&resize=350%2C200 1x, https:\/\/i0.wp.com\/legentlecat.fr\/shop\/wp-content\/uploads\/2017\/03\/pic-verveine.png?fit=960%2C1200&ssl=1&resize=525%2C300 1.5x, https:\/\/i0.wp.com\/legentlecat.fr\/shop\/wp-content\/uploads\/2017\/03\/pic-verveine.png?fit=960%2C1200&ssl=1&resize=700%2C400 2x"},"classes":[]}],"_links":{"self":[{"href":"https:\/\/legentlecat.fr\/shop\/index.php\/wp-json\/wp\/v2\/product\/816","targetHints":{"allow":["GET"]}}],"collection":[{"href":"https:\/\/legentlecat.fr\/shop\/index.php\/wp-json\/wp\/v2\/product"}],"about":[{"href":"https:\/\/legentlecat.fr\/shop\/index.php\/wp-json\/wp\/v2\/types\/product"}],"wp:featuredmedia":[{"embeddable":true,"href":"https:\/\/legentlecat.fr\/shop\/index.php\/wp-json\/wp\/v2\/media\/2304"}],"wp:attachment":[{"href":"https:\/\/legentlecat.fr\/shop\/index.php\/wp-json\/wp\/v2\/media?parent=816"}],"wp:term":[{"taxonomy":"product_brand","embeddable":true,"href":"https:\/\/legentlecat.fr\/shop\/index.php\/wp-json\/wp\/v2\/product_brand?post=816"},{"taxonomy":"product_cat","embeddable":true,"href":"https:\/\/legentlecat.fr\/shop\/index.php\/wp-json\/wp\/v2\/product_cat?post=816"},{"taxonomy":"product_tag","embeddable":true,"href":"https:\/\/legentlecat.fr\/shop\/index.php\/wp-json\/wp\/v2\/product_tag?post=816"}],"curies":[{"name":"wp","href":"https:\/\/api.w.org\/{rel}","templated":true}]}}