{"id":795,"date":"2017-03-19T18:44:39","date_gmt":"2017-03-19T17:44:39","guid":{"rendered":"http:\/\/legentlecat.fr\/comptoir-a-thes\/produit\/grand-creme\/"},"modified":"2019-09-18T12:39:32","modified_gmt":"2019-09-18T10:39:32","slug":"grand-creme","status":"publish","type":"product","link":"https:\/\/legentlecat.fr\/shop\/index.php\/produit\/grand-creme\/","title":{"rendered":"Grand Cr\u00e8me"},"content":{"rendered":"","protected":false},"excerpt":{"rendered":"<p style=\"text-align: justify;\"><img loading=\"lazy\" decoding=\"async\" class=\"size-full wp-image-2274 aligncenter\" src=\"http:\/\/legentlecat.fr\/shop\/wp-content\/uploads\/2017\/03\/rooibos.jpg\" alt=\"\" width=\"250\" height=\"77\" \/><\/p>\n<p style=\"text-align: justify;\"><strong>Sac herm\u00e9tique de 100 g\u00a0&#8211;\u00a0<\/strong>Nous vous proposons ici une recette \u00e0 base de rooibos qui peut se flatter de reconstituer \u00e0 merveille la saveur d&rsquo;un cappuccino. L&rsquo;infusion du caramel se conjugue aux ar\u00f4mes des grains de caf\u00e9 pour vous offrir une tasse gourmande et d\u00e9licieuse.<\/p>\n<p style=\"text-align: justify;\"><strong>Saveur :<\/strong> gourmande<\/p>\n<p style=\"text-align: justify;\"><strong>Composition :<\/strong> rooibos, morceau de caramel, grains de caf\u00e9, ar\u00f4me et fleurs de soucis<\/p>\n","protected":false},"featured_media":2306,"template":"","meta":{"jetpack_post_was_ever_published":false,"jetpack_publicize_message":"","jetpack_publicize_feature_enabled":true,"jetpack_social_post_already_shared":false,"jetpack_social_options":{"image_generator_settings":{"template":"highway","default_image_id":0,"font":"","enabled":false},"version":2}},"product_brand":[],"product_cat":[83,49],"product_tag":[178,159,113,29,97],"class_list":{"0":"post-795","1":"product","2":"type-product","3":"status-publish","4":"has-post-thumbnail","6":"product_cat-gourmande","7":"product_cat-the-rooibos","8":"product_tag-cafe","9":"product_tag-caramel","10":"product_tag-fleurs-de-soucis","11":"product_tag-rooibos","12":"product_tag-saveur-gourmande","14":"first","15":"instock","16":"taxable","17":"shipping-taxable","18":"purchasable","19":"product-type-simple"},"yoast_head":"<!-- This site is optimized with the Yoast SEO plugin v27.4 - https:\/\/yoast.com\/product\/yoast-seo-wordpress\/ -->\n<title>Grand Cr\u00e8me - Le GentleCat - Teashop<\/title>\n<meta name=\"robots\" content=\"index, follow, max-snippet:-1, max-image-preview:large, max-video-preview:-1\" \/>\n<link rel=\"canonical\" href=\"https:\/\/legentlecat.fr\/shop\/index.php\/produit\/grand-creme\/\" \/>\n<meta property=\"og:locale\" content=\"fr_FR\" \/>\n<meta property=\"og:type\" content=\"article\" \/>\n<meta property=\"og:title\" content=\"Grand Cr\u00e8me - Le GentleCat - Teashop\" \/>\n<meta property=\"og:description\" content=\"Sac herm\u00e9tique de 100 g\u00a0-\u00a0Nous vous proposons ici une recette \u00e0 base de rooibos qui peut se flatter de reconstituer \u00e0 merveille la saveur d&#039;un cappuccino. L&#039;infusion du caramel se conjugue aux ar\u00f4mes des grains de caf\u00e9 pour vous offrir une tasse gourmande et d\u00e9licieuse. Saveur : gourmande Composition : rooibos, morceau de caramel, grains de caf\u00e9, ar\u00f4me et fleurs de soucis\" \/>\n<meta property=\"og:url\" content=\"https:\/\/legentlecat.fr\/shop\/index.php\/produit\/grand-creme\/\" \/>\n<meta property=\"og:site_name\" content=\"Le GentleCat - Teashop\" \/>\n<meta property=\"article:modified_time\" content=\"2019-09-18T10:39:32+00:00\" \/>\n<meta property=\"og:image\" content=\"https:\/\/legentlecat.fr\/shop\/wp-content\/uploads\/2017\/03\/grand-creme-819x1024.png\" \/>\n\t<meta property=\"og:image:width\" content=\"819\" \/>\n\t<meta property=\"og:image:height\" content=\"1024\" \/>\n\t<meta property=\"og:image:type\" content=\"image\/png\" \/>\n<meta name=\"twitter:card\" content=\"summary_large_image\" \/>\n<script type=\"application\/ld+json\" class=\"yoast-schema-graph\">{\"@context\":\"https:\\\/\\\/schema.org\",\"@graph\":[{\"@type\":\"WebPage\",\"@id\":\"https:\\\/\\\/legentlecat.fr\\\/shop\\\/index.php\\\/produit\\\/grand-creme\\\/\",\"url\":\"https:\\\/\\\/legentlecat.fr\\\/shop\\\/index.php\\\/produit\\\/grand-creme\\\/\",\"name\":\"Grand Cr\u00e8me - Le GentleCat - Teashop\",\"isPartOf\":{\"@id\":\"https:\\\/\\\/legentlecat.fr\\\/shop\\\/#website\"},\"primaryImageOfPage\":{\"@id\":\"https:\\\/\\\/legentlecat.fr\\\/shop\\\/index.php\\\/produit\\\/grand-creme\\\/#primaryimage\"},\"image\":{\"@id\":\"https:\\\/\\\/legentlecat.fr\\\/shop\\\/index.php\\\/produit\\\/grand-creme\\\/#primaryimage\"},\"thumbnailUrl\":\"https:\\\/\\\/i0.wp.com\\\/legentlecat.fr\\\/shop\\\/wp-content\\\/uploads\\\/2017\\\/03\\\/grand-creme.png?fit=1500%2C1875&ssl=1\",\"datePublished\":\"2017-03-19T17:44:39+00:00\",\"dateModified\":\"2019-09-18T10:39:32+00:00\",\"breadcrumb\":{\"@id\":\"https:\\\/\\\/legentlecat.fr\\\/shop\\\/index.php\\\/produit\\\/grand-creme\\\/#breadcrumb\"},\"inLanguage\":\"fr-FR\",\"potentialAction\":[{\"@type\":\"ReadAction\",\"target\":[\"https:\\\/\\\/legentlecat.fr\\\/shop\\\/index.php\\\/produit\\\/grand-creme\\\/\"]}]},{\"@type\":\"ImageObject\",\"inLanguage\":\"fr-FR\",\"@id\":\"https:\\\/\\\/legentlecat.fr\\\/shop\\\/index.php\\\/produit\\\/grand-creme\\\/#primaryimage\",\"url\":\"https:\\\/\\\/i0.wp.com\\\/legentlecat.fr\\\/shop\\\/wp-content\\\/uploads\\\/2017\\\/03\\\/grand-creme.png?fit=1500%2C1875&ssl=1\",\"contentUrl\":\"https:\\\/\\\/i0.wp.com\\\/legentlecat.fr\\\/shop\\\/wp-content\\\/uploads\\\/2017\\\/03\\\/grand-creme.png?fit=1500%2C1875&ssl=1\",\"width\":1500,\"height\":1875},{\"@type\":\"BreadcrumbList\",\"@id\":\"https:\\\/\\\/legentlecat.fr\\\/shop\\\/index.php\\\/produit\\\/grand-creme\\\/#breadcrumb\",\"itemListElement\":[{\"@type\":\"ListItem\",\"position\":1,\"name\":\"Accueil\",\"item\":\"https:\\\/\\\/legentlecat.fr\\\/shop\\\/\"},{\"@type\":\"ListItem\",\"position\":2,\"name\":\"Shop\",\"item\":\"https:\\\/\\\/legentlecat.fr\\\/shop\\\/index.php\\\/shop\\\/\"},{\"@type\":\"ListItem\",\"position\":3,\"name\":\"Grand Cr\u00e8me\"}]},{\"@type\":\"WebSite\",\"@id\":\"https:\\\/\\\/legentlecat.fr\\\/shop\\\/#website\",\"url\":\"https:\\\/\\\/legentlecat.fr\\\/shop\\\/\",\"name\":\"Le GentleCat - Teashop\",\"description\":\"La boutique de th\u00e9 en ligne\",\"potentialAction\":[{\"@type\":\"SearchAction\",\"target\":{\"@type\":\"EntryPoint\",\"urlTemplate\":\"https:\\\/\\\/legentlecat.fr\\\/shop\\\/?s={search_term_string}\"},\"query-input\":{\"@type\":\"PropertyValueSpecification\",\"valueRequired\":true,\"valueName\":\"search_term_string\"}}],\"inLanguage\":\"fr-FR\"}]}<\/script>\n<!-- \/ Yoast SEO plugin. -->","yoast_head_json":{"title":"Grand Cr\u00e8me - Le GentleCat - Teashop","robots":{"index":"index","follow":"follow","max-snippet":"max-snippet:-1","max-image-preview":"max-image-preview:large","max-video-preview":"max-video-preview:-1"},"canonical":"https:\/\/legentlecat.fr\/shop\/index.php\/produit\/grand-creme\/","og_locale":"fr_FR","og_type":"article","og_title":"Grand Cr\u00e8me - Le GentleCat - Teashop","og_description":"Sac herm\u00e9tique de 100 g\u00a0-\u00a0Nous vous proposons ici une recette \u00e0 base de rooibos qui peut se flatter de reconstituer \u00e0 merveille la saveur d'un cappuccino. L'infusion du caramel se conjugue aux ar\u00f4mes des grains de caf\u00e9 pour vous offrir une tasse gourmande et d\u00e9licieuse. Saveur : gourmande Composition : rooibos, morceau de caramel, grains de caf\u00e9, ar\u00f4me et fleurs de soucis","og_url":"https:\/\/legentlecat.fr\/shop\/index.php\/produit\/grand-creme\/","og_site_name":"Le GentleCat - Teashop","article_modified_time":"2019-09-18T10:39:32+00:00","og_image":[{"width":819,"height":1024,"url":"https:\/\/legentlecat.fr\/shop\/wp-content\/uploads\/2017\/03\/grand-creme-819x1024.png","type":"image\/png"}],"twitter_card":"summary_large_image","schema":{"@context":"https:\/\/schema.org","@graph":[{"@type":"WebPage","@id":"https:\/\/legentlecat.fr\/shop\/index.php\/produit\/grand-creme\/","url":"https:\/\/legentlecat.fr\/shop\/index.php\/produit\/grand-creme\/","name":"Grand Cr\u00e8me - Le GentleCat - Teashop","isPartOf":{"@id":"https:\/\/legentlecat.fr\/shop\/#website"},"primaryImageOfPage":{"@id":"https:\/\/legentlecat.fr\/shop\/index.php\/produit\/grand-creme\/#primaryimage"},"image":{"@id":"https:\/\/legentlecat.fr\/shop\/index.php\/produit\/grand-creme\/#primaryimage"},"thumbnailUrl":"https:\/\/i0.wp.com\/legentlecat.fr\/shop\/wp-content\/uploads\/2017\/03\/grand-creme.png?fit=1500%2C1875&ssl=1","datePublished":"2017-03-19T17:44:39+00:00","dateModified":"2019-09-18T10:39:32+00:00","breadcrumb":{"@id":"https:\/\/legentlecat.fr\/shop\/index.php\/produit\/grand-creme\/#breadcrumb"},"inLanguage":"fr-FR","potentialAction":[{"@type":"ReadAction","target":["https:\/\/legentlecat.fr\/shop\/index.php\/produit\/grand-creme\/"]}]},{"@type":"ImageObject","inLanguage":"fr-FR","@id":"https:\/\/legentlecat.fr\/shop\/index.php\/produit\/grand-creme\/#primaryimage","url":"https:\/\/i0.wp.com\/legentlecat.fr\/shop\/wp-content\/uploads\/2017\/03\/grand-creme.png?fit=1500%2C1875&ssl=1","contentUrl":"https:\/\/i0.wp.com\/legentlecat.fr\/shop\/wp-content\/uploads\/2017\/03\/grand-creme.png?fit=1500%2C1875&ssl=1","width":1500,"height":1875},{"@type":"BreadcrumbList","@id":"https:\/\/legentlecat.fr\/shop\/index.php\/produit\/grand-creme\/#breadcrumb","itemListElement":[{"@type":"ListItem","position":1,"name":"Accueil","item":"https:\/\/legentlecat.fr\/shop\/"},{"@type":"ListItem","position":2,"name":"Shop","item":"https:\/\/legentlecat.fr\/shop\/index.php\/shop\/"},{"@type":"ListItem","position":3,"name":"Grand Cr\u00e8me"}]},{"@type":"WebSite","@id":"https:\/\/legentlecat.fr\/shop\/#website","url":"https:\/\/legentlecat.fr\/shop\/","name":"Le GentleCat - Teashop","description":"La boutique de th\u00e9 en ligne","potentialAction":[{"@type":"SearchAction","target":{"@type":"EntryPoint","urlTemplate":"https:\/\/legentlecat.fr\/shop\/?s={search_term_string}"},"query-input":{"@type":"PropertyValueSpecification","valueRequired":true,"valueName":"search_term_string"}}],"inLanguage":"fr-FR"}]}},"jetpack_publicize_connections":[],"jetpack_sharing_enabled":true,"jetpack-related-posts":[{"id":1069,"url":"https:\/\/legentlecat.fr\/shop\/index.php\/produit\/marche-alsacien\/","url_meta":{"origin":795,"position":0},"title":"March\u00e9 Alsacien","author":"Jimmy RIOT","date":"19 mars 2017","format":false,"excerpt":"Sac herm\u00e9tique de 100 g\u00a0-\u00a0Le rooibos March\u00e9 Alsacien est une recette inspir\u00e9e des march\u00e9s de no\u00ebl alsaciens. On y retrouve le go\u00fbt tr\u00e8s typique du th\u00e9 de No\u00ebl :\u00a0la saveur tr\u00e8s fruit\u00e9e de l'orange y est agr\u00e9ment\u00e9e de cannelle et de caramel. Saveur : gourmande, fruit\u00e9e, \u00e9pic\u00e9e Composition :\u00a0rooibos super\u2026","rel":"","context":"Article similaire","block_context":{"text":"Article similaire","link":""},"img":{"alt_text":"","src":"https:\/\/i0.wp.com\/legentlecat.fr\/shop\/wp-content\/uploads\/2017\/03\/marche-alsacien.png?fit=960%2C1200&ssl=1&resize=350%2C200","width":350,"height":200,"srcset":"https:\/\/i0.wp.com\/legentlecat.fr\/shop\/wp-content\/uploads\/2017\/03\/marche-alsacien.png?fit=960%2C1200&ssl=1&resize=350%2C200 1x, https:\/\/i0.wp.com\/legentlecat.fr\/shop\/wp-content\/uploads\/2017\/03\/marche-alsacien.png?fit=960%2C1200&ssl=1&resize=525%2C300 1.5x, https:\/\/i0.wp.com\/legentlecat.fr\/shop\/wp-content\/uploads\/2017\/03\/marche-alsacien.png?fit=960%2C1200&ssl=1&resize=700%2C400 2x"},"classes":[]},{"id":774,"url":"https:\/\/legentlecat.fr\/shop\/index.php\/produit\/red-choco-noisette\/","url_meta":{"origin":795,"position":1},"title":"Red Choco Noisette","author":"Jimmy RIOT","date":"19 mars 2017","format":false,"excerpt":"Sac herm\u00e9tique de 100 g\u00a0-\u00a0Cette recette \u00e0 base de rooibos restera sans doute l'une de nos seules cr\u00e9ations \u00e0 la saveur de chocolat tant nous somme satisfait du bel ar\u00f4me de chocolat et de noisette qu'elle d\u00e9gage. Le rooibos laisse au cacao toute la place n\u00e9cessaire pour se d\u00e9velopper tout\u2026","rel":"","context":"Article similaire","block_context":{"text":"Article similaire","link":""},"img":{"alt_text":"","src":"https:\/\/i0.wp.com\/legentlecat.fr\/shop\/wp-content\/uploads\/2017\/03\/red-choc.png?fit=960%2C1200&ssl=1&resize=350%2C200","width":350,"height":200,"srcset":"https:\/\/i0.wp.com\/legentlecat.fr\/shop\/wp-content\/uploads\/2017\/03\/red-choc.png?fit=960%2C1200&ssl=1&resize=350%2C200 1x, https:\/\/i0.wp.com\/legentlecat.fr\/shop\/wp-content\/uploads\/2017\/03\/red-choc.png?fit=960%2C1200&ssl=1&resize=525%2C300 1.5x, https:\/\/i0.wp.com\/legentlecat.fr\/shop\/wp-content\/uploads\/2017\/03\/red-choc.png?fit=960%2C1200&ssl=1&resize=700%2C400 2x"},"classes":[]},{"id":753,"url":"https:\/\/legentlecat.fr\/shop\/index.php\/produit\/douceur-de-graoully\/","url_meta":{"origin":795,"position":2},"title":"Douceur de Graoully","author":"Jimmy RIOT","date":"19 mars 2017","format":false,"excerpt":"Sac herm\u00e9tique de 100 g\u00a0-\u00a0Cette recette \u00e0 base de roo\u00efbos a \u00e9t\u00e9 int\u00e9gr\u00e9e \u00e0 nos cr\u00e9ations \u00e0 l'occasion de l'ouverture de notre boutique de th\u00e9 \u00e0 Metz. Elle propose un m\u00e9lange \u00e9quilibr\u00e9 entre la saveur acidul\u00e9e de la fraise et la douceur sucr\u00e9e de la mirabelle. Ce rooibos peut \u00eatre\u2026","rel":"","context":"Article similaire","block_context":{"text":"Article similaire","link":""},"img":{"alt_text":"","src":"https:\/\/i0.wp.com\/legentlecat.fr\/shop\/wp-content\/uploads\/2017\/03\/graoully.png?fit=960%2C1200&ssl=1&resize=350%2C200","width":350,"height":200,"srcset":"https:\/\/i0.wp.com\/legentlecat.fr\/shop\/wp-content\/uploads\/2017\/03\/graoully.png?fit=960%2C1200&ssl=1&resize=350%2C200 1x, https:\/\/i0.wp.com\/legentlecat.fr\/shop\/wp-content\/uploads\/2017\/03\/graoully.png?fit=960%2C1200&ssl=1&resize=525%2C300 1.5x, https:\/\/i0.wp.com\/legentlecat.fr\/shop\/wp-content\/uploads\/2017\/03\/graoully.png?fit=960%2C1200&ssl=1&resize=700%2C400 2x"},"classes":[]},{"id":1279,"url":"https:\/\/legentlecat.fr\/shop\/index.php\/produit\/apple-pie\/","url_meta":{"origin":795,"position":3},"title":"Apple Pie","author":"Jimmy RIOT","date":"19 mars 2017","format":false,"excerpt":"Sac herm\u00e9tique de 100 g\u00a0-\u00a0L'Apple Pie est sans conteste la plus gourmande de nos tasses. ce rooibos\u00a0est une des cr\u00e9ations embl\u00e9matiques du Comptoir du GentleCat, un des th\u00e9s que les clients de notre salon lyonnais\u00a0nous demandent le plus. On y retrouve une saveur tr\u00e8s proche du traditionnel g\u00e2teau am\u00e9ricain. Saveur\u2026","rel":"","context":"Article similaire","block_context":{"text":"Article similaire","link":""},"img":{"alt_text":"","src":"https:\/\/i0.wp.com\/legentlecat.fr\/shop\/wp-content\/uploads\/2017\/03\/apple-pie-ok.png?fit=960%2C1200&ssl=1&resize=350%2C200","width":350,"height":200,"srcset":"https:\/\/i0.wp.com\/legentlecat.fr\/shop\/wp-content\/uploads\/2017\/03\/apple-pie-ok.png?fit=960%2C1200&ssl=1&resize=350%2C200 1x, https:\/\/i0.wp.com\/legentlecat.fr\/shop\/wp-content\/uploads\/2017\/03\/apple-pie-ok.png?fit=960%2C1200&ssl=1&resize=525%2C300 1.5x, https:\/\/i0.wp.com\/legentlecat.fr\/shop\/wp-content\/uploads\/2017\/03\/apple-pie-ok.png?fit=960%2C1200&ssl=1&resize=700%2C400 2x"},"classes":[]},{"id":710,"url":"https:\/\/legentlecat.fr\/shop\/index.php\/produit\/pina-colada\/","url_meta":{"origin":795,"position":4},"title":"Pina Colada","author":"Jimmy RIOT","date":"13 mars 2017","format":false,"excerpt":"Sac herm\u00e9tique de 100 g\u00a0-\u00a0La saveur d'ananas prend ici toute son ampleur et elle se voit souligner par l'ar\u00f4me doux et sucr\u00e9 des chips de noix de coco. On retrouve \u00e0 s'y m\u00e9prendre le parfum du traditionnel cocktail Pi\u00f1a Colada, le rhum en moins bien s\u00fbr. Ce rooibos est tr\u00e8s\u2026","rel":"","context":"Article similaire","block_context":{"text":"Article similaire","link":""},"img":{"alt_text":"","src":"https:\/\/i0.wp.com\/legentlecat.fr\/shop\/wp-content\/uploads\/2017\/03\/pinacolada.png?fit=960%2C1200&ssl=1&resize=350%2C200","width":350,"height":200,"srcset":"https:\/\/i0.wp.com\/legentlecat.fr\/shop\/wp-content\/uploads\/2017\/03\/pinacolada.png?fit=960%2C1200&ssl=1&resize=350%2C200 1x, https:\/\/i0.wp.com\/legentlecat.fr\/shop\/wp-content\/uploads\/2017\/03\/pinacolada.png?fit=960%2C1200&ssl=1&resize=525%2C300 1.5x, https:\/\/i0.wp.com\/legentlecat.fr\/shop\/wp-content\/uploads\/2017\/03\/pinacolada.png?fit=960%2C1200&ssl=1&resize=700%2C400 2x"},"classes":[]},{"id":310,"url":"https:\/\/legentlecat.fr\/shop\/index.php\/produit\/cannelle-belle-helene\/","url_meta":{"origin":795,"position":5},"title":"Cannelle Belle H\u00e9l\u00e8ne","author":"Jimmy RIOT","date":"13 mars 2017","format":false,"excerpt":"Sac herm\u00e9tique de 100 g\u00a0-\u00a0Cette recette gourmande et l\u00e9g\u00e8rement \u00e9pic\u00e9e est un mi-chemin entre une infusion de fruits et un rooibos. Afin de rendre cette infusion plus douce et plus gourmande, il y a en effet un peu de rooibos dans ce m\u00e9lange mais il n'est pas l'ingr\u00e9dient de base.\u00a0Cette\u2026","rel":"","context":"Article similaire","block_context":{"text":"Article similaire","link":""},"img":{"alt_text":"","src":"https:\/\/i0.wp.com\/legentlecat.fr\/shop\/wp-content\/uploads\/2017\/03\/helene.png?fit=960%2C1200&ssl=1&resize=350%2C200","width":350,"height":200,"srcset":"https:\/\/i0.wp.com\/legentlecat.fr\/shop\/wp-content\/uploads\/2017\/03\/helene.png?fit=960%2C1200&ssl=1&resize=350%2C200 1x, https:\/\/i0.wp.com\/legentlecat.fr\/shop\/wp-content\/uploads\/2017\/03\/helene.png?fit=960%2C1200&ssl=1&resize=525%2C300 1.5x, https:\/\/i0.wp.com\/legentlecat.fr\/shop\/wp-content\/uploads\/2017\/03\/helene.png?fit=960%2C1200&ssl=1&resize=700%2C400 2x"},"classes":[]}],"_links":{"self":[{"href":"https:\/\/legentlecat.fr\/shop\/index.php\/wp-json\/wp\/v2\/product\/795","targetHints":{"allow":["GET"]}}],"collection":[{"href":"https:\/\/legentlecat.fr\/shop\/index.php\/wp-json\/wp\/v2\/product"}],"about":[{"href":"https:\/\/legentlecat.fr\/shop\/index.php\/wp-json\/wp\/v2\/types\/product"}],"wp:featuredmedia":[{"embeddable":true,"href":"https:\/\/legentlecat.fr\/shop\/index.php\/wp-json\/wp\/v2\/media\/2306"}],"wp:attachment":[{"href":"https:\/\/legentlecat.fr\/shop\/index.php\/wp-json\/wp\/v2\/media?parent=795"}],"wp:term":[{"taxonomy":"product_brand","embeddable":true,"href":"https:\/\/legentlecat.fr\/shop\/index.php\/wp-json\/wp\/v2\/product_brand?post=795"},{"taxonomy":"product_cat","embeddable":true,"href":"https:\/\/legentlecat.fr\/shop\/index.php\/wp-json\/wp\/v2\/product_cat?post=795"},{"taxonomy":"product_tag","embeddable":true,"href":"https:\/\/legentlecat.fr\/shop\/index.php\/wp-json\/wp\/v2\/product_tag?post=795"}],"curies":[{"name":"wp","href":"https:\/\/api.w.org\/{rel}","templated":true}]}}