{"id":668,"date":"2017-03-13T22:02:51","date_gmt":"2017-03-13T21:02:51","guid":{"rendered":"http:\/\/legentlecat.fr\/comptoir-a-thes\/produit\/caramelo\/"},"modified":"2022-12-02T13:43:43","modified_gmt":"2022-12-02T12:43:43","slug":"caramelo","status":"publish","type":"product","link":"https:\/\/legentlecat.fr\/shop\/index.php\/produit\/caramelo\/","title":{"rendered":"Caramelo"},"content":{"rendered":"","protected":false},"excerpt":{"rendered":"<p style=\"text-align: justify;\"><img loading=\"lazy\" decoding=\"async\" class=\"size-full wp-image-2234 aligncenter\" src=\"http:\/\/legentlecat.fr\/shop\/wp-content\/uploads\/2017\/03\/pu-erh.jpg\" alt=\"\" width=\"250\" height=\"77\" \/><\/p>\n<p style=\"text-align: justify;\"><strong>Sac herm\u00e9tique de 100 g\u00a0&#8211;\u00a0<\/strong>Ce th\u00e9 pu ehr au caramel est id\u00e9al pour finir un repas par une tasse sucr\u00e9e, bonne pour la digestion. Quelques notes \u00e9pic\u00e9es viennent contrecarrer le go\u00fbt un peu bois\u00e9 du pu ehr pour conf\u00e9rer \u00e0 ce th\u00e9 une saveur tr\u00e8s gourmande.<\/p>\n<p style=\"text-align: justify;\"><strong>Saveur :<\/strong> gourmande, \u00e9pic\u00e9e<\/p>\n<p style=\"text-align: justify;\"><strong>Composition :\u00a0<\/strong>th\u00e9 pu erh, morceaux de caramel, noix de coco effil\u00e9e, cannelle, coriandre enti\u00e8re, fleurs de soucis<\/p>\n","protected":false},"featured_media":2312,"template":"","meta":{"jetpack_publicize_message":"","jetpack_publicize_feature_enabled":true,"jetpack_social_post_already_shared":false,"jetpack_social_options":{"image_generator_settings":{"template":"highway","default_image_id":0,"font":"","enabled":false},"version":2}},"product_brand":[],"product_cat":[211,80,83,48],"product_tag":[118,159,174,113,103,122],"class_list":{"0":"post-668","1":"product","2":"type-product","3":"status-publish","4":"has-post-thumbnail","6":"product_cat-noelsaveurs","7":"product_cat-epicee","8":"product_cat-gourmande","9":"product_cat-the-pu-erh","10":"product_tag-cannelle","11":"product_tag-caramel","12":"product_tag-coriandre","13":"product_tag-fleurs-de-soucis","14":"product_tag-noix-de-coco","15":"product_tag-the-pu-erh","17":"first","18":"instock","19":"taxable","20":"shipping-taxable","21":"purchasable","22":"product-type-simple"},"yoast_head":"<!-- This site is optimized with the Yoast SEO plugin v27.6 - https:\/\/yoast.com\/product\/yoast-seo-wordpress\/ -->\n<title>Caramelo - Le GentleCat - Teashop<\/title>\n<meta name=\"robots\" content=\"index, follow, max-snippet:-1, max-image-preview:large, max-video-preview:-1\" \/>\n<link rel=\"canonical\" href=\"https:\/\/legentlecat.fr\/shop\/index.php\/produit\/caramelo\/\" \/>\n<meta property=\"og:locale\" content=\"fr_FR\" \/>\n<meta property=\"og:type\" content=\"article\" \/>\n<meta property=\"og:title\" content=\"Caramelo - Le GentleCat - Teashop\" \/>\n<meta property=\"og:description\" content=\"Sac herm\u00e9tique de 100 g\u00a0-\u00a0Ce th\u00e9 pu ehr au caramel est id\u00e9al pour finir un repas par une tasse sucr\u00e9e, bonne pour la digestion. Quelques notes \u00e9pic\u00e9es viennent contrecarrer le go\u00fbt un peu bois\u00e9 du pu ehr pour conf\u00e9rer \u00e0 ce th\u00e9 une saveur tr\u00e8s gourmande. Saveur : gourmande, \u00e9pic\u00e9e Composition :\u00a0th\u00e9 pu erh, morceaux de caramel, noix de coco effil\u00e9e, cannelle, coriandre enti\u00e8re, fleurs de soucis\" \/>\n<meta property=\"og:url\" content=\"https:\/\/legentlecat.fr\/shop\/index.php\/produit\/caramelo\/\" \/>\n<meta property=\"og:site_name\" content=\"Le GentleCat - Teashop\" \/>\n<meta property=\"article:modified_time\" content=\"2022-12-02T12:43:43+00:00\" \/>\n<meta property=\"og:image\" content=\"https:\/\/legentlecat.fr\/shop\/wp-content\/uploads\/2017\/03\/caramello-819x1024.png\" \/>\n\t<meta property=\"og:image:width\" content=\"819\" \/>\n\t<meta property=\"og:image:height\" content=\"1024\" \/>\n\t<meta property=\"og:image:type\" content=\"image\/png\" \/>\n<meta name=\"twitter:card\" content=\"summary_large_image\" \/>\n<script type=\"application\/ld+json\" class=\"yoast-schema-graph\">{\"@context\":\"https:\\\/\\\/schema.org\",\"@graph\":[{\"@type\":\"WebPage\",\"@id\":\"https:\\\/\\\/legentlecat.fr\\\/shop\\\/index.php\\\/produit\\\/caramelo\\\/\",\"url\":\"https:\\\/\\\/legentlecat.fr\\\/shop\\\/index.php\\\/produit\\\/caramelo\\\/\",\"name\":\"Caramelo - Le GentleCat - Teashop\",\"isPartOf\":{\"@id\":\"https:\\\/\\\/legentlecat.fr\\\/shop\\\/#website\"},\"primaryImageOfPage\":{\"@id\":\"https:\\\/\\\/legentlecat.fr\\\/shop\\\/index.php\\\/produit\\\/caramelo\\\/#primaryimage\"},\"image\":{\"@id\":\"https:\\\/\\\/legentlecat.fr\\\/shop\\\/index.php\\\/produit\\\/caramelo\\\/#primaryimage\"},\"thumbnailUrl\":\"https:\\\/\\\/i0.wp.com\\\/legentlecat.fr\\\/shop\\\/wp-content\\\/uploads\\\/2017\\\/03\\\/caramello.png?fit=1500%2C1875&ssl=1\",\"datePublished\":\"2017-03-13T21:02:51+00:00\",\"dateModified\":\"2022-12-02T12:43:43+00:00\",\"breadcrumb\":{\"@id\":\"https:\\\/\\\/legentlecat.fr\\\/shop\\\/index.php\\\/produit\\\/caramelo\\\/#breadcrumb\"},\"inLanguage\":\"fr-FR\",\"potentialAction\":[{\"@type\":\"ReadAction\",\"target\":[\"https:\\\/\\\/legentlecat.fr\\\/shop\\\/index.php\\\/produit\\\/caramelo\\\/\"]}]},{\"@type\":\"ImageObject\",\"inLanguage\":\"fr-FR\",\"@id\":\"https:\\\/\\\/legentlecat.fr\\\/shop\\\/index.php\\\/produit\\\/caramelo\\\/#primaryimage\",\"url\":\"https:\\\/\\\/i0.wp.com\\\/legentlecat.fr\\\/shop\\\/wp-content\\\/uploads\\\/2017\\\/03\\\/caramello.png?fit=1500%2C1875&ssl=1\",\"contentUrl\":\"https:\\\/\\\/i0.wp.com\\\/legentlecat.fr\\\/shop\\\/wp-content\\\/uploads\\\/2017\\\/03\\\/caramello.png?fit=1500%2C1875&ssl=1\",\"width\":1500,\"height\":1875},{\"@type\":\"BreadcrumbList\",\"@id\":\"https:\\\/\\\/legentlecat.fr\\\/shop\\\/index.php\\\/produit\\\/caramelo\\\/#breadcrumb\",\"itemListElement\":[{\"@type\":\"ListItem\",\"position\":1,\"name\":\"Accueil\",\"item\":\"https:\\\/\\\/legentlecat.fr\\\/shop\\\/\"},{\"@type\":\"ListItem\",\"position\":2,\"name\":\"Shop\",\"item\":\"https:\\\/\\\/legentlecat.fr\\\/shop\\\/index.php\\\/shop\\\/\"},{\"@type\":\"ListItem\",\"position\":3,\"name\":\"Caramelo\"}]},{\"@type\":\"WebSite\",\"@id\":\"https:\\\/\\\/legentlecat.fr\\\/shop\\\/#website\",\"url\":\"https:\\\/\\\/legentlecat.fr\\\/shop\\\/\",\"name\":\"Le GentleCat - Teashop\",\"description\":\"La boutique de th\u00e9 en ligne\",\"potentialAction\":[{\"@type\":\"SearchAction\",\"target\":{\"@type\":\"EntryPoint\",\"urlTemplate\":\"https:\\\/\\\/legentlecat.fr\\\/shop\\\/?s={search_term_string}\"},\"query-input\":{\"@type\":\"PropertyValueSpecification\",\"valueRequired\":true,\"valueName\":\"search_term_string\"}}],\"inLanguage\":\"fr-FR\"}]}<\/script>\n<!-- \/ Yoast SEO plugin. -->","yoast_head_json":{"title":"Caramelo - Le GentleCat - Teashop","robots":{"index":"index","follow":"follow","max-snippet":"max-snippet:-1","max-image-preview":"max-image-preview:large","max-video-preview":"max-video-preview:-1"},"canonical":"https:\/\/legentlecat.fr\/shop\/index.php\/produit\/caramelo\/","og_locale":"fr_FR","og_type":"article","og_title":"Caramelo - Le GentleCat - Teashop","og_description":"Sac herm\u00e9tique de 100 g\u00a0-\u00a0Ce th\u00e9 pu ehr au caramel est id\u00e9al pour finir un repas par une tasse sucr\u00e9e, bonne pour la digestion. Quelques notes \u00e9pic\u00e9es viennent contrecarrer le go\u00fbt un peu bois\u00e9 du pu ehr pour conf\u00e9rer \u00e0 ce th\u00e9 une saveur tr\u00e8s gourmande. Saveur : gourmande, \u00e9pic\u00e9e Composition :\u00a0th\u00e9 pu erh, morceaux de caramel, noix de coco effil\u00e9e, cannelle, coriandre enti\u00e8re, fleurs de soucis","og_url":"https:\/\/legentlecat.fr\/shop\/index.php\/produit\/caramelo\/","og_site_name":"Le GentleCat - Teashop","article_modified_time":"2022-12-02T12:43:43+00:00","og_image":[{"width":819,"height":1024,"url":"https:\/\/legentlecat.fr\/shop\/wp-content\/uploads\/2017\/03\/caramello-819x1024.png","type":"image\/png"}],"twitter_card":"summary_large_image","schema":{"@context":"https:\/\/schema.org","@graph":[{"@type":"WebPage","@id":"https:\/\/legentlecat.fr\/shop\/index.php\/produit\/caramelo\/","url":"https:\/\/legentlecat.fr\/shop\/index.php\/produit\/caramelo\/","name":"Caramelo - Le GentleCat - Teashop","isPartOf":{"@id":"https:\/\/legentlecat.fr\/shop\/#website"},"primaryImageOfPage":{"@id":"https:\/\/legentlecat.fr\/shop\/index.php\/produit\/caramelo\/#primaryimage"},"image":{"@id":"https:\/\/legentlecat.fr\/shop\/index.php\/produit\/caramelo\/#primaryimage"},"thumbnailUrl":"https:\/\/i0.wp.com\/legentlecat.fr\/shop\/wp-content\/uploads\/2017\/03\/caramello.png?fit=1500%2C1875&ssl=1","datePublished":"2017-03-13T21:02:51+00:00","dateModified":"2022-12-02T12:43:43+00:00","breadcrumb":{"@id":"https:\/\/legentlecat.fr\/shop\/index.php\/produit\/caramelo\/#breadcrumb"},"inLanguage":"fr-FR","potentialAction":[{"@type":"ReadAction","target":["https:\/\/legentlecat.fr\/shop\/index.php\/produit\/caramelo\/"]}]},{"@type":"ImageObject","inLanguage":"fr-FR","@id":"https:\/\/legentlecat.fr\/shop\/index.php\/produit\/caramelo\/#primaryimage","url":"https:\/\/i0.wp.com\/legentlecat.fr\/shop\/wp-content\/uploads\/2017\/03\/caramello.png?fit=1500%2C1875&ssl=1","contentUrl":"https:\/\/i0.wp.com\/legentlecat.fr\/shop\/wp-content\/uploads\/2017\/03\/caramello.png?fit=1500%2C1875&ssl=1","width":1500,"height":1875},{"@type":"BreadcrumbList","@id":"https:\/\/legentlecat.fr\/shop\/index.php\/produit\/caramelo\/#breadcrumb","itemListElement":[{"@type":"ListItem","position":1,"name":"Accueil","item":"https:\/\/legentlecat.fr\/shop\/"},{"@type":"ListItem","position":2,"name":"Shop","item":"https:\/\/legentlecat.fr\/shop\/index.php\/shop\/"},{"@type":"ListItem","position":3,"name":"Caramelo"}]},{"@type":"WebSite","@id":"https:\/\/legentlecat.fr\/shop\/#website","url":"https:\/\/legentlecat.fr\/shop\/","name":"Le GentleCat - Teashop","description":"La boutique de th\u00e9 en ligne","potentialAction":[{"@type":"SearchAction","target":{"@type":"EntryPoint","urlTemplate":"https:\/\/legentlecat.fr\/shop\/?s={search_term_string}"},"query-input":{"@type":"PropertyValueSpecification","valueRequired":true,"valueName":"search_term_string"}}],"inLanguage":"fr-FR"}]}},"jetpack_publicize_connections":[],"jetpack_sharing_enabled":true,"jetpack-related-posts":[{"id":626,"url":"https:\/\/legentlecat.fr\/shop\/index.php\/produit\/nuit-de-noel\/","url_meta":{"origin":668,"position":0},"title":"Nuit de No\u00ebl","author":"Jimmy RIOT","date":"13 mars 2017","format":false,"excerpt":"Sac herm\u00e9tique de 100 g\u00a0-\u00a0Nous vous proposons ici un m\u00e9lange qui saura redonner \u00e0 chacun le go\u00fbt des f\u00eates de fin d'ann\u00e9e. Cette recette \u00e0 base de th\u00e9 pu ehr offre une tasse fonc\u00e9e aux saveurs gourmandes et \u00e9pic\u00e9es. C'est un th\u00e9 id\u00e9al pour faire dig\u00e9rer une tabl\u00e9e de f\u00eate.\u2026","rel":"","context":"Article similaire","block_context":{"text":"Article similaire","link":""},"img":{"alt_text":"","src":"https:\/\/i0.wp.com\/legentlecat.fr\/shop\/wp-content\/uploads\/2017\/03\/nuit-noel.png?fit=960%2C1200&ssl=1&resize=350%2C200","width":350,"height":200,"srcset":"https:\/\/i0.wp.com\/legentlecat.fr\/shop\/wp-content\/uploads\/2017\/03\/nuit-noel.png?fit=960%2C1200&ssl=1&resize=350%2C200 1x, https:\/\/i0.wp.com\/legentlecat.fr\/shop\/wp-content\/uploads\/2017\/03\/nuit-noel.png?fit=960%2C1200&ssl=1&resize=525%2C300 1.5x, https:\/\/i0.wp.com\/legentlecat.fr\/shop\/wp-content\/uploads\/2017\/03\/nuit-noel.png?fit=960%2C1200&ssl=1&resize=700%2C400 2x"},"classes":[]},{"id":647,"url":"https:\/\/legentlecat.fr\/shop\/index.php\/produit\/rayon-de-soleil\/","url_meta":{"origin":668,"position":1},"title":"Rayon de soleil","author":"Jimmy RIOT","date":"13 mars 2017","format":false,"excerpt":"Sac herm\u00e9tique de 100 g\u00a0-\u00a0Cette recette \u00e0 base de th\u00e9 pu ehr est une invitation au voyage. Pour laisser s'\u00e9panouir les saveurs de papaye et de banane, ce th\u00e9 est coup\u00e9 d'un brin de sencha. C'est un th\u00e9 id\u00e9al pour dig\u00e9rer : d\u00e9toxifiant et riche en anti-oxydants. Saveur : fruit\u00e9e\u2026","rel":"","context":"Article similaire","block_context":{"text":"Article similaire","link":""},"img":{"alt_text":"","src":"https:\/\/i0.wp.com\/legentlecat.fr\/shop\/wp-content\/uploads\/2017\/03\/rayon.png?fit=960%2C1200&ssl=1&resize=350%2C200","width":350,"height":200,"srcset":"https:\/\/i0.wp.com\/legentlecat.fr\/shop\/wp-content\/uploads\/2017\/03\/rayon.png?fit=960%2C1200&ssl=1&resize=350%2C200 1x, https:\/\/i0.wp.com\/legentlecat.fr\/shop\/wp-content\/uploads\/2017\/03\/rayon.png?fit=960%2C1200&ssl=1&resize=525%2C300 1.5x, https:\/\/i0.wp.com\/legentlecat.fr\/shop\/wp-content\/uploads\/2017\/03\/rayon.png?fit=960%2C1200&ssl=1&resize=700%2C400 2x"},"classes":[]},{"id":795,"url":"https:\/\/legentlecat.fr\/shop\/index.php\/produit\/grand-creme\/","url_meta":{"origin":668,"position":2},"title":"Grand Cr\u00e8me","author":"Jimmy RIOT","date":"19 mars 2017","format":false,"excerpt":"Sac herm\u00e9tique de 100 g\u00a0-\u00a0Nous vous proposons ici une recette \u00e0 base de rooibos qui peut se flatter de reconstituer \u00e0 merveille la saveur d'un cappuccino. L'infusion du caramel se conjugue aux ar\u00f4mes des grains de caf\u00e9 pour vous offrir une tasse gourmande et d\u00e9licieuse. Saveur : gourmande Composition :\u2026","rel":"","context":"Article similaire","block_context":{"text":"Article similaire","link":""},"img":{"alt_text":"","src":"https:\/\/i0.wp.com\/legentlecat.fr\/shop\/wp-content\/uploads\/2017\/03\/grand-creme.png?fit=960%2C1200&ssl=1&resize=350%2C200","width":350,"height":200,"srcset":"https:\/\/i0.wp.com\/legentlecat.fr\/shop\/wp-content\/uploads\/2017\/03\/grand-creme.png?fit=960%2C1200&ssl=1&resize=350%2C200 1x, https:\/\/i0.wp.com\/legentlecat.fr\/shop\/wp-content\/uploads\/2017\/03\/grand-creme.png?fit=960%2C1200&ssl=1&resize=525%2C300 1.5x, https:\/\/i0.wp.com\/legentlecat.fr\/shop\/wp-content\/uploads\/2017\/03\/grand-creme.png?fit=960%2C1200&ssl=1&resize=700%2C400 2x"},"classes":[]},{"id":1069,"url":"https:\/\/legentlecat.fr\/shop\/index.php\/produit\/marche-alsacien\/","url_meta":{"origin":668,"position":3},"title":"March\u00e9 Alsacien","author":"Jimmy RIOT","date":"19 mars 2017","format":false,"excerpt":"Sac herm\u00e9tique de 100 g\u00a0-\u00a0Le rooibos March\u00e9 Alsacien est une recette inspir\u00e9e des march\u00e9s de no\u00ebl alsaciens. On y retrouve le go\u00fbt tr\u00e8s typique du th\u00e9 de No\u00ebl :\u00a0la saveur tr\u00e8s fruit\u00e9e de l'orange y est agr\u00e9ment\u00e9e de cannelle et de caramel. Saveur : gourmande, fruit\u00e9e, \u00e9pic\u00e9e Composition :\u00a0rooibos super\u2026","rel":"","context":"Article similaire","block_context":{"text":"Article similaire","link":""},"img":{"alt_text":"","src":"https:\/\/i0.wp.com\/legentlecat.fr\/shop\/wp-content\/uploads\/2017\/03\/marche-alsacien.png?fit=960%2C1200&ssl=1&resize=350%2C200","width":350,"height":200,"srcset":"https:\/\/i0.wp.com\/legentlecat.fr\/shop\/wp-content\/uploads\/2017\/03\/marche-alsacien.png?fit=960%2C1200&ssl=1&resize=350%2C200 1x, https:\/\/i0.wp.com\/legentlecat.fr\/shop\/wp-content\/uploads\/2017\/03\/marche-alsacien.png?fit=960%2C1200&ssl=1&resize=525%2C300 1.5x, https:\/\/i0.wp.com\/legentlecat.fr\/shop\/wp-content\/uploads\/2017\/03\/marche-alsacien.png?fit=960%2C1200&ssl=1&resize=700%2C400 2x"},"classes":[]},{"id":1678,"url":"https:\/\/legentlecat.fr\/shop\/index.php\/produit\/etoile-des-azteques\/","url_meta":{"origin":668,"position":4},"title":"Etoile des Azt\u00e8ques","author":"Jimmy RIOT","date":"20 mars 2017","format":false,"excerpt":"Sac herm\u00e9tique de 100 g\u00a0-\u00a0Sur une base de th\u00e9 noir assam, les morceaux de vanille r\u00e9v\u00e8lent tous leurs ar\u00f4mes pour vous offrir une tasse gourmande et l\u00e9g\u00e8rement \u00e9pic\u00e9e, id\u00e9ale pour les instants chaleureux. Saveur : \u00e9pic\u00e9e Composition :\u00a0th\u00e9 noir assam, morceaux de vanille","rel":"","context":"Article similaire","block_context":{"text":"Article similaire","link":""},"img":{"alt_text":"","src":"https:\/\/i0.wp.com\/legentlecat.fr\/shop\/wp-content\/uploads\/2017\/03\/etoile-azteque.png?fit=960%2C1200&ssl=1&resize=350%2C200","width":350,"height":200,"srcset":"https:\/\/i0.wp.com\/legentlecat.fr\/shop\/wp-content\/uploads\/2017\/03\/etoile-azteque.png?fit=960%2C1200&ssl=1&resize=350%2C200 1x, https:\/\/i0.wp.com\/legentlecat.fr\/shop\/wp-content\/uploads\/2017\/03\/etoile-azteque.png?fit=960%2C1200&ssl=1&resize=525%2C300 1.5x, https:\/\/i0.wp.com\/legentlecat.fr\/shop\/wp-content\/uploads\/2017\/03\/etoile-azteque.png?fit=960%2C1200&ssl=1&resize=700%2C400 2x"},"classes":[]},{"id":478,"url":"https:\/\/legentlecat.fr\/shop\/index.php\/produit\/bonhomme-de-pain-depices\/","url_meta":{"origin":668,"position":5},"title":"Bonhomme de Pain d&rsquo;\u00e9pices","author":"Jimmy RIOT","date":"13 mars 2017","format":false,"excerpt":"Sac herm\u00e9tique de 100 g\u00a0-\u00a0Cette recette est tr\u00e8s riche en ingr\u00e9dients. Dans cette infusion de fruits, la pomme constitue une base neutre qui laisse s'exprimer toutes les \u00e9pices et les nombreux autres composants. La saveur de pain d'\u00e9pice tr\u00e8s prononc\u00e9e en fait une infusion id\u00e9ale pour un go\u00fbter l\u00e9ger ou\u2026","rel":"","context":"Article similaire","block_context":{"text":"Article similaire","link":""},"img":{"alt_text":"","src":"https:\/\/i0.wp.com\/legentlecat.fr\/shop\/wp-content\/uploads\/2017\/03\/pain-epice.png?fit=960%2C1200&ssl=1&resize=350%2C200","width":350,"height":200,"srcset":"https:\/\/i0.wp.com\/legentlecat.fr\/shop\/wp-content\/uploads\/2017\/03\/pain-epice.png?fit=960%2C1200&ssl=1&resize=350%2C200 1x, https:\/\/i0.wp.com\/legentlecat.fr\/shop\/wp-content\/uploads\/2017\/03\/pain-epice.png?fit=960%2C1200&ssl=1&resize=525%2C300 1.5x, https:\/\/i0.wp.com\/legentlecat.fr\/shop\/wp-content\/uploads\/2017\/03\/pain-epice.png?fit=960%2C1200&ssl=1&resize=700%2C400 2x"},"classes":[]}],"_links":{"self":[{"href":"https:\/\/legentlecat.fr\/shop\/index.php\/wp-json\/wp\/v2\/product\/668","targetHints":{"allow":["GET"]}}],"collection":[{"href":"https:\/\/legentlecat.fr\/shop\/index.php\/wp-json\/wp\/v2\/product"}],"about":[{"href":"https:\/\/legentlecat.fr\/shop\/index.php\/wp-json\/wp\/v2\/types\/product"}],"wp:featuredmedia":[{"embeddable":true,"href":"https:\/\/legentlecat.fr\/shop\/index.php\/wp-json\/wp\/v2\/media\/2312"}],"wp:attachment":[{"href":"https:\/\/legentlecat.fr\/shop\/index.php\/wp-json\/wp\/v2\/media?parent=668"}],"wp:term":[{"taxonomy":"product_brand","embeddable":true,"href":"https:\/\/legentlecat.fr\/shop\/index.php\/wp-json\/wp\/v2\/product_brand?post=668"},{"taxonomy":"product_cat","embeddable":true,"href":"https:\/\/legentlecat.fr\/shop\/index.php\/wp-json\/wp\/v2\/product_cat?post=668"},{"taxonomy":"product_tag","embeddable":true,"href":"https:\/\/legentlecat.fr\/shop\/index.php\/wp-json\/wp\/v2\/product_tag?post=668"}],"curies":[{"name":"wp","href":"https:\/\/api.w.org\/{rel}","templated":true}]}}