{"id":541,"date":"2017-03-13T18:41:13","date_gmt":"2017-03-13T17:41:13","guid":{"rendered":"http:\/\/legentlecat.fr\/comptoir-a-thes\/produit\/fraise-rhubarbe\/"},"modified":"2022-12-02T14:00:36","modified_gmt":"2022-12-02T13:00:36","slug":"fraise-rhubarbe","status":"publish","type":"product","link":"https:\/\/legentlecat.fr\/shop\/index.php\/produit\/fraise-rhubarbe\/","title":{"rendered":"Fraise Rhubarbe"},"content":{"rendered":"","protected":false},"excerpt":{"rendered":"<p style=\"text-align: justify;\"><img loading=\"lazy\" decoding=\"async\" class=\"size-full wp-image-2253 aligncenter\" src=\"http:\/\/legentlecat.fr\/shop\/wp-content\/uploads\/2017\/03\/verveine.jpg\" alt=\"\" width=\"250\" height=\"77\" \/><\/p>\n<p style=\"text-align: justify;\"><strong>Sac herm\u00e9tique de 100 g\u00a0&#8211;\u00a0<\/strong>Cette recette \u00e0 base de th\u00e9 vert vous propose de red\u00e9couvrir le traditionnel th\u00e9 \u00e0 la fraise. Les notes douces et fruit\u00e9es de la fraise sont ici relev\u00e9es par le parfum acidul\u00e9 de la rhubarbe. Ce fruit est reconnu pour ses vertus anti-inflamatoire et anti-cholest\u00e9role.<\/p>\n<p style=\"text-align: justify;\"><strong>Saveur :<\/strong> fruit\u00e9e<\/p>\n<p style=\"text-align: justify;\"><strong>Composition :<\/strong>\u00a0th\u00e9 vert de chine sencha, feuille de fraisier, morceaux de rhubarbe, ar\u00f4me et tranches de fraises<\/p>\n","protected":false},"featured_media":2322,"template":"","meta":{"jetpack_post_was_ever_published":false,"jetpack_publicize_message":"","jetpack_publicize_feature_enabled":true,"jetpack_social_post_already_shared":false,"jetpack_social_options":{"image_generator_settings":{"template":"highway","default_image_id":0,"font":"","enabled":false},"version":2}},"product_brand":[],"product_cat":[79,50],"product_tag":[115,183,98],"class_list":{"0":"post-541","1":"product","2":"type-product","3":"status-publish","4":"has-post-thumbnail","6":"product_cat-fruitee","7":"product_cat-the-vert","8":"product_tag-fraise","9":"product_tag-rhubarbe","10":"product_tag-the-vert","12":"first","13":"instock","14":"taxable","15":"shipping-taxable","16":"purchasable","17":"product-type-simple"},"yoast_head":"<!-- This site is optimized with the Yoast SEO plugin v27.3 - https:\/\/yoast.com\/product\/yoast-seo-wordpress\/ -->\n<title>Fraise Rhubarbe - Le GentleCat - Teashop<\/title>\n<meta name=\"robots\" content=\"index, follow, max-snippet:-1, max-image-preview:large, max-video-preview:-1\" \/>\n<link rel=\"canonical\" href=\"https:\/\/legentlecat.fr\/shop\/index.php\/produit\/fraise-rhubarbe\/\" \/>\n<meta property=\"og:locale\" content=\"fr_FR\" \/>\n<meta property=\"og:type\" content=\"article\" \/>\n<meta property=\"og:title\" content=\"Fraise Rhubarbe - Le GentleCat - Teashop\" \/>\n<meta property=\"og:description\" content=\"Sac herm\u00e9tique de 100 g\u00a0-\u00a0Cette recette \u00e0 base de th\u00e9 vert vous propose de red\u00e9couvrir le traditionnel th\u00e9 \u00e0 la fraise. Les notes douces et fruit\u00e9es de la fraise sont ici relev\u00e9es par le parfum acidul\u00e9 de la rhubarbe. Ce fruit est reconnu pour ses vertus anti-inflamatoire et anti-cholest\u00e9role. Saveur : fruit\u00e9e Composition :\u00a0th\u00e9 vert de chine sencha, feuille de fraisier, morceaux de rhubarbe, ar\u00f4me et tranches de fraises\" \/>\n<meta property=\"og:url\" content=\"https:\/\/legentlecat.fr\/shop\/index.php\/produit\/fraise-rhubarbe\/\" \/>\n<meta property=\"og:site_name\" content=\"Le GentleCat - Teashop\" \/>\n<meta property=\"article:modified_time\" content=\"2022-12-02T13:00:36+00:00\" \/>\n<meta property=\"og:image\" content=\"https:\/\/legentlecat.fr\/shop\/wp-content\/uploads\/2017\/03\/fraiserhubarbe-819x1024.png\" \/>\n\t<meta property=\"og:image:width\" content=\"819\" \/>\n\t<meta property=\"og:image:height\" content=\"1024\" \/>\n\t<meta property=\"og:image:type\" content=\"image\/png\" \/>\n<meta name=\"twitter:card\" content=\"summary_large_image\" \/>\n<script type=\"application\/ld+json\" class=\"yoast-schema-graph\">{\"@context\":\"https:\\\/\\\/schema.org\",\"@graph\":[{\"@type\":\"WebPage\",\"@id\":\"https:\\\/\\\/legentlecat.fr\\\/shop\\\/index.php\\\/produit\\\/fraise-rhubarbe\\\/\",\"url\":\"https:\\\/\\\/legentlecat.fr\\\/shop\\\/index.php\\\/produit\\\/fraise-rhubarbe\\\/\",\"name\":\"Fraise Rhubarbe - Le GentleCat - Teashop\",\"isPartOf\":{\"@id\":\"https:\\\/\\\/legentlecat.fr\\\/shop\\\/#website\"},\"primaryImageOfPage\":{\"@id\":\"https:\\\/\\\/legentlecat.fr\\\/shop\\\/index.php\\\/produit\\\/fraise-rhubarbe\\\/#primaryimage\"},\"image\":{\"@id\":\"https:\\\/\\\/legentlecat.fr\\\/shop\\\/index.php\\\/produit\\\/fraise-rhubarbe\\\/#primaryimage\"},\"thumbnailUrl\":\"https:\\\/\\\/i0.wp.com\\\/legentlecat.fr\\\/shop\\\/wp-content\\\/uploads\\\/2017\\\/03\\\/fraiserhubarbe.png?fit=1500%2C1875&ssl=1\",\"datePublished\":\"2017-03-13T17:41:13+00:00\",\"dateModified\":\"2022-12-02T13:00:36+00:00\",\"breadcrumb\":{\"@id\":\"https:\\\/\\\/legentlecat.fr\\\/shop\\\/index.php\\\/produit\\\/fraise-rhubarbe\\\/#breadcrumb\"},\"inLanguage\":\"fr-FR\",\"potentialAction\":[{\"@type\":\"ReadAction\",\"target\":[\"https:\\\/\\\/legentlecat.fr\\\/shop\\\/index.php\\\/produit\\\/fraise-rhubarbe\\\/\"]}]},{\"@type\":\"ImageObject\",\"inLanguage\":\"fr-FR\",\"@id\":\"https:\\\/\\\/legentlecat.fr\\\/shop\\\/index.php\\\/produit\\\/fraise-rhubarbe\\\/#primaryimage\",\"url\":\"https:\\\/\\\/i0.wp.com\\\/legentlecat.fr\\\/shop\\\/wp-content\\\/uploads\\\/2017\\\/03\\\/fraiserhubarbe.png?fit=1500%2C1875&ssl=1\",\"contentUrl\":\"https:\\\/\\\/i0.wp.com\\\/legentlecat.fr\\\/shop\\\/wp-content\\\/uploads\\\/2017\\\/03\\\/fraiserhubarbe.png?fit=1500%2C1875&ssl=1\",\"width\":1500,\"height\":1875},{\"@type\":\"BreadcrumbList\",\"@id\":\"https:\\\/\\\/legentlecat.fr\\\/shop\\\/index.php\\\/produit\\\/fraise-rhubarbe\\\/#breadcrumb\",\"itemListElement\":[{\"@type\":\"ListItem\",\"position\":1,\"name\":\"Accueil\",\"item\":\"https:\\\/\\\/legentlecat.fr\\\/shop\\\/\"},{\"@type\":\"ListItem\",\"position\":2,\"name\":\"Shop\",\"item\":\"https:\\\/\\\/legentlecat.fr\\\/shop\\\/index.php\\\/shop\\\/\"},{\"@type\":\"ListItem\",\"position\":3,\"name\":\"Fraise Rhubarbe\"}]},{\"@type\":\"WebSite\",\"@id\":\"https:\\\/\\\/legentlecat.fr\\\/shop\\\/#website\",\"url\":\"https:\\\/\\\/legentlecat.fr\\\/shop\\\/\",\"name\":\"Le GentleCat - Teashop\",\"description\":\"La boutique de th\u00e9 en ligne\",\"potentialAction\":[{\"@type\":\"SearchAction\",\"target\":{\"@type\":\"EntryPoint\",\"urlTemplate\":\"https:\\\/\\\/legentlecat.fr\\\/shop\\\/?s={search_term_string}\"},\"query-input\":{\"@type\":\"PropertyValueSpecification\",\"valueRequired\":true,\"valueName\":\"search_term_string\"}}],\"inLanguage\":\"fr-FR\"}]}<\/script>\n<!-- \/ Yoast SEO plugin. -->","yoast_head_json":{"title":"Fraise Rhubarbe - Le GentleCat - Teashop","robots":{"index":"index","follow":"follow","max-snippet":"max-snippet:-1","max-image-preview":"max-image-preview:large","max-video-preview":"max-video-preview:-1"},"canonical":"https:\/\/legentlecat.fr\/shop\/index.php\/produit\/fraise-rhubarbe\/","og_locale":"fr_FR","og_type":"article","og_title":"Fraise Rhubarbe - Le GentleCat - Teashop","og_description":"Sac herm\u00e9tique de 100 g\u00a0-\u00a0Cette recette \u00e0 base de th\u00e9 vert vous propose de red\u00e9couvrir le traditionnel th\u00e9 \u00e0 la fraise. Les notes douces et fruit\u00e9es de la fraise sont ici relev\u00e9es par le parfum acidul\u00e9 de la rhubarbe. Ce fruit est reconnu pour ses vertus anti-inflamatoire et anti-cholest\u00e9role. Saveur : fruit\u00e9e Composition :\u00a0th\u00e9 vert de chine sencha, feuille de fraisier, morceaux de rhubarbe, ar\u00f4me et tranches de fraises","og_url":"https:\/\/legentlecat.fr\/shop\/index.php\/produit\/fraise-rhubarbe\/","og_site_name":"Le GentleCat - Teashop","article_modified_time":"2022-12-02T13:00:36+00:00","og_image":[{"width":819,"height":1024,"url":"https:\/\/legentlecat.fr\/shop\/wp-content\/uploads\/2017\/03\/fraiserhubarbe-819x1024.png","type":"image\/png"}],"twitter_card":"summary_large_image","schema":{"@context":"https:\/\/schema.org","@graph":[{"@type":"WebPage","@id":"https:\/\/legentlecat.fr\/shop\/index.php\/produit\/fraise-rhubarbe\/","url":"https:\/\/legentlecat.fr\/shop\/index.php\/produit\/fraise-rhubarbe\/","name":"Fraise Rhubarbe - Le GentleCat - Teashop","isPartOf":{"@id":"https:\/\/legentlecat.fr\/shop\/#website"},"primaryImageOfPage":{"@id":"https:\/\/legentlecat.fr\/shop\/index.php\/produit\/fraise-rhubarbe\/#primaryimage"},"image":{"@id":"https:\/\/legentlecat.fr\/shop\/index.php\/produit\/fraise-rhubarbe\/#primaryimage"},"thumbnailUrl":"https:\/\/i0.wp.com\/legentlecat.fr\/shop\/wp-content\/uploads\/2017\/03\/fraiserhubarbe.png?fit=1500%2C1875&ssl=1","datePublished":"2017-03-13T17:41:13+00:00","dateModified":"2022-12-02T13:00:36+00:00","breadcrumb":{"@id":"https:\/\/legentlecat.fr\/shop\/index.php\/produit\/fraise-rhubarbe\/#breadcrumb"},"inLanguage":"fr-FR","potentialAction":[{"@type":"ReadAction","target":["https:\/\/legentlecat.fr\/shop\/index.php\/produit\/fraise-rhubarbe\/"]}]},{"@type":"ImageObject","inLanguage":"fr-FR","@id":"https:\/\/legentlecat.fr\/shop\/index.php\/produit\/fraise-rhubarbe\/#primaryimage","url":"https:\/\/i0.wp.com\/legentlecat.fr\/shop\/wp-content\/uploads\/2017\/03\/fraiserhubarbe.png?fit=1500%2C1875&ssl=1","contentUrl":"https:\/\/i0.wp.com\/legentlecat.fr\/shop\/wp-content\/uploads\/2017\/03\/fraiserhubarbe.png?fit=1500%2C1875&ssl=1","width":1500,"height":1875},{"@type":"BreadcrumbList","@id":"https:\/\/legentlecat.fr\/shop\/index.php\/produit\/fraise-rhubarbe\/#breadcrumb","itemListElement":[{"@type":"ListItem","position":1,"name":"Accueil","item":"https:\/\/legentlecat.fr\/shop\/"},{"@type":"ListItem","position":2,"name":"Shop","item":"https:\/\/legentlecat.fr\/shop\/index.php\/shop\/"},{"@type":"ListItem","position":3,"name":"Fraise Rhubarbe"}]},{"@type":"WebSite","@id":"https:\/\/legentlecat.fr\/shop\/#website","url":"https:\/\/legentlecat.fr\/shop\/","name":"Le GentleCat - Teashop","description":"La boutique de th\u00e9 en ligne","potentialAction":[{"@type":"SearchAction","target":{"@type":"EntryPoint","urlTemplate":"https:\/\/legentlecat.fr\/shop\/?s={search_term_string}"},"query-input":{"@type":"PropertyValueSpecification","valueRequired":true,"valueName":"search_term_string"}}],"inLanguage":"fr-FR"}]}},"jetpack_publicize_connections":[],"jetpack_sharing_enabled":true,"jetpack-related-posts":[{"id":1762,"url":"https:\/\/legentlecat.fr\/shop\/index.php\/produit\/milshake-fraise\/","url_meta":{"origin":541,"position":0},"title":"Milshake Fraise","author":"Jimmy RIOT","date":"20 mars 2017","format":false,"excerpt":"Sac herm\u00e9tique de 100 g\u00a0-\u00a0Vous tenez l\u00e0 le plus gourmand de nos th\u00e9s blancs : ce m\u00e9lange porte bien son nom. Sa tasse claire offre une saveur proche de celle d'une boisson \u00e0 base de fraise mousseuse. Aussi bon chaud que froid, il saura ravir les papilles gourmandes en qu\u00eate\u2026","rel":"","context":"Article similaire","block_context":{"text":"Article similaire","link":""},"img":{"alt_text":"","src":"https:\/\/i0.wp.com\/legentlecat.fr\/shop\/wp-content\/uploads\/2017\/03\/Pic-MilkShake-Fraise.png?fit=960%2C1200&ssl=1&resize=350%2C200","width":350,"height":200,"srcset":"https:\/\/i0.wp.com\/legentlecat.fr\/shop\/wp-content\/uploads\/2017\/03\/Pic-MilkShake-Fraise.png?fit=960%2C1200&ssl=1&resize=350%2C200 1x, https:\/\/i0.wp.com\/legentlecat.fr\/shop\/wp-content\/uploads\/2017\/03\/Pic-MilkShake-Fraise.png?fit=960%2C1200&ssl=1&resize=525%2C300 1.5x, https:\/\/i0.wp.com\/legentlecat.fr\/shop\/wp-content\/uploads\/2017\/03\/Pic-MilkShake-Fraise.png?fit=960%2C1200&ssl=1&resize=700%2C400 2x"},"classes":[]},{"id":1132,"url":"https:\/\/legentlecat.fr\/shop\/index.php\/produit\/fee-des-bois\/","url_meta":{"origin":541,"position":1},"title":"F\u00e9e des bois","author":"Jimmy RIOT","date":"19 mars 2017","format":false,"excerpt":"Sac herm\u00e9tique de 100 g\u00a0-\u00a0Cette recette aux fruits rouge est bas\u00e9e sur un m\u00e9lange de th\u00e9 vert et blanc, ce qui, en plus de lui conf\u00e9rer un go\u00fbt l\u00e9ger et\u00a0une forte teneur en antioxydants, en fait un th\u00e9 fin et d\u00e9licat d'une grande qualit\u00e9. Tr\u00e8s fruit\u00e9, il est tout aussi\u2026","rel":"","context":"Article similaire","block_context":{"text":"Article similaire","link":""},"img":{"alt_text":"","src":"https:\/\/i0.wp.com\/legentlecat.fr\/shop\/wp-content\/uploads\/2017\/03\/fraise-framboise.png?fit=960%2C1200&ssl=1&resize=350%2C200","width":350,"height":200,"srcset":"https:\/\/i0.wp.com\/legentlecat.fr\/shop\/wp-content\/uploads\/2017\/03\/fraise-framboise.png?fit=960%2C1200&ssl=1&resize=350%2C200 1x, https:\/\/i0.wp.com\/legentlecat.fr\/shop\/wp-content\/uploads\/2017\/03\/fraise-framboise.png?fit=960%2C1200&ssl=1&resize=525%2C300 1.5x, https:\/\/i0.wp.com\/legentlecat.fr\/shop\/wp-content\/uploads\/2017\/03\/fraise-framboise.png?fit=960%2C1200&ssl=1&resize=700%2C400 2x"},"classes":[]},{"id":753,"url":"https:\/\/legentlecat.fr\/shop\/index.php\/produit\/douceur-de-graoully\/","url_meta":{"origin":541,"position":2},"title":"Douceur de Graoully","author":"Jimmy RIOT","date":"19 mars 2017","format":false,"excerpt":"Sac herm\u00e9tique de 100 g\u00a0-\u00a0Cette recette \u00e0 base de roo\u00efbos a \u00e9t\u00e9 int\u00e9gr\u00e9e \u00e0 nos cr\u00e9ations \u00e0 l'occasion de l'ouverture de notre boutique de th\u00e9 \u00e0 Metz. Elle propose un m\u00e9lange \u00e9quilibr\u00e9 entre la saveur acidul\u00e9e de la fraise et la douceur sucr\u00e9e de la mirabelle. Ce rooibos peut \u00eatre\u2026","rel":"","context":"Article similaire","block_context":{"text":"Article similaire","link":""},"img":{"alt_text":"","src":"https:\/\/i0.wp.com\/legentlecat.fr\/shop\/wp-content\/uploads\/2017\/03\/graoully.png?fit=960%2C1200&ssl=1&resize=350%2C200","width":350,"height":200,"srcset":"https:\/\/i0.wp.com\/legentlecat.fr\/shop\/wp-content\/uploads\/2017\/03\/graoully.png?fit=960%2C1200&ssl=1&resize=350%2C200 1x, https:\/\/i0.wp.com\/legentlecat.fr\/shop\/wp-content\/uploads\/2017\/03\/graoully.png?fit=960%2C1200&ssl=1&resize=525%2C300 1.5x, https:\/\/i0.wp.com\/legentlecat.fr\/shop\/wp-content\/uploads\/2017\/03\/graoully.png?fit=960%2C1200&ssl=1&resize=700%2C400 2x"},"classes":[]},{"id":647,"url":"https:\/\/legentlecat.fr\/shop\/index.php\/produit\/rayon-de-soleil\/","url_meta":{"origin":541,"position":3},"title":"Rayon de soleil","author":"Jimmy RIOT","date":"13 mars 2017","format":false,"excerpt":"Sac herm\u00e9tique de 100 g\u00a0-\u00a0Cette recette \u00e0 base de th\u00e9 pu ehr est une invitation au voyage. Pour laisser s'\u00e9panouir les saveurs de papaye et de banane, ce th\u00e9 est coup\u00e9 d'un brin de sencha. C'est un th\u00e9 id\u00e9al pour dig\u00e9rer : d\u00e9toxifiant et riche en anti-oxydants. Saveur : fruit\u00e9e\u2026","rel":"","context":"Article similaire","block_context":{"text":"Article similaire","link":""},"img":{"alt_text":"","src":"https:\/\/i0.wp.com\/legentlecat.fr\/shop\/wp-content\/uploads\/2017\/03\/rayon.png?fit=960%2C1200&ssl=1&resize=350%2C200","width":350,"height":200,"srcset":"https:\/\/i0.wp.com\/legentlecat.fr\/shop\/wp-content\/uploads\/2017\/03\/rayon.png?fit=960%2C1200&ssl=1&resize=350%2C200 1x, https:\/\/i0.wp.com\/legentlecat.fr\/shop\/wp-content\/uploads\/2017\/03\/rayon.png?fit=960%2C1200&ssl=1&resize=525%2C300 1.5x, https:\/\/i0.wp.com\/legentlecat.fr\/shop\/wp-content\/uploads\/2017\/03\/rayon.png?fit=960%2C1200&ssl=1&resize=700%2C400 2x"},"classes":[]},{"id":352,"url":"https:\/\/legentlecat.fr\/shop\/index.php\/produit\/daarjeling-vert\/","url_meta":{"origin":541,"position":4},"title":"Daarjeling Vert","author":"Jimmy RIOT","date":"13 mars 2017","format":false,"excerpt":"Sac herm\u00e9tique de 100 g\u00a0-\u00a0Le th\u00e9 du Darjeeling est plus connu sous sa forme oxyd\u00e9e de th\u00e9 noir. Cultiv\u00e9 dans la Nord de l'Inde, il est \u00e9galement tr\u00e8s appr\u00e9ciable en tant que th\u00e9 vert. Sa grande qualit\u00e9 aromatique permet une infusion multiple (2 \u00e0 3 infusions) tant que le th\u00e9\u2026","rel":"","context":"Article similaire","block_context":{"text":"Article similaire","link":""},"img":{"alt_text":"","src":"https:\/\/i0.wp.com\/legentlecat.fr\/shop\/wp-content\/uploads\/2017\/03\/pic-white-monkey2.png?fit=960%2C1200&ssl=1&resize=350%2C200","width":350,"height":200,"srcset":"https:\/\/i0.wp.com\/legentlecat.fr\/shop\/wp-content\/uploads\/2017\/03\/pic-white-monkey2.png?fit=960%2C1200&ssl=1&resize=350%2C200 1x, https:\/\/i0.wp.com\/legentlecat.fr\/shop\/wp-content\/uploads\/2017\/03\/pic-white-monkey2.png?fit=960%2C1200&ssl=1&resize=525%2C300 1.5x, https:\/\/i0.wp.com\/legentlecat.fr\/shop\/wp-content\/uploads\/2017\/03\/pic-white-monkey2.png?fit=960%2C1200&ssl=1&resize=700%2C400 2x"},"classes":[]},{"id":1573,"url":"https:\/\/legentlecat.fr\/shop\/index.php\/produit\/sencha-origine-bio\/","url_meta":{"origin":541,"position":5},"title":"Sencha origine BIO","author":"Jimmy RIOT","date":"20 mars 2017","format":false,"excerpt":"Sac herm\u00e9tique de 100 g\u00a0-\u00a0Ce th\u00e9 vert est manufactur\u00e9 en Chine, bien que le sencha soit \u00e0 la base un th\u00e9 vert japonais ; son nom signifie d'ailleurs \"th\u00e9 en b\u00e2tonnet\", caract\u00e9ristique qui le rend parfaitement identifiable.\u00a0De tous les th\u00e9s verts origines, c'est l'un de ceux qui contient le plus\u2026","rel":"","context":"Article similaire","block_context":{"text":"Article similaire","link":""},"img":{"alt_text":"","src":"https:\/\/i0.wp.com\/legentlecat.fr\/shop\/wp-content\/uploads\/2017\/03\/pic-sencha.png?fit=960%2C1200&ssl=1&resize=350%2C200","width":350,"height":200,"srcset":"https:\/\/i0.wp.com\/legentlecat.fr\/shop\/wp-content\/uploads\/2017\/03\/pic-sencha.png?fit=960%2C1200&ssl=1&resize=350%2C200 1x, https:\/\/i0.wp.com\/legentlecat.fr\/shop\/wp-content\/uploads\/2017\/03\/pic-sencha.png?fit=960%2C1200&ssl=1&resize=525%2C300 1.5x, https:\/\/i0.wp.com\/legentlecat.fr\/shop\/wp-content\/uploads\/2017\/03\/pic-sencha.png?fit=960%2C1200&ssl=1&resize=700%2C400 2x"},"classes":[]}],"_links":{"self":[{"href":"https:\/\/legentlecat.fr\/shop\/index.php\/wp-json\/wp\/v2\/product\/541","targetHints":{"allow":["GET"]}}],"collection":[{"href":"https:\/\/legentlecat.fr\/shop\/index.php\/wp-json\/wp\/v2\/product"}],"about":[{"href":"https:\/\/legentlecat.fr\/shop\/index.php\/wp-json\/wp\/v2\/types\/product"}],"wp:featuredmedia":[{"embeddable":true,"href":"https:\/\/legentlecat.fr\/shop\/index.php\/wp-json\/wp\/v2\/media\/2322"}],"wp:attachment":[{"href":"https:\/\/legentlecat.fr\/shop\/index.php\/wp-json\/wp\/v2\/media?parent=541"}],"wp:term":[{"taxonomy":"product_brand","embeddable":true,"href":"https:\/\/legentlecat.fr\/shop\/index.php\/wp-json\/wp\/v2\/product_brand?post=541"},{"taxonomy":"product_cat","embeddable":true,"href":"https:\/\/legentlecat.fr\/shop\/index.php\/wp-json\/wp\/v2\/product_cat?post=541"},{"taxonomy":"product_tag","embeddable":true,"href":"https:\/\/legentlecat.fr\/shop\/index.php\/wp-json\/wp\/v2\/product_tag?post=541"}],"curies":[{"name":"wp","href":"https:\/\/api.w.org\/{rel}","templated":true}]}}