{"id":499,"date":"2017-03-13T18:22:06","date_gmt":"2017-03-13T17:22:06","guid":{"rendered":"http:\/\/legentlecat.fr\/comptoir-a-thes\/produit\/paradis-menthole-bio\/"},"modified":"2022-12-02T13:51:04","modified_gmt":"2022-12-02T12:51:04","slug":"paradis-menthole-bio","status":"publish","type":"product","link":"https:\/\/legentlecat.fr\/shop\/index.php\/produit\/paradis-menthole-bio\/","title":{"rendered":"Paradis Menthol\u00e9 BIO"},"content":{"rendered":"","protected":false},"excerpt":{"rendered":"<p style=\"text-align: justify;\"><img loading=\"lazy\" decoding=\"async\" class=\"size-full wp-image-2253 aligncenter\" src=\"http:\/\/legentlecat.fr\/shop\/wp-content\/uploads\/2017\/03\/verveine.jpg\" alt=\"\" width=\"250\" height=\"77\" \/><\/p>\n<p style=\"text-align: justify;\"><strong>Sac herm\u00e9tique de 100 g\u00a0&#8211;\u00a0<\/strong>Avec sa l\u00e9g\u00e8re odeur de chlorophylle, ce th\u00e9 vert vous offre une tasse d&rsquo;une infinie fra\u00eecheur. Il est id\u00e9al pour une pause revigorante. En raison des effets de la menthe, nous vous d\u00e9conseillons de consommer ce th\u00e9 avant d&rsquo;aller vous coucher. Ce th\u00e9 constitue une tr\u00e8s bonne base pour des cocktails de th\u00e9 glac\u00e9.<\/p>\n<p style=\"text-align: justify;\"><strong>Saveur :<\/strong>\u00a0v\u00e9g\u00e9tale<\/p>\n<p style=\"text-align: justify;\"><strong>Composition :<\/strong>\u00a0th\u00e9 vert de chine sencha, menthe verte BIO<\/p>\n","protected":false},"featured_media":2326,"template":"","meta":{"jetpack_publicize_message":"","jetpack_publicize_feature_enabled":true,"jetpack_social_post_already_shared":false,"jetpack_social_options":{"image_generator_settings":{"template":"highway","default_image_id":0,"font":"","enabled":false},"version":2}},"product_brand":[],"product_cat":[81,84,50],"product_tag":[168,114,110,98],"class_list":{"0":"post-499","1":"product","2":"type-product","3":"status-publish","4":"has-post-thumbnail","6":"product_cat-vegetale","7":"product_cat-bio","8":"product_cat-the-vert","9":"product_tag-menthe","10":"product_tag-the-bio","11":"product_tag-the-glace","12":"product_tag-the-vert","14":"first","15":"instock","16":"taxable","17":"shipping-taxable","18":"purchasable","19":"product-type-simple"},"yoast_head":"<!-- This site is optimized with the Yoast SEO plugin v27.6 - https:\/\/yoast.com\/product\/yoast-seo-wordpress\/ -->\n<title>Paradis Menthol\u00e9 BIO - Le GentleCat - Teashop<\/title>\n<meta name=\"robots\" content=\"index, follow, max-snippet:-1, max-image-preview:large, max-video-preview:-1\" \/>\n<link rel=\"canonical\" href=\"https:\/\/legentlecat.fr\/shop\/index.php\/produit\/paradis-menthole-bio\/\" \/>\n<meta property=\"og:locale\" content=\"fr_FR\" \/>\n<meta property=\"og:type\" content=\"article\" \/>\n<meta property=\"og:title\" content=\"Paradis Menthol\u00e9 BIO - Le GentleCat - Teashop\" \/>\n<meta property=\"og:description\" content=\"Sac herm\u00e9tique de 100 g\u00a0-\u00a0Avec sa l\u00e9g\u00e8re odeur de chlorophylle, ce th\u00e9 vert vous offre une tasse d&#039;une infinie fra\u00eecheur. Il est id\u00e9al pour une pause revigorante. En raison des effets de la menthe, nous vous d\u00e9conseillons de consommer ce th\u00e9 avant d&#039;aller vous coucher. Ce th\u00e9 constitue une tr\u00e8s bonne base pour des cocktails de th\u00e9 glac\u00e9. Saveur :\u00a0v\u00e9g\u00e9tale Composition :\u00a0th\u00e9 vert de chine sencha, menthe verte BIO\" \/>\n<meta property=\"og:url\" content=\"https:\/\/legentlecat.fr\/shop\/index.php\/produit\/paradis-menthole-bio\/\" \/>\n<meta property=\"og:site_name\" content=\"Le GentleCat - Teashop\" \/>\n<meta property=\"article:modified_time\" content=\"2022-12-02T12:51:04+00:00\" \/>\n<meta property=\"og:image\" content=\"https:\/\/legentlecat.fr\/shop\/wp-content\/uploads\/2017\/03\/paradis-menthole-819x1024.png\" \/>\n\t<meta property=\"og:image:width\" content=\"819\" \/>\n\t<meta property=\"og:image:height\" content=\"1024\" \/>\n\t<meta property=\"og:image:type\" content=\"image\/png\" \/>\n<meta name=\"twitter:card\" content=\"summary_large_image\" \/>\n<script type=\"application\/ld+json\" class=\"yoast-schema-graph\">{\"@context\":\"https:\\\/\\\/schema.org\",\"@graph\":[{\"@type\":\"WebPage\",\"@id\":\"https:\\\/\\\/legentlecat.fr\\\/shop\\\/index.php\\\/produit\\\/paradis-menthole-bio\\\/\",\"url\":\"https:\\\/\\\/legentlecat.fr\\\/shop\\\/index.php\\\/produit\\\/paradis-menthole-bio\\\/\",\"name\":\"Paradis Menthol\u00e9 BIO - Le GentleCat - Teashop\",\"isPartOf\":{\"@id\":\"https:\\\/\\\/legentlecat.fr\\\/shop\\\/#website\"},\"primaryImageOfPage\":{\"@id\":\"https:\\\/\\\/legentlecat.fr\\\/shop\\\/index.php\\\/produit\\\/paradis-menthole-bio\\\/#primaryimage\"},\"image\":{\"@id\":\"https:\\\/\\\/legentlecat.fr\\\/shop\\\/index.php\\\/produit\\\/paradis-menthole-bio\\\/#primaryimage\"},\"thumbnailUrl\":\"https:\\\/\\\/i0.wp.com\\\/legentlecat.fr\\\/shop\\\/wp-content\\\/uploads\\\/2017\\\/03\\\/paradis-menthole.png?fit=1500%2C1875&ssl=1\",\"datePublished\":\"2017-03-13T17:22:06+00:00\",\"dateModified\":\"2022-12-02T12:51:04+00:00\",\"breadcrumb\":{\"@id\":\"https:\\\/\\\/legentlecat.fr\\\/shop\\\/index.php\\\/produit\\\/paradis-menthole-bio\\\/#breadcrumb\"},\"inLanguage\":\"fr-FR\",\"potentialAction\":[{\"@type\":\"ReadAction\",\"target\":[\"https:\\\/\\\/legentlecat.fr\\\/shop\\\/index.php\\\/produit\\\/paradis-menthole-bio\\\/\"]}]},{\"@type\":\"ImageObject\",\"inLanguage\":\"fr-FR\",\"@id\":\"https:\\\/\\\/legentlecat.fr\\\/shop\\\/index.php\\\/produit\\\/paradis-menthole-bio\\\/#primaryimage\",\"url\":\"https:\\\/\\\/i0.wp.com\\\/legentlecat.fr\\\/shop\\\/wp-content\\\/uploads\\\/2017\\\/03\\\/paradis-menthole.png?fit=1500%2C1875&ssl=1\",\"contentUrl\":\"https:\\\/\\\/i0.wp.com\\\/legentlecat.fr\\\/shop\\\/wp-content\\\/uploads\\\/2017\\\/03\\\/paradis-menthole.png?fit=1500%2C1875&ssl=1\",\"width\":1500,\"height\":1875},{\"@type\":\"BreadcrumbList\",\"@id\":\"https:\\\/\\\/legentlecat.fr\\\/shop\\\/index.php\\\/produit\\\/paradis-menthole-bio\\\/#breadcrumb\",\"itemListElement\":[{\"@type\":\"ListItem\",\"position\":1,\"name\":\"Accueil\",\"item\":\"https:\\\/\\\/legentlecat.fr\\\/shop\\\/\"},{\"@type\":\"ListItem\",\"position\":2,\"name\":\"Shop\",\"item\":\"https:\\\/\\\/legentlecat.fr\\\/shop\\\/index.php\\\/shop\\\/\"},{\"@type\":\"ListItem\",\"position\":3,\"name\":\"Paradis Menthol\u00e9 BIO\"}]},{\"@type\":\"WebSite\",\"@id\":\"https:\\\/\\\/legentlecat.fr\\\/shop\\\/#website\",\"url\":\"https:\\\/\\\/legentlecat.fr\\\/shop\\\/\",\"name\":\"Le GentleCat - Teashop\",\"description\":\"La boutique de th\u00e9 en ligne\",\"potentialAction\":[{\"@type\":\"SearchAction\",\"target\":{\"@type\":\"EntryPoint\",\"urlTemplate\":\"https:\\\/\\\/legentlecat.fr\\\/shop\\\/?s={search_term_string}\"},\"query-input\":{\"@type\":\"PropertyValueSpecification\",\"valueRequired\":true,\"valueName\":\"search_term_string\"}}],\"inLanguage\":\"fr-FR\"}]}<\/script>\n<!-- \/ Yoast SEO plugin. -->","yoast_head_json":{"title":"Paradis Menthol\u00e9 BIO - Le GentleCat - Teashop","robots":{"index":"index","follow":"follow","max-snippet":"max-snippet:-1","max-image-preview":"max-image-preview:large","max-video-preview":"max-video-preview:-1"},"canonical":"https:\/\/legentlecat.fr\/shop\/index.php\/produit\/paradis-menthole-bio\/","og_locale":"fr_FR","og_type":"article","og_title":"Paradis Menthol\u00e9 BIO - Le GentleCat - Teashop","og_description":"Sac herm\u00e9tique de 100 g\u00a0-\u00a0Avec sa l\u00e9g\u00e8re odeur de chlorophylle, ce th\u00e9 vert vous offre une tasse d'une infinie fra\u00eecheur. Il est id\u00e9al pour une pause revigorante. En raison des effets de la menthe, nous vous d\u00e9conseillons de consommer ce th\u00e9 avant d'aller vous coucher. Ce th\u00e9 constitue une tr\u00e8s bonne base pour des cocktails de th\u00e9 glac\u00e9. Saveur :\u00a0v\u00e9g\u00e9tale Composition :\u00a0th\u00e9 vert de chine sencha, menthe verte BIO","og_url":"https:\/\/legentlecat.fr\/shop\/index.php\/produit\/paradis-menthole-bio\/","og_site_name":"Le GentleCat - Teashop","article_modified_time":"2022-12-02T12:51:04+00:00","og_image":[{"width":819,"height":1024,"url":"https:\/\/legentlecat.fr\/shop\/wp-content\/uploads\/2017\/03\/paradis-menthole-819x1024.png","type":"image\/png"}],"twitter_card":"summary_large_image","schema":{"@context":"https:\/\/schema.org","@graph":[{"@type":"WebPage","@id":"https:\/\/legentlecat.fr\/shop\/index.php\/produit\/paradis-menthole-bio\/","url":"https:\/\/legentlecat.fr\/shop\/index.php\/produit\/paradis-menthole-bio\/","name":"Paradis Menthol\u00e9 BIO - Le GentleCat - Teashop","isPartOf":{"@id":"https:\/\/legentlecat.fr\/shop\/#website"},"primaryImageOfPage":{"@id":"https:\/\/legentlecat.fr\/shop\/index.php\/produit\/paradis-menthole-bio\/#primaryimage"},"image":{"@id":"https:\/\/legentlecat.fr\/shop\/index.php\/produit\/paradis-menthole-bio\/#primaryimage"},"thumbnailUrl":"https:\/\/i0.wp.com\/legentlecat.fr\/shop\/wp-content\/uploads\/2017\/03\/paradis-menthole.png?fit=1500%2C1875&ssl=1","datePublished":"2017-03-13T17:22:06+00:00","dateModified":"2022-12-02T12:51:04+00:00","breadcrumb":{"@id":"https:\/\/legentlecat.fr\/shop\/index.php\/produit\/paradis-menthole-bio\/#breadcrumb"},"inLanguage":"fr-FR","potentialAction":[{"@type":"ReadAction","target":["https:\/\/legentlecat.fr\/shop\/index.php\/produit\/paradis-menthole-bio\/"]}]},{"@type":"ImageObject","inLanguage":"fr-FR","@id":"https:\/\/legentlecat.fr\/shop\/index.php\/produit\/paradis-menthole-bio\/#primaryimage","url":"https:\/\/i0.wp.com\/legentlecat.fr\/shop\/wp-content\/uploads\/2017\/03\/paradis-menthole.png?fit=1500%2C1875&ssl=1","contentUrl":"https:\/\/i0.wp.com\/legentlecat.fr\/shop\/wp-content\/uploads\/2017\/03\/paradis-menthole.png?fit=1500%2C1875&ssl=1","width":1500,"height":1875},{"@type":"BreadcrumbList","@id":"https:\/\/legentlecat.fr\/shop\/index.php\/produit\/paradis-menthole-bio\/#breadcrumb","itemListElement":[{"@type":"ListItem","position":1,"name":"Accueil","item":"https:\/\/legentlecat.fr\/shop\/"},{"@type":"ListItem","position":2,"name":"Shop","item":"https:\/\/legentlecat.fr\/shop\/index.php\/shop\/"},{"@type":"ListItem","position":3,"name":"Paradis Menthol\u00e9 BIO"}]},{"@type":"WebSite","@id":"https:\/\/legentlecat.fr\/shop\/#website","url":"https:\/\/legentlecat.fr\/shop\/","name":"Le GentleCat - Teashop","description":"La boutique de th\u00e9 en ligne","potentialAction":[{"@type":"SearchAction","target":{"@type":"EntryPoint","urlTemplate":"https:\/\/legentlecat.fr\/shop\/?s={search_term_string}"},"query-input":{"@type":"PropertyValueSpecification","valueRequired":true,"valueName":"search_term_string"}}],"inLanguage":"fr-FR"}]}},"jetpack_publicize_connections":[],"jetpack_sharing_enabled":true,"jetpack-related-posts":[{"id":394,"url":"https:\/\/legentlecat.fr\/shop\/index.php\/produit\/saveur-dagadir-bio\/","url_meta":{"origin":499,"position":0},"title":"Saveur d&rsquo;Agadir BIO","author":"Jimmy RIOT","date":"13 mars 2017","format":false,"excerpt":"Sac herm\u00e9tique de 100 g\u00a0-\u00a0Ce m\u00e9lange de gunpowder et de menthe poivr\u00e9e est une recette typique du Maroc et des pays du Maghreb. On y estime que servir ce th\u00e9 d\u00e9salt\u00e9rant est une r\u00e8gle de savoir-vivre qu'un h\u00f4te raffin\u00e9 se doit de respecter. Traditionnellement ce th\u00e9 est servi tr\u00e8s sucr\u00e9,\u2026","rel":"","context":"Article similaire","block_context":{"text":"Article similaire","link":""},"img":{"alt_text":"","src":"https:\/\/i0.wp.com\/legentlecat.fr\/shop\/wp-content\/uploads\/2017\/03\/agadir.png?fit=960%2C1200&ssl=1&resize=350%2C200","width":350,"height":200,"srcset":"https:\/\/i0.wp.com\/legentlecat.fr\/shop\/wp-content\/uploads\/2017\/03\/agadir.png?fit=960%2C1200&ssl=1&resize=350%2C200 1x, https:\/\/i0.wp.com\/legentlecat.fr\/shop\/wp-content\/uploads\/2017\/03\/agadir.png?fit=960%2C1200&ssl=1&resize=525%2C300 1.5x, https:\/\/i0.wp.com\/legentlecat.fr\/shop\/wp-content\/uploads\/2017\/03\/agadir.png?fit=960%2C1200&ssl=1&resize=700%2C400 2x"},"classes":[]},{"id":858,"url":"https:\/\/legentlecat.fr\/shop\/index.php\/produit\/reglisse-delice-bio\/","url_meta":{"origin":499,"position":1},"title":"R\u00e9glisse D\u00e9lice BIO","author":"Jimmy RIOT","date":"19 mars 2017","format":false,"excerpt":"Sac herm\u00e9tique de 100 g\u00a0-\u00a0Ce th\u00e9 vert offre une tasse claire aux ar\u00f4mes de r\u00e9glisse et de menthe verte. Les deux saveurs s'y \u00e9pousent sans que l'une ne prenne le pas sur l'autre. La liqueur douce-amer de cette recette simple et efficace est d'une grande fra\u00eecheur. Ce th\u00e9 peut s'infuser\u2026","rel":"","context":"Article similaire","block_context":{"text":"Article similaire","link":""},"img":{"alt_text":"","src":"https:\/\/i0.wp.com\/legentlecat.fr\/shop\/wp-content\/uploads\/2017\/03\/reglisse-delice.png?fit=960%2C1200&ssl=1&resize=350%2C200","width":350,"height":200,"srcset":"https:\/\/i0.wp.com\/legentlecat.fr\/shop\/wp-content\/uploads\/2017\/03\/reglisse-delice.png?fit=960%2C1200&ssl=1&resize=350%2C200 1x, https:\/\/i0.wp.com\/legentlecat.fr\/shop\/wp-content\/uploads\/2017\/03\/reglisse-delice.png?fit=960%2C1200&ssl=1&resize=525%2C300 1.5x, https:\/\/i0.wp.com\/legentlecat.fr\/shop\/wp-content\/uploads\/2017\/03\/reglisse-delice.png?fit=960%2C1200&ssl=1&resize=700%2C400 2x"},"classes":[]},{"id":1594,"url":"https:\/\/legentlecat.fr\/shop\/index.php\/produit\/royal-gunpowder\/","url_meta":{"origin":499,"position":2},"title":"Royal Gunpowder","author":"Jimmy RIOT","date":"20 mars 2017","format":false,"excerpt":"Sac herm\u00e9tique de 100 g\u00a0-\u00a0Le gunpowder est un grand classique du th\u00e9 vert. Servant de base au th\u00e9 \u00e0 la menthe au Maroc ou en Alg\u00e9rie, il peut se d\u00e9guster seul ou avec du sucre et quelques feuilles de menthe. En infusion de th\u00e9 pur, il offre une saveur vive\u2026","rel":"","context":"Article similaire","block_context":{"text":"Article similaire","link":""},"img":{"alt_text":"","src":"https:\/\/i0.wp.com\/legentlecat.fr\/shop\/wp-content\/uploads\/2017\/03\/pic-gunpowder.png?fit=960%2C1200&ssl=1&resize=350%2C200","width":350,"height":200,"srcset":"https:\/\/i0.wp.com\/legentlecat.fr\/shop\/wp-content\/uploads\/2017\/03\/pic-gunpowder.png?fit=960%2C1200&ssl=1&resize=350%2C200 1x, https:\/\/i0.wp.com\/legentlecat.fr\/shop\/wp-content\/uploads\/2017\/03\/pic-gunpowder.png?fit=960%2C1200&ssl=1&resize=525%2C300 1.5x, https:\/\/i0.wp.com\/legentlecat.fr\/shop\/wp-content\/uploads\/2017\/03\/pic-gunpowder.png?fit=960%2C1200&ssl=1&resize=700%2C400 2x"},"classes":[]},{"id":415,"url":"https:\/\/legentlecat.fr\/shop\/index.php\/produit\/ice-tea-peche\/","url_meta":{"origin":499,"position":3},"title":"Ice tea P\u00eache","author":"Jimmy RIOT","date":"13 mars 2017","format":false,"excerpt":"Sac herm\u00e9tique de 100 g\u00a0-\u00a0Le th\u00e9 Ice Tea saveur P\u00eache est un th\u00e9 vert id\u00e9al pour les pr\u00e9parations de th\u00e9s glac\u00e9s. Pour se faire, il suffit de faire infuser le th\u00e9 dans une eau \u00e0 temp\u00e9rature ambiante pendant 5 heures puis de retirer le sachet de th\u00e9 pour y ajouter\u2026","rel":"","context":"Article similaire","block_context":{"text":"Article similaire","link":""},"img":{"alt_text":"","src":"https:\/\/i0.wp.com\/legentlecat.fr\/shop\/wp-content\/uploads\/2017\/03\/icetea-peche.png?fit=960%2C1200&ssl=1&resize=350%2C200","width":350,"height":200,"srcset":"https:\/\/i0.wp.com\/legentlecat.fr\/shop\/wp-content\/uploads\/2017\/03\/icetea-peche.png?fit=960%2C1200&ssl=1&resize=350%2C200 1x, https:\/\/i0.wp.com\/legentlecat.fr\/shop\/wp-content\/uploads\/2017\/03\/icetea-peche.png?fit=960%2C1200&ssl=1&resize=525%2C300 1.5x, https:\/\/i0.wp.com\/legentlecat.fr\/shop\/wp-content\/uploads\/2017\/03\/icetea-peche.png?fit=960%2C1200&ssl=1&resize=700%2C400 2x"},"classes":[]},{"id":942,"url":"https:\/\/legentlecat.fr\/shop\/index.php\/produit\/tout-beau-tout-fort-bio\/","url_meta":{"origin":499,"position":4},"title":"Tout beau tout fort BIO","author":"Jimmy RIOT","date":"19 mars 2017","format":false,"excerpt":"Sac herm\u00e9tique de 100 g\u00a0-\u00a0La tisane\u00a0de l\u00e9gume : elle offre une infusion plus originale que du th\u00e9 ou des fruits... Pour un cadeau ou pour d\u00e9couvrir de nouvelles saveurs, c'est un tr\u00e8s bon achat. Vous pouvez d\u00e9guster cette tisane au d\u00e9but ou \u00e0 la fin du repas, ou la consommer\u2026","rel":"","context":"Article similaire","block_context":{"text":"Article similaire","link":""},"img":{"alt_text":"","src":"https:\/\/i0.wp.com\/legentlecat.fr\/shop\/wp-content\/uploads\/2017\/03\/epinard.png?fit=960%2C1200&ssl=1&resize=350%2C200","width":350,"height":200,"srcset":"https:\/\/i0.wp.com\/legentlecat.fr\/shop\/wp-content\/uploads\/2017\/03\/epinard.png?fit=960%2C1200&ssl=1&resize=350%2C200 1x, https:\/\/i0.wp.com\/legentlecat.fr\/shop\/wp-content\/uploads\/2017\/03\/epinard.png?fit=960%2C1200&ssl=1&resize=525%2C300 1.5x, https:\/\/i0.wp.com\/legentlecat.fr\/shop\/wp-content\/uploads\/2017\/03\/epinard.png?fit=960%2C1200&ssl=1&resize=700%2C400 2x"},"classes":[]},{"id":1573,"url":"https:\/\/legentlecat.fr\/shop\/index.php\/produit\/sencha-origine-bio\/","url_meta":{"origin":499,"position":5},"title":"Sencha origine BIO","author":"Jimmy RIOT","date":"20 mars 2017","format":false,"excerpt":"Sac herm\u00e9tique de 100 g\u00a0-\u00a0Ce th\u00e9 vert est manufactur\u00e9 en Chine, bien que le sencha soit \u00e0 la base un th\u00e9 vert japonais ; son nom signifie d'ailleurs \"th\u00e9 en b\u00e2tonnet\", caract\u00e9ristique qui le rend parfaitement identifiable.\u00a0De tous les th\u00e9s verts origines, c'est l'un de ceux qui contient le plus\u2026","rel":"","context":"Article similaire","block_context":{"text":"Article similaire","link":""},"img":{"alt_text":"","src":"https:\/\/i0.wp.com\/legentlecat.fr\/shop\/wp-content\/uploads\/2017\/03\/pic-sencha.png?fit=960%2C1200&ssl=1&resize=350%2C200","width":350,"height":200,"srcset":"https:\/\/i0.wp.com\/legentlecat.fr\/shop\/wp-content\/uploads\/2017\/03\/pic-sencha.png?fit=960%2C1200&ssl=1&resize=350%2C200 1x, https:\/\/i0.wp.com\/legentlecat.fr\/shop\/wp-content\/uploads\/2017\/03\/pic-sencha.png?fit=960%2C1200&ssl=1&resize=525%2C300 1.5x, https:\/\/i0.wp.com\/legentlecat.fr\/shop\/wp-content\/uploads\/2017\/03\/pic-sencha.png?fit=960%2C1200&ssl=1&resize=700%2C400 2x"},"classes":[]}],"_links":{"self":[{"href":"https:\/\/legentlecat.fr\/shop\/index.php\/wp-json\/wp\/v2\/product\/499","targetHints":{"allow":["GET"]}}],"collection":[{"href":"https:\/\/legentlecat.fr\/shop\/index.php\/wp-json\/wp\/v2\/product"}],"about":[{"href":"https:\/\/legentlecat.fr\/shop\/index.php\/wp-json\/wp\/v2\/types\/product"}],"wp:featuredmedia":[{"embeddable":true,"href":"https:\/\/legentlecat.fr\/shop\/index.php\/wp-json\/wp\/v2\/media\/2326"}],"wp:attachment":[{"href":"https:\/\/legentlecat.fr\/shop\/index.php\/wp-json\/wp\/v2\/media?parent=499"}],"wp:term":[{"taxonomy":"product_brand","embeddable":true,"href":"https:\/\/legentlecat.fr\/shop\/index.php\/wp-json\/wp\/v2\/product_brand?post=499"},{"taxonomy":"product_cat","embeddable":true,"href":"https:\/\/legentlecat.fr\/shop\/index.php\/wp-json\/wp\/v2\/product_cat?post=499"},{"taxonomy":"product_tag","embeddable":true,"href":"https:\/\/legentlecat.fr\/shop\/index.php\/wp-json\/wp\/v2\/product_tag?post=499"}],"curies":[{"name":"wp","href":"https:\/\/api.w.org\/{rel}","templated":true}]}}