{"id":4527,"date":"2021-12-02T19:56:30","date_gmt":"2021-12-02T18:56:30","guid":{"rendered":"https:\/\/legentlecat.fr\/shop\/?post_type=product&#038;p=4527"},"modified":"2024-04-16T07:27:57","modified_gmt":"2024-04-16T05:27:57","slug":"tasse-guillemette-le-scottish","status":"publish","type":"product","link":"https:\/\/legentlecat.fr\/shop\/index.php\/produit\/tasse-guillemette-le-scottish\/","title":{"rendered":"Tasse &#8211; Guillemette le Scottish"},"content":{"rendered":"","protected":false},"excerpt":{"rendered":"<p style=\"text-align: justify;\">Tous nos objets d\u00e9riv\u00e9s sont \u00e0 l&rsquo;effigie des petits r\u00e9sidents du GentleCat. Avec ce mug tr\u00e8s \u00ab\u00a0miaou\u00a0\u00bb, vous \u00eates s\u00fbr de vous d\u00e9marquer : un cadeau qui fera plaisir, ou un service \u00e0 vaisselle sur votre table qui fera sourire.<\/p>\n<p style=\"text-align: justify;\">Cette tasse de 30cl est solide et elle peut ais\u00e9ment passer au lave-vaisselle ainsi qu&rsquo;au micro-onde.<\/p>\n","protected":false},"featured_media":4519,"template":"","meta":{"jetpack_post_was_ever_published":false,"jetpack_publicize_message":"","jetpack_publicize_feature_enabled":true,"jetpack_social_post_already_shared":true,"jetpack_social_options":{"image_generator_settings":{"template":"highway","default_image_id":0,"font":"","enabled":false},"version":2}},"product_brand":[],"product_cat":[36,40],"product_tag":[8,196,189,25],"class_list":{"0":"post-4527","1":"product","2":"type-product","3":"status-publish","4":"has-post-thumbnail","6":"product_cat-fanshop","7":"product_cat-consommer","8":"product_tag-accessoire","9":"product_tag-chadidas","10":"product_tag-idee-cadeau","11":"product_tag-mug","13":"first","14":"instock","15":"taxable","16":"shipping-taxable","17":"purchasable","18":"product-type-simple"},"yoast_head":"<!-- This site is optimized with the Yoast SEO plugin v27.3 - https:\/\/yoast.com\/product\/yoast-seo-wordpress\/ -->\n<title>Tasse - Guillemette le Scottish - Le GentleCat - Teashop<\/title>\n<meta name=\"robots\" content=\"index, follow, max-snippet:-1, max-image-preview:large, max-video-preview:-1\" \/>\n<link rel=\"canonical\" href=\"https:\/\/legentlecat.fr\/shop\/index.php\/produit\/tasse-guillemette-le-scottish\/\" \/>\n<meta property=\"og:locale\" content=\"fr_FR\" \/>\n<meta property=\"og:type\" content=\"article\" \/>\n<meta property=\"og:title\" content=\"Tasse - Guillemette le Scottish - Le GentleCat - Teashop\" \/>\n<meta property=\"og:description\" content=\"Tous nos objets d\u00e9riv\u00e9s sont \u00e0 l&#039;effigie des petits r\u00e9sidents du GentleCat. Avec ce mug tr\u00e8s &quot;miaou&quot;, vous \u00eates s\u00fbr de vous d\u00e9marquer : un cadeau qui fera plaisir, ou un service \u00e0 vaisselle sur votre table qui fera sourire. Cette tasse de 30cl est solide et elle peut ais\u00e9ment passer au lave-vaisselle ainsi qu&#039;au micro-onde.\" \/>\n<meta property=\"og:url\" content=\"https:\/\/legentlecat.fr\/shop\/index.php\/produit\/tasse-guillemette-le-scottish\/\" \/>\n<meta property=\"og:site_name\" content=\"Le GentleCat - Teashop\" \/>\n<meta property=\"article:modified_time\" content=\"2024-04-16T05:27:57+00:00\" \/>\n<meta property=\"og:image\" content=\"https:\/\/i0.wp.com\/legentlecat.fr\/shop\/wp-content\/uploads\/2020\/11\/mug-guigui.jpg?fit=750%2C800&ssl=1\" \/>\n\t<meta property=\"og:image:width\" content=\"750\" \/>\n\t<meta property=\"og:image:height\" content=\"800\" \/>\n\t<meta property=\"og:image:type\" content=\"image\/jpeg\" \/>\n<meta name=\"twitter:card\" content=\"summary_large_image\" \/>\n<script type=\"application\/ld+json\" class=\"yoast-schema-graph\">{\"@context\":\"https:\\\/\\\/schema.org\",\"@graph\":[{\"@type\":\"WebPage\",\"@id\":\"https:\\\/\\\/legentlecat.fr\\\/shop\\\/index.php\\\/produit\\\/tasse-guillemette-le-scottish\\\/\",\"url\":\"https:\\\/\\\/legentlecat.fr\\\/shop\\\/index.php\\\/produit\\\/tasse-guillemette-le-scottish\\\/\",\"name\":\"Tasse - Guillemette le Scottish - Le GentleCat - Teashop\",\"isPartOf\":{\"@id\":\"https:\\\/\\\/legentlecat.fr\\\/shop\\\/#website\"},\"primaryImageOfPage\":{\"@id\":\"https:\\\/\\\/legentlecat.fr\\\/shop\\\/index.php\\\/produit\\\/tasse-guillemette-le-scottish\\\/#primaryimage\"},\"image\":{\"@id\":\"https:\\\/\\\/legentlecat.fr\\\/shop\\\/index.php\\\/produit\\\/tasse-guillemette-le-scottish\\\/#primaryimage\"},\"thumbnailUrl\":\"https:\\\/\\\/i0.wp.com\\\/legentlecat.fr\\\/shop\\\/wp-content\\\/uploads\\\/2020\\\/11\\\/mug-guigui.jpg?fit=750%2C800&ssl=1\",\"datePublished\":\"2021-12-02T18:56:30+00:00\",\"dateModified\":\"2024-04-16T05:27:57+00:00\",\"breadcrumb\":{\"@id\":\"https:\\\/\\\/legentlecat.fr\\\/shop\\\/index.php\\\/produit\\\/tasse-guillemette-le-scottish\\\/#breadcrumb\"},\"inLanguage\":\"fr-FR\",\"potentialAction\":[{\"@type\":\"ReadAction\",\"target\":[\"https:\\\/\\\/legentlecat.fr\\\/shop\\\/index.php\\\/produit\\\/tasse-guillemette-le-scottish\\\/\"]}]},{\"@type\":\"ImageObject\",\"inLanguage\":\"fr-FR\",\"@id\":\"https:\\\/\\\/legentlecat.fr\\\/shop\\\/index.php\\\/produit\\\/tasse-guillemette-le-scottish\\\/#primaryimage\",\"url\":\"https:\\\/\\\/i0.wp.com\\\/legentlecat.fr\\\/shop\\\/wp-content\\\/uploads\\\/2020\\\/11\\\/mug-guigui.jpg?fit=750%2C800&ssl=1\",\"contentUrl\":\"https:\\\/\\\/i0.wp.com\\\/legentlecat.fr\\\/shop\\\/wp-content\\\/uploads\\\/2020\\\/11\\\/mug-guigui.jpg?fit=750%2C800&ssl=1\",\"width\":750,\"height\":800},{\"@type\":\"BreadcrumbList\",\"@id\":\"https:\\\/\\\/legentlecat.fr\\\/shop\\\/index.php\\\/produit\\\/tasse-guillemette-le-scottish\\\/#breadcrumb\",\"itemListElement\":[{\"@type\":\"ListItem\",\"position\":1,\"name\":\"Accueil\",\"item\":\"https:\\\/\\\/legentlecat.fr\\\/shop\\\/\"},{\"@type\":\"ListItem\",\"position\":2,\"name\":\"Shop\",\"item\":\"https:\\\/\\\/legentlecat.fr\\\/shop\\\/index.php\\\/shop\\\/\"},{\"@type\":\"ListItem\",\"position\":3,\"name\":\"Tasse &#8211; Guillemette le Scottish\"}]},{\"@type\":\"WebSite\",\"@id\":\"https:\\\/\\\/legentlecat.fr\\\/shop\\\/#website\",\"url\":\"https:\\\/\\\/legentlecat.fr\\\/shop\\\/\",\"name\":\"Le GentleCat - Teashop\",\"description\":\"La boutique de th\u00e9 en ligne\",\"potentialAction\":[{\"@type\":\"SearchAction\",\"target\":{\"@type\":\"EntryPoint\",\"urlTemplate\":\"https:\\\/\\\/legentlecat.fr\\\/shop\\\/?s={search_term_string}\"},\"query-input\":{\"@type\":\"PropertyValueSpecification\",\"valueRequired\":true,\"valueName\":\"search_term_string\"}}],\"inLanguage\":\"fr-FR\"}]}<\/script>\n<!-- \/ Yoast SEO plugin. -->","yoast_head_json":{"title":"Tasse - Guillemette le Scottish - Le GentleCat - Teashop","robots":{"index":"index","follow":"follow","max-snippet":"max-snippet:-1","max-image-preview":"max-image-preview:large","max-video-preview":"max-video-preview:-1"},"canonical":"https:\/\/legentlecat.fr\/shop\/index.php\/produit\/tasse-guillemette-le-scottish\/","og_locale":"fr_FR","og_type":"article","og_title":"Tasse - Guillemette le Scottish - Le GentleCat - Teashop","og_description":"Tous nos objets d\u00e9riv\u00e9s sont \u00e0 l'effigie des petits r\u00e9sidents du GentleCat. Avec ce mug tr\u00e8s \"miaou\", vous \u00eates s\u00fbr de vous d\u00e9marquer : un cadeau qui fera plaisir, ou un service \u00e0 vaisselle sur votre table qui fera sourire. Cette tasse de 30cl est solide et elle peut ais\u00e9ment passer au lave-vaisselle ainsi qu'au micro-onde.","og_url":"https:\/\/legentlecat.fr\/shop\/index.php\/produit\/tasse-guillemette-le-scottish\/","og_site_name":"Le GentleCat - Teashop","article_modified_time":"2024-04-16T05:27:57+00:00","og_image":[{"width":750,"height":800,"url":"https:\/\/i0.wp.com\/legentlecat.fr\/shop\/wp-content\/uploads\/2020\/11\/mug-guigui.jpg?fit=750%2C800&ssl=1","type":"image\/jpeg"}],"twitter_card":"summary_large_image","schema":{"@context":"https:\/\/schema.org","@graph":[{"@type":"WebPage","@id":"https:\/\/legentlecat.fr\/shop\/index.php\/produit\/tasse-guillemette-le-scottish\/","url":"https:\/\/legentlecat.fr\/shop\/index.php\/produit\/tasse-guillemette-le-scottish\/","name":"Tasse - Guillemette le Scottish - Le GentleCat - Teashop","isPartOf":{"@id":"https:\/\/legentlecat.fr\/shop\/#website"},"primaryImageOfPage":{"@id":"https:\/\/legentlecat.fr\/shop\/index.php\/produit\/tasse-guillemette-le-scottish\/#primaryimage"},"image":{"@id":"https:\/\/legentlecat.fr\/shop\/index.php\/produit\/tasse-guillemette-le-scottish\/#primaryimage"},"thumbnailUrl":"https:\/\/i0.wp.com\/legentlecat.fr\/shop\/wp-content\/uploads\/2020\/11\/mug-guigui.jpg?fit=750%2C800&ssl=1","datePublished":"2021-12-02T18:56:30+00:00","dateModified":"2024-04-16T05:27:57+00:00","breadcrumb":{"@id":"https:\/\/legentlecat.fr\/shop\/index.php\/produit\/tasse-guillemette-le-scottish\/#breadcrumb"},"inLanguage":"fr-FR","potentialAction":[{"@type":"ReadAction","target":["https:\/\/legentlecat.fr\/shop\/index.php\/produit\/tasse-guillemette-le-scottish\/"]}]},{"@type":"ImageObject","inLanguage":"fr-FR","@id":"https:\/\/legentlecat.fr\/shop\/index.php\/produit\/tasse-guillemette-le-scottish\/#primaryimage","url":"https:\/\/i0.wp.com\/legentlecat.fr\/shop\/wp-content\/uploads\/2020\/11\/mug-guigui.jpg?fit=750%2C800&ssl=1","contentUrl":"https:\/\/i0.wp.com\/legentlecat.fr\/shop\/wp-content\/uploads\/2020\/11\/mug-guigui.jpg?fit=750%2C800&ssl=1","width":750,"height":800},{"@type":"BreadcrumbList","@id":"https:\/\/legentlecat.fr\/shop\/index.php\/produit\/tasse-guillemette-le-scottish\/#breadcrumb","itemListElement":[{"@type":"ListItem","position":1,"name":"Accueil","item":"https:\/\/legentlecat.fr\/shop\/"},{"@type":"ListItem","position":2,"name":"Shop","item":"https:\/\/legentlecat.fr\/shop\/index.php\/shop\/"},{"@type":"ListItem","position":3,"name":"Tasse &#8211; Guillemette le Scottish"}]},{"@type":"WebSite","@id":"https:\/\/legentlecat.fr\/shop\/#website","url":"https:\/\/legentlecat.fr\/shop\/","name":"Le GentleCat - Teashop","description":"La boutique de th\u00e9 en ligne","potentialAction":[{"@type":"SearchAction","target":{"@type":"EntryPoint","urlTemplate":"https:\/\/legentlecat.fr\/shop\/?s={search_term_string}"},"query-input":{"@type":"PropertyValueSpecification","valueRequired":true,"valueName":"search_term_string"}}],"inLanguage":"fr-FR"}]}},"jetpack_publicize_connections":[],"jetpack_sharing_enabled":true,"jetpack-related-posts":[{"id":4525,"url":"https:\/\/legentlecat.fr\/shop\/index.php\/produit\/tasse-louise-la-chartreuse\/","url_meta":{"origin":4527,"position":0},"title":"Tasse &#8211; Louise la Chartreuse","author":"Jimmy RIOT","date":"2 d\u00e9cembre 2021","format":false,"excerpt":"Tous nos objets d\u00e9riv\u00e9s sont \u00e0 l'effigie des petits r\u00e9sidents du GentleCat. Avec ce mug tr\u00e8s \"miaou\", vous \u00eates s\u00fbr de vous d\u00e9marquer : un cadeau qui fera plaisir, ou un service \u00e0 vaisselle sur votre table qui fera sourire. Cette tasse de 30cl est solide et elle peut ais\u00e9ment\u2026","rel":"","context":"Article similaire","block_context":{"text":"Article similaire","link":""},"img":{"alt_text":"","src":"https:\/\/i0.wp.com\/legentlecat.fr\/shop\/wp-content\/uploads\/2020\/11\/mug-louise.jpg?fit=750%2C800&ssl=1&resize=350%2C200","width":350,"height":200,"srcset":"https:\/\/i0.wp.com\/legentlecat.fr\/shop\/wp-content\/uploads\/2020\/11\/mug-louise.jpg?fit=750%2C800&ssl=1&resize=350%2C200 1x, https:\/\/i0.wp.com\/legentlecat.fr\/shop\/wp-content\/uploads\/2020\/11\/mug-louise.jpg?fit=750%2C800&ssl=1&resize=525%2C300 1.5x, https:\/\/i0.wp.com\/legentlecat.fr\/shop\/wp-content\/uploads\/2020\/11\/mug-louise.jpg?fit=750%2C800&ssl=1&resize=700%2C400 2x"},"classes":[]},{"id":4526,"url":"https:\/\/legentlecat.fr\/shop\/index.php\/produit\/tasse-nicole-lexotic-shorthair\/","url_meta":{"origin":4527,"position":1},"title":"Tasse &#8211; Nicole l&rsquo;Exotic Shorthair","author":"Jimmy RIOT","date":"2 d\u00e9cembre 2021","format":false,"excerpt":"Tous nos objets d\u00e9riv\u00e9s sont \u00e0 l'effigie des petits r\u00e9sidents du GentleCat. Avec ce mug tr\u00e8s \"miaou\", vous \u00eates s\u00fbr de vous d\u00e9marquer : un cadeau qui fera plaisir, ou un service \u00e0 vaisselle sur votre table qui fera sourire. Cette tasse de 30cl est solide et elle peut ais\u00e9ment\u2026","rel":"","context":"Article similaire","block_context":{"text":"Article similaire","link":""},"img":{"alt_text":"","src":"https:\/\/i0.wp.com\/legentlecat.fr\/shop\/wp-content\/uploads\/2020\/11\/mug-nicole.jpg?fit=750%2C800&ssl=1&resize=350%2C200","width":350,"height":200,"srcset":"https:\/\/i0.wp.com\/legentlecat.fr\/shop\/wp-content\/uploads\/2020\/11\/mug-nicole.jpg?fit=750%2C800&ssl=1&resize=350%2C200 1x, https:\/\/i0.wp.com\/legentlecat.fr\/shop\/wp-content\/uploads\/2020\/11\/mug-nicole.jpg?fit=750%2C800&ssl=1&resize=525%2C300 1.5x, https:\/\/i0.wp.com\/legentlecat.fr\/shop\/wp-content\/uploads\/2020\/11\/mug-nicole.jpg?fit=750%2C800&ssl=1&resize=700%2C400 2x"},"classes":[]},{"id":4528,"url":"https:\/\/legentlecat.fr\/shop\/index.php\/produit\/tasse-alberte-la-bengale\/","url_meta":{"origin":4527,"position":2},"title":"Tasse &#8211; Alberte la Bengale","author":"Jimmy RIOT","date":"2 d\u00e9cembre 2021","format":false,"excerpt":"Tous nos objets d\u00e9riv\u00e9s sont \u00e0 l'effigie des petits r\u00e9sidents du GentleCat. Avec ce mug tr\u00e8s \"miaou\", vous \u00eates s\u00fbr de vous d\u00e9marquer : un cadeau qui fera plaisir, ou un service \u00e0 vaisselle sur votre table qui fera sourire. Cette tasse de 30cl est solide et elle peut ais\u00e9ment\u2026","rel":"","context":"Article similaire","block_context":{"text":"Article similaire","link":""},"img":{"alt_text":"","src":"https:\/\/i0.wp.com\/legentlecat.fr\/shop\/wp-content\/uploads\/2020\/11\/mug-alberte.jpg?fit=750%2C800&ssl=1&resize=350%2C200","width":350,"height":200,"srcset":"https:\/\/i0.wp.com\/legentlecat.fr\/shop\/wp-content\/uploads\/2020\/11\/mug-alberte.jpg?fit=750%2C800&ssl=1&resize=350%2C200 1x, https:\/\/i0.wp.com\/legentlecat.fr\/shop\/wp-content\/uploads\/2020\/11\/mug-alberte.jpg?fit=750%2C800&ssl=1&resize=525%2C300 1.5x, https:\/\/i0.wp.com\/legentlecat.fr\/shop\/wp-content\/uploads\/2020\/11\/mug-alberte.jpg?fit=750%2C800&ssl=1&resize=700%2C400 2x"},"classes":[]},{"id":4530,"url":"https:\/\/legentlecat.fr\/shop\/index.php\/produit\/tasse-charline-lamerican-curl\/","url_meta":{"origin":4527,"position":3},"title":"Tasse &#8211; Charline l&rsquo;American Curl","author":"Jimmy RIOT","date":"2 d\u00e9cembre 2021","format":false,"excerpt":"Tous nos objets d\u00e9riv\u00e9s sont \u00e0 l'effigie des petits r\u00e9sidents du GentleCat. Avec ce mug tr\u00e8s \"miaou\", vous \u00eates s\u00fbr de vous d\u00e9marquer : un cadeau qui fera plaisir, ou un service \u00e0 vaisselle sur votre table qui fera sourire. Cette tasse de 30cl est solide et elle peut ais\u00e9ment\u2026","rel":"","context":"Article similaire","block_context":{"text":"Article similaire","link":""},"img":{"alt_text":"","src":"https:\/\/i0.wp.com\/legentlecat.fr\/shop\/wp-content\/uploads\/2020\/11\/mug-charline.jpg?fit=750%2C800&ssl=1&resize=350%2C200","width":350,"height":200,"srcset":"https:\/\/i0.wp.com\/legentlecat.fr\/shop\/wp-content\/uploads\/2020\/11\/mug-charline.jpg?fit=750%2C800&ssl=1&resize=350%2C200 1x, https:\/\/i0.wp.com\/legentlecat.fr\/shop\/wp-content\/uploads\/2020\/11\/mug-charline.jpg?fit=750%2C800&ssl=1&resize=525%2C300 1.5x, https:\/\/i0.wp.com\/legentlecat.fr\/shop\/wp-content\/uploads\/2020\/11\/mug-charline.jpg?fit=750%2C800&ssl=1&resize=700%2C400 2x"},"classes":[]},{"id":4531,"url":"https:\/\/legentlecat.fr\/shop\/index.php\/produit\/tasse-diane-la-somalie\/","url_meta":{"origin":4527,"position":4},"title":"Tasse &#8211; Diane la Somalie","author":"Jimmy RIOT","date":"2 d\u00e9cembre 2021","format":false,"excerpt":"Tous nos objets d\u00e9riv\u00e9s sont \u00e0 l'effigie des petits r\u00e9sidents du GentleCat. Avec ce mug tr\u00e8s \"miaou\", vous \u00eates s\u00fbr de vous d\u00e9marquer : un cadeau qui fera plaisir, ou un service \u00e0 vaisselle sur votre table qui fera sourire. Cette tasse de 30cl est solide et elle peut ais\u00e9ment\u2026","rel":"","context":"Article similaire","block_context":{"text":"Article similaire","link":""},"img":{"alt_text":"","src":"https:\/\/i0.wp.com\/legentlecat.fr\/shop\/wp-content\/uploads\/2020\/11\/mug-diane.jpg?fit=750%2C800&ssl=1&resize=350%2C200","width":350,"height":200,"srcset":"https:\/\/i0.wp.com\/legentlecat.fr\/shop\/wp-content\/uploads\/2020\/11\/mug-diane.jpg?fit=750%2C800&ssl=1&resize=350%2C200 1x, https:\/\/i0.wp.com\/legentlecat.fr\/shop\/wp-content\/uploads\/2020\/11\/mug-diane.jpg?fit=750%2C800&ssl=1&resize=525%2C300 1.5x, https:\/\/i0.wp.com\/legentlecat.fr\/shop\/wp-content\/uploads\/2020\/11\/mug-diane.jpg?fit=750%2C800&ssl=1&resize=700%2C400 2x"},"classes":[]},{"id":3152,"url":"https:\/\/legentlecat.fr\/shop\/index.php\/produit\/tasse-gaypride\/","url_meta":{"origin":4527,"position":5},"title":"Tasse &#8211; Jeanne la Persane","author":"Jimmy RIOT","date":"3 novembre 2020","format":false,"excerpt":"Tous nos objets d\u00e9riv\u00e9s sont \u00e0 l'effigie des petits r\u00e9sidents du GentleCat. Avec ce mug tr\u00e8s \"miaou\", vous \u00eates s\u00fbr de vous d\u00e9marquer : un cadeau qui fera plaisir, ou un service \u00e0 vaisselle sur votre table qui fera sourire. Cette tasse de 30cl est solide et elle peut ais\u00e9ment\u2026","rel":"","context":"Article similaire","block_context":{"text":"Article similaire","link":""},"img":{"alt_text":"","src":"https:\/\/i0.wp.com\/legentlecat.fr\/shop\/wp-content\/uploads\/2020\/11\/mug-jeanne.jpg?fit=750%2C800&ssl=1&resize=350%2C200","width":350,"height":200,"srcset":"https:\/\/i0.wp.com\/legentlecat.fr\/shop\/wp-content\/uploads\/2020\/11\/mug-jeanne.jpg?fit=750%2C800&ssl=1&resize=350%2C200 1x, https:\/\/i0.wp.com\/legentlecat.fr\/shop\/wp-content\/uploads\/2020\/11\/mug-jeanne.jpg?fit=750%2C800&ssl=1&resize=525%2C300 1.5x, https:\/\/i0.wp.com\/legentlecat.fr\/shop\/wp-content\/uploads\/2020\/11\/mug-jeanne.jpg?fit=750%2C800&ssl=1&resize=700%2C400 2x"},"classes":[]}],"_links":{"self":[{"href":"https:\/\/legentlecat.fr\/shop\/index.php\/wp-json\/wp\/v2\/product\/4527","targetHints":{"allow":["GET"]}}],"collection":[{"href":"https:\/\/legentlecat.fr\/shop\/index.php\/wp-json\/wp\/v2\/product"}],"about":[{"href":"https:\/\/legentlecat.fr\/shop\/index.php\/wp-json\/wp\/v2\/types\/product"}],"wp:featuredmedia":[{"embeddable":true,"href":"https:\/\/legentlecat.fr\/shop\/index.php\/wp-json\/wp\/v2\/media\/4519"}],"wp:attachment":[{"href":"https:\/\/legentlecat.fr\/shop\/index.php\/wp-json\/wp\/v2\/media?parent=4527"}],"wp:term":[{"taxonomy":"product_brand","embeddable":true,"href":"https:\/\/legentlecat.fr\/shop\/index.php\/wp-json\/wp\/v2\/product_brand?post=4527"},{"taxonomy":"product_cat","embeddable":true,"href":"https:\/\/legentlecat.fr\/shop\/index.php\/wp-json\/wp\/v2\/product_cat?post=4527"},{"taxonomy":"product_tag","embeddable":true,"href":"https:\/\/legentlecat.fr\/shop\/index.php\/wp-json\/wp\/v2\/product_tag?post=4527"}],"curies":[{"name":"wp","href":"https:\/\/api.w.org\/{rel}","templated":true}]}}