{"id":4509,"date":"2021-12-02T19:46:37","date_gmt":"2021-12-02T18:46:37","guid":{"rendered":"https:\/\/legentlecat.fr\/shop\/?post_type=product&#038;p=4509"},"modified":"2023-11-28T03:50:09","modified_gmt":"2023-11-28T02:50:09","slug":"carte-alberte-la-bengale","status":"publish","type":"product","link":"https:\/\/legentlecat.fr\/shop\/index.php\/produit\/carte-alberte-la-bengale\/","title":{"rendered":"Carte &#8211; Alberte la Bengale"},"content":{"rendered":"","protected":false},"excerpt":{"rendered":"<p style=\"text-align: justify;\">Oh ouha mais qu&rsquo;est-ce que c&rsquo;est que cette carte postale ? Elle est grave canon ! &#8211; Oui, je sais, je l&rsquo;ai achet\u00e9 au GentleCat. Ils ont fait une carte postale par chat et comme <strong>Alberte c&rsquo;est ma pr\u00e9f\u00e9r\u00e9e<\/strong>, j&rsquo;ai pris celle-ci&#8230; En plus cette finition satin\u00e9e, c&rsquo;est vraiment tr\u00e8s beau.<\/p>\n<p style=\"text-align: justify;\">Vous aussi, ayez des conversations incroyables et impressionnez vos amis gr\u00e2ce \u00e0 <strong>nos superbes cartes postales rigides au format polaro\u00efd<\/strong> \u00e0 envoyer, \u00e0 encadrer, \u00e0 coller ! Et si vous voulez faire plaisir \u00e0 un ami, n&rsquo;h\u00e9sitez pas \u00e0 lui offrir toute la collection !<\/p>\n","protected":false},"featured_media":4470,"template":"","meta":{"jetpack_post_was_ever_published":false,"jetpack_publicize_message":"","jetpack_publicize_feature_enabled":true,"jetpack_social_post_already_shared":true,"jetpack_social_options":{"image_generator_settings":{"template":"highway","default_image_id":0,"font":"","enabled":false},"version":2}},"product_brand":[],"product_cat":[52],"product_tag":[219,189,218],"class_list":{"0":"post-4509","1":"product","2":"type-product","3":"status-publish","4":"has-post-thumbnail","6":"product_cat-goodiescadeaux","7":"product_tag-charline","8":"product_tag-idee-cadeau","9":"product_tag-magnet","11":"first","12":"instock","13":"taxable","14":"shipping-taxable","15":"purchasable","16":"product-type-simple"},"yoast_head":"<!-- This site is optimized with the Yoast SEO plugin v27.3 - https:\/\/yoast.com\/product\/yoast-seo-wordpress\/ -->\n<title>Carte - Alberte la Bengale - Le GentleCat - Teashop<\/title>\n<meta name=\"robots\" content=\"index, follow, max-snippet:-1, max-image-preview:large, max-video-preview:-1\" \/>\n<link rel=\"canonical\" href=\"https:\/\/legentlecat.fr\/shop\/index.php\/produit\/carte-alberte-la-bengale\/\" \/>\n<meta property=\"og:locale\" content=\"fr_FR\" \/>\n<meta property=\"og:type\" content=\"article\" \/>\n<meta property=\"og:title\" content=\"Carte - Alberte la Bengale - Le GentleCat - Teashop\" \/>\n<meta property=\"og:description\" content=\"Oh ouha mais qu&#039;est-ce que c&#039;est que cette carte postale ? Elle est grave canon ! - Oui, je sais, je l&#039;ai achet\u00e9 au GentleCat. Ils ont fait une carte postale par chat et comme Alberte c&#039;est ma pr\u00e9f\u00e9r\u00e9e, j&#039;ai pris celle-ci... En plus cette finition satin\u00e9e, c&#039;est vraiment tr\u00e8s beau. Vous aussi, ayez des conversations incroyables et impressionnez vos amis gr\u00e2ce \u00e0 nos superbes cartes postales rigides au format polaro\u00efd \u00e0 envoyer, \u00e0 encadrer, \u00e0 coller ! Et si vous voulez faire plaisir \u00e0 un ami, n&#039;h\u00e9sitez pas \u00e0 lui offrir toute la collection !\" \/>\n<meta property=\"og:url\" content=\"https:\/\/legentlecat.fr\/shop\/index.php\/produit\/carte-alberte-la-bengale\/\" \/>\n<meta property=\"og:site_name\" content=\"Le GentleCat - Teashop\" \/>\n<meta property=\"article:modified_time\" content=\"2023-11-28T02:50:09+00:00\" \/>\n<meta property=\"og:image\" content=\"https:\/\/i0.wp.com\/legentlecat.fr\/shop\/wp-content\/uploads\/2020\/11\/carte-alberte.jpg?fit=750%2C800&ssl=1\" \/>\n\t<meta property=\"og:image:width\" content=\"750\" \/>\n\t<meta property=\"og:image:height\" content=\"800\" \/>\n\t<meta property=\"og:image:type\" content=\"image\/jpeg\" \/>\n<meta name=\"twitter:card\" content=\"summary_large_image\" \/>\n<script type=\"application\/ld+json\" class=\"yoast-schema-graph\">{\"@context\":\"https:\\\/\\\/schema.org\",\"@graph\":[{\"@type\":\"WebPage\",\"@id\":\"https:\\\/\\\/legentlecat.fr\\\/shop\\\/index.php\\\/produit\\\/carte-alberte-la-bengale\\\/\",\"url\":\"https:\\\/\\\/legentlecat.fr\\\/shop\\\/index.php\\\/produit\\\/carte-alberte-la-bengale\\\/\",\"name\":\"Carte - Alberte la Bengale - Le GentleCat - Teashop\",\"isPartOf\":{\"@id\":\"https:\\\/\\\/legentlecat.fr\\\/shop\\\/#website\"},\"primaryImageOfPage\":{\"@id\":\"https:\\\/\\\/legentlecat.fr\\\/shop\\\/index.php\\\/produit\\\/carte-alberte-la-bengale\\\/#primaryimage\"},\"image\":{\"@id\":\"https:\\\/\\\/legentlecat.fr\\\/shop\\\/index.php\\\/produit\\\/carte-alberte-la-bengale\\\/#primaryimage\"},\"thumbnailUrl\":\"https:\\\/\\\/i0.wp.com\\\/legentlecat.fr\\\/shop\\\/wp-content\\\/uploads\\\/2020\\\/11\\\/carte-alberte.jpg?fit=750%2C800&ssl=1\",\"datePublished\":\"2021-12-02T18:46:37+00:00\",\"dateModified\":\"2023-11-28T02:50:09+00:00\",\"breadcrumb\":{\"@id\":\"https:\\\/\\\/legentlecat.fr\\\/shop\\\/index.php\\\/produit\\\/carte-alberte-la-bengale\\\/#breadcrumb\"},\"inLanguage\":\"fr-FR\",\"potentialAction\":[{\"@type\":\"ReadAction\",\"target\":[\"https:\\\/\\\/legentlecat.fr\\\/shop\\\/index.php\\\/produit\\\/carte-alberte-la-bengale\\\/\"]}]},{\"@type\":\"ImageObject\",\"inLanguage\":\"fr-FR\",\"@id\":\"https:\\\/\\\/legentlecat.fr\\\/shop\\\/index.php\\\/produit\\\/carte-alberte-la-bengale\\\/#primaryimage\",\"url\":\"https:\\\/\\\/i0.wp.com\\\/legentlecat.fr\\\/shop\\\/wp-content\\\/uploads\\\/2020\\\/11\\\/carte-alberte.jpg?fit=750%2C800&ssl=1\",\"contentUrl\":\"https:\\\/\\\/i0.wp.com\\\/legentlecat.fr\\\/shop\\\/wp-content\\\/uploads\\\/2020\\\/11\\\/carte-alberte.jpg?fit=750%2C800&ssl=1\",\"width\":750,\"height\":800},{\"@type\":\"BreadcrumbList\",\"@id\":\"https:\\\/\\\/legentlecat.fr\\\/shop\\\/index.php\\\/produit\\\/carte-alberte-la-bengale\\\/#breadcrumb\",\"itemListElement\":[{\"@type\":\"ListItem\",\"position\":1,\"name\":\"Accueil\",\"item\":\"https:\\\/\\\/legentlecat.fr\\\/shop\\\/\"},{\"@type\":\"ListItem\",\"position\":2,\"name\":\"Shop\",\"item\":\"https:\\\/\\\/legentlecat.fr\\\/shop\\\/index.php\\\/shop\\\/\"},{\"@type\":\"ListItem\",\"position\":3,\"name\":\"Carte &#8211; Alberte la Bengale\"}]},{\"@type\":\"WebSite\",\"@id\":\"https:\\\/\\\/legentlecat.fr\\\/shop\\\/#website\",\"url\":\"https:\\\/\\\/legentlecat.fr\\\/shop\\\/\",\"name\":\"Le GentleCat - Teashop\",\"description\":\"La boutique de th\u00e9 en ligne\",\"potentialAction\":[{\"@type\":\"SearchAction\",\"target\":{\"@type\":\"EntryPoint\",\"urlTemplate\":\"https:\\\/\\\/legentlecat.fr\\\/shop\\\/?s={search_term_string}\"},\"query-input\":{\"@type\":\"PropertyValueSpecification\",\"valueRequired\":true,\"valueName\":\"search_term_string\"}}],\"inLanguage\":\"fr-FR\"}]}<\/script>\n<!-- \/ Yoast SEO plugin. -->","yoast_head_json":{"title":"Carte - Alberte la Bengale - Le GentleCat - Teashop","robots":{"index":"index","follow":"follow","max-snippet":"max-snippet:-1","max-image-preview":"max-image-preview:large","max-video-preview":"max-video-preview:-1"},"canonical":"https:\/\/legentlecat.fr\/shop\/index.php\/produit\/carte-alberte-la-bengale\/","og_locale":"fr_FR","og_type":"article","og_title":"Carte - Alberte la Bengale - Le GentleCat - Teashop","og_description":"Oh ouha mais qu'est-ce que c'est que cette carte postale ? Elle est grave canon ! - Oui, je sais, je l'ai achet\u00e9 au GentleCat. Ils ont fait une carte postale par chat et comme Alberte c'est ma pr\u00e9f\u00e9r\u00e9e, j'ai pris celle-ci... En plus cette finition satin\u00e9e, c'est vraiment tr\u00e8s beau. Vous aussi, ayez des conversations incroyables et impressionnez vos amis gr\u00e2ce \u00e0 nos superbes cartes postales rigides au format polaro\u00efd \u00e0 envoyer, \u00e0 encadrer, \u00e0 coller ! Et si vous voulez faire plaisir \u00e0 un ami, n'h\u00e9sitez pas \u00e0 lui offrir toute la collection !","og_url":"https:\/\/legentlecat.fr\/shop\/index.php\/produit\/carte-alberte-la-bengale\/","og_site_name":"Le GentleCat - Teashop","article_modified_time":"2023-11-28T02:50:09+00:00","og_image":[{"width":750,"height":800,"url":"https:\/\/i0.wp.com\/legentlecat.fr\/shop\/wp-content\/uploads\/2020\/11\/carte-alberte.jpg?fit=750%2C800&ssl=1","type":"image\/jpeg"}],"twitter_card":"summary_large_image","schema":{"@context":"https:\/\/schema.org","@graph":[{"@type":"WebPage","@id":"https:\/\/legentlecat.fr\/shop\/index.php\/produit\/carte-alberte-la-bengale\/","url":"https:\/\/legentlecat.fr\/shop\/index.php\/produit\/carte-alberte-la-bengale\/","name":"Carte - Alberte la Bengale - Le GentleCat - Teashop","isPartOf":{"@id":"https:\/\/legentlecat.fr\/shop\/#website"},"primaryImageOfPage":{"@id":"https:\/\/legentlecat.fr\/shop\/index.php\/produit\/carte-alberte-la-bengale\/#primaryimage"},"image":{"@id":"https:\/\/legentlecat.fr\/shop\/index.php\/produit\/carte-alberte-la-bengale\/#primaryimage"},"thumbnailUrl":"https:\/\/i0.wp.com\/legentlecat.fr\/shop\/wp-content\/uploads\/2020\/11\/carte-alberte.jpg?fit=750%2C800&ssl=1","datePublished":"2021-12-02T18:46:37+00:00","dateModified":"2023-11-28T02:50:09+00:00","breadcrumb":{"@id":"https:\/\/legentlecat.fr\/shop\/index.php\/produit\/carte-alberte-la-bengale\/#breadcrumb"},"inLanguage":"fr-FR","potentialAction":[{"@type":"ReadAction","target":["https:\/\/legentlecat.fr\/shop\/index.php\/produit\/carte-alberte-la-bengale\/"]}]},{"@type":"ImageObject","inLanguage":"fr-FR","@id":"https:\/\/legentlecat.fr\/shop\/index.php\/produit\/carte-alberte-la-bengale\/#primaryimage","url":"https:\/\/i0.wp.com\/legentlecat.fr\/shop\/wp-content\/uploads\/2020\/11\/carte-alberte.jpg?fit=750%2C800&ssl=1","contentUrl":"https:\/\/i0.wp.com\/legentlecat.fr\/shop\/wp-content\/uploads\/2020\/11\/carte-alberte.jpg?fit=750%2C800&ssl=1","width":750,"height":800},{"@type":"BreadcrumbList","@id":"https:\/\/legentlecat.fr\/shop\/index.php\/produit\/carte-alberte-la-bengale\/#breadcrumb","itemListElement":[{"@type":"ListItem","position":1,"name":"Accueil","item":"https:\/\/legentlecat.fr\/shop\/"},{"@type":"ListItem","position":2,"name":"Shop","item":"https:\/\/legentlecat.fr\/shop\/index.php\/shop\/"},{"@type":"ListItem","position":3,"name":"Carte &#8211; Alberte la Bengale"}]},{"@type":"WebSite","@id":"https:\/\/legentlecat.fr\/shop\/#website","url":"https:\/\/legentlecat.fr\/shop\/","name":"Le GentleCat - Teashop","description":"La boutique de th\u00e9 en ligne","potentialAction":[{"@type":"SearchAction","target":{"@type":"EntryPoint","urlTemplate":"https:\/\/legentlecat.fr\/shop\/?s={search_term_string}"},"query-input":{"@type":"PropertyValueSpecification","valueRequired":true,"valueName":"search_term_string"}}],"inLanguage":"fr-FR"}]}},"jetpack_publicize_connections":[],"jetpack_sharing_enabled":true,"jetpack-related-posts":[{"id":3143,"url":"https:\/\/legentlecat.fr\/shop\/index.php\/produit\/magnet-alberte\/","url_meta":{"origin":4509,"position":0},"title":"Magnet &#8211; Alberte la bengale","author":"Jimmy RIOT","date":"3 novembre 2020","format":false,"excerpt":"Oh ouha mais qu'est-ce que c'est que ce magnet ? Il est super canon ! - Oui, je sais, je l'ai achet\u00e9 au GentleCat. Ils ont fait un magnet par chat et comme Alberte c'est ma pr\u00e9f\u00e9r\u00e9e, j'ai pris celui-ci... En plus cette finition satin\u00e9e, c'est vraiment tr\u00e8s beau. Vous\u2026","rel":"","context":"Article similaire","block_context":{"text":"Article similaire","link":""},"img":{"alt_text":"","src":"https:\/\/i0.wp.com\/legentlecat.fr\/shop\/wp-content\/uploads\/2020\/11\/magnet-Alberte.jpg?fit=750%2C800&ssl=1&resize=350%2C200","width":350,"height":200,"srcset":"https:\/\/i0.wp.com\/legentlecat.fr\/shop\/wp-content\/uploads\/2020\/11\/magnet-Alberte.jpg?fit=750%2C800&ssl=1&resize=350%2C200 1x, https:\/\/i0.wp.com\/legentlecat.fr\/shop\/wp-content\/uploads\/2020\/11\/magnet-Alberte.jpg?fit=750%2C800&ssl=1&resize=525%2C300 1.5x, https:\/\/i0.wp.com\/legentlecat.fr\/shop\/wp-content\/uploads\/2020\/11\/magnet-Alberte.jpg?fit=750%2C800&ssl=1&resize=700%2C400 2x"},"classes":[]},{"id":3300,"url":"https:\/\/legentlecat.fr\/shop\/index.php\/produit\/porte-cles-alberte-la-bengal\/","url_meta":{"origin":4509,"position":1},"title":"Porte-cl\u00e9s &#8211; Alberte la Bengal","author":"Jimmy RIOT","date":"9 novembre 2020","format":false,"excerpt":"Mais dis donc, ton trousseau de cl\u00e9s est \u00e9norme ! - Ouais je sais mais j'ai tellement aim\u00e9 la collection de porte-cl\u00e9s du GentleCat que je n'ai pas r\u00e9ussi \u00e0 me d\u00e9cider. Du coup j'ai pris les neuf mod\u00e8les... - Bon l'avantage au moins, c'est que tu risques pas de\u2026","rel":"","context":"Article similaire","block_context":{"text":"Article similaire","link":""},"img":{"alt_text":"","src":"https:\/\/i0.wp.com\/legentlecat.fr\/shop\/wp-content\/uploads\/2020\/11\/portecles-alberte.jpg?fit=500%2C500&ssl=1&resize=350%2C200","width":350,"height":200},"classes":[]},{"id":4494,"url":"https:\/\/legentlecat.fr\/shop\/index.php\/produit\/carte-charline-lamerican-curl\/","url_meta":{"origin":4509,"position":2},"title":"Carte &#8211; Charline l&rsquo;American Curl","author":"Jimmy RIOT","date":"2 d\u00e9cembre 2021","format":false,"excerpt":"Oh ouha mais qu'est-ce que c'est que cette carte postale ? Elle est grave canon ! - Oui, je sais, je l'ai achet\u00e9 au GentleCat. Ils ont fait une carte postale par chat et comme Charline c'est ma pr\u00e9f\u00e9r\u00e9e, j'ai pris celle-ci... En plus cette finition satin\u00e9e, c'est vraiment tr\u00e8s\u2026","rel":"","context":"Article similaire","block_context":{"text":"Article similaire","link":""},"img":{"alt_text":"","src":"https:\/\/i0.wp.com\/legentlecat.fr\/shop\/wp-content\/uploads\/2020\/11\/carte-charline.jpg?fit=750%2C800&ssl=1&resize=350%2C200","width":350,"height":200,"srcset":"https:\/\/i0.wp.com\/legentlecat.fr\/shop\/wp-content\/uploads\/2020\/11\/carte-charline.jpg?fit=750%2C800&ssl=1&resize=350%2C200 1x, https:\/\/i0.wp.com\/legentlecat.fr\/shop\/wp-content\/uploads\/2020\/11\/carte-charline.jpg?fit=750%2C800&ssl=1&resize=525%2C300 1.5x, https:\/\/i0.wp.com\/legentlecat.fr\/shop\/wp-content\/uploads\/2020\/11\/carte-charline.jpg?fit=750%2C800&ssl=1&resize=700%2C400 2x"},"classes":[]},{"id":4504,"url":"https:\/\/legentlecat.fr\/shop\/index.php\/produit\/carte-jeanne-la-persane\/","url_meta":{"origin":4509,"position":3},"title":"Carte &#8211; Jeanne la Persane","author":"Jimmy RIOT","date":"2 d\u00e9cembre 2021","format":false,"excerpt":"Oh ouha mais qu'est-ce que c'est que cette carte postale ? Elle est grave canon ! - Oui, je sais, je l'ai achet\u00e9 au GentleCat. Ils ont fait une carte postale par chat et comme Jeanne c'est ma pr\u00e9f\u00e9r\u00e9e, j'ai pris celle-ci... En plus cette finition satin\u00e9e, c'est vraiment tr\u00e8s\u2026","rel":"","context":"Article similaire","block_context":{"text":"Article similaire","link":""},"img":{"alt_text":"","src":"https:\/\/i0.wp.com\/legentlecat.fr\/shop\/wp-content\/uploads\/2020\/11\/carte-jeanne.jpg?fit=750%2C800&ssl=1&resize=350%2C200","width":350,"height":200,"srcset":"https:\/\/i0.wp.com\/legentlecat.fr\/shop\/wp-content\/uploads\/2020\/11\/carte-jeanne.jpg?fit=750%2C800&ssl=1&resize=350%2C200 1x, https:\/\/i0.wp.com\/legentlecat.fr\/shop\/wp-content\/uploads\/2020\/11\/carte-jeanne.jpg?fit=750%2C800&ssl=1&resize=525%2C300 1.5x, https:\/\/i0.wp.com\/legentlecat.fr\/shop\/wp-content\/uploads\/2020\/11\/carte-jeanne.jpg?fit=750%2C800&ssl=1&resize=700%2C400 2x"},"classes":[]},{"id":4506,"url":"https:\/\/legentlecat.fr\/shop\/index.php\/produit\/carte-nicole-lexotic-shorthair\/","url_meta":{"origin":4509,"position":4},"title":"Carte &#8211; Nicole l&rsquo;Exotic Shorthair","author":"Jimmy RIOT","date":"2 d\u00e9cembre 2021","format":false,"excerpt":"Oh ouha mais qu'est-ce que c'est que cette carte postale ? Elle est grave canon ! - Oui, je sais, je l'ai achet\u00e9 au GentleCat. Ils ont fait une carte postale par chat et comme Nicole c'est ma pr\u00e9f\u00e9r\u00e9e, j'ai pris celle-ci... En plus cette finition satin\u00e9e, c'est vraiment tr\u00e8s\u2026","rel":"","context":"Article similaire","block_context":{"text":"Article similaire","link":""},"img":{"alt_text":"","src":"https:\/\/i0.wp.com\/legentlecat.fr\/shop\/wp-content\/uploads\/2020\/11\/carte-nicole.jpg?fit=750%2C800&ssl=1&resize=350%2C200","width":350,"height":200,"srcset":"https:\/\/i0.wp.com\/legentlecat.fr\/shop\/wp-content\/uploads\/2020\/11\/carte-nicole.jpg?fit=750%2C800&ssl=1&resize=350%2C200 1x, https:\/\/i0.wp.com\/legentlecat.fr\/shop\/wp-content\/uploads\/2020\/11\/carte-nicole.jpg?fit=750%2C800&ssl=1&resize=525%2C300 1.5x, https:\/\/i0.wp.com\/legentlecat.fr\/shop\/wp-content\/uploads\/2020\/11\/carte-nicole.jpg?fit=750%2C800&ssl=1&resize=700%2C400 2x"},"classes":[]},{"id":4507,"url":"https:\/\/legentlecat.fr\/shop\/index.php\/produit\/carte-louise-la-chartreuse\/","url_meta":{"origin":4509,"position":5},"title":"Carte &#8211; Louise la Chartreuse","author":"Jimmy RIOT","date":"2 d\u00e9cembre 2021","format":false,"excerpt":"Oh ouha mais qu'est-ce que c'est que cette carte postale ? Elle est grave canon ! - Oui, je sais, je l'ai achet\u00e9 au GentleCat. Ils ont fait une carte postale par chat et comme Louise c'est ma pr\u00e9f\u00e9r\u00e9e, j'ai pris celle-ci... En plus cette finition satin\u00e9e, c'est vraiment tr\u00e8s\u2026","rel":"","context":"Article similaire","block_context":{"text":"Article similaire","link":""},"img":{"alt_text":"","src":"https:\/\/i0.wp.com\/legentlecat.fr\/shop\/wp-content\/uploads\/2020\/11\/carte-louise.jpg?fit=750%2C800&ssl=1&resize=350%2C200","width":350,"height":200,"srcset":"https:\/\/i0.wp.com\/legentlecat.fr\/shop\/wp-content\/uploads\/2020\/11\/carte-louise.jpg?fit=750%2C800&ssl=1&resize=350%2C200 1x, https:\/\/i0.wp.com\/legentlecat.fr\/shop\/wp-content\/uploads\/2020\/11\/carte-louise.jpg?fit=750%2C800&ssl=1&resize=525%2C300 1.5x, https:\/\/i0.wp.com\/legentlecat.fr\/shop\/wp-content\/uploads\/2020\/11\/carte-louise.jpg?fit=750%2C800&ssl=1&resize=700%2C400 2x"},"classes":[]}],"_links":{"self":[{"href":"https:\/\/legentlecat.fr\/shop\/index.php\/wp-json\/wp\/v2\/product\/4509","targetHints":{"allow":["GET"]}}],"collection":[{"href":"https:\/\/legentlecat.fr\/shop\/index.php\/wp-json\/wp\/v2\/product"}],"about":[{"href":"https:\/\/legentlecat.fr\/shop\/index.php\/wp-json\/wp\/v2\/types\/product"}],"wp:featuredmedia":[{"embeddable":true,"href":"https:\/\/legentlecat.fr\/shop\/index.php\/wp-json\/wp\/v2\/media\/4470"}],"wp:attachment":[{"href":"https:\/\/legentlecat.fr\/shop\/index.php\/wp-json\/wp\/v2\/media?parent=4509"}],"wp:term":[{"taxonomy":"product_brand","embeddable":true,"href":"https:\/\/legentlecat.fr\/shop\/index.php\/wp-json\/wp\/v2\/product_brand?post=4509"},{"taxonomy":"product_cat","embeddable":true,"href":"https:\/\/legentlecat.fr\/shop\/index.php\/wp-json\/wp\/v2\/product_cat?post=4509"},{"taxonomy":"product_tag","embeddable":true,"href":"https:\/\/legentlecat.fr\/shop\/index.php\/wp-json\/wp\/v2\/product_tag?post=4509"}],"curies":[{"name":"wp","href":"https:\/\/api.w.org\/{rel}","templated":true}]}}