{"id":436,"date":"2017-03-13T16:32:00","date_gmt":"2017-03-13T15:32:00","guid":{"rendered":"http:\/\/legentlecat.fr\/comptoir-a-thes\/produit\/ice-tea-passion\/"},"modified":"2022-12-02T14:06:48","modified_gmt":"2022-12-02T13:06:48","slug":"ice-tea-passion","status":"publish","type":"product","link":"https:\/\/legentlecat.fr\/shop\/index.php\/produit\/ice-tea-passion\/","title":{"rendered":"Ice tea Passion"},"content":{"rendered":"","protected":false},"excerpt":{"rendered":"<p><img loading=\"lazy\" decoding=\"async\" class=\"size-full wp-image-2332 aligncenter\" src=\"http:\/\/legentlecat.fr\/shop\/wp-content\/uploads\/2017\/03\/ice-tea.jpg\" alt=\"\" width=\"250\" height=\"77\" \/><\/p>\n<p style=\"text-align: justify;\"><strong>Sac herm\u00e9tique de 100 g\u00a0&#8211;\u00a0<\/strong>Le th\u00e9 Ice Tea saveur Passion est un th\u00e9 vert id\u00e9al pour les pr\u00e9parations de th\u00e9s glac\u00e9s. Pour se faire, il suffit de faire infuser le th\u00e9 dans une eau \u00e0 temp\u00e9rature ambiante pendant 5 heures puis de retirer le sachet de th\u00e9 pour y ajouter des gla\u00e7ons. Lire la fiche <a href=\"http:\/\/legentlecat.fr\/shop\/index.php\/about-designer-4\/\">\u00ab\u00a0Comment infuser mon th\u00e9 glac\u00e9 ?\u00a0\u00bb<\/a><\/p>\n<p style=\"text-align: justify;\"><strong>Saveur :<\/strong> fruit\u00e9e<\/p>\n<p style=\"text-align: justify;\"><strong>Composition :<\/strong>\u00a0th\u00e9 vert de chine Sencha, morceaux d&rsquo;ananas confits, morceaux de papayes confits, citronnelle, \u00e9corce de citron, p\u00e9tales de rose, ar\u00f4me naturel et fleur de tournesol<\/p>\n","protected":false},"featured_media":2333,"template":"","meta":{"jetpack_post_was_ever_published":false,"jetpack_publicize_message":"","jetpack_publicize_feature_enabled":true,"jetpack_social_post_already_shared":false,"jetpack_social_options":{"image_generator_settings":{"template":"highway","default_image_id":0,"font":"","enabled":false},"version":2}},"product_brand":[],"product_cat":[79,50,89],"product_tag":[111,150,157,133,128,127,100,110,98],"class_list":{"0":"post-436","1":"product","2":"type-product","3":"status-publish","4":"has-post-thumbnail","6":"product_cat-fruitee","7":"product_cat-the-vert","8":"product_cat-glaces","9":"product_tag-ananas","10":"product_tag-citron","11":"product_tag-citronnelle","12":"product_tag-fleurs-de-tournesol","13":"product_tag-papaye","14":"product_tag-rose","15":"product_tag-saveur-fruitee","16":"product_tag-the-glace","17":"product_tag-the-vert","19":"first","20":"instock","21":"taxable","22":"shipping-taxable","23":"purchasable","24":"product-type-simple"},"yoast_head":"<!-- This site is optimized with the Yoast SEO plugin v27.3 - https:\/\/yoast.com\/product\/yoast-seo-wordpress\/ -->\n<title>Ice tea Passion - Le GentleCat - Teashop<\/title>\n<meta name=\"robots\" content=\"index, follow, max-snippet:-1, max-image-preview:large, max-video-preview:-1\" \/>\n<link rel=\"canonical\" href=\"https:\/\/legentlecat.fr\/shop\/index.php\/produit\/ice-tea-passion\/\" \/>\n<meta property=\"og:locale\" content=\"fr_FR\" \/>\n<meta property=\"og:type\" content=\"article\" \/>\n<meta property=\"og:title\" content=\"Ice tea Passion - Le GentleCat - Teashop\" \/>\n<meta property=\"og:description\" content=\"Sac herm\u00e9tique de 100 g\u00a0-\u00a0Le th\u00e9 Ice Tea saveur Passion est un th\u00e9 vert id\u00e9al pour les pr\u00e9parations de th\u00e9s glac\u00e9s. Pour se faire, il suffit de faire infuser le th\u00e9 dans une eau \u00e0 temp\u00e9rature ambiante pendant 5 heures puis de retirer le sachet de th\u00e9 pour y ajouter des gla\u00e7ons. Lire la fiche &quot;Comment infuser mon th\u00e9 glac\u00e9 ?&quot; Saveur : fruit\u00e9e Composition :\u00a0th\u00e9 vert de chine Sencha, morceaux d&#039;ananas confits, morceaux de papayes confits, citronnelle, \u00e9corce de citron, p\u00e9tales de rose, ar\u00f4me naturel et fleur de tournesol\" \/>\n<meta property=\"og:url\" content=\"https:\/\/legentlecat.fr\/shop\/index.php\/produit\/ice-tea-passion\/\" \/>\n<meta property=\"og:site_name\" content=\"Le GentleCat - Teashop\" \/>\n<meta property=\"article:modified_time\" content=\"2022-12-02T13:06:48+00:00\" \/>\n<meta property=\"og:image\" content=\"https:\/\/legentlecat.fr\/shop\/wp-content\/uploads\/2017\/03\/icetea-passion-819x1024.png\" \/>\n\t<meta property=\"og:image:width\" content=\"819\" \/>\n\t<meta property=\"og:image:height\" content=\"1024\" \/>\n\t<meta property=\"og:image:type\" content=\"image\/png\" \/>\n<meta name=\"twitter:card\" content=\"summary_large_image\" \/>\n<script type=\"application\/ld+json\" class=\"yoast-schema-graph\">{\"@context\":\"https:\\\/\\\/schema.org\",\"@graph\":[{\"@type\":\"WebPage\",\"@id\":\"https:\\\/\\\/legentlecat.fr\\\/shop\\\/index.php\\\/produit\\\/ice-tea-passion\\\/\",\"url\":\"https:\\\/\\\/legentlecat.fr\\\/shop\\\/index.php\\\/produit\\\/ice-tea-passion\\\/\",\"name\":\"Ice tea Passion - Le GentleCat - Teashop\",\"isPartOf\":{\"@id\":\"https:\\\/\\\/legentlecat.fr\\\/shop\\\/#website\"},\"primaryImageOfPage\":{\"@id\":\"https:\\\/\\\/legentlecat.fr\\\/shop\\\/index.php\\\/produit\\\/ice-tea-passion\\\/#primaryimage\"},\"image\":{\"@id\":\"https:\\\/\\\/legentlecat.fr\\\/shop\\\/index.php\\\/produit\\\/ice-tea-passion\\\/#primaryimage\"},\"thumbnailUrl\":\"https:\\\/\\\/i0.wp.com\\\/legentlecat.fr\\\/shop\\\/wp-content\\\/uploads\\\/2017\\\/03\\\/icetea-passion.png?fit=1500%2C1875&ssl=1\",\"datePublished\":\"2017-03-13T15:32:00+00:00\",\"dateModified\":\"2022-12-02T13:06:48+00:00\",\"breadcrumb\":{\"@id\":\"https:\\\/\\\/legentlecat.fr\\\/shop\\\/index.php\\\/produit\\\/ice-tea-passion\\\/#breadcrumb\"},\"inLanguage\":\"fr-FR\",\"potentialAction\":[{\"@type\":\"ReadAction\",\"target\":[\"https:\\\/\\\/legentlecat.fr\\\/shop\\\/index.php\\\/produit\\\/ice-tea-passion\\\/\"]}]},{\"@type\":\"ImageObject\",\"inLanguage\":\"fr-FR\",\"@id\":\"https:\\\/\\\/legentlecat.fr\\\/shop\\\/index.php\\\/produit\\\/ice-tea-passion\\\/#primaryimage\",\"url\":\"https:\\\/\\\/i0.wp.com\\\/legentlecat.fr\\\/shop\\\/wp-content\\\/uploads\\\/2017\\\/03\\\/icetea-passion.png?fit=1500%2C1875&ssl=1\",\"contentUrl\":\"https:\\\/\\\/i0.wp.com\\\/legentlecat.fr\\\/shop\\\/wp-content\\\/uploads\\\/2017\\\/03\\\/icetea-passion.png?fit=1500%2C1875&ssl=1\",\"width\":1500,\"height\":1875},{\"@type\":\"BreadcrumbList\",\"@id\":\"https:\\\/\\\/legentlecat.fr\\\/shop\\\/index.php\\\/produit\\\/ice-tea-passion\\\/#breadcrumb\",\"itemListElement\":[{\"@type\":\"ListItem\",\"position\":1,\"name\":\"Accueil\",\"item\":\"https:\\\/\\\/legentlecat.fr\\\/shop\\\/\"},{\"@type\":\"ListItem\",\"position\":2,\"name\":\"Shop\",\"item\":\"https:\\\/\\\/legentlecat.fr\\\/shop\\\/index.php\\\/shop\\\/\"},{\"@type\":\"ListItem\",\"position\":3,\"name\":\"Ice tea Passion\"}]},{\"@type\":\"WebSite\",\"@id\":\"https:\\\/\\\/legentlecat.fr\\\/shop\\\/#website\",\"url\":\"https:\\\/\\\/legentlecat.fr\\\/shop\\\/\",\"name\":\"Le GentleCat - Teashop\",\"description\":\"La boutique de th\u00e9 en ligne\",\"potentialAction\":[{\"@type\":\"SearchAction\",\"target\":{\"@type\":\"EntryPoint\",\"urlTemplate\":\"https:\\\/\\\/legentlecat.fr\\\/shop\\\/?s={search_term_string}\"},\"query-input\":{\"@type\":\"PropertyValueSpecification\",\"valueRequired\":true,\"valueName\":\"search_term_string\"}}],\"inLanguage\":\"fr-FR\"}]}<\/script>\n<!-- \/ Yoast SEO plugin. -->","yoast_head_json":{"title":"Ice tea Passion - Le GentleCat - Teashop","robots":{"index":"index","follow":"follow","max-snippet":"max-snippet:-1","max-image-preview":"max-image-preview:large","max-video-preview":"max-video-preview:-1"},"canonical":"https:\/\/legentlecat.fr\/shop\/index.php\/produit\/ice-tea-passion\/","og_locale":"fr_FR","og_type":"article","og_title":"Ice tea Passion - Le GentleCat - Teashop","og_description":"Sac herm\u00e9tique de 100 g\u00a0-\u00a0Le th\u00e9 Ice Tea saveur Passion est un th\u00e9 vert id\u00e9al pour les pr\u00e9parations de th\u00e9s glac\u00e9s. Pour se faire, il suffit de faire infuser le th\u00e9 dans une eau \u00e0 temp\u00e9rature ambiante pendant 5 heures puis de retirer le sachet de th\u00e9 pour y ajouter des gla\u00e7ons. Lire la fiche \"Comment infuser mon th\u00e9 glac\u00e9 ?\" Saveur : fruit\u00e9e Composition :\u00a0th\u00e9 vert de chine Sencha, morceaux d'ananas confits, morceaux de papayes confits, citronnelle, \u00e9corce de citron, p\u00e9tales de rose, ar\u00f4me naturel et fleur de tournesol","og_url":"https:\/\/legentlecat.fr\/shop\/index.php\/produit\/ice-tea-passion\/","og_site_name":"Le GentleCat - Teashop","article_modified_time":"2022-12-02T13:06:48+00:00","og_image":[{"width":819,"height":1024,"url":"https:\/\/legentlecat.fr\/shop\/wp-content\/uploads\/2017\/03\/icetea-passion-819x1024.png","type":"image\/png"}],"twitter_card":"summary_large_image","schema":{"@context":"https:\/\/schema.org","@graph":[{"@type":"WebPage","@id":"https:\/\/legentlecat.fr\/shop\/index.php\/produit\/ice-tea-passion\/","url":"https:\/\/legentlecat.fr\/shop\/index.php\/produit\/ice-tea-passion\/","name":"Ice tea Passion - Le GentleCat - Teashop","isPartOf":{"@id":"https:\/\/legentlecat.fr\/shop\/#website"},"primaryImageOfPage":{"@id":"https:\/\/legentlecat.fr\/shop\/index.php\/produit\/ice-tea-passion\/#primaryimage"},"image":{"@id":"https:\/\/legentlecat.fr\/shop\/index.php\/produit\/ice-tea-passion\/#primaryimage"},"thumbnailUrl":"https:\/\/i0.wp.com\/legentlecat.fr\/shop\/wp-content\/uploads\/2017\/03\/icetea-passion.png?fit=1500%2C1875&ssl=1","datePublished":"2017-03-13T15:32:00+00:00","dateModified":"2022-12-02T13:06:48+00:00","breadcrumb":{"@id":"https:\/\/legentlecat.fr\/shop\/index.php\/produit\/ice-tea-passion\/#breadcrumb"},"inLanguage":"fr-FR","potentialAction":[{"@type":"ReadAction","target":["https:\/\/legentlecat.fr\/shop\/index.php\/produit\/ice-tea-passion\/"]}]},{"@type":"ImageObject","inLanguage":"fr-FR","@id":"https:\/\/legentlecat.fr\/shop\/index.php\/produit\/ice-tea-passion\/#primaryimage","url":"https:\/\/i0.wp.com\/legentlecat.fr\/shop\/wp-content\/uploads\/2017\/03\/icetea-passion.png?fit=1500%2C1875&ssl=1","contentUrl":"https:\/\/i0.wp.com\/legentlecat.fr\/shop\/wp-content\/uploads\/2017\/03\/icetea-passion.png?fit=1500%2C1875&ssl=1","width":1500,"height":1875},{"@type":"BreadcrumbList","@id":"https:\/\/legentlecat.fr\/shop\/index.php\/produit\/ice-tea-passion\/#breadcrumb","itemListElement":[{"@type":"ListItem","position":1,"name":"Accueil","item":"https:\/\/legentlecat.fr\/shop\/"},{"@type":"ListItem","position":2,"name":"Shop","item":"https:\/\/legentlecat.fr\/shop\/index.php\/shop\/"},{"@type":"ListItem","position":3,"name":"Ice tea Passion"}]},{"@type":"WebSite","@id":"https:\/\/legentlecat.fr\/shop\/#website","url":"https:\/\/legentlecat.fr\/shop\/","name":"Le GentleCat - Teashop","description":"La boutique de th\u00e9 en ligne","potentialAction":[{"@type":"SearchAction","target":{"@type":"EntryPoint","urlTemplate":"https:\/\/legentlecat.fr\/shop\/?s={search_term_string}"},"query-input":{"@type":"PropertyValueSpecification","valueRequired":true,"valueName":"search_term_string"}}],"inLanguage":"fr-FR"}]}},"jetpack_publicize_connections":[],"jetpack_sharing_enabled":true,"jetpack-related-posts":[{"id":415,"url":"https:\/\/legentlecat.fr\/shop\/index.php\/produit\/ice-tea-peche\/","url_meta":{"origin":436,"position":0},"title":"Ice tea P\u00eache","author":"Jimmy RIOT","date":"13 mars 2017","format":false,"excerpt":"Sac herm\u00e9tique de 100 g\u00a0-\u00a0Le th\u00e9 Ice Tea saveur P\u00eache est un th\u00e9 vert id\u00e9al pour les pr\u00e9parations de th\u00e9s glac\u00e9s. Pour se faire, il suffit de faire infuser le th\u00e9 dans une eau \u00e0 temp\u00e9rature ambiante pendant 5 heures puis de retirer le sachet de th\u00e9 pour y ajouter\u2026","rel":"","context":"Article similaire","block_context":{"text":"Article similaire","link":""},"img":{"alt_text":"","src":"https:\/\/i0.wp.com\/legentlecat.fr\/shop\/wp-content\/uploads\/2017\/03\/icetea-peche.png?fit=960%2C1200&ssl=1&resize=350%2C200","width":350,"height":200,"srcset":"https:\/\/i0.wp.com\/legentlecat.fr\/shop\/wp-content\/uploads\/2017\/03\/icetea-peche.png?fit=960%2C1200&ssl=1&resize=350%2C200 1x, https:\/\/i0.wp.com\/legentlecat.fr\/shop\/wp-content\/uploads\/2017\/03\/icetea-peche.png?fit=960%2C1200&ssl=1&resize=525%2C300 1.5x, https:\/\/i0.wp.com\/legentlecat.fr\/shop\/wp-content\/uploads\/2017\/03\/icetea-peche.png?fit=960%2C1200&ssl=1&resize=700%2C400 2x"},"classes":[]},{"id":879,"url":"https:\/\/legentlecat.fr\/shop\/index.php\/produit\/exotic-melon\/","url_meta":{"origin":436,"position":1},"title":"Exotic Melon","author":"Jimmy RIOT","date":"19 mars 2017","format":false,"excerpt":"Sac herm\u00e9tique de 100 g\u00a0-\u00a0Cette recette \u00e0 base de th\u00e9 vert r\u00e9v\u00e8le une saveur particuli\u00e8rement douce et fruit\u00e9e dans une tasse claire avec quelques notes sucr\u00e9es du fait des fruits confits. Le melon et l'ananas y trouvent un bel \u00e9quilibre. Ce th\u00e9 se d\u00e9guste aussi bien chaud que froid. Saveur\u2026","rel":"","context":"Article similaire","block_context":{"text":"Article similaire","link":""},"img":{"alt_text":"","src":"https:\/\/i0.wp.com\/legentlecat.fr\/shop\/wp-content\/uploads\/2017\/03\/melon.png?fit=960%2C1200&ssl=1&resize=350%2C200","width":350,"height":200,"srcset":"https:\/\/i0.wp.com\/legentlecat.fr\/shop\/wp-content\/uploads\/2017\/03\/melon.png?fit=960%2C1200&ssl=1&resize=350%2C200 1x, https:\/\/i0.wp.com\/legentlecat.fr\/shop\/wp-content\/uploads\/2017\/03\/melon.png?fit=960%2C1200&ssl=1&resize=525%2C300 1.5x, https:\/\/i0.wp.com\/legentlecat.fr\/shop\/wp-content\/uploads\/2017\/03\/melon.png?fit=960%2C1200&ssl=1&resize=700%2C400 2x"},"classes":[]},{"id":520,"url":"https:\/\/legentlecat.fr\/shop\/index.php\/produit\/le-temps-des-cerises\/","url_meta":{"origin":436,"position":2},"title":"Le temps des cerises","author":"Jimmy RIOT","date":"13 mars 2017","format":false,"excerpt":"Sac herm\u00e9tique de 100 g\u00a0-\u00a0Tr\u00e8s riche en fruits confits, cette recette \u00e0 base de th\u00e9 vert est un d\u00e9lice pour les yeux mais aussi pour les papilles. Elle offre une infusion douce, fruit\u00e9e et sucr\u00e9e qui se d\u00e9guste aussi bien chaude que froide. Saveur : fruit\u00e9e Composition :\u00a0th\u00e9 vert sencha\u2026","rel":"","context":"Article similaire","block_context":{"text":"Article similaire","link":""},"img":{"alt_text":"","src":"https:\/\/i0.wp.com\/legentlecat.fr\/shop\/wp-content\/uploads\/2017\/03\/tempscerise.png?fit=960%2C1200&ssl=1&resize=350%2C200","width":350,"height":200,"srcset":"https:\/\/i0.wp.com\/legentlecat.fr\/shop\/wp-content\/uploads\/2017\/03\/tempscerise.png?fit=960%2C1200&ssl=1&resize=350%2C200 1x, https:\/\/i0.wp.com\/legentlecat.fr\/shop\/wp-content\/uploads\/2017\/03\/tempscerise.png?fit=960%2C1200&ssl=1&resize=525%2C300 1.5x, https:\/\/i0.wp.com\/legentlecat.fr\/shop\/wp-content\/uploads\/2017\/03\/tempscerise.png?fit=960%2C1200&ssl=1&resize=700%2C400 2x"},"classes":[]},{"id":1111,"url":"https:\/\/legentlecat.fr\/shop\/index.php\/produit\/nuage-damande\/","url_meta":{"origin":436,"position":3},"title":"Nuage d&rsquo;amande","author":"Jimmy RIOT","date":"19 mars 2017","format":false,"excerpt":"Sac herm\u00e9tique de 100 g\u00a0-\u00a0Le go\u00fbt d'amande est soutenu par des pop-corns afin d'accentuer le petit c\u00f4t\u00e9 \"grill\u00e9\" de l'amande. L'infusion jaune\/verte de ce th\u00e9 est une v\u00e9ritable invitation au cin\u00e9ma : un petit go\u00fbt de pop-corn prend le pas en fin de tasse pour une d\u00e9gustation en deux temps.\u2026","rel":"","context":"Article similaire","block_context":{"text":"Article similaire","link":""},"img":{"alt_text":"","src":"https:\/\/i0.wp.com\/legentlecat.fr\/shop\/wp-content\/uploads\/2017\/03\/nuage.png?fit=960%2C1200&ssl=1&resize=350%2C200","width":350,"height":200,"srcset":"https:\/\/i0.wp.com\/legentlecat.fr\/shop\/wp-content\/uploads\/2017\/03\/nuage.png?fit=960%2C1200&ssl=1&resize=350%2C200 1x, https:\/\/i0.wp.com\/legentlecat.fr\/shop\/wp-content\/uploads\/2017\/03\/nuage.png?fit=960%2C1200&ssl=1&resize=525%2C300 1.5x, https:\/\/i0.wp.com\/legentlecat.fr\/shop\/wp-content\/uploads\/2017\/03\/nuage.png?fit=960%2C1200&ssl=1&resize=700%2C400 2x"},"classes":[]},{"id":1783,"url":"https:\/\/legentlecat.fr\/shop\/index.php\/produit\/plage-ensoleillee-bio\/","url_meta":{"origin":436,"position":4},"title":"Gr\u00e8ve Ensoleill\u00e9e BIO","author":"Jimmy RIOT","date":"20 mars 2017","format":false,"excerpt":"Sac herm\u00e9tique de 100 g\u00a0-\u00a0Le go\u00fbt fruit\u00e9, voire tr\u00e8s exotique de ce th\u00e9 blanc est une v\u00e9ritable invitation au voyage. Le panache qu'offre son m\u00e9lange de fruits confits est amplifi\u00e9\u00a0par un ar\u00f4me d\u00e9licat de fruits tropicaux. Ce th\u00e9 blanc soutenu par un brin de th\u00e9 vert se pr\u00eate parfaitement \u00e0\u2026","rel":"","context":"Article similaire","block_context":{"text":"Article similaire","link":""},"img":{"alt_text":"","src":"https:\/\/i0.wp.com\/legentlecat.fr\/shop\/wp-content\/uploads\/2017\/03\/Pic-plage-ensoleille.png?fit=960%2C1200&ssl=1&resize=350%2C200","width":350,"height":200,"srcset":"https:\/\/i0.wp.com\/legentlecat.fr\/shop\/wp-content\/uploads\/2017\/03\/Pic-plage-ensoleille.png?fit=960%2C1200&ssl=1&resize=350%2C200 1x, https:\/\/i0.wp.com\/legentlecat.fr\/shop\/wp-content\/uploads\/2017\/03\/Pic-plage-ensoleille.png?fit=960%2C1200&ssl=1&resize=525%2C300 1.5x, https:\/\/i0.wp.com\/legentlecat.fr\/shop\/wp-content\/uploads\/2017\/03\/Pic-plage-ensoleille.png?fit=960%2C1200&ssl=1&resize=700%2C400 2x"},"classes":[]},{"id":457,"url":"https:\/\/legentlecat.fr\/shop\/index.php\/produit\/metz-la-douce\/","url_meta":{"origin":436,"position":5},"title":"Metz la douce","author":"Jimmy RIOT","date":"13 mars 2017","format":false,"excerpt":"Sac herm\u00e9tique de 100 g\u00a0-\u00a0Cette infusion est un hommage \u00e0 la mirabelle et \u00e0 la ville de Metz. Riche en fruits confits, cette recette a \u00e9t\u00e9 mise au point pour permettre \u00e0 la mirabelle d'embaumer toute cette tasse finement fruit\u00e9e. Saveur : fruit\u00e9e Composition :\u00a0morceaux de pomme, de poire, d'ananas\u2026","rel":"","context":"Article similaire","block_context":{"text":"Article similaire","link":""},"img":{"alt_text":"","src":"https:\/\/i0.wp.com\/legentlecat.fr\/shop\/wp-content\/uploads\/2017\/03\/metz-douce.png?fit=960%2C1200&ssl=1&resize=350%2C200","width":350,"height":200,"srcset":"https:\/\/i0.wp.com\/legentlecat.fr\/shop\/wp-content\/uploads\/2017\/03\/metz-douce.png?fit=960%2C1200&ssl=1&resize=350%2C200 1x, https:\/\/i0.wp.com\/legentlecat.fr\/shop\/wp-content\/uploads\/2017\/03\/metz-douce.png?fit=960%2C1200&ssl=1&resize=525%2C300 1.5x, https:\/\/i0.wp.com\/legentlecat.fr\/shop\/wp-content\/uploads\/2017\/03\/metz-douce.png?fit=960%2C1200&ssl=1&resize=700%2C400 2x"},"classes":[]}],"_links":{"self":[{"href":"https:\/\/legentlecat.fr\/shop\/index.php\/wp-json\/wp\/v2\/product\/436","targetHints":{"allow":["GET"]}}],"collection":[{"href":"https:\/\/legentlecat.fr\/shop\/index.php\/wp-json\/wp\/v2\/product"}],"about":[{"href":"https:\/\/legentlecat.fr\/shop\/index.php\/wp-json\/wp\/v2\/types\/product"}],"wp:featuredmedia":[{"embeddable":true,"href":"https:\/\/legentlecat.fr\/shop\/index.php\/wp-json\/wp\/v2\/media\/2333"}],"wp:attachment":[{"href":"https:\/\/legentlecat.fr\/shop\/index.php\/wp-json\/wp\/v2\/media?parent=436"}],"wp:term":[{"taxonomy":"product_brand","embeddable":true,"href":"https:\/\/legentlecat.fr\/shop\/index.php\/wp-json\/wp\/v2\/product_brand?post=436"},{"taxonomy":"product_cat","embeddable":true,"href":"https:\/\/legentlecat.fr\/shop\/index.php\/wp-json\/wp\/v2\/product_cat?post=436"},{"taxonomy":"product_tag","embeddable":true,"href":"https:\/\/legentlecat.fr\/shop\/index.php\/wp-json\/wp\/v2\/product_tag?post=436"}],"curies":[{"name":"wp","href":"https:\/\/api.w.org\/{rel}","templated":true}]}}