{"id":3296,"date":"2020-11-09T21:19:58","date_gmt":"2020-11-09T20:19:58","guid":{"rendered":"http:\/\/legentlecat.fr\/shop\/?post_type=product&#038;p=3296"},"modified":"2024-08-09T20:26:05","modified_gmt":"2024-08-09T18:26:05","slug":"porte-cles-jeanne-la-persane","status":"publish","type":"product","link":"https:\/\/legentlecat.fr\/shop\/index.php\/produit\/porte-cles-jeanne-la-persane\/","title":{"rendered":"Porte-cl\u00e9s &#8211; Jeanne la Persane"},"content":{"rendered":"","protected":false},"excerpt":{"rendered":"<p style=\"text-align: justify;\">Mais dis donc, ton trousseau de cl\u00e9s est \u00e9norme ! &#8211; Ouais je sais mais j&rsquo;ai tellement aim\u00e9 la collection de porte-cl\u00e9s du GentleCat que je n&rsquo;ai pas r\u00e9ussi \u00e0 me d\u00e9cider. Du coup j&rsquo;ai pris les neuf mod\u00e8les&#8230; &#8211; Bon l&rsquo;avantage au moins, c&rsquo;est que tu risques pas de perdre tes cl\u00e9s !<\/p>\n<p style=\"text-align: justify;\">Vous aussi, impressionnez vos amis gr\u00e2ce \u00e0 <b>nos superbes porte-cl\u00e9s en m\u00e9tal et cuir<\/b> \u00e0 accrocher d&rsquo;urgence sur votre trousseau de maison, de voiture&#8230; Et si vous voulez faire plaisir \u00e0 un ami, n&rsquo;h\u00e9sitez pas \u00e0 lui offrir toute la collection !<\/p>\n","protected":false},"featured_media":3292,"template":"","meta":{"jetpack_post_was_ever_published":false,"jetpack_publicize_message":"","jetpack_publicize_feature_enabled":true,"jetpack_social_post_already_shared":true,"jetpack_social_options":{"image_generator_settings":{"template":"highway","default_image_id":0,"font":"","enabled":false},"version":2}},"product_brand":[],"product_cat":[52],"product_tag":[189,228,232],"class_list":{"0":"post-3296","1":"product","2":"type-product","3":"status-publish","4":"has-post-thumbnail","6":"product_cat-goodiescadeaux","7":"product_tag-idee-cadeau","8":"product_tag-jeanne","9":"product_tag-porte-cles","11":"first","12":"instock","13":"taxable","14":"shipping-taxable","15":"purchasable","16":"product-type-simple"},"yoast_head":"<!-- This site is optimized with the Yoast SEO plugin v27.3 - https:\/\/yoast.com\/product\/yoast-seo-wordpress\/ -->\n<title>Porte-cl\u00e9s - Jeanne la Persane - Le GentleCat - Teashop<\/title>\n<meta name=\"robots\" content=\"index, follow, max-snippet:-1, max-image-preview:large, max-video-preview:-1\" \/>\n<link rel=\"canonical\" href=\"https:\/\/legentlecat.fr\/shop\/index.php\/produit\/porte-cles-jeanne-la-persane\/\" \/>\n<meta property=\"og:locale\" content=\"fr_FR\" \/>\n<meta property=\"og:type\" content=\"article\" \/>\n<meta property=\"og:title\" content=\"Porte-cl\u00e9s - Jeanne la Persane - Le GentleCat - Teashop\" \/>\n<meta property=\"og:description\" content=\"Mais dis donc, ton trousseau de cl\u00e9s est \u00e9norme ! - Ouais je sais mais j&#039;ai tellement aim\u00e9 la collection de porte-cl\u00e9s du GentleCat que je n&#039;ai pas r\u00e9ussi \u00e0 me d\u00e9cider. Du coup j&#039;ai pris les neuf mod\u00e8les... - Bon l&#039;avantage au moins, c&#039;est que tu risques pas de perdre tes cl\u00e9s ! Vous aussi, impressionnez vos amis gr\u00e2ce \u00e0 nos superbes porte-cl\u00e9s en m\u00e9tal et cuir \u00e0 accrocher d&#039;urgence sur votre trousseau de maison, de voiture... Et si vous voulez faire plaisir \u00e0 un ami, n&#039;h\u00e9sitez pas \u00e0 lui offrir toute la collection !\" \/>\n<meta property=\"og:url\" content=\"https:\/\/legentlecat.fr\/shop\/index.php\/produit\/porte-cles-jeanne-la-persane\/\" \/>\n<meta property=\"og:site_name\" content=\"Le GentleCat - Teashop\" \/>\n<meta property=\"article:modified_time\" content=\"2024-08-09T18:26:05+00:00\" \/>\n<meta property=\"og:image\" content=\"https:\/\/i0.wp.com\/legentlecat.fr\/shop\/wp-content\/uploads\/2020\/11\/portecles-jeanne.jpg?fit=500%2C500&ssl=1\" \/>\n\t<meta property=\"og:image:width\" content=\"500\" \/>\n\t<meta property=\"og:image:height\" content=\"500\" \/>\n\t<meta property=\"og:image:type\" content=\"image\/jpeg\" \/>\n<meta name=\"twitter:card\" content=\"summary_large_image\" \/>\n<script type=\"application\/ld+json\" class=\"yoast-schema-graph\">{\"@context\":\"https:\\\/\\\/schema.org\",\"@graph\":[{\"@type\":\"WebPage\",\"@id\":\"https:\\\/\\\/legentlecat.fr\\\/shop\\\/index.php\\\/produit\\\/porte-cles-jeanne-la-persane\\\/\",\"url\":\"https:\\\/\\\/legentlecat.fr\\\/shop\\\/index.php\\\/produit\\\/porte-cles-jeanne-la-persane\\\/\",\"name\":\"Porte-cl\u00e9s - Jeanne la Persane - Le GentleCat - Teashop\",\"isPartOf\":{\"@id\":\"https:\\\/\\\/legentlecat.fr\\\/shop\\\/#website\"},\"primaryImageOfPage\":{\"@id\":\"https:\\\/\\\/legentlecat.fr\\\/shop\\\/index.php\\\/produit\\\/porte-cles-jeanne-la-persane\\\/#primaryimage\"},\"image\":{\"@id\":\"https:\\\/\\\/legentlecat.fr\\\/shop\\\/index.php\\\/produit\\\/porte-cles-jeanne-la-persane\\\/#primaryimage\"},\"thumbnailUrl\":\"https:\\\/\\\/i0.wp.com\\\/legentlecat.fr\\\/shop\\\/wp-content\\\/uploads\\\/2020\\\/11\\\/portecles-jeanne.jpg?fit=500%2C500&ssl=1\",\"datePublished\":\"2020-11-09T20:19:58+00:00\",\"dateModified\":\"2024-08-09T18:26:05+00:00\",\"breadcrumb\":{\"@id\":\"https:\\\/\\\/legentlecat.fr\\\/shop\\\/index.php\\\/produit\\\/porte-cles-jeanne-la-persane\\\/#breadcrumb\"},\"inLanguage\":\"fr-FR\",\"potentialAction\":[{\"@type\":\"ReadAction\",\"target\":[\"https:\\\/\\\/legentlecat.fr\\\/shop\\\/index.php\\\/produit\\\/porte-cles-jeanne-la-persane\\\/\"]}]},{\"@type\":\"ImageObject\",\"inLanguage\":\"fr-FR\",\"@id\":\"https:\\\/\\\/legentlecat.fr\\\/shop\\\/index.php\\\/produit\\\/porte-cles-jeanne-la-persane\\\/#primaryimage\",\"url\":\"https:\\\/\\\/i0.wp.com\\\/legentlecat.fr\\\/shop\\\/wp-content\\\/uploads\\\/2020\\\/11\\\/portecles-jeanne.jpg?fit=500%2C500&ssl=1\",\"contentUrl\":\"https:\\\/\\\/i0.wp.com\\\/legentlecat.fr\\\/shop\\\/wp-content\\\/uploads\\\/2020\\\/11\\\/portecles-jeanne.jpg?fit=500%2C500&ssl=1\",\"width\":500,\"height\":500},{\"@type\":\"BreadcrumbList\",\"@id\":\"https:\\\/\\\/legentlecat.fr\\\/shop\\\/index.php\\\/produit\\\/porte-cles-jeanne-la-persane\\\/#breadcrumb\",\"itemListElement\":[{\"@type\":\"ListItem\",\"position\":1,\"name\":\"Accueil\",\"item\":\"https:\\\/\\\/legentlecat.fr\\\/shop\\\/\"},{\"@type\":\"ListItem\",\"position\":2,\"name\":\"Shop\",\"item\":\"https:\\\/\\\/legentlecat.fr\\\/shop\\\/index.php\\\/shop\\\/\"},{\"@type\":\"ListItem\",\"position\":3,\"name\":\"Porte-cl\u00e9s &#8211; Jeanne la Persane\"}]},{\"@type\":\"WebSite\",\"@id\":\"https:\\\/\\\/legentlecat.fr\\\/shop\\\/#website\",\"url\":\"https:\\\/\\\/legentlecat.fr\\\/shop\\\/\",\"name\":\"Le GentleCat - Teashop\",\"description\":\"La boutique de th\u00e9 en ligne\",\"potentialAction\":[{\"@type\":\"SearchAction\",\"target\":{\"@type\":\"EntryPoint\",\"urlTemplate\":\"https:\\\/\\\/legentlecat.fr\\\/shop\\\/?s={search_term_string}\"},\"query-input\":{\"@type\":\"PropertyValueSpecification\",\"valueRequired\":true,\"valueName\":\"search_term_string\"}}],\"inLanguage\":\"fr-FR\"}]}<\/script>\n<!-- \/ Yoast SEO plugin. -->","yoast_head_json":{"title":"Porte-cl\u00e9s - Jeanne la Persane - Le GentleCat - Teashop","robots":{"index":"index","follow":"follow","max-snippet":"max-snippet:-1","max-image-preview":"max-image-preview:large","max-video-preview":"max-video-preview:-1"},"canonical":"https:\/\/legentlecat.fr\/shop\/index.php\/produit\/porte-cles-jeanne-la-persane\/","og_locale":"fr_FR","og_type":"article","og_title":"Porte-cl\u00e9s - Jeanne la Persane - Le GentleCat - Teashop","og_description":"Mais dis donc, ton trousseau de cl\u00e9s est \u00e9norme ! - Ouais je sais mais j'ai tellement aim\u00e9 la collection de porte-cl\u00e9s du GentleCat que je n'ai pas r\u00e9ussi \u00e0 me d\u00e9cider. Du coup j'ai pris les neuf mod\u00e8les... - Bon l'avantage au moins, c'est que tu risques pas de perdre tes cl\u00e9s ! Vous aussi, impressionnez vos amis gr\u00e2ce \u00e0 nos superbes porte-cl\u00e9s en m\u00e9tal et cuir \u00e0 accrocher d'urgence sur votre trousseau de maison, de voiture... Et si vous voulez faire plaisir \u00e0 un ami, n'h\u00e9sitez pas \u00e0 lui offrir toute la collection !","og_url":"https:\/\/legentlecat.fr\/shop\/index.php\/produit\/porte-cles-jeanne-la-persane\/","og_site_name":"Le GentleCat - Teashop","article_modified_time":"2024-08-09T18:26:05+00:00","og_image":[{"width":500,"height":500,"url":"https:\/\/i0.wp.com\/legentlecat.fr\/shop\/wp-content\/uploads\/2020\/11\/portecles-jeanne.jpg?fit=500%2C500&ssl=1","type":"image\/jpeg"}],"twitter_card":"summary_large_image","schema":{"@context":"https:\/\/schema.org","@graph":[{"@type":"WebPage","@id":"https:\/\/legentlecat.fr\/shop\/index.php\/produit\/porte-cles-jeanne-la-persane\/","url":"https:\/\/legentlecat.fr\/shop\/index.php\/produit\/porte-cles-jeanne-la-persane\/","name":"Porte-cl\u00e9s - Jeanne la Persane - Le GentleCat - Teashop","isPartOf":{"@id":"https:\/\/legentlecat.fr\/shop\/#website"},"primaryImageOfPage":{"@id":"https:\/\/legentlecat.fr\/shop\/index.php\/produit\/porte-cles-jeanne-la-persane\/#primaryimage"},"image":{"@id":"https:\/\/legentlecat.fr\/shop\/index.php\/produit\/porte-cles-jeanne-la-persane\/#primaryimage"},"thumbnailUrl":"https:\/\/i0.wp.com\/legentlecat.fr\/shop\/wp-content\/uploads\/2020\/11\/portecles-jeanne.jpg?fit=500%2C500&ssl=1","datePublished":"2020-11-09T20:19:58+00:00","dateModified":"2024-08-09T18:26:05+00:00","breadcrumb":{"@id":"https:\/\/legentlecat.fr\/shop\/index.php\/produit\/porte-cles-jeanne-la-persane\/#breadcrumb"},"inLanguage":"fr-FR","potentialAction":[{"@type":"ReadAction","target":["https:\/\/legentlecat.fr\/shop\/index.php\/produit\/porte-cles-jeanne-la-persane\/"]}]},{"@type":"ImageObject","inLanguage":"fr-FR","@id":"https:\/\/legentlecat.fr\/shop\/index.php\/produit\/porte-cles-jeanne-la-persane\/#primaryimage","url":"https:\/\/i0.wp.com\/legentlecat.fr\/shop\/wp-content\/uploads\/2020\/11\/portecles-jeanne.jpg?fit=500%2C500&ssl=1","contentUrl":"https:\/\/i0.wp.com\/legentlecat.fr\/shop\/wp-content\/uploads\/2020\/11\/portecles-jeanne.jpg?fit=500%2C500&ssl=1","width":500,"height":500},{"@type":"BreadcrumbList","@id":"https:\/\/legentlecat.fr\/shop\/index.php\/produit\/porte-cles-jeanne-la-persane\/#breadcrumb","itemListElement":[{"@type":"ListItem","position":1,"name":"Accueil","item":"https:\/\/legentlecat.fr\/shop\/"},{"@type":"ListItem","position":2,"name":"Shop","item":"https:\/\/legentlecat.fr\/shop\/index.php\/shop\/"},{"@type":"ListItem","position":3,"name":"Porte-cl\u00e9s &#8211; Jeanne la Persane"}]},{"@type":"WebSite","@id":"https:\/\/legentlecat.fr\/shop\/#website","url":"https:\/\/legentlecat.fr\/shop\/","name":"Le GentleCat - Teashop","description":"La boutique de th\u00e9 en ligne","potentialAction":[{"@type":"SearchAction","target":{"@type":"EntryPoint","urlTemplate":"https:\/\/legentlecat.fr\/shop\/?s={search_term_string}"},"query-input":{"@type":"PropertyValueSpecification","valueRequired":true,"valueName":"search_term_string"}}],"inLanguage":"fr-FR"}]}},"jetpack_publicize_connections":[],"jetpack_sharing_enabled":true,"jetpack-related-posts":[{"id":3286,"url":"https:\/\/legentlecat.fr\/shop\/index.php\/produit\/porte-cles-charline-lamerican-curl\/","url_meta":{"origin":3296,"position":0},"title":"Porte-cl\u00e9s &#8211; Charline l&rsquo;American Curl","author":"Jimmy RIOT","date":"9 novembre 2020","format":false,"excerpt":"Mais dis donc, ton trousseau de cl\u00e9s est \u00e9norme ! - Ouais je sais mais j'ai tellement aim\u00e9 la collection de porte-cl\u00e9s du GentleCat que je n'ai pas r\u00e9ussi \u00e0 me d\u00e9cider. Du coup j'ai pris les neuf mod\u00e8les... - Bon l'avantage au moins, c'est que tu risques pas de\u2026","rel":"","context":"Article similaire","block_context":{"text":"Article similaire","link":""},"img":{"alt_text":"","src":"https:\/\/i0.wp.com\/legentlecat.fr\/shop\/wp-content\/uploads\/2020\/11\/portecles-charline.jpg?fit=500%2C500&ssl=1&resize=350%2C200","width":350,"height":200},"classes":[]},{"id":3297,"url":"https:\/\/legentlecat.fr\/shop\/index.php\/produit\/porte-cles-nicole-lexotic\/","url_meta":{"origin":3296,"position":1},"title":"Porte-cl\u00e9s &#8211; Nicole l&rsquo;Exotic","author":"Jimmy RIOT","date":"9 novembre 2020","format":false,"excerpt":"Mais dis donc, ton trousseau de cl\u00e9s est \u00e9norme ! - Ouais je sais mais j'ai tellement aim\u00e9 la collection de porte-cl\u00e9s du GentleCat que je n'ai pas r\u00e9ussi \u00e0 me d\u00e9cider. Du coup j'ai pris les neuf mod\u00e8les... - Bon l'avantage au moins, c'est que tu risques pas de\u2026","rel":"","context":"Article similaire","block_context":{"text":"Article similaire","link":""},"img":{"alt_text":"","src":"https:\/\/i0.wp.com\/legentlecat.fr\/shop\/wp-content\/uploads\/2020\/11\/portecles-nicole.jpg?fit=500%2C500&ssl=1&resize=350%2C200","width":350,"height":200},"classes":[]},{"id":3298,"url":"https:\/\/legentlecat.fr\/shop\/index.php\/produit\/porte-cles-louise-la-chartreuse\/","url_meta":{"origin":3296,"position":2},"title":"Porte-cl\u00e9s &#8211; Louise la Chartreuse","author":"Jimmy RIOT","date":"9 novembre 2020","format":false,"excerpt":"Mais dis donc, ton trousseau de cl\u00e9s est \u00e9norme ! - Ouais je sais mais j'ai tellement aim\u00e9 la collection de porte-cl\u00e9s du GentleCat que je n'ai pas r\u00e9ussi \u00e0 me d\u00e9cider. Du coup j'ai pris les neuf mod\u00e8les... - Bon l'avantage au moins, c'est que tu risques pas de\u2026","rel":"","context":"Article similaire","block_context":{"text":"Article similaire","link":""},"img":{"alt_text":"","src":"https:\/\/i0.wp.com\/legentlecat.fr\/shop\/wp-content\/uploads\/2020\/11\/portecles-louise.jpg?fit=500%2C500&ssl=1&resize=350%2C200","width":350,"height":200},"classes":[]},{"id":3299,"url":"https:\/\/legentlecat.fr\/shop\/index.php\/produit\/porte-cles-guillemette-la-scottish\/","url_meta":{"origin":3296,"position":3},"title":"Porte-cl\u00e9s &#8211; Guillemette la Scottish","author":"Jimmy RIOT","date":"9 novembre 2020","format":false,"excerpt":"Mais dis donc, ton trousseau de cl\u00e9s est \u00e9norme ! - Ouais je sais mais j'ai tellement aim\u00e9 la collection de porte-cl\u00e9s du GentleCat que je n'ai pas r\u00e9ussi \u00e0 me d\u00e9cider. Du coup j'ai pris les neuf mod\u00e8les... - Bon l'avantage au moins, c'est que tu risques pas de\u2026","rel":"","context":"Article similaire","block_context":{"text":"Article similaire","link":""},"img":{"alt_text":"","src":"https:\/\/i0.wp.com\/legentlecat.fr\/shop\/wp-content\/uploads\/2020\/11\/portecles-guillemette.jpg?fit=500%2C500&ssl=1&resize=350%2C200","width":350,"height":200},"classes":[]},{"id":3300,"url":"https:\/\/legentlecat.fr\/shop\/index.php\/produit\/porte-cles-alberte-la-bengal\/","url_meta":{"origin":3296,"position":4},"title":"Porte-cl\u00e9s &#8211; Alberte la Bengal","author":"Jimmy RIOT","date":"9 novembre 2020","format":false,"excerpt":"Mais dis donc, ton trousseau de cl\u00e9s est \u00e9norme ! - Ouais je sais mais j'ai tellement aim\u00e9 la collection de porte-cl\u00e9s du GentleCat que je n'ai pas r\u00e9ussi \u00e0 me d\u00e9cider. Du coup j'ai pris les neuf mod\u00e8les... - Bon l'avantage au moins, c'est que tu risques pas de\u2026","rel":"","context":"Article similaire","block_context":{"text":"Article similaire","link":""},"img":{"alt_text":"","src":"https:\/\/i0.wp.com\/legentlecat.fr\/shop\/wp-content\/uploads\/2020\/11\/portecles-alberte.jpg?fit=500%2C500&ssl=1&resize=350%2C200","width":350,"height":200},"classes":[]},{"id":3301,"url":"https:\/\/legentlecat.fr\/shop\/index.php\/produit\/porte-cles-elizabeth-la-birmane\/","url_meta":{"origin":3296,"position":5},"title":"Porte-cl\u00e9s &#8211; Elizabeth la Birmane","author":"Jimmy RIOT","date":"9 novembre 2020","format":false,"excerpt":"Mais dis donc, ton trousseau de cl\u00e9s est \u00e9norme ! - Ouais je sais mais j'ai tellement aim\u00e9 la collection de porte-cl\u00e9s du GentleCat que je n'ai pas r\u00e9ussi \u00e0 me d\u00e9cider. Du coup j'ai pris les neuf mod\u00e8les... - Bon l'avantage au moins, c'est que tu risques pas de\u2026","rel":"","context":"Article similaire","block_context":{"text":"Article similaire","link":""},"img":{"alt_text":"","src":"https:\/\/i0.wp.com\/legentlecat.fr\/shop\/wp-content\/uploads\/2020\/11\/portecles-elizabeth.jpg?fit=500%2C500&ssl=1&resize=350%2C200","width":350,"height":200},"classes":[]}],"_links":{"self":[{"href":"https:\/\/legentlecat.fr\/shop\/index.php\/wp-json\/wp\/v2\/product\/3296","targetHints":{"allow":["GET"]}}],"collection":[{"href":"https:\/\/legentlecat.fr\/shop\/index.php\/wp-json\/wp\/v2\/product"}],"about":[{"href":"https:\/\/legentlecat.fr\/shop\/index.php\/wp-json\/wp\/v2\/types\/product"}],"wp:featuredmedia":[{"embeddable":true,"href":"https:\/\/legentlecat.fr\/shop\/index.php\/wp-json\/wp\/v2\/media\/3292"}],"wp:attachment":[{"href":"https:\/\/legentlecat.fr\/shop\/index.php\/wp-json\/wp\/v2\/media?parent=3296"}],"wp:term":[{"taxonomy":"product_brand","embeddable":true,"href":"https:\/\/legentlecat.fr\/shop\/index.php\/wp-json\/wp\/v2\/product_brand?post=3296"},{"taxonomy":"product_cat","embeddable":true,"href":"https:\/\/legentlecat.fr\/shop\/index.php\/wp-json\/wp\/v2\/product_cat?post=3296"},{"taxonomy":"product_tag","embeddable":true,"href":"https:\/\/legentlecat.fr\/shop\/index.php\/wp-json\/wp\/v2\/product_tag?post=3296"}],"curies":[{"name":"wp","href":"https:\/\/api.w.org\/{rel}","templated":true}]}}