{"id":310,"date":"2017-03-13T15:41:42","date_gmt":"2017-03-13T14:41:42","guid":{"rendered":"http:\/\/legentlecat.fr\/comptoir-a-thes\/produit\/cannelle-belle-helene\/"},"modified":"2022-12-02T13:57:21","modified_gmt":"2022-12-02T12:57:21","slug":"cannelle-belle-helene","status":"publish","type":"product","link":"https:\/\/legentlecat.fr\/shop\/index.php\/produit\/cannelle-belle-helene\/","title":{"rendered":"Cannelle Belle H\u00e9l\u00e8ne"},"content":{"rendered":"","protected":false},"excerpt":{"rendered":"<p style=\"text-align: justify;\"><img loading=\"lazy\" decoding=\"async\" class=\"size-full wp-image-2271 aligncenter\" src=\"http:\/\/legentlecat.fr\/shop\/wp-content\/uploads\/2017\/03\/infusion.jpg\" alt=\"\" width=\"250\" height=\"77\" \/><\/p>\n<p style=\"text-align: justify;\"><strong>Sac herm\u00e9tique de 100 g\u00a0&#8211;\u00a0<\/strong>Cette recette gourmande et l\u00e9g\u00e8rement \u00e9pic\u00e9e est un mi-chemin entre une infusion de fruits et un rooibos. Afin de rendre cette infusion plus douce et plus gourmande, il y a en effet un peu de rooibos dans ce m\u00e9lange mais il n&rsquo;est pas l&rsquo;ingr\u00e9dient de base.\u00a0Cette infusion donc, est une v\u00e9ritable petite parenth\u00e8se de douceur qui ravira tous les amateurs de poire.<\/p>\n<p style=\"text-align: justify;\"><strong>Saveur :<\/strong> fruit\u00e9e, \u00e9pic\u00e9e<\/p>\n<p style=\"text-align: justify;\"><strong>Composition :<\/strong> morceaux de pomme, roo\u00efbos, raisins, batons de cannelle, morceaux de poire, ar\u00f4me, boutons de rose jaune, fleurs de jasmin<\/p>\n","protected":false},"featured_media":2345,"template":"","meta":{"jetpack_post_was_ever_published":false,"jetpack_publicize_message":"","jetpack_publicize_feature_enabled":true,"jetpack_social_post_already_shared":false,"jetpack_social_options":{"image_generator_settings":{"template":"highway","default_image_id":0,"font":"","enabled":false},"version":2}},"product_brand":[],"product_cat":[85,87,211,80,79,49],"product_tag":[118,155,146,184,143,29,127,99,100],"class_list":{"0":"post-310","1":"product","2":"type-product","3":"status-publish","4":"has-post-thumbnail","6":"product_cat-infusions","7":"product_cat-rooibos","8":"product_cat-noelsaveurs","9":"product_cat-epicee","10":"product_cat-fruitee","11":"product_cat-the-rooibos","12":"product_tag-cannelle","13":"product_tag-fleurs-de-jasmin","14":"product_tag-infusion-de-fruits","15":"product_tag-poire","16":"product_tag-pomme","17":"product_tag-rooibos","18":"product_tag-rose","19":"product_tag-saveur-epicee","20":"product_tag-saveur-fruitee","22":"first","23":"instock","24":"taxable","25":"shipping-taxable","26":"purchasable","27":"product-type-simple"},"yoast_head":"<!-- This site is optimized with the Yoast SEO plugin v27.5 - https:\/\/yoast.com\/product\/yoast-seo-wordpress\/ -->\n<title>Cannelle Belle H\u00e9l\u00e8ne - Le GentleCat - Teashop<\/title>\n<meta name=\"robots\" content=\"index, follow, max-snippet:-1, max-image-preview:large, max-video-preview:-1\" \/>\n<link rel=\"canonical\" href=\"https:\/\/legentlecat.fr\/shop\/index.php\/produit\/cannelle-belle-helene\/\" \/>\n<meta property=\"og:locale\" content=\"fr_FR\" \/>\n<meta property=\"og:type\" content=\"article\" \/>\n<meta property=\"og:title\" content=\"Cannelle Belle H\u00e9l\u00e8ne - Le GentleCat - Teashop\" \/>\n<meta property=\"og:description\" content=\"Sac herm\u00e9tique de 100 g\u00a0-\u00a0Cette recette gourmande et l\u00e9g\u00e8rement \u00e9pic\u00e9e est un mi-chemin entre une infusion de fruits et un rooibos. Afin de rendre cette infusion plus douce et plus gourmande, il y a en effet un peu de rooibos dans ce m\u00e9lange mais il n&#039;est pas l&#039;ingr\u00e9dient de base.\u00a0Cette infusion donc, est une v\u00e9ritable petite parenth\u00e8se de douceur qui ravira tous les amateurs de poire. Saveur : fruit\u00e9e, \u00e9pic\u00e9e Composition : morceaux de pomme, roo\u00efbos, raisins, batons de cannelle, morceaux de poire, ar\u00f4me, boutons de rose jaune, fleurs de jasmin\" \/>\n<meta property=\"og:url\" content=\"https:\/\/legentlecat.fr\/shop\/index.php\/produit\/cannelle-belle-helene\/\" \/>\n<meta property=\"og:site_name\" content=\"Le GentleCat - Teashop\" \/>\n<meta property=\"article:modified_time\" content=\"2022-12-02T12:57:21+00:00\" \/>\n<meta property=\"og:image\" content=\"https:\/\/legentlecat.fr\/shop\/wp-content\/uploads\/2017\/03\/helene-819x1024.png\" \/>\n\t<meta property=\"og:image:width\" content=\"819\" \/>\n\t<meta property=\"og:image:height\" content=\"1024\" \/>\n\t<meta property=\"og:image:type\" content=\"image\/png\" \/>\n<meta name=\"twitter:card\" content=\"summary_large_image\" \/>\n<script type=\"application\/ld+json\" class=\"yoast-schema-graph\">{\"@context\":\"https:\\\/\\\/schema.org\",\"@graph\":[{\"@type\":\"WebPage\",\"@id\":\"https:\\\/\\\/legentlecat.fr\\\/shop\\\/index.php\\\/produit\\\/cannelle-belle-helene\\\/\",\"url\":\"https:\\\/\\\/legentlecat.fr\\\/shop\\\/index.php\\\/produit\\\/cannelle-belle-helene\\\/\",\"name\":\"Cannelle Belle H\u00e9l\u00e8ne - Le GentleCat - Teashop\",\"isPartOf\":{\"@id\":\"https:\\\/\\\/legentlecat.fr\\\/shop\\\/#website\"},\"primaryImageOfPage\":{\"@id\":\"https:\\\/\\\/legentlecat.fr\\\/shop\\\/index.php\\\/produit\\\/cannelle-belle-helene\\\/#primaryimage\"},\"image\":{\"@id\":\"https:\\\/\\\/legentlecat.fr\\\/shop\\\/index.php\\\/produit\\\/cannelle-belle-helene\\\/#primaryimage\"},\"thumbnailUrl\":\"https:\\\/\\\/i0.wp.com\\\/legentlecat.fr\\\/shop\\\/wp-content\\\/uploads\\\/2017\\\/03\\\/helene.png?fit=1500%2C1875&ssl=1\",\"datePublished\":\"2017-03-13T14:41:42+00:00\",\"dateModified\":\"2022-12-02T12:57:21+00:00\",\"breadcrumb\":{\"@id\":\"https:\\\/\\\/legentlecat.fr\\\/shop\\\/index.php\\\/produit\\\/cannelle-belle-helene\\\/#breadcrumb\"},\"inLanguage\":\"fr-FR\",\"potentialAction\":[{\"@type\":\"ReadAction\",\"target\":[\"https:\\\/\\\/legentlecat.fr\\\/shop\\\/index.php\\\/produit\\\/cannelle-belle-helene\\\/\"]}]},{\"@type\":\"ImageObject\",\"inLanguage\":\"fr-FR\",\"@id\":\"https:\\\/\\\/legentlecat.fr\\\/shop\\\/index.php\\\/produit\\\/cannelle-belle-helene\\\/#primaryimage\",\"url\":\"https:\\\/\\\/i0.wp.com\\\/legentlecat.fr\\\/shop\\\/wp-content\\\/uploads\\\/2017\\\/03\\\/helene.png?fit=1500%2C1875&ssl=1\",\"contentUrl\":\"https:\\\/\\\/i0.wp.com\\\/legentlecat.fr\\\/shop\\\/wp-content\\\/uploads\\\/2017\\\/03\\\/helene.png?fit=1500%2C1875&ssl=1\",\"width\":1500,\"height\":1875},{\"@type\":\"BreadcrumbList\",\"@id\":\"https:\\\/\\\/legentlecat.fr\\\/shop\\\/index.php\\\/produit\\\/cannelle-belle-helene\\\/#breadcrumb\",\"itemListElement\":[{\"@type\":\"ListItem\",\"position\":1,\"name\":\"Accueil\",\"item\":\"https:\\\/\\\/legentlecat.fr\\\/shop\\\/\"},{\"@type\":\"ListItem\",\"position\":2,\"name\":\"Shop\",\"item\":\"https:\\\/\\\/legentlecat.fr\\\/shop\\\/index.php\\\/shop\\\/\"},{\"@type\":\"ListItem\",\"position\":3,\"name\":\"Cannelle Belle H\u00e9l\u00e8ne\"}]},{\"@type\":\"WebSite\",\"@id\":\"https:\\\/\\\/legentlecat.fr\\\/shop\\\/#website\",\"url\":\"https:\\\/\\\/legentlecat.fr\\\/shop\\\/\",\"name\":\"Le GentleCat - Teashop\",\"description\":\"La boutique de th\u00e9 en ligne\",\"potentialAction\":[{\"@type\":\"SearchAction\",\"target\":{\"@type\":\"EntryPoint\",\"urlTemplate\":\"https:\\\/\\\/legentlecat.fr\\\/shop\\\/?s={search_term_string}\"},\"query-input\":{\"@type\":\"PropertyValueSpecification\",\"valueRequired\":true,\"valueName\":\"search_term_string\"}}],\"inLanguage\":\"fr-FR\"}]}<\/script>\n<!-- \/ Yoast SEO plugin. -->","yoast_head_json":{"title":"Cannelle Belle H\u00e9l\u00e8ne - Le GentleCat - Teashop","robots":{"index":"index","follow":"follow","max-snippet":"max-snippet:-1","max-image-preview":"max-image-preview:large","max-video-preview":"max-video-preview:-1"},"canonical":"https:\/\/legentlecat.fr\/shop\/index.php\/produit\/cannelle-belle-helene\/","og_locale":"fr_FR","og_type":"article","og_title":"Cannelle Belle H\u00e9l\u00e8ne - Le GentleCat - Teashop","og_description":"Sac herm\u00e9tique de 100 g\u00a0-\u00a0Cette recette gourmande et l\u00e9g\u00e8rement \u00e9pic\u00e9e est un mi-chemin entre une infusion de fruits et un rooibos. Afin de rendre cette infusion plus douce et plus gourmande, il y a en effet un peu de rooibos dans ce m\u00e9lange mais il n'est pas l'ingr\u00e9dient de base.\u00a0Cette infusion donc, est une v\u00e9ritable petite parenth\u00e8se de douceur qui ravira tous les amateurs de poire. Saveur : fruit\u00e9e, \u00e9pic\u00e9e Composition : morceaux de pomme, roo\u00efbos, raisins, batons de cannelle, morceaux de poire, ar\u00f4me, boutons de rose jaune, fleurs de jasmin","og_url":"https:\/\/legentlecat.fr\/shop\/index.php\/produit\/cannelle-belle-helene\/","og_site_name":"Le GentleCat - Teashop","article_modified_time":"2022-12-02T12:57:21+00:00","og_image":[{"width":819,"height":1024,"url":"https:\/\/legentlecat.fr\/shop\/wp-content\/uploads\/2017\/03\/helene-819x1024.png","type":"image\/png"}],"twitter_card":"summary_large_image","schema":{"@context":"https:\/\/schema.org","@graph":[{"@type":"WebPage","@id":"https:\/\/legentlecat.fr\/shop\/index.php\/produit\/cannelle-belle-helene\/","url":"https:\/\/legentlecat.fr\/shop\/index.php\/produit\/cannelle-belle-helene\/","name":"Cannelle Belle H\u00e9l\u00e8ne - Le GentleCat - Teashop","isPartOf":{"@id":"https:\/\/legentlecat.fr\/shop\/#website"},"primaryImageOfPage":{"@id":"https:\/\/legentlecat.fr\/shop\/index.php\/produit\/cannelle-belle-helene\/#primaryimage"},"image":{"@id":"https:\/\/legentlecat.fr\/shop\/index.php\/produit\/cannelle-belle-helene\/#primaryimage"},"thumbnailUrl":"https:\/\/i0.wp.com\/legentlecat.fr\/shop\/wp-content\/uploads\/2017\/03\/helene.png?fit=1500%2C1875&ssl=1","datePublished":"2017-03-13T14:41:42+00:00","dateModified":"2022-12-02T12:57:21+00:00","breadcrumb":{"@id":"https:\/\/legentlecat.fr\/shop\/index.php\/produit\/cannelle-belle-helene\/#breadcrumb"},"inLanguage":"fr-FR","potentialAction":[{"@type":"ReadAction","target":["https:\/\/legentlecat.fr\/shop\/index.php\/produit\/cannelle-belle-helene\/"]}]},{"@type":"ImageObject","inLanguage":"fr-FR","@id":"https:\/\/legentlecat.fr\/shop\/index.php\/produit\/cannelle-belle-helene\/#primaryimage","url":"https:\/\/i0.wp.com\/legentlecat.fr\/shop\/wp-content\/uploads\/2017\/03\/helene.png?fit=1500%2C1875&ssl=1","contentUrl":"https:\/\/i0.wp.com\/legentlecat.fr\/shop\/wp-content\/uploads\/2017\/03\/helene.png?fit=1500%2C1875&ssl=1","width":1500,"height":1875},{"@type":"BreadcrumbList","@id":"https:\/\/legentlecat.fr\/shop\/index.php\/produit\/cannelle-belle-helene\/#breadcrumb","itemListElement":[{"@type":"ListItem","position":1,"name":"Accueil","item":"https:\/\/legentlecat.fr\/shop\/"},{"@type":"ListItem","position":2,"name":"Shop","item":"https:\/\/legentlecat.fr\/shop\/index.php\/shop\/"},{"@type":"ListItem","position":3,"name":"Cannelle Belle H\u00e9l\u00e8ne"}]},{"@type":"WebSite","@id":"https:\/\/legentlecat.fr\/shop\/#website","url":"https:\/\/legentlecat.fr\/shop\/","name":"Le GentleCat - Teashop","description":"La boutique de th\u00e9 en ligne","potentialAction":[{"@type":"SearchAction","target":{"@type":"EntryPoint","urlTemplate":"https:\/\/legentlecat.fr\/shop\/?s={search_term_string}"},"query-input":{"@type":"PropertyValueSpecification","valueRequired":true,"valueName":"search_term_string"}}],"inLanguage":"fr-FR"}]}},"jetpack_publicize_connections":[],"jetpack_sharing_enabled":true,"jetpack-related-posts":[{"id":1069,"url":"https:\/\/legentlecat.fr\/shop\/index.php\/produit\/marche-alsacien\/","url_meta":{"origin":310,"position":0},"title":"March\u00e9 Alsacien","author":"Jimmy RIOT","date":"19 mars 2017","format":false,"excerpt":"Sac herm\u00e9tique de 100 g\u00a0-\u00a0Le rooibos March\u00e9 Alsacien est une recette inspir\u00e9e des march\u00e9s de no\u00ebl alsaciens. On y retrouve le go\u00fbt tr\u00e8s typique du th\u00e9 de No\u00ebl :\u00a0la saveur tr\u00e8s fruit\u00e9e de l'orange y est agr\u00e9ment\u00e9e de cannelle et de caramel. Saveur : gourmande, fruit\u00e9e, \u00e9pic\u00e9e Composition :\u00a0rooibos super\u2026","rel":"","context":"Article similaire","block_context":{"text":"Article similaire","link":""},"img":{"alt_text":"","src":"https:\/\/i0.wp.com\/legentlecat.fr\/shop\/wp-content\/uploads\/2017\/03\/marche-alsacien.png?fit=960%2C1200&ssl=1&resize=350%2C200","width":350,"height":200,"srcset":"https:\/\/i0.wp.com\/legentlecat.fr\/shop\/wp-content\/uploads\/2017\/03\/marche-alsacien.png?fit=960%2C1200&ssl=1&resize=350%2C200 1x, https:\/\/i0.wp.com\/legentlecat.fr\/shop\/wp-content\/uploads\/2017\/03\/marche-alsacien.png?fit=960%2C1200&ssl=1&resize=525%2C300 1.5x, https:\/\/i0.wp.com\/legentlecat.fr\/shop\/wp-content\/uploads\/2017\/03\/marche-alsacien.png?fit=960%2C1200&ssl=1&resize=700%2C400 2x"},"classes":[]},{"id":478,"url":"https:\/\/legentlecat.fr\/shop\/index.php\/produit\/bonhomme-de-pain-depices\/","url_meta":{"origin":310,"position":1},"title":"Bonhomme de Pain d&rsquo;\u00e9pices","author":"Jimmy RIOT","date":"13 mars 2017","format":false,"excerpt":"Sac herm\u00e9tique de 100 g\u00a0-\u00a0Cette recette est tr\u00e8s riche en ingr\u00e9dients. Dans cette infusion de fruits, la pomme constitue une base neutre qui laisse s'exprimer toutes les \u00e9pices et les nombreux autres composants. La saveur de pain d'\u00e9pice tr\u00e8s prononc\u00e9e en fait une infusion id\u00e9ale pour un go\u00fbter l\u00e9ger ou\u2026","rel":"","context":"Article similaire","block_context":{"text":"Article similaire","link":""},"img":{"alt_text":"","src":"https:\/\/i0.wp.com\/legentlecat.fr\/shop\/wp-content\/uploads\/2017\/03\/pain-epice.png?fit=960%2C1200&ssl=1&resize=350%2C200","width":350,"height":200,"srcset":"https:\/\/i0.wp.com\/legentlecat.fr\/shop\/wp-content\/uploads\/2017\/03\/pain-epice.png?fit=960%2C1200&ssl=1&resize=350%2C200 1x, https:\/\/i0.wp.com\/legentlecat.fr\/shop\/wp-content\/uploads\/2017\/03\/pain-epice.png?fit=960%2C1200&ssl=1&resize=525%2C300 1.5x, https:\/\/i0.wp.com\/legentlecat.fr\/shop\/wp-content\/uploads\/2017\/03\/pain-epice.png?fit=960%2C1200&ssl=1&resize=700%2C400 2x"},"classes":[]},{"id":1195,"url":"https:\/\/legentlecat.fr\/shop\/index.php\/produit\/chai-nacarat-bio\/","url_meta":{"origin":310,"position":2},"title":"Cha\u00ef Nacarat BIO","author":"Jimmy RIOT","date":"19 mars 2017","format":false,"excerpt":"Sac herm\u00e9tique de 100 g\u00a0-\u00a0Le Cha\u00ef est un th\u00e9 traditionnel indien \u00e0 base de th\u00e9 et de masala, un m\u00e9lange d'\u00e9pices. Dans sa forme premi\u00e8re, c'est une recette \u00e0 base de th\u00e9 noir. Nous vous en proposons ici une version rouge, sans la moindre trace de th\u00e9ine et\u00a0moins astringente. Une\u2026","rel":"","context":"Article similaire","block_context":{"text":"Article similaire","link":""},"img":{"alt_text":"","src":"https:\/\/i0.wp.com\/legentlecat.fr\/shop\/wp-content\/uploads\/2017\/03\/nacarat.png?fit=960%2C1200&ssl=1&resize=350%2C200","width":350,"height":200,"srcset":"https:\/\/i0.wp.com\/legentlecat.fr\/shop\/wp-content\/uploads\/2017\/03\/nacarat.png?fit=960%2C1200&ssl=1&resize=350%2C200 1x, https:\/\/i0.wp.com\/legentlecat.fr\/shop\/wp-content\/uploads\/2017\/03\/nacarat.png?fit=960%2C1200&ssl=1&resize=525%2C300 1.5x, https:\/\/i0.wp.com\/legentlecat.fr\/shop\/wp-content\/uploads\/2017\/03\/nacarat.png?fit=960%2C1200&ssl=1&resize=700%2C400 2x"},"classes":[]},{"id":1279,"url":"https:\/\/legentlecat.fr\/shop\/index.php\/produit\/apple-pie\/","url_meta":{"origin":310,"position":3},"title":"Apple Pie","author":"Jimmy RIOT","date":"19 mars 2017","format":false,"excerpt":"Sac herm\u00e9tique de 100 g\u00a0-\u00a0L'Apple Pie est sans conteste la plus gourmande de nos tasses. ce rooibos\u00a0est une des cr\u00e9ations embl\u00e9matiques du Comptoir du GentleCat, un des th\u00e9s que les clients de notre salon lyonnais\u00a0nous demandent le plus. On y retrouve une saveur tr\u00e8s proche du traditionnel g\u00e2teau am\u00e9ricain. Saveur\u2026","rel":"","context":"Article similaire","block_context":{"text":"Article similaire","link":""},"img":{"alt_text":"","src":"https:\/\/i0.wp.com\/legentlecat.fr\/shop\/wp-content\/uploads\/2017\/03\/apple-pie-ok.png?fit=960%2C1200&ssl=1&resize=350%2C200","width":350,"height":200,"srcset":"https:\/\/i0.wp.com\/legentlecat.fr\/shop\/wp-content\/uploads\/2017\/03\/apple-pie-ok.png?fit=960%2C1200&ssl=1&resize=350%2C200 1x, https:\/\/i0.wp.com\/legentlecat.fr\/shop\/wp-content\/uploads\/2017\/03\/apple-pie-ok.png?fit=960%2C1200&ssl=1&resize=525%2C300 1.5x, https:\/\/i0.wp.com\/legentlecat.fr\/shop\/wp-content\/uploads\/2017\/03\/apple-pie-ok.png?fit=960%2C1200&ssl=1&resize=700%2C400 2x"},"classes":[]},{"id":1006,"url":"https:\/\/legentlecat.fr\/shop\/index.php\/produit\/minceur-gingy-pampi-bio\/","url_meta":{"origin":310,"position":4},"title":"Minceur Gingy Pampi BIO","author":"Jimmy RIOT","date":"19 mars 2017","format":false,"excerpt":"Sac herm\u00e9tique de 100 g\u00a0-\u00a0Le th\u00e9 minceur : La mat\u00e9 est particuli\u00e8rement consomm\u00e9 dans les pays d'Am\u00e9rique du Sud. Son infusion tr\u00e8s riche en th\u00e9ine, sa forte teneur en antioxydant, son effet coupe faim et sa capacit\u00e9 \u00e0 br\u00fbler les graisses en font une base parfaite pour les th\u00e9s \"minceur\",\u2026","rel":"","context":"Article similaire","block_context":{"text":"Article similaire","link":""},"img":{"alt_text":"","src":"https:\/\/i0.wp.com\/legentlecat.fr\/shop\/wp-content\/uploads\/2017\/03\/gingy-pampi.png?fit=960%2C1200&ssl=1&resize=350%2C200","width":350,"height":200,"srcset":"https:\/\/i0.wp.com\/legentlecat.fr\/shop\/wp-content\/uploads\/2017\/03\/gingy-pampi.png?fit=960%2C1200&ssl=1&resize=350%2C200 1x, https:\/\/i0.wp.com\/legentlecat.fr\/shop\/wp-content\/uploads\/2017\/03\/gingy-pampi.png?fit=960%2C1200&ssl=1&resize=525%2C300 1.5x, https:\/\/i0.wp.com\/legentlecat.fr\/shop\/wp-content\/uploads\/2017\/03\/gingy-pampi.png?fit=960%2C1200&ssl=1&resize=700%2C400 2x"},"classes":[]},{"id":1237,"url":"https:\/\/legentlecat.fr\/shop\/index.php\/produit\/chai-ebene-bio\/","url_meta":{"origin":310,"position":5},"title":"Cha\u00ef \u00e9b\u00e8ne BIO","author":"Jimmy RIOT","date":"19 mars 2017","format":false,"excerpt":"Sac herm\u00e9tique de 100 g\u00a0-\u00a0Le Cha\u00ef est un m\u00e9lange de th\u00e9 et d'\u00e9pices. Traditionnellement \u00e0 base de th\u00e9 noir, il est la boisson matinale quotidienne d'une majorit\u00e9 d'indiens. Il est g\u00e9n\u00e9ralement infus\u00e9 dans du lait entier bouillant et l\u00e9g\u00e8rement sucr\u00e9. En Occident on le consomme plut\u00f4t sous forme d'un Cha\u00ef\u2026","rel":"","context":"Article similaire","block_context":{"text":"Article similaire","link":""},"img":{"alt_text":"","src":"https:\/\/i0.wp.com\/legentlecat.fr\/shop\/wp-content\/uploads\/2017\/03\/eben.png?fit=960%2C1200&ssl=1&resize=350%2C200","width":350,"height":200,"srcset":"https:\/\/i0.wp.com\/legentlecat.fr\/shop\/wp-content\/uploads\/2017\/03\/eben.png?fit=960%2C1200&ssl=1&resize=350%2C200 1x, https:\/\/i0.wp.com\/legentlecat.fr\/shop\/wp-content\/uploads\/2017\/03\/eben.png?fit=960%2C1200&ssl=1&resize=525%2C300 1.5x, https:\/\/i0.wp.com\/legentlecat.fr\/shop\/wp-content\/uploads\/2017\/03\/eben.png?fit=960%2C1200&ssl=1&resize=700%2C400 2x"},"classes":[]}],"_links":{"self":[{"href":"https:\/\/legentlecat.fr\/shop\/index.php\/wp-json\/wp\/v2\/product\/310","targetHints":{"allow":["GET"]}}],"collection":[{"href":"https:\/\/legentlecat.fr\/shop\/index.php\/wp-json\/wp\/v2\/product"}],"about":[{"href":"https:\/\/legentlecat.fr\/shop\/index.php\/wp-json\/wp\/v2\/types\/product"}],"wp:featuredmedia":[{"embeddable":true,"href":"https:\/\/legentlecat.fr\/shop\/index.php\/wp-json\/wp\/v2\/media\/2345"}],"wp:attachment":[{"href":"https:\/\/legentlecat.fr\/shop\/index.php\/wp-json\/wp\/v2\/media?parent=310"}],"wp:term":[{"taxonomy":"product_brand","embeddable":true,"href":"https:\/\/legentlecat.fr\/shop\/index.php\/wp-json\/wp\/v2\/product_brand?post=310"},{"taxonomy":"product_cat","embeddable":true,"href":"https:\/\/legentlecat.fr\/shop\/index.php\/wp-json\/wp\/v2\/product_cat?post=310"},{"taxonomy":"product_tag","embeddable":true,"href":"https:\/\/legentlecat.fr\/shop\/index.php\/wp-json\/wp\/v2\/product_tag?post=310"}],"curies":[{"name":"wp","href":"https:\/\/api.w.org\/{rel}","templated":true}]}}