{"id":2955,"date":"2020-10-30T18:33:57","date_gmt":"2020-10-30T17:33:57","guid":{"rendered":"http:\/\/legentlecat.fr\/shop\/?post_type=product&#038;p=2955"},"modified":"2023-06-26T10:20:53","modified_gmt":"2023-06-26T08:20:53","slug":"boite-washi-toucan","status":"publish","type":"product","link":"https:\/\/legentlecat.fr\/shop\/index.php\/produit\/boite-washi-toucan\/","title":{"rendered":"Bo\u00eete Washi &#8211; Toucan"},"content":{"rendered":"","protected":false},"excerpt":{"rendered":"<p style=\"text-align: justify;\">Nos boites washi sont fabriqu\u00e9es en France.<\/p>\n<p style=\"text-align: justify;\">Gr\u00e2ce \u00e0 une technique artisanale, la boite est recouverte d&rsquo;une illustration sur papier brillant et d&rsquo;un\u00a0papier washi traditionnel (import\u00e9 du Japon),\u00a0c&rsquo;est d&rsquo;ailleurs de cette technique que la boite washi tient son nom.<\/p>\n<p style=\"text-align: justify;\">Le soin particulier qui est apport\u00e9 \u00e0 la fabrication d&rsquo;une telle bo\u00eete en fait plus qu&rsquo;une simple bo\u00eete de th\u00e9, elle est un v\u00e9ritable objet de d\u00e9coration et de collection.<\/p>\n<p style=\"text-align: justify;\">La quantit\u00e9 de th\u00e9 pouvant \u00eatre mise \u00e0 l&rsquo;int\u00e9rieur est de 115 grammes. L&rsquo;article qui vous est propos\u00e9 ici est la bo\u00eete washi vide. Si vous souhaitez acheter une boite washi pleine, il vous faut d&rsquo;abord choisir votre th\u00e9 en dans sa fiche produit, vous trouverez\u00a0votre bo\u00eete en choisissant le contenant (sac, bo\u00eete&#8230;).<\/p>\n","protected":false},"featured_media":2956,"template":"","meta":{"jetpack_post_was_ever_published":false,"jetpack_publicize_message":"","jetpack_publicize_feature_enabled":true,"jetpack_social_post_already_shared":true,"jetpack_social_options":{"image_generator_settings":{"template":"highway","default_image_id":0,"font":"","enabled":false},"version":2}},"product_brand":[],"product_cat":[38],"product_tag":[8,12,190,189,34],"class_list":{"0":"post-2955","1":"product","2":"type-product","3":"status-publish","4":"has-post-thumbnail","6":"product_cat-conserver","7":"product_tag-accessoire","8":"product_tag-boite-de-the","9":"product_tag-conservation","10":"product_tag-idee-cadeau","11":"product_tag-washi","13":"first","14":"outofstock","15":"taxable","16":"shipping-taxable","17":"purchasable","18":"product-type-simple"},"yoast_head":"<!-- This site is optimized with the Yoast SEO plugin v27.4 - https:\/\/yoast.com\/product\/yoast-seo-wordpress\/ -->\n<title>Bo\u00eete Washi - Toucan - Le GentleCat - Teashop<\/title>\n<meta name=\"robots\" content=\"index, follow, max-snippet:-1, max-image-preview:large, max-video-preview:-1\" \/>\n<link rel=\"canonical\" href=\"https:\/\/legentlecat.fr\/shop\/index.php\/produit\/boite-washi-toucan\/\" \/>\n<meta property=\"og:locale\" content=\"fr_FR\" \/>\n<meta property=\"og:type\" content=\"article\" \/>\n<meta property=\"og:title\" content=\"Bo\u00eete Washi - Toucan - Le GentleCat - Teashop\" \/>\n<meta property=\"og:description\" content=\"Nos boites washi sont fabriqu\u00e9es en France. Gr\u00e2ce \u00e0 une technique artisanale, la boite est recouverte d&#039;une illustration sur papier brillant et d&#039;un\u00a0papier washi traditionnel (import\u00e9 du Japon),\u00a0c&#039;est d&#039;ailleurs de cette technique que la boite washi tient son nom. Le soin particulier qui est apport\u00e9 \u00e0 la fabrication d&#039;une telle bo\u00eete en fait plus qu&#039;une simple bo\u00eete de th\u00e9, elle est un v\u00e9ritable objet de d\u00e9coration et de collection. La quantit\u00e9 de th\u00e9 pouvant \u00eatre mise \u00e0 l&#039;int\u00e9rieur est de 115 grammes. L&#039;article qui vous est propos\u00e9 ici est la bo\u00eete washi vide. Si vous souhaitez acheter une boite washi pleine, il vous faut d&#039;abord choisir votre th\u00e9 en dans sa fiche produit, vous trouverez\u00a0votre bo\u00eete en choisissant le contenant (sac, bo\u00eete...).\" \/>\n<meta property=\"og:url\" content=\"https:\/\/legentlecat.fr\/shop\/index.php\/produit\/boite-washi-toucan\/\" \/>\n<meta property=\"og:site_name\" content=\"Le GentleCat - Teashop\" \/>\n<meta property=\"article:modified_time\" content=\"2023-06-26T08:20:53+00:00\" \/>\n<meta property=\"og:image\" content=\"https:\/\/i0.wp.com\/legentlecat.fr\/shop\/wp-content\/uploads\/2020\/10\/boite-washi-toucan.jpg?fit=1000%2C1000&ssl=1\" \/>\n\t<meta property=\"og:image:width\" content=\"1000\" \/>\n\t<meta property=\"og:image:height\" content=\"1000\" \/>\n\t<meta property=\"og:image:type\" content=\"image\/jpeg\" \/>\n<meta name=\"twitter:card\" content=\"summary_large_image\" \/>\n<script type=\"application\/ld+json\" class=\"yoast-schema-graph\">{\"@context\":\"https:\\\/\\\/schema.org\",\"@graph\":[{\"@type\":\"WebPage\",\"@id\":\"https:\\\/\\\/legentlecat.fr\\\/shop\\\/index.php\\\/produit\\\/boite-washi-toucan\\\/\",\"url\":\"https:\\\/\\\/legentlecat.fr\\\/shop\\\/index.php\\\/produit\\\/boite-washi-toucan\\\/\",\"name\":\"Bo\u00eete Washi - Toucan - Le GentleCat - Teashop\",\"isPartOf\":{\"@id\":\"https:\\\/\\\/legentlecat.fr\\\/shop\\\/#website\"},\"primaryImageOfPage\":{\"@id\":\"https:\\\/\\\/legentlecat.fr\\\/shop\\\/index.php\\\/produit\\\/boite-washi-toucan\\\/#primaryimage\"},\"image\":{\"@id\":\"https:\\\/\\\/legentlecat.fr\\\/shop\\\/index.php\\\/produit\\\/boite-washi-toucan\\\/#primaryimage\"},\"thumbnailUrl\":\"https:\\\/\\\/i0.wp.com\\\/legentlecat.fr\\\/shop\\\/wp-content\\\/uploads\\\/2020\\\/10\\\/boite-washi-toucan.jpg?fit=1000%2C1000&ssl=1\",\"datePublished\":\"2020-10-30T17:33:57+00:00\",\"dateModified\":\"2023-06-26T08:20:53+00:00\",\"breadcrumb\":{\"@id\":\"https:\\\/\\\/legentlecat.fr\\\/shop\\\/index.php\\\/produit\\\/boite-washi-toucan\\\/#breadcrumb\"},\"inLanguage\":\"fr-FR\",\"potentialAction\":[{\"@type\":\"ReadAction\",\"target\":[\"https:\\\/\\\/legentlecat.fr\\\/shop\\\/index.php\\\/produit\\\/boite-washi-toucan\\\/\"]}]},{\"@type\":\"ImageObject\",\"inLanguage\":\"fr-FR\",\"@id\":\"https:\\\/\\\/legentlecat.fr\\\/shop\\\/index.php\\\/produit\\\/boite-washi-toucan\\\/#primaryimage\",\"url\":\"https:\\\/\\\/i0.wp.com\\\/legentlecat.fr\\\/shop\\\/wp-content\\\/uploads\\\/2020\\\/10\\\/boite-washi-toucan.jpg?fit=1000%2C1000&ssl=1\",\"contentUrl\":\"https:\\\/\\\/i0.wp.com\\\/legentlecat.fr\\\/shop\\\/wp-content\\\/uploads\\\/2020\\\/10\\\/boite-washi-toucan.jpg?fit=1000%2C1000&ssl=1\",\"width\":1000,\"height\":1000},{\"@type\":\"BreadcrumbList\",\"@id\":\"https:\\\/\\\/legentlecat.fr\\\/shop\\\/index.php\\\/produit\\\/boite-washi-toucan\\\/#breadcrumb\",\"itemListElement\":[{\"@type\":\"ListItem\",\"position\":1,\"name\":\"Accueil\",\"item\":\"https:\\\/\\\/legentlecat.fr\\\/shop\\\/\"},{\"@type\":\"ListItem\",\"position\":2,\"name\":\"Shop\",\"item\":\"https:\\\/\\\/legentlecat.fr\\\/shop\\\/index.php\\\/shop\\\/\"},{\"@type\":\"ListItem\",\"position\":3,\"name\":\"Bo\u00eete Washi &#8211; Toucan\"}]},{\"@type\":\"WebSite\",\"@id\":\"https:\\\/\\\/legentlecat.fr\\\/shop\\\/#website\",\"url\":\"https:\\\/\\\/legentlecat.fr\\\/shop\\\/\",\"name\":\"Le GentleCat - Teashop\",\"description\":\"La boutique de th\u00e9 en ligne\",\"potentialAction\":[{\"@type\":\"SearchAction\",\"target\":{\"@type\":\"EntryPoint\",\"urlTemplate\":\"https:\\\/\\\/legentlecat.fr\\\/shop\\\/?s={search_term_string}\"},\"query-input\":{\"@type\":\"PropertyValueSpecification\",\"valueRequired\":true,\"valueName\":\"search_term_string\"}}],\"inLanguage\":\"fr-FR\"}]}<\/script>\n<!-- \/ Yoast SEO plugin. -->","yoast_head_json":{"title":"Bo\u00eete Washi - Toucan - Le GentleCat - Teashop","robots":{"index":"index","follow":"follow","max-snippet":"max-snippet:-1","max-image-preview":"max-image-preview:large","max-video-preview":"max-video-preview:-1"},"canonical":"https:\/\/legentlecat.fr\/shop\/index.php\/produit\/boite-washi-toucan\/","og_locale":"fr_FR","og_type":"article","og_title":"Bo\u00eete Washi - Toucan - Le GentleCat - Teashop","og_description":"Nos boites washi sont fabriqu\u00e9es en France. Gr\u00e2ce \u00e0 une technique artisanale, la boite est recouverte d'une illustration sur papier brillant et d'un\u00a0papier washi traditionnel (import\u00e9 du Japon),\u00a0c'est d'ailleurs de cette technique que la boite washi tient son nom. Le soin particulier qui est apport\u00e9 \u00e0 la fabrication d'une telle bo\u00eete en fait plus qu'une simple bo\u00eete de th\u00e9, elle est un v\u00e9ritable objet de d\u00e9coration et de collection. La quantit\u00e9 de th\u00e9 pouvant \u00eatre mise \u00e0 l'int\u00e9rieur est de 115 grammes. L'article qui vous est propos\u00e9 ici est la bo\u00eete washi vide. Si vous souhaitez acheter une boite washi pleine, il vous faut d'abord choisir votre th\u00e9 en dans sa fiche produit, vous trouverez\u00a0votre bo\u00eete en choisissant le contenant (sac, bo\u00eete...).","og_url":"https:\/\/legentlecat.fr\/shop\/index.php\/produit\/boite-washi-toucan\/","og_site_name":"Le GentleCat - Teashop","article_modified_time":"2023-06-26T08:20:53+00:00","og_image":[{"width":1000,"height":1000,"url":"https:\/\/i0.wp.com\/legentlecat.fr\/shop\/wp-content\/uploads\/2020\/10\/boite-washi-toucan.jpg?fit=1000%2C1000&ssl=1","type":"image\/jpeg"}],"twitter_card":"summary_large_image","schema":{"@context":"https:\/\/schema.org","@graph":[{"@type":"WebPage","@id":"https:\/\/legentlecat.fr\/shop\/index.php\/produit\/boite-washi-toucan\/","url":"https:\/\/legentlecat.fr\/shop\/index.php\/produit\/boite-washi-toucan\/","name":"Bo\u00eete Washi - Toucan - Le GentleCat - Teashop","isPartOf":{"@id":"https:\/\/legentlecat.fr\/shop\/#website"},"primaryImageOfPage":{"@id":"https:\/\/legentlecat.fr\/shop\/index.php\/produit\/boite-washi-toucan\/#primaryimage"},"image":{"@id":"https:\/\/legentlecat.fr\/shop\/index.php\/produit\/boite-washi-toucan\/#primaryimage"},"thumbnailUrl":"https:\/\/i0.wp.com\/legentlecat.fr\/shop\/wp-content\/uploads\/2020\/10\/boite-washi-toucan.jpg?fit=1000%2C1000&ssl=1","datePublished":"2020-10-30T17:33:57+00:00","dateModified":"2023-06-26T08:20:53+00:00","breadcrumb":{"@id":"https:\/\/legentlecat.fr\/shop\/index.php\/produit\/boite-washi-toucan\/#breadcrumb"},"inLanguage":"fr-FR","potentialAction":[{"@type":"ReadAction","target":["https:\/\/legentlecat.fr\/shop\/index.php\/produit\/boite-washi-toucan\/"]}]},{"@type":"ImageObject","inLanguage":"fr-FR","@id":"https:\/\/legentlecat.fr\/shop\/index.php\/produit\/boite-washi-toucan\/#primaryimage","url":"https:\/\/i0.wp.com\/legentlecat.fr\/shop\/wp-content\/uploads\/2020\/10\/boite-washi-toucan.jpg?fit=1000%2C1000&ssl=1","contentUrl":"https:\/\/i0.wp.com\/legentlecat.fr\/shop\/wp-content\/uploads\/2020\/10\/boite-washi-toucan.jpg?fit=1000%2C1000&ssl=1","width":1000,"height":1000},{"@type":"BreadcrumbList","@id":"https:\/\/legentlecat.fr\/shop\/index.php\/produit\/boite-washi-toucan\/#breadcrumb","itemListElement":[{"@type":"ListItem","position":1,"name":"Accueil","item":"https:\/\/legentlecat.fr\/shop\/"},{"@type":"ListItem","position":2,"name":"Shop","item":"https:\/\/legentlecat.fr\/shop\/index.php\/shop\/"},{"@type":"ListItem","position":3,"name":"Bo\u00eete Washi &#8211; Toucan"}]},{"@type":"WebSite","@id":"https:\/\/legentlecat.fr\/shop\/#website","url":"https:\/\/legentlecat.fr\/shop\/","name":"Le GentleCat - Teashop","description":"La boutique de th\u00e9 en ligne","potentialAction":[{"@type":"SearchAction","target":{"@type":"EntryPoint","urlTemplate":"https:\/\/legentlecat.fr\/shop\/?s={search_term_string}"},"query-input":{"@type":"PropertyValueSpecification","valueRequired":true,"valueName":"search_term_string"}}],"inLanguage":"fr-FR"}]}},"jetpack_publicize_connections":[],"jetpack_sharing_enabled":true,"jetpack-related-posts":[{"id":81,"url":"https:\/\/legentlecat.fr\/shop\/index.php\/produit\/boite-washi-danse-comme-chat\/","url_meta":{"origin":2955,"position":0},"title":"Bo\u00eete Washi &#8211; Danse comme chat","author":"Jimmy RIOT","date":"8 mars 2017","format":false,"excerpt":"Nos boites washi sont fabriqu\u00e9es en France. Gr\u00e2ce \u00e0 une technique artisanale, la boite est recouverte d'une illustration sur papier brillant et d'un\u00a0papier washi traditionnel (import\u00e9 du Japon),\u00a0c'est d'ailleurs de cette technique que la boite washi tient son nom. Le soin particulier qui est apport\u00e9 \u00e0 la fabrication d'une telle\u2026","rel":"","context":"Article similaire","block_context":{"text":"Article similaire","link":""},"img":{"alt_text":"","src":"https:\/\/i0.wp.com\/legentlecat.fr\/shop\/wp-content\/uploads\/2017\/03\/Washi-Danse-comme-Chat.png?fit=1200%2C1200&ssl=1&resize=350%2C200","width":350,"height":200,"srcset":"https:\/\/i0.wp.com\/legentlecat.fr\/shop\/wp-content\/uploads\/2017\/03\/Washi-Danse-comme-Chat.png?fit=1200%2C1200&ssl=1&resize=350%2C200 1x, https:\/\/i0.wp.com\/legentlecat.fr\/shop\/wp-content\/uploads\/2017\/03\/Washi-Danse-comme-Chat.png?fit=1200%2C1200&ssl=1&resize=525%2C300 1.5x, https:\/\/i0.wp.com\/legentlecat.fr\/shop\/wp-content\/uploads\/2017\/03\/Washi-Danse-comme-Chat.png?fit=1200%2C1200&ssl=1&resize=700%2C400 2x, https:\/\/i0.wp.com\/legentlecat.fr\/shop\/wp-content\/uploads\/2017\/03\/Washi-Danse-comme-Chat.png?fit=1200%2C1200&ssl=1&resize=1050%2C600 3x"},"classes":[]},{"id":89,"url":"https:\/\/legentlecat.fr\/shop\/index.php\/produit\/boite-washi-ocean\/","url_meta":{"origin":2955,"position":1},"title":"Bo\u00eete Washi &#8211; Oc\u00e9an","author":"Jimmy RIOT","date":"8 mars 2017","format":false,"excerpt":"Nos boites washi sont fabriqu\u00e9es en France. Gr\u00e2ce \u00e0 une technique artisanale, la boite est recouverte d'une illustration sur papier brillant et d'un\u00a0papier washi traditionnel (import\u00e9 du Japon),\u00a0c'est d'ailleurs de cette technique que la boite washi tient son nom. Le soin particulier qui est apport\u00e9 \u00e0 la fabrication d'une telle\u2026","rel":"","context":"Article similaire","block_context":{"text":"Article similaire","link":""},"img":{"alt_text":"","src":"https:\/\/i0.wp.com\/legentlecat.fr\/shop\/wp-content\/uploads\/2017\/03\/Washi-Ocean.png?fit=1200%2C1200&ssl=1&resize=350%2C200","width":350,"height":200,"srcset":"https:\/\/i0.wp.com\/legentlecat.fr\/shop\/wp-content\/uploads\/2017\/03\/Washi-Ocean.png?fit=1200%2C1200&ssl=1&resize=350%2C200 1x, https:\/\/i0.wp.com\/legentlecat.fr\/shop\/wp-content\/uploads\/2017\/03\/Washi-Ocean.png?fit=1200%2C1200&ssl=1&resize=525%2C300 1.5x, https:\/\/i0.wp.com\/legentlecat.fr\/shop\/wp-content\/uploads\/2017\/03\/Washi-Ocean.png?fit=1200%2C1200&ssl=1&resize=700%2C400 2x, https:\/\/i0.wp.com\/legentlecat.fr\/shop\/wp-content\/uploads\/2017\/03\/Washi-Ocean.png?fit=1200%2C1200&ssl=1&resize=1050%2C600 3x"},"classes":[]},{"id":2943,"url":"https:\/\/legentlecat.fr\/shop\/index.php\/produit\/boite-washi-origami-magnolia\/","url_meta":{"origin":2955,"position":2},"title":"Bo\u00eete Washi &#8211; Origami Magnolia","author":"Jimmy RIOT","date":"30 octobre 2020","format":false,"excerpt":"Nos boites washi sont fabriqu\u00e9es en France. Gr\u00e2ce \u00e0 une technique artisanale, la boite est recouverte d'une illustration sur papier brillant et d'un\u00a0papier washi traditionnel (import\u00e9 du Japon),\u00a0c'est d'ailleurs de cette technique que la boite washi tient son nom. Le soin particulier qui est apport\u00e9 \u00e0 la fabrication d'une telle\u2026","rel":"","context":"Article similaire","block_context":{"text":"Article similaire","link":""},"img":{"alt_text":"","src":"https:\/\/i0.wp.com\/legentlecat.fr\/shop\/wp-content\/uploads\/2020\/10\/boite-a-the-empilable-magnolias.jpg?fit=800%2C800&ssl=1&resize=350%2C200","width":350,"height":200,"srcset":"https:\/\/i0.wp.com\/legentlecat.fr\/shop\/wp-content\/uploads\/2020\/10\/boite-a-the-empilable-magnolias.jpg?fit=800%2C800&ssl=1&resize=350%2C200 1x, https:\/\/i0.wp.com\/legentlecat.fr\/shop\/wp-content\/uploads\/2020\/10\/boite-a-the-empilable-magnolias.jpg?fit=800%2C800&ssl=1&resize=525%2C300 1.5x, https:\/\/i0.wp.com\/legentlecat.fr\/shop\/wp-content\/uploads\/2020\/10\/boite-a-the-empilable-magnolias.jpg?fit=800%2C800&ssl=1&resize=700%2C400 2x"},"classes":[]},{"id":8770,"url":"https:\/\/legentlecat.fr\/shop\/index.php\/produit\/tote-bag-le-gentlecat\/","url_meta":{"origin":2955,"position":3},"title":"Tote Bag Le GentleCat","author":"Jimmy RIOT","date":"18 novembre 2023","format":false,"excerpt":"A la recherche d'un sac discret pour embarquer un de nos chats en toute discr\u00e9tion lors de votre prochaine visite au GentleCat ? On a ce qu'il vous faut, et mieux encore, on a m\u00eame le choix du mod\u00e8le, le tout aux couleurs de notre \u00e9tablissement : noir, jaune ou\u2026","rel":"","context":"Article similaire","block_context":{"text":"Article similaire","link":""},"img":{"alt_text":"","src":"https:\/\/i0.wp.com\/legentlecat.fr\/shop\/wp-content\/uploads\/2023\/11\/ToteBagBlanc.jpg?fit=750%2C800&ssl=1&resize=350%2C200","width":350,"height":200,"srcset":"https:\/\/i0.wp.com\/legentlecat.fr\/shop\/wp-content\/uploads\/2023\/11\/ToteBagBlanc.jpg?fit=750%2C800&ssl=1&resize=350%2C200 1x, https:\/\/i0.wp.com\/legentlecat.fr\/shop\/wp-content\/uploads\/2023\/11\/ToteBagBlanc.jpg?fit=750%2C800&ssl=1&resize=525%2C300 1.5x, https:\/\/i0.wp.com\/legentlecat.fr\/shop\/wp-content\/uploads\/2023\/11\/ToteBagBlanc.jpg?fit=750%2C800&ssl=1&resize=700%2C400 2x"},"classes":[]},{"id":8556,"url":"https:\/\/legentlecat.fr\/shop\/index.php\/produit\/calendrier-2026\/","url_meta":{"origin":2955,"position":4},"title":"Calendrier 2026","author":"Jimmy RIOT","date":"25 d\u00e9cembre 2025","format":false,"excerpt":"Il arrive presque trop tard. Et pourtant, il devait exister. Ce calendrier, ce sont les chats du GentleCat, ceux que vous connaissez, que vous avez crois\u00e9s, caress\u00e9s, aim\u00e9s. Un dernier hommage, une ann\u00e9e encore avec cette tribu de 11 r\u00e9sidents, cette petite famille \u2014 pour celles et ceux qui ont\u2026","rel":"","context":"Article similaire","block_context":{"text":"Article similaire","link":""},"img":{"alt_text":"","src":"https:\/\/i0.wp.com\/legentlecat.fr\/shop\/wp-content\/uploads\/2025\/12\/primebis.jpg?fit=630%2C783&ssl=1&resize=350%2C200","width":350,"height":200,"srcset":"https:\/\/i0.wp.com\/legentlecat.fr\/shop\/wp-content\/uploads\/2025\/12\/primebis.jpg?fit=630%2C783&ssl=1&resize=350%2C200 1x, https:\/\/i0.wp.com\/legentlecat.fr\/shop\/wp-content\/uploads\/2025\/12\/primebis.jpg?fit=630%2C783&ssl=1&resize=525%2C300 1.5x"},"classes":[]},{"id":3129,"url":"https:\/\/legentlecat.fr\/shop\/index.php\/produit\/magnet-jeanne-la-persane\/","url_meta":{"origin":2955,"position":5},"title":"Magnet &#8211; Jeanne la Persane","author":"Jimmy RIOT","date":"3 novembre 2020","format":false,"excerpt":"Oh ouha mais qu'est-ce que c'est que ce magnet ? Il est super canon ! - Oui, je sais, je l'ai achet\u00e9 au GentleCat. Ils ont fait un magnet par chat et comme Jeanne c'est ma pr\u00e9f\u00e9r\u00e9e, j'ai pris celui-ci... En plus cette finition satin\u00e9e, c'est vraiment tr\u00e8s beau. Vous\u2026","rel":"","context":"Article similaire","block_context":{"text":"Article similaire","link":""},"img":{"alt_text":"","src":"https:\/\/i0.wp.com\/legentlecat.fr\/shop\/wp-content\/uploads\/2020\/11\/magnet-jeanne.jpg?fit=750%2C800&ssl=1&resize=350%2C200","width":350,"height":200,"srcset":"https:\/\/i0.wp.com\/legentlecat.fr\/shop\/wp-content\/uploads\/2020\/11\/magnet-jeanne.jpg?fit=750%2C800&ssl=1&resize=350%2C200 1x, https:\/\/i0.wp.com\/legentlecat.fr\/shop\/wp-content\/uploads\/2020\/11\/magnet-jeanne.jpg?fit=750%2C800&ssl=1&resize=525%2C300 1.5x, https:\/\/i0.wp.com\/legentlecat.fr\/shop\/wp-content\/uploads\/2020\/11\/magnet-jeanne.jpg?fit=750%2C800&ssl=1&resize=700%2C400 2x"},"classes":[]}],"_links":{"self":[{"href":"https:\/\/legentlecat.fr\/shop\/index.php\/wp-json\/wp\/v2\/product\/2955","targetHints":{"allow":["GET"]}}],"collection":[{"href":"https:\/\/legentlecat.fr\/shop\/index.php\/wp-json\/wp\/v2\/product"}],"about":[{"href":"https:\/\/legentlecat.fr\/shop\/index.php\/wp-json\/wp\/v2\/types\/product"}],"wp:featuredmedia":[{"embeddable":true,"href":"https:\/\/legentlecat.fr\/shop\/index.php\/wp-json\/wp\/v2\/media\/2956"}],"wp:attachment":[{"href":"https:\/\/legentlecat.fr\/shop\/index.php\/wp-json\/wp\/v2\/media?parent=2955"}],"wp:term":[{"taxonomy":"product_brand","embeddable":true,"href":"https:\/\/legentlecat.fr\/shop\/index.php\/wp-json\/wp\/v2\/product_brand?post=2955"},{"taxonomy":"product_cat","embeddable":true,"href":"https:\/\/legentlecat.fr\/shop\/index.php\/wp-json\/wp\/v2\/product_cat?post=2955"},{"taxonomy":"product_tag","embeddable":true,"href":"https:\/\/legentlecat.fr\/shop\/index.php\/wp-json\/wp\/v2\/product_tag?post=2955"}],"curies":[{"name":"wp","href":"https:\/\/api.w.org\/{rel}","templated":true}]}}