{"id":289,"date":"2017-03-13T14:59:10","date_gmt":"2017-03-13T13:59:10","guid":{"rendered":"http:\/\/legentlecat.fr\/comptoir-a-thes\/produit\/purete-doolong\/"},"modified":"2022-12-02T13:55:33","modified_gmt":"2022-12-02T12:55:33","slug":"purete-doolong","status":"publish","type":"product","link":"https:\/\/legentlecat.fr\/shop\/index.php\/produit\/purete-doolong\/","title":{"rendered":"Puret\u00e9 d&rsquo;Oolong"},"content":{"rendered":"","protected":false},"excerpt":{"rendered":"<p><img loading=\"lazy\" decoding=\"async\" class=\"size-full wp-image-2341 aligncenter\" src=\"http:\/\/legentlecat.fr\/shop\/wp-content\/uploads\/2017\/04\/darjeeling-vert.jpg\" alt=\"\" width=\"250\" height=\"77\" \/><\/p>\n<p style=\"text-align: justify;\"><strong>Sac herm\u00e9tique de 100 g\u00a0&#8211;\u00a0<\/strong>Le th\u00e9 oolong est un th\u00e9 semi-oxyd\u00e9, \u00e0 mi-chemin entre le th\u00e9 vert (non oxyd\u00e9) et le th\u00e9 noir (oxyd\u00e9). C&rsquo;est un incontournable de la culture chinoise. On l&rsquo;appelle parfois \u00ab\u00a0th\u00e9 bleu\u00a0\u00bb en raison de la couleur de ses feuilles apr\u00e8s infusion. Il offre une tasse \u00e0 la saveur de noisette ou de ch\u00e2taigne. Nous vous proposons ici un oolong de haute qualit\u00e9 avec des feuilles finement roul\u00e9es pour lib\u00e9rer un maximum de saveurs.<\/p>\n<p style=\"text-align: justify;\"><strong>Origine :<\/strong> Chine<\/p>\n<p style=\"text-align: justify;\"><strong>Composition<\/strong> <strong>:<\/strong> th\u00e9 Oolong de Chine de qualit\u00e9 sup\u00e9rieure<\/p>\n","protected":false},"featured_media":2347,"template":"","meta":{"jetpack_post_was_ever_published":false,"jetpack_publicize_message":"","jetpack_publicize_feature_enabled":true,"jetpack_social_post_already_shared":false,"jetpack_social_options":{"image_generator_settings":{"template":"highway","default_image_id":0,"font":"","enabled":false},"version":2}},"product_brand":[],"product_cat":[47],"product_tag":[186,119],"class_list":{"0":"post-289","1":"product","2":"type-product","3":"status-publish","4":"has-post-thumbnail","6":"product_cat-the-oolong","7":"product_tag-the-oolong","8":"product_tag-the-origine","10":"first","11":"instock","12":"taxable","13":"shipping-taxable","14":"purchasable","15":"product-type-simple"},"yoast_head":"<!-- This site is optimized with the Yoast SEO plugin v27.3 - https:\/\/yoast.com\/product\/yoast-seo-wordpress\/ -->\n<title>Puret\u00e9 d&#039;Oolong - Le GentleCat - Teashop<\/title>\n<meta name=\"robots\" content=\"index, follow, max-snippet:-1, max-image-preview:large, max-video-preview:-1\" \/>\n<link rel=\"canonical\" href=\"https:\/\/legentlecat.fr\/shop\/index.php\/produit\/purete-doolong\/\" \/>\n<meta property=\"og:locale\" content=\"fr_FR\" \/>\n<meta property=\"og:type\" content=\"article\" \/>\n<meta property=\"og:title\" content=\"Puret\u00e9 d&#039;Oolong - Le GentleCat - Teashop\" \/>\n<meta property=\"og:description\" content=\"Sac herm\u00e9tique de 100 g\u00a0-\u00a0Le th\u00e9 oolong est un th\u00e9 semi-oxyd\u00e9, \u00e0 mi-chemin entre le th\u00e9 vert (non oxyd\u00e9) et le th\u00e9 noir (oxyd\u00e9). C&#039;est un incontournable de la culture chinoise. On l&#039;appelle parfois &quot;th\u00e9 bleu&quot; en raison de la couleur de ses feuilles apr\u00e8s infusion. Il offre une tasse \u00e0 la saveur de noisette ou de ch\u00e2taigne. Nous vous proposons ici un oolong de haute qualit\u00e9 avec des feuilles finement roul\u00e9es pour lib\u00e9rer un maximum de saveurs. Origine : Chine Composition : th\u00e9 Oolong de Chine de qualit\u00e9 sup\u00e9rieure\" \/>\n<meta property=\"og:url\" content=\"https:\/\/legentlecat.fr\/shop\/index.php\/produit\/purete-doolong\/\" \/>\n<meta property=\"og:site_name\" content=\"Le GentleCat - Teashop\" \/>\n<meta property=\"article:modified_time\" content=\"2022-12-02T12:55:33+00:00\" \/>\n<meta property=\"og:image\" content=\"https:\/\/legentlecat.fr\/shop\/wp-content\/uploads\/2017\/03\/pur-oolong-819x1024.png\" \/>\n\t<meta property=\"og:image:width\" content=\"819\" \/>\n\t<meta property=\"og:image:height\" content=\"1024\" \/>\n\t<meta property=\"og:image:type\" content=\"image\/png\" \/>\n<meta name=\"twitter:card\" content=\"summary_large_image\" \/>\n<script type=\"application\/ld+json\" class=\"yoast-schema-graph\">{\"@context\":\"https:\\\/\\\/schema.org\",\"@graph\":[{\"@type\":\"WebPage\",\"@id\":\"https:\\\/\\\/legentlecat.fr\\\/shop\\\/index.php\\\/produit\\\/purete-doolong\\\/\",\"url\":\"https:\\\/\\\/legentlecat.fr\\\/shop\\\/index.php\\\/produit\\\/purete-doolong\\\/\",\"name\":\"Puret\u00e9 d'Oolong - Le GentleCat - Teashop\",\"isPartOf\":{\"@id\":\"https:\\\/\\\/legentlecat.fr\\\/shop\\\/#website\"},\"primaryImageOfPage\":{\"@id\":\"https:\\\/\\\/legentlecat.fr\\\/shop\\\/index.php\\\/produit\\\/purete-doolong\\\/#primaryimage\"},\"image\":{\"@id\":\"https:\\\/\\\/legentlecat.fr\\\/shop\\\/index.php\\\/produit\\\/purete-doolong\\\/#primaryimage\"},\"thumbnailUrl\":\"https:\\\/\\\/i0.wp.com\\\/legentlecat.fr\\\/shop\\\/wp-content\\\/uploads\\\/2017\\\/03\\\/pur-oolong.png?fit=1500%2C1875&ssl=1\",\"datePublished\":\"2017-03-13T13:59:10+00:00\",\"dateModified\":\"2022-12-02T12:55:33+00:00\",\"breadcrumb\":{\"@id\":\"https:\\\/\\\/legentlecat.fr\\\/shop\\\/index.php\\\/produit\\\/purete-doolong\\\/#breadcrumb\"},\"inLanguage\":\"fr-FR\",\"potentialAction\":[{\"@type\":\"ReadAction\",\"target\":[\"https:\\\/\\\/legentlecat.fr\\\/shop\\\/index.php\\\/produit\\\/purete-doolong\\\/\"]}]},{\"@type\":\"ImageObject\",\"inLanguage\":\"fr-FR\",\"@id\":\"https:\\\/\\\/legentlecat.fr\\\/shop\\\/index.php\\\/produit\\\/purete-doolong\\\/#primaryimage\",\"url\":\"https:\\\/\\\/i0.wp.com\\\/legentlecat.fr\\\/shop\\\/wp-content\\\/uploads\\\/2017\\\/03\\\/pur-oolong.png?fit=1500%2C1875&ssl=1\",\"contentUrl\":\"https:\\\/\\\/i0.wp.com\\\/legentlecat.fr\\\/shop\\\/wp-content\\\/uploads\\\/2017\\\/03\\\/pur-oolong.png?fit=1500%2C1875&ssl=1\",\"width\":1500,\"height\":1875},{\"@type\":\"BreadcrumbList\",\"@id\":\"https:\\\/\\\/legentlecat.fr\\\/shop\\\/index.php\\\/produit\\\/purete-doolong\\\/#breadcrumb\",\"itemListElement\":[{\"@type\":\"ListItem\",\"position\":1,\"name\":\"Accueil\",\"item\":\"https:\\\/\\\/legentlecat.fr\\\/shop\\\/\"},{\"@type\":\"ListItem\",\"position\":2,\"name\":\"Shop\",\"item\":\"https:\\\/\\\/legentlecat.fr\\\/shop\\\/index.php\\\/shop\\\/\"},{\"@type\":\"ListItem\",\"position\":3,\"name\":\"Puret\u00e9 d&rsquo;Oolong\"}]},{\"@type\":\"WebSite\",\"@id\":\"https:\\\/\\\/legentlecat.fr\\\/shop\\\/#website\",\"url\":\"https:\\\/\\\/legentlecat.fr\\\/shop\\\/\",\"name\":\"Le GentleCat - Teashop\",\"description\":\"La boutique de th\u00e9 en ligne\",\"potentialAction\":[{\"@type\":\"SearchAction\",\"target\":{\"@type\":\"EntryPoint\",\"urlTemplate\":\"https:\\\/\\\/legentlecat.fr\\\/shop\\\/?s={search_term_string}\"},\"query-input\":{\"@type\":\"PropertyValueSpecification\",\"valueRequired\":true,\"valueName\":\"search_term_string\"}}],\"inLanguage\":\"fr-FR\"}]}<\/script>\n<!-- \/ Yoast SEO plugin. -->","yoast_head_json":{"title":"Puret\u00e9 d'Oolong - Le GentleCat - Teashop","robots":{"index":"index","follow":"follow","max-snippet":"max-snippet:-1","max-image-preview":"max-image-preview:large","max-video-preview":"max-video-preview:-1"},"canonical":"https:\/\/legentlecat.fr\/shop\/index.php\/produit\/purete-doolong\/","og_locale":"fr_FR","og_type":"article","og_title":"Puret\u00e9 d'Oolong - Le GentleCat - Teashop","og_description":"Sac herm\u00e9tique de 100 g\u00a0-\u00a0Le th\u00e9 oolong est un th\u00e9 semi-oxyd\u00e9, \u00e0 mi-chemin entre le th\u00e9 vert (non oxyd\u00e9) et le th\u00e9 noir (oxyd\u00e9). C'est un incontournable de la culture chinoise. On l'appelle parfois \"th\u00e9 bleu\" en raison de la couleur de ses feuilles apr\u00e8s infusion. Il offre une tasse \u00e0 la saveur de noisette ou de ch\u00e2taigne. Nous vous proposons ici un oolong de haute qualit\u00e9 avec des feuilles finement roul\u00e9es pour lib\u00e9rer un maximum de saveurs. Origine : Chine Composition : th\u00e9 Oolong de Chine de qualit\u00e9 sup\u00e9rieure","og_url":"https:\/\/legentlecat.fr\/shop\/index.php\/produit\/purete-doolong\/","og_site_name":"Le GentleCat - Teashop","article_modified_time":"2022-12-02T12:55:33+00:00","og_image":[{"width":819,"height":1024,"url":"https:\/\/legentlecat.fr\/shop\/wp-content\/uploads\/2017\/03\/pur-oolong-819x1024.png","type":"image\/png"}],"twitter_card":"summary_large_image","schema":{"@context":"https:\/\/schema.org","@graph":[{"@type":"WebPage","@id":"https:\/\/legentlecat.fr\/shop\/index.php\/produit\/purete-doolong\/","url":"https:\/\/legentlecat.fr\/shop\/index.php\/produit\/purete-doolong\/","name":"Puret\u00e9 d'Oolong - Le GentleCat - Teashop","isPartOf":{"@id":"https:\/\/legentlecat.fr\/shop\/#website"},"primaryImageOfPage":{"@id":"https:\/\/legentlecat.fr\/shop\/index.php\/produit\/purete-doolong\/#primaryimage"},"image":{"@id":"https:\/\/legentlecat.fr\/shop\/index.php\/produit\/purete-doolong\/#primaryimage"},"thumbnailUrl":"https:\/\/i0.wp.com\/legentlecat.fr\/shop\/wp-content\/uploads\/2017\/03\/pur-oolong.png?fit=1500%2C1875&ssl=1","datePublished":"2017-03-13T13:59:10+00:00","dateModified":"2022-12-02T12:55:33+00:00","breadcrumb":{"@id":"https:\/\/legentlecat.fr\/shop\/index.php\/produit\/purete-doolong\/#breadcrumb"},"inLanguage":"fr-FR","potentialAction":[{"@type":"ReadAction","target":["https:\/\/legentlecat.fr\/shop\/index.php\/produit\/purete-doolong\/"]}]},{"@type":"ImageObject","inLanguage":"fr-FR","@id":"https:\/\/legentlecat.fr\/shop\/index.php\/produit\/purete-doolong\/#primaryimage","url":"https:\/\/i0.wp.com\/legentlecat.fr\/shop\/wp-content\/uploads\/2017\/03\/pur-oolong.png?fit=1500%2C1875&ssl=1","contentUrl":"https:\/\/i0.wp.com\/legentlecat.fr\/shop\/wp-content\/uploads\/2017\/03\/pur-oolong.png?fit=1500%2C1875&ssl=1","width":1500,"height":1875},{"@type":"BreadcrumbList","@id":"https:\/\/legentlecat.fr\/shop\/index.php\/produit\/purete-doolong\/#breadcrumb","itemListElement":[{"@type":"ListItem","position":1,"name":"Accueil","item":"https:\/\/legentlecat.fr\/shop\/"},{"@type":"ListItem","position":2,"name":"Shop","item":"https:\/\/legentlecat.fr\/shop\/index.php\/shop\/"},{"@type":"ListItem","position":3,"name":"Puret\u00e9 d&rsquo;Oolong"}]},{"@type":"WebSite","@id":"https:\/\/legentlecat.fr\/shop\/#website","url":"https:\/\/legentlecat.fr\/shop\/","name":"Le GentleCat - Teashop","description":"La boutique de th\u00e9 en ligne","potentialAction":[{"@type":"SearchAction","target":{"@type":"EntryPoint","urlTemplate":"https:\/\/legentlecat.fr\/shop\/?s={search_term_string}"},"query-input":{"@type":"PropertyValueSpecification","valueRequired":true,"valueName":"search_term_string"}}],"inLanguage":"fr-FR"}]}},"jetpack_publicize_connections":[],"jetpack_sharing_enabled":true,"jetpack-related-posts":[{"id":247,"url":"https:\/\/legentlecat.fr\/shop\/index.php\/produit\/citron-basilic-bio\/","url_meta":{"origin":289,"position":0},"title":"Citron Basilic BIO","author":"Jimmy RIOT","date":"13 mars 2017","format":false,"excerpt":"Sac herm\u00e9tique de 100 g\u00a0-\u00a0Cette recette r\u00e9alis\u00e9e exclusivement \u00e0 base de produits bios vous invite \u00e0 d\u00e9couvrir l'association encore trop rare du citron et du basilic. L'alliance du th\u00e9 noir et du th\u00e9 Oolong permet d'obtenir une infusion puissante et affirm\u00e9e. Ce m\u00e9lange tr\u00e8s haut de gamme est un v\u00e9ritable\u2026","rel":"","context":"Article similaire","block_context":{"text":"Article similaire","link":""},"img":{"alt_text":"","src":"https:\/\/i0.wp.com\/legentlecat.fr\/shop\/wp-content\/uploads\/2017\/03\/citron-basilic.png?fit=960%2C1200&ssl=1&resize=350%2C200","width":350,"height":200,"srcset":"https:\/\/i0.wp.com\/legentlecat.fr\/shop\/wp-content\/uploads\/2017\/03\/citron-basilic.png?fit=960%2C1200&ssl=1&resize=350%2C200 1x, https:\/\/i0.wp.com\/legentlecat.fr\/shop\/wp-content\/uploads\/2017\/03\/citron-basilic.png?fit=960%2C1200&ssl=1&resize=525%2C300 1.5x, https:\/\/i0.wp.com\/legentlecat.fr\/shop\/wp-content\/uploads\/2017\/03\/citron-basilic.png?fit=960%2C1200&ssl=1&resize=700%2C400 2x"},"classes":[]},{"id":373,"url":"https:\/\/legentlecat.fr\/shop\/index.php\/produit\/abricotier-du-roussillon\/","url_meta":{"origin":289,"position":1},"title":"Abricotier du Roussillon","author":"Jimmy RIOT","date":"13 mars 2017","format":false,"excerpt":"Sac herm\u00e9tique de 100 g\u00a0-\u00a0L'abricot lib\u00e8re toutes ses saveurs dans cette recette \u00e0 base de th\u00e9 vert et de th\u00e9 oolong. Soutenu par les notes fruit\u00e9es et assez similaires de la p\u00eache, le parfum doux et g\u00e9n\u00e9ralement assez discret de l'abricot est \u00e9tonnamment pr\u00e9sent. Saveur : fruit\u00e9e Composition : th\u00e9\u2026","rel":"","context":"Article similaire","block_context":{"text":"Article similaire","link":""},"img":{"alt_text":"","src":"https:\/\/i0.wp.com\/legentlecat.fr\/shop\/wp-content\/uploads\/2017\/04\/abricot.png?fit=960%2C1200&ssl=1&resize=350%2C200","width":350,"height":200,"srcset":"https:\/\/i0.wp.com\/legentlecat.fr\/shop\/wp-content\/uploads\/2017\/04\/abricot.png?fit=960%2C1200&ssl=1&resize=350%2C200 1x, https:\/\/i0.wp.com\/legentlecat.fr\/shop\/wp-content\/uploads\/2017\/04\/abricot.png?fit=960%2C1200&ssl=1&resize=525%2C300 1.5x, https:\/\/i0.wp.com\/legentlecat.fr\/shop\/wp-content\/uploads\/2017\/04\/abricot.png?fit=960%2C1200&ssl=1&resize=700%2C400 2x"},"classes":[]},{"id":1762,"url":"https:\/\/legentlecat.fr\/shop\/index.php\/produit\/milshake-fraise\/","url_meta":{"origin":289,"position":2},"title":"Milshake Fraise","author":"Jimmy RIOT","date":"20 mars 2017","format":false,"excerpt":"Sac herm\u00e9tique de 100 g\u00a0-\u00a0Vous tenez l\u00e0 le plus gourmand de nos th\u00e9s blancs : ce m\u00e9lange porte bien son nom. Sa tasse claire offre une saveur proche de celle d'une boisson \u00e0 base de fraise mousseuse. Aussi bon chaud que froid, il saura ravir les papilles gourmandes en qu\u00eate\u2026","rel":"","context":"Article similaire","block_context":{"text":"Article similaire","link":""},"img":{"alt_text":"","src":"https:\/\/i0.wp.com\/legentlecat.fr\/shop\/wp-content\/uploads\/2017\/03\/Pic-MilkShake-Fraise.png?fit=960%2C1200&ssl=1&resize=350%2C200","width":350,"height":200,"srcset":"https:\/\/i0.wp.com\/legentlecat.fr\/shop\/wp-content\/uploads\/2017\/03\/Pic-MilkShake-Fraise.png?fit=960%2C1200&ssl=1&resize=350%2C200 1x, https:\/\/i0.wp.com\/legentlecat.fr\/shop\/wp-content\/uploads\/2017\/03\/Pic-MilkShake-Fraise.png?fit=960%2C1200&ssl=1&resize=525%2C300 1.5x, https:\/\/i0.wp.com\/legentlecat.fr\/shop\/wp-content\/uploads\/2017\/03\/Pic-MilkShake-Fraise.png?fit=960%2C1200&ssl=1&resize=700%2C400 2x"},"classes":[]},{"id":192,"url":"https:\/\/legentlecat.fr\/shop\/index.php\/produit\/figue-occitane\/","url_meta":{"origin":289,"position":3},"title":"Figue Occitane","author":"Jimmy RIOT","date":"13 mars 2017","format":false,"excerpt":"Sac herm\u00e9tique de 100 g\u00a0-\u00a0Dans ce m\u00e9lange \u00e0 base de th\u00e9 Oolong, la saveur de la figue est tr\u00e8s pr\u00e9sente. C'est une recette tr\u00e8s douce avec un go\u00fbt particuli\u00e8rement sucr\u00e9. Il se d\u00e9guste aussi bien chaud que glac\u00e9. Saveur : fruit\u00e9e Composition : th\u00e9 Oolong,\u00a0morceaux de figue, ar\u00f4mes, physalis, quartiers\u2026","rel":"","context":"Article similaire","block_context":{"text":"Article similaire","link":""},"img":{"alt_text":"","src":"https:\/\/i0.wp.com\/legentlecat.fr\/shop\/wp-content\/uploads\/2017\/03\/figue.png?fit=960%2C1200&ssl=1&resize=350%2C200","width":350,"height":200,"srcset":"https:\/\/i0.wp.com\/legentlecat.fr\/shop\/wp-content\/uploads\/2017\/03\/figue.png?fit=960%2C1200&ssl=1&resize=350%2C200 1x, https:\/\/i0.wp.com\/legentlecat.fr\/shop\/wp-content\/uploads\/2017\/03\/figue.png?fit=960%2C1200&ssl=1&resize=525%2C300 1.5x, https:\/\/i0.wp.com\/legentlecat.fr\/shop\/wp-content\/uploads\/2017\/03\/figue.png?fit=960%2C1200&ssl=1&resize=700%2C400 2x"},"classes":[]},{"id":205,"url":"https:\/\/legentlecat.fr\/shop\/index.php\/produit\/orange-bleue-bio\/","url_meta":{"origin":289,"position":4},"title":"Orange Bleue BIO","author":"Jimmy RIOT","date":"13 mars 2017","format":false,"excerpt":"Sac herm\u00e9tique de 100 g\u00a0-\u00a0Le th\u00e9 Oolong offre une base int\u00e9ressante pour les m\u00e9langes fruit\u00e9s en raison de son go\u00fbt sp\u00e9cifique de noisette ou de ch\u00e2taigne. Dans cette recette bio, l'orange r\u00e9v\u00e8le toute sa saveur sans laisser la moindre amertume en bouche gr\u00e2ce \u00e0 la pr\u00e9sence d'un brin de mangue.\u2026","rel":"","context":"Article similaire","block_context":{"text":"Article similaire","link":""},"img":{"alt_text":"","src":"https:\/\/i0.wp.com\/legentlecat.fr\/shop\/wp-content\/uploads\/2017\/03\/orange-bleue.png?fit=960%2C1200&ssl=1&resize=350%2C200","width":350,"height":200,"srcset":"https:\/\/i0.wp.com\/legentlecat.fr\/shop\/wp-content\/uploads\/2017\/03\/orange-bleue.png?fit=960%2C1200&ssl=1&resize=350%2C200 1x, https:\/\/i0.wp.com\/legentlecat.fr\/shop\/wp-content\/uploads\/2017\/03\/orange-bleue.png?fit=960%2C1200&ssl=1&resize=525%2C300 1.5x, https:\/\/i0.wp.com\/legentlecat.fr\/shop\/wp-content\/uploads\/2017\/03\/orange-bleue.png?fit=960%2C1200&ssl=1&resize=700%2C400 2x"},"classes":[]},{"id":268,"url":"https:\/\/legentlecat.fr\/shop\/index.php\/produit\/limette-majorelle\/","url_meta":{"origin":289,"position":5},"title":"Limette Majorelle","author":"Jimmy RIOT","date":"13 mars 2017","format":false,"excerpt":"Sac herm\u00e9tique de 100 g\u00a0-\u00a0Le th\u00e9 Oolong est semi-ferment\u00e9. Relativement peu th\u00e9in\u00e9, il offre une base int\u00e9ressante pour les m\u00e9langes fruit\u00e9s en raison de son go\u00fbt sp\u00e9cifique de noisette ou de ch\u00e2taigne. Nous vous proposons ici une recette simple et efficace au citron, \u00e0 consommer aussi bien chaude que froide.\u2026","rel":"","context":"Article similaire","block_context":{"text":"Article similaire","link":""},"img":{"alt_text":"","src":"https:\/\/i0.wp.com\/legentlecat.fr\/shop\/wp-content\/uploads\/2017\/03\/limette-1.jpg?fit=960%2C1200&ssl=1&resize=350%2C200","width":350,"height":200,"srcset":"https:\/\/i0.wp.com\/legentlecat.fr\/shop\/wp-content\/uploads\/2017\/03\/limette-1.jpg?fit=960%2C1200&ssl=1&resize=350%2C200 1x, https:\/\/i0.wp.com\/legentlecat.fr\/shop\/wp-content\/uploads\/2017\/03\/limette-1.jpg?fit=960%2C1200&ssl=1&resize=525%2C300 1.5x, https:\/\/i0.wp.com\/legentlecat.fr\/shop\/wp-content\/uploads\/2017\/03\/limette-1.jpg?fit=960%2C1200&ssl=1&resize=700%2C400 2x"},"classes":[]}],"_links":{"self":[{"href":"https:\/\/legentlecat.fr\/shop\/index.php\/wp-json\/wp\/v2\/product\/289","targetHints":{"allow":["GET"]}}],"collection":[{"href":"https:\/\/legentlecat.fr\/shop\/index.php\/wp-json\/wp\/v2\/product"}],"about":[{"href":"https:\/\/legentlecat.fr\/shop\/index.php\/wp-json\/wp\/v2\/types\/product"}],"wp:featuredmedia":[{"embeddable":true,"href":"https:\/\/legentlecat.fr\/shop\/index.php\/wp-json\/wp\/v2\/media\/2347"}],"wp:attachment":[{"href":"https:\/\/legentlecat.fr\/shop\/index.php\/wp-json\/wp\/v2\/media?parent=289"}],"wp:term":[{"taxonomy":"product_brand","embeddable":true,"href":"https:\/\/legentlecat.fr\/shop\/index.php\/wp-json\/wp\/v2\/product_brand?post=289"},{"taxonomy":"product_cat","embeddable":true,"href":"https:\/\/legentlecat.fr\/shop\/index.php\/wp-json\/wp\/v2\/product_cat?post=289"},{"taxonomy":"product_tag","embeddable":true,"href":"https:\/\/legentlecat.fr\/shop\/index.php\/wp-json\/wp\/v2\/product_tag?post=289"}],"curies":[{"name":"wp","href":"https:\/\/api.w.org\/{rel}","templated":true}]}}