{"id":1804,"date":"2017-03-20T16:09:04","date_gmt":"2017-03-20T15:09:04","guid":{"rendered":"http:\/\/legentlecat.fr\/comptoir-a-thes\/produit\/orange-demoniaque\/"},"modified":"2022-12-02T13:23:03","modified_gmt":"2022-12-02T12:23:03","slug":"orange-demoniaque","status":"publish","type":"product","link":"https:\/\/legentlecat.fr\/shop\/index.php\/produit\/orange-demoniaque\/","title":{"rendered":"Orange D\u00e9moniaque"},"content":{"rendered":"","protected":false},"excerpt":{"rendered":"<p><img loading=\"lazy\" decoding=\"async\" class=\"size-full wp-image-2199 aligncenter\" src=\"http:\/\/legentlecat.fr\/shop\/wp-content\/uploads\/2017\/03\/white-earl-grey.jpg\" alt=\"\" width=\"250\" height=\"77\" \/><\/p>\n<p style=\"text-align: justify;\"><strong>Sac herm\u00e9tique de 100 g<\/strong>\u00a0&#8211;\u00a0Cette recette de th\u00e9s est une v\u00e9ritable petite p\u00e9pite \u00e0 la crois\u00e9e des chemins : un grand cru tant fruit\u00e9 qu&rsquo;\u00e9pic\u00e9. Le th\u00e9 blanc y est rehauss\u00e9 par un m\u00e9lange de th\u00e9s verts subtilement dos\u00e9 pour ravir les papilles les plus fines et les amateurs les plus exigeants.<\/p>\n<p style=\"text-align: justify;\"><strong>Saveur :<\/strong> fruit\u00e9e, \u00e9pic\u00e9e<\/p>\n<p style=\"text-align: justify;\"><strong>Composition :<\/strong>\u00a0th\u00e9 blanc pai mu tan, th\u00e9 vert de chine sencha, daarjeling vert, th\u00e9 vert Lung Ching, th\u00e9 vert Gunpowder Temple of Heaven, th\u00e9 vert chine jamsin, chips de noix de coco, morceaux de gingembre, clous de girofle, anis \u00e9toil\u00e9, poivre rouge, ar\u00f4me naturel, cardamone enti\u00e8re, fleur de carthame<\/p>\n","protected":false},"featured_media":2203,"template":"","meta":{"jetpack_post_was_ever_published":false,"jetpack_publicize_message":"","jetpack_publicize_feature_enabled":true,"jetpack_social_post_already_shared":false,"jetpack_social_options":{"image_generator_settings":{"template":"highway","default_image_id":0,"font":"","enabled":false},"version":2}},"product_brand":[],"product_cat":[211,80,79,42],"product_tag":[106,107,105,108,104,103,101,102,99,100,95,98],"class_list":{"0":"post-1804","1":"product","2":"type-product","3":"status-publish","4":"has-post-thumbnail","6":"product_cat-noelsaveurs","7":"product_cat-epicee","8":"product_cat-fruitee","9":"product_cat-the-blanc","10":"product_tag-anis","11":"product_tag-cardamome","12":"product_tag-clou-de-girofle","13":"product_tag-fleurs-de-carthame","14":"product_tag-gingembre","15":"product_tag-noix-de-coco","16":"product_tag-orange","17":"product_tag-poivre","18":"product_tag-saveur-epicee","19":"product_tag-saveur-fruitee","20":"product_tag-the-blanc","21":"product_tag-the-vert","23":"first","24":"instock","25":"taxable","26":"shipping-taxable","27":"purchasable","28":"product-type-simple"},"yoast_head":"<!-- This site is optimized with the Yoast SEO plugin v27.5 - https:\/\/yoast.com\/product\/yoast-seo-wordpress\/ -->\n<title>Orange D\u00e9moniaque - Le GentleCat - Teashop<\/title>\n<meta name=\"robots\" content=\"index, follow, max-snippet:-1, max-image-preview:large, max-video-preview:-1\" \/>\n<link rel=\"canonical\" href=\"https:\/\/legentlecat.fr\/shop\/index.php\/produit\/orange-demoniaque\/\" \/>\n<meta property=\"og:locale\" content=\"fr_FR\" \/>\n<meta property=\"og:type\" content=\"article\" \/>\n<meta property=\"og:title\" content=\"Orange D\u00e9moniaque - Le GentleCat - Teashop\" \/>\n<meta property=\"og:description\" content=\"Sac herm\u00e9tique de 100 g\u00a0-\u00a0Cette recette de th\u00e9s est une v\u00e9ritable petite p\u00e9pite \u00e0 la crois\u00e9e des chemins : un grand cru tant fruit\u00e9 qu&#039;\u00e9pic\u00e9. Le th\u00e9 blanc y est rehauss\u00e9 par un m\u00e9lange de th\u00e9s verts subtilement dos\u00e9 pour ravir les papilles les plus fines et les amateurs les plus exigeants. Saveur : fruit\u00e9e, \u00e9pic\u00e9e Composition :\u00a0th\u00e9 blanc pai mu tan, th\u00e9 vert de chine sencha, daarjeling vert, th\u00e9 vert Lung Ching, th\u00e9 vert Gunpowder Temple of Heaven, th\u00e9 vert chine jamsin, chips de noix de coco, morceaux de gingembre, clous de girofle, anis \u00e9toil\u00e9, poivre rouge, ar\u00f4me naturel, cardamone enti\u00e8re, fleur de carthame\" \/>\n<meta property=\"og:url\" content=\"https:\/\/legentlecat.fr\/shop\/index.php\/produit\/orange-demoniaque\/\" \/>\n<meta property=\"og:site_name\" content=\"Le GentleCat - Teashop\" \/>\n<meta property=\"article:modified_time\" content=\"2022-12-02T12:23:03+00:00\" \/>\n<meta property=\"og:image\" content=\"https:\/\/legentlecat.fr\/shop\/wp-content\/uploads\/2017\/03\/Pic-orange-demoniaque-819x1024.png\" \/>\n\t<meta property=\"og:image:width\" content=\"819\" \/>\n\t<meta property=\"og:image:height\" content=\"1024\" \/>\n\t<meta property=\"og:image:type\" content=\"image\/png\" \/>\n<meta name=\"twitter:card\" content=\"summary_large_image\" \/>\n<script type=\"application\/ld+json\" class=\"yoast-schema-graph\">{\"@context\":\"https:\\\/\\\/schema.org\",\"@graph\":[{\"@type\":\"WebPage\",\"@id\":\"https:\\\/\\\/legentlecat.fr\\\/shop\\\/index.php\\\/produit\\\/orange-demoniaque\\\/\",\"url\":\"https:\\\/\\\/legentlecat.fr\\\/shop\\\/index.php\\\/produit\\\/orange-demoniaque\\\/\",\"name\":\"Orange D\u00e9moniaque - Le GentleCat - Teashop\",\"isPartOf\":{\"@id\":\"https:\\\/\\\/legentlecat.fr\\\/shop\\\/#website\"},\"primaryImageOfPage\":{\"@id\":\"https:\\\/\\\/legentlecat.fr\\\/shop\\\/index.php\\\/produit\\\/orange-demoniaque\\\/#primaryimage\"},\"image\":{\"@id\":\"https:\\\/\\\/legentlecat.fr\\\/shop\\\/index.php\\\/produit\\\/orange-demoniaque\\\/#primaryimage\"},\"thumbnailUrl\":\"https:\\\/\\\/i0.wp.com\\\/legentlecat.fr\\\/shop\\\/wp-content\\\/uploads\\\/2017\\\/03\\\/Pic-orange-demoniaque.png?fit=1500%2C1875&ssl=1\",\"datePublished\":\"2017-03-20T15:09:04+00:00\",\"dateModified\":\"2022-12-02T12:23:03+00:00\",\"breadcrumb\":{\"@id\":\"https:\\\/\\\/legentlecat.fr\\\/shop\\\/index.php\\\/produit\\\/orange-demoniaque\\\/#breadcrumb\"},\"inLanguage\":\"fr-FR\",\"potentialAction\":[{\"@type\":\"ReadAction\",\"target\":[\"https:\\\/\\\/legentlecat.fr\\\/shop\\\/index.php\\\/produit\\\/orange-demoniaque\\\/\"]}]},{\"@type\":\"ImageObject\",\"inLanguage\":\"fr-FR\",\"@id\":\"https:\\\/\\\/legentlecat.fr\\\/shop\\\/index.php\\\/produit\\\/orange-demoniaque\\\/#primaryimage\",\"url\":\"https:\\\/\\\/i0.wp.com\\\/legentlecat.fr\\\/shop\\\/wp-content\\\/uploads\\\/2017\\\/03\\\/Pic-orange-demoniaque.png?fit=1500%2C1875&ssl=1\",\"contentUrl\":\"https:\\\/\\\/i0.wp.com\\\/legentlecat.fr\\\/shop\\\/wp-content\\\/uploads\\\/2017\\\/03\\\/Pic-orange-demoniaque.png?fit=1500%2C1875&ssl=1\",\"width\":1500,\"height\":1875},{\"@type\":\"BreadcrumbList\",\"@id\":\"https:\\\/\\\/legentlecat.fr\\\/shop\\\/index.php\\\/produit\\\/orange-demoniaque\\\/#breadcrumb\",\"itemListElement\":[{\"@type\":\"ListItem\",\"position\":1,\"name\":\"Accueil\",\"item\":\"https:\\\/\\\/legentlecat.fr\\\/shop\\\/\"},{\"@type\":\"ListItem\",\"position\":2,\"name\":\"Shop\",\"item\":\"https:\\\/\\\/legentlecat.fr\\\/shop\\\/index.php\\\/shop\\\/\"},{\"@type\":\"ListItem\",\"position\":3,\"name\":\"Orange D\u00e9moniaque\"}]},{\"@type\":\"WebSite\",\"@id\":\"https:\\\/\\\/legentlecat.fr\\\/shop\\\/#website\",\"url\":\"https:\\\/\\\/legentlecat.fr\\\/shop\\\/\",\"name\":\"Le GentleCat - Teashop\",\"description\":\"La boutique de th\u00e9 en ligne\",\"potentialAction\":[{\"@type\":\"SearchAction\",\"target\":{\"@type\":\"EntryPoint\",\"urlTemplate\":\"https:\\\/\\\/legentlecat.fr\\\/shop\\\/?s={search_term_string}\"},\"query-input\":{\"@type\":\"PropertyValueSpecification\",\"valueRequired\":true,\"valueName\":\"search_term_string\"}}],\"inLanguage\":\"fr-FR\"}]}<\/script>\n<!-- \/ Yoast SEO plugin. -->","yoast_head_json":{"title":"Orange D\u00e9moniaque - Le GentleCat - Teashop","robots":{"index":"index","follow":"follow","max-snippet":"max-snippet:-1","max-image-preview":"max-image-preview:large","max-video-preview":"max-video-preview:-1"},"canonical":"https:\/\/legentlecat.fr\/shop\/index.php\/produit\/orange-demoniaque\/","og_locale":"fr_FR","og_type":"article","og_title":"Orange D\u00e9moniaque - Le GentleCat - Teashop","og_description":"Sac herm\u00e9tique de 100 g\u00a0-\u00a0Cette recette de th\u00e9s est une v\u00e9ritable petite p\u00e9pite \u00e0 la crois\u00e9e des chemins : un grand cru tant fruit\u00e9 qu'\u00e9pic\u00e9. Le th\u00e9 blanc y est rehauss\u00e9 par un m\u00e9lange de th\u00e9s verts subtilement dos\u00e9 pour ravir les papilles les plus fines et les amateurs les plus exigeants. Saveur : fruit\u00e9e, \u00e9pic\u00e9e Composition :\u00a0th\u00e9 blanc pai mu tan, th\u00e9 vert de chine sencha, daarjeling vert, th\u00e9 vert Lung Ching, th\u00e9 vert Gunpowder Temple of Heaven, th\u00e9 vert chine jamsin, chips de noix de coco, morceaux de gingembre, clous de girofle, anis \u00e9toil\u00e9, poivre rouge, ar\u00f4me naturel, cardamone enti\u00e8re, fleur de carthame","og_url":"https:\/\/legentlecat.fr\/shop\/index.php\/produit\/orange-demoniaque\/","og_site_name":"Le GentleCat - Teashop","article_modified_time":"2022-12-02T12:23:03+00:00","og_image":[{"width":819,"height":1024,"url":"https:\/\/legentlecat.fr\/shop\/wp-content\/uploads\/2017\/03\/Pic-orange-demoniaque-819x1024.png","type":"image\/png"}],"twitter_card":"summary_large_image","schema":{"@context":"https:\/\/schema.org","@graph":[{"@type":"WebPage","@id":"https:\/\/legentlecat.fr\/shop\/index.php\/produit\/orange-demoniaque\/","url":"https:\/\/legentlecat.fr\/shop\/index.php\/produit\/orange-demoniaque\/","name":"Orange D\u00e9moniaque - Le GentleCat - Teashop","isPartOf":{"@id":"https:\/\/legentlecat.fr\/shop\/#website"},"primaryImageOfPage":{"@id":"https:\/\/legentlecat.fr\/shop\/index.php\/produit\/orange-demoniaque\/#primaryimage"},"image":{"@id":"https:\/\/legentlecat.fr\/shop\/index.php\/produit\/orange-demoniaque\/#primaryimage"},"thumbnailUrl":"https:\/\/i0.wp.com\/legentlecat.fr\/shop\/wp-content\/uploads\/2017\/03\/Pic-orange-demoniaque.png?fit=1500%2C1875&ssl=1","datePublished":"2017-03-20T15:09:04+00:00","dateModified":"2022-12-02T12:23:03+00:00","breadcrumb":{"@id":"https:\/\/legentlecat.fr\/shop\/index.php\/produit\/orange-demoniaque\/#breadcrumb"},"inLanguage":"fr-FR","potentialAction":[{"@type":"ReadAction","target":["https:\/\/legentlecat.fr\/shop\/index.php\/produit\/orange-demoniaque\/"]}]},{"@type":"ImageObject","inLanguage":"fr-FR","@id":"https:\/\/legentlecat.fr\/shop\/index.php\/produit\/orange-demoniaque\/#primaryimage","url":"https:\/\/i0.wp.com\/legentlecat.fr\/shop\/wp-content\/uploads\/2017\/03\/Pic-orange-demoniaque.png?fit=1500%2C1875&ssl=1","contentUrl":"https:\/\/i0.wp.com\/legentlecat.fr\/shop\/wp-content\/uploads\/2017\/03\/Pic-orange-demoniaque.png?fit=1500%2C1875&ssl=1","width":1500,"height":1875},{"@type":"BreadcrumbList","@id":"https:\/\/legentlecat.fr\/shop\/index.php\/produit\/orange-demoniaque\/#breadcrumb","itemListElement":[{"@type":"ListItem","position":1,"name":"Accueil","item":"https:\/\/legentlecat.fr\/shop\/"},{"@type":"ListItem","position":2,"name":"Shop","item":"https:\/\/legentlecat.fr\/shop\/index.php\/shop\/"},{"@type":"ListItem","position":3,"name":"Orange D\u00e9moniaque"}]},{"@type":"WebSite","@id":"https:\/\/legentlecat.fr\/shop\/#website","url":"https:\/\/legentlecat.fr\/shop\/","name":"Le GentleCat - Teashop","description":"La boutique de th\u00e9 en ligne","potentialAction":[{"@type":"SearchAction","target":{"@type":"EntryPoint","urlTemplate":"https:\/\/legentlecat.fr\/shop\/?s={search_term_string}"},"query-input":{"@type":"PropertyValueSpecification","valueRequired":true,"valueName":"search_term_string"}}],"inLanguage":"fr-FR"}]}},"jetpack_publicize_connections":[],"jetpack_sharing_enabled":true,"jetpack-related-posts":[{"id":1531,"url":"https:\/\/legentlecat.fr\/shop\/index.php\/produit\/verveine-acidulee-bio\/","url_meta":{"origin":1804,"position":0},"title":"Verveine Acidul\u00e9e BIO","author":"Jimmy RIOT","date":"20 mars 2017","format":false,"excerpt":"Sac herm\u00e9tique de 100 g\u00a0-\u00a0Ce m\u00e9lange bio de th\u00e9s verts et de th\u00e9s blancs r\u00e9v\u00e8le toutes les saveurs de la verveine en y conjuguant des notes acidul\u00e9es d'agrumes. C'est un th\u00e9 vert fin et d\u00e9licat qui saura ravir les palais des amateurs les plus \u00e9clair\u00e9s. Saveur : v\u00e9g\u00e9tale, fruit\u00e9e Composition\u2026","rel":"","context":"Article similaire","block_context":{"text":"Article similaire","link":""},"img":{"alt_text":"","src":"https:\/\/i0.wp.com\/legentlecat.fr\/shop\/wp-content\/uploads\/2017\/03\/pic-verveine.png?fit=960%2C1200&ssl=1&resize=350%2C200","width":350,"height":200,"srcset":"https:\/\/i0.wp.com\/legentlecat.fr\/shop\/wp-content\/uploads\/2017\/03\/pic-verveine.png?fit=960%2C1200&ssl=1&resize=350%2C200 1x, https:\/\/i0.wp.com\/legentlecat.fr\/shop\/wp-content\/uploads\/2017\/03\/pic-verveine.png?fit=960%2C1200&ssl=1&resize=525%2C300 1.5x, https:\/\/i0.wp.com\/legentlecat.fr\/shop\/wp-content\/uploads\/2017\/03\/pic-verveine.png?fit=960%2C1200&ssl=1&resize=700%2C400 2x"},"classes":[]},{"id":1762,"url":"https:\/\/legentlecat.fr\/shop\/index.php\/produit\/milshake-fraise\/","url_meta":{"origin":1804,"position":1},"title":"Milshake Fraise","author":"Jimmy RIOT","date":"20 mars 2017","format":false,"excerpt":"Sac herm\u00e9tique de 100 g\u00a0-\u00a0Vous tenez l\u00e0 le plus gourmand de nos th\u00e9s blancs : ce m\u00e9lange porte bien son nom. Sa tasse claire offre une saveur proche de celle d'une boisson \u00e0 base de fraise mousseuse. Aussi bon chaud que froid, il saura ravir les papilles gourmandes en qu\u00eate\u2026","rel":"","context":"Article similaire","block_context":{"text":"Article similaire","link":""},"img":{"alt_text":"","src":"https:\/\/i0.wp.com\/legentlecat.fr\/shop\/wp-content\/uploads\/2017\/03\/Pic-MilkShake-Fraise.png?fit=960%2C1200&ssl=1&resize=350%2C200","width":350,"height":200,"srcset":"https:\/\/i0.wp.com\/legentlecat.fr\/shop\/wp-content\/uploads\/2017\/03\/Pic-MilkShake-Fraise.png?fit=960%2C1200&ssl=1&resize=350%2C200 1x, https:\/\/i0.wp.com\/legentlecat.fr\/shop\/wp-content\/uploads\/2017\/03\/Pic-MilkShake-Fraise.png?fit=960%2C1200&ssl=1&resize=525%2C300 1.5x, https:\/\/i0.wp.com\/legentlecat.fr\/shop\/wp-content\/uploads\/2017\/03\/Pic-MilkShake-Fraise.png?fit=960%2C1200&ssl=1&resize=700%2C400 2x"},"classes":[]},{"id":1573,"url":"https:\/\/legentlecat.fr\/shop\/index.php\/produit\/sencha-origine-bio\/","url_meta":{"origin":1804,"position":2},"title":"Sencha origine BIO","author":"Jimmy RIOT","date":"20 mars 2017","format":false,"excerpt":"Sac herm\u00e9tique de 100 g\u00a0-\u00a0Ce th\u00e9 vert est manufactur\u00e9 en Chine, bien que le sencha soit \u00e0 la base un th\u00e9 vert japonais ; son nom signifie d'ailleurs \"th\u00e9 en b\u00e2tonnet\", caract\u00e9ristique qui le rend parfaitement identifiable.\u00a0De tous les th\u00e9s verts origines, c'est l'un de ceux qui contient le plus\u2026","rel":"","context":"Article similaire","block_context":{"text":"Article similaire","link":""},"img":{"alt_text":"","src":"https:\/\/i0.wp.com\/legentlecat.fr\/shop\/wp-content\/uploads\/2017\/03\/pic-sencha.png?fit=960%2C1200&ssl=1&resize=350%2C200","width":350,"height":200,"srcset":"https:\/\/i0.wp.com\/legentlecat.fr\/shop\/wp-content\/uploads\/2017\/03\/pic-sencha.png?fit=960%2C1200&ssl=1&resize=350%2C200 1x, https:\/\/i0.wp.com\/legentlecat.fr\/shop\/wp-content\/uploads\/2017\/03\/pic-sencha.png?fit=960%2C1200&ssl=1&resize=525%2C300 1.5x, https:\/\/i0.wp.com\/legentlecat.fr\/shop\/wp-content\/uploads\/2017\/03\/pic-sencha.png?fit=960%2C1200&ssl=1&resize=700%2C400 2x"},"classes":[]},{"id":436,"url":"https:\/\/legentlecat.fr\/shop\/index.php\/produit\/ice-tea-passion\/","url_meta":{"origin":1804,"position":3},"title":"Ice tea Passion","author":"Jimmy RIOT","date":"13 mars 2017","format":false,"excerpt":"Sac herm\u00e9tique de 100 g\u00a0-\u00a0Le th\u00e9 Ice Tea saveur Passion est un th\u00e9 vert id\u00e9al pour les pr\u00e9parations de th\u00e9s glac\u00e9s. Pour se faire, il suffit de faire infuser le th\u00e9 dans une eau \u00e0 temp\u00e9rature ambiante pendant 5 heures puis de retirer le sachet de th\u00e9 pour y ajouter\u2026","rel":"","context":"Article similaire","block_context":{"text":"Article similaire","link":""},"img":{"alt_text":"","src":"https:\/\/i0.wp.com\/legentlecat.fr\/shop\/wp-content\/uploads\/2017\/03\/icetea-passion.png?fit=960%2C1200&ssl=1&resize=350%2C200","width":350,"height":200,"srcset":"https:\/\/i0.wp.com\/legentlecat.fr\/shop\/wp-content\/uploads\/2017\/03\/icetea-passion.png?fit=960%2C1200&ssl=1&resize=350%2C200 1x, https:\/\/i0.wp.com\/legentlecat.fr\/shop\/wp-content\/uploads\/2017\/03\/icetea-passion.png?fit=960%2C1200&ssl=1&resize=525%2C300 1.5x, https:\/\/i0.wp.com\/legentlecat.fr\/shop\/wp-content\/uploads\/2017\/03\/icetea-passion.png?fit=960%2C1200&ssl=1&resize=700%2C400 2x"},"classes":[]},{"id":984,"url":"https:\/\/legentlecat.fr\/shop\/index.php\/produit\/minceur-mbaba-bio\/","url_meta":{"origin":1804,"position":4},"title":"Minceur Mbaba BIO","author":"Jimmy RIOT","date":"19 mars 2017","format":false,"excerpt":"Sac herm\u00e9tique de 100 g\u00a0-\u00a0Le th\u00e9 minceur : La mat\u00e9 est particuli\u00e8rement consomm\u00e9 dans les pays d'Am\u00e9rique du Sud. Son infusion tr\u00e8s riche en th\u00e9ine, sa forte teneur en antioxydant, son effet coupe faim et sa capacit\u00e9 \u00e0 br\u00fbler les graisses en font une base parfaite pour les th\u00e9s \"minceur\",\u2026","rel":"","context":"Article similaire","block_context":{"text":"Article similaire","link":""},"img":{"alt_text":"","src":"https:\/\/i0.wp.com\/legentlecat.fr\/shop\/wp-content\/uploads\/2017\/03\/mbaba.png?fit=960%2C1200&ssl=1&resize=350%2C200","width":350,"height":200,"srcset":"https:\/\/i0.wp.com\/legentlecat.fr\/shop\/wp-content\/uploads\/2017\/03\/mbaba.png?fit=960%2C1200&ssl=1&resize=350%2C200 1x, https:\/\/i0.wp.com\/legentlecat.fr\/shop\/wp-content\/uploads\/2017\/03\/mbaba.png?fit=960%2C1200&ssl=1&resize=525%2C300 1.5x, https:\/\/i0.wp.com\/legentlecat.fr\/shop\/wp-content\/uploads\/2017\/03\/mbaba.png?fit=960%2C1200&ssl=1&resize=700%2C400 2x"},"classes":[]},{"id":1006,"url":"https:\/\/legentlecat.fr\/shop\/index.php\/produit\/minceur-gingy-pampi-bio\/","url_meta":{"origin":1804,"position":5},"title":"Minceur Gingy Pampi BIO","author":"Jimmy RIOT","date":"19 mars 2017","format":false,"excerpt":"Sac herm\u00e9tique de 100 g\u00a0-\u00a0Le th\u00e9 minceur : La mat\u00e9 est particuli\u00e8rement consomm\u00e9 dans les pays d'Am\u00e9rique du Sud. Son infusion tr\u00e8s riche en th\u00e9ine, sa forte teneur en antioxydant, son effet coupe faim et sa capacit\u00e9 \u00e0 br\u00fbler les graisses en font une base parfaite pour les th\u00e9s \"minceur\",\u2026","rel":"","context":"Article similaire","block_context":{"text":"Article similaire","link":""},"img":{"alt_text":"","src":"https:\/\/i0.wp.com\/legentlecat.fr\/shop\/wp-content\/uploads\/2017\/03\/gingy-pampi.png?fit=960%2C1200&ssl=1&resize=350%2C200","width":350,"height":200,"srcset":"https:\/\/i0.wp.com\/legentlecat.fr\/shop\/wp-content\/uploads\/2017\/03\/gingy-pampi.png?fit=960%2C1200&ssl=1&resize=350%2C200 1x, https:\/\/i0.wp.com\/legentlecat.fr\/shop\/wp-content\/uploads\/2017\/03\/gingy-pampi.png?fit=960%2C1200&ssl=1&resize=525%2C300 1.5x, https:\/\/i0.wp.com\/legentlecat.fr\/shop\/wp-content\/uploads\/2017\/03\/gingy-pampi.png?fit=960%2C1200&ssl=1&resize=700%2C400 2x"},"classes":[]}],"_links":{"self":[{"href":"https:\/\/legentlecat.fr\/shop\/index.php\/wp-json\/wp\/v2\/product\/1804","targetHints":{"allow":["GET"]}}],"collection":[{"href":"https:\/\/legentlecat.fr\/shop\/index.php\/wp-json\/wp\/v2\/product"}],"about":[{"href":"https:\/\/legentlecat.fr\/shop\/index.php\/wp-json\/wp\/v2\/types\/product"}],"wp:featuredmedia":[{"embeddable":true,"href":"https:\/\/legentlecat.fr\/shop\/index.php\/wp-json\/wp\/v2\/media\/2203"}],"wp:attachment":[{"href":"https:\/\/legentlecat.fr\/shop\/index.php\/wp-json\/wp\/v2\/media?parent=1804"}],"wp:term":[{"taxonomy":"product_brand","embeddable":true,"href":"https:\/\/legentlecat.fr\/shop\/index.php\/wp-json\/wp\/v2\/product_brand?post=1804"},{"taxonomy":"product_cat","embeddable":true,"href":"https:\/\/legentlecat.fr\/shop\/index.php\/wp-json\/wp\/v2\/product_cat?post=1804"},{"taxonomy":"product_tag","embeddable":true,"href":"https:\/\/legentlecat.fr\/shop\/index.php\/wp-json\/wp\/v2\/product_tag?post=1804"}],"curies":[{"name":"wp","href":"https:\/\/api.w.org\/{rel}","templated":true}]}}