{"id":1720,"date":"2017-03-20T15:36:10","date_gmt":"2017-03-20T14:36:10","guid":{"rendered":"http:\/\/legentlecat.fr\/comptoir-a-thes\/produit\/vietnam-mao-feng\/"},"modified":"2022-12-02T13:23:52","modified_gmt":"2022-12-02T12:23:52","slug":"vietnam-mao-feng","status":"publish","type":"product","link":"https:\/\/legentlecat.fr\/shop\/index.php\/produit\/vietnam-mao-feng\/","title":{"rendered":"Vietnam Mao Feng"},"content":{"rendered":"","protected":false},"excerpt":{"rendered":"<p style=\"text-align: justify;\"><img loading=\"lazy\" decoding=\"async\" class=\"size-full wp-image-2199 aligncenter\" src=\"http:\/\/legentlecat.fr\/shop\/wp-content\/uploads\/2017\/03\/white-earl-grey.jpg\" alt=\"\" width=\"250\" height=\"77\" \/><\/p>\n<p style=\"text-align: justify;\"><strong>Sac herm\u00e9tique de 100 g<\/strong>\u00a0&#8211;\u00a0Ce th\u00e9 blanc d&rsquo;origine est d&rsquo;une qualit\u00e9 rare. Les feuilles riches en bourgeons sont cueillies \u00e0 la main puis fl\u00e9tries et s\u00e9ch\u00e9es. Il offre de subtiles notes fleuries dans une tasse jaune-vert \u00e0 la liqueur l\u00e9g\u00e8re et cristalline et au go\u00fbt subtilement bouquet\u00e9. Un de nos th\u00e9s les plus raffin\u00e9s \u00e0 infuser id\u00e9alement dans une eau aussi d\u00e9min\u00e9ralis\u00e9e que possible.<\/p>\n<p style=\"text-align: justify;\"><strong>Origine :<\/strong> Vietnam<\/p>\n<p style=\"text-align: justify;\"><strong>Composition :<\/strong> th\u00e9 pur Mao Feng de haute qualit\u00e9<\/p>\n","protected":false},"featured_media":2320,"template":"","meta":{"jetpack_post_was_ever_published":false,"jetpack_publicize_message":"","jetpack_publicize_feature_enabled":true,"jetpack_social_post_already_shared":false,"jetpack_social_options":{"image_generator_settings":{"template":"highway","default_image_id":0,"font":"","enabled":false},"version":2}},"product_brand":[],"product_cat":[42],"product_tag":[95,119],"class_list":{"0":"post-1720","1":"product","2":"type-product","3":"status-publish","4":"has-post-thumbnail","6":"product_cat-the-blanc","7":"product_tag-the-blanc","8":"product_tag-the-origine","10":"first","11":"instock","12":"taxable","13":"shipping-taxable","14":"purchasable","15":"product-type-simple"},"yoast_head":"<!-- This site is optimized with the Yoast SEO plugin v27.4 - https:\/\/yoast.com\/product\/yoast-seo-wordpress\/ -->\n<title>Vietnam Mao Feng - Le GentleCat - Teashop<\/title>\n<meta name=\"robots\" content=\"index, follow, max-snippet:-1, max-image-preview:large, max-video-preview:-1\" \/>\n<link rel=\"canonical\" href=\"https:\/\/legentlecat.fr\/shop\/index.php\/produit\/vietnam-mao-feng\/\" \/>\n<meta property=\"og:locale\" content=\"fr_FR\" \/>\n<meta property=\"og:type\" content=\"article\" \/>\n<meta property=\"og:title\" content=\"Vietnam Mao Feng - Le GentleCat - Teashop\" \/>\n<meta property=\"og:description\" content=\"Sac herm\u00e9tique de 100 g\u00a0-\u00a0Ce th\u00e9 blanc d&#039;origine est d&#039;une qualit\u00e9 rare. Les feuilles riches en bourgeons sont cueillies \u00e0 la main puis fl\u00e9tries et s\u00e9ch\u00e9es. Il offre de subtiles notes fleuries dans une tasse jaune-vert \u00e0 la liqueur l\u00e9g\u00e8re et cristalline et au go\u00fbt subtilement bouquet\u00e9. Un de nos th\u00e9s les plus raffin\u00e9s \u00e0 infuser id\u00e9alement dans une eau aussi d\u00e9min\u00e9ralis\u00e9e que possible. Origine : Vietnam Composition : th\u00e9 pur Mao Feng de haute qualit\u00e9\" \/>\n<meta property=\"og:url\" content=\"https:\/\/legentlecat.fr\/shop\/index.php\/produit\/vietnam-mao-feng\/\" \/>\n<meta property=\"og:site_name\" content=\"Le GentleCat - Teashop\" \/>\n<meta property=\"article:modified_time\" content=\"2022-12-02T12:23:52+00:00\" \/>\n<meta property=\"og:image\" content=\"https:\/\/legentlecat.fr\/shop\/wp-content\/uploads\/2017\/03\/vietmao-819x1024.png\" \/>\n\t<meta property=\"og:image:width\" content=\"819\" \/>\n\t<meta property=\"og:image:height\" content=\"1024\" \/>\n\t<meta property=\"og:image:type\" content=\"image\/png\" \/>\n<meta name=\"twitter:card\" content=\"summary_large_image\" \/>\n<script type=\"application\/ld+json\" class=\"yoast-schema-graph\">{\"@context\":\"https:\\\/\\\/schema.org\",\"@graph\":[{\"@type\":\"WebPage\",\"@id\":\"https:\\\/\\\/legentlecat.fr\\\/shop\\\/index.php\\\/produit\\\/vietnam-mao-feng\\\/\",\"url\":\"https:\\\/\\\/legentlecat.fr\\\/shop\\\/index.php\\\/produit\\\/vietnam-mao-feng\\\/\",\"name\":\"Vietnam Mao Feng - Le GentleCat - Teashop\",\"isPartOf\":{\"@id\":\"https:\\\/\\\/legentlecat.fr\\\/shop\\\/#website\"},\"primaryImageOfPage\":{\"@id\":\"https:\\\/\\\/legentlecat.fr\\\/shop\\\/index.php\\\/produit\\\/vietnam-mao-feng\\\/#primaryimage\"},\"image\":{\"@id\":\"https:\\\/\\\/legentlecat.fr\\\/shop\\\/index.php\\\/produit\\\/vietnam-mao-feng\\\/#primaryimage\"},\"thumbnailUrl\":\"https:\\\/\\\/i0.wp.com\\\/legentlecat.fr\\\/shop\\\/wp-content\\\/uploads\\\/2017\\\/03\\\/vietmao.png?fit=1500%2C1875&ssl=1\",\"datePublished\":\"2017-03-20T14:36:10+00:00\",\"dateModified\":\"2022-12-02T12:23:52+00:00\",\"breadcrumb\":{\"@id\":\"https:\\\/\\\/legentlecat.fr\\\/shop\\\/index.php\\\/produit\\\/vietnam-mao-feng\\\/#breadcrumb\"},\"inLanguage\":\"fr-FR\",\"potentialAction\":[{\"@type\":\"ReadAction\",\"target\":[\"https:\\\/\\\/legentlecat.fr\\\/shop\\\/index.php\\\/produit\\\/vietnam-mao-feng\\\/\"]}]},{\"@type\":\"ImageObject\",\"inLanguage\":\"fr-FR\",\"@id\":\"https:\\\/\\\/legentlecat.fr\\\/shop\\\/index.php\\\/produit\\\/vietnam-mao-feng\\\/#primaryimage\",\"url\":\"https:\\\/\\\/i0.wp.com\\\/legentlecat.fr\\\/shop\\\/wp-content\\\/uploads\\\/2017\\\/03\\\/vietmao.png?fit=1500%2C1875&ssl=1\",\"contentUrl\":\"https:\\\/\\\/i0.wp.com\\\/legentlecat.fr\\\/shop\\\/wp-content\\\/uploads\\\/2017\\\/03\\\/vietmao.png?fit=1500%2C1875&ssl=1\",\"width\":1500,\"height\":1875},{\"@type\":\"BreadcrumbList\",\"@id\":\"https:\\\/\\\/legentlecat.fr\\\/shop\\\/index.php\\\/produit\\\/vietnam-mao-feng\\\/#breadcrumb\",\"itemListElement\":[{\"@type\":\"ListItem\",\"position\":1,\"name\":\"Accueil\",\"item\":\"https:\\\/\\\/legentlecat.fr\\\/shop\\\/\"},{\"@type\":\"ListItem\",\"position\":2,\"name\":\"Shop\",\"item\":\"https:\\\/\\\/legentlecat.fr\\\/shop\\\/index.php\\\/shop\\\/\"},{\"@type\":\"ListItem\",\"position\":3,\"name\":\"Vietnam Mao Feng\"}]},{\"@type\":\"WebSite\",\"@id\":\"https:\\\/\\\/legentlecat.fr\\\/shop\\\/#website\",\"url\":\"https:\\\/\\\/legentlecat.fr\\\/shop\\\/\",\"name\":\"Le GentleCat - Teashop\",\"description\":\"La boutique de th\u00e9 en ligne\",\"potentialAction\":[{\"@type\":\"SearchAction\",\"target\":{\"@type\":\"EntryPoint\",\"urlTemplate\":\"https:\\\/\\\/legentlecat.fr\\\/shop\\\/?s={search_term_string}\"},\"query-input\":{\"@type\":\"PropertyValueSpecification\",\"valueRequired\":true,\"valueName\":\"search_term_string\"}}],\"inLanguage\":\"fr-FR\"}]}<\/script>\n<!-- \/ Yoast SEO plugin. -->","yoast_head_json":{"title":"Vietnam Mao Feng - Le GentleCat - Teashop","robots":{"index":"index","follow":"follow","max-snippet":"max-snippet:-1","max-image-preview":"max-image-preview:large","max-video-preview":"max-video-preview:-1"},"canonical":"https:\/\/legentlecat.fr\/shop\/index.php\/produit\/vietnam-mao-feng\/","og_locale":"fr_FR","og_type":"article","og_title":"Vietnam Mao Feng - Le GentleCat - Teashop","og_description":"Sac herm\u00e9tique de 100 g\u00a0-\u00a0Ce th\u00e9 blanc d'origine est d'une qualit\u00e9 rare. Les feuilles riches en bourgeons sont cueillies \u00e0 la main puis fl\u00e9tries et s\u00e9ch\u00e9es. Il offre de subtiles notes fleuries dans une tasse jaune-vert \u00e0 la liqueur l\u00e9g\u00e8re et cristalline et au go\u00fbt subtilement bouquet\u00e9. Un de nos th\u00e9s les plus raffin\u00e9s \u00e0 infuser id\u00e9alement dans une eau aussi d\u00e9min\u00e9ralis\u00e9e que possible. Origine : Vietnam Composition : th\u00e9 pur Mao Feng de haute qualit\u00e9","og_url":"https:\/\/legentlecat.fr\/shop\/index.php\/produit\/vietnam-mao-feng\/","og_site_name":"Le GentleCat - Teashop","article_modified_time":"2022-12-02T12:23:52+00:00","og_image":[{"width":819,"height":1024,"url":"https:\/\/legentlecat.fr\/shop\/wp-content\/uploads\/2017\/03\/vietmao-819x1024.png","type":"image\/png"}],"twitter_card":"summary_large_image","schema":{"@context":"https:\/\/schema.org","@graph":[{"@type":"WebPage","@id":"https:\/\/legentlecat.fr\/shop\/index.php\/produit\/vietnam-mao-feng\/","url":"https:\/\/legentlecat.fr\/shop\/index.php\/produit\/vietnam-mao-feng\/","name":"Vietnam Mao Feng - Le GentleCat - Teashop","isPartOf":{"@id":"https:\/\/legentlecat.fr\/shop\/#website"},"primaryImageOfPage":{"@id":"https:\/\/legentlecat.fr\/shop\/index.php\/produit\/vietnam-mao-feng\/#primaryimage"},"image":{"@id":"https:\/\/legentlecat.fr\/shop\/index.php\/produit\/vietnam-mao-feng\/#primaryimage"},"thumbnailUrl":"https:\/\/i0.wp.com\/legentlecat.fr\/shop\/wp-content\/uploads\/2017\/03\/vietmao.png?fit=1500%2C1875&ssl=1","datePublished":"2017-03-20T14:36:10+00:00","dateModified":"2022-12-02T12:23:52+00:00","breadcrumb":{"@id":"https:\/\/legentlecat.fr\/shop\/index.php\/produit\/vietnam-mao-feng\/#breadcrumb"},"inLanguage":"fr-FR","potentialAction":[{"@type":"ReadAction","target":["https:\/\/legentlecat.fr\/shop\/index.php\/produit\/vietnam-mao-feng\/"]}]},{"@type":"ImageObject","inLanguage":"fr-FR","@id":"https:\/\/legentlecat.fr\/shop\/index.php\/produit\/vietnam-mao-feng\/#primaryimage","url":"https:\/\/i0.wp.com\/legentlecat.fr\/shop\/wp-content\/uploads\/2017\/03\/vietmao.png?fit=1500%2C1875&ssl=1","contentUrl":"https:\/\/i0.wp.com\/legentlecat.fr\/shop\/wp-content\/uploads\/2017\/03\/vietmao.png?fit=1500%2C1875&ssl=1","width":1500,"height":1875},{"@type":"BreadcrumbList","@id":"https:\/\/legentlecat.fr\/shop\/index.php\/produit\/vietnam-mao-feng\/#breadcrumb","itemListElement":[{"@type":"ListItem","position":1,"name":"Accueil","item":"https:\/\/legentlecat.fr\/shop\/"},{"@type":"ListItem","position":2,"name":"Shop","item":"https:\/\/legentlecat.fr\/shop\/index.php\/shop\/"},{"@type":"ListItem","position":3,"name":"Vietnam Mao Feng"}]},{"@type":"WebSite","@id":"https:\/\/legentlecat.fr\/shop\/#website","url":"https:\/\/legentlecat.fr\/shop\/","name":"Le GentleCat - Teashop","description":"La boutique de th\u00e9 en ligne","potentialAction":[{"@type":"SearchAction","target":{"@type":"EntryPoint","urlTemplate":"https:\/\/legentlecat.fr\/shop\/?s={search_term_string}"},"query-input":{"@type":"PropertyValueSpecification","valueRequired":true,"valueName":"search_term_string"}}],"inLanguage":"fr-FR"}]}},"jetpack_publicize_connections":[],"jetpack_sharing_enabled":true,"jetpack-related-posts":[{"id":1090,"url":"https:\/\/legentlecat.fr\/shop\/index.php\/produit\/coeur-de-litchi\/","url_meta":{"origin":1720,"position":0},"title":"Coeur de Litchi","author":"Jimmy RIOT","date":"19 mars 2017","format":false,"excerpt":"Sac herm\u00e9tique de 100 g\u00a0-\u00a0A l'infusion, le fruit qu'est le litchi ne lib\u00e8re pas un fort ar\u00f4me. Aussi, pour ce th\u00e9 au go\u00fbt de litchi, nous avons mis au point une recette ou chacun des ingr\u00e9dients vient soutenir l'ar\u00f4me naturel de litchi qui\u00a0trouve toute la place pour se d\u00e9velopper dans\u2026","rel":"","context":"Article similaire","block_context":{"text":"Article similaire","link":""},"img":{"alt_text":"","src":"https:\/\/i0.wp.com\/legentlecat.fr\/shop\/wp-content\/uploads\/2017\/03\/litchi.png?fit=960%2C1200&ssl=1&resize=350%2C200","width":350,"height":200,"srcset":"https:\/\/i0.wp.com\/legentlecat.fr\/shop\/wp-content\/uploads\/2017\/03\/litchi.png?fit=960%2C1200&ssl=1&resize=350%2C200 1x, https:\/\/i0.wp.com\/legentlecat.fr\/shop\/wp-content\/uploads\/2017\/03\/litchi.png?fit=960%2C1200&ssl=1&resize=525%2C300 1.5x, https:\/\/i0.wp.com\/legentlecat.fr\/shop\/wp-content\/uploads\/2017\/03\/litchi.png?fit=960%2C1200&ssl=1&resize=700%2C400 2x"},"classes":[]},{"id":226,"url":"https:\/\/legentlecat.fr\/shop\/index.php\/produit\/peche-a-lorientale\/","url_meta":{"origin":1720,"position":1},"title":"P\u00eache \u00e0 l&rsquo;orientale","author":"Jimmy RIOT","date":"13 mars 2017","format":false,"excerpt":"Sac herm\u00e9tique de 100 g\u00a0-\u00a0Ce mariage de th\u00e9 oolong et de th\u00e9 blanc est particuli\u00e8rement d\u00e9licat. La saveur discr\u00e8te de la p\u00eache y trouve toute la place n\u00e9cessaire pour se d\u00e9velopper, r\u00e9v\u00e9l\u00e9e par le go\u00fbt tr\u00e8s prononc\u00e9 de la fleur d'oranger. Saveur : fruit\u00e9e, fleurie Composition : th\u00e9 Oolong,\u00a0th\u00e9 blanc\u2026","rel":"","context":"Article similaire","block_context":{"text":"Article similaire","link":""},"img":{"alt_text":"","src":"https:\/\/i0.wp.com\/legentlecat.fr\/shop\/wp-content\/uploads\/2017\/03\/peche-orientale.png?fit=960%2C1200&ssl=1&resize=350%2C200","width":350,"height":200,"srcset":"https:\/\/i0.wp.com\/legentlecat.fr\/shop\/wp-content\/uploads\/2017\/03\/peche-orientale.png?fit=960%2C1200&ssl=1&resize=350%2C200 1x, https:\/\/i0.wp.com\/legentlecat.fr\/shop\/wp-content\/uploads\/2017\/03\/peche-orientale.png?fit=960%2C1200&ssl=1&resize=525%2C300 1.5x, https:\/\/i0.wp.com\/legentlecat.fr\/shop\/wp-content\/uploads\/2017\/03\/peche-orientale.png?fit=960%2C1200&ssl=1&resize=700%2C400 2x"},"classes":[]},{"id":584,"url":"https:\/\/legentlecat.fr\/shop\/index.php\/produit\/daarjeling-himalaya\/","url_meta":{"origin":1720,"position":2},"title":"Daarjeling Himalaya","author":"Jimmy RIOT","date":"13 mars 2017","format":false,"excerpt":"Sac herm\u00e9tique de 100 g\u00a0-\u00a0Le th\u00e9 du Darjeeling est assez r\u00e9put\u00e9 pour sa bonne qualit\u00e9, encore faut-il que sa r\u00e9colte soit faite au bon moment et au bon endroit... Nous vous proposons ici un th\u00e9 noir darjeeling d'une extr\u00eame qualit\u00e9 : il s'agit de la premi\u00e8re r\u00e9colte du th\u00e9ier r\u00e9alis\u00e9e\u2026","rel":"","context":"Article similaire","block_context":{"text":"Article similaire","link":""},"img":{"alt_text":"","src":"https:\/\/i0.wp.com\/legentlecat.fr\/shop\/wp-content\/uploads\/2017\/03\/darjeeling.png?fit=960%2C1200&ssl=1&resize=350%2C200","width":350,"height":200,"srcset":"https:\/\/i0.wp.com\/legentlecat.fr\/shop\/wp-content\/uploads\/2017\/03\/darjeeling.png?fit=960%2C1200&ssl=1&resize=350%2C200 1x, https:\/\/i0.wp.com\/legentlecat.fr\/shop\/wp-content\/uploads\/2017\/03\/darjeeling.png?fit=960%2C1200&ssl=1&resize=525%2C300 1.5x, https:\/\/i0.wp.com\/legentlecat.fr\/shop\/wp-content\/uploads\/2017\/03\/darjeeling.png?fit=960%2C1200&ssl=1&resize=700%2C400 2x"},"classes":[]},{"id":289,"url":"https:\/\/legentlecat.fr\/shop\/index.php\/produit\/purete-doolong\/","url_meta":{"origin":1720,"position":3},"title":"Puret\u00e9 d&rsquo;Oolong","author":"Jimmy RIOT","date":"13 mars 2017","format":false,"excerpt":"Sac herm\u00e9tique de 100 g\u00a0-\u00a0Le th\u00e9 oolong est un th\u00e9 semi-oxyd\u00e9, \u00e0 mi-chemin entre le th\u00e9 vert (non oxyd\u00e9) et le th\u00e9 noir (oxyd\u00e9). C'est un incontournable de la culture chinoise. On l'appelle parfois \"th\u00e9 bleu\" en raison de la couleur de ses feuilles apr\u00e8s infusion. Il offre une tasse\u2026","rel":"","context":"Article similaire","block_context":{"text":"Article similaire","link":""},"img":{"alt_text":"","src":"https:\/\/i0.wp.com\/legentlecat.fr\/shop\/wp-content\/uploads\/2017\/03\/pur-oolong.png?fit=960%2C1200&ssl=1&resize=350%2C200","width":350,"height":200,"srcset":"https:\/\/i0.wp.com\/legentlecat.fr\/shop\/wp-content\/uploads\/2017\/03\/pur-oolong.png?fit=960%2C1200&ssl=1&resize=350%2C200 1x, https:\/\/i0.wp.com\/legentlecat.fr\/shop\/wp-content\/uploads\/2017\/03\/pur-oolong.png?fit=960%2C1200&ssl=1&resize=525%2C300 1.5x, https:\/\/i0.wp.com\/legentlecat.fr\/shop\/wp-content\/uploads\/2017\/03\/pur-oolong.png?fit=960%2C1200&ssl=1&resize=700%2C400 2x"},"classes":[]},{"id":352,"url":"https:\/\/legentlecat.fr\/shop\/index.php\/produit\/daarjeling-vert\/","url_meta":{"origin":1720,"position":4},"title":"Daarjeling Vert","author":"Jimmy RIOT","date":"13 mars 2017","format":false,"excerpt":"Sac herm\u00e9tique de 100 g\u00a0-\u00a0Le th\u00e9 du Darjeeling est plus connu sous sa forme oxyd\u00e9e de th\u00e9 noir. Cultiv\u00e9 dans la Nord de l'Inde, il est \u00e9galement tr\u00e8s appr\u00e9ciable en tant que th\u00e9 vert. Sa grande qualit\u00e9 aromatique permet une infusion multiple (2 \u00e0 3 infusions) tant que le th\u00e9\u2026","rel":"","context":"Article similaire","block_context":{"text":"Article similaire","link":""},"img":{"alt_text":"","src":"https:\/\/i0.wp.com\/legentlecat.fr\/shop\/wp-content\/uploads\/2017\/03\/pic-white-monkey2.png?fit=960%2C1200&ssl=1&resize=350%2C200","width":350,"height":200,"srcset":"https:\/\/i0.wp.com\/legentlecat.fr\/shop\/wp-content\/uploads\/2017\/03\/pic-white-monkey2.png?fit=960%2C1200&ssl=1&resize=350%2C200 1x, https:\/\/i0.wp.com\/legentlecat.fr\/shop\/wp-content\/uploads\/2017\/03\/pic-white-monkey2.png?fit=960%2C1200&ssl=1&resize=525%2C300 1.5x, https:\/\/i0.wp.com\/legentlecat.fr\/shop\/wp-content\/uploads\/2017\/03\/pic-white-monkey2.png?fit=960%2C1200&ssl=1&resize=700%2C400 2x"},"classes":[]},{"id":1489,"url":"https:\/\/legentlecat.fr\/shop\/index.php\/produit\/or-imperial\/","url_meta":{"origin":1720,"position":5},"title":"Or Imp\u00e9rial","author":"Jimmy RIOT","date":"20 mars 2017","format":false,"excerpt":"Sac herm\u00e9tique de 100 g\u00a0-\u00a0Le th\u00e9 jaune est un grand cru chinois. Parfois appel\u00e9 \"th\u00e9 imp\u00e9rial\" en raison de sa couleur commune avec l'empereur, il est produit et manufactur\u00e9 en tr\u00e8s petite quantit\u00e9, ce qui en fait un th\u00e9 d'une grande raret\u00e9. Le th\u00e9 jaune est tout aussi raffin\u00e9 que\u2026","rel":"","context":"Article similaire","block_context":{"text":"Article similaire","link":""},"img":{"alt_text":"","src":"https:\/\/i0.wp.com\/legentlecat.fr\/shop\/wp-content\/uploads\/2017\/03\/pic-jaune.png?fit=960%2C1200&ssl=1&resize=350%2C200","width":350,"height":200,"srcset":"https:\/\/i0.wp.com\/legentlecat.fr\/shop\/wp-content\/uploads\/2017\/03\/pic-jaune.png?fit=960%2C1200&ssl=1&resize=350%2C200 1x, https:\/\/i0.wp.com\/legentlecat.fr\/shop\/wp-content\/uploads\/2017\/03\/pic-jaune.png?fit=960%2C1200&ssl=1&resize=525%2C300 1.5x, https:\/\/i0.wp.com\/legentlecat.fr\/shop\/wp-content\/uploads\/2017\/03\/pic-jaune.png?fit=960%2C1200&ssl=1&resize=700%2C400 2x"},"classes":[]}],"_links":{"self":[{"href":"https:\/\/legentlecat.fr\/shop\/index.php\/wp-json\/wp\/v2\/product\/1720","targetHints":{"allow":["GET"]}}],"collection":[{"href":"https:\/\/legentlecat.fr\/shop\/index.php\/wp-json\/wp\/v2\/product"}],"about":[{"href":"https:\/\/legentlecat.fr\/shop\/index.php\/wp-json\/wp\/v2\/types\/product"}],"wp:featuredmedia":[{"embeddable":true,"href":"https:\/\/legentlecat.fr\/shop\/index.php\/wp-json\/wp\/v2\/media\/2320"}],"wp:attachment":[{"href":"https:\/\/legentlecat.fr\/shop\/index.php\/wp-json\/wp\/v2\/media?parent=1720"}],"wp:term":[{"taxonomy":"product_brand","embeddable":true,"href":"https:\/\/legentlecat.fr\/shop\/index.php\/wp-json\/wp\/v2\/product_brand?post=1720"},{"taxonomy":"product_cat","embeddable":true,"href":"https:\/\/legentlecat.fr\/shop\/index.php\/wp-json\/wp\/v2\/product_cat?post=1720"},{"taxonomy":"product_tag","embeddable":true,"href":"https:\/\/legentlecat.fr\/shop\/index.php\/wp-json\/wp\/v2\/product_tag?post=1720"}],"curies":[{"name":"wp","href":"https:\/\/api.w.org\/{rel}","templated":true}]}}