{"id":1594,"date":"2017-03-20T14:23:24","date_gmt":"2017-03-20T13:23:24","guid":{"rendered":"http:\/\/legentlecat.fr\/comptoir-a-thes\/produit\/royal-gunpowder\/"},"modified":"2022-12-02T13:50:07","modified_gmt":"2022-12-02T12:50:07","slug":"royal-gunpowder","status":"publish","type":"product","link":"https:\/\/legentlecat.fr\/shop\/index.php\/produit\/royal-gunpowder\/","title":{"rendered":"Royal Gunpowder"},"content":{"rendered":"","protected":false},"excerpt":{"rendered":"<p style=\"text-align: justify;\"><img loading=\"lazy\" decoding=\"async\" class=\"size-full wp-image-2237 aligncenter\" src=\"http:\/\/legentlecat.fr\/shop\/wp-content\/uploads\/2017\/03\/gunpowder.jpg\" alt=\"\" width=\"250\" height=\"77\" \/><\/p>\n<p style=\"text-align: justify;\"><strong>Sac herm\u00e9tique de 100 g<\/strong>\u00a0&#8211;\u00a0Le gunpowder est un grand classique du th\u00e9 vert. Servant de base au th\u00e9 \u00e0 la menthe au Maroc ou en Alg\u00e9rie, il peut se d\u00e9guster seul ou avec du sucre et quelques feuilles de menthe. En infusion de th\u00e9 pur, il offre une saveur vive et l\u00e9g\u00e8rement astringente. C&rsquo;est un th\u00e9 particuli\u00e8rement d\u00e9salt\u00e9rant. Nous vous proposons ici un gunpowder de tr\u00e8s haute qualit\u00e9 avec une feuille r\u00e9guli\u00e8rement enroul\u00e9e.<\/p>\n<p style=\"text-align: justify;\"><strong>Origine :<\/strong> Chine<\/p>\n<p style=\"text-align: justify;\"><strong>Composition :<\/strong>\u00a0th\u00e9 vert gunpowder<\/p>\n","protected":false},"featured_media":2238,"template":"","meta":{"jetpack_post_was_ever_published":false,"jetpack_publicize_message":"","jetpack_publicize_feature_enabled":true,"jetpack_social_post_already_shared":false,"jetpack_social_options":{"image_generator_settings":{"template":"highway","default_image_id":0,"font":"","enabled":false},"version":2}},"product_brand":[],"product_cat":[50],"product_tag":[119,98],"class_list":{"0":"post-1594","1":"product","2":"type-product","3":"status-publish","4":"has-post-thumbnail","6":"product_cat-the-vert","7":"product_tag-the-origine","8":"product_tag-the-vert","10":"first","11":"instock","12":"taxable","13":"shipping-taxable","14":"purchasable","15":"product-type-simple"},"yoast_head":"<!-- This site is optimized with the Yoast SEO plugin v27.3 - https:\/\/yoast.com\/product\/yoast-seo-wordpress\/ -->\n<title>Royal Gunpowder - Le GentleCat - Teashop<\/title>\n<meta name=\"robots\" content=\"index, follow, max-snippet:-1, max-image-preview:large, max-video-preview:-1\" \/>\n<link rel=\"canonical\" href=\"https:\/\/legentlecat.fr\/shop\/index.php\/produit\/royal-gunpowder\/\" \/>\n<meta property=\"og:locale\" content=\"fr_FR\" \/>\n<meta property=\"og:type\" content=\"article\" \/>\n<meta property=\"og:title\" content=\"Royal Gunpowder - Le GentleCat - Teashop\" \/>\n<meta property=\"og:description\" content=\"Sac herm\u00e9tique de 100 g\u00a0-\u00a0Le gunpowder est un grand classique du th\u00e9 vert. Servant de base au th\u00e9 \u00e0 la menthe au Maroc ou en Alg\u00e9rie, il peut se d\u00e9guster seul ou avec du sucre et quelques feuilles de menthe. En infusion de th\u00e9 pur, il offre une saveur vive et l\u00e9g\u00e8rement astringente. C&#039;est un th\u00e9 particuli\u00e8rement d\u00e9salt\u00e9rant. Nous vous proposons ici un gunpowder de tr\u00e8s haute qualit\u00e9 avec une feuille r\u00e9guli\u00e8rement enroul\u00e9e. Origine : Chine Composition :\u00a0th\u00e9 vert gunpowder\" \/>\n<meta property=\"og:url\" content=\"https:\/\/legentlecat.fr\/shop\/index.php\/produit\/royal-gunpowder\/\" \/>\n<meta property=\"og:site_name\" content=\"Le GentleCat - Teashop\" \/>\n<meta property=\"article:modified_time\" content=\"2022-12-02T12:50:07+00:00\" \/>\n<meta property=\"og:image\" content=\"https:\/\/legentlecat.fr\/shop\/wp-content\/uploads\/2017\/03\/pic-gunpowder-819x1024.png\" \/>\n\t<meta property=\"og:image:width\" content=\"819\" \/>\n\t<meta property=\"og:image:height\" content=\"1024\" \/>\n\t<meta property=\"og:image:type\" content=\"image\/png\" \/>\n<meta name=\"twitter:card\" content=\"summary_large_image\" \/>\n<script type=\"application\/ld+json\" class=\"yoast-schema-graph\">{\"@context\":\"https:\\\/\\\/schema.org\",\"@graph\":[{\"@type\":\"WebPage\",\"@id\":\"https:\\\/\\\/legentlecat.fr\\\/shop\\\/index.php\\\/produit\\\/royal-gunpowder\\\/\",\"url\":\"https:\\\/\\\/legentlecat.fr\\\/shop\\\/index.php\\\/produit\\\/royal-gunpowder\\\/\",\"name\":\"Royal Gunpowder - Le GentleCat - Teashop\",\"isPartOf\":{\"@id\":\"https:\\\/\\\/legentlecat.fr\\\/shop\\\/#website\"},\"primaryImageOfPage\":{\"@id\":\"https:\\\/\\\/legentlecat.fr\\\/shop\\\/index.php\\\/produit\\\/royal-gunpowder\\\/#primaryimage\"},\"image\":{\"@id\":\"https:\\\/\\\/legentlecat.fr\\\/shop\\\/index.php\\\/produit\\\/royal-gunpowder\\\/#primaryimage\"},\"thumbnailUrl\":\"https:\\\/\\\/i0.wp.com\\\/legentlecat.fr\\\/shop\\\/wp-content\\\/uploads\\\/2017\\\/03\\\/pic-gunpowder.png?fit=1500%2C1875&ssl=1\",\"datePublished\":\"2017-03-20T13:23:24+00:00\",\"dateModified\":\"2022-12-02T12:50:07+00:00\",\"breadcrumb\":{\"@id\":\"https:\\\/\\\/legentlecat.fr\\\/shop\\\/index.php\\\/produit\\\/royal-gunpowder\\\/#breadcrumb\"},\"inLanguage\":\"fr-FR\",\"potentialAction\":[{\"@type\":\"ReadAction\",\"target\":[\"https:\\\/\\\/legentlecat.fr\\\/shop\\\/index.php\\\/produit\\\/royal-gunpowder\\\/\"]}]},{\"@type\":\"ImageObject\",\"inLanguage\":\"fr-FR\",\"@id\":\"https:\\\/\\\/legentlecat.fr\\\/shop\\\/index.php\\\/produit\\\/royal-gunpowder\\\/#primaryimage\",\"url\":\"https:\\\/\\\/i0.wp.com\\\/legentlecat.fr\\\/shop\\\/wp-content\\\/uploads\\\/2017\\\/03\\\/pic-gunpowder.png?fit=1500%2C1875&ssl=1\",\"contentUrl\":\"https:\\\/\\\/i0.wp.com\\\/legentlecat.fr\\\/shop\\\/wp-content\\\/uploads\\\/2017\\\/03\\\/pic-gunpowder.png?fit=1500%2C1875&ssl=1\",\"width\":1500,\"height\":1875},{\"@type\":\"BreadcrumbList\",\"@id\":\"https:\\\/\\\/legentlecat.fr\\\/shop\\\/index.php\\\/produit\\\/royal-gunpowder\\\/#breadcrumb\",\"itemListElement\":[{\"@type\":\"ListItem\",\"position\":1,\"name\":\"Accueil\",\"item\":\"https:\\\/\\\/legentlecat.fr\\\/shop\\\/\"},{\"@type\":\"ListItem\",\"position\":2,\"name\":\"Shop\",\"item\":\"https:\\\/\\\/legentlecat.fr\\\/shop\\\/index.php\\\/shop\\\/\"},{\"@type\":\"ListItem\",\"position\":3,\"name\":\"Royal Gunpowder\"}]},{\"@type\":\"WebSite\",\"@id\":\"https:\\\/\\\/legentlecat.fr\\\/shop\\\/#website\",\"url\":\"https:\\\/\\\/legentlecat.fr\\\/shop\\\/\",\"name\":\"Le GentleCat - Teashop\",\"description\":\"La boutique de th\u00e9 en ligne\",\"potentialAction\":[{\"@type\":\"SearchAction\",\"target\":{\"@type\":\"EntryPoint\",\"urlTemplate\":\"https:\\\/\\\/legentlecat.fr\\\/shop\\\/?s={search_term_string}\"},\"query-input\":{\"@type\":\"PropertyValueSpecification\",\"valueRequired\":true,\"valueName\":\"search_term_string\"}}],\"inLanguage\":\"fr-FR\"}]}<\/script>\n<!-- \/ Yoast SEO plugin. -->","yoast_head_json":{"title":"Royal Gunpowder - Le GentleCat - Teashop","robots":{"index":"index","follow":"follow","max-snippet":"max-snippet:-1","max-image-preview":"max-image-preview:large","max-video-preview":"max-video-preview:-1"},"canonical":"https:\/\/legentlecat.fr\/shop\/index.php\/produit\/royal-gunpowder\/","og_locale":"fr_FR","og_type":"article","og_title":"Royal Gunpowder - Le GentleCat - Teashop","og_description":"Sac herm\u00e9tique de 100 g\u00a0-\u00a0Le gunpowder est un grand classique du th\u00e9 vert. Servant de base au th\u00e9 \u00e0 la menthe au Maroc ou en Alg\u00e9rie, il peut se d\u00e9guster seul ou avec du sucre et quelques feuilles de menthe. En infusion de th\u00e9 pur, il offre une saveur vive et l\u00e9g\u00e8rement astringente. C'est un th\u00e9 particuli\u00e8rement d\u00e9salt\u00e9rant. Nous vous proposons ici un gunpowder de tr\u00e8s haute qualit\u00e9 avec une feuille r\u00e9guli\u00e8rement enroul\u00e9e. Origine : Chine Composition :\u00a0th\u00e9 vert gunpowder","og_url":"https:\/\/legentlecat.fr\/shop\/index.php\/produit\/royal-gunpowder\/","og_site_name":"Le GentleCat - Teashop","article_modified_time":"2022-12-02T12:50:07+00:00","og_image":[{"width":819,"height":1024,"url":"https:\/\/legentlecat.fr\/shop\/wp-content\/uploads\/2017\/03\/pic-gunpowder-819x1024.png","type":"image\/png"}],"twitter_card":"summary_large_image","schema":{"@context":"https:\/\/schema.org","@graph":[{"@type":"WebPage","@id":"https:\/\/legentlecat.fr\/shop\/index.php\/produit\/royal-gunpowder\/","url":"https:\/\/legentlecat.fr\/shop\/index.php\/produit\/royal-gunpowder\/","name":"Royal Gunpowder - Le GentleCat - Teashop","isPartOf":{"@id":"https:\/\/legentlecat.fr\/shop\/#website"},"primaryImageOfPage":{"@id":"https:\/\/legentlecat.fr\/shop\/index.php\/produit\/royal-gunpowder\/#primaryimage"},"image":{"@id":"https:\/\/legentlecat.fr\/shop\/index.php\/produit\/royal-gunpowder\/#primaryimage"},"thumbnailUrl":"https:\/\/i0.wp.com\/legentlecat.fr\/shop\/wp-content\/uploads\/2017\/03\/pic-gunpowder.png?fit=1500%2C1875&ssl=1","datePublished":"2017-03-20T13:23:24+00:00","dateModified":"2022-12-02T12:50:07+00:00","breadcrumb":{"@id":"https:\/\/legentlecat.fr\/shop\/index.php\/produit\/royal-gunpowder\/#breadcrumb"},"inLanguage":"fr-FR","potentialAction":[{"@type":"ReadAction","target":["https:\/\/legentlecat.fr\/shop\/index.php\/produit\/royal-gunpowder\/"]}]},{"@type":"ImageObject","inLanguage":"fr-FR","@id":"https:\/\/legentlecat.fr\/shop\/index.php\/produit\/royal-gunpowder\/#primaryimage","url":"https:\/\/i0.wp.com\/legentlecat.fr\/shop\/wp-content\/uploads\/2017\/03\/pic-gunpowder.png?fit=1500%2C1875&ssl=1","contentUrl":"https:\/\/i0.wp.com\/legentlecat.fr\/shop\/wp-content\/uploads\/2017\/03\/pic-gunpowder.png?fit=1500%2C1875&ssl=1","width":1500,"height":1875},{"@type":"BreadcrumbList","@id":"https:\/\/legentlecat.fr\/shop\/index.php\/produit\/royal-gunpowder\/#breadcrumb","itemListElement":[{"@type":"ListItem","position":1,"name":"Accueil","item":"https:\/\/legentlecat.fr\/shop\/"},{"@type":"ListItem","position":2,"name":"Shop","item":"https:\/\/legentlecat.fr\/shop\/index.php\/shop\/"},{"@type":"ListItem","position":3,"name":"Royal Gunpowder"}]},{"@type":"WebSite","@id":"https:\/\/legentlecat.fr\/shop\/#website","url":"https:\/\/legentlecat.fr\/shop\/","name":"Le GentleCat - Teashop","description":"La boutique de th\u00e9 en ligne","potentialAction":[{"@type":"SearchAction","target":{"@type":"EntryPoint","urlTemplate":"https:\/\/legentlecat.fr\/shop\/?s={search_term_string}"},"query-input":{"@type":"PropertyValueSpecification","valueRequired":true,"valueName":"search_term_string"}}],"inLanguage":"fr-FR"}]}},"jetpack_publicize_connections":[],"jetpack_sharing_enabled":true,"jetpack-related-posts":[{"id":394,"url":"https:\/\/legentlecat.fr\/shop\/index.php\/produit\/saveur-dagadir-bio\/","url_meta":{"origin":1594,"position":0},"title":"Saveur d&rsquo;Agadir BIO","author":"Jimmy RIOT","date":"13 mars 2017","format":false,"excerpt":"Sac herm\u00e9tique de 100 g\u00a0-\u00a0Ce m\u00e9lange de gunpowder et de menthe poivr\u00e9e est une recette typique du Maroc et des pays du Maghreb. On y estime que servir ce th\u00e9 d\u00e9salt\u00e9rant est une r\u00e8gle de savoir-vivre qu'un h\u00f4te raffin\u00e9 se doit de respecter. Traditionnellement ce th\u00e9 est servi tr\u00e8s sucr\u00e9,\u2026","rel":"","context":"Article similaire","block_context":{"text":"Article similaire","link":""},"img":{"alt_text":"","src":"https:\/\/i0.wp.com\/legentlecat.fr\/shop\/wp-content\/uploads\/2017\/03\/agadir.png?fit=960%2C1200&ssl=1&resize=350%2C200","width":350,"height":200,"srcset":"https:\/\/i0.wp.com\/legentlecat.fr\/shop\/wp-content\/uploads\/2017\/03\/agadir.png?fit=960%2C1200&ssl=1&resize=350%2C200 1x, https:\/\/i0.wp.com\/legentlecat.fr\/shop\/wp-content\/uploads\/2017\/03\/agadir.png?fit=960%2C1200&ssl=1&resize=525%2C300 1.5x, https:\/\/i0.wp.com\/legentlecat.fr\/shop\/wp-content\/uploads\/2017\/03\/agadir.png?fit=960%2C1200&ssl=1&resize=700%2C400 2x"},"classes":[]},{"id":1804,"url":"https:\/\/legentlecat.fr\/shop\/index.php\/produit\/orange-demoniaque\/","url_meta":{"origin":1594,"position":1},"title":"Orange D\u00e9moniaque","author":"Jimmy RIOT","date":"20 mars 2017","format":false,"excerpt":"Sac herm\u00e9tique de 100 g\u00a0-\u00a0Cette recette de th\u00e9s est une v\u00e9ritable petite p\u00e9pite \u00e0 la crois\u00e9e des chemins : un grand cru tant fruit\u00e9 qu'\u00e9pic\u00e9. Le th\u00e9 blanc y est rehauss\u00e9 par un m\u00e9lange de th\u00e9s verts subtilement dos\u00e9 pour ravir les papilles les plus fines et les amateurs les\u2026","rel":"","context":"Article similaire","block_context":{"text":"Article similaire","link":""},"img":{"alt_text":"","src":"https:\/\/i0.wp.com\/legentlecat.fr\/shop\/wp-content\/uploads\/2017\/03\/Pic-orange-demoniaque.png?fit=960%2C1200&ssl=1&resize=350%2C200","width":350,"height":200,"srcset":"https:\/\/i0.wp.com\/legentlecat.fr\/shop\/wp-content\/uploads\/2017\/03\/Pic-orange-demoniaque.png?fit=960%2C1200&ssl=1&resize=350%2C200 1x, https:\/\/i0.wp.com\/legentlecat.fr\/shop\/wp-content\/uploads\/2017\/03\/Pic-orange-demoniaque.png?fit=960%2C1200&ssl=1&resize=525%2C300 1.5x, https:\/\/i0.wp.com\/legentlecat.fr\/shop\/wp-content\/uploads\/2017\/03\/Pic-orange-demoniaque.png?fit=960%2C1200&ssl=1&resize=700%2C400 2x"},"classes":[]},{"id":499,"url":"https:\/\/legentlecat.fr\/shop\/index.php\/produit\/paradis-menthole-bio\/","url_meta":{"origin":1594,"position":2},"title":"Paradis Menthol\u00e9 BIO","author":"Jimmy RIOT","date":"13 mars 2017","format":false,"excerpt":"Sac herm\u00e9tique de 100 g\u00a0-\u00a0Avec sa l\u00e9g\u00e8re odeur de chlorophylle, ce th\u00e9 vert vous offre une tasse d'une infinie fra\u00eecheur. Il est id\u00e9al pour une pause revigorante. En raison des effets de la menthe, nous vous d\u00e9conseillons de consommer ce th\u00e9 avant d'aller vous coucher. Ce th\u00e9 constitue une tr\u00e8s\u2026","rel":"","context":"Article similaire","block_context":{"text":"Article similaire","link":""},"img":{"alt_text":"","src":"https:\/\/i0.wp.com\/legentlecat.fr\/shop\/wp-content\/uploads\/2017\/03\/paradis-menthole.png?fit=960%2C1200&ssl=1&resize=350%2C200","width":350,"height":200,"srcset":"https:\/\/i0.wp.com\/legentlecat.fr\/shop\/wp-content\/uploads\/2017\/03\/paradis-menthole.png?fit=960%2C1200&ssl=1&resize=350%2C200 1x, https:\/\/i0.wp.com\/legentlecat.fr\/shop\/wp-content\/uploads\/2017\/03\/paradis-menthole.png?fit=960%2C1200&ssl=1&resize=525%2C300 1.5x, https:\/\/i0.wp.com\/legentlecat.fr\/shop\/wp-content\/uploads\/2017\/03\/paradis-menthole.png?fit=960%2C1200&ssl=1&resize=700%2C400 2x"},"classes":[]},{"id":858,"url":"https:\/\/legentlecat.fr\/shop\/index.php\/produit\/reglisse-delice-bio\/","url_meta":{"origin":1594,"position":3},"title":"R\u00e9glisse D\u00e9lice BIO","author":"Jimmy RIOT","date":"19 mars 2017","format":false,"excerpt":"Sac herm\u00e9tique de 100 g\u00a0-\u00a0Ce th\u00e9 vert offre une tasse claire aux ar\u00f4mes de r\u00e9glisse et de menthe verte. Les deux saveurs s'y \u00e9pousent sans que l'une ne prenne le pas sur l'autre. La liqueur douce-amer de cette recette simple et efficace est d'une grande fra\u00eecheur. Ce th\u00e9 peut s'infuser\u2026","rel":"","context":"Article similaire","block_context":{"text":"Article similaire","link":""},"img":{"alt_text":"","src":"https:\/\/i0.wp.com\/legentlecat.fr\/shop\/wp-content\/uploads\/2017\/03\/reglisse-delice.png?fit=960%2C1200&ssl=1&resize=350%2C200","width":350,"height":200,"srcset":"https:\/\/i0.wp.com\/legentlecat.fr\/shop\/wp-content\/uploads\/2017\/03\/reglisse-delice.png?fit=960%2C1200&ssl=1&resize=350%2C200 1x, https:\/\/i0.wp.com\/legentlecat.fr\/shop\/wp-content\/uploads\/2017\/03\/reglisse-delice.png?fit=960%2C1200&ssl=1&resize=525%2C300 1.5x, https:\/\/i0.wp.com\/legentlecat.fr\/shop\/wp-content\/uploads\/2017\/03\/reglisse-delice.png?fit=960%2C1200&ssl=1&resize=700%2C400 2x"},"classes":[]},{"id":415,"url":"https:\/\/legentlecat.fr\/shop\/index.php\/produit\/ice-tea-peche\/","url_meta":{"origin":1594,"position":4},"title":"Ice tea P\u00eache","author":"Jimmy RIOT","date":"13 mars 2017","format":false,"excerpt":"Sac herm\u00e9tique de 100 g\u00a0-\u00a0Le th\u00e9 Ice Tea saveur P\u00eache est un th\u00e9 vert id\u00e9al pour les pr\u00e9parations de th\u00e9s glac\u00e9s. Pour se faire, il suffit de faire infuser le th\u00e9 dans une eau \u00e0 temp\u00e9rature ambiante pendant 5 heures puis de retirer le sachet de th\u00e9 pour y ajouter\u2026","rel":"","context":"Article similaire","block_context":{"text":"Article similaire","link":""},"img":{"alt_text":"","src":"https:\/\/i0.wp.com\/legentlecat.fr\/shop\/wp-content\/uploads\/2017\/03\/icetea-peche.png?fit=960%2C1200&ssl=1&resize=350%2C200","width":350,"height":200,"srcset":"https:\/\/i0.wp.com\/legentlecat.fr\/shop\/wp-content\/uploads\/2017\/03\/icetea-peche.png?fit=960%2C1200&ssl=1&resize=350%2C200 1x, https:\/\/i0.wp.com\/legentlecat.fr\/shop\/wp-content\/uploads\/2017\/03\/icetea-peche.png?fit=960%2C1200&ssl=1&resize=525%2C300 1.5x, https:\/\/i0.wp.com\/legentlecat.fr\/shop\/wp-content\/uploads\/2017\/03\/icetea-peche.png?fit=960%2C1200&ssl=1&resize=700%2C400 2x"},"classes":[]},{"id":942,"url":"https:\/\/legentlecat.fr\/shop\/index.php\/produit\/tout-beau-tout-fort-bio\/","url_meta":{"origin":1594,"position":5},"title":"Tout beau tout fort BIO","author":"Jimmy RIOT","date":"19 mars 2017","format":false,"excerpt":"Sac herm\u00e9tique de 100 g\u00a0-\u00a0La tisane\u00a0de l\u00e9gume : elle offre une infusion plus originale que du th\u00e9 ou des fruits... Pour un cadeau ou pour d\u00e9couvrir de nouvelles saveurs, c'est un tr\u00e8s bon achat. Vous pouvez d\u00e9guster cette tisane au d\u00e9but ou \u00e0 la fin du repas, ou la consommer\u2026","rel":"","context":"Article similaire","block_context":{"text":"Article similaire","link":""},"img":{"alt_text":"","src":"https:\/\/i0.wp.com\/legentlecat.fr\/shop\/wp-content\/uploads\/2017\/03\/epinard.png?fit=960%2C1200&ssl=1&resize=350%2C200","width":350,"height":200,"srcset":"https:\/\/i0.wp.com\/legentlecat.fr\/shop\/wp-content\/uploads\/2017\/03\/epinard.png?fit=960%2C1200&ssl=1&resize=350%2C200 1x, https:\/\/i0.wp.com\/legentlecat.fr\/shop\/wp-content\/uploads\/2017\/03\/epinard.png?fit=960%2C1200&ssl=1&resize=525%2C300 1.5x, https:\/\/i0.wp.com\/legentlecat.fr\/shop\/wp-content\/uploads\/2017\/03\/epinard.png?fit=960%2C1200&ssl=1&resize=700%2C400 2x"},"classes":[]}],"_links":{"self":[{"href":"https:\/\/legentlecat.fr\/shop\/index.php\/wp-json\/wp\/v2\/product\/1594","targetHints":{"allow":["GET"]}}],"collection":[{"href":"https:\/\/legentlecat.fr\/shop\/index.php\/wp-json\/wp\/v2\/product"}],"about":[{"href":"https:\/\/legentlecat.fr\/shop\/index.php\/wp-json\/wp\/v2\/types\/product"}],"wp:featuredmedia":[{"embeddable":true,"href":"https:\/\/legentlecat.fr\/shop\/index.php\/wp-json\/wp\/v2\/media\/2238"}],"wp:attachment":[{"href":"https:\/\/legentlecat.fr\/shop\/index.php\/wp-json\/wp\/v2\/media?parent=1594"}],"wp:term":[{"taxonomy":"product_brand","embeddable":true,"href":"https:\/\/legentlecat.fr\/shop\/index.php\/wp-json\/wp\/v2\/product_brand?post=1594"},{"taxonomy":"product_cat","embeddable":true,"href":"https:\/\/legentlecat.fr\/shop\/index.php\/wp-json\/wp\/v2\/product_cat?post=1594"},{"taxonomy":"product_tag","embeddable":true,"href":"https:\/\/legentlecat.fr\/shop\/index.php\/wp-json\/wp\/v2\/product_tag?post=1594"}],"curies":[{"name":"wp","href":"https:\/\/api.w.org\/{rel}","templated":true}]}}