{"id":1573,"date":"2017-03-20T14:14:47","date_gmt":"2017-03-20T13:14:47","guid":{"rendered":"http:\/\/legentlecat.fr\/comptoir-a-thes\/produit\/sencha-origine-bio\/"},"modified":"2022-12-02T13:41:04","modified_gmt":"2022-12-02T12:41:04","slug":"sencha-origine-bio","status":"publish","type":"product","link":"https:\/\/legentlecat.fr\/shop\/index.php\/produit\/sencha-origine-bio\/","title":{"rendered":"Sencha origine BIO"},"content":{"rendered":"","protected":false},"excerpt":{"rendered":"<p style=\"text-align: justify;\"><img loading=\"lazy\" decoding=\"async\" class=\"size-full wp-image-2237 aligncenter\" src=\"http:\/\/legentlecat.fr\/shop\/wp-content\/uploads\/2017\/03\/gunpowder.jpg\" alt=\"\" width=\"250\" height=\"77\" \/><\/p>\n<p style=\"text-align: justify;\"><strong>Sac herm\u00e9tique de 100 g<\/strong>\u00a0&#8211;\u00a0Ce th\u00e9 vert est manufactur\u00e9 en Chine, bien que le sencha soit \u00e0 la base un th\u00e9 vert japonais ; son nom signifie d&rsquo;ailleurs \u00ab\u00a0th\u00e9 en b\u00e2tonnet\u00a0\u00bb, caract\u00e9ristique qui le rend parfaitement identifiable.\u00a0De tous les th\u00e9s verts origines, c&rsquo;est l&rsquo;un de ceux qui contient le plus d&rsquo;antioxydants. Son go\u00fbt tr\u00e8s prononc\u00e9 en font \u00e0 la fois une parfaite base pour les recettes \u00e0 base de th\u00e9 vert mais aussi un breuvage tr\u00e8s typique bu en th\u00e9 pur.<\/p>\n<p style=\"text-align: justify;\"><strong>Origine :<\/strong> Chine<\/p>\n<p style=\"text-align: justify;\"><strong>Composition :<\/strong>\u00a0th\u00e9 vert\u00a0sencha BIO<\/p>\n","protected":false},"featured_media":2243,"template":"","meta":{"jetpack_publicize_message":"","jetpack_publicize_feature_enabled":true,"jetpack_social_post_already_shared":false,"jetpack_social_options":{"image_generator_settings":{"template":"highway","default_image_id":0,"font":"","enabled":false},"version":2}},"product_brand":[],"product_cat":[84,50],"product_tag":[114,119,98],"class_list":{"0":"post-1573","1":"product","2":"type-product","3":"status-publish","4":"has-post-thumbnail","6":"product_cat-bio","7":"product_cat-the-vert","8":"product_tag-the-bio","9":"product_tag-the-origine","10":"product_tag-the-vert","12":"first","13":"instock","14":"taxable","15":"shipping-taxable","16":"purchasable","17":"product-type-simple"},"yoast_head":"<!-- This site is optimized with the Yoast SEO plugin v27.5 - https:\/\/yoast.com\/product\/yoast-seo-wordpress\/ -->\n<title>Sencha origine BIO - Le GentleCat - Teashop<\/title>\n<meta name=\"robots\" content=\"index, follow, max-snippet:-1, max-image-preview:large, max-video-preview:-1\" \/>\n<link rel=\"canonical\" href=\"https:\/\/legentlecat.fr\/shop\/index.php\/produit\/sencha-origine-bio\/\" \/>\n<meta property=\"og:locale\" content=\"fr_FR\" \/>\n<meta property=\"og:type\" content=\"article\" \/>\n<meta property=\"og:title\" content=\"Sencha origine BIO - Le GentleCat - Teashop\" \/>\n<meta property=\"og:description\" content=\"Sac herm\u00e9tique de 100 g\u00a0-\u00a0Ce th\u00e9 vert est manufactur\u00e9 en Chine, bien que le sencha soit \u00e0 la base un th\u00e9 vert japonais ; son nom signifie d&#039;ailleurs &quot;th\u00e9 en b\u00e2tonnet&quot;, caract\u00e9ristique qui le rend parfaitement identifiable.\u00a0De tous les th\u00e9s verts origines, c&#039;est l&#039;un de ceux qui contient le plus d&#039;antioxydants. Son go\u00fbt tr\u00e8s prononc\u00e9 en font \u00e0 la fois une parfaite base pour les recettes \u00e0 base de th\u00e9 vert mais aussi un breuvage tr\u00e8s typique bu en th\u00e9 pur. Origine : Chine Composition :\u00a0th\u00e9 vert\u00a0sencha BIO\" \/>\n<meta property=\"og:url\" content=\"https:\/\/legentlecat.fr\/shop\/index.php\/produit\/sencha-origine-bio\/\" \/>\n<meta property=\"og:site_name\" content=\"Le GentleCat - Teashop\" \/>\n<meta property=\"article:modified_time\" content=\"2022-12-02T12:41:04+00:00\" \/>\n<meta property=\"og:image\" content=\"https:\/\/legentlecat.fr\/shop\/wp-content\/uploads\/2017\/03\/pic-sencha-819x1024.png\" \/>\n\t<meta property=\"og:image:width\" content=\"819\" \/>\n\t<meta property=\"og:image:height\" content=\"1024\" \/>\n\t<meta property=\"og:image:type\" content=\"image\/png\" \/>\n<meta name=\"twitter:card\" content=\"summary_large_image\" \/>\n<script type=\"application\/ld+json\" class=\"yoast-schema-graph\">{\"@context\":\"https:\\\/\\\/schema.org\",\"@graph\":[{\"@type\":\"WebPage\",\"@id\":\"https:\\\/\\\/legentlecat.fr\\\/shop\\\/index.php\\\/produit\\\/sencha-origine-bio\\\/\",\"url\":\"https:\\\/\\\/legentlecat.fr\\\/shop\\\/index.php\\\/produit\\\/sencha-origine-bio\\\/\",\"name\":\"Sencha origine BIO - Le GentleCat - Teashop\",\"isPartOf\":{\"@id\":\"https:\\\/\\\/legentlecat.fr\\\/shop\\\/#website\"},\"primaryImageOfPage\":{\"@id\":\"https:\\\/\\\/legentlecat.fr\\\/shop\\\/index.php\\\/produit\\\/sencha-origine-bio\\\/#primaryimage\"},\"image\":{\"@id\":\"https:\\\/\\\/legentlecat.fr\\\/shop\\\/index.php\\\/produit\\\/sencha-origine-bio\\\/#primaryimage\"},\"thumbnailUrl\":\"https:\\\/\\\/i0.wp.com\\\/legentlecat.fr\\\/shop\\\/wp-content\\\/uploads\\\/2017\\\/03\\\/pic-sencha.png?fit=1500%2C1875&ssl=1\",\"datePublished\":\"2017-03-20T13:14:47+00:00\",\"dateModified\":\"2022-12-02T12:41:04+00:00\",\"breadcrumb\":{\"@id\":\"https:\\\/\\\/legentlecat.fr\\\/shop\\\/index.php\\\/produit\\\/sencha-origine-bio\\\/#breadcrumb\"},\"inLanguage\":\"fr-FR\",\"potentialAction\":[{\"@type\":\"ReadAction\",\"target\":[\"https:\\\/\\\/legentlecat.fr\\\/shop\\\/index.php\\\/produit\\\/sencha-origine-bio\\\/\"]}]},{\"@type\":\"ImageObject\",\"inLanguage\":\"fr-FR\",\"@id\":\"https:\\\/\\\/legentlecat.fr\\\/shop\\\/index.php\\\/produit\\\/sencha-origine-bio\\\/#primaryimage\",\"url\":\"https:\\\/\\\/i0.wp.com\\\/legentlecat.fr\\\/shop\\\/wp-content\\\/uploads\\\/2017\\\/03\\\/pic-sencha.png?fit=1500%2C1875&ssl=1\",\"contentUrl\":\"https:\\\/\\\/i0.wp.com\\\/legentlecat.fr\\\/shop\\\/wp-content\\\/uploads\\\/2017\\\/03\\\/pic-sencha.png?fit=1500%2C1875&ssl=1\",\"width\":1500,\"height\":1875},{\"@type\":\"BreadcrumbList\",\"@id\":\"https:\\\/\\\/legentlecat.fr\\\/shop\\\/index.php\\\/produit\\\/sencha-origine-bio\\\/#breadcrumb\",\"itemListElement\":[{\"@type\":\"ListItem\",\"position\":1,\"name\":\"Accueil\",\"item\":\"https:\\\/\\\/legentlecat.fr\\\/shop\\\/\"},{\"@type\":\"ListItem\",\"position\":2,\"name\":\"Shop\",\"item\":\"https:\\\/\\\/legentlecat.fr\\\/shop\\\/index.php\\\/shop\\\/\"},{\"@type\":\"ListItem\",\"position\":3,\"name\":\"Sencha origine BIO\"}]},{\"@type\":\"WebSite\",\"@id\":\"https:\\\/\\\/legentlecat.fr\\\/shop\\\/#website\",\"url\":\"https:\\\/\\\/legentlecat.fr\\\/shop\\\/\",\"name\":\"Le GentleCat - Teashop\",\"description\":\"La boutique de th\u00e9 en ligne\",\"potentialAction\":[{\"@type\":\"SearchAction\",\"target\":{\"@type\":\"EntryPoint\",\"urlTemplate\":\"https:\\\/\\\/legentlecat.fr\\\/shop\\\/?s={search_term_string}\"},\"query-input\":{\"@type\":\"PropertyValueSpecification\",\"valueRequired\":true,\"valueName\":\"search_term_string\"}}],\"inLanguage\":\"fr-FR\"}]}<\/script>\n<!-- \/ Yoast SEO plugin. -->","yoast_head_json":{"title":"Sencha origine BIO - Le GentleCat - Teashop","robots":{"index":"index","follow":"follow","max-snippet":"max-snippet:-1","max-image-preview":"max-image-preview:large","max-video-preview":"max-video-preview:-1"},"canonical":"https:\/\/legentlecat.fr\/shop\/index.php\/produit\/sencha-origine-bio\/","og_locale":"fr_FR","og_type":"article","og_title":"Sencha origine BIO - Le GentleCat - Teashop","og_description":"Sac herm\u00e9tique de 100 g\u00a0-\u00a0Ce th\u00e9 vert est manufactur\u00e9 en Chine, bien que le sencha soit \u00e0 la base un th\u00e9 vert japonais ; son nom signifie d'ailleurs \"th\u00e9 en b\u00e2tonnet\", caract\u00e9ristique qui le rend parfaitement identifiable.\u00a0De tous les th\u00e9s verts origines, c'est l'un de ceux qui contient le plus d'antioxydants. Son go\u00fbt tr\u00e8s prononc\u00e9 en font \u00e0 la fois une parfaite base pour les recettes \u00e0 base de th\u00e9 vert mais aussi un breuvage tr\u00e8s typique bu en th\u00e9 pur. Origine : Chine Composition :\u00a0th\u00e9 vert\u00a0sencha BIO","og_url":"https:\/\/legentlecat.fr\/shop\/index.php\/produit\/sencha-origine-bio\/","og_site_name":"Le GentleCat - Teashop","article_modified_time":"2022-12-02T12:41:04+00:00","og_image":[{"width":819,"height":1024,"url":"https:\/\/legentlecat.fr\/shop\/wp-content\/uploads\/2017\/03\/pic-sencha-819x1024.png","type":"image\/png"}],"twitter_card":"summary_large_image","schema":{"@context":"https:\/\/schema.org","@graph":[{"@type":"WebPage","@id":"https:\/\/legentlecat.fr\/shop\/index.php\/produit\/sencha-origine-bio\/","url":"https:\/\/legentlecat.fr\/shop\/index.php\/produit\/sencha-origine-bio\/","name":"Sencha origine BIO - Le GentleCat - Teashop","isPartOf":{"@id":"https:\/\/legentlecat.fr\/shop\/#website"},"primaryImageOfPage":{"@id":"https:\/\/legentlecat.fr\/shop\/index.php\/produit\/sencha-origine-bio\/#primaryimage"},"image":{"@id":"https:\/\/legentlecat.fr\/shop\/index.php\/produit\/sencha-origine-bio\/#primaryimage"},"thumbnailUrl":"https:\/\/i0.wp.com\/legentlecat.fr\/shop\/wp-content\/uploads\/2017\/03\/pic-sencha.png?fit=1500%2C1875&ssl=1","datePublished":"2017-03-20T13:14:47+00:00","dateModified":"2022-12-02T12:41:04+00:00","breadcrumb":{"@id":"https:\/\/legentlecat.fr\/shop\/index.php\/produit\/sencha-origine-bio\/#breadcrumb"},"inLanguage":"fr-FR","potentialAction":[{"@type":"ReadAction","target":["https:\/\/legentlecat.fr\/shop\/index.php\/produit\/sencha-origine-bio\/"]}]},{"@type":"ImageObject","inLanguage":"fr-FR","@id":"https:\/\/legentlecat.fr\/shop\/index.php\/produit\/sencha-origine-bio\/#primaryimage","url":"https:\/\/i0.wp.com\/legentlecat.fr\/shop\/wp-content\/uploads\/2017\/03\/pic-sencha.png?fit=1500%2C1875&ssl=1","contentUrl":"https:\/\/i0.wp.com\/legentlecat.fr\/shop\/wp-content\/uploads\/2017\/03\/pic-sencha.png?fit=1500%2C1875&ssl=1","width":1500,"height":1875},{"@type":"BreadcrumbList","@id":"https:\/\/legentlecat.fr\/shop\/index.php\/produit\/sencha-origine-bio\/#breadcrumb","itemListElement":[{"@type":"ListItem","position":1,"name":"Accueil","item":"https:\/\/legentlecat.fr\/shop\/"},{"@type":"ListItem","position":2,"name":"Shop","item":"https:\/\/legentlecat.fr\/shop\/index.php\/shop\/"},{"@type":"ListItem","position":3,"name":"Sencha origine BIO"}]},{"@type":"WebSite","@id":"https:\/\/legentlecat.fr\/shop\/#website","url":"https:\/\/legentlecat.fr\/shop\/","name":"Le GentleCat - Teashop","description":"La boutique de th\u00e9 en ligne","potentialAction":[{"@type":"SearchAction","target":{"@type":"EntryPoint","urlTemplate":"https:\/\/legentlecat.fr\/shop\/?s={search_term_string}"},"query-input":{"@type":"PropertyValueSpecification","valueRequired":true,"valueName":"search_term_string"}}],"inLanguage":"fr-FR"}]}},"jetpack_publicize_connections":[],"jetpack_sharing_enabled":true,"jetpack-related-posts":[{"id":1615,"url":"https:\/\/legentlecat.fr\/shop\/index.php\/produit\/green-earl-grey\/","url_meta":{"origin":1573,"position":0},"title":"Green Earl Grey","author":"Jimmy RIOT","date":"20 mars 2017","format":false,"excerpt":"Sac herm\u00e9tique de 100 g\u00a0-\u00a0La saveur Earl Grey, trop souvent associ\u00e9e uniquement au th\u00e9 noir, se marie tout aussi bien aux autres bases de th\u00e9. Nous vous en proposons ici une d\u00e9clinaison \u00e0 base de th\u00e9 vert, sur un sencha de chine.\u00a0A tout moment de la journ\u00e9e, vous profitez ainsi\u00a0de\u2026","rel":"","context":"Article similaire","block_context":{"text":"Article similaire","link":""},"img":{"alt_text":"","src":"https:\/\/i0.wp.com\/legentlecat.fr\/shop\/wp-content\/uploads\/2017\/03\/pic-green-earl-grey.png?fit=960%2C1200&ssl=1&resize=350%2C200","width":350,"height":200,"srcset":"https:\/\/i0.wp.com\/legentlecat.fr\/shop\/wp-content\/uploads\/2017\/03\/pic-green-earl-grey.png?fit=960%2C1200&ssl=1&resize=350%2C200 1x, https:\/\/i0.wp.com\/legentlecat.fr\/shop\/wp-content\/uploads\/2017\/03\/pic-green-earl-grey.png?fit=960%2C1200&ssl=1&resize=525%2C300 1.5x, https:\/\/i0.wp.com\/legentlecat.fr\/shop\/wp-content\/uploads\/2017\/03\/pic-green-earl-grey.png?fit=960%2C1200&ssl=1&resize=700%2C400 2x"},"classes":[]},{"id":499,"url":"https:\/\/legentlecat.fr\/shop\/index.php\/produit\/paradis-menthole-bio\/","url_meta":{"origin":1573,"position":1},"title":"Paradis Menthol\u00e9 BIO","author":"Jimmy RIOT","date":"13 mars 2017","format":false,"excerpt":"Sac herm\u00e9tique de 100 g\u00a0-\u00a0Avec sa l\u00e9g\u00e8re odeur de chlorophylle, ce th\u00e9 vert vous offre une tasse d'une infinie fra\u00eecheur. Il est id\u00e9al pour une pause revigorante. En raison des effets de la menthe, nous vous d\u00e9conseillons de consommer ce th\u00e9 avant d'aller vous coucher. Ce th\u00e9 constitue une tr\u00e8s\u2026","rel":"","context":"Article similaire","block_context":{"text":"Article similaire","link":""},"img":{"alt_text":"","src":"https:\/\/i0.wp.com\/legentlecat.fr\/shop\/wp-content\/uploads\/2017\/03\/paradis-menthole.png?fit=960%2C1200&ssl=1&resize=350%2C200","width":350,"height":200,"srcset":"https:\/\/i0.wp.com\/legentlecat.fr\/shop\/wp-content\/uploads\/2017\/03\/paradis-menthole.png?fit=960%2C1200&ssl=1&resize=350%2C200 1x, https:\/\/i0.wp.com\/legentlecat.fr\/shop\/wp-content\/uploads\/2017\/03\/paradis-menthole.png?fit=960%2C1200&ssl=1&resize=525%2C300 1.5x, https:\/\/i0.wp.com\/legentlecat.fr\/shop\/wp-content\/uploads\/2017\/03\/paradis-menthole.png?fit=960%2C1200&ssl=1&resize=700%2C400 2x"},"classes":[]},{"id":1216,"url":"https:\/\/legentlecat.fr\/shop\/index.php\/produit\/chai-opaline-bio\/","url_meta":{"origin":1573,"position":2},"title":"Cha\u00ef Opaline BIO","author":"Jimmy RIOT","date":"19 mars 2017","format":false,"excerpt":"Sac herm\u00e9tique de 100 g\u00a0-\u00a0Le Cha\u00ef est un th\u00e9 traditionnel indien \u00e0 base de th\u00e9 et de masala, un m\u00e9lange d'\u00e9pices. Dans sa forme premi\u00e8re, c'est une recette \u00e0 base de th\u00e9 noir. Nous vous en proposons ici une version verte, moins concentr\u00e9e en th\u00e9ine, avec un go\u00fbt de th\u00e9\u2026","rel":"","context":"Article similaire","block_context":{"text":"Article similaire","link":""},"img":{"alt_text":"","src":"https:\/\/i0.wp.com\/legentlecat.fr\/shop\/wp-content\/uploads\/2017\/03\/opaline.png?fit=960%2C1200&ssl=1&resize=350%2C200","width":350,"height":200,"srcset":"https:\/\/i0.wp.com\/legentlecat.fr\/shop\/wp-content\/uploads\/2017\/03\/opaline.png?fit=960%2C1200&ssl=1&resize=350%2C200 1x, https:\/\/i0.wp.com\/legentlecat.fr\/shop\/wp-content\/uploads\/2017\/03\/opaline.png?fit=960%2C1200&ssl=1&resize=525%2C300 1.5x, https:\/\/i0.wp.com\/legentlecat.fr\/shop\/wp-content\/uploads\/2017\/03\/opaline.png?fit=960%2C1200&ssl=1&resize=700%2C400 2x"},"classes":[]},{"id":647,"url":"https:\/\/legentlecat.fr\/shop\/index.php\/produit\/rayon-de-soleil\/","url_meta":{"origin":1573,"position":3},"title":"Rayon de soleil","author":"Jimmy RIOT","date":"13 mars 2017","format":false,"excerpt":"Sac herm\u00e9tique de 100 g\u00a0-\u00a0Cette recette \u00e0 base de th\u00e9 pu ehr est une invitation au voyage. Pour laisser s'\u00e9panouir les saveurs de papaye et de banane, ce th\u00e9 est coup\u00e9 d'un brin de sencha. C'est un th\u00e9 id\u00e9al pour dig\u00e9rer : d\u00e9toxifiant et riche en anti-oxydants. Saveur : fruit\u00e9e\u2026","rel":"","context":"Article similaire","block_context":{"text":"Article similaire","link":""},"img":{"alt_text":"","src":"https:\/\/i0.wp.com\/legentlecat.fr\/shop\/wp-content\/uploads\/2017\/03\/rayon.png?fit=960%2C1200&ssl=1&resize=350%2C200","width":350,"height":200,"srcset":"https:\/\/i0.wp.com\/legentlecat.fr\/shop\/wp-content\/uploads\/2017\/03\/rayon.png?fit=960%2C1200&ssl=1&resize=350%2C200 1x, https:\/\/i0.wp.com\/legentlecat.fr\/shop\/wp-content\/uploads\/2017\/03\/rayon.png?fit=960%2C1200&ssl=1&resize=525%2C300 1.5x, https:\/\/i0.wp.com\/legentlecat.fr\/shop\/wp-content\/uploads\/2017\/03\/rayon.png?fit=960%2C1200&ssl=1&resize=700%2C400 2x"},"classes":[]},{"id":1531,"url":"https:\/\/legentlecat.fr\/shop\/index.php\/produit\/verveine-acidulee-bio\/","url_meta":{"origin":1573,"position":4},"title":"Verveine Acidul\u00e9e BIO","author":"Jimmy RIOT","date":"20 mars 2017","format":false,"excerpt":"Sac herm\u00e9tique de 100 g\u00a0-\u00a0Ce m\u00e9lange bio de th\u00e9s verts et de th\u00e9s blancs r\u00e9v\u00e8le toutes les saveurs de la verveine en y conjuguant des notes acidul\u00e9es d'agrumes. C'est un th\u00e9 vert fin et d\u00e9licat qui saura ravir les palais des amateurs les plus \u00e9clair\u00e9s. Saveur : v\u00e9g\u00e9tale, fruit\u00e9e Composition\u2026","rel":"","context":"Article similaire","block_context":{"text":"Article similaire","link":""},"img":{"alt_text":"","src":"https:\/\/i0.wp.com\/legentlecat.fr\/shop\/wp-content\/uploads\/2017\/03\/pic-verveine.png?fit=960%2C1200&ssl=1&resize=350%2C200","width":350,"height":200,"srcset":"https:\/\/i0.wp.com\/legentlecat.fr\/shop\/wp-content\/uploads\/2017\/03\/pic-verveine.png?fit=960%2C1200&ssl=1&resize=350%2C200 1x, https:\/\/i0.wp.com\/legentlecat.fr\/shop\/wp-content\/uploads\/2017\/03\/pic-verveine.png?fit=960%2C1200&ssl=1&resize=525%2C300 1.5x, https:\/\/i0.wp.com\/legentlecat.fr\/shop\/wp-content\/uploads\/2017\/03\/pic-verveine.png?fit=960%2C1200&ssl=1&resize=700%2C400 2x"},"classes":[]},{"id":984,"url":"https:\/\/legentlecat.fr\/shop\/index.php\/produit\/minceur-mbaba-bio\/","url_meta":{"origin":1573,"position":5},"title":"Minceur Mbaba BIO","author":"Jimmy RIOT","date":"19 mars 2017","format":false,"excerpt":"Sac herm\u00e9tique de 100 g\u00a0-\u00a0Le th\u00e9 minceur : La mat\u00e9 est particuli\u00e8rement consomm\u00e9 dans les pays d'Am\u00e9rique du Sud. Son infusion tr\u00e8s riche en th\u00e9ine, sa forte teneur en antioxydant, son effet coupe faim et sa capacit\u00e9 \u00e0 br\u00fbler les graisses en font une base parfaite pour les th\u00e9s \"minceur\",\u2026","rel":"","context":"Article similaire","block_context":{"text":"Article similaire","link":""},"img":{"alt_text":"","src":"https:\/\/i0.wp.com\/legentlecat.fr\/shop\/wp-content\/uploads\/2017\/03\/mbaba.png?fit=960%2C1200&ssl=1&resize=350%2C200","width":350,"height":200,"srcset":"https:\/\/i0.wp.com\/legentlecat.fr\/shop\/wp-content\/uploads\/2017\/03\/mbaba.png?fit=960%2C1200&ssl=1&resize=350%2C200 1x, https:\/\/i0.wp.com\/legentlecat.fr\/shop\/wp-content\/uploads\/2017\/03\/mbaba.png?fit=960%2C1200&ssl=1&resize=525%2C300 1.5x, https:\/\/i0.wp.com\/legentlecat.fr\/shop\/wp-content\/uploads\/2017\/03\/mbaba.png?fit=960%2C1200&ssl=1&resize=700%2C400 2x"},"classes":[]}],"_links":{"self":[{"href":"https:\/\/legentlecat.fr\/shop\/index.php\/wp-json\/wp\/v2\/product\/1573","targetHints":{"allow":["GET"]}}],"collection":[{"href":"https:\/\/legentlecat.fr\/shop\/index.php\/wp-json\/wp\/v2\/product"}],"about":[{"href":"https:\/\/legentlecat.fr\/shop\/index.php\/wp-json\/wp\/v2\/types\/product"}],"wp:featuredmedia":[{"embeddable":true,"href":"https:\/\/legentlecat.fr\/shop\/index.php\/wp-json\/wp\/v2\/media\/2243"}],"wp:attachment":[{"href":"https:\/\/legentlecat.fr\/shop\/index.php\/wp-json\/wp\/v2\/media?parent=1573"}],"wp:term":[{"taxonomy":"product_brand","embeddable":true,"href":"https:\/\/legentlecat.fr\/shop\/index.php\/wp-json\/wp\/v2\/product_brand?post=1573"},{"taxonomy":"product_cat","embeddable":true,"href":"https:\/\/legentlecat.fr\/shop\/index.php\/wp-json\/wp\/v2\/product_cat?post=1573"},{"taxonomy":"product_tag","embeddable":true,"href":"https:\/\/legentlecat.fr\/shop\/index.php\/wp-json\/wp\/v2\/product_tag?post=1573"}],"curies":[{"name":"wp","href":"https:\/\/api.w.org\/{rel}","templated":true}]}}