{"id":1552,"date":"2017-03-20T11:09:33","date_gmt":"2017-03-20T10:09:33","guid":{"rendered":"http:\/\/legentlecat.fr\/comptoir-a-thes\/produit\/souffle-de-geisha\/"},"modified":"2019-09-12T17:35:56","modified_gmt":"2019-09-12T15:35:56","slug":"souffle-de-geisha","status":"publish","type":"product","link":"https:\/\/legentlecat.fr\/shop\/index.php\/produit\/souffle-de-geisha\/","title":{"rendered":"Souffle de Geisha"},"content":{"rendered":"","protected":false},"excerpt":{"rendered":"<p style=\"text-align: justify;\"><img loading=\"lazy\" decoding=\"async\" class=\"size-full wp-image-2247 aligncenter\" src=\"http:\/\/legentlecat.fr\/shop\/wp-content\/uploads\/2017\/03\/geinmaicha.jpg\" alt=\"\" width=\"250\" height=\"77\" \/><\/p>\n<p style=\"text-align: justify;\"><strong>Sac herm\u00e9tique de 100 g<\/strong>\u00a0&#8211;\u00a0Nous vous proposons ici de d\u00e9couvrir notre Genmaicha de haute qualit\u00e9, un th\u00e9 traditionnel japonnais au riz grill\u00e9 sur une base de bencha. Sa tasse claire offre une douce liqueur o\u00f9 se m\u00e9lange harmonieusement la fra\u00eecheur du th\u00e9 vert, le petit go\u00fbt de pop-corn et les notes torr\u00e9fi\u00e9es du riz brun. Il peut tout aussi bien se d\u00e9guster chaud qu&rsquo;en infusion glac\u00e9e.<\/p>\n<p style=\"text-align: justify;\"><strong>Saveur :<\/strong> gourmande<\/p>\n<p style=\"text-align: justify;\"><strong>Composition :\u00a0<\/strong>th\u00e9 vert bencha, riz souffl\u00e9, pop-corn<\/p>\n","protected":false},"featured_media":2248,"template":"","meta":{"jetpack_post_was_ever_published":false,"jetpack_publicize_message":"","jetpack_publicize_feature_enabled":true,"jetpack_social_post_already_shared":false,"jetpack_social_options":{"image_generator_settings":{"template":"highway","default_image_id":0,"font":"","enabled":false},"version":2}},"product_brand":[],"product_cat":[83,50],"product_tag":[131,97,110,98],"class_list":{"0":"post-1552","1":"product","2":"type-product","3":"status-publish","4":"has-post-thumbnail","6":"product_cat-gourmande","7":"product_cat-the-vert","8":"product_tag-pop-corn","9":"product_tag-saveur-gourmande","10":"product_tag-the-glace","11":"product_tag-the-vert","13":"first","14":"instock","15":"taxable","16":"shipping-taxable","17":"purchasable","18":"product-type-simple"},"yoast_head":"<!-- This site is optimized with the Yoast SEO plugin v27.5 - https:\/\/yoast.com\/product\/yoast-seo-wordpress\/ -->\n<title>Souffle de Geisha - Le GentleCat - Teashop<\/title>\n<meta name=\"robots\" content=\"index, follow, max-snippet:-1, max-image-preview:large, max-video-preview:-1\" \/>\n<link rel=\"canonical\" href=\"https:\/\/legentlecat.fr\/shop\/index.php\/produit\/souffle-de-geisha\/\" \/>\n<meta property=\"og:locale\" content=\"fr_FR\" \/>\n<meta property=\"og:type\" content=\"article\" \/>\n<meta property=\"og:title\" content=\"Souffle de Geisha - Le GentleCat - Teashop\" \/>\n<meta property=\"og:description\" content=\"Sac herm\u00e9tique de 100 g\u00a0-\u00a0Nous vous proposons ici de d\u00e9couvrir notre Genmaicha de haute qualit\u00e9, un th\u00e9 traditionnel japonnais au riz grill\u00e9 sur une base de bencha. Sa tasse claire offre une douce liqueur o\u00f9 se m\u00e9lange harmonieusement la fra\u00eecheur du th\u00e9 vert, le petit go\u00fbt de pop-corn et les notes torr\u00e9fi\u00e9es du riz brun. Il peut tout aussi bien se d\u00e9guster chaud qu&#039;en infusion glac\u00e9e. Saveur : gourmande Composition :\u00a0th\u00e9 vert bencha, riz souffl\u00e9, pop-corn\" \/>\n<meta property=\"og:url\" content=\"https:\/\/legentlecat.fr\/shop\/index.php\/produit\/souffle-de-geisha\/\" \/>\n<meta property=\"og:site_name\" content=\"Le GentleCat - Teashop\" \/>\n<meta property=\"article:modified_time\" content=\"2019-09-12T15:35:56+00:00\" \/>\n<meta property=\"og:image\" content=\"https:\/\/legentlecat.fr\/shop\/wp-content\/uploads\/2017\/03\/pic-souffle-geisha-819x1024.png\" \/>\n\t<meta property=\"og:image:width\" content=\"819\" \/>\n\t<meta property=\"og:image:height\" content=\"1024\" \/>\n\t<meta property=\"og:image:type\" content=\"image\/png\" \/>\n<meta name=\"twitter:card\" content=\"summary_large_image\" \/>\n<script type=\"application\/ld+json\" class=\"yoast-schema-graph\">{\"@context\":\"https:\\\/\\\/schema.org\",\"@graph\":[{\"@type\":\"WebPage\",\"@id\":\"https:\\\/\\\/legentlecat.fr\\\/shop\\\/index.php\\\/produit\\\/souffle-de-geisha\\\/\",\"url\":\"https:\\\/\\\/legentlecat.fr\\\/shop\\\/index.php\\\/produit\\\/souffle-de-geisha\\\/\",\"name\":\"Souffle de Geisha - Le GentleCat - Teashop\",\"isPartOf\":{\"@id\":\"https:\\\/\\\/legentlecat.fr\\\/shop\\\/#website\"},\"primaryImageOfPage\":{\"@id\":\"https:\\\/\\\/legentlecat.fr\\\/shop\\\/index.php\\\/produit\\\/souffle-de-geisha\\\/#primaryimage\"},\"image\":{\"@id\":\"https:\\\/\\\/legentlecat.fr\\\/shop\\\/index.php\\\/produit\\\/souffle-de-geisha\\\/#primaryimage\"},\"thumbnailUrl\":\"https:\\\/\\\/i0.wp.com\\\/legentlecat.fr\\\/shop\\\/wp-content\\\/uploads\\\/2017\\\/03\\\/pic-souffle-geisha.png?fit=1500%2C1875&ssl=1\",\"datePublished\":\"2017-03-20T10:09:33+00:00\",\"dateModified\":\"2019-09-12T15:35:56+00:00\",\"breadcrumb\":{\"@id\":\"https:\\\/\\\/legentlecat.fr\\\/shop\\\/index.php\\\/produit\\\/souffle-de-geisha\\\/#breadcrumb\"},\"inLanguage\":\"fr-FR\",\"potentialAction\":[{\"@type\":\"ReadAction\",\"target\":[\"https:\\\/\\\/legentlecat.fr\\\/shop\\\/index.php\\\/produit\\\/souffle-de-geisha\\\/\"]}]},{\"@type\":\"ImageObject\",\"inLanguage\":\"fr-FR\",\"@id\":\"https:\\\/\\\/legentlecat.fr\\\/shop\\\/index.php\\\/produit\\\/souffle-de-geisha\\\/#primaryimage\",\"url\":\"https:\\\/\\\/i0.wp.com\\\/legentlecat.fr\\\/shop\\\/wp-content\\\/uploads\\\/2017\\\/03\\\/pic-souffle-geisha.png?fit=1500%2C1875&ssl=1\",\"contentUrl\":\"https:\\\/\\\/i0.wp.com\\\/legentlecat.fr\\\/shop\\\/wp-content\\\/uploads\\\/2017\\\/03\\\/pic-souffle-geisha.png?fit=1500%2C1875&ssl=1\",\"width\":1500,\"height\":1875},{\"@type\":\"BreadcrumbList\",\"@id\":\"https:\\\/\\\/legentlecat.fr\\\/shop\\\/index.php\\\/produit\\\/souffle-de-geisha\\\/#breadcrumb\",\"itemListElement\":[{\"@type\":\"ListItem\",\"position\":1,\"name\":\"Accueil\",\"item\":\"https:\\\/\\\/legentlecat.fr\\\/shop\\\/\"},{\"@type\":\"ListItem\",\"position\":2,\"name\":\"Shop\",\"item\":\"https:\\\/\\\/legentlecat.fr\\\/shop\\\/index.php\\\/shop\\\/\"},{\"@type\":\"ListItem\",\"position\":3,\"name\":\"Souffle de Geisha\"}]},{\"@type\":\"WebSite\",\"@id\":\"https:\\\/\\\/legentlecat.fr\\\/shop\\\/#website\",\"url\":\"https:\\\/\\\/legentlecat.fr\\\/shop\\\/\",\"name\":\"Le GentleCat - Teashop\",\"description\":\"La boutique de th\u00e9 en ligne\",\"potentialAction\":[{\"@type\":\"SearchAction\",\"target\":{\"@type\":\"EntryPoint\",\"urlTemplate\":\"https:\\\/\\\/legentlecat.fr\\\/shop\\\/?s={search_term_string}\"},\"query-input\":{\"@type\":\"PropertyValueSpecification\",\"valueRequired\":true,\"valueName\":\"search_term_string\"}}],\"inLanguage\":\"fr-FR\"}]}<\/script>\n<!-- \/ Yoast SEO plugin. -->","yoast_head_json":{"title":"Souffle de Geisha - Le GentleCat - Teashop","robots":{"index":"index","follow":"follow","max-snippet":"max-snippet:-1","max-image-preview":"max-image-preview:large","max-video-preview":"max-video-preview:-1"},"canonical":"https:\/\/legentlecat.fr\/shop\/index.php\/produit\/souffle-de-geisha\/","og_locale":"fr_FR","og_type":"article","og_title":"Souffle de Geisha - Le GentleCat - Teashop","og_description":"Sac herm\u00e9tique de 100 g\u00a0-\u00a0Nous vous proposons ici de d\u00e9couvrir notre Genmaicha de haute qualit\u00e9, un th\u00e9 traditionnel japonnais au riz grill\u00e9 sur une base de bencha. Sa tasse claire offre une douce liqueur o\u00f9 se m\u00e9lange harmonieusement la fra\u00eecheur du th\u00e9 vert, le petit go\u00fbt de pop-corn et les notes torr\u00e9fi\u00e9es du riz brun. Il peut tout aussi bien se d\u00e9guster chaud qu'en infusion glac\u00e9e. Saveur : gourmande Composition :\u00a0th\u00e9 vert bencha, riz souffl\u00e9, pop-corn","og_url":"https:\/\/legentlecat.fr\/shop\/index.php\/produit\/souffle-de-geisha\/","og_site_name":"Le GentleCat - Teashop","article_modified_time":"2019-09-12T15:35:56+00:00","og_image":[{"width":819,"height":1024,"url":"https:\/\/legentlecat.fr\/shop\/wp-content\/uploads\/2017\/03\/pic-souffle-geisha-819x1024.png","type":"image\/png"}],"twitter_card":"summary_large_image","schema":{"@context":"https:\/\/schema.org","@graph":[{"@type":"WebPage","@id":"https:\/\/legentlecat.fr\/shop\/index.php\/produit\/souffle-de-geisha\/","url":"https:\/\/legentlecat.fr\/shop\/index.php\/produit\/souffle-de-geisha\/","name":"Souffle de Geisha - Le GentleCat - Teashop","isPartOf":{"@id":"https:\/\/legentlecat.fr\/shop\/#website"},"primaryImageOfPage":{"@id":"https:\/\/legentlecat.fr\/shop\/index.php\/produit\/souffle-de-geisha\/#primaryimage"},"image":{"@id":"https:\/\/legentlecat.fr\/shop\/index.php\/produit\/souffle-de-geisha\/#primaryimage"},"thumbnailUrl":"https:\/\/i0.wp.com\/legentlecat.fr\/shop\/wp-content\/uploads\/2017\/03\/pic-souffle-geisha.png?fit=1500%2C1875&ssl=1","datePublished":"2017-03-20T10:09:33+00:00","dateModified":"2019-09-12T15:35:56+00:00","breadcrumb":{"@id":"https:\/\/legentlecat.fr\/shop\/index.php\/produit\/souffle-de-geisha\/#breadcrumb"},"inLanguage":"fr-FR","potentialAction":[{"@type":"ReadAction","target":["https:\/\/legentlecat.fr\/shop\/index.php\/produit\/souffle-de-geisha\/"]}]},{"@type":"ImageObject","inLanguage":"fr-FR","@id":"https:\/\/legentlecat.fr\/shop\/index.php\/produit\/souffle-de-geisha\/#primaryimage","url":"https:\/\/i0.wp.com\/legentlecat.fr\/shop\/wp-content\/uploads\/2017\/03\/pic-souffle-geisha.png?fit=1500%2C1875&ssl=1","contentUrl":"https:\/\/i0.wp.com\/legentlecat.fr\/shop\/wp-content\/uploads\/2017\/03\/pic-souffle-geisha.png?fit=1500%2C1875&ssl=1","width":1500,"height":1875},{"@type":"BreadcrumbList","@id":"https:\/\/legentlecat.fr\/shop\/index.php\/produit\/souffle-de-geisha\/#breadcrumb","itemListElement":[{"@type":"ListItem","position":1,"name":"Accueil","item":"https:\/\/legentlecat.fr\/shop\/"},{"@type":"ListItem","position":2,"name":"Shop","item":"https:\/\/legentlecat.fr\/shop\/index.php\/shop\/"},{"@type":"ListItem","position":3,"name":"Souffle de Geisha"}]},{"@type":"WebSite","@id":"https:\/\/legentlecat.fr\/shop\/#website","url":"https:\/\/legentlecat.fr\/shop\/","name":"Le GentleCat - Teashop","description":"La boutique de th\u00e9 en ligne","potentialAction":[{"@type":"SearchAction","target":{"@type":"EntryPoint","urlTemplate":"https:\/\/legentlecat.fr\/shop\/?s={search_term_string}"},"query-input":{"@type":"PropertyValueSpecification","valueRequired":true,"valueName":"search_term_string"}}],"inLanguage":"fr-FR"}]}},"jetpack_publicize_connections":[],"jetpack_sharing_enabled":true,"jetpack-related-posts":[{"id":1111,"url":"https:\/\/legentlecat.fr\/shop\/index.php\/produit\/nuage-damande\/","url_meta":{"origin":1552,"position":0},"title":"Nuage d&rsquo;amande","author":"Jimmy RIOT","date":"19 mars 2017","format":false,"excerpt":"Sac herm\u00e9tique de 100 g\u00a0-\u00a0Le go\u00fbt d'amande est soutenu par des pop-corns afin d'accentuer le petit c\u00f4t\u00e9 \"grill\u00e9\" de l'amande. L'infusion jaune\/verte de ce th\u00e9 est une v\u00e9ritable invitation au cin\u00e9ma : un petit go\u00fbt de pop-corn prend le pas en fin de tasse pour une d\u00e9gustation en deux temps.\u2026","rel":"","context":"Article similaire","block_context":{"text":"Article similaire","link":""},"img":{"alt_text":"","src":"https:\/\/i0.wp.com\/legentlecat.fr\/shop\/wp-content\/uploads\/2017\/03\/nuage.png?fit=960%2C1200&ssl=1&resize=350%2C200","width":350,"height":200,"srcset":"https:\/\/i0.wp.com\/legentlecat.fr\/shop\/wp-content\/uploads\/2017\/03\/nuage.png?fit=960%2C1200&ssl=1&resize=350%2C200 1x, https:\/\/i0.wp.com\/legentlecat.fr\/shop\/wp-content\/uploads\/2017\/03\/nuage.png?fit=960%2C1200&ssl=1&resize=525%2C300 1.5x, https:\/\/i0.wp.com\/legentlecat.fr\/shop\/wp-content\/uploads\/2017\/03\/nuage.png?fit=960%2C1200&ssl=1&resize=700%2C400 2x"},"classes":[]},{"id":1699,"url":"https:\/\/legentlecat.fr\/shop\/index.php\/produit\/pu-erh-mini-tuo-chat\/","url_meta":{"origin":1552,"position":1},"title":"Pu Erh Mini Tuo Cha","author":"Jimmy RIOT","date":"20 mars 2017","format":false,"excerpt":"Sac herm\u00e9tique de 100 g\u00a0-\u00a0Le Pu Erh Mini Tuo Chat est un bloc de th\u00e9 ferment\u00e9 en forme de nid d'oiseau emball\u00e9 dans une feuille de riz. Il est extr\u00eamement pratique \u00e0 transporter, \u00e0 doser et \u00e0 stocker. Sa consommation exige une premi\u00e8re infusion dite \"infusion de rin\u00e7age\", dans de\u2026","rel":"","context":"Article similaire","block_context":{"text":"Article similaire","link":""},"img":{"alt_text":"","src":"https:\/\/i0.wp.com\/legentlecat.fr\/shop\/wp-content\/uploads\/2017\/03\/Pic-pu-erh-mini-t-c.png?fit=960%2C1200&ssl=1&resize=350%2C200","width":350,"height":200,"srcset":"https:\/\/i0.wp.com\/legentlecat.fr\/shop\/wp-content\/uploads\/2017\/03\/Pic-pu-erh-mini-t-c.png?fit=960%2C1200&ssl=1&resize=350%2C200 1x, https:\/\/i0.wp.com\/legentlecat.fr\/shop\/wp-content\/uploads\/2017\/03\/Pic-pu-erh-mini-t-c.png?fit=960%2C1200&ssl=1&resize=525%2C300 1.5x, https:\/\/i0.wp.com\/legentlecat.fr\/shop\/wp-content\/uploads\/2017\/03\/Pic-pu-erh-mini-t-c.png?fit=960%2C1200&ssl=1&resize=700%2C400 2x"},"classes":[]},{"id":352,"url":"https:\/\/legentlecat.fr\/shop\/index.php\/produit\/daarjeling-vert\/","url_meta":{"origin":1552,"position":2},"title":"Daarjeling Vert","author":"Jimmy RIOT","date":"13 mars 2017","format":false,"excerpt":"Sac herm\u00e9tique de 100 g\u00a0-\u00a0Le th\u00e9 du Darjeeling est plus connu sous sa forme oxyd\u00e9e de th\u00e9 noir. Cultiv\u00e9 dans la Nord de l'Inde, il est \u00e9galement tr\u00e8s appr\u00e9ciable en tant que th\u00e9 vert. Sa grande qualit\u00e9 aromatique permet une infusion multiple (2 \u00e0 3 infusions) tant que le th\u00e9\u2026","rel":"","context":"Article similaire","block_context":{"text":"Article similaire","link":""},"img":{"alt_text":"","src":"https:\/\/i0.wp.com\/legentlecat.fr\/shop\/wp-content\/uploads\/2017\/03\/pic-white-monkey2.png?fit=960%2C1200&ssl=1&resize=350%2C200","width":350,"height":200,"srcset":"https:\/\/i0.wp.com\/legentlecat.fr\/shop\/wp-content\/uploads\/2017\/03\/pic-white-monkey2.png?fit=960%2C1200&ssl=1&resize=350%2C200 1x, https:\/\/i0.wp.com\/legentlecat.fr\/shop\/wp-content\/uploads\/2017\/03\/pic-white-monkey2.png?fit=960%2C1200&ssl=1&resize=525%2C300 1.5x, https:\/\/i0.wp.com\/legentlecat.fr\/shop\/wp-content\/uploads\/2017\/03\/pic-white-monkey2.png?fit=960%2C1200&ssl=1&resize=700%2C400 2x"},"classes":[]},{"id":1573,"url":"https:\/\/legentlecat.fr\/shop\/index.php\/produit\/sencha-origine-bio\/","url_meta":{"origin":1552,"position":3},"title":"Sencha origine BIO","author":"Jimmy RIOT","date":"20 mars 2017","format":false,"excerpt":"Sac herm\u00e9tique de 100 g\u00a0-\u00a0Ce th\u00e9 vert est manufactur\u00e9 en Chine, bien que le sencha soit \u00e0 la base un th\u00e9 vert japonais ; son nom signifie d'ailleurs \"th\u00e9 en b\u00e2tonnet\", caract\u00e9ristique qui le rend parfaitement identifiable.\u00a0De tous les th\u00e9s verts origines, c'est l'un de ceux qui contient le plus\u2026","rel":"","context":"Article similaire","block_context":{"text":"Article similaire","link":""},"img":{"alt_text":"","src":"https:\/\/i0.wp.com\/legentlecat.fr\/shop\/wp-content\/uploads\/2017\/03\/pic-sencha.png?fit=960%2C1200&ssl=1&resize=350%2C200","width":350,"height":200,"srcset":"https:\/\/i0.wp.com\/legentlecat.fr\/shop\/wp-content\/uploads\/2017\/03\/pic-sencha.png?fit=960%2C1200&ssl=1&resize=350%2C200 1x, https:\/\/i0.wp.com\/legentlecat.fr\/shop\/wp-content\/uploads\/2017\/03\/pic-sencha.png?fit=960%2C1200&ssl=1&resize=525%2C300 1.5x, https:\/\/i0.wp.com\/legentlecat.fr\/shop\/wp-content\/uploads\/2017\/03\/pic-sencha.png?fit=960%2C1200&ssl=1&resize=700%2C400 2x"},"classes":[]},{"id":1510,"url":"https:\/\/legentlecat.fr\/shop\/index.php\/produit\/golden-jasmin\/","url_meta":{"origin":1552,"position":4},"title":"Golden Jasmin","author":"Jimmy RIOT","date":"20 mars 2017","format":false,"excerpt":"Sac herm\u00e9tique de 100 g\u00a0-\u00a0Le th\u00e9 vert au jasmin est un grand traditionnel du th\u00e9 chinois. Son proc\u00e9d\u00e9 de fabrication r\u00e9pond aux exigences d'un savoir faire ancestral. Le th\u00e9 vert est m\u00e9lang\u00e9 aux fleurs de jasmin fra\u00eeches qui en s'ouvrant diffusent leur envo\u00fbtant parfum avant d'\u00eatre retir\u00e9e. Cette op\u00e9ration peut\u2026","rel":"","context":"Article similaire","block_context":{"text":"Article similaire","link":""},"img":{"alt_text":"","src":"https:\/\/i0.wp.com\/legentlecat.fr\/shop\/wp-content\/uploads\/2017\/03\/pic-golden-jasmin.png?fit=960%2C1200&ssl=1&resize=350%2C200","width":350,"height":200,"srcset":"https:\/\/i0.wp.com\/legentlecat.fr\/shop\/wp-content\/uploads\/2017\/03\/pic-golden-jasmin.png?fit=960%2C1200&ssl=1&resize=350%2C200 1x, https:\/\/i0.wp.com\/legentlecat.fr\/shop\/wp-content\/uploads\/2017\/03\/pic-golden-jasmin.png?fit=960%2C1200&ssl=1&resize=525%2C300 1.5x, https:\/\/i0.wp.com\/legentlecat.fr\/shop\/wp-content\/uploads\/2017\/03\/pic-golden-jasmin.png?fit=960%2C1200&ssl=1&resize=700%2C400 2x"},"classes":[]},{"id":1615,"url":"https:\/\/legentlecat.fr\/shop\/index.php\/produit\/green-earl-grey\/","url_meta":{"origin":1552,"position":5},"title":"Green Earl Grey","author":"Jimmy RIOT","date":"20 mars 2017","format":false,"excerpt":"Sac herm\u00e9tique de 100 g\u00a0-\u00a0La saveur Earl Grey, trop souvent associ\u00e9e uniquement au th\u00e9 noir, se marie tout aussi bien aux autres bases de th\u00e9. Nous vous en proposons ici une d\u00e9clinaison \u00e0 base de th\u00e9 vert, sur un sencha de chine.\u00a0A tout moment de la journ\u00e9e, vous profitez ainsi\u00a0de\u2026","rel":"","context":"Article similaire","block_context":{"text":"Article similaire","link":""},"img":{"alt_text":"","src":"https:\/\/i0.wp.com\/legentlecat.fr\/shop\/wp-content\/uploads\/2017\/03\/pic-green-earl-grey.png?fit=960%2C1200&ssl=1&resize=350%2C200","width":350,"height":200,"srcset":"https:\/\/i0.wp.com\/legentlecat.fr\/shop\/wp-content\/uploads\/2017\/03\/pic-green-earl-grey.png?fit=960%2C1200&ssl=1&resize=350%2C200 1x, https:\/\/i0.wp.com\/legentlecat.fr\/shop\/wp-content\/uploads\/2017\/03\/pic-green-earl-grey.png?fit=960%2C1200&ssl=1&resize=525%2C300 1.5x, https:\/\/i0.wp.com\/legentlecat.fr\/shop\/wp-content\/uploads\/2017\/03\/pic-green-earl-grey.png?fit=960%2C1200&ssl=1&resize=700%2C400 2x"},"classes":[]}],"_links":{"self":[{"href":"https:\/\/legentlecat.fr\/shop\/index.php\/wp-json\/wp\/v2\/product\/1552","targetHints":{"allow":["GET"]}}],"collection":[{"href":"https:\/\/legentlecat.fr\/shop\/index.php\/wp-json\/wp\/v2\/product"}],"about":[{"href":"https:\/\/legentlecat.fr\/shop\/index.php\/wp-json\/wp\/v2\/types\/product"}],"wp:featuredmedia":[{"embeddable":true,"href":"https:\/\/legentlecat.fr\/shop\/index.php\/wp-json\/wp\/v2\/media\/2248"}],"wp:attachment":[{"href":"https:\/\/legentlecat.fr\/shop\/index.php\/wp-json\/wp\/v2\/media?parent=1552"}],"wp:term":[{"taxonomy":"product_brand","embeddable":true,"href":"https:\/\/legentlecat.fr\/shop\/index.php\/wp-json\/wp\/v2\/product_brand?post=1552"},{"taxonomy":"product_cat","embeddable":true,"href":"https:\/\/legentlecat.fr\/shop\/index.php\/wp-json\/wp\/v2\/product_cat?post=1552"},{"taxonomy":"product_tag","embeddable":true,"href":"https:\/\/legentlecat.fr\/shop\/index.php\/wp-json\/wp\/v2\/product_tag?post=1552"}],"curies":[{"name":"wp","href":"https:\/\/api.w.org\/{rel}","templated":true}]}}