{"id":1510,"date":"2017-03-20T10:55:38","date_gmt":"2017-03-20T09:55:38","guid":{"rendered":"http:\/\/legentlecat.fr\/comptoir-a-thes\/produit\/golden-jasmin\/"},"modified":"2022-12-02T13:50:32","modified_gmt":"2022-12-02T12:50:32","slug":"golden-jasmin","status":"publish","type":"product","link":"https:\/\/legentlecat.fr\/shop\/index.php\/produit\/golden-jasmin\/","title":{"rendered":"Golden Jasmin"},"content":{"rendered":"","protected":false},"excerpt":{"rendered":"<p style=\"text-align: justify;\"><img loading=\"lazy\" decoding=\"async\" class=\"size-full wp-image-2253 aligncenter\" src=\"http:\/\/legentlecat.fr\/shop\/wp-content\/uploads\/2017\/03\/verveine.jpg\" alt=\"\" width=\"250\" height=\"77\" \/><\/p>\n<p style=\"text-align: justify;\"><strong>Sac herm\u00e9tique de 100 g<\/strong>\u00a0&#8211;\u00a0Le th\u00e9 vert au jasmin est un grand traditionnel du th\u00e9 chinois. Son proc\u00e9d\u00e9 de fabrication r\u00e9pond aux exigences d&rsquo;un savoir faire ancestral. Le th\u00e9 vert est m\u00e9lang\u00e9 aux fleurs de jasmin fra\u00eeches qui en s&rsquo;ouvrant diffusent leur envo\u00fbtant parfum avant d&rsquo;\u00eatre retir\u00e9e. Cette op\u00e9ration peut \u00eatre r\u00e9p\u00e9t\u00e9e jusqu&rsquo;\u00e0 6 ou 7 fois pour un th\u00e9 au jasmin de haute qualit\u00e9 (comme pour ce Golden Jasmin).<\/p>\n<p style=\"text-align: justify;\"><strong>Saveur :<\/strong> fleurie<\/p>\n<p style=\"text-align: justify;\"><strong>Composition :<\/strong>\u00a0th\u00e9 vert sencha au jasmin<\/p>\n","protected":false},"featured_media":2258,"template":"","meta":{"jetpack_post_was_ever_published":false,"jetpack_publicize_message":"","jetpack_publicize_feature_enabled":true,"jetpack_social_post_already_shared":false,"jetpack_social_options":{"image_generator_settings":{"template":"highway","default_image_id":0,"font":"","enabled":false},"version":2}},"product_brand":[],"product_cat":[82,50],"product_tag":[125,124,98],"class_list":{"0":"post-1510","1":"product","2":"type-product","3":"status-publish","4":"has-post-thumbnail","6":"product_cat-fleurie","7":"product_cat-the-vert","8":"product_tag-jasmin","9":"product_tag-saveur-fleurie","10":"product_tag-the-vert","12":"first","13":"instock","14":"taxable","15":"shipping-taxable","16":"purchasable","17":"product-type-simple"},"yoast_head":"<!-- This site is optimized with the Yoast SEO plugin v27.4 - https:\/\/yoast.com\/product\/yoast-seo-wordpress\/ -->\n<title>Golden Jasmin - Le GentleCat - Teashop<\/title>\n<meta name=\"robots\" content=\"index, follow, max-snippet:-1, max-image-preview:large, max-video-preview:-1\" \/>\n<link rel=\"canonical\" href=\"https:\/\/legentlecat.fr\/shop\/index.php\/produit\/golden-jasmin\/\" \/>\n<meta property=\"og:locale\" content=\"fr_FR\" \/>\n<meta property=\"og:type\" content=\"article\" \/>\n<meta property=\"og:title\" content=\"Golden Jasmin - Le GentleCat - Teashop\" \/>\n<meta property=\"og:description\" content=\"Sac herm\u00e9tique de 100 g\u00a0-\u00a0Le th\u00e9 vert au jasmin est un grand traditionnel du th\u00e9 chinois. Son proc\u00e9d\u00e9 de fabrication r\u00e9pond aux exigences d&#039;un savoir faire ancestral. Le th\u00e9 vert est m\u00e9lang\u00e9 aux fleurs de jasmin fra\u00eeches qui en s&#039;ouvrant diffusent leur envo\u00fbtant parfum avant d&#039;\u00eatre retir\u00e9e. Cette op\u00e9ration peut \u00eatre r\u00e9p\u00e9t\u00e9e jusqu&#039;\u00e0 6 ou 7 fois pour un th\u00e9 au jasmin de haute qualit\u00e9 (comme pour ce Golden Jasmin). Saveur : fleurie Composition :\u00a0th\u00e9 vert sencha au jasmin\" \/>\n<meta property=\"og:url\" content=\"https:\/\/legentlecat.fr\/shop\/index.php\/produit\/golden-jasmin\/\" \/>\n<meta property=\"og:site_name\" content=\"Le GentleCat - Teashop\" \/>\n<meta property=\"article:modified_time\" content=\"2022-12-02T12:50:32+00:00\" \/>\n<meta property=\"og:image\" content=\"https:\/\/legentlecat.fr\/shop\/wp-content\/uploads\/2017\/03\/pic-golden-jasmin-819x1024.png\" \/>\n\t<meta property=\"og:image:width\" content=\"819\" \/>\n\t<meta property=\"og:image:height\" content=\"1024\" \/>\n\t<meta property=\"og:image:type\" content=\"image\/png\" \/>\n<meta name=\"twitter:card\" content=\"summary_large_image\" \/>\n<script type=\"application\/ld+json\" class=\"yoast-schema-graph\">{\"@context\":\"https:\\\/\\\/schema.org\",\"@graph\":[{\"@type\":\"WebPage\",\"@id\":\"https:\\\/\\\/legentlecat.fr\\\/shop\\\/index.php\\\/produit\\\/golden-jasmin\\\/\",\"url\":\"https:\\\/\\\/legentlecat.fr\\\/shop\\\/index.php\\\/produit\\\/golden-jasmin\\\/\",\"name\":\"Golden Jasmin - Le GentleCat - Teashop\",\"isPartOf\":{\"@id\":\"https:\\\/\\\/legentlecat.fr\\\/shop\\\/#website\"},\"primaryImageOfPage\":{\"@id\":\"https:\\\/\\\/legentlecat.fr\\\/shop\\\/index.php\\\/produit\\\/golden-jasmin\\\/#primaryimage\"},\"image\":{\"@id\":\"https:\\\/\\\/legentlecat.fr\\\/shop\\\/index.php\\\/produit\\\/golden-jasmin\\\/#primaryimage\"},\"thumbnailUrl\":\"https:\\\/\\\/i0.wp.com\\\/legentlecat.fr\\\/shop\\\/wp-content\\\/uploads\\\/2017\\\/03\\\/pic-golden-jasmin.png?fit=1500%2C1875&ssl=1\",\"datePublished\":\"2017-03-20T09:55:38+00:00\",\"dateModified\":\"2022-12-02T12:50:32+00:00\",\"breadcrumb\":{\"@id\":\"https:\\\/\\\/legentlecat.fr\\\/shop\\\/index.php\\\/produit\\\/golden-jasmin\\\/#breadcrumb\"},\"inLanguage\":\"fr-FR\",\"potentialAction\":[{\"@type\":\"ReadAction\",\"target\":[\"https:\\\/\\\/legentlecat.fr\\\/shop\\\/index.php\\\/produit\\\/golden-jasmin\\\/\"]}]},{\"@type\":\"ImageObject\",\"inLanguage\":\"fr-FR\",\"@id\":\"https:\\\/\\\/legentlecat.fr\\\/shop\\\/index.php\\\/produit\\\/golden-jasmin\\\/#primaryimage\",\"url\":\"https:\\\/\\\/i0.wp.com\\\/legentlecat.fr\\\/shop\\\/wp-content\\\/uploads\\\/2017\\\/03\\\/pic-golden-jasmin.png?fit=1500%2C1875&ssl=1\",\"contentUrl\":\"https:\\\/\\\/i0.wp.com\\\/legentlecat.fr\\\/shop\\\/wp-content\\\/uploads\\\/2017\\\/03\\\/pic-golden-jasmin.png?fit=1500%2C1875&ssl=1\",\"width\":1500,\"height\":1875},{\"@type\":\"BreadcrumbList\",\"@id\":\"https:\\\/\\\/legentlecat.fr\\\/shop\\\/index.php\\\/produit\\\/golden-jasmin\\\/#breadcrumb\",\"itemListElement\":[{\"@type\":\"ListItem\",\"position\":1,\"name\":\"Accueil\",\"item\":\"https:\\\/\\\/legentlecat.fr\\\/shop\\\/\"},{\"@type\":\"ListItem\",\"position\":2,\"name\":\"Shop\",\"item\":\"https:\\\/\\\/legentlecat.fr\\\/shop\\\/index.php\\\/shop\\\/\"},{\"@type\":\"ListItem\",\"position\":3,\"name\":\"Golden Jasmin\"}]},{\"@type\":\"WebSite\",\"@id\":\"https:\\\/\\\/legentlecat.fr\\\/shop\\\/#website\",\"url\":\"https:\\\/\\\/legentlecat.fr\\\/shop\\\/\",\"name\":\"Le GentleCat - Teashop\",\"description\":\"La boutique de th\u00e9 en ligne\",\"potentialAction\":[{\"@type\":\"SearchAction\",\"target\":{\"@type\":\"EntryPoint\",\"urlTemplate\":\"https:\\\/\\\/legentlecat.fr\\\/shop\\\/?s={search_term_string}\"},\"query-input\":{\"@type\":\"PropertyValueSpecification\",\"valueRequired\":true,\"valueName\":\"search_term_string\"}}],\"inLanguage\":\"fr-FR\"}]}<\/script>\n<!-- \/ Yoast SEO plugin. -->","yoast_head_json":{"title":"Golden Jasmin - Le GentleCat - Teashop","robots":{"index":"index","follow":"follow","max-snippet":"max-snippet:-1","max-image-preview":"max-image-preview:large","max-video-preview":"max-video-preview:-1"},"canonical":"https:\/\/legentlecat.fr\/shop\/index.php\/produit\/golden-jasmin\/","og_locale":"fr_FR","og_type":"article","og_title":"Golden Jasmin - Le GentleCat - Teashop","og_description":"Sac herm\u00e9tique de 100 g\u00a0-\u00a0Le th\u00e9 vert au jasmin est un grand traditionnel du th\u00e9 chinois. Son proc\u00e9d\u00e9 de fabrication r\u00e9pond aux exigences d'un savoir faire ancestral. Le th\u00e9 vert est m\u00e9lang\u00e9 aux fleurs de jasmin fra\u00eeches qui en s'ouvrant diffusent leur envo\u00fbtant parfum avant d'\u00eatre retir\u00e9e. Cette op\u00e9ration peut \u00eatre r\u00e9p\u00e9t\u00e9e jusqu'\u00e0 6 ou 7 fois pour un th\u00e9 au jasmin de haute qualit\u00e9 (comme pour ce Golden Jasmin). Saveur : fleurie Composition :\u00a0th\u00e9 vert sencha au jasmin","og_url":"https:\/\/legentlecat.fr\/shop\/index.php\/produit\/golden-jasmin\/","og_site_name":"Le GentleCat - Teashop","article_modified_time":"2022-12-02T12:50:32+00:00","og_image":[{"width":819,"height":1024,"url":"https:\/\/legentlecat.fr\/shop\/wp-content\/uploads\/2017\/03\/pic-golden-jasmin-819x1024.png","type":"image\/png"}],"twitter_card":"summary_large_image","schema":{"@context":"https:\/\/schema.org","@graph":[{"@type":"WebPage","@id":"https:\/\/legentlecat.fr\/shop\/index.php\/produit\/golden-jasmin\/","url":"https:\/\/legentlecat.fr\/shop\/index.php\/produit\/golden-jasmin\/","name":"Golden Jasmin - Le GentleCat - Teashop","isPartOf":{"@id":"https:\/\/legentlecat.fr\/shop\/#website"},"primaryImageOfPage":{"@id":"https:\/\/legentlecat.fr\/shop\/index.php\/produit\/golden-jasmin\/#primaryimage"},"image":{"@id":"https:\/\/legentlecat.fr\/shop\/index.php\/produit\/golden-jasmin\/#primaryimage"},"thumbnailUrl":"https:\/\/i0.wp.com\/legentlecat.fr\/shop\/wp-content\/uploads\/2017\/03\/pic-golden-jasmin.png?fit=1500%2C1875&ssl=1","datePublished":"2017-03-20T09:55:38+00:00","dateModified":"2022-12-02T12:50:32+00:00","breadcrumb":{"@id":"https:\/\/legentlecat.fr\/shop\/index.php\/produit\/golden-jasmin\/#breadcrumb"},"inLanguage":"fr-FR","potentialAction":[{"@type":"ReadAction","target":["https:\/\/legentlecat.fr\/shop\/index.php\/produit\/golden-jasmin\/"]}]},{"@type":"ImageObject","inLanguage":"fr-FR","@id":"https:\/\/legentlecat.fr\/shop\/index.php\/produit\/golden-jasmin\/#primaryimage","url":"https:\/\/i0.wp.com\/legentlecat.fr\/shop\/wp-content\/uploads\/2017\/03\/pic-golden-jasmin.png?fit=1500%2C1875&ssl=1","contentUrl":"https:\/\/i0.wp.com\/legentlecat.fr\/shop\/wp-content\/uploads\/2017\/03\/pic-golden-jasmin.png?fit=1500%2C1875&ssl=1","width":1500,"height":1875},{"@type":"BreadcrumbList","@id":"https:\/\/legentlecat.fr\/shop\/index.php\/produit\/golden-jasmin\/#breadcrumb","itemListElement":[{"@type":"ListItem","position":1,"name":"Accueil","item":"https:\/\/legentlecat.fr\/shop\/"},{"@type":"ListItem","position":2,"name":"Shop","item":"https:\/\/legentlecat.fr\/shop\/index.php\/shop\/"},{"@type":"ListItem","position":3,"name":"Golden Jasmin"}]},{"@type":"WebSite","@id":"https:\/\/legentlecat.fr\/shop\/#website","url":"https:\/\/legentlecat.fr\/shop\/","name":"Le GentleCat - Teashop","description":"La boutique de th\u00e9 en ligne","potentialAction":[{"@type":"SearchAction","target":{"@type":"EntryPoint","urlTemplate":"https:\/\/legentlecat.fr\/shop\/?s={search_term_string}"},"query-input":{"@type":"PropertyValueSpecification","valueRequired":true,"valueName":"search_term_string"}}],"inLanguage":"fr-FR"}]}},"jetpack_publicize_connections":[],"jetpack_sharing_enabled":true,"jetpack-related-posts":[{"id":520,"url":"https:\/\/legentlecat.fr\/shop\/index.php\/produit\/le-temps-des-cerises\/","url_meta":{"origin":1510,"position":0},"title":"Le temps des cerises","author":"Jimmy RIOT","date":"13 mars 2017","format":false,"excerpt":"Sac herm\u00e9tique de 100 g\u00a0-\u00a0Tr\u00e8s riche en fruits confits, cette recette \u00e0 base de th\u00e9 vert est un d\u00e9lice pour les yeux mais aussi pour les papilles. Elle offre une infusion douce, fruit\u00e9e et sucr\u00e9e qui se d\u00e9guste aussi bien chaude que froide. Saveur : fruit\u00e9e Composition :\u00a0th\u00e9 vert sencha\u2026","rel":"","context":"Article similaire","block_context":{"text":"Article similaire","link":""},"img":{"alt_text":"","src":"https:\/\/i0.wp.com\/legentlecat.fr\/shop\/wp-content\/uploads\/2017\/03\/tempscerise.png?fit=960%2C1200&ssl=1&resize=350%2C200","width":350,"height":200,"srcset":"https:\/\/i0.wp.com\/legentlecat.fr\/shop\/wp-content\/uploads\/2017\/03\/tempscerise.png?fit=960%2C1200&ssl=1&resize=350%2C200 1x, https:\/\/i0.wp.com\/legentlecat.fr\/shop\/wp-content\/uploads\/2017\/03\/tempscerise.png?fit=960%2C1200&ssl=1&resize=525%2C300 1.5x, https:\/\/i0.wp.com\/legentlecat.fr\/shop\/wp-content\/uploads\/2017\/03\/tempscerise.png?fit=960%2C1200&ssl=1&resize=700%2C400 2x"},"classes":[]},{"id":1090,"url":"https:\/\/legentlecat.fr\/shop\/index.php\/produit\/coeur-de-litchi\/","url_meta":{"origin":1510,"position":1},"title":"Coeur de Litchi","author":"Jimmy RIOT","date":"19 mars 2017","format":false,"excerpt":"Sac herm\u00e9tique de 100 g\u00a0-\u00a0A l'infusion, le fruit qu'est le litchi ne lib\u00e8re pas un fort ar\u00f4me. Aussi, pour ce th\u00e9 au go\u00fbt de litchi, nous avons mis au point une recette ou chacun des ingr\u00e9dients vient soutenir l'ar\u00f4me naturel de litchi qui\u00a0trouve toute la place pour se d\u00e9velopper dans\u2026","rel":"","context":"Article similaire","block_context":{"text":"Article similaire","link":""},"img":{"alt_text":"","src":"https:\/\/i0.wp.com\/legentlecat.fr\/shop\/wp-content\/uploads\/2017\/03\/litchi.png?fit=960%2C1200&ssl=1&resize=350%2C200","width":350,"height":200,"srcset":"https:\/\/i0.wp.com\/legentlecat.fr\/shop\/wp-content\/uploads\/2017\/03\/litchi.png?fit=960%2C1200&ssl=1&resize=350%2C200 1x, https:\/\/i0.wp.com\/legentlecat.fr\/shop\/wp-content\/uploads\/2017\/03\/litchi.png?fit=960%2C1200&ssl=1&resize=525%2C300 1.5x, https:\/\/i0.wp.com\/legentlecat.fr\/shop\/wp-content\/uploads\/2017\/03\/litchi.png?fit=960%2C1200&ssl=1&resize=700%2C400 2x"},"classes":[]},{"id":373,"url":"https:\/\/legentlecat.fr\/shop\/index.php\/produit\/abricotier-du-roussillon\/","url_meta":{"origin":1510,"position":2},"title":"Abricotier du Roussillon","author":"Jimmy RIOT","date":"13 mars 2017","format":false,"excerpt":"Sac herm\u00e9tique de 100 g\u00a0-\u00a0L'abricot lib\u00e8re toutes ses saveurs dans cette recette \u00e0 base de th\u00e9 vert et de th\u00e9 oolong. Soutenu par les notes fruit\u00e9es et assez similaires de la p\u00eache, le parfum doux et g\u00e9n\u00e9ralement assez discret de l'abricot est \u00e9tonnamment pr\u00e9sent. Saveur : fruit\u00e9e Composition : th\u00e9\u2026","rel":"","context":"Article similaire","block_context":{"text":"Article similaire","link":""},"img":{"alt_text":"","src":"https:\/\/i0.wp.com\/legentlecat.fr\/shop\/wp-content\/uploads\/2017\/04\/abricot.png?fit=960%2C1200&ssl=1&resize=350%2C200","width":350,"height":200,"srcset":"https:\/\/i0.wp.com\/legentlecat.fr\/shop\/wp-content\/uploads\/2017\/04\/abricot.png?fit=960%2C1200&ssl=1&resize=350%2C200 1x, https:\/\/i0.wp.com\/legentlecat.fr\/shop\/wp-content\/uploads\/2017\/04\/abricot.png?fit=960%2C1200&ssl=1&resize=525%2C300 1.5x, https:\/\/i0.wp.com\/legentlecat.fr\/shop\/wp-content\/uploads\/2017\/04\/abricot.png?fit=960%2C1200&ssl=1&resize=700%2C400 2x"},"classes":[]},{"id":1132,"url":"https:\/\/legentlecat.fr\/shop\/index.php\/produit\/fee-des-bois\/","url_meta":{"origin":1510,"position":3},"title":"F\u00e9e des bois","author":"Jimmy RIOT","date":"19 mars 2017","format":false,"excerpt":"Sac herm\u00e9tique de 100 g\u00a0-\u00a0Cette recette aux fruits rouge est bas\u00e9e sur un m\u00e9lange de th\u00e9 vert et blanc, ce qui, en plus de lui conf\u00e9rer un go\u00fbt l\u00e9ger et\u00a0une forte teneur en antioxydants, en fait un th\u00e9 fin et d\u00e9licat d'une grande qualit\u00e9. Tr\u00e8s fruit\u00e9, il est tout aussi\u2026","rel":"","context":"Article similaire","block_context":{"text":"Article similaire","link":""},"img":{"alt_text":"","src":"https:\/\/i0.wp.com\/legentlecat.fr\/shop\/wp-content\/uploads\/2017\/03\/fraise-framboise.png?fit=960%2C1200&ssl=1&resize=350%2C200","width":350,"height":200,"srcset":"https:\/\/i0.wp.com\/legentlecat.fr\/shop\/wp-content\/uploads\/2017\/03\/fraise-framboise.png?fit=960%2C1200&ssl=1&resize=350%2C200 1x, https:\/\/i0.wp.com\/legentlecat.fr\/shop\/wp-content\/uploads\/2017\/03\/fraise-framboise.png?fit=960%2C1200&ssl=1&resize=525%2C300 1.5x, https:\/\/i0.wp.com\/legentlecat.fr\/shop\/wp-content\/uploads\/2017\/03\/fraise-framboise.png?fit=960%2C1200&ssl=1&resize=700%2C400 2x"},"classes":[]},{"id":774,"url":"https:\/\/legentlecat.fr\/shop\/index.php\/produit\/red-choco-noisette\/","url_meta":{"origin":1510,"position":4},"title":"Red Choco Noisette","author":"Jimmy RIOT","date":"19 mars 2017","format":false,"excerpt":"Sac herm\u00e9tique de 100 g\u00a0-\u00a0Cette recette \u00e0 base de rooibos restera sans doute l'une de nos seules cr\u00e9ations \u00e0 la saveur de chocolat tant nous somme satisfait du bel ar\u00f4me de chocolat et de noisette qu'elle d\u00e9gage. Le rooibos laisse au cacao toute la place n\u00e9cessaire pour se d\u00e9velopper tout\u2026","rel":"","context":"Article similaire","block_context":{"text":"Article similaire","link":""},"img":{"alt_text":"","src":"https:\/\/i0.wp.com\/legentlecat.fr\/shop\/wp-content\/uploads\/2017\/03\/red-choc.png?fit=960%2C1200&ssl=1&resize=350%2C200","width":350,"height":200,"srcset":"https:\/\/i0.wp.com\/legentlecat.fr\/shop\/wp-content\/uploads\/2017\/03\/red-choc.png?fit=960%2C1200&ssl=1&resize=350%2C200 1x, https:\/\/i0.wp.com\/legentlecat.fr\/shop\/wp-content\/uploads\/2017\/03\/red-choc.png?fit=960%2C1200&ssl=1&resize=525%2C300 1.5x, https:\/\/i0.wp.com\/legentlecat.fr\/shop\/wp-content\/uploads\/2017\/03\/red-choc.png?fit=960%2C1200&ssl=1&resize=700%2C400 2x"},"classes":[]},{"id":310,"url":"https:\/\/legentlecat.fr\/shop\/index.php\/produit\/cannelle-belle-helene\/","url_meta":{"origin":1510,"position":5},"title":"Cannelle Belle H\u00e9l\u00e8ne","author":"Jimmy RIOT","date":"13 mars 2017","format":false,"excerpt":"Sac herm\u00e9tique de 100 g\u00a0-\u00a0Cette recette gourmande et l\u00e9g\u00e8rement \u00e9pic\u00e9e est un mi-chemin entre une infusion de fruits et un rooibos. Afin de rendre cette infusion plus douce et plus gourmande, il y a en effet un peu de rooibos dans ce m\u00e9lange mais il n'est pas l'ingr\u00e9dient de base.\u00a0Cette\u2026","rel":"","context":"Article similaire","block_context":{"text":"Article similaire","link":""},"img":{"alt_text":"","src":"https:\/\/i0.wp.com\/legentlecat.fr\/shop\/wp-content\/uploads\/2017\/03\/helene.png?fit=960%2C1200&ssl=1&resize=350%2C200","width":350,"height":200,"srcset":"https:\/\/i0.wp.com\/legentlecat.fr\/shop\/wp-content\/uploads\/2017\/03\/helene.png?fit=960%2C1200&ssl=1&resize=350%2C200 1x, https:\/\/i0.wp.com\/legentlecat.fr\/shop\/wp-content\/uploads\/2017\/03\/helene.png?fit=960%2C1200&ssl=1&resize=525%2C300 1.5x, https:\/\/i0.wp.com\/legentlecat.fr\/shop\/wp-content\/uploads\/2017\/03\/helene.png?fit=960%2C1200&ssl=1&resize=700%2C400 2x"},"classes":[]}],"_links":{"self":[{"href":"https:\/\/legentlecat.fr\/shop\/index.php\/wp-json\/wp\/v2\/product\/1510","targetHints":{"allow":["GET"]}}],"collection":[{"href":"https:\/\/legentlecat.fr\/shop\/index.php\/wp-json\/wp\/v2\/product"}],"about":[{"href":"https:\/\/legentlecat.fr\/shop\/index.php\/wp-json\/wp\/v2\/types\/product"}],"wp:featuredmedia":[{"embeddable":true,"href":"https:\/\/legentlecat.fr\/shop\/index.php\/wp-json\/wp\/v2\/media\/2258"}],"wp:attachment":[{"href":"https:\/\/legentlecat.fr\/shop\/index.php\/wp-json\/wp\/v2\/media?parent=1510"}],"wp:term":[{"taxonomy":"product_brand","embeddable":true,"href":"https:\/\/legentlecat.fr\/shop\/index.php\/wp-json\/wp\/v2\/product_brand?post=1510"},{"taxonomy":"product_cat","embeddable":true,"href":"https:\/\/legentlecat.fr\/shop\/index.php\/wp-json\/wp\/v2\/product_cat?post=1510"},{"taxonomy":"product_tag","embeddable":true,"href":"https:\/\/legentlecat.fr\/shop\/index.php\/wp-json\/wp\/v2\/product_tag?post=1510"}],"curies":[{"name":"wp","href":"https:\/\/api.w.org\/{rel}","templated":true}]}}