{"id":1447,"date":"2017-03-20T00:16:27","date_gmt":"2017-03-19T23:16:27","guid":{"rendered":"http:\/\/legentlecat.fr\/comptoir-a-thes\/produit\/anis-reglisse-bio\/"},"modified":"2022-12-02T14:08:08","modified_gmt":"2022-12-02T13:08:08","slug":"anis-reglisse-bio","status":"publish","type":"product","link":"https:\/\/legentlecat.fr\/shop\/index.php\/produit\/anis-reglisse-bio\/","title":{"rendered":"Anis R\u00e9glisse BIO"},"content":{"rendered":"","protected":false},"excerpt":{"rendered":"<p style=\"text-align: justify;\"><img loading=\"lazy\" decoding=\"async\" class=\"size-full wp-image-2234 aligncenter\" src=\"http:\/\/legentlecat.fr\/shop\/wp-content\/uploads\/2017\/03\/pu-erh.jpg\" alt=\"\" width=\"250\" height=\"77\" \/><\/p>\n<p style=\"text-align: justify;\"><strong>Sac herm\u00e9tique de 100 g<\/strong>\u00a0&#8211;\u00a0Cette recette un peu particuli\u00e8re saura s\u00e9duire les amateurs de notes \u00e9pic\u00e9es qui appr\u00e9cient la r\u00e9glisse. Douceur et amertume s&rsquo;y m\u00e9langent subtilement ou s&rsquo;y opposent savoureusement, selon votre appr\u00e9ciation personnelle. Une dualit\u00e9 int\u00e9ressante pour les plus curieux.<\/p>\n<p style=\"text-align: justify;\"><strong>Saveur :<\/strong> \u00e9pic\u00e9e, v\u00e9g\u00e9tale<\/p>\n<p style=\"text-align: justify;\"><strong>Composition :<\/strong> th\u00e9 noir assam, anis, r\u00e9glisse, ar\u00f4me naturel, fleur de bleuet BIO<\/p>\n","protected":false},"featured_media":2261,"template":"","meta":{"jetpack_post_was_ever_published":false,"jetpack_publicize_message":"","jetpack_publicize_feature_enabled":true,"jetpack_social_post_already_shared":false,"jetpack_social_options":{"image_generator_settings":{"template":"highway","default_image_id":0,"font":"","enabled":false},"version":2}},"product_brand":[],"product_cat":[80,81,84,46],"product_tag":[106,129,134,99,130,114,121],"class_list":{"0":"post-1447","1":"product","2":"type-product","3":"status-publish","4":"has-post-thumbnail","6":"product_cat-epicee","7":"product_cat-vegetale","8":"product_cat-bio","9":"product_cat-the-noir","10":"product_tag-anis","11":"product_tag-fleurs-de-bleuet","12":"product_tag-reglisse","13":"product_tag-saveur-epicee","14":"product_tag-saveur-vegetale","15":"product_tag-the-bio","16":"product_tag-the-noir","18":"first","19":"instock","20":"taxable","21":"shipping-taxable","22":"purchasable","23":"product-type-simple"},"yoast_head":"<!-- This site is optimized with the Yoast SEO plugin v27.4 - https:\/\/yoast.com\/product\/yoast-seo-wordpress\/ -->\n<title>Anis R\u00e9glisse BIO - Le GentleCat - Teashop<\/title>\n<meta name=\"robots\" content=\"index, follow, max-snippet:-1, max-image-preview:large, max-video-preview:-1\" \/>\n<link rel=\"canonical\" href=\"https:\/\/legentlecat.fr\/shop\/index.php\/produit\/anis-reglisse-bio\/\" \/>\n<meta property=\"og:locale\" content=\"fr_FR\" \/>\n<meta property=\"og:type\" content=\"article\" \/>\n<meta property=\"og:title\" content=\"Anis R\u00e9glisse BIO - Le GentleCat - Teashop\" \/>\n<meta property=\"og:description\" content=\"Sac herm\u00e9tique de 100 g\u00a0-\u00a0Cette recette un peu particuli\u00e8re saura s\u00e9duire les amateurs de notes \u00e9pic\u00e9es qui appr\u00e9cient la r\u00e9glisse. Douceur et amertume s&#039;y m\u00e9langent subtilement ou s&#039;y opposent savoureusement, selon votre appr\u00e9ciation personnelle. Une dualit\u00e9 int\u00e9ressante pour les plus curieux. Saveur : \u00e9pic\u00e9e, v\u00e9g\u00e9tale Composition : th\u00e9 noir assam, anis, r\u00e9glisse, ar\u00f4me naturel, fleur de bleuet BIO\" \/>\n<meta property=\"og:url\" content=\"https:\/\/legentlecat.fr\/shop\/index.php\/produit\/anis-reglisse-bio\/\" \/>\n<meta property=\"og:site_name\" content=\"Le GentleCat - Teashop\" \/>\n<meta property=\"article:modified_time\" content=\"2022-12-02T13:08:08+00:00\" \/>\n<meta property=\"og:image\" content=\"https:\/\/legentlecat.fr\/shop\/wp-content\/uploads\/2017\/03\/pic-anis-reglisse-819x1024.png\" \/>\n\t<meta property=\"og:image:width\" content=\"819\" \/>\n\t<meta property=\"og:image:height\" content=\"1024\" \/>\n\t<meta property=\"og:image:type\" content=\"image\/png\" \/>\n<meta name=\"twitter:card\" content=\"summary_large_image\" \/>\n<script type=\"application\/ld+json\" class=\"yoast-schema-graph\">{\"@context\":\"https:\\\/\\\/schema.org\",\"@graph\":[{\"@type\":\"WebPage\",\"@id\":\"https:\\\/\\\/legentlecat.fr\\\/shop\\\/index.php\\\/produit\\\/anis-reglisse-bio\\\/\",\"url\":\"https:\\\/\\\/legentlecat.fr\\\/shop\\\/index.php\\\/produit\\\/anis-reglisse-bio\\\/\",\"name\":\"Anis R\u00e9glisse BIO - Le GentleCat - Teashop\",\"isPartOf\":{\"@id\":\"https:\\\/\\\/legentlecat.fr\\\/shop\\\/#website\"},\"primaryImageOfPage\":{\"@id\":\"https:\\\/\\\/legentlecat.fr\\\/shop\\\/index.php\\\/produit\\\/anis-reglisse-bio\\\/#primaryimage\"},\"image\":{\"@id\":\"https:\\\/\\\/legentlecat.fr\\\/shop\\\/index.php\\\/produit\\\/anis-reglisse-bio\\\/#primaryimage\"},\"thumbnailUrl\":\"https:\\\/\\\/i0.wp.com\\\/legentlecat.fr\\\/shop\\\/wp-content\\\/uploads\\\/2017\\\/03\\\/pic-anis-reglisse.png?fit=1500%2C1875&ssl=1\",\"datePublished\":\"2017-03-19T23:16:27+00:00\",\"dateModified\":\"2022-12-02T13:08:08+00:00\",\"breadcrumb\":{\"@id\":\"https:\\\/\\\/legentlecat.fr\\\/shop\\\/index.php\\\/produit\\\/anis-reglisse-bio\\\/#breadcrumb\"},\"inLanguage\":\"fr-FR\",\"potentialAction\":[{\"@type\":\"ReadAction\",\"target\":[\"https:\\\/\\\/legentlecat.fr\\\/shop\\\/index.php\\\/produit\\\/anis-reglisse-bio\\\/\"]}]},{\"@type\":\"ImageObject\",\"inLanguage\":\"fr-FR\",\"@id\":\"https:\\\/\\\/legentlecat.fr\\\/shop\\\/index.php\\\/produit\\\/anis-reglisse-bio\\\/#primaryimage\",\"url\":\"https:\\\/\\\/i0.wp.com\\\/legentlecat.fr\\\/shop\\\/wp-content\\\/uploads\\\/2017\\\/03\\\/pic-anis-reglisse.png?fit=1500%2C1875&ssl=1\",\"contentUrl\":\"https:\\\/\\\/i0.wp.com\\\/legentlecat.fr\\\/shop\\\/wp-content\\\/uploads\\\/2017\\\/03\\\/pic-anis-reglisse.png?fit=1500%2C1875&ssl=1\",\"width\":1500,\"height\":1875},{\"@type\":\"BreadcrumbList\",\"@id\":\"https:\\\/\\\/legentlecat.fr\\\/shop\\\/index.php\\\/produit\\\/anis-reglisse-bio\\\/#breadcrumb\",\"itemListElement\":[{\"@type\":\"ListItem\",\"position\":1,\"name\":\"Accueil\",\"item\":\"https:\\\/\\\/legentlecat.fr\\\/shop\\\/\"},{\"@type\":\"ListItem\",\"position\":2,\"name\":\"Shop\",\"item\":\"https:\\\/\\\/legentlecat.fr\\\/shop\\\/index.php\\\/shop\\\/\"},{\"@type\":\"ListItem\",\"position\":3,\"name\":\"Anis R\u00e9glisse BIO\"}]},{\"@type\":\"WebSite\",\"@id\":\"https:\\\/\\\/legentlecat.fr\\\/shop\\\/#website\",\"url\":\"https:\\\/\\\/legentlecat.fr\\\/shop\\\/\",\"name\":\"Le GentleCat - Teashop\",\"description\":\"La boutique de th\u00e9 en ligne\",\"potentialAction\":[{\"@type\":\"SearchAction\",\"target\":{\"@type\":\"EntryPoint\",\"urlTemplate\":\"https:\\\/\\\/legentlecat.fr\\\/shop\\\/?s={search_term_string}\"},\"query-input\":{\"@type\":\"PropertyValueSpecification\",\"valueRequired\":true,\"valueName\":\"search_term_string\"}}],\"inLanguage\":\"fr-FR\"}]}<\/script>\n<!-- \/ Yoast SEO plugin. -->","yoast_head_json":{"title":"Anis R\u00e9glisse BIO - Le GentleCat - Teashop","robots":{"index":"index","follow":"follow","max-snippet":"max-snippet:-1","max-image-preview":"max-image-preview:large","max-video-preview":"max-video-preview:-1"},"canonical":"https:\/\/legentlecat.fr\/shop\/index.php\/produit\/anis-reglisse-bio\/","og_locale":"fr_FR","og_type":"article","og_title":"Anis R\u00e9glisse BIO - Le GentleCat - Teashop","og_description":"Sac herm\u00e9tique de 100 g\u00a0-\u00a0Cette recette un peu particuli\u00e8re saura s\u00e9duire les amateurs de notes \u00e9pic\u00e9es qui appr\u00e9cient la r\u00e9glisse. Douceur et amertume s'y m\u00e9langent subtilement ou s'y opposent savoureusement, selon votre appr\u00e9ciation personnelle. Une dualit\u00e9 int\u00e9ressante pour les plus curieux. Saveur : \u00e9pic\u00e9e, v\u00e9g\u00e9tale Composition : th\u00e9 noir assam, anis, r\u00e9glisse, ar\u00f4me naturel, fleur de bleuet BIO","og_url":"https:\/\/legentlecat.fr\/shop\/index.php\/produit\/anis-reglisse-bio\/","og_site_name":"Le GentleCat - Teashop","article_modified_time":"2022-12-02T13:08:08+00:00","og_image":[{"width":819,"height":1024,"url":"https:\/\/legentlecat.fr\/shop\/wp-content\/uploads\/2017\/03\/pic-anis-reglisse-819x1024.png","type":"image\/png"}],"twitter_card":"summary_large_image","schema":{"@context":"https:\/\/schema.org","@graph":[{"@type":"WebPage","@id":"https:\/\/legentlecat.fr\/shop\/index.php\/produit\/anis-reglisse-bio\/","url":"https:\/\/legentlecat.fr\/shop\/index.php\/produit\/anis-reglisse-bio\/","name":"Anis R\u00e9glisse BIO - Le GentleCat - Teashop","isPartOf":{"@id":"https:\/\/legentlecat.fr\/shop\/#website"},"primaryImageOfPage":{"@id":"https:\/\/legentlecat.fr\/shop\/index.php\/produit\/anis-reglisse-bio\/#primaryimage"},"image":{"@id":"https:\/\/legentlecat.fr\/shop\/index.php\/produit\/anis-reglisse-bio\/#primaryimage"},"thumbnailUrl":"https:\/\/i0.wp.com\/legentlecat.fr\/shop\/wp-content\/uploads\/2017\/03\/pic-anis-reglisse.png?fit=1500%2C1875&ssl=1","datePublished":"2017-03-19T23:16:27+00:00","dateModified":"2022-12-02T13:08:08+00:00","breadcrumb":{"@id":"https:\/\/legentlecat.fr\/shop\/index.php\/produit\/anis-reglisse-bio\/#breadcrumb"},"inLanguage":"fr-FR","potentialAction":[{"@type":"ReadAction","target":["https:\/\/legentlecat.fr\/shop\/index.php\/produit\/anis-reglisse-bio\/"]}]},{"@type":"ImageObject","inLanguage":"fr-FR","@id":"https:\/\/legentlecat.fr\/shop\/index.php\/produit\/anis-reglisse-bio\/#primaryimage","url":"https:\/\/i0.wp.com\/legentlecat.fr\/shop\/wp-content\/uploads\/2017\/03\/pic-anis-reglisse.png?fit=1500%2C1875&ssl=1","contentUrl":"https:\/\/i0.wp.com\/legentlecat.fr\/shop\/wp-content\/uploads\/2017\/03\/pic-anis-reglisse.png?fit=1500%2C1875&ssl=1","width":1500,"height":1875},{"@type":"BreadcrumbList","@id":"https:\/\/legentlecat.fr\/shop\/index.php\/produit\/anis-reglisse-bio\/#breadcrumb","itemListElement":[{"@type":"ListItem","position":1,"name":"Accueil","item":"https:\/\/legentlecat.fr\/shop\/"},{"@type":"ListItem","position":2,"name":"Shop","item":"https:\/\/legentlecat.fr\/shop\/index.php\/shop\/"},{"@type":"ListItem","position":3,"name":"Anis R\u00e9glisse BIO"}]},{"@type":"WebSite","@id":"https:\/\/legentlecat.fr\/shop\/#website","url":"https:\/\/legentlecat.fr\/shop\/","name":"Le GentleCat - Teashop","description":"La boutique de th\u00e9 en ligne","potentialAction":[{"@type":"SearchAction","target":{"@type":"EntryPoint","urlTemplate":"https:\/\/legentlecat.fr\/shop\/?s={search_term_string}"},"query-input":{"@type":"PropertyValueSpecification","valueRequired":true,"valueName":"search_term_string"}}],"inLanguage":"fr-FR"}]}},"jetpack_publicize_connections":[],"jetpack_sharing_enabled":true,"jetpack-related-posts":[{"id":963,"url":"https:\/\/legentlecat.fr\/shop\/index.php\/produit\/minceur-aphrodite-bio\/","url_meta":{"origin":1447,"position":0},"title":"Minceur Aphrodite BIO","author":"Jimmy RIOT","date":"19 mars 2017","format":false,"excerpt":"Sac herm\u00e9tique de 100 g\u00a0-\u00a0Le th\u00e9 minceur : La mat\u00e9 est particuli\u00e8rement consomm\u00e9 dans les pays d'Am\u00e9rique du Sud. Son infusion tr\u00e8s riche en th\u00e9ine, sa forte teneur en antioxydant, son effet coupe faim et sa capacit\u00e9 \u00e0 br\u00fbler les graisses en font une base parfaite pour les th\u00e9s \"minceur\",\u2026","rel":"","context":"Article similaire","block_context":{"text":"Article similaire","link":""},"img":{"alt_text":"","src":"https:\/\/i0.wp.com\/legentlecat.fr\/shop\/wp-content\/uploads\/2017\/03\/aphrodite.png?fit=960%2C1200&ssl=1&resize=350%2C200","width":350,"height":200,"srcset":"https:\/\/i0.wp.com\/legentlecat.fr\/shop\/wp-content\/uploads\/2017\/03\/aphrodite.png?fit=960%2C1200&ssl=1&resize=350%2C200 1x, https:\/\/i0.wp.com\/legentlecat.fr\/shop\/wp-content\/uploads\/2017\/03\/aphrodite.png?fit=960%2C1200&ssl=1&resize=525%2C300 1.5x, https:\/\/i0.wp.com\/legentlecat.fr\/shop\/wp-content\/uploads\/2017\/03\/aphrodite.png?fit=960%2C1200&ssl=1&resize=700%2C400 2x"},"classes":[]},{"id":858,"url":"https:\/\/legentlecat.fr\/shop\/index.php\/produit\/reglisse-delice-bio\/","url_meta":{"origin":1447,"position":1},"title":"R\u00e9glisse D\u00e9lice BIO","author":"Jimmy RIOT","date":"19 mars 2017","format":false,"excerpt":"Sac herm\u00e9tique de 100 g\u00a0-\u00a0Ce th\u00e9 vert offre une tasse claire aux ar\u00f4mes de r\u00e9glisse et de menthe verte. Les deux saveurs s'y \u00e9pousent sans que l'une ne prenne le pas sur l'autre. La liqueur douce-amer de cette recette simple et efficace est d'une grande fra\u00eecheur. Ce th\u00e9 peut s'infuser\u2026","rel":"","context":"Article similaire","block_context":{"text":"Article similaire","link":""},"img":{"alt_text":"","src":"https:\/\/i0.wp.com\/legentlecat.fr\/shop\/wp-content\/uploads\/2017\/03\/reglisse-delice.png?fit=960%2C1200&ssl=1&resize=350%2C200","width":350,"height":200,"srcset":"https:\/\/i0.wp.com\/legentlecat.fr\/shop\/wp-content\/uploads\/2017\/03\/reglisse-delice.png?fit=960%2C1200&ssl=1&resize=350%2C200 1x, https:\/\/i0.wp.com\/legentlecat.fr\/shop\/wp-content\/uploads\/2017\/03\/reglisse-delice.png?fit=960%2C1200&ssl=1&resize=525%2C300 1.5x, https:\/\/i0.wp.com\/legentlecat.fr\/shop\/wp-content\/uploads\/2017\/03\/reglisse-delice.png?fit=960%2C1200&ssl=1&resize=700%2C400 2x"},"classes":[]},{"id":1027,"url":"https:\/\/legentlecat.fr\/shop\/index.php\/produit\/minceur-venus-agrume-bio\/","url_meta":{"origin":1447,"position":2},"title":"Minceur V\u00e9nus Agrume BIO","author":"Jimmy RIOT","date":"19 mars 2017","format":false,"excerpt":"Sac herm\u00e9tique de 100 g\u00a0-\u00a0Le th\u00e9 minceur : La mat\u00e9 est particuli\u00e8rement consomm\u00e9 dans les pays d'Am\u00e9rique du Sud. Son infusion tr\u00e8s riche en th\u00e9ine, sa forte teneur en antioxydant, son effet coupe faim et sa capacit\u00e9 \u00e0 br\u00fbler les graisses en font une base parfaite pour les th\u00e9s \"minceur\",\u2026","rel":"","context":"Article similaire","block_context":{"text":"Article similaire","link":""},"img":{"alt_text":"","src":"https:\/\/i0.wp.com\/legentlecat.fr\/shop\/wp-content\/uploads\/2017\/03\/venus.png?fit=960%2C1200&ssl=1&resize=350%2C200","width":350,"height":200,"srcset":"https:\/\/i0.wp.com\/legentlecat.fr\/shop\/wp-content\/uploads\/2017\/03\/venus.png?fit=960%2C1200&ssl=1&resize=350%2C200 1x, https:\/\/i0.wp.com\/legentlecat.fr\/shop\/wp-content\/uploads\/2017\/03\/venus.png?fit=960%2C1200&ssl=1&resize=525%2C300 1.5x, https:\/\/i0.wp.com\/legentlecat.fr\/shop\/wp-content\/uploads\/2017\/03\/venus.png?fit=960%2C1200&ssl=1&resize=700%2C400 2x"},"classes":[]},{"id":1237,"url":"https:\/\/legentlecat.fr\/shop\/index.php\/produit\/chai-ebene-bio\/","url_meta":{"origin":1447,"position":3},"title":"Cha\u00ef \u00e9b\u00e8ne BIO","author":"Jimmy RIOT","date":"19 mars 2017","format":false,"excerpt":"Sac herm\u00e9tique de 100 g\u00a0-\u00a0Le Cha\u00ef est un m\u00e9lange de th\u00e9 et d'\u00e9pices. Traditionnellement \u00e0 base de th\u00e9 noir, il est la boisson matinale quotidienne d'une majorit\u00e9 d'indiens. Il est g\u00e9n\u00e9ralement infus\u00e9 dans du lait entier bouillant et l\u00e9g\u00e8rement sucr\u00e9. En Occident on le consomme plut\u00f4t sous forme d'un Cha\u00ef\u2026","rel":"","context":"Article similaire","block_context":{"text":"Article similaire","link":""},"img":{"alt_text":"","src":"https:\/\/i0.wp.com\/legentlecat.fr\/shop\/wp-content\/uploads\/2017\/03\/eben.png?fit=960%2C1200&ssl=1&resize=350%2C200","width":350,"height":200,"srcset":"https:\/\/i0.wp.com\/legentlecat.fr\/shop\/wp-content\/uploads\/2017\/03\/eben.png?fit=960%2C1200&ssl=1&resize=350%2C200 1x, https:\/\/i0.wp.com\/legentlecat.fr\/shop\/wp-content\/uploads\/2017\/03\/eben.png?fit=960%2C1200&ssl=1&resize=525%2C300 1.5x, https:\/\/i0.wp.com\/legentlecat.fr\/shop\/wp-content\/uploads\/2017\/03\/eben.png?fit=960%2C1200&ssl=1&resize=700%2C400 2x"},"classes":[]},{"id":1195,"url":"https:\/\/legentlecat.fr\/shop\/index.php\/produit\/chai-nacarat-bio\/","url_meta":{"origin":1447,"position":4},"title":"Cha\u00ef Nacarat BIO","author":"Jimmy RIOT","date":"19 mars 2017","format":false,"excerpt":"Sac herm\u00e9tique de 100 g\u00a0-\u00a0Le Cha\u00ef est un th\u00e9 traditionnel indien \u00e0 base de th\u00e9 et de masala, un m\u00e9lange d'\u00e9pices. Dans sa forme premi\u00e8re, c'est une recette \u00e0 base de th\u00e9 noir. Nous vous en proposons ici une version rouge, sans la moindre trace de th\u00e9ine et\u00a0moins astringente. Une\u2026","rel":"","context":"Article similaire","block_context":{"text":"Article similaire","link":""},"img":{"alt_text":"","src":"https:\/\/i0.wp.com\/legentlecat.fr\/shop\/wp-content\/uploads\/2017\/03\/nacarat.png?fit=960%2C1200&ssl=1&resize=350%2C200","width":350,"height":200,"srcset":"https:\/\/i0.wp.com\/legentlecat.fr\/shop\/wp-content\/uploads\/2017\/03\/nacarat.png?fit=960%2C1200&ssl=1&resize=350%2C200 1x, https:\/\/i0.wp.com\/legentlecat.fr\/shop\/wp-content\/uploads\/2017\/03\/nacarat.png?fit=960%2C1200&ssl=1&resize=525%2C300 1.5x, https:\/\/i0.wp.com\/legentlecat.fr\/shop\/wp-content\/uploads\/2017\/03\/nacarat.png?fit=960%2C1200&ssl=1&resize=700%2C400 2x"},"classes":[]},{"id":1216,"url":"https:\/\/legentlecat.fr\/shop\/index.php\/produit\/chai-opaline-bio\/","url_meta":{"origin":1447,"position":5},"title":"Cha\u00ef Opaline BIO","author":"Jimmy RIOT","date":"19 mars 2017","format":false,"excerpt":"Sac herm\u00e9tique de 100 g\u00a0-\u00a0Le Cha\u00ef est un th\u00e9 traditionnel indien \u00e0 base de th\u00e9 et de masala, un m\u00e9lange d'\u00e9pices. Dans sa forme premi\u00e8re, c'est une recette \u00e0 base de th\u00e9 noir. Nous vous en proposons ici une version verte, moins concentr\u00e9e en th\u00e9ine, avec un go\u00fbt de th\u00e9\u2026","rel":"","context":"Article similaire","block_context":{"text":"Article similaire","link":""},"img":{"alt_text":"","src":"https:\/\/i0.wp.com\/legentlecat.fr\/shop\/wp-content\/uploads\/2017\/03\/opaline.png?fit=960%2C1200&ssl=1&resize=350%2C200","width":350,"height":200,"srcset":"https:\/\/i0.wp.com\/legentlecat.fr\/shop\/wp-content\/uploads\/2017\/03\/opaline.png?fit=960%2C1200&ssl=1&resize=350%2C200 1x, https:\/\/i0.wp.com\/legentlecat.fr\/shop\/wp-content\/uploads\/2017\/03\/opaline.png?fit=960%2C1200&ssl=1&resize=525%2C300 1.5x, https:\/\/i0.wp.com\/legentlecat.fr\/shop\/wp-content\/uploads\/2017\/03\/opaline.png?fit=960%2C1200&ssl=1&resize=700%2C400 2x"},"classes":[]}],"_links":{"self":[{"href":"https:\/\/legentlecat.fr\/shop\/index.php\/wp-json\/wp\/v2\/product\/1447","targetHints":{"allow":["GET"]}}],"collection":[{"href":"https:\/\/legentlecat.fr\/shop\/index.php\/wp-json\/wp\/v2\/product"}],"about":[{"href":"https:\/\/legentlecat.fr\/shop\/index.php\/wp-json\/wp\/v2\/types\/product"}],"wp:featuredmedia":[{"embeddable":true,"href":"https:\/\/legentlecat.fr\/shop\/index.php\/wp-json\/wp\/v2\/media\/2261"}],"wp:attachment":[{"href":"https:\/\/legentlecat.fr\/shop\/index.php\/wp-json\/wp\/v2\/media?parent=1447"}],"wp:term":[{"taxonomy":"product_brand","embeddable":true,"href":"https:\/\/legentlecat.fr\/shop\/index.php\/wp-json\/wp\/v2\/product_brand?post=1447"},{"taxonomy":"product_cat","embeddable":true,"href":"https:\/\/legentlecat.fr\/shop\/index.php\/wp-json\/wp\/v2\/product_cat?post=1447"},{"taxonomy":"product_tag","embeddable":true,"href":"https:\/\/legentlecat.fr\/shop\/index.php\/wp-json\/wp\/v2\/product_tag?post=1447"}],"curies":[{"name":"wp","href":"https:\/\/api.w.org\/{rel}","templated":true}]}}