{"id":1426,"date":"2017-03-20T00:00:22","date_gmt":"2017-03-19T23:00:22","guid":{"rendered":"http:\/\/legentlecat.fr\/comptoir-a-thes\/produit\/russian-cassis-bio\/"},"modified":"2022-12-02T13:35:41","modified_gmt":"2022-12-02T12:35:41","slug":"russian-cassis-bio","status":"publish","type":"product","link":"https:\/\/legentlecat.fr\/shop\/index.php\/produit\/russian-cassis-bio\/","title":{"rendered":"Russian Cassis BIO"},"content":{"rendered":"","protected":false},"excerpt":{"rendered":"<p style=\"text-align: justify;\"><img loading=\"lazy\" decoding=\"async\" class=\"size-full wp-image-2234 aligncenter\" src=\"http:\/\/legentlecat.fr\/shop\/wp-content\/uploads\/2017\/03\/pu-erh.jpg\" alt=\"\" width=\"250\" height=\"77\" \/><\/p>\n<p style=\"text-align: justify;\"><strong>Sac herm\u00e9tique de 100 g<\/strong>\u00a0&#8211;\u00a0Ce th\u00e9 russe propose un \u00e9quilibre subtil entre les notes cors\u00e9es des feuilles de cassis et les notes d\u00e9licatement fruit\u00e9es des baies de cassis et de groseille. Il est tout aussi agr\u00e9able pour se r\u00e9chauffer lors des soir\u00e9es d&rsquo;un hiver vigoureux que pour se d\u00e9salt\u00e9rer lors d&rsquo;une chaude journ\u00e9e d&rsquo;\u00e9t\u00e9.<\/p>\n<p style=\"text-align: justify;\"><strong>Saveur :<\/strong> fruit\u00e9e<\/p>\n<p style=\"text-align: justify;\"><strong>Composition :<\/strong> th\u00e9 noir assam et ceylan, feuille de cassis, cassis et groseille BIO<\/p>\n","protected":false},"featured_media":2262,"template":"","meta":{"jetpack_post_was_ever_published":false,"jetpack_publicize_message":"","jetpack_publicize_feature_enabled":true,"jetpack_social_post_already_shared":false,"jetpack_social_options":{"image_generator_settings":{"template":"highway","default_image_id":0,"font":"","enabled":false},"version":2}},"product_brand":[],"product_cat":[79,94,84,46],"product_tag":[135,136,100,137,114,121],"class_list":{"0":"post-1426","1":"product","2":"type-product","3":"status-publish","4":"has-post-thumbnail","6":"product_cat-fruitee","7":"product_cat-russe","8":"product_cat-bio","9":"product_cat-the-noir","10":"product_tag-cassis","11":"product_tag-groseille","12":"product_tag-saveur-fruitee","13":"product_tag-saveur-the-russe","14":"product_tag-the-bio","15":"product_tag-the-noir","17":"first","18":"instock","19":"taxable","20":"shipping-taxable","21":"purchasable","22":"product-type-simple"},"yoast_head":"<!-- This site is optimized with the Yoast SEO plugin v27.4 - https:\/\/yoast.com\/product\/yoast-seo-wordpress\/ -->\n<title>Russian Cassis BIO - Le GentleCat - Teashop<\/title>\n<meta name=\"robots\" content=\"index, follow, max-snippet:-1, max-image-preview:large, max-video-preview:-1\" \/>\n<link rel=\"canonical\" href=\"https:\/\/legentlecat.fr\/shop\/index.php\/produit\/russian-cassis-bio\/\" \/>\n<meta property=\"og:locale\" content=\"fr_FR\" \/>\n<meta property=\"og:type\" content=\"article\" \/>\n<meta property=\"og:title\" content=\"Russian Cassis BIO - Le GentleCat - Teashop\" \/>\n<meta property=\"og:description\" content=\"Sac herm\u00e9tique de 100 g\u00a0-\u00a0Ce th\u00e9 russe propose un \u00e9quilibre subtil entre les notes cors\u00e9es des feuilles de cassis et les notes d\u00e9licatement fruit\u00e9es des baies de cassis et de groseille. Il est tout aussi agr\u00e9able pour se r\u00e9chauffer lors des soir\u00e9es d&#039;un hiver vigoureux que pour se d\u00e9salt\u00e9rer lors d&#039;une chaude journ\u00e9e d&#039;\u00e9t\u00e9. Saveur : fruit\u00e9e Composition : th\u00e9 noir assam et ceylan, feuille de cassis, cassis et groseille BIO\" \/>\n<meta property=\"og:url\" content=\"https:\/\/legentlecat.fr\/shop\/index.php\/produit\/russian-cassis-bio\/\" \/>\n<meta property=\"og:site_name\" content=\"Le GentleCat - Teashop\" \/>\n<meta property=\"article:modified_time\" content=\"2022-12-02T12:35:41+00:00\" \/>\n<meta property=\"og:image\" content=\"https:\/\/legentlecat.fr\/shop\/wp-content\/uploads\/2017\/03\/cassis-819x1024.png\" \/>\n\t<meta property=\"og:image:width\" content=\"819\" \/>\n\t<meta property=\"og:image:height\" content=\"1024\" \/>\n\t<meta property=\"og:image:type\" content=\"image\/png\" \/>\n<meta name=\"twitter:card\" content=\"summary_large_image\" \/>\n<script type=\"application\/ld+json\" class=\"yoast-schema-graph\">{\"@context\":\"https:\\\/\\\/schema.org\",\"@graph\":[{\"@type\":\"WebPage\",\"@id\":\"https:\\\/\\\/legentlecat.fr\\\/shop\\\/index.php\\\/produit\\\/russian-cassis-bio\\\/\",\"url\":\"https:\\\/\\\/legentlecat.fr\\\/shop\\\/index.php\\\/produit\\\/russian-cassis-bio\\\/\",\"name\":\"Russian Cassis BIO - Le GentleCat - Teashop\",\"isPartOf\":{\"@id\":\"https:\\\/\\\/legentlecat.fr\\\/shop\\\/#website\"},\"primaryImageOfPage\":{\"@id\":\"https:\\\/\\\/legentlecat.fr\\\/shop\\\/index.php\\\/produit\\\/russian-cassis-bio\\\/#primaryimage\"},\"image\":{\"@id\":\"https:\\\/\\\/legentlecat.fr\\\/shop\\\/index.php\\\/produit\\\/russian-cassis-bio\\\/#primaryimage\"},\"thumbnailUrl\":\"https:\\\/\\\/i0.wp.com\\\/legentlecat.fr\\\/shop\\\/wp-content\\\/uploads\\\/2017\\\/03\\\/cassis.png?fit=1500%2C1875&ssl=1\",\"datePublished\":\"2017-03-19T23:00:22+00:00\",\"dateModified\":\"2022-12-02T12:35:41+00:00\",\"breadcrumb\":{\"@id\":\"https:\\\/\\\/legentlecat.fr\\\/shop\\\/index.php\\\/produit\\\/russian-cassis-bio\\\/#breadcrumb\"},\"inLanguage\":\"fr-FR\",\"potentialAction\":[{\"@type\":\"ReadAction\",\"target\":[\"https:\\\/\\\/legentlecat.fr\\\/shop\\\/index.php\\\/produit\\\/russian-cassis-bio\\\/\"]}]},{\"@type\":\"ImageObject\",\"inLanguage\":\"fr-FR\",\"@id\":\"https:\\\/\\\/legentlecat.fr\\\/shop\\\/index.php\\\/produit\\\/russian-cassis-bio\\\/#primaryimage\",\"url\":\"https:\\\/\\\/i0.wp.com\\\/legentlecat.fr\\\/shop\\\/wp-content\\\/uploads\\\/2017\\\/03\\\/cassis.png?fit=1500%2C1875&ssl=1\",\"contentUrl\":\"https:\\\/\\\/i0.wp.com\\\/legentlecat.fr\\\/shop\\\/wp-content\\\/uploads\\\/2017\\\/03\\\/cassis.png?fit=1500%2C1875&ssl=1\",\"width\":1500,\"height\":1875},{\"@type\":\"BreadcrumbList\",\"@id\":\"https:\\\/\\\/legentlecat.fr\\\/shop\\\/index.php\\\/produit\\\/russian-cassis-bio\\\/#breadcrumb\",\"itemListElement\":[{\"@type\":\"ListItem\",\"position\":1,\"name\":\"Accueil\",\"item\":\"https:\\\/\\\/legentlecat.fr\\\/shop\\\/\"},{\"@type\":\"ListItem\",\"position\":2,\"name\":\"Shop\",\"item\":\"https:\\\/\\\/legentlecat.fr\\\/shop\\\/index.php\\\/shop\\\/\"},{\"@type\":\"ListItem\",\"position\":3,\"name\":\"Russian Cassis BIO\"}]},{\"@type\":\"WebSite\",\"@id\":\"https:\\\/\\\/legentlecat.fr\\\/shop\\\/#website\",\"url\":\"https:\\\/\\\/legentlecat.fr\\\/shop\\\/\",\"name\":\"Le GentleCat - Teashop\",\"description\":\"La boutique de th\u00e9 en ligne\",\"potentialAction\":[{\"@type\":\"SearchAction\",\"target\":{\"@type\":\"EntryPoint\",\"urlTemplate\":\"https:\\\/\\\/legentlecat.fr\\\/shop\\\/?s={search_term_string}\"},\"query-input\":{\"@type\":\"PropertyValueSpecification\",\"valueRequired\":true,\"valueName\":\"search_term_string\"}}],\"inLanguage\":\"fr-FR\"}]}<\/script>\n<!-- \/ Yoast SEO plugin. -->","yoast_head_json":{"title":"Russian Cassis BIO - Le GentleCat - Teashop","robots":{"index":"index","follow":"follow","max-snippet":"max-snippet:-1","max-image-preview":"max-image-preview:large","max-video-preview":"max-video-preview:-1"},"canonical":"https:\/\/legentlecat.fr\/shop\/index.php\/produit\/russian-cassis-bio\/","og_locale":"fr_FR","og_type":"article","og_title":"Russian Cassis BIO - Le GentleCat - Teashop","og_description":"Sac herm\u00e9tique de 100 g\u00a0-\u00a0Ce th\u00e9 russe propose un \u00e9quilibre subtil entre les notes cors\u00e9es des feuilles de cassis et les notes d\u00e9licatement fruit\u00e9es des baies de cassis et de groseille. Il est tout aussi agr\u00e9able pour se r\u00e9chauffer lors des soir\u00e9es d'un hiver vigoureux que pour se d\u00e9salt\u00e9rer lors d'une chaude journ\u00e9e d'\u00e9t\u00e9. Saveur : fruit\u00e9e Composition : th\u00e9 noir assam et ceylan, feuille de cassis, cassis et groseille BIO","og_url":"https:\/\/legentlecat.fr\/shop\/index.php\/produit\/russian-cassis-bio\/","og_site_name":"Le GentleCat - Teashop","article_modified_time":"2022-12-02T12:35:41+00:00","og_image":[{"width":819,"height":1024,"url":"https:\/\/legentlecat.fr\/shop\/wp-content\/uploads\/2017\/03\/cassis-819x1024.png","type":"image\/png"}],"twitter_card":"summary_large_image","schema":{"@context":"https:\/\/schema.org","@graph":[{"@type":"WebPage","@id":"https:\/\/legentlecat.fr\/shop\/index.php\/produit\/russian-cassis-bio\/","url":"https:\/\/legentlecat.fr\/shop\/index.php\/produit\/russian-cassis-bio\/","name":"Russian Cassis BIO - Le GentleCat - Teashop","isPartOf":{"@id":"https:\/\/legentlecat.fr\/shop\/#website"},"primaryImageOfPage":{"@id":"https:\/\/legentlecat.fr\/shop\/index.php\/produit\/russian-cassis-bio\/#primaryimage"},"image":{"@id":"https:\/\/legentlecat.fr\/shop\/index.php\/produit\/russian-cassis-bio\/#primaryimage"},"thumbnailUrl":"https:\/\/i0.wp.com\/legentlecat.fr\/shop\/wp-content\/uploads\/2017\/03\/cassis.png?fit=1500%2C1875&ssl=1","datePublished":"2017-03-19T23:00:22+00:00","dateModified":"2022-12-02T12:35:41+00:00","breadcrumb":{"@id":"https:\/\/legentlecat.fr\/shop\/index.php\/produit\/russian-cassis-bio\/#breadcrumb"},"inLanguage":"fr-FR","potentialAction":[{"@type":"ReadAction","target":["https:\/\/legentlecat.fr\/shop\/index.php\/produit\/russian-cassis-bio\/"]}]},{"@type":"ImageObject","inLanguage":"fr-FR","@id":"https:\/\/legentlecat.fr\/shop\/index.php\/produit\/russian-cassis-bio\/#primaryimage","url":"https:\/\/i0.wp.com\/legentlecat.fr\/shop\/wp-content\/uploads\/2017\/03\/cassis.png?fit=1500%2C1875&ssl=1","contentUrl":"https:\/\/i0.wp.com\/legentlecat.fr\/shop\/wp-content\/uploads\/2017\/03\/cassis.png?fit=1500%2C1875&ssl=1","width":1500,"height":1875},{"@type":"BreadcrumbList","@id":"https:\/\/legentlecat.fr\/shop\/index.php\/produit\/russian-cassis-bio\/#breadcrumb","itemListElement":[{"@type":"ListItem","position":1,"name":"Accueil","item":"https:\/\/legentlecat.fr\/shop\/"},{"@type":"ListItem","position":2,"name":"Shop","item":"https:\/\/legentlecat.fr\/shop\/index.php\/shop\/"},{"@type":"ListItem","position":3,"name":"Russian Cassis BIO"}]},{"@type":"WebSite","@id":"https:\/\/legentlecat.fr\/shop\/#website","url":"https:\/\/legentlecat.fr\/shop\/","name":"Le GentleCat - Teashop","description":"La boutique de th\u00e9 en ligne","potentialAction":[{"@type":"SearchAction","target":{"@type":"EntryPoint","urlTemplate":"https:\/\/legentlecat.fr\/shop\/?s={search_term_string}"},"query-input":{"@type":"PropertyValueSpecification","valueRequired":true,"valueName":"search_term_string"}}],"inLanguage":"fr-FR"}]}},"jetpack_publicize_connections":[],"jetpack_sharing_enabled":true,"jetpack-related-posts":[{"id":373,"url":"https:\/\/legentlecat.fr\/shop\/index.php\/produit\/abricotier-du-roussillon\/","url_meta":{"origin":1426,"position":0},"title":"Abricotier du Roussillon","author":"Jimmy RIOT","date":"13 mars 2017","format":false,"excerpt":"Sac herm\u00e9tique de 100 g\u00a0-\u00a0L'abricot lib\u00e8re toutes ses saveurs dans cette recette \u00e0 base de th\u00e9 vert et de th\u00e9 oolong. Soutenu par les notes fruit\u00e9es et assez similaires de la p\u00eache, le parfum doux et g\u00e9n\u00e9ralement assez discret de l'abricot est \u00e9tonnamment pr\u00e9sent. Saveur : fruit\u00e9e Composition : th\u00e9\u2026","rel":"","context":"Article similaire","block_context":{"text":"Article similaire","link":""},"img":{"alt_text":"","src":"https:\/\/i0.wp.com\/legentlecat.fr\/shop\/wp-content\/uploads\/2017\/04\/abricot.png?fit=960%2C1200&ssl=1&resize=350%2C200","width":350,"height":200,"srcset":"https:\/\/i0.wp.com\/legentlecat.fr\/shop\/wp-content\/uploads\/2017\/04\/abricot.png?fit=960%2C1200&ssl=1&resize=350%2C200 1x, https:\/\/i0.wp.com\/legentlecat.fr\/shop\/wp-content\/uploads\/2017\/04\/abricot.png?fit=960%2C1200&ssl=1&resize=525%2C300 1.5x, https:\/\/i0.wp.com\/legentlecat.fr\/shop\/wp-content\/uploads\/2017\/04\/abricot.png?fit=960%2C1200&ssl=1&resize=700%2C400 2x"},"classes":[]},{"id":1447,"url":"https:\/\/legentlecat.fr\/shop\/index.php\/produit\/anis-reglisse-bio\/","url_meta":{"origin":1426,"position":1},"title":"Anis R\u00e9glisse BIO","author":"Jimmy RIOT","date":"20 mars 2017","format":false,"excerpt":"Sac herm\u00e9tique de 100 g\u00a0-\u00a0Cette recette un peu particuli\u00e8re saura s\u00e9duire les amateurs de notes \u00e9pic\u00e9es qui appr\u00e9cient la r\u00e9glisse. Douceur et amertume s'y m\u00e9langent subtilement ou s'y opposent savoureusement, selon votre appr\u00e9ciation personnelle. Une dualit\u00e9 int\u00e9ressante pour les plus curieux. Saveur : \u00e9pic\u00e9e, v\u00e9g\u00e9tale Composition : th\u00e9 noir assam,\u2026","rel":"","context":"Article similaire","block_context":{"text":"Article similaire","link":""},"img":{"alt_text":"","src":"https:\/\/i0.wp.com\/legentlecat.fr\/shop\/wp-content\/uploads\/2017\/03\/pic-anis-reglisse.png?fit=960%2C1200&ssl=1&resize=350%2C200","width":350,"height":200,"srcset":"https:\/\/i0.wp.com\/legentlecat.fr\/shop\/wp-content\/uploads\/2017\/03\/pic-anis-reglisse.png?fit=960%2C1200&ssl=1&resize=350%2C200 1x, https:\/\/i0.wp.com\/legentlecat.fr\/shop\/wp-content\/uploads\/2017\/03\/pic-anis-reglisse.png?fit=960%2C1200&ssl=1&resize=525%2C300 1.5x, https:\/\/i0.wp.com\/legentlecat.fr\/shop\/wp-content\/uploads\/2017\/03\/pic-anis-reglisse.png?fit=960%2C1200&ssl=1&resize=700%2C400 2x"},"classes":[]},{"id":1531,"url":"https:\/\/legentlecat.fr\/shop\/index.php\/produit\/verveine-acidulee-bio\/","url_meta":{"origin":1426,"position":2},"title":"Verveine Acidul\u00e9e BIO","author":"Jimmy RIOT","date":"20 mars 2017","format":false,"excerpt":"Sac herm\u00e9tique de 100 g\u00a0-\u00a0Ce m\u00e9lange bio de th\u00e9s verts et de th\u00e9s blancs r\u00e9v\u00e8le toutes les saveurs de la verveine en y conjuguant des notes acidul\u00e9es d'agrumes. C'est un th\u00e9 vert fin et d\u00e9licat qui saura ravir les palais des amateurs les plus \u00e9clair\u00e9s. Saveur : v\u00e9g\u00e9tale, fruit\u00e9e Composition\u2026","rel":"","context":"Article similaire","block_context":{"text":"Article similaire","link":""},"img":{"alt_text":"","src":"https:\/\/i0.wp.com\/legentlecat.fr\/shop\/wp-content\/uploads\/2017\/03\/pic-verveine.png?fit=960%2C1200&ssl=1&resize=350%2C200","width":350,"height":200,"srcset":"https:\/\/i0.wp.com\/legentlecat.fr\/shop\/wp-content\/uploads\/2017\/03\/pic-verveine.png?fit=960%2C1200&ssl=1&resize=350%2C200 1x, https:\/\/i0.wp.com\/legentlecat.fr\/shop\/wp-content\/uploads\/2017\/03\/pic-verveine.png?fit=960%2C1200&ssl=1&resize=525%2C300 1.5x, https:\/\/i0.wp.com\/legentlecat.fr\/shop\/wp-content\/uploads\/2017\/03\/pic-verveine.png?fit=960%2C1200&ssl=1&resize=700%2C400 2x"},"classes":[]},{"id":1174,"url":"https:\/\/legentlecat.fr\/shop\/index.php\/produit\/eclats-de-pistache-bio\/","url_meta":{"origin":1426,"position":3},"title":"Eclats de Pistache BIO","author":"Jimmy RIOT","date":"19 mars 2017","format":false,"excerpt":"Sac herm\u00e9tique de 100 g\u00a0-\u00a0Ce th\u00e9 noir offre une belle infusion cuivr\u00e9e au go\u00fbt de pistache l\u00e9g\u00e8rement relev\u00e9 de quelques notes \u00e9pic\u00e9es. Ce th\u00e9, comme un Cha\u00ef, est particuli\u00e8rement agr\u00e9able avec un nuage de lait (ou de la mousse de lait) et un peu de sucre. Saveur : fruit\u00e9e, \u00e9pic\u00e9e\u2026","rel":"","context":"Article similaire","block_context":{"text":"Article similaire","link":""},"img":{"alt_text":"","src":"https:\/\/i0.wp.com\/legentlecat.fr\/shop\/wp-content\/uploads\/2017\/03\/pistache.png?fit=960%2C1200&ssl=1&resize=350%2C200","width":350,"height":200,"srcset":"https:\/\/i0.wp.com\/legentlecat.fr\/shop\/wp-content\/uploads\/2017\/03\/pistache.png?fit=960%2C1200&ssl=1&resize=350%2C200 1x, https:\/\/i0.wp.com\/legentlecat.fr\/shop\/wp-content\/uploads\/2017\/03\/pistache.png?fit=960%2C1200&ssl=1&resize=525%2C300 1.5x, https:\/\/i0.wp.com\/legentlecat.fr\/shop\/wp-content\/uploads\/2017\/03\/pistache.png?fit=960%2C1200&ssl=1&resize=700%2C400 2x"},"classes":[]},{"id":205,"url":"https:\/\/legentlecat.fr\/shop\/index.php\/produit\/orange-bleue-bio\/","url_meta":{"origin":1426,"position":4},"title":"Orange Bleue BIO","author":"Jimmy RIOT","date":"13 mars 2017","format":false,"excerpt":"Sac herm\u00e9tique de 100 g\u00a0-\u00a0Le th\u00e9 Oolong offre une base int\u00e9ressante pour les m\u00e9langes fruit\u00e9s en raison de son go\u00fbt sp\u00e9cifique de noisette ou de ch\u00e2taigne. Dans cette recette bio, l'orange r\u00e9v\u00e8le toute sa saveur sans laisser la moindre amertume en bouche gr\u00e2ce \u00e0 la pr\u00e9sence d'un brin de mangue.\u2026","rel":"","context":"Article similaire","block_context":{"text":"Article similaire","link":""},"img":{"alt_text":"","src":"https:\/\/i0.wp.com\/legentlecat.fr\/shop\/wp-content\/uploads\/2017\/03\/orange-bleue.png?fit=960%2C1200&ssl=1&resize=350%2C200","width":350,"height":200,"srcset":"https:\/\/i0.wp.com\/legentlecat.fr\/shop\/wp-content\/uploads\/2017\/03\/orange-bleue.png?fit=960%2C1200&ssl=1&resize=350%2C200 1x, https:\/\/i0.wp.com\/legentlecat.fr\/shop\/wp-content\/uploads\/2017\/03\/orange-bleue.png?fit=960%2C1200&ssl=1&resize=525%2C300 1.5x, https:\/\/i0.wp.com\/legentlecat.fr\/shop\/wp-content\/uploads\/2017\/03\/orange-bleue.png?fit=960%2C1200&ssl=1&resize=700%2C400 2x"},"classes":[]},{"id":499,"url":"https:\/\/legentlecat.fr\/shop\/index.php\/produit\/paradis-menthole-bio\/","url_meta":{"origin":1426,"position":5},"title":"Paradis Menthol\u00e9 BIO","author":"Jimmy RIOT","date":"13 mars 2017","format":false,"excerpt":"Sac herm\u00e9tique de 100 g\u00a0-\u00a0Avec sa l\u00e9g\u00e8re odeur de chlorophylle, ce th\u00e9 vert vous offre une tasse d'une infinie fra\u00eecheur. Il est id\u00e9al pour une pause revigorante. En raison des effets de la menthe, nous vous d\u00e9conseillons de consommer ce th\u00e9 avant d'aller vous coucher. Ce th\u00e9 constitue une tr\u00e8s\u2026","rel":"","context":"Article similaire","block_context":{"text":"Article similaire","link":""},"img":{"alt_text":"","src":"https:\/\/i0.wp.com\/legentlecat.fr\/shop\/wp-content\/uploads\/2017\/03\/paradis-menthole.png?fit=960%2C1200&ssl=1&resize=350%2C200","width":350,"height":200,"srcset":"https:\/\/i0.wp.com\/legentlecat.fr\/shop\/wp-content\/uploads\/2017\/03\/paradis-menthole.png?fit=960%2C1200&ssl=1&resize=350%2C200 1x, https:\/\/i0.wp.com\/legentlecat.fr\/shop\/wp-content\/uploads\/2017\/03\/paradis-menthole.png?fit=960%2C1200&ssl=1&resize=525%2C300 1.5x, https:\/\/i0.wp.com\/legentlecat.fr\/shop\/wp-content\/uploads\/2017\/03\/paradis-menthole.png?fit=960%2C1200&ssl=1&resize=700%2C400 2x"},"classes":[]}],"_links":{"self":[{"href":"https:\/\/legentlecat.fr\/shop\/index.php\/wp-json\/wp\/v2\/product\/1426","targetHints":{"allow":["GET"]}}],"collection":[{"href":"https:\/\/legentlecat.fr\/shop\/index.php\/wp-json\/wp\/v2\/product"}],"about":[{"href":"https:\/\/legentlecat.fr\/shop\/index.php\/wp-json\/wp\/v2\/types\/product"}],"wp:featuredmedia":[{"embeddable":true,"href":"https:\/\/legentlecat.fr\/shop\/index.php\/wp-json\/wp\/v2\/media\/2262"}],"wp:attachment":[{"href":"https:\/\/legentlecat.fr\/shop\/index.php\/wp-json\/wp\/v2\/media?parent=1426"}],"wp:term":[{"taxonomy":"product_brand","embeddable":true,"href":"https:\/\/legentlecat.fr\/shop\/index.php\/wp-json\/wp\/v2\/product_brand?post=1426"},{"taxonomy":"product_cat","embeddable":true,"href":"https:\/\/legentlecat.fr\/shop\/index.php\/wp-json\/wp\/v2\/product_cat?post=1426"},{"taxonomy":"product_tag","embeddable":true,"href":"https:\/\/legentlecat.fr\/shop\/index.php\/wp-json\/wp\/v2\/product_tag?post=1426"}],"curies":[{"name":"wp","href":"https:\/\/api.w.org\/{rel}","templated":true}]}}