{"id":1405,"date":"2017-03-19T23:55:22","date_gmt":"2017-03-19T22:55:22","guid":{"rendered":"http:\/\/legentlecat.fr\/comptoir-a-thes\/produit\/vladivostock-summer\/"},"modified":"2022-12-02T13:28:07","modified_gmt":"2022-12-02T12:28:07","slug":"vladivostock-summer","status":"publish","type":"product","link":"https:\/\/legentlecat.fr\/shop\/index.php\/produit\/vladivostock-summer\/","title":{"rendered":"Vladivostock Summer"},"content":{"rendered":"","protected":false},"excerpt":{"rendered":"<p style=\"text-align: justify;\"><img loading=\"lazy\" decoding=\"async\" class=\"size-full wp-image-2234 aligncenter\" src=\"http:\/\/legentlecat.fr\/shop\/wp-content\/uploads\/2017\/03\/pu-erh.jpg\" alt=\"\" width=\"250\" height=\"77\" \/><\/p>\n<p style=\"text-align: justify;\"><strong>Sac herm\u00e9tique de 100 g<\/strong>\u00a0&#8211;\u00a0Ce th\u00e9 russe apparemment tr\u00e8s traditionnel allie la force du th\u00e9 noir aux saveurs acidul\u00e9es des agrumes tout en proposant une audacieuse note d&rsquo;exotisme avec ses quelques tranches de kiwi. Une recette qui saura donner le go\u00fbt des th\u00e9s russes aux n\u00e9ophytes tout en aiguisant\u00a0la curiosit\u00e9 des amateurs des th\u00e9s du genre.<\/p>\n<p style=\"text-align: justify;\"><strong>Saveur :<\/strong> fruit\u00e9e, russe<\/p>\n<p style=\"text-align: justify;\"><strong>Composition :<\/strong>\u00a0th\u00e9 noir ceylan, \u00e9corces de mandarine, ar\u00f4me naturel, tranche de kiwi, passiflore, fleur de soucis, quartier d&rsquo;orange, racine de liv\u00e8che<\/p>\n","protected":false},"featured_media":2264,"template":"","meta":{"jetpack_publicize_message":"","jetpack_publicize_feature_enabled":true,"jetpack_social_post_already_shared":false,"jetpack_social_options":{"image_generator_settings":{"template":"highway","default_image_id":0,"font":"","enabled":false},"version":2}},"product_brand":[],"product_cat":[79,94,46],"product_tag":[113,139,138,101,140,100,137,121],"class_list":{"0":"post-1405","1":"product","2":"type-product","3":"status-publish","4":"has-post-thumbnail","6":"product_cat-fruitee","7":"product_cat-russe","8":"product_cat-the-noir","9":"product_tag-fleurs-de-soucis","10":"product_tag-kiwi","11":"product_tag-mandarine","12":"product_tag-orange","13":"product_tag-passiflore","14":"product_tag-saveur-fruitee","15":"product_tag-saveur-the-russe","16":"product_tag-the-noir","18":"first","19":"instock","20":"taxable","21":"shipping-taxable","22":"purchasable","23":"product-type-simple"},"yoast_head":"<!-- This site is optimized with the Yoast SEO plugin v27.6 - https:\/\/yoast.com\/product\/yoast-seo-wordpress\/ -->\n<title>Vladivostock Summer - Le GentleCat - Teashop<\/title>\n<meta name=\"robots\" content=\"index, follow, max-snippet:-1, max-image-preview:large, max-video-preview:-1\" \/>\n<link rel=\"canonical\" href=\"https:\/\/legentlecat.fr\/shop\/index.php\/produit\/vladivostock-summer\/\" \/>\n<meta property=\"og:locale\" content=\"fr_FR\" \/>\n<meta property=\"og:type\" content=\"article\" \/>\n<meta property=\"og:title\" content=\"Vladivostock Summer - Le GentleCat - Teashop\" \/>\n<meta property=\"og:description\" content=\"Sac herm\u00e9tique de 100 g\u00a0-\u00a0Ce th\u00e9 russe apparemment tr\u00e8s traditionnel allie la force du th\u00e9 noir aux saveurs acidul\u00e9es des agrumes tout en proposant une audacieuse note d&#039;exotisme avec ses quelques tranches de kiwi. Une recette qui saura donner le go\u00fbt des th\u00e9s russes aux n\u00e9ophytes tout en aiguisant\u00a0la curiosit\u00e9 des amateurs des th\u00e9s du genre. Saveur : fruit\u00e9e, russe Composition :\u00a0th\u00e9 noir ceylan, \u00e9corces de mandarine, ar\u00f4me naturel, tranche de kiwi, passiflore, fleur de soucis, quartier d&#039;orange, racine de liv\u00e8che\" \/>\n<meta property=\"og:url\" content=\"https:\/\/legentlecat.fr\/shop\/index.php\/produit\/vladivostock-summer\/\" \/>\n<meta property=\"og:site_name\" content=\"Le GentleCat - Teashop\" \/>\n<meta property=\"article:modified_time\" content=\"2022-12-02T12:28:07+00:00\" \/>\n<meta property=\"og:image\" content=\"https:\/\/legentlecat.fr\/shop\/wp-content\/uploads\/2017\/03\/vladi-819x1024.png\" \/>\n\t<meta property=\"og:image:width\" content=\"819\" \/>\n\t<meta property=\"og:image:height\" content=\"1024\" \/>\n\t<meta property=\"og:image:type\" content=\"image\/png\" \/>\n<meta name=\"twitter:card\" content=\"summary_large_image\" \/>\n<script type=\"application\/ld+json\" class=\"yoast-schema-graph\">{\"@context\":\"https:\\\/\\\/schema.org\",\"@graph\":[{\"@type\":\"WebPage\",\"@id\":\"https:\\\/\\\/legentlecat.fr\\\/shop\\\/index.php\\\/produit\\\/vladivostock-summer\\\/\",\"url\":\"https:\\\/\\\/legentlecat.fr\\\/shop\\\/index.php\\\/produit\\\/vladivostock-summer\\\/\",\"name\":\"Vladivostock Summer - Le GentleCat - Teashop\",\"isPartOf\":{\"@id\":\"https:\\\/\\\/legentlecat.fr\\\/shop\\\/#website\"},\"primaryImageOfPage\":{\"@id\":\"https:\\\/\\\/legentlecat.fr\\\/shop\\\/index.php\\\/produit\\\/vladivostock-summer\\\/#primaryimage\"},\"image\":{\"@id\":\"https:\\\/\\\/legentlecat.fr\\\/shop\\\/index.php\\\/produit\\\/vladivostock-summer\\\/#primaryimage\"},\"thumbnailUrl\":\"https:\\\/\\\/i0.wp.com\\\/legentlecat.fr\\\/shop\\\/wp-content\\\/uploads\\\/2017\\\/03\\\/vladi.png?fit=1500%2C1875&ssl=1\",\"datePublished\":\"2017-03-19T22:55:22+00:00\",\"dateModified\":\"2022-12-02T12:28:07+00:00\",\"breadcrumb\":{\"@id\":\"https:\\\/\\\/legentlecat.fr\\\/shop\\\/index.php\\\/produit\\\/vladivostock-summer\\\/#breadcrumb\"},\"inLanguage\":\"fr-FR\",\"potentialAction\":[{\"@type\":\"ReadAction\",\"target\":[\"https:\\\/\\\/legentlecat.fr\\\/shop\\\/index.php\\\/produit\\\/vladivostock-summer\\\/\"]}]},{\"@type\":\"ImageObject\",\"inLanguage\":\"fr-FR\",\"@id\":\"https:\\\/\\\/legentlecat.fr\\\/shop\\\/index.php\\\/produit\\\/vladivostock-summer\\\/#primaryimage\",\"url\":\"https:\\\/\\\/i0.wp.com\\\/legentlecat.fr\\\/shop\\\/wp-content\\\/uploads\\\/2017\\\/03\\\/vladi.png?fit=1500%2C1875&ssl=1\",\"contentUrl\":\"https:\\\/\\\/i0.wp.com\\\/legentlecat.fr\\\/shop\\\/wp-content\\\/uploads\\\/2017\\\/03\\\/vladi.png?fit=1500%2C1875&ssl=1\",\"width\":1500,\"height\":1875},{\"@type\":\"BreadcrumbList\",\"@id\":\"https:\\\/\\\/legentlecat.fr\\\/shop\\\/index.php\\\/produit\\\/vladivostock-summer\\\/#breadcrumb\",\"itemListElement\":[{\"@type\":\"ListItem\",\"position\":1,\"name\":\"Accueil\",\"item\":\"https:\\\/\\\/legentlecat.fr\\\/shop\\\/\"},{\"@type\":\"ListItem\",\"position\":2,\"name\":\"Shop\",\"item\":\"https:\\\/\\\/legentlecat.fr\\\/shop\\\/index.php\\\/shop\\\/\"},{\"@type\":\"ListItem\",\"position\":3,\"name\":\"Vladivostock Summer\"}]},{\"@type\":\"WebSite\",\"@id\":\"https:\\\/\\\/legentlecat.fr\\\/shop\\\/#website\",\"url\":\"https:\\\/\\\/legentlecat.fr\\\/shop\\\/\",\"name\":\"Le GentleCat - Teashop\",\"description\":\"La boutique de th\u00e9 en ligne\",\"potentialAction\":[{\"@type\":\"SearchAction\",\"target\":{\"@type\":\"EntryPoint\",\"urlTemplate\":\"https:\\\/\\\/legentlecat.fr\\\/shop\\\/?s={search_term_string}\"},\"query-input\":{\"@type\":\"PropertyValueSpecification\",\"valueRequired\":true,\"valueName\":\"search_term_string\"}}],\"inLanguage\":\"fr-FR\"}]}<\/script>\n<!-- \/ Yoast SEO plugin. -->","yoast_head_json":{"title":"Vladivostock Summer - Le GentleCat - Teashop","robots":{"index":"index","follow":"follow","max-snippet":"max-snippet:-1","max-image-preview":"max-image-preview:large","max-video-preview":"max-video-preview:-1"},"canonical":"https:\/\/legentlecat.fr\/shop\/index.php\/produit\/vladivostock-summer\/","og_locale":"fr_FR","og_type":"article","og_title":"Vladivostock Summer - Le GentleCat - Teashop","og_description":"Sac herm\u00e9tique de 100 g\u00a0-\u00a0Ce th\u00e9 russe apparemment tr\u00e8s traditionnel allie la force du th\u00e9 noir aux saveurs acidul\u00e9es des agrumes tout en proposant une audacieuse note d'exotisme avec ses quelques tranches de kiwi. Une recette qui saura donner le go\u00fbt des th\u00e9s russes aux n\u00e9ophytes tout en aiguisant\u00a0la curiosit\u00e9 des amateurs des th\u00e9s du genre. Saveur : fruit\u00e9e, russe Composition :\u00a0th\u00e9 noir ceylan, \u00e9corces de mandarine, ar\u00f4me naturel, tranche de kiwi, passiflore, fleur de soucis, quartier d'orange, racine de liv\u00e8che","og_url":"https:\/\/legentlecat.fr\/shop\/index.php\/produit\/vladivostock-summer\/","og_site_name":"Le GentleCat - Teashop","article_modified_time":"2022-12-02T12:28:07+00:00","og_image":[{"width":819,"height":1024,"url":"https:\/\/legentlecat.fr\/shop\/wp-content\/uploads\/2017\/03\/vladi-819x1024.png","type":"image\/png"}],"twitter_card":"summary_large_image","schema":{"@context":"https:\/\/schema.org","@graph":[{"@type":"WebPage","@id":"https:\/\/legentlecat.fr\/shop\/index.php\/produit\/vladivostock-summer\/","url":"https:\/\/legentlecat.fr\/shop\/index.php\/produit\/vladivostock-summer\/","name":"Vladivostock Summer - Le GentleCat - Teashop","isPartOf":{"@id":"https:\/\/legentlecat.fr\/shop\/#website"},"primaryImageOfPage":{"@id":"https:\/\/legentlecat.fr\/shop\/index.php\/produit\/vladivostock-summer\/#primaryimage"},"image":{"@id":"https:\/\/legentlecat.fr\/shop\/index.php\/produit\/vladivostock-summer\/#primaryimage"},"thumbnailUrl":"https:\/\/i0.wp.com\/legentlecat.fr\/shop\/wp-content\/uploads\/2017\/03\/vladi.png?fit=1500%2C1875&ssl=1","datePublished":"2017-03-19T22:55:22+00:00","dateModified":"2022-12-02T12:28:07+00:00","breadcrumb":{"@id":"https:\/\/legentlecat.fr\/shop\/index.php\/produit\/vladivostock-summer\/#breadcrumb"},"inLanguage":"fr-FR","potentialAction":[{"@type":"ReadAction","target":["https:\/\/legentlecat.fr\/shop\/index.php\/produit\/vladivostock-summer\/"]}]},{"@type":"ImageObject","inLanguage":"fr-FR","@id":"https:\/\/legentlecat.fr\/shop\/index.php\/produit\/vladivostock-summer\/#primaryimage","url":"https:\/\/i0.wp.com\/legentlecat.fr\/shop\/wp-content\/uploads\/2017\/03\/vladi.png?fit=1500%2C1875&ssl=1","contentUrl":"https:\/\/i0.wp.com\/legentlecat.fr\/shop\/wp-content\/uploads\/2017\/03\/vladi.png?fit=1500%2C1875&ssl=1","width":1500,"height":1875},{"@type":"BreadcrumbList","@id":"https:\/\/legentlecat.fr\/shop\/index.php\/produit\/vladivostock-summer\/#breadcrumb","itemListElement":[{"@type":"ListItem","position":1,"name":"Accueil","item":"https:\/\/legentlecat.fr\/shop\/"},{"@type":"ListItem","position":2,"name":"Shop","item":"https:\/\/legentlecat.fr\/shop\/index.php\/shop\/"},{"@type":"ListItem","position":3,"name":"Vladivostock Summer"}]},{"@type":"WebSite","@id":"https:\/\/legentlecat.fr\/shop\/#website","url":"https:\/\/legentlecat.fr\/shop\/","name":"Le GentleCat - Teashop","description":"La boutique de th\u00e9 en ligne","potentialAction":[{"@type":"SearchAction","target":{"@type":"EntryPoint","urlTemplate":"https:\/\/legentlecat.fr\/shop\/?s={search_term_string}"},"query-input":{"@type":"PropertyValueSpecification","valueRequired":true,"valueName":"search_term_string"}}],"inLanguage":"fr-FR"}]}},"jetpack_publicize_connections":[],"jetpack_sharing_enabled":true,"jetpack-related-posts":[{"id":1384,"url":"https:\/\/legentlecat.fr\/shop\/index.php\/produit\/russian-orange-earl-grey\/","url_meta":{"origin":1405,"position":0},"title":"Russian Orange Earl Grey","author":"Jimmy RIOT","date":"19 mars 2017","format":false,"excerpt":"Sac herm\u00e9tique de 100 g\u00a0-\u00a0Ce th\u00e9 est un mi-chemin entre un th\u00e9 russe et un earl grey : un v\u00e9ritable trio d\u00e9tonnant de saveurs. La recette associe la force du th\u00e9 noir Sri Lankais aux notes acidul\u00e9es des agrumes et \u00e0 la gourmandise de la bergamote. Une recette \u00e0 l'\u00e9quilibre\u2026","rel":"","context":"Article similaire","block_context":{"text":"Article similaire","link":""},"img":{"alt_text":"","src":"https:\/\/i0.wp.com\/legentlecat.fr\/shop\/wp-content\/uploads\/2017\/03\/russian-orange-eg.png?fit=960%2C1200&ssl=1&resize=350%2C200","width":350,"height":200,"srcset":"https:\/\/i0.wp.com\/legentlecat.fr\/shop\/wp-content\/uploads\/2017\/03\/russian-orange-eg.png?fit=960%2C1200&ssl=1&resize=350%2C200 1x, https:\/\/i0.wp.com\/legentlecat.fr\/shop\/wp-content\/uploads\/2017\/03\/russian-orange-eg.png?fit=960%2C1200&ssl=1&resize=525%2C300 1.5x, https:\/\/i0.wp.com\/legentlecat.fr\/shop\/wp-content\/uploads\/2017\/03\/russian-orange-eg.png?fit=960%2C1200&ssl=1&resize=700%2C400 2x"},"classes":[]},{"id":1363,"url":"https:\/\/legentlecat.fr\/shop\/index.php\/produit\/russian-lime-earl-grey\/","url_meta":{"origin":1405,"position":1},"title":"Russian Lime Earl Grey","author":"Jimmy RIOT","date":"19 mars 2017","format":false,"excerpt":"Sac herm\u00e9tique de 100 g\u00a0-\u00a0Ce th\u00e9 russe est sans conteste le plus acidul\u00e9 de notre gamme. Sa limette lui conf\u00e8re une saveur extr\u00eamement fruit\u00e9e. Les notes de bergamote en font un discret earl grey mais permettent surtout de ma\u00eetriser parfaitement l'acidit\u00e9 du citron vert en y apportant beaucoup de douceur.\u2026","rel":"","context":"Article similaire","block_context":{"text":"Article similaire","link":""},"img":{"alt_text":"","src":"https:\/\/i0.wp.com\/legentlecat.fr\/shop\/wp-content\/uploads\/2017\/03\/russian-lime-eg.png?fit=960%2C1200&ssl=1&resize=350%2C200","width":350,"height":200,"srcset":"https:\/\/i0.wp.com\/legentlecat.fr\/shop\/wp-content\/uploads\/2017\/03\/russian-lime-eg.png?fit=960%2C1200&ssl=1&resize=350%2C200 1x, https:\/\/i0.wp.com\/legentlecat.fr\/shop\/wp-content\/uploads\/2017\/03\/russian-lime-eg.png?fit=960%2C1200&ssl=1&resize=525%2C300 1.5x, https:\/\/i0.wp.com\/legentlecat.fr\/shop\/wp-content\/uploads\/2017\/03\/russian-lime-eg.png?fit=960%2C1200&ssl=1&resize=700%2C400 2x"},"classes":[]},{"id":1426,"url":"https:\/\/legentlecat.fr\/shop\/index.php\/produit\/russian-cassis-bio\/","url_meta":{"origin":1405,"position":2},"title":"Russian Cassis BIO","author":"Jimmy RIOT","date":"20 mars 2017","format":false,"excerpt":"Sac herm\u00e9tique de 100 g\u00a0-\u00a0Ce th\u00e9 russe propose un \u00e9quilibre subtil entre les notes cors\u00e9es des feuilles de cassis et les notes d\u00e9licatement fruit\u00e9es des baies de cassis et de groseille. Il est tout aussi agr\u00e9able pour se r\u00e9chauffer lors des soir\u00e9es d'un hiver vigoureux que pour se d\u00e9salt\u00e9rer lors\u2026","rel":"","context":"Article similaire","block_context":{"text":"Article similaire","link":""},"img":{"alt_text":"","src":"https:\/\/i0.wp.com\/legentlecat.fr\/shop\/wp-content\/uploads\/2017\/03\/cassis.png?fit=960%2C1200&ssl=1&resize=350%2C200","width":350,"height":200,"srcset":"https:\/\/i0.wp.com\/legentlecat.fr\/shop\/wp-content\/uploads\/2017\/03\/cassis.png?fit=960%2C1200&ssl=1&resize=350%2C200 1x, https:\/\/i0.wp.com\/legentlecat.fr\/shop\/wp-content\/uploads\/2017\/03\/cassis.png?fit=960%2C1200&ssl=1&resize=525%2C300 1.5x, https:\/\/i0.wp.com\/legentlecat.fr\/shop\/wp-content\/uploads\/2017\/03\/cassis.png?fit=960%2C1200&ssl=1&resize=700%2C400 2x"},"classes":[]},{"id":1468,"url":"https:\/\/legentlecat.fr\/shop\/index.php\/produit\/exotic-earl-grey\/","url_meta":{"origin":1405,"position":3},"title":"Exotic Earl Grey","author":"Jimmy RIOT","date":"20 mars 2017","format":false,"excerpt":"Sac herm\u00e9tique de 100 g\u00a0-\u00a0Les amateurs de th\u00e9s earl grey ne pourront qu'appr\u00e9cier cette variation fruit\u00e9e du traditionnel th\u00e9 noir \u00e0 la bergamote. Cette recette riche en touches florales et en fruits confits vous offrira un go\u00fbt doux et sucr\u00e9, aussi agr\u00e9able chaud qu'en infusion glac\u00e9e. Saveur :\u00a0earl grey, fruit\u00e9e\u2026","rel":"","context":"Article similaire","block_context":{"text":"Article similaire","link":""},"img":{"alt_text":"","src":"https:\/\/i0.wp.com\/legentlecat.fr\/shop\/wp-content\/uploads\/2017\/03\/exotic-earl-grey.png?fit=960%2C1200&ssl=1&resize=350%2C200","width":350,"height":200,"srcset":"https:\/\/i0.wp.com\/legentlecat.fr\/shop\/wp-content\/uploads\/2017\/03\/exotic-earl-grey.png?fit=960%2C1200&ssl=1&resize=350%2C200 1x, https:\/\/i0.wp.com\/legentlecat.fr\/shop\/wp-content\/uploads\/2017\/03\/exotic-earl-grey.png?fit=960%2C1200&ssl=1&resize=525%2C300 1.5x, https:\/\/i0.wp.com\/legentlecat.fr\/shop\/wp-content\/uploads\/2017\/03\/exotic-earl-grey.png?fit=960%2C1200&ssl=1&resize=700%2C400 2x"},"classes":[]},{"id":1531,"url":"https:\/\/legentlecat.fr\/shop\/index.php\/produit\/verveine-acidulee-bio\/","url_meta":{"origin":1405,"position":4},"title":"Verveine Acidul\u00e9e BIO","author":"Jimmy RIOT","date":"20 mars 2017","format":false,"excerpt":"Sac herm\u00e9tique de 100 g\u00a0-\u00a0Ce m\u00e9lange bio de th\u00e9s verts et de th\u00e9s blancs r\u00e9v\u00e8le toutes les saveurs de la verveine en y conjuguant des notes acidul\u00e9es d'agrumes. C'est un th\u00e9 vert fin et d\u00e9licat qui saura ravir les palais des amateurs les plus \u00e9clair\u00e9s. Saveur : v\u00e9g\u00e9tale, fruit\u00e9e Composition\u2026","rel":"","context":"Article similaire","block_context":{"text":"Article similaire","link":""},"img":{"alt_text":"","src":"https:\/\/i0.wp.com\/legentlecat.fr\/shop\/wp-content\/uploads\/2017\/03\/pic-verveine.png?fit=960%2C1200&ssl=1&resize=350%2C200","width":350,"height":200,"srcset":"https:\/\/i0.wp.com\/legentlecat.fr\/shop\/wp-content\/uploads\/2017\/03\/pic-verveine.png?fit=960%2C1200&ssl=1&resize=350%2C200 1x, https:\/\/i0.wp.com\/legentlecat.fr\/shop\/wp-content\/uploads\/2017\/03\/pic-verveine.png?fit=960%2C1200&ssl=1&resize=525%2C300 1.5x, https:\/\/i0.wp.com\/legentlecat.fr\/shop\/wp-content\/uploads\/2017\/03\/pic-verveine.png?fit=960%2C1200&ssl=1&resize=700%2C400 2x"},"classes":[]},{"id":436,"url":"https:\/\/legentlecat.fr\/shop\/index.php\/produit\/ice-tea-passion\/","url_meta":{"origin":1405,"position":5},"title":"Ice tea Passion","author":"Jimmy RIOT","date":"13 mars 2017","format":false,"excerpt":"Sac herm\u00e9tique de 100 g\u00a0-\u00a0Le th\u00e9 Ice Tea saveur Passion est un th\u00e9 vert id\u00e9al pour les pr\u00e9parations de th\u00e9s glac\u00e9s. Pour se faire, il suffit de faire infuser le th\u00e9 dans une eau \u00e0 temp\u00e9rature ambiante pendant 5 heures puis de retirer le sachet de th\u00e9 pour y ajouter\u2026","rel":"","context":"Article similaire","block_context":{"text":"Article similaire","link":""},"img":{"alt_text":"","src":"https:\/\/i0.wp.com\/legentlecat.fr\/shop\/wp-content\/uploads\/2017\/03\/icetea-passion.png?fit=960%2C1200&ssl=1&resize=350%2C200","width":350,"height":200,"srcset":"https:\/\/i0.wp.com\/legentlecat.fr\/shop\/wp-content\/uploads\/2017\/03\/icetea-passion.png?fit=960%2C1200&ssl=1&resize=350%2C200 1x, https:\/\/i0.wp.com\/legentlecat.fr\/shop\/wp-content\/uploads\/2017\/03\/icetea-passion.png?fit=960%2C1200&ssl=1&resize=525%2C300 1.5x, https:\/\/i0.wp.com\/legentlecat.fr\/shop\/wp-content\/uploads\/2017\/03\/icetea-passion.png?fit=960%2C1200&ssl=1&resize=700%2C400 2x"},"classes":[]}],"_links":{"self":[{"href":"https:\/\/legentlecat.fr\/shop\/index.php\/wp-json\/wp\/v2\/product\/1405","targetHints":{"allow":["GET"]}}],"collection":[{"href":"https:\/\/legentlecat.fr\/shop\/index.php\/wp-json\/wp\/v2\/product"}],"about":[{"href":"https:\/\/legentlecat.fr\/shop\/index.php\/wp-json\/wp\/v2\/types\/product"}],"wp:featuredmedia":[{"embeddable":true,"href":"https:\/\/legentlecat.fr\/shop\/index.php\/wp-json\/wp\/v2\/media\/2264"}],"wp:attachment":[{"href":"https:\/\/legentlecat.fr\/shop\/index.php\/wp-json\/wp\/v2\/media?parent=1405"}],"wp:term":[{"taxonomy":"product_brand","embeddable":true,"href":"https:\/\/legentlecat.fr\/shop\/index.php\/wp-json\/wp\/v2\/product_brand?post=1405"},{"taxonomy":"product_cat","embeddable":true,"href":"https:\/\/legentlecat.fr\/shop\/index.php\/wp-json\/wp\/v2\/product_cat?post=1405"},{"taxonomy":"product_tag","embeddable":true,"href":"https:\/\/legentlecat.fr\/shop\/index.php\/wp-json\/wp\/v2\/product_tag?post=1405"}],"curies":[{"name":"wp","href":"https:\/\/api.w.org\/{rel}","templated":true}]}}