{"id":1384,"date":"2017-03-19T23:51:40","date_gmt":"2017-03-19T22:51:40","guid":{"rendered":"http:\/\/legentlecat.fr\/comptoir-a-thes\/produit\/russian-orange-earl-grey\/"},"modified":"2022-12-02T13:36:14","modified_gmt":"2022-12-02T12:36:14","slug":"russian-orange-earl-grey","status":"publish","type":"product","link":"https:\/\/legentlecat.fr\/shop\/index.php\/produit\/russian-orange-earl-grey\/","title":{"rendered":"Russian Orange Earl Grey"},"content":{"rendered":"","protected":false},"excerpt":{"rendered":"<p style=\"text-align: justify;\"><img loading=\"lazy\" decoding=\"async\" class=\"size-full wp-image-2234 aligncenter\" src=\"http:\/\/legentlecat.fr\/shop\/wp-content\/uploads\/2017\/03\/pu-erh.jpg\" alt=\"\" width=\"250\" height=\"77\" \/><\/p>\n<p style=\"text-align: justify;\"><strong>Sac herm\u00e9tique de 100 g<\/strong>\u00a0&#8211;\u00a0Ce th\u00e9 est un mi-chemin entre un th\u00e9 russe et un earl grey : un v\u00e9ritable trio d\u00e9tonnant de saveurs. La recette associe la force du th\u00e9 noir Sri Lankais aux notes acidul\u00e9es des agrumes et \u00e0 la gourmandise de la bergamote. Une recette \u00e0 l&rsquo;\u00e9quilibre parfait.<\/p>\n<p style=\"text-align: justify;\"><strong>Saveur :<\/strong>\u00a0russe, fruit\u00e9e, earl grey<\/p>\n<p style=\"text-align: justify;\"><strong>Composition :<\/strong> th\u00e9 noir ceylan, quartiers d&rsquo;oranges, \u00e9corces de mandarine, ar\u00f4me naturel, granul\u00e9 de bergamote<\/p>\n","protected":false},"featured_media":2265,"template":"","meta":{"jetpack_post_was_ever_published":false,"jetpack_publicize_message":"","jetpack_publicize_feature_enabled":true,"jetpack_social_post_already_shared":false,"jetpack_social_options":{"image_generator_settings":{"template":"highway","default_image_id":0,"font":"","enabled":false},"version":2}},"product_brand":[],"product_cat":[211,93,79,94,46],"product_tag":[109,138,101,96,100,137,121],"class_list":{"0":"post-1384","1":"product","2":"type-product","3":"status-publish","4":"has-post-thumbnail","6":"product_cat-noelsaveurs","7":"product_cat-earlgrey","8":"product_cat-fruitee","9":"product_cat-russe","10":"product_cat-the-noir","11":"product_tag-bergamote","12":"product_tag-mandarine","13":"product_tag-orange","14":"product_tag-saveur-earl-grey","15":"product_tag-saveur-fruitee","16":"product_tag-saveur-the-russe","17":"product_tag-the-noir","19":"first","20":"instock","21":"taxable","22":"shipping-taxable","23":"purchasable","24":"product-type-simple"},"yoast_head":"<!-- This site is optimized with the Yoast SEO plugin v27.4 - https:\/\/yoast.com\/product\/yoast-seo-wordpress\/ -->\n<title>Russian Orange Earl Grey - Le GentleCat - Teashop<\/title>\n<meta name=\"robots\" content=\"index, follow, max-snippet:-1, max-image-preview:large, max-video-preview:-1\" \/>\n<link rel=\"canonical\" href=\"https:\/\/legentlecat.fr\/shop\/index.php\/produit\/russian-orange-earl-grey\/\" \/>\n<meta property=\"og:locale\" content=\"fr_FR\" \/>\n<meta property=\"og:type\" content=\"article\" \/>\n<meta property=\"og:title\" content=\"Russian Orange Earl Grey - Le GentleCat - Teashop\" \/>\n<meta property=\"og:description\" content=\"Sac herm\u00e9tique de 100 g\u00a0-\u00a0Ce th\u00e9 est un mi-chemin entre un th\u00e9 russe et un earl grey : un v\u00e9ritable trio d\u00e9tonnant de saveurs. La recette associe la force du th\u00e9 noir Sri Lankais aux notes acidul\u00e9es des agrumes et \u00e0 la gourmandise de la bergamote. Une recette \u00e0 l&#039;\u00e9quilibre parfait. Saveur :\u00a0russe, fruit\u00e9e, earl grey Composition : th\u00e9 noir ceylan, quartiers d&#039;oranges, \u00e9corces de mandarine, ar\u00f4me naturel, granul\u00e9 de bergamote\" \/>\n<meta property=\"og:url\" content=\"https:\/\/legentlecat.fr\/shop\/index.php\/produit\/russian-orange-earl-grey\/\" \/>\n<meta property=\"og:site_name\" content=\"Le GentleCat - Teashop\" \/>\n<meta property=\"article:modified_time\" content=\"2022-12-02T12:36:14+00:00\" \/>\n<meta property=\"og:image\" content=\"https:\/\/legentlecat.fr\/shop\/wp-content\/uploads\/2017\/03\/russian-orange-eg-819x1024.png\" \/>\n\t<meta property=\"og:image:width\" content=\"819\" \/>\n\t<meta property=\"og:image:height\" content=\"1024\" \/>\n\t<meta property=\"og:image:type\" content=\"image\/png\" \/>\n<meta name=\"twitter:card\" content=\"summary_large_image\" \/>\n<script type=\"application\/ld+json\" class=\"yoast-schema-graph\">{\"@context\":\"https:\\\/\\\/schema.org\",\"@graph\":[{\"@type\":\"WebPage\",\"@id\":\"https:\\\/\\\/legentlecat.fr\\\/shop\\\/index.php\\\/produit\\\/russian-orange-earl-grey\\\/\",\"url\":\"https:\\\/\\\/legentlecat.fr\\\/shop\\\/index.php\\\/produit\\\/russian-orange-earl-grey\\\/\",\"name\":\"Russian Orange Earl Grey - Le GentleCat - Teashop\",\"isPartOf\":{\"@id\":\"https:\\\/\\\/legentlecat.fr\\\/shop\\\/#website\"},\"primaryImageOfPage\":{\"@id\":\"https:\\\/\\\/legentlecat.fr\\\/shop\\\/index.php\\\/produit\\\/russian-orange-earl-grey\\\/#primaryimage\"},\"image\":{\"@id\":\"https:\\\/\\\/legentlecat.fr\\\/shop\\\/index.php\\\/produit\\\/russian-orange-earl-grey\\\/#primaryimage\"},\"thumbnailUrl\":\"https:\\\/\\\/i0.wp.com\\\/legentlecat.fr\\\/shop\\\/wp-content\\\/uploads\\\/2017\\\/03\\\/russian-orange-eg.png?fit=1500%2C1875&ssl=1\",\"datePublished\":\"2017-03-19T22:51:40+00:00\",\"dateModified\":\"2022-12-02T12:36:14+00:00\",\"breadcrumb\":{\"@id\":\"https:\\\/\\\/legentlecat.fr\\\/shop\\\/index.php\\\/produit\\\/russian-orange-earl-grey\\\/#breadcrumb\"},\"inLanguage\":\"fr-FR\",\"potentialAction\":[{\"@type\":\"ReadAction\",\"target\":[\"https:\\\/\\\/legentlecat.fr\\\/shop\\\/index.php\\\/produit\\\/russian-orange-earl-grey\\\/\"]}]},{\"@type\":\"ImageObject\",\"inLanguage\":\"fr-FR\",\"@id\":\"https:\\\/\\\/legentlecat.fr\\\/shop\\\/index.php\\\/produit\\\/russian-orange-earl-grey\\\/#primaryimage\",\"url\":\"https:\\\/\\\/i0.wp.com\\\/legentlecat.fr\\\/shop\\\/wp-content\\\/uploads\\\/2017\\\/03\\\/russian-orange-eg.png?fit=1500%2C1875&ssl=1\",\"contentUrl\":\"https:\\\/\\\/i0.wp.com\\\/legentlecat.fr\\\/shop\\\/wp-content\\\/uploads\\\/2017\\\/03\\\/russian-orange-eg.png?fit=1500%2C1875&ssl=1\",\"width\":1500,\"height\":1875},{\"@type\":\"BreadcrumbList\",\"@id\":\"https:\\\/\\\/legentlecat.fr\\\/shop\\\/index.php\\\/produit\\\/russian-orange-earl-grey\\\/#breadcrumb\",\"itemListElement\":[{\"@type\":\"ListItem\",\"position\":1,\"name\":\"Accueil\",\"item\":\"https:\\\/\\\/legentlecat.fr\\\/shop\\\/\"},{\"@type\":\"ListItem\",\"position\":2,\"name\":\"Shop\",\"item\":\"https:\\\/\\\/legentlecat.fr\\\/shop\\\/index.php\\\/shop\\\/\"},{\"@type\":\"ListItem\",\"position\":3,\"name\":\"Russian Orange Earl Grey\"}]},{\"@type\":\"WebSite\",\"@id\":\"https:\\\/\\\/legentlecat.fr\\\/shop\\\/#website\",\"url\":\"https:\\\/\\\/legentlecat.fr\\\/shop\\\/\",\"name\":\"Le GentleCat - Teashop\",\"description\":\"La boutique de th\u00e9 en ligne\",\"potentialAction\":[{\"@type\":\"SearchAction\",\"target\":{\"@type\":\"EntryPoint\",\"urlTemplate\":\"https:\\\/\\\/legentlecat.fr\\\/shop\\\/?s={search_term_string}\"},\"query-input\":{\"@type\":\"PropertyValueSpecification\",\"valueRequired\":true,\"valueName\":\"search_term_string\"}}],\"inLanguage\":\"fr-FR\"}]}<\/script>\n<!-- \/ Yoast SEO plugin. -->","yoast_head_json":{"title":"Russian Orange Earl Grey - Le GentleCat - Teashop","robots":{"index":"index","follow":"follow","max-snippet":"max-snippet:-1","max-image-preview":"max-image-preview:large","max-video-preview":"max-video-preview:-1"},"canonical":"https:\/\/legentlecat.fr\/shop\/index.php\/produit\/russian-orange-earl-grey\/","og_locale":"fr_FR","og_type":"article","og_title":"Russian Orange Earl Grey - Le GentleCat - Teashop","og_description":"Sac herm\u00e9tique de 100 g\u00a0-\u00a0Ce th\u00e9 est un mi-chemin entre un th\u00e9 russe et un earl grey : un v\u00e9ritable trio d\u00e9tonnant de saveurs. La recette associe la force du th\u00e9 noir Sri Lankais aux notes acidul\u00e9es des agrumes et \u00e0 la gourmandise de la bergamote. Une recette \u00e0 l'\u00e9quilibre parfait. Saveur :\u00a0russe, fruit\u00e9e, earl grey Composition : th\u00e9 noir ceylan, quartiers d'oranges, \u00e9corces de mandarine, ar\u00f4me naturel, granul\u00e9 de bergamote","og_url":"https:\/\/legentlecat.fr\/shop\/index.php\/produit\/russian-orange-earl-grey\/","og_site_name":"Le GentleCat - Teashop","article_modified_time":"2022-12-02T12:36:14+00:00","og_image":[{"width":819,"height":1024,"url":"https:\/\/legentlecat.fr\/shop\/wp-content\/uploads\/2017\/03\/russian-orange-eg-819x1024.png","type":"image\/png"}],"twitter_card":"summary_large_image","schema":{"@context":"https:\/\/schema.org","@graph":[{"@type":"WebPage","@id":"https:\/\/legentlecat.fr\/shop\/index.php\/produit\/russian-orange-earl-grey\/","url":"https:\/\/legentlecat.fr\/shop\/index.php\/produit\/russian-orange-earl-grey\/","name":"Russian Orange Earl Grey - Le GentleCat - Teashop","isPartOf":{"@id":"https:\/\/legentlecat.fr\/shop\/#website"},"primaryImageOfPage":{"@id":"https:\/\/legentlecat.fr\/shop\/index.php\/produit\/russian-orange-earl-grey\/#primaryimage"},"image":{"@id":"https:\/\/legentlecat.fr\/shop\/index.php\/produit\/russian-orange-earl-grey\/#primaryimage"},"thumbnailUrl":"https:\/\/i0.wp.com\/legentlecat.fr\/shop\/wp-content\/uploads\/2017\/03\/russian-orange-eg.png?fit=1500%2C1875&ssl=1","datePublished":"2017-03-19T22:51:40+00:00","dateModified":"2022-12-02T12:36:14+00:00","breadcrumb":{"@id":"https:\/\/legentlecat.fr\/shop\/index.php\/produit\/russian-orange-earl-grey\/#breadcrumb"},"inLanguage":"fr-FR","potentialAction":[{"@type":"ReadAction","target":["https:\/\/legentlecat.fr\/shop\/index.php\/produit\/russian-orange-earl-grey\/"]}]},{"@type":"ImageObject","inLanguage":"fr-FR","@id":"https:\/\/legentlecat.fr\/shop\/index.php\/produit\/russian-orange-earl-grey\/#primaryimage","url":"https:\/\/i0.wp.com\/legentlecat.fr\/shop\/wp-content\/uploads\/2017\/03\/russian-orange-eg.png?fit=1500%2C1875&ssl=1","contentUrl":"https:\/\/i0.wp.com\/legentlecat.fr\/shop\/wp-content\/uploads\/2017\/03\/russian-orange-eg.png?fit=1500%2C1875&ssl=1","width":1500,"height":1875},{"@type":"BreadcrumbList","@id":"https:\/\/legentlecat.fr\/shop\/index.php\/produit\/russian-orange-earl-grey\/#breadcrumb","itemListElement":[{"@type":"ListItem","position":1,"name":"Accueil","item":"https:\/\/legentlecat.fr\/shop\/"},{"@type":"ListItem","position":2,"name":"Shop","item":"https:\/\/legentlecat.fr\/shop\/index.php\/shop\/"},{"@type":"ListItem","position":3,"name":"Russian Orange Earl Grey"}]},{"@type":"WebSite","@id":"https:\/\/legentlecat.fr\/shop\/#website","url":"https:\/\/legentlecat.fr\/shop\/","name":"Le GentleCat - Teashop","description":"La boutique de th\u00e9 en ligne","potentialAction":[{"@type":"SearchAction","target":{"@type":"EntryPoint","urlTemplate":"https:\/\/legentlecat.fr\/shop\/?s={search_term_string}"},"query-input":{"@type":"PropertyValueSpecification","valueRequired":true,"valueName":"search_term_string"}}],"inLanguage":"fr-FR"}]}},"jetpack_publicize_connections":[],"jetpack_sharing_enabled":true,"jetpack-related-posts":[{"id":1363,"url":"https:\/\/legentlecat.fr\/shop\/index.php\/produit\/russian-lime-earl-grey\/","url_meta":{"origin":1384,"position":0},"title":"Russian Lime Earl Grey","author":"Jimmy RIOT","date":"19 mars 2017","format":false,"excerpt":"Sac herm\u00e9tique de 100 g\u00a0-\u00a0Ce th\u00e9 russe est sans conteste le plus acidul\u00e9 de notre gamme. Sa limette lui conf\u00e8re une saveur extr\u00eamement fruit\u00e9e. Les notes de bergamote en font un discret earl grey mais permettent surtout de ma\u00eetriser parfaitement l'acidit\u00e9 du citron vert en y apportant beaucoup de douceur.\u2026","rel":"","context":"Article similaire","block_context":{"text":"Article similaire","link":""},"img":{"alt_text":"","src":"https:\/\/i0.wp.com\/legentlecat.fr\/shop\/wp-content\/uploads\/2017\/03\/russian-lime-eg.png?fit=960%2C1200&ssl=1&resize=350%2C200","width":350,"height":200,"srcset":"https:\/\/i0.wp.com\/legentlecat.fr\/shop\/wp-content\/uploads\/2017\/03\/russian-lime-eg.png?fit=960%2C1200&ssl=1&resize=350%2C200 1x, https:\/\/i0.wp.com\/legentlecat.fr\/shop\/wp-content\/uploads\/2017\/03\/russian-lime-eg.png?fit=960%2C1200&ssl=1&resize=525%2C300 1.5x, https:\/\/i0.wp.com\/legentlecat.fr\/shop\/wp-content\/uploads\/2017\/03\/russian-lime-eg.png?fit=960%2C1200&ssl=1&resize=700%2C400 2x"},"classes":[]},{"id":1468,"url":"https:\/\/legentlecat.fr\/shop\/index.php\/produit\/exotic-earl-grey\/","url_meta":{"origin":1384,"position":1},"title":"Exotic Earl Grey","author":"Jimmy RIOT","date":"20 mars 2017","format":false,"excerpt":"Sac herm\u00e9tique de 100 g\u00a0-\u00a0Les amateurs de th\u00e9s earl grey ne pourront qu'appr\u00e9cier cette variation fruit\u00e9e du traditionnel th\u00e9 noir \u00e0 la bergamote. Cette recette riche en touches florales et en fruits confits vous offrira un go\u00fbt doux et sucr\u00e9, aussi agr\u00e9able chaud qu'en infusion glac\u00e9e. Saveur :\u00a0earl grey, fruit\u00e9e\u2026","rel":"","context":"Article similaire","block_context":{"text":"Article similaire","link":""},"img":{"alt_text":"","src":"https:\/\/i0.wp.com\/legentlecat.fr\/shop\/wp-content\/uploads\/2017\/03\/exotic-earl-grey.png?fit=960%2C1200&ssl=1&resize=350%2C200","width":350,"height":200,"srcset":"https:\/\/i0.wp.com\/legentlecat.fr\/shop\/wp-content\/uploads\/2017\/03\/exotic-earl-grey.png?fit=960%2C1200&ssl=1&resize=350%2C200 1x, https:\/\/i0.wp.com\/legentlecat.fr\/shop\/wp-content\/uploads\/2017\/03\/exotic-earl-grey.png?fit=960%2C1200&ssl=1&resize=525%2C300 1.5x, https:\/\/i0.wp.com\/legentlecat.fr\/shop\/wp-content\/uploads\/2017\/03\/exotic-earl-grey.png?fit=960%2C1200&ssl=1&resize=700%2C400 2x"},"classes":[]},{"id":605,"url":"https:\/\/legentlecat.fr\/shop\/index.php\/produit\/blue-earl-grey\/","url_meta":{"origin":1384,"position":2},"title":"Blue Earl Grey","author":"Jimmy RIOT","date":"13 mars 2017","format":false,"excerpt":"Sac herm\u00e9tique de 100 g\u00a0-\u00a0Profond\u00e9ment ancr\u00e9 dans la tradition anglaise, le th\u00e9 noir d'Inde \u00e0 la bergamote se d\u00e9guste au petit d\u00e9jeuner ou \u00e0 l'heure du th\u00e9. On peut le servir avec ou sans lait selon les go\u00fbts. Saveur : bergamote Composition :\u00a0th\u00e9 noir assam, ar\u00f4me naturel de bergamote et\u2026","rel":"","context":"Article similaire","block_context":{"text":"Article similaire","link":""},"img":{"alt_text":"","src":"https:\/\/i0.wp.com\/legentlecat.fr\/shop\/wp-content\/uploads\/2017\/03\/blue-earlgrey.png?fit=960%2C1200&ssl=1&resize=350%2C200","width":350,"height":200,"srcset":"https:\/\/i0.wp.com\/legentlecat.fr\/shop\/wp-content\/uploads\/2017\/03\/blue-earlgrey.png?fit=960%2C1200&ssl=1&resize=350%2C200 1x, https:\/\/i0.wp.com\/legentlecat.fr\/shop\/wp-content\/uploads\/2017\/03\/blue-earlgrey.png?fit=960%2C1200&ssl=1&resize=525%2C300 1.5x, https:\/\/i0.wp.com\/legentlecat.fr\/shop\/wp-content\/uploads\/2017\/03\/blue-earlgrey.png?fit=960%2C1200&ssl=1&resize=700%2C400 2x"},"classes":[]},{"id":1826,"url":"https:\/\/legentlecat.fr\/shop\/index.php\/produit\/white-earl-grey\/","url_meta":{"origin":1384,"position":3},"title":"White Earl Grey","author":"Jimmy RIOT","date":"20 mars 2017","format":false,"excerpt":"Sac herm\u00e9tique de 100 g - La saveur Earl Grey, trop souvent associ\u00e9e uniquement au th\u00e9 noir, se marie \u00e0 la perfection avec ce th\u00e9 blanc de haute qualit\u00e9 (du white monkey). A tout moment de la journ\u00e9e, vous pouvez vous d\u00e9lecter de la douce saveur de bergamote tout en\u2026","rel":"","context":"Article similaire","block_context":{"text":"Article similaire","link":""},"img":{"alt_text":"","src":"https:\/\/i0.wp.com\/legentlecat.fr\/shop\/wp-content\/uploads\/2017\/03\/pic-white-monkey2.png?fit=960%2C1200&ssl=1&resize=350%2C200","width":350,"height":200,"srcset":"https:\/\/i0.wp.com\/legentlecat.fr\/shop\/wp-content\/uploads\/2017\/03\/pic-white-monkey2.png?fit=960%2C1200&ssl=1&resize=350%2C200 1x, https:\/\/i0.wp.com\/legentlecat.fr\/shop\/wp-content\/uploads\/2017\/03\/pic-white-monkey2.png?fit=960%2C1200&ssl=1&resize=525%2C300 1.5x, https:\/\/i0.wp.com\/legentlecat.fr\/shop\/wp-content\/uploads\/2017\/03\/pic-white-monkey2.png?fit=960%2C1200&ssl=1&resize=700%2C400 2x"},"classes":[]},{"id":1615,"url":"https:\/\/legentlecat.fr\/shop\/index.php\/produit\/green-earl-grey\/","url_meta":{"origin":1384,"position":4},"title":"Green Earl Grey","author":"Jimmy RIOT","date":"20 mars 2017","format":false,"excerpt":"Sac herm\u00e9tique de 100 g\u00a0-\u00a0La saveur Earl Grey, trop souvent associ\u00e9e uniquement au th\u00e9 noir, se marie tout aussi bien aux autres bases de th\u00e9. Nous vous en proposons ici une d\u00e9clinaison \u00e0 base de th\u00e9 vert, sur un sencha de chine.\u00a0A tout moment de la journ\u00e9e, vous profitez ainsi\u00a0de\u2026","rel":"","context":"Article similaire","block_context":{"text":"Article similaire","link":""},"img":{"alt_text":"","src":"https:\/\/i0.wp.com\/legentlecat.fr\/shop\/wp-content\/uploads\/2017\/03\/pic-green-earl-grey.png?fit=960%2C1200&ssl=1&resize=350%2C200","width":350,"height":200,"srcset":"https:\/\/i0.wp.com\/legentlecat.fr\/shop\/wp-content\/uploads\/2017\/03\/pic-green-earl-grey.png?fit=960%2C1200&ssl=1&resize=350%2C200 1x, https:\/\/i0.wp.com\/legentlecat.fr\/shop\/wp-content\/uploads\/2017\/03\/pic-green-earl-grey.png?fit=960%2C1200&ssl=1&resize=525%2C300 1.5x, https:\/\/i0.wp.com\/legentlecat.fr\/shop\/wp-content\/uploads\/2017\/03\/pic-green-earl-grey.png?fit=960%2C1200&ssl=1&resize=700%2C400 2x"},"classes":[]},{"id":1258,"url":"https:\/\/legentlecat.fr\/shop\/index.php\/produit\/red-earl-grey\/","url_meta":{"origin":1384,"position":5},"title":"Red Earl Grey","author":"Jimmy RIOT","date":"19 mars 2017","format":false,"excerpt":"Sac herm\u00e9tique de 100 g\u00a0-\u00a0Les amoureux de la saveur earl grey ne pourront qu'appr\u00e9cier ce rooibos \u00e0 la bergamote. Sans th\u00e9ine et pauvre en tanins, il peut \u00eatre bu \u00e0 tout heure de la journ\u00e9e, aussi bien chaud qu'en infusion glac\u00e9e (ce qui est rare pour un earl grey). La\u2026","rel":"","context":"Article similaire","block_context":{"text":"Article similaire","link":""},"img":{"alt_text":"","src":"https:\/\/i0.wp.com\/legentlecat.fr\/shop\/wp-content\/uploads\/2017\/03\/red-earl-grey.png?fit=960%2C1200&ssl=1&resize=350%2C200","width":350,"height":200,"srcset":"https:\/\/i0.wp.com\/legentlecat.fr\/shop\/wp-content\/uploads\/2017\/03\/red-earl-grey.png?fit=960%2C1200&ssl=1&resize=350%2C200 1x, https:\/\/i0.wp.com\/legentlecat.fr\/shop\/wp-content\/uploads\/2017\/03\/red-earl-grey.png?fit=960%2C1200&ssl=1&resize=525%2C300 1.5x, https:\/\/i0.wp.com\/legentlecat.fr\/shop\/wp-content\/uploads\/2017\/03\/red-earl-grey.png?fit=960%2C1200&ssl=1&resize=700%2C400 2x"},"classes":[]}],"_links":{"self":[{"href":"https:\/\/legentlecat.fr\/shop\/index.php\/wp-json\/wp\/v2\/product\/1384","targetHints":{"allow":["GET"]}}],"collection":[{"href":"https:\/\/legentlecat.fr\/shop\/index.php\/wp-json\/wp\/v2\/product"}],"about":[{"href":"https:\/\/legentlecat.fr\/shop\/index.php\/wp-json\/wp\/v2\/types\/product"}],"wp:featuredmedia":[{"embeddable":true,"href":"https:\/\/legentlecat.fr\/shop\/index.php\/wp-json\/wp\/v2\/media\/2265"}],"wp:attachment":[{"href":"https:\/\/legentlecat.fr\/shop\/index.php\/wp-json\/wp\/v2\/media?parent=1384"}],"wp:term":[{"taxonomy":"product_brand","embeddable":true,"href":"https:\/\/legentlecat.fr\/shop\/index.php\/wp-json\/wp\/v2\/product_brand?post=1384"},{"taxonomy":"product_cat","embeddable":true,"href":"https:\/\/legentlecat.fr\/shop\/index.php\/wp-json\/wp\/v2\/product_cat?post=1384"},{"taxonomy":"product_tag","embeddable":true,"href":"https:\/\/legentlecat.fr\/shop\/index.php\/wp-json\/wp\/v2\/product_tag?post=1384"}],"curies":[{"name":"wp","href":"https:\/\/api.w.org\/{rel}","templated":true}]}}