{"id":13516,"date":"2026-02-18T02:27:09","date_gmt":"2026-02-18T01:27:09","guid":{"rendered":"https:\/\/legentlecat.fr\/shop\/?post_type=product&#038;p=13516"},"modified":"2026-03-10T19:41:23","modified_gmt":"2026-03-10T18:41:23","slug":"brunch-31-mai-2026","status":"publish","type":"product","link":"https:\/\/legentlecat.fr\/shop\/index.php\/produit\/brunch-31-mai-2026\/","title":{"rendered":"Brunch 31 mai 2026"},"content":{"rendered":"<div class=\"wpb-content-wrapper\"><p>[vc_row][vc_column][vc_column_text css=\u00a0\u00bb\u00a0\u00bb]<\/p>\n<p data-start=\"476\" data-end=\"725\">Le brunch du GentleCat est une formule g\u00e9n\u00e9reuse, construite autour de notre savoir-faire p\u00e2tissier et pr\u00e9par\u00e9e sur place.<br data-start=\"598\" data-end=\"601\" \/>Chaque cr\u00e9ation met \u00e0 l\u2019honneur des produits de saison, \u00e0 savourer dans un lieu calme, en compagnie de nos r\u00e9sidents f\u00e9lins.<\/p>\n<p data-start=\"727\" data-end=\"819\">La r\u00e9servation permet de garantir un accueil fluide et une table disponible \u00e0 votre arriv\u00e9e.<\/p>\n<hr data-start=\"1078\" data-end=\"1081\" \/>\n<p data-start=\"1083\" data-end=\"1129\"><span style=\"color: #000000;\"><strong data-start=\"1083\" data-end=\"1129\">INFORMATIONS IMPORTANTES AVANT DE RESERVER<\/strong><\/span><\/p>\n<p data-start=\"1131\" data-end=\"1165\"><span style=\"color: #808080;\"><em><strong data-start=\"1131\" data-end=\"1165\">1. Acc\u00e8s au lieu \u2013 \u00e2ge minimum<\/strong><\/em><\/span><\/p>\n<p data-start=\"1167\" data-end=\"1266\"><span style=\"color: #808080;\">L\u2019acc\u00e8s au GentleCat est <span style=\"color: #000000;\">strictement r\u00e9serv\u00e9<\/span> aux personnes \u00e2g\u00e9es de <span style=\"color: #000000;\">12 ans minimum, sans exception<\/span>.<\/span><\/p>\n<p data-start=\"1268\" data-end=\"1381\"><span style=\"color: #808080;\">Cela concerne tous les enfants, <span style=\"color: #000000;\">y compris les b\u00e9b\u00e9s et nourrissons<\/span> \u2014 m\u00eame s\u2019ils dorment, m\u00eame dans une poussette.<\/span><\/p>\n<p data-start=\"1383\" data-end=\"1579\"><span style=\"color: #808080;\">Cette r\u00e8gle s\u2019applique en permanence, quelle que soit la formule choisie (brunch, go\u00fbter ou d\u00eener), et repose sur les recommandations du v\u00e9t\u00e9rinaire sanitaire du GentleCat, en vigueur depuis 2017.<\/span><\/p>\n<p data-start=\"1581\" data-end=\"1679\"><span style=\"color: #808080;\">En cas de non-respect de cette r\u00e8gle, <span style=\"color: #000000;\">aucun remboursement, avoir ou report ne pourra \u00eatre accord\u00e9<\/span>.<\/span><\/p>\n<hr data-start=\"1681\" data-end=\"1684\" \/>\n<p data-start=\"1686\" data-end=\"1730\"><span style=\"color: #808080;\"><strong data-start=\"1686\" data-end=\"1730\">2. Formule brunch &amp; r\u00e9gimes alimentaires<\/strong><\/span><\/p>\n<p data-start=\"1732\" data-end=\"2050\"><span style=\"color: #808080;\">Le brunch GentleCat est une formule g\u00e9n\u00e9reuse et modulable, pens\u00e9e autour de notre amour pour la p\u00e2tisserie et la cuisine traditionnelle, simple et gourmande. <\/span><span style=\"color: #808080;\"><span style=\"color: #000000;\">Les \u0153ufs, le lait et le beurre <\/span>sont les trois murs porteurs de la p\u00e2tisserie et de la cuisine traditionnelle qui font l\u2019identit\u00e9 de notre maison.<\/span><\/p>\n<p data-start=\"2052\" data-end=\"2291\"><span style=\"color: #808080;\">Pour cette raison, le brunch n\u2019est <span style=\"color: #000000;\">pas compatible avec les r\u00e9gimes sans \u0153ufs, sans produits laitiers ni avec les r\u00e9gimes vegans<\/span>. <\/span><span style=\"color: #808080;\">Aucune alternative ne pourra \u00eatre propos\u00e9e dans ces cas, quelles que soient les circonstances.<\/span><\/p>\n<p data-start=\"2293\" data-end=\"2419\"><span style=\"color: #808080;\">Les personnes suivant un r\u00e9gime v\u00e9g\u00e9tarien (consommant \u0153ufs et produits laitiers) disposent en revanche d\u2019une formule adapt\u00e9e. Pour les r\u00e9gimes sans gluten, le chef peut s&rsquo;adapter, mais pensez bien \u00e0 mettre une note lors de votre r\u00e9servation afin qu&rsquo;il anticipe votre venue !<\/span><\/p>\n<p data-start=\"2421\" data-end=\"2482\"><span style=\"color: #808080;\">Nous vous invitons \u00e0 en tenir compte avant toute r\u00e9servation.<\/span><\/p>\n<hr data-start=\"2484\" data-end=\"2487\" \/>\n<p data-start=\"2489\" data-end=\"2535\"><span style=\"color: #808080;\"><strong data-start=\"2489\" data-end=\"2535\">3. Acompte, annulation et non-consommation<\/strong><\/span><\/p>\n<p data-start=\"2537\" data-end=\"2618\"><span style=\"color: #808080;\">Chaque r\u00e9servation est effectu\u00e9e pour un convive et correspond \u00e0 une formule brunch.<\/span><\/p>\n<p data-start=\"2620\" data-end=\"2825\"><span style=\"color: #808080;\">L\u2019acompte vers\u00e9 lors de la r\u00e9servation est personnel et non transf\u00e9rable. <\/span><span style=\"color: #808080;\">Il est d\u00e9ductible uniquement d\u2019une formule brunch effectivement consomm\u00e9e. <\/span><span style=\"color: #808080;\">Un seul acompte peut \u00eatre d\u00e9duit par formule brunch.\u00a0<\/span><span style=\"color: #808080;\">L\u2019acompte ne constitue ni un avoir, ni un moyen de r\u00e8glement pour les consommations hors formule brunch.<\/span><\/p>\n<p data-start=\"2959\" data-end=\"3198\"><span style=\"color: #808080;\">En cas d\u2019annulation, de modification de r\u00e9servation, de non-pr\u00e9sentation ou de non-consommation de la formule brunch, l\u2019acompte est <span style=\"color: #000000;\">d\u00e9finitivement perdu, sans possibilit\u00e9 de remboursement, d\u2019avoir ou de report<\/span>, quelle qu\u2019en soit la raison.<\/span><\/p>\n<hr data-start=\"3200\" data-end=\"3203\" \/>\n<p data-start=\"3205\" data-end=\"3235\"><span style=\"color: #808080;\"><strong data-start=\"3205\" data-end=\"3235\">4. Horaires et ponctualit\u00e9<\/strong><\/span><\/p>\n<p data-start=\"3237\" data-end=\"3301\"><span style=\"color: #808080;\">La r\u00e9servation est valable pour le moment de brunch s\u00e9lectionn\u00e9.<\/span><\/p>\n<p data-start=\"3303\" data-end=\"3437\"><span style=\"color: #808080;\">En cas de retard, l\u2019accueil se fera au mieux, en fonction des disponibilit\u00e9s et de l\u2019affluence du moment.<\/span><\/p>\n<hr data-start=\"3439\" data-end=\"3442\" \/>\n<p data-start=\"3444\" data-end=\"3477\"><span style=\"color: #000000;\"><strong data-start=\"3444\" data-end=\"3477\">OFFRIR L&rsquo;EXPERIENCE GENTLECAT<\/strong><\/span><\/p>\n<p data-start=\"3479\" data-end=\"3625\"><span style=\"color: #808080;\">L\u2019exp\u00e9rience GentleCat est \u00e9galement disponible sous forme de <span style=\"color: #000000;\">bons cadeaux<\/span>, valables pour deux personnes, id\u00e9als pour offrir un moment \u00e0 partager.\u00a0<\/span><span style=\"color: #808080;\">Les bons cadeaux existent pour : <\/span><span style=\"color: #808080;\">deux brunchs, <\/span><span style=\"color: #808080;\">deux go\u00fbters <\/span><span style=\"color: #808080;\">ou deux d\u00eeners,\u00a0<\/span><span style=\"color: #808080;\">toujours en duo.<\/span><\/p>\n<p data-start=\"3771\" data-end=\"3829\"><span style=\"color: #808080;\"><a href=\"https:\/\/legentlecat.fr\/shop\/index.php\/produit\/carte-cadeau-miaou\/\">Cliquez juste ici<\/a> pour acc\u00e9der \u00e0 un bon cadeau.<\/span><\/p>\n<hr data-start=\"3831\" data-end=\"3834\" \/>\n<p data-start=\"3836\" data-end=\"3850\"><span style=\"color: #000000;\"><strong data-start=\"3836\" data-end=\"3850\">VALIDATION<\/strong><\/span><\/p>\n<p data-start=\"3852\" data-end=\"3998\"><span style=\"color: #808080;\">En r\u00e9servant un brunch GentleCat, <span style=\"color: #000000;\">vous reconnaissez avoir pris connaissance de l\u2019ensemble des informations ci-dessus et les accepter sans r\u00e9serve<\/span>.<\/span><\/p>\n<p>[\/vc_column_text][\/vc_column][\/vc_row]<\/p>\n<\/div>","protected":false},"excerpt":{"rendered":"<p data-start=\"136\" data-end=\"350\">Un brunch qui nous ressemble : <strong>original, g\u00e9n\u00e9reux, p\u00e2tissier<\/strong>. Vous le composez librement, en 5 temps, autour d\u2019une cr\u00e9ation au four (toast p\u00e2tissier) parmi 3 choix. Un moment privil\u00e9gi\u00e9 en compagnie de nos r\u00e9sidents f\u00e9lins.<\/p>\n<p data-start=\"352\" data-end=\"522\">Un acompte par personne est demand\u00e9 \u00e0 la r\u00e9servation afin de vous garantir une table et d\u2019assurer un accueil fluide.<\/p>\n<p data-start=\"524\" data-end=\"801\">En r\u00e9servant, vous confirmez avoir pleinement accepter les informations essentielles d\u00e9taill\u00e9es ci-apr\u00e8s concernant l&rsquo;\u00e2ge minimum <span style=\"color: #000000;\"><em><span style=\"color: #aa8561;\">(12 ans)<\/span><\/em><\/span>, les \u00e9ventuelles intol\u00e9rances alimentaires <span style=\"color: #000000;\"><em><span style=\"color: #aa8561;\">(lait, \u0153uf &#8211; pour les sans gluten, le chef s&rsquo;adapte s&rsquo;il est pr\u00e9venu !)<\/span><\/em><\/span> et les conditions d\u2019annulation <span style=\"color: #000000;\"><em><span style=\"color: #aa8561;\">(un acompte est d\u00e9duit de la note par brunch consomm\u00e9 le jour J)<\/span><\/em>.<\/span><\/p>\n","protected":false},"featured_media":13452,"template":"","meta":{"jetpack_post_was_ever_published":true,"jetpack_publicize_message":"","jetpack_publicize_feature_enabled":true,"jetpack_social_post_already_shared":true,"jetpack_social_options":{"image_generator_settings":{"template":"highway","default_image_id":0,"font":"","enabled":false},"version":2}},"product_brand":[],"product_cat":[237],"product_tag":[],"class_list":{"0":"post-13516","1":"product","2":"type-product","3":"status-publish","4":"has-post-thumbnail","6":"product_cat-reservation-brunch","8":"first","9":"instock","10":"taxable","11":"shipping-taxable","12":"purchasable","13":"product-type-variable"},"yoast_head":"<!-- This site is optimized with the Yoast SEO plugin v27.4 - https:\/\/yoast.com\/product\/yoast-seo-wordpress\/ -->\n<title>Brunch 31 mai 2026 - Le GentleCat - Teashop<\/title>\n<meta name=\"description\" content=\"Brunch original au bar \u00e0 chat de Lyon 2, en Presqu\u2019\u00eele. Toast p\u00e2tissier au four d\u00e9clin\u00e9 en 3 cr\u00e9ations, formule g\u00e9n\u00e9reuse. R\u00e9servation conseill\u00e9e.\" \/>\n<meta name=\"robots\" content=\"index, follow, max-snippet:-1, max-image-preview:large, max-video-preview:-1\" \/>\n<link rel=\"canonical\" href=\"https:\/\/legentlecat.fr\/shop\/index.php\/produit\/brunch-31-mai-2026\/\" \/>\n<meta property=\"og:locale\" content=\"fr_FR\" \/>\n<meta property=\"og:type\" content=\"article\" \/>\n<meta property=\"og:title\" content=\"Brunch 31 mai 2026 - Le GentleCat - Teashop\" \/>\n<meta property=\"og:description\" content=\"Brunch original au bar \u00e0 chat de Lyon 2, en Presqu\u2019\u00eele. Toast p\u00e2tissier au four d\u00e9clin\u00e9 en 3 cr\u00e9ations, formule g\u00e9n\u00e9reuse. R\u00e9servation conseill\u00e9e.\" \/>\n<meta property=\"og:url\" content=\"https:\/\/legentlecat.fr\/shop\/index.php\/produit\/brunch-31-mai-2026\/\" \/>\n<meta property=\"og:site_name\" content=\"Le GentleCat - Teashop\" \/>\n<meta property=\"article:modified_time\" content=\"2026-03-10T18:41:23+00:00\" \/>\n<meta property=\"og:image\" content=\"https:\/\/legentlecat.fr\/shop\/wp-content\/uploads\/2025\/12\/pdt-brunch26-1.jpg\" \/>\n\t<meta property=\"og:image:width\" content=\"630\" \/>\n\t<meta property=\"og:image:height\" content=\"783\" \/>\n\t<meta property=\"og:image:type\" content=\"image\/jpeg\" \/>\n<meta name=\"twitter:card\" content=\"summary_large_image\" \/>\n<meta name=\"twitter:label1\" content=\"Dur\u00e9e de lecture estim\u00e9e\" \/>\n\t<meta name=\"twitter:data1\" content=\"3 minutes\" \/>\n<script type=\"application\/ld+json\" class=\"yoast-schema-graph\">{\"@context\":\"https:\\\/\\\/schema.org\",\"@graph\":[{\"@type\":\"WebPage\",\"@id\":\"https:\\\/\\\/legentlecat.fr\\\/shop\\\/index.php\\\/produit\\\/brunch-31-mai-2026\\\/\",\"url\":\"https:\\\/\\\/legentlecat.fr\\\/shop\\\/index.php\\\/produit\\\/brunch-31-mai-2026\\\/\",\"name\":\"Brunch 31 mai 2026 - Le GentleCat - Teashop\",\"isPartOf\":{\"@id\":\"https:\\\/\\\/legentlecat.fr\\\/shop\\\/#website\"},\"primaryImageOfPage\":{\"@id\":\"https:\\\/\\\/legentlecat.fr\\\/shop\\\/index.php\\\/produit\\\/brunch-31-mai-2026\\\/#primaryimage\"},\"image\":{\"@id\":\"https:\\\/\\\/legentlecat.fr\\\/shop\\\/index.php\\\/produit\\\/brunch-31-mai-2026\\\/#primaryimage\"},\"thumbnailUrl\":\"https:\\\/\\\/i0.wp.com\\\/legentlecat.fr\\\/shop\\\/wp-content\\\/uploads\\\/2025\\\/12\\\/pdt-brunch26-1.jpg?fit=630%2C783&ssl=1\",\"datePublished\":\"2026-02-18T01:27:09+00:00\",\"dateModified\":\"2026-03-10T18:41:23+00:00\",\"description\":\"Brunch original au bar \u00e0 chat de Lyon 2, en Presqu\u2019\u00eele. Toast p\u00e2tissier au four d\u00e9clin\u00e9 en 3 cr\u00e9ations, formule g\u00e9n\u00e9reuse. R\u00e9servation conseill\u00e9e.\",\"breadcrumb\":{\"@id\":\"https:\\\/\\\/legentlecat.fr\\\/shop\\\/index.php\\\/produit\\\/brunch-31-mai-2026\\\/#breadcrumb\"},\"inLanguage\":\"fr-FR\",\"potentialAction\":[{\"@type\":\"ReadAction\",\"target\":[\"https:\\\/\\\/legentlecat.fr\\\/shop\\\/index.php\\\/produit\\\/brunch-31-mai-2026\\\/\"]}]},{\"@type\":\"ImageObject\",\"inLanguage\":\"fr-FR\",\"@id\":\"https:\\\/\\\/legentlecat.fr\\\/shop\\\/index.php\\\/produit\\\/brunch-31-mai-2026\\\/#primaryimage\",\"url\":\"https:\\\/\\\/i0.wp.com\\\/legentlecat.fr\\\/shop\\\/wp-content\\\/uploads\\\/2025\\\/12\\\/pdt-brunch26-1.jpg?fit=630%2C783&ssl=1\",\"contentUrl\":\"https:\\\/\\\/i0.wp.com\\\/legentlecat.fr\\\/shop\\\/wp-content\\\/uploads\\\/2025\\\/12\\\/pdt-brunch26-1.jpg?fit=630%2C783&ssl=1\",\"width\":630,\"height\":783},{\"@type\":\"BreadcrumbList\",\"@id\":\"https:\\\/\\\/legentlecat.fr\\\/shop\\\/index.php\\\/produit\\\/brunch-31-mai-2026\\\/#breadcrumb\",\"itemListElement\":[{\"@type\":\"ListItem\",\"position\":1,\"name\":\"Accueil\",\"item\":\"https:\\\/\\\/legentlecat.fr\\\/shop\\\/\"},{\"@type\":\"ListItem\",\"position\":2,\"name\":\"Shop\",\"item\":\"https:\\\/\\\/legentlecat.fr\\\/shop\\\/index.php\\\/shop\\\/\"},{\"@type\":\"ListItem\",\"position\":3,\"name\":\"Brunch 31 mai 2026\"}]},{\"@type\":\"WebSite\",\"@id\":\"https:\\\/\\\/legentlecat.fr\\\/shop\\\/#website\",\"url\":\"https:\\\/\\\/legentlecat.fr\\\/shop\\\/\",\"name\":\"Le GentleCat - Teashop\",\"description\":\"La boutique de th\u00e9 en ligne\",\"potentialAction\":[{\"@type\":\"SearchAction\",\"target\":{\"@type\":\"EntryPoint\",\"urlTemplate\":\"https:\\\/\\\/legentlecat.fr\\\/shop\\\/?s={search_term_string}\"},\"query-input\":{\"@type\":\"PropertyValueSpecification\",\"valueRequired\":true,\"valueName\":\"search_term_string\"}}],\"inLanguage\":\"fr-FR\"}]}<\/script>\n<!-- \/ Yoast SEO plugin. -->","yoast_head_json":{"title":"Brunch 31 mai 2026 - Le GentleCat - Teashop","description":"Brunch original au bar \u00e0 chat de Lyon 2, en Presqu\u2019\u00eele. Toast p\u00e2tissier au four d\u00e9clin\u00e9 en 3 cr\u00e9ations, formule g\u00e9n\u00e9reuse. R\u00e9servation conseill\u00e9e.","robots":{"index":"index","follow":"follow","max-snippet":"max-snippet:-1","max-image-preview":"max-image-preview:large","max-video-preview":"max-video-preview:-1"},"canonical":"https:\/\/legentlecat.fr\/shop\/index.php\/produit\/brunch-31-mai-2026\/","og_locale":"fr_FR","og_type":"article","og_title":"Brunch 31 mai 2026 - Le GentleCat - Teashop","og_description":"Brunch original au bar \u00e0 chat de Lyon 2, en Presqu\u2019\u00eele. Toast p\u00e2tissier au four d\u00e9clin\u00e9 en 3 cr\u00e9ations, formule g\u00e9n\u00e9reuse. R\u00e9servation conseill\u00e9e.","og_url":"https:\/\/legentlecat.fr\/shop\/index.php\/produit\/brunch-31-mai-2026\/","og_site_name":"Le GentleCat - Teashop","article_modified_time":"2026-03-10T18:41:23+00:00","og_image":[{"width":630,"height":783,"url":"https:\/\/legentlecat.fr\/shop\/wp-content\/uploads\/2025\/12\/pdt-brunch26-1.jpg","type":"image\/jpeg"}],"twitter_card":"summary_large_image","twitter_misc":{"Dur\u00e9e de lecture estim\u00e9e":"3 minutes"},"schema":{"@context":"https:\/\/schema.org","@graph":[{"@type":"WebPage","@id":"https:\/\/legentlecat.fr\/shop\/index.php\/produit\/brunch-31-mai-2026\/","url":"https:\/\/legentlecat.fr\/shop\/index.php\/produit\/brunch-31-mai-2026\/","name":"Brunch 31 mai 2026 - Le GentleCat - Teashop","isPartOf":{"@id":"https:\/\/legentlecat.fr\/shop\/#website"},"primaryImageOfPage":{"@id":"https:\/\/legentlecat.fr\/shop\/index.php\/produit\/brunch-31-mai-2026\/#primaryimage"},"image":{"@id":"https:\/\/legentlecat.fr\/shop\/index.php\/produit\/brunch-31-mai-2026\/#primaryimage"},"thumbnailUrl":"https:\/\/i0.wp.com\/legentlecat.fr\/shop\/wp-content\/uploads\/2025\/12\/pdt-brunch26-1.jpg?fit=630%2C783&ssl=1","datePublished":"2026-02-18T01:27:09+00:00","dateModified":"2026-03-10T18:41:23+00:00","description":"Brunch original au bar \u00e0 chat de Lyon 2, en Presqu\u2019\u00eele. Toast p\u00e2tissier au four d\u00e9clin\u00e9 en 3 cr\u00e9ations, formule g\u00e9n\u00e9reuse. R\u00e9servation conseill\u00e9e.","breadcrumb":{"@id":"https:\/\/legentlecat.fr\/shop\/index.php\/produit\/brunch-31-mai-2026\/#breadcrumb"},"inLanguage":"fr-FR","potentialAction":[{"@type":"ReadAction","target":["https:\/\/legentlecat.fr\/shop\/index.php\/produit\/brunch-31-mai-2026\/"]}]},{"@type":"ImageObject","inLanguage":"fr-FR","@id":"https:\/\/legentlecat.fr\/shop\/index.php\/produit\/brunch-31-mai-2026\/#primaryimage","url":"https:\/\/i0.wp.com\/legentlecat.fr\/shop\/wp-content\/uploads\/2025\/12\/pdt-brunch26-1.jpg?fit=630%2C783&ssl=1","contentUrl":"https:\/\/i0.wp.com\/legentlecat.fr\/shop\/wp-content\/uploads\/2025\/12\/pdt-brunch26-1.jpg?fit=630%2C783&ssl=1","width":630,"height":783},{"@type":"BreadcrumbList","@id":"https:\/\/legentlecat.fr\/shop\/index.php\/produit\/brunch-31-mai-2026\/#breadcrumb","itemListElement":[{"@type":"ListItem","position":1,"name":"Accueil","item":"https:\/\/legentlecat.fr\/shop\/"},{"@type":"ListItem","position":2,"name":"Shop","item":"https:\/\/legentlecat.fr\/shop\/index.php\/shop\/"},{"@type":"ListItem","position":3,"name":"Brunch 31 mai 2026"}]},{"@type":"WebSite","@id":"https:\/\/legentlecat.fr\/shop\/#website","url":"https:\/\/legentlecat.fr\/shop\/","name":"Le GentleCat - Teashop","description":"La boutique de th\u00e9 en ligne","potentialAction":[{"@type":"SearchAction","target":{"@type":"EntryPoint","urlTemplate":"https:\/\/legentlecat.fr\/shop\/?s={search_term_string}"},"query-input":{"@type":"PropertyValueSpecification","valueRequired":true,"valueName":"search_term_string"}}],"inLanguage":"fr-FR"}]}},"jetpack_publicize_connections":[],"jetpack_sharing_enabled":true,"jetpack-related-posts":[{"id":13486,"url":"https:\/\/legentlecat.fr\/shop\/index.php\/produit\/brunch-19-avril-2026\/","url_meta":{"origin":13516,"position":0},"title":"Brunch 19 avril 2026","author":"Jimmy RIOT","date":"18 f\u00e9vrier 2026","format":false,"excerpt":"Un brunch qui nous ressemble : original, g\u00e9n\u00e9reux, p\u00e2tissier. Vous le composez librement, en 5 temps, autour d\u2019une cr\u00e9ation au four (toast p\u00e2tissier) parmi 3 choix. Un moment privil\u00e9gi\u00e9 en compagnie de nos r\u00e9sidents f\u00e9lins. Un acompte par personne est demand\u00e9 \u00e0 la r\u00e9servation afin de vous garantir une table\u2026","rel":"","context":"Article similaire","block_context":{"text":"Article similaire","link":""},"img":{"alt_text":"","src":"https:\/\/i0.wp.com\/legentlecat.fr\/shop\/wp-content\/uploads\/2025\/12\/pdt-brunch26-1.jpg?fit=630%2C783&ssl=1&resize=350%2C200","width":350,"height":200,"srcset":"https:\/\/i0.wp.com\/legentlecat.fr\/shop\/wp-content\/uploads\/2025\/12\/pdt-brunch26-1.jpg?fit=630%2C783&ssl=1&resize=350%2C200 1x, https:\/\/i0.wp.com\/legentlecat.fr\/shop\/wp-content\/uploads\/2025\/12\/pdt-brunch26-1.jpg?fit=630%2C783&ssl=1&resize=525%2C300 1.5x"},"classes":[]},{"id":13491,"url":"https:\/\/legentlecat.fr\/shop\/index.php\/produit\/brunch-26-avril-2026\/","url_meta":{"origin":13516,"position":1},"title":"Brunch 26 avril 2026","author":"Jimmy RIOT","date":"18 f\u00e9vrier 2026","format":false,"excerpt":"Un brunch qui nous ressemble : original, g\u00e9n\u00e9reux, p\u00e2tissier. Vous le composez librement, en 5 temps, autour d\u2019une cr\u00e9ation au four (toast p\u00e2tissier) parmi 3 choix. Un moment privil\u00e9gi\u00e9 en compagnie de nos r\u00e9sidents f\u00e9lins. Un acompte par personne est demand\u00e9 \u00e0 la r\u00e9servation afin de vous garantir une table\u2026","rel":"","context":"Article similaire","block_context":{"text":"Article similaire","link":""},"img":{"alt_text":"","src":"https:\/\/i0.wp.com\/legentlecat.fr\/shop\/wp-content\/uploads\/2025\/12\/pdt-brunch26-1.jpg?fit=630%2C783&ssl=1&resize=350%2C200","width":350,"height":200,"srcset":"https:\/\/i0.wp.com\/legentlecat.fr\/shop\/wp-content\/uploads\/2025\/12\/pdt-brunch26-1.jpg?fit=630%2C783&ssl=1&resize=350%2C200 1x, https:\/\/i0.wp.com\/legentlecat.fr\/shop\/wp-content\/uploads\/2025\/12\/pdt-brunch26-1.jpg?fit=630%2C783&ssl=1&resize=525%2C300 1.5x"},"classes":[]},{"id":13496,"url":"https:\/\/legentlecat.fr\/shop\/index.php\/produit\/brunch-03-mai-2026\/","url_meta":{"origin":13516,"position":2},"title":"Brunch 03 mai 2026","author":"Jimmy RIOT","date":"18 f\u00e9vrier 2026","format":false,"excerpt":"Un brunch qui nous ressemble : original, g\u00e9n\u00e9reux, p\u00e2tissier. Vous le composez librement, en 5 temps, autour d\u2019une cr\u00e9ation au four (toast p\u00e2tissier) parmi 3 choix. Un moment privil\u00e9gi\u00e9 en compagnie de nos r\u00e9sidents f\u00e9lins. Un acompte par personne est demand\u00e9 \u00e0 la r\u00e9servation afin de vous garantir une table\u2026","rel":"","context":"Article similaire","block_context":{"text":"Article similaire","link":""},"img":{"alt_text":"","src":"https:\/\/i0.wp.com\/legentlecat.fr\/shop\/wp-content\/uploads\/2025\/12\/pdt-brunch26-1.jpg?fit=630%2C783&ssl=1&resize=350%2C200","width":350,"height":200,"srcset":"https:\/\/i0.wp.com\/legentlecat.fr\/shop\/wp-content\/uploads\/2025\/12\/pdt-brunch26-1.jpg?fit=630%2C783&ssl=1&resize=350%2C200 1x, https:\/\/i0.wp.com\/legentlecat.fr\/shop\/wp-content\/uploads\/2025\/12\/pdt-brunch26-1.jpg?fit=630%2C783&ssl=1&resize=525%2C300 1.5x"},"classes":[]},{"id":13501,"url":"https:\/\/legentlecat.fr\/shop\/index.php\/produit\/brunch-10-mai-2026\/","url_meta":{"origin":13516,"position":3},"title":"Brunch 10 mai 2026","author":"Jimmy RIOT","date":"18 f\u00e9vrier 2026","format":false,"excerpt":"Un brunch qui nous ressemble : original, g\u00e9n\u00e9reux, p\u00e2tissier. Vous le composez librement, en 5 temps, autour d\u2019une cr\u00e9ation au four (toast p\u00e2tissier) parmi 3 choix. Un moment privil\u00e9gi\u00e9 en compagnie de nos r\u00e9sidents f\u00e9lins. Un acompte par personne est demand\u00e9 \u00e0 la r\u00e9servation afin de vous garantir une table\u2026","rel":"","context":"Article similaire","block_context":{"text":"Article similaire","link":""},"img":{"alt_text":"","src":"https:\/\/i0.wp.com\/legentlecat.fr\/shop\/wp-content\/uploads\/2025\/12\/pdt-brunch26-1.jpg?fit=630%2C783&ssl=1&resize=350%2C200","width":350,"height":200,"srcset":"https:\/\/i0.wp.com\/legentlecat.fr\/shop\/wp-content\/uploads\/2025\/12\/pdt-brunch26-1.jpg?fit=630%2C783&ssl=1&resize=350%2C200 1x, https:\/\/i0.wp.com\/legentlecat.fr\/shop\/wp-content\/uploads\/2025\/12\/pdt-brunch26-1.jpg?fit=630%2C783&ssl=1&resize=525%2C300 1.5x"},"classes":[]},{"id":13506,"url":"https:\/\/legentlecat.fr\/shop\/index.php\/produit\/brunch-17-mai-2026\/","url_meta":{"origin":13516,"position":4},"title":"Brunch 17 mai 2026","author":"Jimmy RIOT","date":"18 f\u00e9vrier 2026","format":false,"excerpt":"Un brunch qui nous ressemble : original, g\u00e9n\u00e9reux, p\u00e2tissier. Vous le composez librement, en 5 temps, autour d\u2019une cr\u00e9ation au four (toast p\u00e2tissier) parmi 3 choix. Un moment privil\u00e9gi\u00e9 en compagnie de nos r\u00e9sidents f\u00e9lins. Un acompte par personne est demand\u00e9 \u00e0 la r\u00e9servation afin de vous garantir une table\u2026","rel":"","context":"Article similaire","block_context":{"text":"Article similaire","link":""},"img":{"alt_text":"","src":"https:\/\/i0.wp.com\/legentlecat.fr\/shop\/wp-content\/uploads\/2025\/12\/pdt-brunch26-1.jpg?fit=630%2C783&ssl=1&resize=350%2C200","width":350,"height":200,"srcset":"https:\/\/i0.wp.com\/legentlecat.fr\/shop\/wp-content\/uploads\/2025\/12\/pdt-brunch26-1.jpg?fit=630%2C783&ssl=1&resize=350%2C200 1x, https:\/\/i0.wp.com\/legentlecat.fr\/shop\/wp-content\/uploads\/2025\/12\/pdt-brunch26-1.jpg?fit=630%2C783&ssl=1&resize=525%2C300 1.5x"},"classes":[]},{"id":13511,"url":"https:\/\/legentlecat.fr\/shop\/index.php\/produit\/brunch-24-mai-2026\/","url_meta":{"origin":13516,"position":5},"title":"Brunch 24 mai 2026","author":"Jimmy RIOT","date":"18 f\u00e9vrier 2026","format":false,"excerpt":"Un brunch qui nous ressemble : original, g\u00e9n\u00e9reux, p\u00e2tissier. Vous le composez librement, en 5 temps, autour d\u2019une cr\u00e9ation au four (toast p\u00e2tissier) parmi 3 choix. Un moment privil\u00e9gi\u00e9 en compagnie de nos r\u00e9sidents f\u00e9lins. Un acompte par personne est demand\u00e9 \u00e0 la r\u00e9servation afin de vous garantir une table\u2026","rel":"","context":"Article similaire","block_context":{"text":"Article similaire","link":""},"img":{"alt_text":"","src":"https:\/\/i0.wp.com\/legentlecat.fr\/shop\/wp-content\/uploads\/2025\/12\/pdt-brunch26-1.jpg?fit=630%2C783&ssl=1&resize=350%2C200","width":350,"height":200,"srcset":"https:\/\/i0.wp.com\/legentlecat.fr\/shop\/wp-content\/uploads\/2025\/12\/pdt-brunch26-1.jpg?fit=630%2C783&ssl=1&resize=350%2C200 1x, https:\/\/i0.wp.com\/legentlecat.fr\/shop\/wp-content\/uploads\/2025\/12\/pdt-brunch26-1.jpg?fit=630%2C783&ssl=1&resize=525%2C300 1.5x"},"classes":[]}],"_links":{"self":[{"href":"https:\/\/legentlecat.fr\/shop\/index.php\/wp-json\/wp\/v2\/product\/13516","targetHints":{"allow":["GET"]}}],"collection":[{"href":"https:\/\/legentlecat.fr\/shop\/index.php\/wp-json\/wp\/v2\/product"}],"about":[{"href":"https:\/\/legentlecat.fr\/shop\/index.php\/wp-json\/wp\/v2\/types\/product"}],"wp:featuredmedia":[{"embeddable":true,"href":"https:\/\/legentlecat.fr\/shop\/index.php\/wp-json\/wp\/v2\/media\/13452"}],"wp:attachment":[{"href":"https:\/\/legentlecat.fr\/shop\/index.php\/wp-json\/wp\/v2\/media?parent=13516"}],"wp:term":[{"taxonomy":"product_brand","embeddable":true,"href":"https:\/\/legentlecat.fr\/shop\/index.php\/wp-json\/wp\/v2\/product_brand?post=13516"},{"taxonomy":"product_cat","embeddable":true,"href":"https:\/\/legentlecat.fr\/shop\/index.php\/wp-json\/wp\/v2\/product_cat?post=13516"},{"taxonomy":"product_tag","embeddable":true,"href":"https:\/\/legentlecat.fr\/shop\/index.php\/wp-json\/wp\/v2\/product_tag?post=13516"}],"curies":[{"name":"wp","href":"https:\/\/api.w.org\/{rel}","templated":true}]}}