{"id":1342,"date":"2017-03-19T23:20:46","date_gmt":"2017-03-19T22:20:46","guid":{"rendered":"http:\/\/legentlecat.fr\/comptoir-a-thes\/produit\/griotte-a-lamaretto\/"},"modified":"2022-12-02T13:49:10","modified_gmt":"2022-12-02T12:49:10","slug":"griotte-a-lamaretto","status":"publish","type":"product","link":"https:\/\/legentlecat.fr\/shop\/index.php\/produit\/griotte-a-lamaretto\/","title":{"rendered":"Griotte \u00e0 l&rsquo;amaretto"},"content":{"rendered":"","protected":false},"excerpt":{"rendered":"<p style=\"text-align: justify;\"><img loading=\"lazy\" decoding=\"async\" class=\"size-full wp-image-2271 aligncenter\" src=\"http:\/\/legentlecat.fr\/shop\/wp-content\/uploads\/2017\/03\/infusion.jpg\" alt=\"\" width=\"250\" height=\"77\" \/><\/p>\n<p style=\"text-align: justify;\"><strong>Sac herm\u00e9tique de 100 g<\/strong>\u00a0&#8211;\u00a0Le go\u00fbt de l&rsquo;amaretto s&rsquo;invite dans votre tasse, les effets de l&rsquo;alcool en moins. Cette infusion fruit\u00e9e vous invite \u00e0 red\u00e9couvrir la saveur de cet\u00a0alcool italien \u00e0 l&rsquo;amande am\u00e8re. Soutenue par le parfum doux et fruit\u00e9 de la griotte, cette recette est un v\u00e9ritable petit bonbon acidul\u00e9 et gourmand.<\/p>\n<p style=\"text-align: justify;\"><strong>Saveur :<\/strong> fruit\u00e9e,\u00a0gourmande<\/p>\n<p style=\"text-align: justify;\"><strong>Composition :<\/strong> morceaux de pomme, fleurs d&rsquo;hibiscus, coquille de cynorrhodon, raisins de corinthe, ar\u00f4me et morceaux de cerise<\/p>\n","protected":false},"featured_media":2270,"template":"","meta":{"jetpack_post_was_ever_published":false,"jetpack_publicize_message":"","jetpack_publicize_feature_enabled":true,"jetpack_social_post_already_shared":false,"jetpack_social_options":{"image_generator_settings":{"template":"highway","default_image_id":0,"font":"","enabled":false},"version":2}},"product_brand":[],"product_cat":[85,79,83],"product_tag":[154,142,145,147,146,143,100,97],"class_list":{"0":"post-1342","1":"product","2":"type-product","3":"status-publish","4":"has-post-thumbnail","6":"product_cat-infusions","7":"product_cat-fruitee","8":"product_cat-gourmande","9":"product_tag-amande","10":"product_tag-cerise","11":"product_tag-cynorrhodon","12":"product_tag-fleurs-dhibiscus","13":"product_tag-infusion-de-fruits","14":"product_tag-pomme","15":"product_tag-saveur-fruitee","16":"product_tag-saveur-gourmande","18":"first","19":"instock","20":"taxable","21":"shipping-taxable","22":"purchasable","23":"product-type-simple"},"yoast_head":"<!-- This site is optimized with the Yoast SEO plugin v27.4 - https:\/\/yoast.com\/product\/yoast-seo-wordpress\/ -->\n<title>Griotte \u00e0 l&#039;amaretto - Le GentleCat - Teashop<\/title>\n<meta name=\"robots\" content=\"index, follow, max-snippet:-1, max-image-preview:large, max-video-preview:-1\" \/>\n<link rel=\"canonical\" href=\"https:\/\/legentlecat.fr\/shop\/index.php\/produit\/griotte-a-lamaretto\/\" \/>\n<meta property=\"og:locale\" content=\"fr_FR\" \/>\n<meta property=\"og:type\" content=\"article\" \/>\n<meta property=\"og:title\" content=\"Griotte \u00e0 l&#039;amaretto - Le GentleCat - Teashop\" \/>\n<meta property=\"og:description\" content=\"Sac herm\u00e9tique de 100 g\u00a0-\u00a0Le go\u00fbt de l&#039;amaretto s&#039;invite dans votre tasse, les effets de l&#039;alcool en moins. Cette infusion fruit\u00e9e vous invite \u00e0 red\u00e9couvrir la saveur de cet\u00a0alcool italien \u00e0 l&#039;amande am\u00e8re. Soutenue par le parfum doux et fruit\u00e9 de la griotte, cette recette est un v\u00e9ritable petit bonbon acidul\u00e9 et gourmand. Saveur : fruit\u00e9e,\u00a0gourmande Composition : morceaux de pomme, fleurs d&#039;hibiscus, coquille de cynorrhodon, raisins de corinthe, ar\u00f4me et morceaux de cerise\" \/>\n<meta property=\"og:url\" content=\"https:\/\/legentlecat.fr\/shop\/index.php\/produit\/griotte-a-lamaretto\/\" \/>\n<meta property=\"og:site_name\" content=\"Le GentleCat - Teashop\" \/>\n<meta property=\"article:modified_time\" content=\"2022-12-02T12:49:10+00:00\" \/>\n<meta property=\"og:image\" content=\"https:\/\/legentlecat.fr\/shop\/wp-content\/uploads\/2017\/03\/griotte-ama-819x1024.png\" \/>\n\t<meta property=\"og:image:width\" content=\"819\" \/>\n\t<meta property=\"og:image:height\" content=\"1024\" \/>\n\t<meta property=\"og:image:type\" content=\"image\/png\" \/>\n<meta name=\"twitter:card\" content=\"summary_large_image\" \/>\n<script type=\"application\/ld+json\" class=\"yoast-schema-graph\">{\"@context\":\"https:\\\/\\\/schema.org\",\"@graph\":[{\"@type\":\"WebPage\",\"@id\":\"https:\\\/\\\/legentlecat.fr\\\/shop\\\/index.php\\\/produit\\\/griotte-a-lamaretto\\\/\",\"url\":\"https:\\\/\\\/legentlecat.fr\\\/shop\\\/index.php\\\/produit\\\/griotte-a-lamaretto\\\/\",\"name\":\"Griotte \u00e0 l'amaretto - Le GentleCat - Teashop\",\"isPartOf\":{\"@id\":\"https:\\\/\\\/legentlecat.fr\\\/shop\\\/#website\"},\"primaryImageOfPage\":{\"@id\":\"https:\\\/\\\/legentlecat.fr\\\/shop\\\/index.php\\\/produit\\\/griotte-a-lamaretto\\\/#primaryimage\"},\"image\":{\"@id\":\"https:\\\/\\\/legentlecat.fr\\\/shop\\\/index.php\\\/produit\\\/griotte-a-lamaretto\\\/#primaryimage\"},\"thumbnailUrl\":\"https:\\\/\\\/i0.wp.com\\\/legentlecat.fr\\\/shop\\\/wp-content\\\/uploads\\\/2017\\\/03\\\/griotte-ama.png?fit=1500%2C1875&ssl=1\",\"datePublished\":\"2017-03-19T22:20:46+00:00\",\"dateModified\":\"2022-12-02T12:49:10+00:00\",\"breadcrumb\":{\"@id\":\"https:\\\/\\\/legentlecat.fr\\\/shop\\\/index.php\\\/produit\\\/griotte-a-lamaretto\\\/#breadcrumb\"},\"inLanguage\":\"fr-FR\",\"potentialAction\":[{\"@type\":\"ReadAction\",\"target\":[\"https:\\\/\\\/legentlecat.fr\\\/shop\\\/index.php\\\/produit\\\/griotte-a-lamaretto\\\/\"]}]},{\"@type\":\"ImageObject\",\"inLanguage\":\"fr-FR\",\"@id\":\"https:\\\/\\\/legentlecat.fr\\\/shop\\\/index.php\\\/produit\\\/griotte-a-lamaretto\\\/#primaryimage\",\"url\":\"https:\\\/\\\/i0.wp.com\\\/legentlecat.fr\\\/shop\\\/wp-content\\\/uploads\\\/2017\\\/03\\\/griotte-ama.png?fit=1500%2C1875&ssl=1\",\"contentUrl\":\"https:\\\/\\\/i0.wp.com\\\/legentlecat.fr\\\/shop\\\/wp-content\\\/uploads\\\/2017\\\/03\\\/griotte-ama.png?fit=1500%2C1875&ssl=1\",\"width\":1500,\"height\":1875},{\"@type\":\"BreadcrumbList\",\"@id\":\"https:\\\/\\\/legentlecat.fr\\\/shop\\\/index.php\\\/produit\\\/griotte-a-lamaretto\\\/#breadcrumb\",\"itemListElement\":[{\"@type\":\"ListItem\",\"position\":1,\"name\":\"Accueil\",\"item\":\"https:\\\/\\\/legentlecat.fr\\\/shop\\\/\"},{\"@type\":\"ListItem\",\"position\":2,\"name\":\"Shop\",\"item\":\"https:\\\/\\\/legentlecat.fr\\\/shop\\\/index.php\\\/shop\\\/\"},{\"@type\":\"ListItem\",\"position\":3,\"name\":\"Griotte \u00e0 l&rsquo;amaretto\"}]},{\"@type\":\"WebSite\",\"@id\":\"https:\\\/\\\/legentlecat.fr\\\/shop\\\/#website\",\"url\":\"https:\\\/\\\/legentlecat.fr\\\/shop\\\/\",\"name\":\"Le GentleCat - Teashop\",\"description\":\"La boutique de th\u00e9 en ligne\",\"potentialAction\":[{\"@type\":\"SearchAction\",\"target\":{\"@type\":\"EntryPoint\",\"urlTemplate\":\"https:\\\/\\\/legentlecat.fr\\\/shop\\\/?s={search_term_string}\"},\"query-input\":{\"@type\":\"PropertyValueSpecification\",\"valueRequired\":true,\"valueName\":\"search_term_string\"}}],\"inLanguage\":\"fr-FR\"}]}<\/script>\n<!-- \/ Yoast SEO plugin. -->","yoast_head_json":{"title":"Griotte \u00e0 l'amaretto - Le GentleCat - Teashop","robots":{"index":"index","follow":"follow","max-snippet":"max-snippet:-1","max-image-preview":"max-image-preview:large","max-video-preview":"max-video-preview:-1"},"canonical":"https:\/\/legentlecat.fr\/shop\/index.php\/produit\/griotte-a-lamaretto\/","og_locale":"fr_FR","og_type":"article","og_title":"Griotte \u00e0 l'amaretto - Le GentleCat - Teashop","og_description":"Sac herm\u00e9tique de 100 g\u00a0-\u00a0Le go\u00fbt de l'amaretto s'invite dans votre tasse, les effets de l'alcool en moins. Cette infusion fruit\u00e9e vous invite \u00e0 red\u00e9couvrir la saveur de cet\u00a0alcool italien \u00e0 l'amande am\u00e8re. Soutenue par le parfum doux et fruit\u00e9 de la griotte, cette recette est un v\u00e9ritable petit bonbon acidul\u00e9 et gourmand. Saveur : fruit\u00e9e,\u00a0gourmande Composition : morceaux de pomme, fleurs d'hibiscus, coquille de cynorrhodon, raisins de corinthe, ar\u00f4me et morceaux de cerise","og_url":"https:\/\/legentlecat.fr\/shop\/index.php\/produit\/griotte-a-lamaretto\/","og_site_name":"Le GentleCat - Teashop","article_modified_time":"2022-12-02T12:49:10+00:00","og_image":[{"width":819,"height":1024,"url":"https:\/\/legentlecat.fr\/shop\/wp-content\/uploads\/2017\/03\/griotte-ama-819x1024.png","type":"image\/png"}],"twitter_card":"summary_large_image","schema":{"@context":"https:\/\/schema.org","@graph":[{"@type":"WebPage","@id":"https:\/\/legentlecat.fr\/shop\/index.php\/produit\/griotte-a-lamaretto\/","url":"https:\/\/legentlecat.fr\/shop\/index.php\/produit\/griotte-a-lamaretto\/","name":"Griotte \u00e0 l'amaretto - Le GentleCat - Teashop","isPartOf":{"@id":"https:\/\/legentlecat.fr\/shop\/#website"},"primaryImageOfPage":{"@id":"https:\/\/legentlecat.fr\/shop\/index.php\/produit\/griotte-a-lamaretto\/#primaryimage"},"image":{"@id":"https:\/\/legentlecat.fr\/shop\/index.php\/produit\/griotte-a-lamaretto\/#primaryimage"},"thumbnailUrl":"https:\/\/i0.wp.com\/legentlecat.fr\/shop\/wp-content\/uploads\/2017\/03\/griotte-ama.png?fit=1500%2C1875&ssl=1","datePublished":"2017-03-19T22:20:46+00:00","dateModified":"2022-12-02T12:49:10+00:00","breadcrumb":{"@id":"https:\/\/legentlecat.fr\/shop\/index.php\/produit\/griotte-a-lamaretto\/#breadcrumb"},"inLanguage":"fr-FR","potentialAction":[{"@type":"ReadAction","target":["https:\/\/legentlecat.fr\/shop\/index.php\/produit\/griotte-a-lamaretto\/"]}]},{"@type":"ImageObject","inLanguage":"fr-FR","@id":"https:\/\/legentlecat.fr\/shop\/index.php\/produit\/griotte-a-lamaretto\/#primaryimage","url":"https:\/\/i0.wp.com\/legentlecat.fr\/shop\/wp-content\/uploads\/2017\/03\/griotte-ama.png?fit=1500%2C1875&ssl=1","contentUrl":"https:\/\/i0.wp.com\/legentlecat.fr\/shop\/wp-content\/uploads\/2017\/03\/griotte-ama.png?fit=1500%2C1875&ssl=1","width":1500,"height":1875},{"@type":"BreadcrumbList","@id":"https:\/\/legentlecat.fr\/shop\/index.php\/produit\/griotte-a-lamaretto\/#breadcrumb","itemListElement":[{"@type":"ListItem","position":1,"name":"Accueil","item":"https:\/\/legentlecat.fr\/shop\/"},{"@type":"ListItem","position":2,"name":"Shop","item":"https:\/\/legentlecat.fr\/shop\/index.php\/shop\/"},{"@type":"ListItem","position":3,"name":"Griotte \u00e0 l&rsquo;amaretto"}]},{"@type":"WebSite","@id":"https:\/\/legentlecat.fr\/shop\/#website","url":"https:\/\/legentlecat.fr\/shop\/","name":"Le GentleCat - Teashop","description":"La boutique de th\u00e9 en ligne","potentialAction":[{"@type":"SearchAction","target":{"@type":"EntryPoint","urlTemplate":"https:\/\/legentlecat.fr\/shop\/?s={search_term_string}"},"query-input":{"@type":"PropertyValueSpecification","valueRequired":true,"valueName":"search_term_string"}}],"inLanguage":"fr-FR"}]}},"jetpack_publicize_connections":[],"jetpack_sharing_enabled":true,"jetpack-related-posts":[{"id":879,"url":"https:\/\/legentlecat.fr\/shop\/index.php\/produit\/exotic-melon\/","url_meta":{"origin":1342,"position":0},"title":"Exotic Melon","author":"Jimmy RIOT","date":"19 mars 2017","format":false,"excerpt":"Sac herm\u00e9tique de 100 g\u00a0-\u00a0Cette recette \u00e0 base de th\u00e9 vert r\u00e9v\u00e8le une saveur particuli\u00e8rement douce et fruit\u00e9e dans une tasse claire avec quelques notes sucr\u00e9es du fait des fruits confits. Le melon et l'ananas y trouvent un bel \u00e9quilibre. Ce th\u00e9 se d\u00e9guste aussi bien chaud que froid. Saveur\u2026","rel":"","context":"Article similaire","block_context":{"text":"Article similaire","link":""},"img":{"alt_text":"","src":"https:\/\/i0.wp.com\/legentlecat.fr\/shop\/wp-content\/uploads\/2017\/03\/melon.png?fit=960%2C1200&ssl=1&resize=350%2C200","width":350,"height":200,"srcset":"https:\/\/i0.wp.com\/legentlecat.fr\/shop\/wp-content\/uploads\/2017\/03\/melon.png?fit=960%2C1200&ssl=1&resize=350%2C200 1x, https:\/\/i0.wp.com\/legentlecat.fr\/shop\/wp-content\/uploads\/2017\/03\/melon.png?fit=960%2C1200&ssl=1&resize=525%2C300 1.5x, https:\/\/i0.wp.com\/legentlecat.fr\/shop\/wp-content\/uploads\/2017\/03\/melon.png?fit=960%2C1200&ssl=1&resize=700%2C400 2x"},"classes":[]},{"id":1069,"url":"https:\/\/legentlecat.fr\/shop\/index.php\/produit\/marche-alsacien\/","url_meta":{"origin":1342,"position":1},"title":"March\u00e9 Alsacien","author":"Jimmy RIOT","date":"19 mars 2017","format":false,"excerpt":"Sac herm\u00e9tique de 100 g\u00a0-\u00a0Le rooibos March\u00e9 Alsacien est une recette inspir\u00e9e des march\u00e9s de no\u00ebl alsaciens. On y retrouve le go\u00fbt tr\u00e8s typique du th\u00e9 de No\u00ebl :\u00a0la saveur tr\u00e8s fruit\u00e9e de l'orange y est agr\u00e9ment\u00e9e de cannelle et de caramel. Saveur : gourmande, fruit\u00e9e, \u00e9pic\u00e9e Composition :\u00a0rooibos super\u2026","rel":"","context":"Article similaire","block_context":{"text":"Article similaire","link":""},"img":{"alt_text":"","src":"https:\/\/i0.wp.com\/legentlecat.fr\/shop\/wp-content\/uploads\/2017\/03\/marche-alsacien.png?fit=960%2C1200&ssl=1&resize=350%2C200","width":350,"height":200,"srcset":"https:\/\/i0.wp.com\/legentlecat.fr\/shop\/wp-content\/uploads\/2017\/03\/marche-alsacien.png?fit=960%2C1200&ssl=1&resize=350%2C200 1x, https:\/\/i0.wp.com\/legentlecat.fr\/shop\/wp-content\/uploads\/2017\/03\/marche-alsacien.png?fit=960%2C1200&ssl=1&resize=525%2C300 1.5x, https:\/\/i0.wp.com\/legentlecat.fr\/shop\/wp-content\/uploads\/2017\/03\/marche-alsacien.png?fit=960%2C1200&ssl=1&resize=700%2C400 2x"},"classes":[]},{"id":1321,"url":"https:\/\/legentlecat.fr\/shop\/index.php\/produit\/banana-cerolla\/","url_meta":{"origin":1342,"position":2},"title":"Banana Cerolla","author":"Jimmy RIOT","date":"19 mars 2017","format":false,"excerpt":"Sac herm\u00e9tique de 100 g\u00a0-\u00a0Cette recette propose une infusion particuli\u00e8rement fruit\u00e9e que les palais les moins habitu\u00e9s sauront tout de m\u00eame appr\u00e9cier. La douceur de la banane s'y marie \u00e0 merveille avec le parfum fruit\u00e9 et l\u00e9g\u00e8rement acidul\u00e9 de la cerise. Son absence totale de th\u00e9ine et sa saveur sucr\u00e9e\u2026","rel":"","context":"Article similaire","block_context":{"text":"Article similaire","link":""},"img":{"alt_text":"","src":"https:\/\/i0.wp.com\/legentlecat.fr\/shop\/wp-content\/uploads\/2017\/03\/banana-cero.png?fit=960%2C1200&ssl=1&resize=350%2C200","width":350,"height":200,"srcset":"https:\/\/i0.wp.com\/legentlecat.fr\/shop\/wp-content\/uploads\/2017\/03\/banana-cero.png?fit=960%2C1200&ssl=1&resize=350%2C200 1x, https:\/\/i0.wp.com\/legentlecat.fr\/shop\/wp-content\/uploads\/2017\/03\/banana-cero.png?fit=960%2C1200&ssl=1&resize=525%2C300 1.5x, https:\/\/i0.wp.com\/legentlecat.fr\/shop\/wp-content\/uploads\/2017\/03\/banana-cero.png?fit=960%2C1200&ssl=1&resize=700%2C400 2x"},"classes":[]},{"id":753,"url":"https:\/\/legentlecat.fr\/shop\/index.php\/produit\/douceur-de-graoully\/","url_meta":{"origin":1342,"position":3},"title":"Douceur de Graoully","author":"Jimmy RIOT","date":"19 mars 2017","format":false,"excerpt":"Sac herm\u00e9tique de 100 g\u00a0-\u00a0Cette recette \u00e0 base de roo\u00efbos a \u00e9t\u00e9 int\u00e9gr\u00e9e \u00e0 nos cr\u00e9ations \u00e0 l'occasion de l'ouverture de notre boutique de th\u00e9 \u00e0 Metz. Elle propose un m\u00e9lange \u00e9quilibr\u00e9 entre la saveur acidul\u00e9e de la fraise et la douceur sucr\u00e9e de la mirabelle. Ce rooibos peut \u00eatre\u2026","rel":"","context":"Article similaire","block_context":{"text":"Article similaire","link":""},"img":{"alt_text":"","src":"https:\/\/i0.wp.com\/legentlecat.fr\/shop\/wp-content\/uploads\/2017\/03\/graoully.png?fit=960%2C1200&ssl=1&resize=350%2C200","width":350,"height":200,"srcset":"https:\/\/i0.wp.com\/legentlecat.fr\/shop\/wp-content\/uploads\/2017\/03\/graoully.png?fit=960%2C1200&ssl=1&resize=350%2C200 1x, https:\/\/i0.wp.com\/legentlecat.fr\/shop\/wp-content\/uploads\/2017\/03\/graoully.png?fit=960%2C1200&ssl=1&resize=525%2C300 1.5x, https:\/\/i0.wp.com\/legentlecat.fr\/shop\/wp-content\/uploads\/2017\/03\/graoully.png?fit=960%2C1200&ssl=1&resize=700%2C400 2x"},"classes":[]},{"id":126,"url":"https:\/\/legentlecat.fr\/shop\/index.php\/produit\/pecher-du-tibet\/","url_meta":{"origin":1342,"position":4},"title":"P\u00e9cher du Tibet","author":"Jimmy RIOT","date":"8 mars 2017","format":false,"excerpt":"Sac herm\u00e9tique de 100 g\u00a0-\u00a0Ce th\u00e9 bleu est sans conteste l'un de nos plus grands succ\u00e8s en boutique. Ce m\u00e9lange riche en fruits \u00e0 base de th\u00e9 Oolong offre une liqueur douce \u00e0 la saveur sucr\u00e9e, aussi agr\u00e9able dans une tasse chaude que dans un verre de th\u00e9 glac\u00e9. Les\u2026","rel":"","context":"Article similaire","block_context":{"text":"Article similaire","link":""},"img":{"alt_text":"","src":"https:\/\/i0.wp.com\/legentlecat.fr\/shop\/wp-content\/uploads\/2017\/03\/pecher-tibet.png?fit=960%2C1200&ssl=1&resize=350%2C200","width":350,"height":200,"srcset":"https:\/\/i0.wp.com\/legentlecat.fr\/shop\/wp-content\/uploads\/2017\/03\/pecher-tibet.png?fit=960%2C1200&ssl=1&resize=350%2C200 1x, https:\/\/i0.wp.com\/legentlecat.fr\/shop\/wp-content\/uploads\/2017\/03\/pecher-tibet.png?fit=960%2C1200&ssl=1&resize=525%2C300 1.5x, https:\/\/i0.wp.com\/legentlecat.fr\/shop\/wp-content\/uploads\/2017\/03\/pecher-tibet.png?fit=960%2C1200&ssl=1&resize=700%2C400 2x"},"classes":[]},{"id":415,"url":"https:\/\/legentlecat.fr\/shop\/index.php\/produit\/ice-tea-peche\/","url_meta":{"origin":1342,"position":5},"title":"Ice tea P\u00eache","author":"Jimmy RIOT","date":"13 mars 2017","format":false,"excerpt":"Sac herm\u00e9tique de 100 g\u00a0-\u00a0Le th\u00e9 Ice Tea saveur P\u00eache est un th\u00e9 vert id\u00e9al pour les pr\u00e9parations de th\u00e9s glac\u00e9s. Pour se faire, il suffit de faire infuser le th\u00e9 dans une eau \u00e0 temp\u00e9rature ambiante pendant 5 heures puis de retirer le sachet de th\u00e9 pour y ajouter\u2026","rel":"","context":"Article similaire","block_context":{"text":"Article similaire","link":""},"img":{"alt_text":"","src":"https:\/\/i0.wp.com\/legentlecat.fr\/shop\/wp-content\/uploads\/2017\/03\/icetea-peche.png?fit=960%2C1200&ssl=1&resize=350%2C200","width":350,"height":200,"srcset":"https:\/\/i0.wp.com\/legentlecat.fr\/shop\/wp-content\/uploads\/2017\/03\/icetea-peche.png?fit=960%2C1200&ssl=1&resize=350%2C200 1x, https:\/\/i0.wp.com\/legentlecat.fr\/shop\/wp-content\/uploads\/2017\/03\/icetea-peche.png?fit=960%2C1200&ssl=1&resize=525%2C300 1.5x, https:\/\/i0.wp.com\/legentlecat.fr\/shop\/wp-content\/uploads\/2017\/03\/icetea-peche.png?fit=960%2C1200&ssl=1&resize=700%2C400 2x"},"classes":[]}],"_links":{"self":[{"href":"https:\/\/legentlecat.fr\/shop\/index.php\/wp-json\/wp\/v2\/product\/1342","targetHints":{"allow":["GET"]}}],"collection":[{"href":"https:\/\/legentlecat.fr\/shop\/index.php\/wp-json\/wp\/v2\/product"}],"about":[{"href":"https:\/\/legentlecat.fr\/shop\/index.php\/wp-json\/wp\/v2\/types\/product"}],"wp:featuredmedia":[{"embeddable":true,"href":"https:\/\/legentlecat.fr\/shop\/index.php\/wp-json\/wp\/v2\/media\/2270"}],"wp:attachment":[{"href":"https:\/\/legentlecat.fr\/shop\/index.php\/wp-json\/wp\/v2\/media?parent=1342"}],"wp:term":[{"taxonomy":"product_brand","embeddable":true,"href":"https:\/\/legentlecat.fr\/shop\/index.php\/wp-json\/wp\/v2\/product_brand?post=1342"},{"taxonomy":"product_cat","embeddable":true,"href":"https:\/\/legentlecat.fr\/shop\/index.php\/wp-json\/wp\/v2\/product_cat?post=1342"},{"taxonomy":"product_tag","embeddable":true,"href":"https:\/\/legentlecat.fr\/shop\/index.php\/wp-json\/wp\/v2\/product_tag?post=1342"}],"curies":[{"name":"wp","href":"https:\/\/api.w.org\/{rel}","templated":true}]}}