{"id":1300,"date":"2017-03-19T23:01:54","date_gmt":"2017-03-19T22:01:54","guid":{"rendered":"http:\/\/legentlecat.fr\/comptoir-a-thes\/produit\/rooibos-naturel\/"},"modified":"2023-11-22T19:16:52","modified_gmt":"2023-11-22T18:16:52","slug":"rooibos-naturel","status":"publish","type":"product","link":"https:\/\/legentlecat.fr\/shop\/index.php\/produit\/rooibos-naturel\/","title":{"rendered":"Rooibos Naturel"},"content":{"rendered":"","protected":false},"excerpt":{"rendered":"<p style=\"text-align: justify;\"><img loading=\"lazy\" decoding=\"async\" class=\"size-full wp-image-2274 aligncenter\" src=\"http:\/\/legentlecat.fr\/shop\/wp-content\/uploads\/2017\/03\/rooibos.jpg\" alt=\"\" width=\"250\" height=\"77\" \/><\/p>\n<p style=\"text-align: justify;\"><strong>Sac herm\u00e9tique de 100 g<\/strong>\u00a0&#8211;\u00a0Le rooibos est issu d&rsquo;une plante qui pousse exclusivement en Afrique du Sud. Bien qu&rsquo;il ne s&rsquo;agisse pas de th\u00e9, certains l&rsquo;appellent \u00ab\u00a0th\u00e9 rouge\u00a0\u00bb. A l&rsquo;infusion, il offre une infusion douce, l\u00e9g\u00e8rement sucr\u00e9e et tr\u00e8s faible en tanins. Riche en antioxydant et totalement d\u00e9pourvue de th\u00e9ine, c&rsquo;est une boisson parfaite \u00e0 tout moment de la journ\u00e9e, y compris pour les enfants et les femmes enceintes.<\/p>\n<p style=\"text-align: justify;\"><strong>Origine :<\/strong> Afrique du Sud<\/p>\n<p style=\"text-align: justify;\"><strong>Composition :<\/strong>\u00a0rooibos<\/p>\n","protected":false},"featured_media":2275,"template":"","meta":{"jetpack_post_was_ever_published":false,"jetpack_publicize_message":"","jetpack_publicize_feature_enabled":true,"jetpack_social_post_already_shared":false,"jetpack_social_options":{"image_generator_settings":{"template":"highway","default_image_id":0,"font":"","enabled":false},"version":2}},"product_brand":[],"product_cat":[87,49],"product_tag":[29,119,149],"class_list":{"0":"post-1300","1":"product","2":"type-product","3":"status-publish","4":"has-post-thumbnail","6":"product_cat-rooibos","7":"product_cat-the-rooibos","8":"product_tag-rooibos","9":"product_tag-the-origine","10":"product_tag-the-rouge","12":"first","13":"outofstock","14":"taxable","15":"shipping-taxable","16":"purchasable","17":"product-type-simple"},"yoast_head":"<!-- This site is optimized with the Yoast SEO plugin v27.4 - https:\/\/yoast.com\/product\/yoast-seo-wordpress\/ -->\n<title>Rooibos Naturel - Le GentleCat - Teashop<\/title>\n<meta name=\"robots\" content=\"index, follow, max-snippet:-1, max-image-preview:large, max-video-preview:-1\" \/>\n<link rel=\"canonical\" href=\"https:\/\/legentlecat.fr\/shop\/index.php\/produit\/rooibos-naturel\/\" \/>\n<meta property=\"og:locale\" content=\"fr_FR\" \/>\n<meta property=\"og:type\" content=\"article\" \/>\n<meta property=\"og:title\" content=\"Rooibos Naturel - Le GentleCat - Teashop\" \/>\n<meta property=\"og:description\" content=\"Sac herm\u00e9tique de 100 g\u00a0-\u00a0Le rooibos est issu d&#039;une plante qui pousse exclusivement en Afrique du Sud. Bien qu&#039;il ne s&#039;agisse pas de th\u00e9, certains l&#039;appellent &quot;th\u00e9 rouge&quot;. A l&#039;infusion, il offre une infusion douce, l\u00e9g\u00e8rement sucr\u00e9e et tr\u00e8s faible en tanins. Riche en antioxydant et totalement d\u00e9pourvue de th\u00e9ine, c&#039;est une boisson parfaite \u00e0 tout moment de la journ\u00e9e, y compris pour les enfants et les femmes enceintes. Origine : Afrique du Sud Composition :\u00a0rooibos\" \/>\n<meta property=\"og:url\" content=\"https:\/\/legentlecat.fr\/shop\/index.php\/produit\/rooibos-naturel\/\" \/>\n<meta property=\"og:site_name\" content=\"Le GentleCat - Teashop\" \/>\n<meta property=\"article:modified_time\" content=\"2023-11-22T18:16:52+00:00\" \/>\n<meta property=\"og:image\" content=\"https:\/\/legentlecat.fr\/shop\/wp-content\/uploads\/2017\/03\/rooibos-nat-819x1024.png\" \/>\n\t<meta property=\"og:image:width\" content=\"819\" \/>\n\t<meta property=\"og:image:height\" content=\"1024\" \/>\n\t<meta property=\"og:image:type\" content=\"image\/png\" \/>\n<meta name=\"twitter:card\" content=\"summary_large_image\" \/>\n<script type=\"application\/ld+json\" class=\"yoast-schema-graph\">{\"@context\":\"https:\\\/\\\/schema.org\",\"@graph\":[{\"@type\":\"WebPage\",\"@id\":\"https:\\\/\\\/legentlecat.fr\\\/shop\\\/index.php\\\/produit\\\/rooibos-naturel\\\/\",\"url\":\"https:\\\/\\\/legentlecat.fr\\\/shop\\\/index.php\\\/produit\\\/rooibos-naturel\\\/\",\"name\":\"Rooibos Naturel - Le GentleCat - Teashop\",\"isPartOf\":{\"@id\":\"https:\\\/\\\/legentlecat.fr\\\/shop\\\/#website\"},\"primaryImageOfPage\":{\"@id\":\"https:\\\/\\\/legentlecat.fr\\\/shop\\\/index.php\\\/produit\\\/rooibos-naturel\\\/#primaryimage\"},\"image\":{\"@id\":\"https:\\\/\\\/legentlecat.fr\\\/shop\\\/index.php\\\/produit\\\/rooibos-naturel\\\/#primaryimage\"},\"thumbnailUrl\":\"https:\\\/\\\/i0.wp.com\\\/legentlecat.fr\\\/shop\\\/wp-content\\\/uploads\\\/2017\\\/03\\\/rooibos-nat.png?fit=1500%2C1875&ssl=1\",\"datePublished\":\"2017-03-19T22:01:54+00:00\",\"dateModified\":\"2023-11-22T18:16:52+00:00\",\"breadcrumb\":{\"@id\":\"https:\\\/\\\/legentlecat.fr\\\/shop\\\/index.php\\\/produit\\\/rooibos-naturel\\\/#breadcrumb\"},\"inLanguage\":\"fr-FR\",\"potentialAction\":[{\"@type\":\"ReadAction\",\"target\":[\"https:\\\/\\\/legentlecat.fr\\\/shop\\\/index.php\\\/produit\\\/rooibos-naturel\\\/\"]}]},{\"@type\":\"ImageObject\",\"inLanguage\":\"fr-FR\",\"@id\":\"https:\\\/\\\/legentlecat.fr\\\/shop\\\/index.php\\\/produit\\\/rooibos-naturel\\\/#primaryimage\",\"url\":\"https:\\\/\\\/i0.wp.com\\\/legentlecat.fr\\\/shop\\\/wp-content\\\/uploads\\\/2017\\\/03\\\/rooibos-nat.png?fit=1500%2C1875&ssl=1\",\"contentUrl\":\"https:\\\/\\\/i0.wp.com\\\/legentlecat.fr\\\/shop\\\/wp-content\\\/uploads\\\/2017\\\/03\\\/rooibos-nat.png?fit=1500%2C1875&ssl=1\",\"width\":1500,\"height\":1875},{\"@type\":\"BreadcrumbList\",\"@id\":\"https:\\\/\\\/legentlecat.fr\\\/shop\\\/index.php\\\/produit\\\/rooibos-naturel\\\/#breadcrumb\",\"itemListElement\":[{\"@type\":\"ListItem\",\"position\":1,\"name\":\"Accueil\",\"item\":\"https:\\\/\\\/legentlecat.fr\\\/shop\\\/\"},{\"@type\":\"ListItem\",\"position\":2,\"name\":\"Shop\",\"item\":\"https:\\\/\\\/legentlecat.fr\\\/shop\\\/index.php\\\/shop\\\/\"},{\"@type\":\"ListItem\",\"position\":3,\"name\":\"Rooibos Naturel\"}]},{\"@type\":\"WebSite\",\"@id\":\"https:\\\/\\\/legentlecat.fr\\\/shop\\\/#website\",\"url\":\"https:\\\/\\\/legentlecat.fr\\\/shop\\\/\",\"name\":\"Le GentleCat - Teashop\",\"description\":\"La boutique de th\u00e9 en ligne\",\"potentialAction\":[{\"@type\":\"SearchAction\",\"target\":{\"@type\":\"EntryPoint\",\"urlTemplate\":\"https:\\\/\\\/legentlecat.fr\\\/shop\\\/?s={search_term_string}\"},\"query-input\":{\"@type\":\"PropertyValueSpecification\",\"valueRequired\":true,\"valueName\":\"search_term_string\"}}],\"inLanguage\":\"fr-FR\"}]}<\/script>\n<!-- \/ Yoast SEO plugin. -->","yoast_head_json":{"title":"Rooibos Naturel - Le GentleCat - Teashop","robots":{"index":"index","follow":"follow","max-snippet":"max-snippet:-1","max-image-preview":"max-image-preview:large","max-video-preview":"max-video-preview:-1"},"canonical":"https:\/\/legentlecat.fr\/shop\/index.php\/produit\/rooibos-naturel\/","og_locale":"fr_FR","og_type":"article","og_title":"Rooibos Naturel - Le GentleCat - Teashop","og_description":"Sac herm\u00e9tique de 100 g\u00a0-\u00a0Le rooibos est issu d'une plante qui pousse exclusivement en Afrique du Sud. Bien qu'il ne s'agisse pas de th\u00e9, certains l'appellent \"th\u00e9 rouge\". A l'infusion, il offre une infusion douce, l\u00e9g\u00e8rement sucr\u00e9e et tr\u00e8s faible en tanins. Riche en antioxydant et totalement d\u00e9pourvue de th\u00e9ine, c'est une boisson parfaite \u00e0 tout moment de la journ\u00e9e, y compris pour les enfants et les femmes enceintes. Origine : Afrique du Sud Composition :\u00a0rooibos","og_url":"https:\/\/legentlecat.fr\/shop\/index.php\/produit\/rooibos-naturel\/","og_site_name":"Le GentleCat - Teashop","article_modified_time":"2023-11-22T18:16:52+00:00","og_image":[{"width":819,"height":1024,"url":"https:\/\/legentlecat.fr\/shop\/wp-content\/uploads\/2017\/03\/rooibos-nat-819x1024.png","type":"image\/png"}],"twitter_card":"summary_large_image","schema":{"@context":"https:\/\/schema.org","@graph":[{"@type":"WebPage","@id":"https:\/\/legentlecat.fr\/shop\/index.php\/produit\/rooibos-naturel\/","url":"https:\/\/legentlecat.fr\/shop\/index.php\/produit\/rooibos-naturel\/","name":"Rooibos Naturel - Le GentleCat - Teashop","isPartOf":{"@id":"https:\/\/legentlecat.fr\/shop\/#website"},"primaryImageOfPage":{"@id":"https:\/\/legentlecat.fr\/shop\/index.php\/produit\/rooibos-naturel\/#primaryimage"},"image":{"@id":"https:\/\/legentlecat.fr\/shop\/index.php\/produit\/rooibos-naturel\/#primaryimage"},"thumbnailUrl":"https:\/\/i0.wp.com\/legentlecat.fr\/shop\/wp-content\/uploads\/2017\/03\/rooibos-nat.png?fit=1500%2C1875&ssl=1","datePublished":"2017-03-19T22:01:54+00:00","dateModified":"2023-11-22T18:16:52+00:00","breadcrumb":{"@id":"https:\/\/legentlecat.fr\/shop\/index.php\/produit\/rooibos-naturel\/#breadcrumb"},"inLanguage":"fr-FR","potentialAction":[{"@type":"ReadAction","target":["https:\/\/legentlecat.fr\/shop\/index.php\/produit\/rooibos-naturel\/"]}]},{"@type":"ImageObject","inLanguage":"fr-FR","@id":"https:\/\/legentlecat.fr\/shop\/index.php\/produit\/rooibos-naturel\/#primaryimage","url":"https:\/\/i0.wp.com\/legentlecat.fr\/shop\/wp-content\/uploads\/2017\/03\/rooibos-nat.png?fit=1500%2C1875&ssl=1","contentUrl":"https:\/\/i0.wp.com\/legentlecat.fr\/shop\/wp-content\/uploads\/2017\/03\/rooibos-nat.png?fit=1500%2C1875&ssl=1","width":1500,"height":1875},{"@type":"BreadcrumbList","@id":"https:\/\/legentlecat.fr\/shop\/index.php\/produit\/rooibos-naturel\/#breadcrumb","itemListElement":[{"@type":"ListItem","position":1,"name":"Accueil","item":"https:\/\/legentlecat.fr\/shop\/"},{"@type":"ListItem","position":2,"name":"Shop","item":"https:\/\/legentlecat.fr\/shop\/index.php\/shop\/"},{"@type":"ListItem","position":3,"name":"Rooibos Naturel"}]},{"@type":"WebSite","@id":"https:\/\/legentlecat.fr\/shop\/#website","url":"https:\/\/legentlecat.fr\/shop\/","name":"Le GentleCat - Teashop","description":"La boutique de th\u00e9 en ligne","potentialAction":[{"@type":"SearchAction","target":{"@type":"EntryPoint","urlTemplate":"https:\/\/legentlecat.fr\/shop\/?s={search_term_string}"},"query-input":{"@type":"PropertyValueSpecification","valueRequired":true,"valueName":"search_term_string"}}],"inLanguage":"fr-FR"}]}},"jetpack_publicize_connections":[],"jetpack_sharing_enabled":true,"jetpack-related-posts":[{"id":331,"url":"https:\/\/legentlecat.fr\/shop\/index.php\/produit\/citron-sur-lhorizon\/","url_meta":{"origin":1300,"position":0},"title":"Citron sur l&rsquo;horizon","author":"Jimmy RIOT","date":"13 mars 2017","format":false,"excerpt":"Sac herm\u00e9tique de 100 g\u00a0-\u00a0La saveur bois\u00e9e du rooibos est souvent mari\u00e9 avec des parfums gourmands ou fruit\u00e9s, mais trouver un rooibos acidul\u00e9 est plus rare. Nous vous proposons ici un th\u00e9 o\u00f9 le citron peut r\u00e9v\u00e9ler tous ses ar\u00f4mes \u00e0 grand renfort d'\u00e9corce de citron et d'orange, de citronnelle\u2026","rel":"","context":"Article similaire","block_context":{"text":"Article similaire","link":""},"img":{"alt_text":"","src":"https:\/\/i0.wp.com\/legentlecat.fr\/shop\/wp-content\/uploads\/2017\/03\/citron-horizon.png?fit=960%2C1200&ssl=1&resize=350%2C200","width":350,"height":200,"srcset":"https:\/\/i0.wp.com\/legentlecat.fr\/shop\/wp-content\/uploads\/2017\/03\/citron-horizon.png?fit=960%2C1200&ssl=1&resize=350%2C200 1x, https:\/\/i0.wp.com\/legentlecat.fr\/shop\/wp-content\/uploads\/2017\/03\/citron-horizon.png?fit=960%2C1200&ssl=1&resize=525%2C300 1.5x, https:\/\/i0.wp.com\/legentlecat.fr\/shop\/wp-content\/uploads\/2017\/03\/citron-horizon.png?fit=960%2C1200&ssl=1&resize=700%2C400 2x"},"classes":[]},{"id":774,"url":"https:\/\/legentlecat.fr\/shop\/index.php\/produit\/red-choco-noisette\/","url_meta":{"origin":1300,"position":1},"title":"Red Choco Noisette","author":"Jimmy RIOT","date":"19 mars 2017","format":false,"excerpt":"Sac herm\u00e9tique de 100 g\u00a0-\u00a0Cette recette \u00e0 base de rooibos restera sans doute l'une de nos seules cr\u00e9ations \u00e0 la saveur de chocolat tant nous somme satisfait du bel ar\u00f4me de chocolat et de noisette qu'elle d\u00e9gage. Le rooibos laisse au cacao toute la place n\u00e9cessaire pour se d\u00e9velopper tout\u2026","rel":"","context":"Article similaire","block_context":{"text":"Article similaire","link":""},"img":{"alt_text":"","src":"https:\/\/i0.wp.com\/legentlecat.fr\/shop\/wp-content\/uploads\/2017\/03\/red-choc.png?fit=960%2C1200&ssl=1&resize=350%2C200","width":350,"height":200,"srcset":"https:\/\/i0.wp.com\/legentlecat.fr\/shop\/wp-content\/uploads\/2017\/03\/red-choc.png?fit=960%2C1200&ssl=1&resize=350%2C200 1x, https:\/\/i0.wp.com\/legentlecat.fr\/shop\/wp-content\/uploads\/2017\/03\/red-choc.png?fit=960%2C1200&ssl=1&resize=525%2C300 1.5x, https:\/\/i0.wp.com\/legentlecat.fr\/shop\/wp-content\/uploads\/2017\/03\/red-choc.png?fit=960%2C1200&ssl=1&resize=700%2C400 2x"},"classes":[]},{"id":753,"url":"https:\/\/legentlecat.fr\/shop\/index.php\/produit\/douceur-de-graoully\/","url_meta":{"origin":1300,"position":2},"title":"Douceur de Graoully","author":"Jimmy RIOT","date":"19 mars 2017","format":false,"excerpt":"Sac herm\u00e9tique de 100 g\u00a0-\u00a0Cette recette \u00e0 base de roo\u00efbos a \u00e9t\u00e9 int\u00e9gr\u00e9e \u00e0 nos cr\u00e9ations \u00e0 l'occasion de l'ouverture de notre boutique de th\u00e9 \u00e0 Metz. Elle propose un m\u00e9lange \u00e9quilibr\u00e9 entre la saveur acidul\u00e9e de la fraise et la douceur sucr\u00e9e de la mirabelle. Ce rooibos peut \u00eatre\u2026","rel":"","context":"Article similaire","block_context":{"text":"Article similaire","link":""},"img":{"alt_text":"","src":"https:\/\/i0.wp.com\/legentlecat.fr\/shop\/wp-content\/uploads\/2017\/03\/graoully.png?fit=960%2C1200&ssl=1&resize=350%2C200","width":350,"height":200,"srcset":"https:\/\/i0.wp.com\/legentlecat.fr\/shop\/wp-content\/uploads\/2017\/03\/graoully.png?fit=960%2C1200&ssl=1&resize=350%2C200 1x, https:\/\/i0.wp.com\/legentlecat.fr\/shop\/wp-content\/uploads\/2017\/03\/graoully.png?fit=960%2C1200&ssl=1&resize=525%2C300 1.5x, https:\/\/i0.wp.com\/legentlecat.fr\/shop\/wp-content\/uploads\/2017\/03\/graoully.png?fit=960%2C1200&ssl=1&resize=700%2C400 2x"},"classes":[]},{"id":1258,"url":"https:\/\/legentlecat.fr\/shop\/index.php\/produit\/red-earl-grey\/","url_meta":{"origin":1300,"position":3},"title":"Red Earl Grey","author":"Jimmy RIOT","date":"19 mars 2017","format":false,"excerpt":"Sac herm\u00e9tique de 100 g\u00a0-\u00a0Les amoureux de la saveur earl grey ne pourront qu'appr\u00e9cier ce rooibos \u00e0 la bergamote. Sans th\u00e9ine et pauvre en tanins, il peut \u00eatre bu \u00e0 tout heure de la journ\u00e9e, aussi bien chaud qu'en infusion glac\u00e9e (ce qui est rare pour un earl grey). La\u2026","rel":"","context":"Article similaire","block_context":{"text":"Article similaire","link":""},"img":{"alt_text":"","src":"https:\/\/i0.wp.com\/legentlecat.fr\/shop\/wp-content\/uploads\/2017\/03\/red-earl-grey.png?fit=960%2C1200&ssl=1&resize=350%2C200","width":350,"height":200,"srcset":"https:\/\/i0.wp.com\/legentlecat.fr\/shop\/wp-content\/uploads\/2017\/03\/red-earl-grey.png?fit=960%2C1200&ssl=1&resize=350%2C200 1x, https:\/\/i0.wp.com\/legentlecat.fr\/shop\/wp-content\/uploads\/2017\/03\/red-earl-grey.png?fit=960%2C1200&ssl=1&resize=525%2C300 1.5x, https:\/\/i0.wp.com\/legentlecat.fr\/shop\/wp-content\/uploads\/2017\/03\/red-earl-grey.png?fit=960%2C1200&ssl=1&resize=700%2C400 2x"},"classes":[]},{"id":732,"url":"https:\/\/legentlecat.fr\/shop\/index.php\/produit\/bunny-vitamine\/","url_meta":{"origin":1300,"position":4},"title":"Bunny Vitamin\u00e9","author":"Jimmy RIOT","date":"19 mars 2017","format":false,"excerpt":"Sac herm\u00e9tique de 100 g\u00a0-\u00a0Le rooibos, tr\u00e8s doux et l\u00e9g\u00e8rement bois\u00e9 laisse beaucoup de place \u00e0 l'orange pour d\u00e9velopper toutes ses saveurs. La carotte int\u00e9gr\u00e9e \u00e0 cette recette permet d'adoucir encore un peu l'acidit\u00e9 de l'orange sans intensifier le go\u00fbt bois\u00e9 du th\u00e9 rouge. On obtient ainsi une saveur assez\u2026","rel":"","context":"Article similaire","block_context":{"text":"Article similaire","link":""},"img":{"alt_text":"","src":"https:\/\/i0.wp.com\/legentlecat.fr\/shop\/wp-content\/uploads\/2017\/03\/bunny.png?fit=960%2C1200&ssl=1&resize=350%2C200","width":350,"height":200,"srcset":"https:\/\/i0.wp.com\/legentlecat.fr\/shop\/wp-content\/uploads\/2017\/03\/bunny.png?fit=960%2C1200&ssl=1&resize=350%2C200 1x, https:\/\/i0.wp.com\/legentlecat.fr\/shop\/wp-content\/uploads\/2017\/03\/bunny.png?fit=960%2C1200&ssl=1&resize=525%2C300 1.5x, https:\/\/i0.wp.com\/legentlecat.fr\/shop\/wp-content\/uploads\/2017\/03\/bunny.png?fit=960%2C1200&ssl=1&resize=700%2C400 2x"},"classes":[]},{"id":310,"url":"https:\/\/legentlecat.fr\/shop\/index.php\/produit\/cannelle-belle-helene\/","url_meta":{"origin":1300,"position":5},"title":"Cannelle Belle H\u00e9l\u00e8ne","author":"Jimmy RIOT","date":"13 mars 2017","format":false,"excerpt":"Sac herm\u00e9tique de 100 g\u00a0-\u00a0Cette recette gourmande et l\u00e9g\u00e8rement \u00e9pic\u00e9e est un mi-chemin entre une infusion de fruits et un rooibos. Afin de rendre cette infusion plus douce et plus gourmande, il y a en effet un peu de rooibos dans ce m\u00e9lange mais il n'est pas l'ingr\u00e9dient de base.\u00a0Cette\u2026","rel":"","context":"Article similaire","block_context":{"text":"Article similaire","link":""},"img":{"alt_text":"","src":"https:\/\/i0.wp.com\/legentlecat.fr\/shop\/wp-content\/uploads\/2017\/03\/helene.png?fit=960%2C1200&ssl=1&resize=350%2C200","width":350,"height":200,"srcset":"https:\/\/i0.wp.com\/legentlecat.fr\/shop\/wp-content\/uploads\/2017\/03\/helene.png?fit=960%2C1200&ssl=1&resize=350%2C200 1x, https:\/\/i0.wp.com\/legentlecat.fr\/shop\/wp-content\/uploads\/2017\/03\/helene.png?fit=960%2C1200&ssl=1&resize=525%2C300 1.5x, https:\/\/i0.wp.com\/legentlecat.fr\/shop\/wp-content\/uploads\/2017\/03\/helene.png?fit=960%2C1200&ssl=1&resize=700%2C400 2x"},"classes":[]}],"_links":{"self":[{"href":"https:\/\/legentlecat.fr\/shop\/index.php\/wp-json\/wp\/v2\/product\/1300","targetHints":{"allow":["GET"]}}],"collection":[{"href":"https:\/\/legentlecat.fr\/shop\/index.php\/wp-json\/wp\/v2\/product"}],"about":[{"href":"https:\/\/legentlecat.fr\/shop\/index.php\/wp-json\/wp\/v2\/types\/product"}],"wp:featuredmedia":[{"embeddable":true,"href":"https:\/\/legentlecat.fr\/shop\/index.php\/wp-json\/wp\/v2\/media\/2275"}],"wp:attachment":[{"href":"https:\/\/legentlecat.fr\/shop\/index.php\/wp-json\/wp\/v2\/media?parent=1300"}],"wp:term":[{"taxonomy":"product_brand","embeddable":true,"href":"https:\/\/legentlecat.fr\/shop\/index.php\/wp-json\/wp\/v2\/product_brand?post=1300"},{"taxonomy":"product_cat","embeddable":true,"href":"https:\/\/legentlecat.fr\/shop\/index.php\/wp-json\/wp\/v2\/product_cat?post=1300"},{"taxonomy":"product_tag","embeddable":true,"href":"https:\/\/legentlecat.fr\/shop\/index.php\/wp-json\/wp\/v2\/product_tag?post=1300"}],"curies":[{"name":"wp","href":"https:\/\/api.w.org\/{rel}","templated":true}]}}