{"id":1237,"date":"2017-03-19T22:33:24","date_gmt":"2017-03-19T21:33:24","guid":{"rendered":"http:\/\/legentlecat.fr\/comptoir-a-thes\/produit\/chai-ebene-bio\/"},"modified":"2022-12-02T13:32:42","modified_gmt":"2022-12-02T12:32:42","slug":"chai-ebene-bio","status":"publish","type":"product","link":"https:\/\/legentlecat.fr\/shop\/index.php\/produit\/chai-ebene-bio\/","title":{"rendered":"Cha\u00ef \u00e9b\u00e8ne BIO"},"content":{"rendered":"","protected":false},"excerpt":{"rendered":"<p style=\"text-align: justify;\"><img loading=\"lazy\" decoding=\"async\" class=\"size-full wp-image-2234 aligncenter\" src=\"http:\/\/legentlecat.fr\/shop\/wp-content\/uploads\/2017\/03\/pu-erh.jpg\" alt=\"\" width=\"250\" height=\"77\" \/><\/p>\n<p style=\"text-align: justify;\"><strong>Sac herm\u00e9tique de 100 g<\/strong>\u00a0&#8211;\u00a0Le Cha\u00ef est un m\u00e9lange de th\u00e9 et d&rsquo;\u00e9pices. Traditionnellement \u00e0 base de th\u00e9 noir, il est la boisson matinale quotidienne d&rsquo;une majorit\u00e9 d&rsquo;indiens. Il est g\u00e9n\u00e9ralement infus\u00e9 dans du lait entier bouillant et l\u00e9g\u00e8rement sucr\u00e9. En Occident on le consomme plut\u00f4t sous forme d&rsquo;un Cha\u00ef Latte, une infusion \u00e0 l&rsquo;eau l\u00e9g\u00e8rement sucr\u00e9e surplomb\u00e9e d&rsquo;une mousse de lait.<\/p>\n<p style=\"text-align: justify;\"><strong>Saveur :<\/strong> \u00e9pic\u00e9e<\/p>\n<p style=\"text-align: justify;\"><strong>Composition :\u00a0<\/strong>th\u00e9 noir assam, morceaux de cannelle, morceaux de gingembre, fenouil, anis, clous de girofle, cardamome BIO<\/p>\n","protected":false},"featured_media":2280,"template":"","meta":{"jetpack_post_was_ever_published":false,"jetpack_publicize_message":"","jetpack_publicize_feature_enabled":true,"jetpack_social_post_already_shared":false,"jetpack_social_options":{"image_generator_settings":{"template":"highway","default_image_id":0,"font":"","enabled":false},"version":2}},"product_brand":[],"product_cat":[211,80,84,43,46],"product_tag":[106,118,107,105,152,104,99,114,151,121],"class_list":{"0":"post-1237","1":"product","2":"type-product","3":"status-publish","4":"has-post-thumbnail","6":"product_cat-noelsaveurs","7":"product_cat-epicee","8":"product_cat-bio","9":"product_cat-the-chai","10":"product_cat-the-noir","11":"product_tag-anis","12":"product_tag-cannelle","13":"product_tag-cardamome","14":"product_tag-clou-de-girofle","15":"product_tag-fenouil","16":"product_tag-gingembre","17":"product_tag-saveur-epicee","18":"product_tag-the-bio","19":"product_tag-the-chai","20":"product_tag-the-noir","22":"first","23":"instock","24":"taxable","25":"shipping-taxable","26":"purchasable","27":"product-type-simple"},"yoast_head":"<!-- This site is optimized with the Yoast SEO plugin v27.4 - https:\/\/yoast.com\/product\/yoast-seo-wordpress\/ -->\n<title>Cha\u00ef \u00e9b\u00e8ne BIO - Le GentleCat - Teashop<\/title>\n<meta name=\"robots\" content=\"index, follow, max-snippet:-1, max-image-preview:large, max-video-preview:-1\" \/>\n<link rel=\"canonical\" href=\"https:\/\/legentlecat.fr\/shop\/index.php\/produit\/chai-ebene-bio\/\" \/>\n<meta property=\"og:locale\" content=\"fr_FR\" \/>\n<meta property=\"og:type\" content=\"article\" \/>\n<meta property=\"og:title\" content=\"Cha\u00ef \u00e9b\u00e8ne BIO - Le GentleCat - Teashop\" \/>\n<meta property=\"og:description\" content=\"Sac herm\u00e9tique de 100 g\u00a0-\u00a0Le Cha\u00ef est un m\u00e9lange de th\u00e9 et d&#039;\u00e9pices. Traditionnellement \u00e0 base de th\u00e9 noir, il est la boisson matinale quotidienne d&#039;une majorit\u00e9 d&#039;indiens. Il est g\u00e9n\u00e9ralement infus\u00e9 dans du lait entier bouillant et l\u00e9g\u00e8rement sucr\u00e9. En Occident on le consomme plut\u00f4t sous forme d&#039;un Cha\u00ef Latte, une infusion \u00e0 l&#039;eau l\u00e9g\u00e8rement sucr\u00e9e surplomb\u00e9e d&#039;une mousse de lait. Saveur : \u00e9pic\u00e9e Composition :\u00a0th\u00e9 noir assam, morceaux de cannelle, morceaux de gingembre, fenouil, anis, clous de girofle, cardamome BIO\" \/>\n<meta property=\"og:url\" content=\"https:\/\/legentlecat.fr\/shop\/index.php\/produit\/chai-ebene-bio\/\" \/>\n<meta property=\"og:site_name\" content=\"Le GentleCat - Teashop\" \/>\n<meta property=\"article:modified_time\" content=\"2022-12-02T12:32:42+00:00\" \/>\n<meta property=\"og:image\" content=\"https:\/\/legentlecat.fr\/shop\/wp-content\/uploads\/2017\/03\/eben-819x1024.png\" \/>\n\t<meta property=\"og:image:width\" content=\"819\" \/>\n\t<meta property=\"og:image:height\" content=\"1024\" \/>\n\t<meta property=\"og:image:type\" content=\"image\/png\" \/>\n<meta name=\"twitter:card\" content=\"summary_large_image\" \/>\n<script type=\"application\/ld+json\" class=\"yoast-schema-graph\">{\"@context\":\"https:\\\/\\\/schema.org\",\"@graph\":[{\"@type\":\"WebPage\",\"@id\":\"https:\\\/\\\/legentlecat.fr\\\/shop\\\/index.php\\\/produit\\\/chai-ebene-bio\\\/\",\"url\":\"https:\\\/\\\/legentlecat.fr\\\/shop\\\/index.php\\\/produit\\\/chai-ebene-bio\\\/\",\"name\":\"Cha\u00ef \u00e9b\u00e8ne BIO - Le GentleCat - Teashop\",\"isPartOf\":{\"@id\":\"https:\\\/\\\/legentlecat.fr\\\/shop\\\/#website\"},\"primaryImageOfPage\":{\"@id\":\"https:\\\/\\\/legentlecat.fr\\\/shop\\\/index.php\\\/produit\\\/chai-ebene-bio\\\/#primaryimage\"},\"image\":{\"@id\":\"https:\\\/\\\/legentlecat.fr\\\/shop\\\/index.php\\\/produit\\\/chai-ebene-bio\\\/#primaryimage\"},\"thumbnailUrl\":\"https:\\\/\\\/i0.wp.com\\\/legentlecat.fr\\\/shop\\\/wp-content\\\/uploads\\\/2017\\\/03\\\/eben.png?fit=1500%2C1875&ssl=1\",\"datePublished\":\"2017-03-19T21:33:24+00:00\",\"dateModified\":\"2022-12-02T12:32:42+00:00\",\"breadcrumb\":{\"@id\":\"https:\\\/\\\/legentlecat.fr\\\/shop\\\/index.php\\\/produit\\\/chai-ebene-bio\\\/#breadcrumb\"},\"inLanguage\":\"fr-FR\",\"potentialAction\":[{\"@type\":\"ReadAction\",\"target\":[\"https:\\\/\\\/legentlecat.fr\\\/shop\\\/index.php\\\/produit\\\/chai-ebene-bio\\\/\"]}]},{\"@type\":\"ImageObject\",\"inLanguage\":\"fr-FR\",\"@id\":\"https:\\\/\\\/legentlecat.fr\\\/shop\\\/index.php\\\/produit\\\/chai-ebene-bio\\\/#primaryimage\",\"url\":\"https:\\\/\\\/i0.wp.com\\\/legentlecat.fr\\\/shop\\\/wp-content\\\/uploads\\\/2017\\\/03\\\/eben.png?fit=1500%2C1875&ssl=1\",\"contentUrl\":\"https:\\\/\\\/i0.wp.com\\\/legentlecat.fr\\\/shop\\\/wp-content\\\/uploads\\\/2017\\\/03\\\/eben.png?fit=1500%2C1875&ssl=1\",\"width\":1500,\"height\":1875},{\"@type\":\"BreadcrumbList\",\"@id\":\"https:\\\/\\\/legentlecat.fr\\\/shop\\\/index.php\\\/produit\\\/chai-ebene-bio\\\/#breadcrumb\",\"itemListElement\":[{\"@type\":\"ListItem\",\"position\":1,\"name\":\"Accueil\",\"item\":\"https:\\\/\\\/legentlecat.fr\\\/shop\\\/\"},{\"@type\":\"ListItem\",\"position\":2,\"name\":\"Shop\",\"item\":\"https:\\\/\\\/legentlecat.fr\\\/shop\\\/index.php\\\/shop\\\/\"},{\"@type\":\"ListItem\",\"position\":3,\"name\":\"Cha\u00ef \u00e9b\u00e8ne BIO\"}]},{\"@type\":\"WebSite\",\"@id\":\"https:\\\/\\\/legentlecat.fr\\\/shop\\\/#website\",\"url\":\"https:\\\/\\\/legentlecat.fr\\\/shop\\\/\",\"name\":\"Le GentleCat - Teashop\",\"description\":\"La boutique de th\u00e9 en ligne\",\"potentialAction\":[{\"@type\":\"SearchAction\",\"target\":{\"@type\":\"EntryPoint\",\"urlTemplate\":\"https:\\\/\\\/legentlecat.fr\\\/shop\\\/?s={search_term_string}\"},\"query-input\":{\"@type\":\"PropertyValueSpecification\",\"valueRequired\":true,\"valueName\":\"search_term_string\"}}],\"inLanguage\":\"fr-FR\"}]}<\/script>\n<!-- \/ Yoast SEO plugin. -->","yoast_head_json":{"title":"Cha\u00ef \u00e9b\u00e8ne BIO - Le GentleCat - Teashop","robots":{"index":"index","follow":"follow","max-snippet":"max-snippet:-1","max-image-preview":"max-image-preview:large","max-video-preview":"max-video-preview:-1"},"canonical":"https:\/\/legentlecat.fr\/shop\/index.php\/produit\/chai-ebene-bio\/","og_locale":"fr_FR","og_type":"article","og_title":"Cha\u00ef \u00e9b\u00e8ne BIO - Le GentleCat - Teashop","og_description":"Sac herm\u00e9tique de 100 g\u00a0-\u00a0Le Cha\u00ef est un m\u00e9lange de th\u00e9 et d'\u00e9pices. Traditionnellement \u00e0 base de th\u00e9 noir, il est la boisson matinale quotidienne d'une majorit\u00e9 d'indiens. Il est g\u00e9n\u00e9ralement infus\u00e9 dans du lait entier bouillant et l\u00e9g\u00e8rement sucr\u00e9. En Occident on le consomme plut\u00f4t sous forme d'un Cha\u00ef Latte, une infusion \u00e0 l'eau l\u00e9g\u00e8rement sucr\u00e9e surplomb\u00e9e d'une mousse de lait. Saveur : \u00e9pic\u00e9e Composition :\u00a0th\u00e9 noir assam, morceaux de cannelle, morceaux de gingembre, fenouil, anis, clous de girofle, cardamome BIO","og_url":"https:\/\/legentlecat.fr\/shop\/index.php\/produit\/chai-ebene-bio\/","og_site_name":"Le GentleCat - Teashop","article_modified_time":"2022-12-02T12:32:42+00:00","og_image":[{"width":819,"height":1024,"url":"https:\/\/legentlecat.fr\/shop\/wp-content\/uploads\/2017\/03\/eben-819x1024.png","type":"image\/png"}],"twitter_card":"summary_large_image","schema":{"@context":"https:\/\/schema.org","@graph":[{"@type":"WebPage","@id":"https:\/\/legentlecat.fr\/shop\/index.php\/produit\/chai-ebene-bio\/","url":"https:\/\/legentlecat.fr\/shop\/index.php\/produit\/chai-ebene-bio\/","name":"Cha\u00ef \u00e9b\u00e8ne BIO - Le GentleCat - Teashop","isPartOf":{"@id":"https:\/\/legentlecat.fr\/shop\/#website"},"primaryImageOfPage":{"@id":"https:\/\/legentlecat.fr\/shop\/index.php\/produit\/chai-ebene-bio\/#primaryimage"},"image":{"@id":"https:\/\/legentlecat.fr\/shop\/index.php\/produit\/chai-ebene-bio\/#primaryimage"},"thumbnailUrl":"https:\/\/i0.wp.com\/legentlecat.fr\/shop\/wp-content\/uploads\/2017\/03\/eben.png?fit=1500%2C1875&ssl=1","datePublished":"2017-03-19T21:33:24+00:00","dateModified":"2022-12-02T12:32:42+00:00","breadcrumb":{"@id":"https:\/\/legentlecat.fr\/shop\/index.php\/produit\/chai-ebene-bio\/#breadcrumb"},"inLanguage":"fr-FR","potentialAction":[{"@type":"ReadAction","target":["https:\/\/legentlecat.fr\/shop\/index.php\/produit\/chai-ebene-bio\/"]}]},{"@type":"ImageObject","inLanguage":"fr-FR","@id":"https:\/\/legentlecat.fr\/shop\/index.php\/produit\/chai-ebene-bio\/#primaryimage","url":"https:\/\/i0.wp.com\/legentlecat.fr\/shop\/wp-content\/uploads\/2017\/03\/eben.png?fit=1500%2C1875&ssl=1","contentUrl":"https:\/\/i0.wp.com\/legentlecat.fr\/shop\/wp-content\/uploads\/2017\/03\/eben.png?fit=1500%2C1875&ssl=1","width":1500,"height":1875},{"@type":"BreadcrumbList","@id":"https:\/\/legentlecat.fr\/shop\/index.php\/produit\/chai-ebene-bio\/#breadcrumb","itemListElement":[{"@type":"ListItem","position":1,"name":"Accueil","item":"https:\/\/legentlecat.fr\/shop\/"},{"@type":"ListItem","position":2,"name":"Shop","item":"https:\/\/legentlecat.fr\/shop\/index.php\/shop\/"},{"@type":"ListItem","position":3,"name":"Cha\u00ef \u00e9b\u00e8ne BIO"}]},{"@type":"WebSite","@id":"https:\/\/legentlecat.fr\/shop\/#website","url":"https:\/\/legentlecat.fr\/shop\/","name":"Le GentleCat - Teashop","description":"La boutique de th\u00e9 en ligne","potentialAction":[{"@type":"SearchAction","target":{"@type":"EntryPoint","urlTemplate":"https:\/\/legentlecat.fr\/shop\/?s={search_term_string}"},"query-input":{"@type":"PropertyValueSpecification","valueRequired":true,"valueName":"search_term_string"}}],"inLanguage":"fr-FR"}]}},"jetpack_publicize_connections":[],"jetpack_sharing_enabled":true,"jetpack-related-posts":[{"id":1195,"url":"https:\/\/legentlecat.fr\/shop\/index.php\/produit\/chai-nacarat-bio\/","url_meta":{"origin":1237,"position":0},"title":"Cha\u00ef Nacarat BIO","author":"Jimmy RIOT","date":"19 mars 2017","format":false,"excerpt":"Sac herm\u00e9tique de 100 g\u00a0-\u00a0Le Cha\u00ef est un th\u00e9 traditionnel indien \u00e0 base de th\u00e9 et de masala, un m\u00e9lange d'\u00e9pices. Dans sa forme premi\u00e8re, c'est une recette \u00e0 base de th\u00e9 noir. Nous vous en proposons ici une version rouge, sans la moindre trace de th\u00e9ine et\u00a0moins astringente. Une\u2026","rel":"","context":"Article similaire","block_context":{"text":"Article similaire","link":""},"img":{"alt_text":"","src":"https:\/\/i0.wp.com\/legentlecat.fr\/shop\/wp-content\/uploads\/2017\/03\/nacarat.png?fit=960%2C1200&ssl=1&resize=350%2C200","width":350,"height":200,"srcset":"https:\/\/i0.wp.com\/legentlecat.fr\/shop\/wp-content\/uploads\/2017\/03\/nacarat.png?fit=960%2C1200&ssl=1&resize=350%2C200 1x, https:\/\/i0.wp.com\/legentlecat.fr\/shop\/wp-content\/uploads\/2017\/03\/nacarat.png?fit=960%2C1200&ssl=1&resize=525%2C300 1.5x, https:\/\/i0.wp.com\/legentlecat.fr\/shop\/wp-content\/uploads\/2017\/03\/nacarat.png?fit=960%2C1200&ssl=1&resize=700%2C400 2x"},"classes":[]},{"id":1216,"url":"https:\/\/legentlecat.fr\/shop\/index.php\/produit\/chai-opaline-bio\/","url_meta":{"origin":1237,"position":1},"title":"Cha\u00ef Opaline BIO","author":"Jimmy RIOT","date":"19 mars 2017","format":false,"excerpt":"Sac herm\u00e9tique de 100 g\u00a0-\u00a0Le Cha\u00ef est un th\u00e9 traditionnel indien \u00e0 base de th\u00e9 et de masala, un m\u00e9lange d'\u00e9pices. Dans sa forme premi\u00e8re, c'est une recette \u00e0 base de th\u00e9 noir. Nous vous en proposons ici une version verte, moins concentr\u00e9e en th\u00e9ine, avec un go\u00fbt de th\u00e9\u2026","rel":"","context":"Article similaire","block_context":{"text":"Article similaire","link":""},"img":{"alt_text":"","src":"https:\/\/i0.wp.com\/legentlecat.fr\/shop\/wp-content\/uploads\/2017\/03\/opaline.png?fit=960%2C1200&ssl=1&resize=350%2C200","width":350,"height":200,"srcset":"https:\/\/i0.wp.com\/legentlecat.fr\/shop\/wp-content\/uploads\/2017\/03\/opaline.png?fit=960%2C1200&ssl=1&resize=350%2C200 1x, https:\/\/i0.wp.com\/legentlecat.fr\/shop\/wp-content\/uploads\/2017\/03\/opaline.png?fit=960%2C1200&ssl=1&resize=525%2C300 1.5x, https:\/\/i0.wp.com\/legentlecat.fr\/shop\/wp-content\/uploads\/2017\/03\/opaline.png?fit=960%2C1200&ssl=1&resize=700%2C400 2x"},"classes":[]},{"id":1174,"url":"https:\/\/legentlecat.fr\/shop\/index.php\/produit\/eclats-de-pistache-bio\/","url_meta":{"origin":1237,"position":2},"title":"Eclats de Pistache BIO","author":"Jimmy RIOT","date":"19 mars 2017","format":false,"excerpt":"Sac herm\u00e9tique de 100 g\u00a0-\u00a0Ce th\u00e9 noir offre une belle infusion cuivr\u00e9e au go\u00fbt de pistache l\u00e9g\u00e8rement relev\u00e9 de quelques notes \u00e9pic\u00e9es. Ce th\u00e9, comme un Cha\u00ef, est particuli\u00e8rement agr\u00e9able avec un nuage de lait (ou de la mousse de lait) et un peu de sucre. Saveur : fruit\u00e9e, \u00e9pic\u00e9e\u2026","rel":"","context":"Article similaire","block_context":{"text":"Article similaire","link":""},"img":{"alt_text":"","src":"https:\/\/i0.wp.com\/legentlecat.fr\/shop\/wp-content\/uploads\/2017\/03\/pistache.png?fit=960%2C1200&ssl=1&resize=350%2C200","width":350,"height":200,"srcset":"https:\/\/i0.wp.com\/legentlecat.fr\/shop\/wp-content\/uploads\/2017\/03\/pistache.png?fit=960%2C1200&ssl=1&resize=350%2C200 1x, https:\/\/i0.wp.com\/legentlecat.fr\/shop\/wp-content\/uploads\/2017\/03\/pistache.png?fit=960%2C1200&ssl=1&resize=525%2C300 1.5x, https:\/\/i0.wp.com\/legentlecat.fr\/shop\/wp-content\/uploads\/2017\/03\/pistache.png?fit=960%2C1200&ssl=1&resize=700%2C400 2x"},"classes":[]},{"id":1678,"url":"https:\/\/legentlecat.fr\/shop\/index.php\/produit\/etoile-des-azteques\/","url_meta":{"origin":1237,"position":3},"title":"Etoile des Azt\u00e8ques","author":"Jimmy RIOT","date":"20 mars 2017","format":false,"excerpt":"Sac herm\u00e9tique de 100 g\u00a0-\u00a0Sur une base de th\u00e9 noir assam, les morceaux de vanille r\u00e9v\u00e8lent tous leurs ar\u00f4mes pour vous offrir une tasse gourmande et l\u00e9g\u00e8rement \u00e9pic\u00e9e, id\u00e9ale pour les instants chaleureux. Saveur : \u00e9pic\u00e9e Composition :\u00a0th\u00e9 noir assam, morceaux de vanille","rel":"","context":"Article similaire","block_context":{"text":"Article similaire","link":""},"img":{"alt_text":"","src":"https:\/\/i0.wp.com\/legentlecat.fr\/shop\/wp-content\/uploads\/2017\/03\/etoile-azteque.png?fit=960%2C1200&ssl=1&resize=350%2C200","width":350,"height":200,"srcset":"https:\/\/i0.wp.com\/legentlecat.fr\/shop\/wp-content\/uploads\/2017\/03\/etoile-azteque.png?fit=960%2C1200&ssl=1&resize=350%2C200 1x, https:\/\/i0.wp.com\/legentlecat.fr\/shop\/wp-content\/uploads\/2017\/03\/etoile-azteque.png?fit=960%2C1200&ssl=1&resize=525%2C300 1.5x, https:\/\/i0.wp.com\/legentlecat.fr\/shop\/wp-content\/uploads\/2017\/03\/etoile-azteque.png?fit=960%2C1200&ssl=1&resize=700%2C400 2x"},"classes":[]},{"id":900,"url":"https:\/\/legentlecat.fr\/shop\/index.php\/produit\/captain-carrot-bio\/","url_meta":{"origin":1237,"position":4},"title":"Captain Carrot BIO","author":"Jimmy RIOT","date":"19 mars 2017","format":false,"excerpt":"Sac herm\u00e9tique de 100 g\u00a0-\u00a0La tisane\u00a0de l\u00e9gume : elle offre une infusion plus originale que du th\u00e9 ou des fruits... Pour un cadeau ou pour d\u00e9couvrir de nouvelles saveurs, c'est un tr\u00e8s bon achat. Vous pouvez d\u00e9guster cette tisane au d\u00e9but ou \u00e0 la fin du repas, ou la consommer\u2026","rel":"","context":"Article similaire","block_context":{"text":"Article similaire","link":""},"img":{"alt_text":"","src":"https:\/\/i0.wp.com\/legentlecat.fr\/shop\/wp-content\/uploads\/2017\/03\/carotte.png?fit=960%2C1200&ssl=1&resize=350%2C200","width":350,"height":200,"srcset":"https:\/\/i0.wp.com\/legentlecat.fr\/shop\/wp-content\/uploads\/2017\/03\/carotte.png?fit=960%2C1200&ssl=1&resize=350%2C200 1x, https:\/\/i0.wp.com\/legentlecat.fr\/shop\/wp-content\/uploads\/2017\/03\/carotte.png?fit=960%2C1200&ssl=1&resize=525%2C300 1.5x, https:\/\/i0.wp.com\/legentlecat.fr\/shop\/wp-content\/uploads\/2017\/03\/carotte.png?fit=960%2C1200&ssl=1&resize=700%2C400 2x"},"classes":[]},{"id":605,"url":"https:\/\/legentlecat.fr\/shop\/index.php\/produit\/blue-earl-grey\/","url_meta":{"origin":1237,"position":5},"title":"Blue Earl Grey","author":"Jimmy RIOT","date":"13 mars 2017","format":false,"excerpt":"Sac herm\u00e9tique de 100 g\u00a0-\u00a0Profond\u00e9ment ancr\u00e9 dans la tradition anglaise, le th\u00e9 noir d'Inde \u00e0 la bergamote se d\u00e9guste au petit d\u00e9jeuner ou \u00e0 l'heure du th\u00e9. On peut le servir avec ou sans lait selon les go\u00fbts. Saveur : bergamote Composition :\u00a0th\u00e9 noir assam, ar\u00f4me naturel de bergamote et\u2026","rel":"","context":"Article similaire","block_context":{"text":"Article similaire","link":""},"img":{"alt_text":"","src":"https:\/\/i0.wp.com\/legentlecat.fr\/shop\/wp-content\/uploads\/2017\/03\/blue-earlgrey.png?fit=960%2C1200&ssl=1&resize=350%2C200","width":350,"height":200,"srcset":"https:\/\/i0.wp.com\/legentlecat.fr\/shop\/wp-content\/uploads\/2017\/03\/blue-earlgrey.png?fit=960%2C1200&ssl=1&resize=350%2C200 1x, https:\/\/i0.wp.com\/legentlecat.fr\/shop\/wp-content\/uploads\/2017\/03\/blue-earlgrey.png?fit=960%2C1200&ssl=1&resize=525%2C300 1.5x, https:\/\/i0.wp.com\/legentlecat.fr\/shop\/wp-content\/uploads\/2017\/03\/blue-earlgrey.png?fit=960%2C1200&ssl=1&resize=700%2C400 2x"},"classes":[]}],"_links":{"self":[{"href":"https:\/\/legentlecat.fr\/shop\/index.php\/wp-json\/wp\/v2\/product\/1237","targetHints":{"allow":["GET"]}}],"collection":[{"href":"https:\/\/legentlecat.fr\/shop\/index.php\/wp-json\/wp\/v2\/product"}],"about":[{"href":"https:\/\/legentlecat.fr\/shop\/index.php\/wp-json\/wp\/v2\/types\/product"}],"wp:featuredmedia":[{"embeddable":true,"href":"https:\/\/legentlecat.fr\/shop\/index.php\/wp-json\/wp\/v2\/media\/2280"}],"wp:attachment":[{"href":"https:\/\/legentlecat.fr\/shop\/index.php\/wp-json\/wp\/v2\/media?parent=1237"}],"wp:term":[{"taxonomy":"product_brand","embeddable":true,"href":"https:\/\/legentlecat.fr\/shop\/index.php\/wp-json\/wp\/v2\/product_brand?post=1237"},{"taxonomy":"product_cat","embeddable":true,"href":"https:\/\/legentlecat.fr\/shop\/index.php\/wp-json\/wp\/v2\/product_cat?post=1237"},{"taxonomy":"product_tag","embeddable":true,"href":"https:\/\/legentlecat.fr\/shop\/index.php\/wp-json\/wp\/v2\/product_tag?post=1237"}],"curies":[{"name":"wp","href":"https:\/\/api.w.org\/{rel}","templated":true}]}}