{"id":1216,"date":"2017-03-19T22:29:40","date_gmt":"2017-03-19T21:29:40","guid":{"rendered":"http:\/\/legentlecat.fr\/comptoir-a-thes\/produit\/chai-opaline-bio\/"},"modified":"2022-12-02T13:24:23","modified_gmt":"2022-12-02T12:24:23","slug":"chai-opaline-bio","status":"publish","type":"product","link":"https:\/\/legentlecat.fr\/shop\/index.php\/produit\/chai-opaline-bio\/","title":{"rendered":"Cha\u00ef Opaline BIO"},"content":{"rendered":"","protected":false},"excerpt":{"rendered":"<p style=\"text-align: justify;\"><img loading=\"lazy\" decoding=\"async\" class=\"size-full wp-image-2252 aligncenter\" src=\"http:\/\/legentlecat.fr\/shop\/wp-content\/uploads\/2017\/03\/gunpowder-1.jpg\" alt=\"\" width=\"250\" height=\"77\" \/><\/p>\n<p style=\"text-align: justify;\"><strong>Sac herm\u00e9tique de 100 g<\/strong>\u00a0&#8211;\u00a0Le Cha\u00ef est un th\u00e9 traditionnel indien \u00e0 base de th\u00e9 et de masala, un m\u00e9lange d&rsquo;\u00e9pices. Dans sa forme premi\u00e8re, c&rsquo;est une recette \u00e0 base de th\u00e9 noir. Nous vous en proposons ici une version verte, moins concentr\u00e9e en th\u00e9ine, avec un go\u00fbt de th\u00e9 un peu moins pr\u00e9sent faisant la place belle aux saveurs \u00e9pic\u00e9es. Une variation int\u00e9ressante pour les amateurs de Cha\u00ef.\u00a0A d\u00e9guster id\u00e9alement avec un peu de lait ou de la mousse de lait.<\/p>\n<p style=\"text-align: justify;\"><strong>Saveur :<\/strong> \u00e9pic\u00e9e<\/p>\n<p style=\"text-align: justify;\"><strong>Composition :<\/strong>\u00a0th\u00e9 vert de chine Sencha, morceaux de cannelle, morceaux de gingembre, fenouil, anis, clous de girofle, cardamome BIO<\/p>\n","protected":false},"featured_media":2281,"template":"","meta":{"jetpack_post_was_ever_published":false,"jetpack_publicize_message":"","jetpack_publicize_feature_enabled":true,"jetpack_social_post_already_shared":false,"jetpack_social_options":{"image_generator_settings":{"template":"highway","default_image_id":0,"font":"","enabled":false},"version":2}},"product_brand":[],"product_cat":[211,80,84,43,50],"product_tag":[106,118,107,105,152,104,99,114,151,98],"class_list":{"0":"post-1216","1":"product","2":"type-product","3":"status-publish","4":"has-post-thumbnail","6":"product_cat-noelsaveurs","7":"product_cat-epicee","8":"product_cat-bio","9":"product_cat-the-chai","10":"product_cat-the-vert","11":"product_tag-anis","12":"product_tag-cannelle","13":"product_tag-cardamome","14":"product_tag-clou-de-girofle","15":"product_tag-fenouil","16":"product_tag-gingembre","17":"product_tag-saveur-epicee","18":"product_tag-the-bio","19":"product_tag-the-chai","20":"product_tag-the-vert","22":"first","23":"instock","24":"taxable","25":"shipping-taxable","26":"purchasable","27":"product-type-simple"},"yoast_head":"<!-- This site is optimized with the Yoast SEO plugin v27.4 - https:\/\/yoast.com\/product\/yoast-seo-wordpress\/ -->\n<title>Cha\u00ef Opaline BIO - Le GentleCat - Teashop<\/title>\n<meta name=\"robots\" content=\"index, follow, max-snippet:-1, max-image-preview:large, max-video-preview:-1\" \/>\n<link rel=\"canonical\" href=\"https:\/\/legentlecat.fr\/shop\/index.php\/produit\/chai-opaline-bio\/\" \/>\n<meta property=\"og:locale\" content=\"fr_FR\" \/>\n<meta property=\"og:type\" content=\"article\" \/>\n<meta property=\"og:title\" content=\"Cha\u00ef Opaline BIO - Le GentleCat - Teashop\" \/>\n<meta property=\"og:description\" content=\"Sac herm\u00e9tique de 100 g\u00a0-\u00a0Le Cha\u00ef est un th\u00e9 traditionnel indien \u00e0 base de th\u00e9 et de masala, un m\u00e9lange d&#039;\u00e9pices. Dans sa forme premi\u00e8re, c&#039;est une recette \u00e0 base de th\u00e9 noir. Nous vous en proposons ici une version verte, moins concentr\u00e9e en th\u00e9ine, avec un go\u00fbt de th\u00e9 un peu moins pr\u00e9sent faisant la place belle aux saveurs \u00e9pic\u00e9es. Une variation int\u00e9ressante pour les amateurs de Cha\u00ef.\u00a0A d\u00e9guster id\u00e9alement avec un peu de lait ou de la mousse de lait. Saveur : \u00e9pic\u00e9e Composition :\u00a0th\u00e9 vert de chine Sencha, morceaux de cannelle, morceaux de gingembre, fenouil, anis, clous de girofle, cardamome BIO\" \/>\n<meta property=\"og:url\" content=\"https:\/\/legentlecat.fr\/shop\/index.php\/produit\/chai-opaline-bio\/\" \/>\n<meta property=\"og:site_name\" content=\"Le GentleCat - Teashop\" \/>\n<meta property=\"article:modified_time\" content=\"2022-12-02T12:24:23+00:00\" \/>\n<meta property=\"og:image\" content=\"https:\/\/legentlecat.fr\/shop\/wp-content\/uploads\/2017\/03\/opaline-819x1024.png\" \/>\n\t<meta property=\"og:image:width\" content=\"819\" \/>\n\t<meta property=\"og:image:height\" content=\"1024\" \/>\n\t<meta property=\"og:image:type\" content=\"image\/png\" \/>\n<meta name=\"twitter:card\" content=\"summary_large_image\" \/>\n<script type=\"application\/ld+json\" class=\"yoast-schema-graph\">{\"@context\":\"https:\\\/\\\/schema.org\",\"@graph\":[{\"@type\":\"WebPage\",\"@id\":\"https:\\\/\\\/legentlecat.fr\\\/shop\\\/index.php\\\/produit\\\/chai-opaline-bio\\\/\",\"url\":\"https:\\\/\\\/legentlecat.fr\\\/shop\\\/index.php\\\/produit\\\/chai-opaline-bio\\\/\",\"name\":\"Cha\u00ef Opaline BIO - Le GentleCat - Teashop\",\"isPartOf\":{\"@id\":\"https:\\\/\\\/legentlecat.fr\\\/shop\\\/#website\"},\"primaryImageOfPage\":{\"@id\":\"https:\\\/\\\/legentlecat.fr\\\/shop\\\/index.php\\\/produit\\\/chai-opaline-bio\\\/#primaryimage\"},\"image\":{\"@id\":\"https:\\\/\\\/legentlecat.fr\\\/shop\\\/index.php\\\/produit\\\/chai-opaline-bio\\\/#primaryimage\"},\"thumbnailUrl\":\"https:\\\/\\\/i0.wp.com\\\/legentlecat.fr\\\/shop\\\/wp-content\\\/uploads\\\/2017\\\/03\\\/opaline.png?fit=1500%2C1875&ssl=1\",\"datePublished\":\"2017-03-19T21:29:40+00:00\",\"dateModified\":\"2022-12-02T12:24:23+00:00\",\"breadcrumb\":{\"@id\":\"https:\\\/\\\/legentlecat.fr\\\/shop\\\/index.php\\\/produit\\\/chai-opaline-bio\\\/#breadcrumb\"},\"inLanguage\":\"fr-FR\",\"potentialAction\":[{\"@type\":\"ReadAction\",\"target\":[\"https:\\\/\\\/legentlecat.fr\\\/shop\\\/index.php\\\/produit\\\/chai-opaline-bio\\\/\"]}]},{\"@type\":\"ImageObject\",\"inLanguage\":\"fr-FR\",\"@id\":\"https:\\\/\\\/legentlecat.fr\\\/shop\\\/index.php\\\/produit\\\/chai-opaline-bio\\\/#primaryimage\",\"url\":\"https:\\\/\\\/i0.wp.com\\\/legentlecat.fr\\\/shop\\\/wp-content\\\/uploads\\\/2017\\\/03\\\/opaline.png?fit=1500%2C1875&ssl=1\",\"contentUrl\":\"https:\\\/\\\/i0.wp.com\\\/legentlecat.fr\\\/shop\\\/wp-content\\\/uploads\\\/2017\\\/03\\\/opaline.png?fit=1500%2C1875&ssl=1\",\"width\":1500,\"height\":1875},{\"@type\":\"BreadcrumbList\",\"@id\":\"https:\\\/\\\/legentlecat.fr\\\/shop\\\/index.php\\\/produit\\\/chai-opaline-bio\\\/#breadcrumb\",\"itemListElement\":[{\"@type\":\"ListItem\",\"position\":1,\"name\":\"Accueil\",\"item\":\"https:\\\/\\\/legentlecat.fr\\\/shop\\\/\"},{\"@type\":\"ListItem\",\"position\":2,\"name\":\"Shop\",\"item\":\"https:\\\/\\\/legentlecat.fr\\\/shop\\\/index.php\\\/shop\\\/\"},{\"@type\":\"ListItem\",\"position\":3,\"name\":\"Cha\u00ef Opaline BIO\"}]},{\"@type\":\"WebSite\",\"@id\":\"https:\\\/\\\/legentlecat.fr\\\/shop\\\/#website\",\"url\":\"https:\\\/\\\/legentlecat.fr\\\/shop\\\/\",\"name\":\"Le GentleCat - Teashop\",\"description\":\"La boutique de th\u00e9 en ligne\",\"potentialAction\":[{\"@type\":\"SearchAction\",\"target\":{\"@type\":\"EntryPoint\",\"urlTemplate\":\"https:\\\/\\\/legentlecat.fr\\\/shop\\\/?s={search_term_string}\"},\"query-input\":{\"@type\":\"PropertyValueSpecification\",\"valueRequired\":true,\"valueName\":\"search_term_string\"}}],\"inLanguage\":\"fr-FR\"}]}<\/script>\n<!-- \/ Yoast SEO plugin. -->","yoast_head_json":{"title":"Cha\u00ef Opaline BIO - Le GentleCat - Teashop","robots":{"index":"index","follow":"follow","max-snippet":"max-snippet:-1","max-image-preview":"max-image-preview:large","max-video-preview":"max-video-preview:-1"},"canonical":"https:\/\/legentlecat.fr\/shop\/index.php\/produit\/chai-opaline-bio\/","og_locale":"fr_FR","og_type":"article","og_title":"Cha\u00ef Opaline BIO - Le GentleCat - Teashop","og_description":"Sac herm\u00e9tique de 100 g\u00a0-\u00a0Le Cha\u00ef est un th\u00e9 traditionnel indien \u00e0 base de th\u00e9 et de masala, un m\u00e9lange d'\u00e9pices. Dans sa forme premi\u00e8re, c'est une recette \u00e0 base de th\u00e9 noir. Nous vous en proposons ici une version verte, moins concentr\u00e9e en th\u00e9ine, avec un go\u00fbt de th\u00e9 un peu moins pr\u00e9sent faisant la place belle aux saveurs \u00e9pic\u00e9es. Une variation int\u00e9ressante pour les amateurs de Cha\u00ef.\u00a0A d\u00e9guster id\u00e9alement avec un peu de lait ou de la mousse de lait. Saveur : \u00e9pic\u00e9e Composition :\u00a0th\u00e9 vert de chine Sencha, morceaux de cannelle, morceaux de gingembre, fenouil, anis, clous de girofle, cardamome BIO","og_url":"https:\/\/legentlecat.fr\/shop\/index.php\/produit\/chai-opaline-bio\/","og_site_name":"Le GentleCat - Teashop","article_modified_time":"2022-12-02T12:24:23+00:00","og_image":[{"width":819,"height":1024,"url":"https:\/\/legentlecat.fr\/shop\/wp-content\/uploads\/2017\/03\/opaline-819x1024.png","type":"image\/png"}],"twitter_card":"summary_large_image","schema":{"@context":"https:\/\/schema.org","@graph":[{"@type":"WebPage","@id":"https:\/\/legentlecat.fr\/shop\/index.php\/produit\/chai-opaline-bio\/","url":"https:\/\/legentlecat.fr\/shop\/index.php\/produit\/chai-opaline-bio\/","name":"Cha\u00ef Opaline BIO - Le GentleCat - Teashop","isPartOf":{"@id":"https:\/\/legentlecat.fr\/shop\/#website"},"primaryImageOfPage":{"@id":"https:\/\/legentlecat.fr\/shop\/index.php\/produit\/chai-opaline-bio\/#primaryimage"},"image":{"@id":"https:\/\/legentlecat.fr\/shop\/index.php\/produit\/chai-opaline-bio\/#primaryimage"},"thumbnailUrl":"https:\/\/i0.wp.com\/legentlecat.fr\/shop\/wp-content\/uploads\/2017\/03\/opaline.png?fit=1500%2C1875&ssl=1","datePublished":"2017-03-19T21:29:40+00:00","dateModified":"2022-12-02T12:24:23+00:00","breadcrumb":{"@id":"https:\/\/legentlecat.fr\/shop\/index.php\/produit\/chai-opaline-bio\/#breadcrumb"},"inLanguage":"fr-FR","potentialAction":[{"@type":"ReadAction","target":["https:\/\/legentlecat.fr\/shop\/index.php\/produit\/chai-opaline-bio\/"]}]},{"@type":"ImageObject","inLanguage":"fr-FR","@id":"https:\/\/legentlecat.fr\/shop\/index.php\/produit\/chai-opaline-bio\/#primaryimage","url":"https:\/\/i0.wp.com\/legentlecat.fr\/shop\/wp-content\/uploads\/2017\/03\/opaline.png?fit=1500%2C1875&ssl=1","contentUrl":"https:\/\/i0.wp.com\/legentlecat.fr\/shop\/wp-content\/uploads\/2017\/03\/opaline.png?fit=1500%2C1875&ssl=1","width":1500,"height":1875},{"@type":"BreadcrumbList","@id":"https:\/\/legentlecat.fr\/shop\/index.php\/produit\/chai-opaline-bio\/#breadcrumb","itemListElement":[{"@type":"ListItem","position":1,"name":"Accueil","item":"https:\/\/legentlecat.fr\/shop\/"},{"@type":"ListItem","position":2,"name":"Shop","item":"https:\/\/legentlecat.fr\/shop\/index.php\/shop\/"},{"@type":"ListItem","position":3,"name":"Cha\u00ef Opaline BIO"}]},{"@type":"WebSite","@id":"https:\/\/legentlecat.fr\/shop\/#website","url":"https:\/\/legentlecat.fr\/shop\/","name":"Le GentleCat - Teashop","description":"La boutique de th\u00e9 en ligne","potentialAction":[{"@type":"SearchAction","target":{"@type":"EntryPoint","urlTemplate":"https:\/\/legentlecat.fr\/shop\/?s={search_term_string}"},"query-input":{"@type":"PropertyValueSpecification","valueRequired":true,"valueName":"search_term_string"}}],"inLanguage":"fr-FR"}]}},"jetpack_publicize_connections":[],"jetpack_sharing_enabled":true,"jetpack-related-posts":[{"id":1195,"url":"https:\/\/legentlecat.fr\/shop\/index.php\/produit\/chai-nacarat-bio\/","url_meta":{"origin":1216,"position":0},"title":"Cha\u00ef Nacarat BIO","author":"Jimmy RIOT","date":"19 mars 2017","format":false,"excerpt":"Sac herm\u00e9tique de 100 g\u00a0-\u00a0Le Cha\u00ef est un th\u00e9 traditionnel indien \u00e0 base de th\u00e9 et de masala, un m\u00e9lange d'\u00e9pices. Dans sa forme premi\u00e8re, c'est une recette \u00e0 base de th\u00e9 noir. Nous vous en proposons ici une version rouge, sans la moindre trace de th\u00e9ine et\u00a0moins astringente. Une\u2026","rel":"","context":"Article similaire","block_context":{"text":"Article similaire","link":""},"img":{"alt_text":"","src":"https:\/\/i0.wp.com\/legentlecat.fr\/shop\/wp-content\/uploads\/2017\/03\/nacarat.png?fit=960%2C1200&ssl=1&resize=350%2C200","width":350,"height":200,"srcset":"https:\/\/i0.wp.com\/legentlecat.fr\/shop\/wp-content\/uploads\/2017\/03\/nacarat.png?fit=960%2C1200&ssl=1&resize=350%2C200 1x, https:\/\/i0.wp.com\/legentlecat.fr\/shop\/wp-content\/uploads\/2017\/03\/nacarat.png?fit=960%2C1200&ssl=1&resize=525%2C300 1.5x, https:\/\/i0.wp.com\/legentlecat.fr\/shop\/wp-content\/uploads\/2017\/03\/nacarat.png?fit=960%2C1200&ssl=1&resize=700%2C400 2x"},"classes":[]},{"id":1237,"url":"https:\/\/legentlecat.fr\/shop\/index.php\/produit\/chai-ebene-bio\/","url_meta":{"origin":1216,"position":1},"title":"Cha\u00ef \u00e9b\u00e8ne BIO","author":"Jimmy RIOT","date":"19 mars 2017","format":false,"excerpt":"Sac herm\u00e9tique de 100 g\u00a0-\u00a0Le Cha\u00ef est un m\u00e9lange de th\u00e9 et d'\u00e9pices. Traditionnellement \u00e0 base de th\u00e9 noir, il est la boisson matinale quotidienne d'une majorit\u00e9 d'indiens. Il est g\u00e9n\u00e9ralement infus\u00e9 dans du lait entier bouillant et l\u00e9g\u00e8rement sucr\u00e9. En Occident on le consomme plut\u00f4t sous forme d'un Cha\u00ef\u2026","rel":"","context":"Article similaire","block_context":{"text":"Article similaire","link":""},"img":{"alt_text":"","src":"https:\/\/i0.wp.com\/legentlecat.fr\/shop\/wp-content\/uploads\/2017\/03\/eben.png?fit=960%2C1200&ssl=1&resize=350%2C200","width":350,"height":200,"srcset":"https:\/\/i0.wp.com\/legentlecat.fr\/shop\/wp-content\/uploads\/2017\/03\/eben.png?fit=960%2C1200&ssl=1&resize=350%2C200 1x, https:\/\/i0.wp.com\/legentlecat.fr\/shop\/wp-content\/uploads\/2017\/03\/eben.png?fit=960%2C1200&ssl=1&resize=525%2C300 1.5x, https:\/\/i0.wp.com\/legentlecat.fr\/shop\/wp-content\/uploads\/2017\/03\/eben.png?fit=960%2C1200&ssl=1&resize=700%2C400 2x"},"classes":[]},{"id":1174,"url":"https:\/\/legentlecat.fr\/shop\/index.php\/produit\/eclats-de-pistache-bio\/","url_meta":{"origin":1216,"position":2},"title":"Eclats de Pistache BIO","author":"Jimmy RIOT","date":"19 mars 2017","format":false,"excerpt":"Sac herm\u00e9tique de 100 g\u00a0-\u00a0Ce th\u00e9 noir offre une belle infusion cuivr\u00e9e au go\u00fbt de pistache l\u00e9g\u00e8rement relev\u00e9 de quelques notes \u00e9pic\u00e9es. Ce th\u00e9, comme un Cha\u00ef, est particuli\u00e8rement agr\u00e9able avec un nuage de lait (ou de la mousse de lait) et un peu de sucre. Saveur : fruit\u00e9e, \u00e9pic\u00e9e\u2026","rel":"","context":"Article similaire","block_context":{"text":"Article similaire","link":""},"img":{"alt_text":"","src":"https:\/\/i0.wp.com\/legentlecat.fr\/shop\/wp-content\/uploads\/2017\/03\/pistache.png?fit=960%2C1200&ssl=1&resize=350%2C200","width":350,"height":200,"srcset":"https:\/\/i0.wp.com\/legentlecat.fr\/shop\/wp-content\/uploads\/2017\/03\/pistache.png?fit=960%2C1200&ssl=1&resize=350%2C200 1x, https:\/\/i0.wp.com\/legentlecat.fr\/shop\/wp-content\/uploads\/2017\/03\/pistache.png?fit=960%2C1200&ssl=1&resize=525%2C300 1.5x, https:\/\/i0.wp.com\/legentlecat.fr\/shop\/wp-content\/uploads\/2017\/03\/pistache.png?fit=960%2C1200&ssl=1&resize=700%2C400 2x"},"classes":[]},{"id":310,"url":"https:\/\/legentlecat.fr\/shop\/index.php\/produit\/cannelle-belle-helene\/","url_meta":{"origin":1216,"position":3},"title":"Cannelle Belle H\u00e9l\u00e8ne","author":"Jimmy RIOT","date":"13 mars 2017","format":false,"excerpt":"Sac herm\u00e9tique de 100 g\u00a0-\u00a0Cette recette gourmande et l\u00e9g\u00e8rement \u00e9pic\u00e9e est un mi-chemin entre une infusion de fruits et un rooibos. Afin de rendre cette infusion plus douce et plus gourmande, il y a en effet un peu de rooibos dans ce m\u00e9lange mais il n'est pas l'ingr\u00e9dient de base.\u00a0Cette\u2026","rel":"","context":"Article similaire","block_context":{"text":"Article similaire","link":""},"img":{"alt_text":"","src":"https:\/\/i0.wp.com\/legentlecat.fr\/shop\/wp-content\/uploads\/2017\/03\/helene.png?fit=960%2C1200&ssl=1&resize=350%2C200","width":350,"height":200,"srcset":"https:\/\/i0.wp.com\/legentlecat.fr\/shop\/wp-content\/uploads\/2017\/03\/helene.png?fit=960%2C1200&ssl=1&resize=350%2C200 1x, https:\/\/i0.wp.com\/legentlecat.fr\/shop\/wp-content\/uploads\/2017\/03\/helene.png?fit=960%2C1200&ssl=1&resize=525%2C300 1.5x, https:\/\/i0.wp.com\/legentlecat.fr\/shop\/wp-content\/uploads\/2017\/03\/helene.png?fit=960%2C1200&ssl=1&resize=700%2C400 2x"},"classes":[]},{"id":710,"url":"https:\/\/legentlecat.fr\/shop\/index.php\/produit\/pina-colada\/","url_meta":{"origin":1216,"position":4},"title":"Pina Colada","author":"Jimmy RIOT","date":"13 mars 2017","format":false,"excerpt":"Sac herm\u00e9tique de 100 g\u00a0-\u00a0La saveur d'ananas prend ici toute son ampleur et elle se voit souligner par l'ar\u00f4me doux et sucr\u00e9 des chips de noix de coco. On retrouve \u00e0 s'y m\u00e9prendre le parfum du traditionnel cocktail Pi\u00f1a Colada, le rhum en moins bien s\u00fbr. Ce rooibos est tr\u00e8s\u2026","rel":"","context":"Article similaire","block_context":{"text":"Article similaire","link":""},"img":{"alt_text":"","src":"https:\/\/i0.wp.com\/legentlecat.fr\/shop\/wp-content\/uploads\/2017\/03\/pinacolada.png?fit=960%2C1200&ssl=1&resize=350%2C200","width":350,"height":200,"srcset":"https:\/\/i0.wp.com\/legentlecat.fr\/shop\/wp-content\/uploads\/2017\/03\/pinacolada.png?fit=960%2C1200&ssl=1&resize=350%2C200 1x, https:\/\/i0.wp.com\/legentlecat.fr\/shop\/wp-content\/uploads\/2017\/03\/pinacolada.png?fit=960%2C1200&ssl=1&resize=525%2C300 1.5x, https:\/\/i0.wp.com\/legentlecat.fr\/shop\/wp-content\/uploads\/2017\/03\/pinacolada.png?fit=960%2C1200&ssl=1&resize=700%2C400 2x"},"classes":[]},{"id":520,"url":"https:\/\/legentlecat.fr\/shop\/index.php\/produit\/le-temps-des-cerises\/","url_meta":{"origin":1216,"position":5},"title":"Le temps des cerises","author":"Jimmy RIOT","date":"13 mars 2017","format":false,"excerpt":"Sac herm\u00e9tique de 100 g\u00a0-\u00a0Tr\u00e8s riche en fruits confits, cette recette \u00e0 base de th\u00e9 vert est un d\u00e9lice pour les yeux mais aussi pour les papilles. Elle offre une infusion douce, fruit\u00e9e et sucr\u00e9e qui se d\u00e9guste aussi bien chaude que froide. Saveur : fruit\u00e9e Composition :\u00a0th\u00e9 vert sencha\u2026","rel":"","context":"Article similaire","block_context":{"text":"Article similaire","link":""},"img":{"alt_text":"","src":"https:\/\/i0.wp.com\/legentlecat.fr\/shop\/wp-content\/uploads\/2017\/03\/tempscerise.png?fit=960%2C1200&ssl=1&resize=350%2C200","width":350,"height":200,"srcset":"https:\/\/i0.wp.com\/legentlecat.fr\/shop\/wp-content\/uploads\/2017\/03\/tempscerise.png?fit=960%2C1200&ssl=1&resize=350%2C200 1x, https:\/\/i0.wp.com\/legentlecat.fr\/shop\/wp-content\/uploads\/2017\/03\/tempscerise.png?fit=960%2C1200&ssl=1&resize=525%2C300 1.5x, https:\/\/i0.wp.com\/legentlecat.fr\/shop\/wp-content\/uploads\/2017\/03\/tempscerise.png?fit=960%2C1200&ssl=1&resize=700%2C400 2x"},"classes":[]}],"_links":{"self":[{"href":"https:\/\/legentlecat.fr\/shop\/index.php\/wp-json\/wp\/v2\/product\/1216","targetHints":{"allow":["GET"]}}],"collection":[{"href":"https:\/\/legentlecat.fr\/shop\/index.php\/wp-json\/wp\/v2\/product"}],"about":[{"href":"https:\/\/legentlecat.fr\/shop\/index.php\/wp-json\/wp\/v2\/types\/product"}],"wp:featuredmedia":[{"embeddable":true,"href":"https:\/\/legentlecat.fr\/shop\/index.php\/wp-json\/wp\/v2\/media\/2281"}],"wp:attachment":[{"href":"https:\/\/legentlecat.fr\/shop\/index.php\/wp-json\/wp\/v2\/media?parent=1216"}],"wp:term":[{"taxonomy":"product_brand","embeddable":true,"href":"https:\/\/legentlecat.fr\/shop\/index.php\/wp-json\/wp\/v2\/product_brand?post=1216"},{"taxonomy":"product_cat","embeddable":true,"href":"https:\/\/legentlecat.fr\/shop\/index.php\/wp-json\/wp\/v2\/product_cat?post=1216"},{"taxonomy":"product_tag","embeddable":true,"href":"https:\/\/legentlecat.fr\/shop\/index.php\/wp-json\/wp\/v2\/product_tag?post=1216"}],"curies":[{"name":"wp","href":"https:\/\/api.w.org\/{rel}","templated":true}]}}