{"id":11229,"date":"2024-11-29T01:16:05","date_gmt":"2024-11-29T00:16:05","guid":{"rendered":"https:\/\/legentlecat.fr\/shop\/?post_type=product&#038;p=11229"},"modified":"2026-04-04T20:07:54","modified_gmt":"2026-04-04T18:07:54","slug":"note8-n00017306","status":"publish","type":"product","link":"https:\/\/legentlecat.fr\/shop\/index.php\/produit\/note8-n00017306\/","title":{"rendered":"Note8-N00017306"},"content":{"rendered":"","protected":true},"excerpt":{"rendered":"","protected":true},"featured_media":2456,"template":"","meta":{"jetpack_post_was_ever_published":false,"jetpack_publicize_message":"","jetpack_publicize_feature_enabled":true,"jetpack_social_post_already_shared":false,"jetpack_social_options":{"image_generator_settings":{"template":"highway","default_image_id":0,"font":"","enabled":false},"version":2}},"product_brand":[],"product_cat":[209],"product_tag":[],"class_list":{"0":"post-11229","1":"product","2":"type-product","3":"status-publish","4":"post-password-required","6":"product_cat-uncategorized","8":"first","9":"outofstock","10":"virtual","11":"purchasable","12":"product-type-simple"},"yoast_head":"<!-- This site is optimized with the Yoast SEO plugin v27.3 - https:\/\/yoast.com\/product\/yoast-seo-wordpress\/ -->\n<title>Note8-N00017306 - Le GentleCat - Teashop<\/title>\n<meta name=\"robots\" content=\"index, follow, max-snippet:-1, max-image-preview:large, max-video-preview:-1\" \/>\n<link rel=\"canonical\" href=\"https:\/\/legentlecat.fr\/shop\/index.php\/produit\/note8-n00017306\/\" \/>\n<meta property=\"og:locale\" content=\"fr_FR\" \/>\n<meta property=\"og:type\" content=\"article\" \/>\n<meta property=\"og:title\" content=\"Note8-N00017306 - Le GentleCat - Teashop\" \/>\n<meta property=\"og:description\" content=\"Il n\u2019y a pas d\u2019extrait, car cette publication est prot\u00e9g\u00e9e.\" \/>\n<meta property=\"og:url\" content=\"https:\/\/legentlecat.fr\/shop\/index.php\/produit\/note8-n00017306\/\" \/>\n<meta property=\"og:site_name\" content=\"Le GentleCat - Teashop\" \/>\n<meta property=\"article:modified_time\" content=\"2026-04-04T18:07:54+00:00\" \/>\n<meta name=\"twitter:card\" content=\"summary_large_image\" \/>\n<meta name=\"twitter:label1\" content=\"Dur\u00e9e de lecture estim\u00e9e\" \/>\n\t<meta name=\"twitter:data1\" content=\"1 minute\" \/>\n<script type=\"application\/ld+json\" class=\"yoast-schema-graph\">{\"@context\":\"https:\\\/\\\/schema.org\",\"@graph\":[{\"@type\":\"WebPage\",\"@id\":\"https:\\\/\\\/legentlecat.fr\\\/shop\\\/index.php\\\/produit\\\/note8-n00017306\\\/\",\"url\":\"https:\\\/\\\/legentlecat.fr\\\/shop\\\/index.php\\\/produit\\\/note8-n00017306\\\/\",\"name\":\"Note8-N00017306 - Le GentleCat - Teashop\",\"isPartOf\":{\"@id\":\"https:\\\/\\\/legentlecat.fr\\\/shop\\\/#website\"},\"datePublished\":\"2024-11-29T00:16:05+00:00\",\"dateModified\":\"2026-04-04T18:07:54+00:00\",\"breadcrumb\":{\"@id\":\"https:\\\/\\\/legentlecat.fr\\\/shop\\\/index.php\\\/produit\\\/note8-n00017306\\\/#breadcrumb\"},\"inLanguage\":\"fr-FR\"},{\"@type\":\"WebSite\",\"@id\":\"https:\\\/\\\/legentlecat.fr\\\/shop\\\/#website\",\"url\":\"https:\\\/\\\/legentlecat.fr\\\/shop\\\/\",\"name\":\"Le GentleCat - Teashop\",\"description\":\"La boutique de th\u00e9 en ligne\",\"potentialAction\":[{\"@type\":\"SearchAction\",\"target\":{\"@type\":\"EntryPoint\",\"urlTemplate\":\"https:\\\/\\\/legentlecat.fr\\\/shop\\\/?s={search_term_string}\"},\"query-input\":{\"@type\":\"PropertyValueSpecification\",\"valueRequired\":true,\"valueName\":\"search_term_string\"}}],\"inLanguage\":\"fr-FR\"}]}<\/script>\n<!-- \/ Yoast SEO plugin. -->","yoast_head_json":{"title":"Note8-N00017306 - Le GentleCat - Teashop","robots":{"index":"index","follow":"follow","max-snippet":"max-snippet:-1","max-image-preview":"max-image-preview:large","max-video-preview":"max-video-preview:-1"},"canonical":"https:\/\/legentlecat.fr\/shop\/index.php\/produit\/note8-n00017306\/","og_locale":"fr_FR","og_type":"article","og_title":"Note8-N00017306 - Le GentleCat - Teashop","og_description":"Il n\u2019y a pas d\u2019extrait, car cette publication est prot\u00e9g\u00e9e.","og_url":"https:\/\/legentlecat.fr\/shop\/index.php\/produit\/note8-n00017306\/","og_site_name":"Le GentleCat - Teashop","article_modified_time":"2026-04-04T18:07:54+00:00","twitter_card":"summary_large_image","twitter_misc":{"Dur\u00e9e de lecture estim\u00e9e":"1 minute"},"schema":{"@context":"https:\/\/schema.org","@graph":[{"@type":"WebPage","@id":"https:\/\/legentlecat.fr\/shop\/index.php\/produit\/note8-n00017306\/","url":"https:\/\/legentlecat.fr\/shop\/index.php\/produit\/note8-n00017306\/","name":"Note8-N00017306 - Le GentleCat - Teashop","isPartOf":{"@id":"https:\/\/legentlecat.fr\/shop\/#website"},"datePublished":"2024-11-29T00:16:05+00:00","dateModified":"2026-04-04T18:07:54+00:00","breadcrumb":{"@id":"https:\/\/legentlecat.fr\/shop\/index.php\/produit\/note8-n00017306\/#breadcrumb"},"inLanguage":"fr-FR"},{"@type":"WebSite","@id":"https:\/\/legentlecat.fr\/shop\/#website","url":"https:\/\/legentlecat.fr\/shop\/","name":"Le GentleCat - Teashop","description":"La boutique de th\u00e9 en ligne","potentialAction":[{"@type":"SearchAction","target":{"@type":"EntryPoint","urlTemplate":"https:\/\/legentlecat.fr\/shop\/?s={search_term_string}"},"query-input":{"@type":"PropertyValueSpecification","valueRequired":true,"valueName":"search_term_string"}}],"inLanguage":"fr-FR"}]}},"jetpack_publicize_connections":[],"jetpack_sharing_enabled":true,"jetpack-related-posts":[{"id":2881,"url":"https:\/\/legentlecat.fr\/shop\/index.php\/produit\/tribulations-dun-bar-a-chats-roman\/","url_meta":{"origin":11229,"position":0},"title":"Tribulations d&rsquo;un Bar \u00e0 Chats &#8211; Roman","author":"Jimmy RIOT","date":"24 septembre 2020","format":false,"excerpt":"Sous trois plumes au style bien diff\u00e9rent, Jimmy James signe ici son premier roman. C'est \u00e0 la fois un cri d\u2019amour aux nombreux visiteurs du GentleCat mais aussi un \u00ab au secours \u00bb poignant quand vient l\u2019arr\u00eat\u00e9 du 15 mars 2020 et l\u2019interdiction de recevoir du public. Jeanne la Persane\u2026","rel":"","context":"Article similaire","block_context":{"text":"Article similaire","link":""},"img":{"alt_text":"","src":"https:\/\/i0.wp.com\/legentlecat.fr\/shop\/wp-content\/uploads\/2020\/09\/R-OK-Situation.jpg?fit=902%2C1122&ssl=1&resize=350%2C200","width":350,"height":200,"srcset":"https:\/\/i0.wp.com\/legentlecat.fr\/shop\/wp-content\/uploads\/2020\/09\/R-OK-Situation.jpg?fit=902%2C1122&ssl=1&resize=350%2C200 1x, https:\/\/i0.wp.com\/legentlecat.fr\/shop\/wp-content\/uploads\/2020\/09\/R-OK-Situation.jpg?fit=902%2C1122&ssl=1&resize=525%2C300 1.5x, https:\/\/i0.wp.com\/legentlecat.fr\/shop\/wp-content\/uploads\/2020\/09\/R-OK-Situation.jpg?fit=902%2C1122&ssl=1&resize=700%2C400 2x"},"classes":[]},{"id":8556,"url":"https:\/\/legentlecat.fr\/shop\/index.php\/produit\/calendrier-2026\/","url_meta":{"origin":11229,"position":1},"title":"Calendrier 2026","author":"Jimmy RIOT","date":"25 d\u00e9cembre 2025","format":false,"excerpt":"Il arrive presque trop tard. Et pourtant, il devait exister. Ce calendrier, ce sont les chats du GentleCat, ceux que vous connaissez, que vous avez crois\u00e9s, caress\u00e9s, aim\u00e9s. Un dernier hommage, une ann\u00e9e encore avec cette tribu de 11 r\u00e9sidents, cette petite famille \u2014 pour celles et ceux qui ont\u2026","rel":"","context":"Article similaire","block_context":{"text":"Article similaire","link":""},"img":{"alt_text":"","src":"https:\/\/i0.wp.com\/legentlecat.fr\/shop\/wp-content\/uploads\/2025\/12\/primebis.jpg?fit=630%2C783&ssl=1&resize=350%2C200","width":350,"height":200,"srcset":"https:\/\/i0.wp.com\/legentlecat.fr\/shop\/wp-content\/uploads\/2025\/12\/primebis.jpg?fit=630%2C783&ssl=1&resize=350%2C200 1x, https:\/\/i0.wp.com\/legentlecat.fr\/shop\/wp-content\/uploads\/2025\/12\/primebis.jpg?fit=630%2C783&ssl=1&resize=525%2C300 1.5x"},"classes":[]},{"id":13501,"url":"https:\/\/legentlecat.fr\/shop\/index.php\/produit\/brunch-10-mai-2026\/","url_meta":{"origin":11229,"position":2},"title":"Brunch 10 mai 2026","author":"Jimmy RIOT","date":"18 f\u00e9vrier 2026","format":false,"excerpt":"Un brunch qui nous ressemble : original, g\u00e9n\u00e9reux, p\u00e2tissier. Vous le composez librement, en 5 temps, autour d\u2019une cr\u00e9ation au four (toast p\u00e2tissier) parmi 3 choix. Un moment privil\u00e9gi\u00e9 en compagnie de nos r\u00e9sidents f\u00e9lins. Un acompte par personne est demand\u00e9 \u00e0 la r\u00e9servation afin de vous garantir une table\u2026","rel":"","context":"Article similaire","block_context":{"text":"Article similaire","link":""},"img":{"alt_text":"","src":"https:\/\/i0.wp.com\/legentlecat.fr\/shop\/wp-content\/uploads\/2025\/12\/pdt-brunch26-1.jpg?fit=630%2C783&ssl=1&resize=350%2C200","width":350,"height":200,"srcset":"https:\/\/i0.wp.com\/legentlecat.fr\/shop\/wp-content\/uploads\/2025\/12\/pdt-brunch26-1.jpg?fit=630%2C783&ssl=1&resize=350%2C200 1x, https:\/\/i0.wp.com\/legentlecat.fr\/shop\/wp-content\/uploads\/2025\/12\/pdt-brunch26-1.jpg?fit=630%2C783&ssl=1&resize=525%2C300 1.5x"},"classes":[]},{"id":13506,"url":"https:\/\/legentlecat.fr\/shop\/index.php\/produit\/brunch-17-mai-2026\/","url_meta":{"origin":11229,"position":3},"title":"Brunch 17 mai 2026","author":"Jimmy RIOT","date":"18 f\u00e9vrier 2026","format":false,"excerpt":"Un brunch qui nous ressemble : original, g\u00e9n\u00e9reux, p\u00e2tissier. Vous le composez librement, en 5 temps, autour d\u2019une cr\u00e9ation au four (toast p\u00e2tissier) parmi 3 choix. Un moment privil\u00e9gi\u00e9 en compagnie de nos r\u00e9sidents f\u00e9lins. Un acompte par personne est demand\u00e9 \u00e0 la r\u00e9servation afin de vous garantir une table\u2026","rel":"","context":"Article similaire","block_context":{"text":"Article similaire","link":""},"img":{"alt_text":"","src":"https:\/\/i0.wp.com\/legentlecat.fr\/shop\/wp-content\/uploads\/2025\/12\/pdt-brunch26-1.jpg?fit=630%2C783&ssl=1&resize=350%2C200","width":350,"height":200,"srcset":"https:\/\/i0.wp.com\/legentlecat.fr\/shop\/wp-content\/uploads\/2025\/12\/pdt-brunch26-1.jpg?fit=630%2C783&ssl=1&resize=350%2C200 1x, https:\/\/i0.wp.com\/legentlecat.fr\/shop\/wp-content\/uploads\/2025\/12\/pdt-brunch26-1.jpg?fit=630%2C783&ssl=1&resize=525%2C300 1.5x"},"classes":[]},{"id":13511,"url":"https:\/\/legentlecat.fr\/shop\/index.php\/produit\/brunch-24-mai-2026\/","url_meta":{"origin":11229,"position":4},"title":"Brunch 24 mai 2026","author":"Jimmy RIOT","date":"18 f\u00e9vrier 2026","format":false,"excerpt":"Un brunch qui nous ressemble : original, g\u00e9n\u00e9reux, p\u00e2tissier. Vous le composez librement, en 5 temps, autour d\u2019une cr\u00e9ation au four (toast p\u00e2tissier) parmi 3 choix. Un moment privil\u00e9gi\u00e9 en compagnie de nos r\u00e9sidents f\u00e9lins. Un acompte par personne est demand\u00e9 \u00e0 la r\u00e9servation afin de vous garantir une table\u2026","rel":"","context":"Article similaire","block_context":{"text":"Article similaire","link":""},"img":{"alt_text":"","src":"https:\/\/i0.wp.com\/legentlecat.fr\/shop\/wp-content\/uploads\/2025\/12\/pdt-brunch26-1.jpg?fit=630%2C783&ssl=1&resize=350%2C200","width":350,"height":200,"srcset":"https:\/\/i0.wp.com\/legentlecat.fr\/shop\/wp-content\/uploads\/2025\/12\/pdt-brunch26-1.jpg?fit=630%2C783&ssl=1&resize=350%2C200 1x, https:\/\/i0.wp.com\/legentlecat.fr\/shop\/wp-content\/uploads\/2025\/12\/pdt-brunch26-1.jpg?fit=630%2C783&ssl=1&resize=525%2C300 1.5x"},"classes":[]},{"id":13486,"url":"https:\/\/legentlecat.fr\/shop\/index.php\/produit\/brunch-19-avril-2026\/","url_meta":{"origin":11229,"position":5},"title":"Brunch 19 avril 2026","author":"Jimmy RIOT","date":"18 f\u00e9vrier 2026","format":false,"excerpt":"Un brunch qui nous ressemble : original, g\u00e9n\u00e9reux, p\u00e2tissier. Vous le composez librement, en 5 temps, autour d\u2019une cr\u00e9ation au four (toast p\u00e2tissier) parmi 3 choix. Un moment privil\u00e9gi\u00e9 en compagnie de nos r\u00e9sidents f\u00e9lins. Un acompte par personne est demand\u00e9 \u00e0 la r\u00e9servation afin de vous garantir une table\u2026","rel":"","context":"Article similaire","block_context":{"text":"Article similaire","link":""},"img":{"alt_text":"","src":"https:\/\/i0.wp.com\/legentlecat.fr\/shop\/wp-content\/uploads\/2025\/12\/pdt-brunch26-1.jpg?fit=630%2C783&ssl=1&resize=350%2C200","width":350,"height":200,"srcset":"https:\/\/i0.wp.com\/legentlecat.fr\/shop\/wp-content\/uploads\/2025\/12\/pdt-brunch26-1.jpg?fit=630%2C783&ssl=1&resize=350%2C200 1x, https:\/\/i0.wp.com\/legentlecat.fr\/shop\/wp-content\/uploads\/2025\/12\/pdt-brunch26-1.jpg?fit=630%2C783&ssl=1&resize=525%2C300 1.5x"},"classes":[]}],"_links":{"self":[{"href":"https:\/\/legentlecat.fr\/shop\/index.php\/wp-json\/wp\/v2\/product\/11229","targetHints":{"allow":["GET"]}}],"collection":[{"href":"https:\/\/legentlecat.fr\/shop\/index.php\/wp-json\/wp\/v2\/product"}],"about":[{"href":"https:\/\/legentlecat.fr\/shop\/index.php\/wp-json\/wp\/v2\/types\/product"}],"wp:featuredmedia":[{"embeddable":true,"href":"https:\/\/legentlecat.fr\/shop\/index.php\/wp-json\/wp\/v2\/media\/2456"}],"wp:attachment":[{"href":"https:\/\/legentlecat.fr\/shop\/index.php\/wp-json\/wp\/v2\/media?parent=11229"}],"wp:term":[{"taxonomy":"product_brand","embeddable":true,"href":"https:\/\/legentlecat.fr\/shop\/index.php\/wp-json\/wp\/v2\/product_brand?post=11229"},{"taxonomy":"product_cat","embeddable":true,"href":"https:\/\/legentlecat.fr\/shop\/index.php\/wp-json\/wp\/v2\/product_cat?post=11229"},{"taxonomy":"product_tag","embeddable":true,"href":"https:\/\/legentlecat.fr\/shop\/index.php\/wp-json\/wp\/v2\/product_tag?post=11229"}],"curies":[{"name":"wp","href":"https:\/\/api.w.org\/{rel}","templated":true}]}}