{"id":1111,"date":"2017-03-19T20:47:47","date_gmt":"2017-03-19T19:47:47","guid":{"rendered":"http:\/\/legentlecat.fr\/comptoir-a-thes\/produit\/nuage-damande\/"},"modified":"2022-12-02T13:34:00","modified_gmt":"2022-12-02T12:34:00","slug":"nuage-damande","status":"publish","type":"product","link":"https:\/\/legentlecat.fr\/shop\/index.php\/produit\/nuage-damande\/","title":{"rendered":"Nuage d&rsquo;amande"},"content":{"rendered":"","protected":false},"excerpt":{"rendered":"<p style=\"text-align: justify;\"><img loading=\"lazy\" decoding=\"async\" class=\"size-full wp-image-2237 aligncenter\" src=\"http:\/\/legentlecat.fr\/shop\/wp-content\/uploads\/2017\/03\/gunpowder.jpg\" alt=\"\" width=\"250\" height=\"77\" \/><\/p>\n<p style=\"text-align: justify;\"><strong>Sac herm\u00e9tique de 100 g<\/strong>\u00a0&#8211;\u00a0Le go\u00fbt d&rsquo;amande est soutenu par des pop-corns afin d&rsquo;accentuer le petit c\u00f4t\u00e9 \u00ab\u00a0grill\u00e9\u00a0\u00bb de l&rsquo;amande. L&rsquo;infusion jaune\/verte de ce th\u00e9 est une v\u00e9ritable invitation au cin\u00e9ma : un petit go\u00fbt de pop-corn prend le pas en fin de tasse pour une d\u00e9gustation en deux temps.<\/p>\n<p style=\"text-align: justify;\"><strong>Saveur :<\/strong> gourmande, fruit\u00e9<\/p>\n<p style=\"text-align: justify;\"><strong>Composition :<\/strong>\u00a0th\u00e9 vert sencha de chine, th\u00e9 blanc pai mu tan, morceaux d&rsquo;ananas confits, morceaux de papayes confits, batons de cannelle, raisins, pop corn, chips de noix de coco, ar\u00f4me<\/p>\n","protected":false},"featured_media":2286,"template":"","meta":{"jetpack_post_was_ever_published":false,"jetpack_publicize_message":"","jetpack_publicize_feature_enabled":true,"jetpack_social_post_already_shared":false,"jetpack_social_options":{"image_generator_settings":{"template":"highway","default_image_id":0,"font":"","enabled":false},"version":2}},"product_brand":[],"product_cat":[211,79,83,50],"product_tag":[154,111,118,103,128,131,100,97,98],"class_list":{"0":"post-1111","1":"product","2":"type-product","3":"status-publish","4":"has-post-thumbnail","6":"product_cat-noelsaveurs","7":"product_cat-fruitee","8":"product_cat-gourmande","9":"product_cat-the-vert","10":"product_tag-amande","11":"product_tag-ananas","12":"product_tag-cannelle","13":"product_tag-noix-de-coco","14":"product_tag-papaye","15":"product_tag-pop-corn","16":"product_tag-saveur-fruitee","17":"product_tag-saveur-gourmande","18":"product_tag-the-vert","20":"first","21":"instock","22":"taxable","23":"shipping-taxable","24":"purchasable","25":"product-type-simple"},"yoast_head":"<!-- This site is optimized with the Yoast SEO plugin v27.4 - https:\/\/yoast.com\/product\/yoast-seo-wordpress\/ -->\n<title>Nuage d&#039;amande - Le GentleCat - Teashop<\/title>\n<meta name=\"robots\" content=\"index, follow, max-snippet:-1, max-image-preview:large, max-video-preview:-1\" \/>\n<link rel=\"canonical\" href=\"https:\/\/legentlecat.fr\/shop\/index.php\/produit\/nuage-damande\/\" \/>\n<meta property=\"og:locale\" content=\"fr_FR\" \/>\n<meta property=\"og:type\" content=\"article\" \/>\n<meta property=\"og:title\" content=\"Nuage d&#039;amande - Le GentleCat - Teashop\" \/>\n<meta property=\"og:description\" content=\"Sac herm\u00e9tique de 100 g\u00a0-\u00a0Le go\u00fbt d&#039;amande est soutenu par des pop-corns afin d&#039;accentuer le petit c\u00f4t\u00e9 &quot;grill\u00e9&quot; de l&#039;amande. L&#039;infusion jaune\/verte de ce th\u00e9 est une v\u00e9ritable invitation au cin\u00e9ma : un petit go\u00fbt de pop-corn prend le pas en fin de tasse pour une d\u00e9gustation en deux temps. Saveur : gourmande, fruit\u00e9 Composition :\u00a0th\u00e9 vert sencha de chine, th\u00e9 blanc pai mu tan, morceaux d&#039;ananas confits, morceaux de papayes confits, batons de cannelle, raisins, pop corn, chips de noix de coco, ar\u00f4me\" \/>\n<meta property=\"og:url\" content=\"https:\/\/legentlecat.fr\/shop\/index.php\/produit\/nuage-damande\/\" \/>\n<meta property=\"og:site_name\" content=\"Le GentleCat - Teashop\" \/>\n<meta property=\"article:modified_time\" content=\"2022-12-02T12:34:00+00:00\" \/>\n<meta property=\"og:image\" content=\"https:\/\/legentlecat.fr\/shop\/wp-content\/uploads\/2017\/03\/nuage-819x1024.png\" \/>\n\t<meta property=\"og:image:width\" content=\"819\" \/>\n\t<meta property=\"og:image:height\" content=\"1024\" \/>\n\t<meta property=\"og:image:type\" content=\"image\/png\" \/>\n<meta name=\"twitter:card\" content=\"summary_large_image\" \/>\n<script type=\"application\/ld+json\" class=\"yoast-schema-graph\">{\"@context\":\"https:\\\/\\\/schema.org\",\"@graph\":[{\"@type\":\"WebPage\",\"@id\":\"https:\\\/\\\/legentlecat.fr\\\/shop\\\/index.php\\\/produit\\\/nuage-damande\\\/\",\"url\":\"https:\\\/\\\/legentlecat.fr\\\/shop\\\/index.php\\\/produit\\\/nuage-damande\\\/\",\"name\":\"Nuage d'amande - Le GentleCat - Teashop\",\"isPartOf\":{\"@id\":\"https:\\\/\\\/legentlecat.fr\\\/shop\\\/#website\"},\"primaryImageOfPage\":{\"@id\":\"https:\\\/\\\/legentlecat.fr\\\/shop\\\/index.php\\\/produit\\\/nuage-damande\\\/#primaryimage\"},\"image\":{\"@id\":\"https:\\\/\\\/legentlecat.fr\\\/shop\\\/index.php\\\/produit\\\/nuage-damande\\\/#primaryimage\"},\"thumbnailUrl\":\"https:\\\/\\\/i0.wp.com\\\/legentlecat.fr\\\/shop\\\/wp-content\\\/uploads\\\/2017\\\/03\\\/nuage.png?fit=1500%2C1875&ssl=1\",\"datePublished\":\"2017-03-19T19:47:47+00:00\",\"dateModified\":\"2022-12-02T12:34:00+00:00\",\"breadcrumb\":{\"@id\":\"https:\\\/\\\/legentlecat.fr\\\/shop\\\/index.php\\\/produit\\\/nuage-damande\\\/#breadcrumb\"},\"inLanguage\":\"fr-FR\",\"potentialAction\":[{\"@type\":\"ReadAction\",\"target\":[\"https:\\\/\\\/legentlecat.fr\\\/shop\\\/index.php\\\/produit\\\/nuage-damande\\\/\"]}]},{\"@type\":\"ImageObject\",\"inLanguage\":\"fr-FR\",\"@id\":\"https:\\\/\\\/legentlecat.fr\\\/shop\\\/index.php\\\/produit\\\/nuage-damande\\\/#primaryimage\",\"url\":\"https:\\\/\\\/i0.wp.com\\\/legentlecat.fr\\\/shop\\\/wp-content\\\/uploads\\\/2017\\\/03\\\/nuage.png?fit=1500%2C1875&ssl=1\",\"contentUrl\":\"https:\\\/\\\/i0.wp.com\\\/legentlecat.fr\\\/shop\\\/wp-content\\\/uploads\\\/2017\\\/03\\\/nuage.png?fit=1500%2C1875&ssl=1\",\"width\":1500,\"height\":1875},{\"@type\":\"BreadcrumbList\",\"@id\":\"https:\\\/\\\/legentlecat.fr\\\/shop\\\/index.php\\\/produit\\\/nuage-damande\\\/#breadcrumb\",\"itemListElement\":[{\"@type\":\"ListItem\",\"position\":1,\"name\":\"Accueil\",\"item\":\"https:\\\/\\\/legentlecat.fr\\\/shop\\\/\"},{\"@type\":\"ListItem\",\"position\":2,\"name\":\"Shop\",\"item\":\"https:\\\/\\\/legentlecat.fr\\\/shop\\\/index.php\\\/shop\\\/\"},{\"@type\":\"ListItem\",\"position\":3,\"name\":\"Nuage d&rsquo;amande\"}]},{\"@type\":\"WebSite\",\"@id\":\"https:\\\/\\\/legentlecat.fr\\\/shop\\\/#website\",\"url\":\"https:\\\/\\\/legentlecat.fr\\\/shop\\\/\",\"name\":\"Le GentleCat - Teashop\",\"description\":\"La boutique de th\u00e9 en ligne\",\"potentialAction\":[{\"@type\":\"SearchAction\",\"target\":{\"@type\":\"EntryPoint\",\"urlTemplate\":\"https:\\\/\\\/legentlecat.fr\\\/shop\\\/?s={search_term_string}\"},\"query-input\":{\"@type\":\"PropertyValueSpecification\",\"valueRequired\":true,\"valueName\":\"search_term_string\"}}],\"inLanguage\":\"fr-FR\"}]}<\/script>\n<!-- \/ Yoast SEO plugin. -->","yoast_head_json":{"title":"Nuage d'amande - Le GentleCat - Teashop","robots":{"index":"index","follow":"follow","max-snippet":"max-snippet:-1","max-image-preview":"max-image-preview:large","max-video-preview":"max-video-preview:-1"},"canonical":"https:\/\/legentlecat.fr\/shop\/index.php\/produit\/nuage-damande\/","og_locale":"fr_FR","og_type":"article","og_title":"Nuage d'amande - Le GentleCat - Teashop","og_description":"Sac herm\u00e9tique de 100 g\u00a0-\u00a0Le go\u00fbt d'amande est soutenu par des pop-corns afin d'accentuer le petit c\u00f4t\u00e9 \"grill\u00e9\" de l'amande. L'infusion jaune\/verte de ce th\u00e9 est une v\u00e9ritable invitation au cin\u00e9ma : un petit go\u00fbt de pop-corn prend le pas en fin de tasse pour une d\u00e9gustation en deux temps. Saveur : gourmande, fruit\u00e9 Composition :\u00a0th\u00e9 vert sencha de chine, th\u00e9 blanc pai mu tan, morceaux d'ananas confits, morceaux de papayes confits, batons de cannelle, raisins, pop corn, chips de noix de coco, ar\u00f4me","og_url":"https:\/\/legentlecat.fr\/shop\/index.php\/produit\/nuage-damande\/","og_site_name":"Le GentleCat - Teashop","article_modified_time":"2022-12-02T12:34:00+00:00","og_image":[{"width":819,"height":1024,"url":"https:\/\/legentlecat.fr\/shop\/wp-content\/uploads\/2017\/03\/nuage-819x1024.png","type":"image\/png"}],"twitter_card":"summary_large_image","schema":{"@context":"https:\/\/schema.org","@graph":[{"@type":"WebPage","@id":"https:\/\/legentlecat.fr\/shop\/index.php\/produit\/nuage-damande\/","url":"https:\/\/legentlecat.fr\/shop\/index.php\/produit\/nuage-damande\/","name":"Nuage d'amande - Le GentleCat - Teashop","isPartOf":{"@id":"https:\/\/legentlecat.fr\/shop\/#website"},"primaryImageOfPage":{"@id":"https:\/\/legentlecat.fr\/shop\/index.php\/produit\/nuage-damande\/#primaryimage"},"image":{"@id":"https:\/\/legentlecat.fr\/shop\/index.php\/produit\/nuage-damande\/#primaryimage"},"thumbnailUrl":"https:\/\/i0.wp.com\/legentlecat.fr\/shop\/wp-content\/uploads\/2017\/03\/nuage.png?fit=1500%2C1875&ssl=1","datePublished":"2017-03-19T19:47:47+00:00","dateModified":"2022-12-02T12:34:00+00:00","breadcrumb":{"@id":"https:\/\/legentlecat.fr\/shop\/index.php\/produit\/nuage-damande\/#breadcrumb"},"inLanguage":"fr-FR","potentialAction":[{"@type":"ReadAction","target":["https:\/\/legentlecat.fr\/shop\/index.php\/produit\/nuage-damande\/"]}]},{"@type":"ImageObject","inLanguage":"fr-FR","@id":"https:\/\/legentlecat.fr\/shop\/index.php\/produit\/nuage-damande\/#primaryimage","url":"https:\/\/i0.wp.com\/legentlecat.fr\/shop\/wp-content\/uploads\/2017\/03\/nuage.png?fit=1500%2C1875&ssl=1","contentUrl":"https:\/\/i0.wp.com\/legentlecat.fr\/shop\/wp-content\/uploads\/2017\/03\/nuage.png?fit=1500%2C1875&ssl=1","width":1500,"height":1875},{"@type":"BreadcrumbList","@id":"https:\/\/legentlecat.fr\/shop\/index.php\/produit\/nuage-damande\/#breadcrumb","itemListElement":[{"@type":"ListItem","position":1,"name":"Accueil","item":"https:\/\/legentlecat.fr\/shop\/"},{"@type":"ListItem","position":2,"name":"Shop","item":"https:\/\/legentlecat.fr\/shop\/index.php\/shop\/"},{"@type":"ListItem","position":3,"name":"Nuage d&rsquo;amande"}]},{"@type":"WebSite","@id":"https:\/\/legentlecat.fr\/shop\/#website","url":"https:\/\/legentlecat.fr\/shop\/","name":"Le GentleCat - Teashop","description":"La boutique de th\u00e9 en ligne","potentialAction":[{"@type":"SearchAction","target":{"@type":"EntryPoint","urlTemplate":"https:\/\/legentlecat.fr\/shop\/?s={search_term_string}"},"query-input":{"@type":"PropertyValueSpecification","valueRequired":true,"valueName":"search_term_string"}}],"inLanguage":"fr-FR"}]}},"jetpack_publicize_connections":[],"jetpack_sharing_enabled":true,"jetpack-related-posts":[{"id":1468,"url":"https:\/\/legentlecat.fr\/shop\/index.php\/produit\/exotic-earl-grey\/","url_meta":{"origin":1111,"position":0},"title":"Exotic Earl Grey","author":"Jimmy RIOT","date":"20 mars 2017","format":false,"excerpt":"Sac herm\u00e9tique de 100 g\u00a0-\u00a0Les amateurs de th\u00e9s earl grey ne pourront qu'appr\u00e9cier cette variation fruit\u00e9e du traditionnel th\u00e9 noir \u00e0 la bergamote. Cette recette riche en touches florales et en fruits confits vous offrira un go\u00fbt doux et sucr\u00e9, aussi agr\u00e9able chaud qu'en infusion glac\u00e9e. Saveur :\u00a0earl grey, fruit\u00e9e\u2026","rel":"","context":"Article similaire","block_context":{"text":"Article similaire","link":""},"img":{"alt_text":"","src":"https:\/\/i0.wp.com\/legentlecat.fr\/shop\/wp-content\/uploads\/2017\/03\/exotic-earl-grey.png?fit=960%2C1200&ssl=1&resize=350%2C200","width":350,"height":200,"srcset":"https:\/\/i0.wp.com\/legentlecat.fr\/shop\/wp-content\/uploads\/2017\/03\/exotic-earl-grey.png?fit=960%2C1200&ssl=1&resize=350%2C200 1x, https:\/\/i0.wp.com\/legentlecat.fr\/shop\/wp-content\/uploads\/2017\/03\/exotic-earl-grey.png?fit=960%2C1200&ssl=1&resize=525%2C300 1.5x, https:\/\/i0.wp.com\/legentlecat.fr\/shop\/wp-content\/uploads\/2017\/03\/exotic-earl-grey.png?fit=960%2C1200&ssl=1&resize=700%2C400 2x"},"classes":[]},{"id":689,"url":"https:\/\/legentlecat.fr\/shop\/index.php\/produit\/reveil-vitamine\/","url_meta":{"origin":1111,"position":1},"title":"R\u00e9veil Vitamin\u00e9","author":"Jimmy RIOT","date":"13 mars 2017","format":false,"excerpt":"Sac herm\u00e9tique de 100 g\u00a0-\u00a0Le th\u00e9 pu erh facilite la digestion et d\u00e9toxifie l'organisme. Cela en fait un excellent th\u00e9 pour accompagner son petit d\u00e9jeuner ou terminer un repas. Le go\u00fbt bois\u00e9 (parfois un peu \"terre humide\") du pu erh est ici un peu gomm\u00e9, faisant la place belle aux\u2026","rel":"","context":"Article similaire","block_context":{"text":"Article similaire","link":""},"img":{"alt_text":"","src":"https:\/\/i0.wp.com\/legentlecat.fr\/shop\/wp-content\/uploads\/2017\/03\/reveil.png?fit=960%2C1200&ssl=1&resize=350%2C200","width":350,"height":200,"srcset":"https:\/\/i0.wp.com\/legentlecat.fr\/shop\/wp-content\/uploads\/2017\/03\/reveil.png?fit=960%2C1200&ssl=1&resize=350%2C200 1x, https:\/\/i0.wp.com\/legentlecat.fr\/shop\/wp-content\/uploads\/2017\/03\/reveil.png?fit=960%2C1200&ssl=1&resize=525%2C300 1.5x, https:\/\/i0.wp.com\/legentlecat.fr\/shop\/wp-content\/uploads\/2017\/03\/reveil.png?fit=960%2C1200&ssl=1&resize=700%2C400 2x"},"classes":[]},{"id":520,"url":"https:\/\/legentlecat.fr\/shop\/index.php\/produit\/le-temps-des-cerises\/","url_meta":{"origin":1111,"position":2},"title":"Le temps des cerises","author":"Jimmy RIOT","date":"13 mars 2017","format":false,"excerpt":"Sac herm\u00e9tique de 100 g\u00a0-\u00a0Tr\u00e8s riche en fruits confits, cette recette \u00e0 base de th\u00e9 vert est un d\u00e9lice pour les yeux mais aussi pour les papilles. Elle offre une infusion douce, fruit\u00e9e et sucr\u00e9e qui se d\u00e9guste aussi bien chaude que froide. Saveur : fruit\u00e9e Composition :\u00a0th\u00e9 vert sencha\u2026","rel":"","context":"Article similaire","block_context":{"text":"Article similaire","link":""},"img":{"alt_text":"","src":"https:\/\/i0.wp.com\/legentlecat.fr\/shop\/wp-content\/uploads\/2017\/03\/tempscerise.png?fit=960%2C1200&ssl=1&resize=350%2C200","width":350,"height":200,"srcset":"https:\/\/i0.wp.com\/legentlecat.fr\/shop\/wp-content\/uploads\/2017\/03\/tempscerise.png?fit=960%2C1200&ssl=1&resize=350%2C200 1x, https:\/\/i0.wp.com\/legentlecat.fr\/shop\/wp-content\/uploads\/2017\/03\/tempscerise.png?fit=960%2C1200&ssl=1&resize=525%2C300 1.5x, https:\/\/i0.wp.com\/legentlecat.fr\/shop\/wp-content\/uploads\/2017\/03\/tempscerise.png?fit=960%2C1200&ssl=1&resize=700%2C400 2x"},"classes":[]},{"id":1783,"url":"https:\/\/legentlecat.fr\/shop\/index.php\/produit\/plage-ensoleillee-bio\/","url_meta":{"origin":1111,"position":3},"title":"Gr\u00e8ve Ensoleill\u00e9e BIO","author":"Jimmy RIOT","date":"20 mars 2017","format":false,"excerpt":"Sac herm\u00e9tique de 100 g\u00a0-\u00a0Le go\u00fbt fruit\u00e9, voire tr\u00e8s exotique de ce th\u00e9 blanc est une v\u00e9ritable invitation au voyage. Le panache qu'offre son m\u00e9lange de fruits confits est amplifi\u00e9\u00a0par un ar\u00f4me d\u00e9licat de fruits tropicaux. Ce th\u00e9 blanc soutenu par un brin de th\u00e9 vert se pr\u00eate parfaitement \u00e0\u2026","rel":"","context":"Article similaire","block_context":{"text":"Article similaire","link":""},"img":{"alt_text":"","src":"https:\/\/i0.wp.com\/legentlecat.fr\/shop\/wp-content\/uploads\/2017\/03\/Pic-plage-ensoleille.png?fit=960%2C1200&ssl=1&resize=350%2C200","width":350,"height":200,"srcset":"https:\/\/i0.wp.com\/legentlecat.fr\/shop\/wp-content\/uploads\/2017\/03\/Pic-plage-ensoleille.png?fit=960%2C1200&ssl=1&resize=350%2C200 1x, https:\/\/i0.wp.com\/legentlecat.fr\/shop\/wp-content\/uploads\/2017\/03\/Pic-plage-ensoleille.png?fit=960%2C1200&ssl=1&resize=525%2C300 1.5x, https:\/\/i0.wp.com\/legentlecat.fr\/shop\/wp-content\/uploads\/2017\/03\/Pic-plage-ensoleille.png?fit=960%2C1200&ssl=1&resize=700%2C400 2x"},"classes":[]},{"id":879,"url":"https:\/\/legentlecat.fr\/shop\/index.php\/produit\/exotic-melon\/","url_meta":{"origin":1111,"position":4},"title":"Exotic Melon","author":"Jimmy RIOT","date":"19 mars 2017","format":false,"excerpt":"Sac herm\u00e9tique de 100 g\u00a0-\u00a0Cette recette \u00e0 base de th\u00e9 vert r\u00e9v\u00e8le une saveur particuli\u00e8rement douce et fruit\u00e9e dans une tasse claire avec quelques notes sucr\u00e9es du fait des fruits confits. Le melon et l'ananas y trouvent un bel \u00e9quilibre. Ce th\u00e9 se d\u00e9guste aussi bien chaud que froid. Saveur\u2026","rel":"","context":"Article similaire","block_context":{"text":"Article similaire","link":""},"img":{"alt_text":"","src":"https:\/\/i0.wp.com\/legentlecat.fr\/shop\/wp-content\/uploads\/2017\/03\/melon.png?fit=960%2C1200&ssl=1&resize=350%2C200","width":350,"height":200,"srcset":"https:\/\/i0.wp.com\/legentlecat.fr\/shop\/wp-content\/uploads\/2017\/03\/melon.png?fit=960%2C1200&ssl=1&resize=350%2C200 1x, https:\/\/i0.wp.com\/legentlecat.fr\/shop\/wp-content\/uploads\/2017\/03\/melon.png?fit=960%2C1200&ssl=1&resize=525%2C300 1.5x, https:\/\/i0.wp.com\/legentlecat.fr\/shop\/wp-content\/uploads\/2017\/03\/melon.png?fit=960%2C1200&ssl=1&resize=700%2C400 2x"},"classes":[]},{"id":1552,"url":"https:\/\/legentlecat.fr\/shop\/index.php\/produit\/souffle-de-geisha\/","url_meta":{"origin":1111,"position":5},"title":"Souffle de Geisha","author":"Jimmy RIOT","date":"20 mars 2017","format":false,"excerpt":"Sac herm\u00e9tique de 100 g\u00a0-\u00a0Nous vous proposons ici de d\u00e9couvrir notre Genmaicha de haute qualit\u00e9, un th\u00e9 traditionnel japonnais au riz grill\u00e9 sur une base de bencha. Sa tasse claire offre une douce liqueur o\u00f9 se m\u00e9lange harmonieusement la fra\u00eecheur du th\u00e9 vert, le petit go\u00fbt de pop-corn et les\u2026","rel":"","context":"Article similaire","block_context":{"text":"Article similaire","link":""},"img":{"alt_text":"","src":"https:\/\/i0.wp.com\/legentlecat.fr\/shop\/wp-content\/uploads\/2017\/03\/pic-souffle-geisha.png?fit=960%2C1200&ssl=1&resize=350%2C200","width":350,"height":200,"srcset":"https:\/\/i0.wp.com\/legentlecat.fr\/shop\/wp-content\/uploads\/2017\/03\/pic-souffle-geisha.png?fit=960%2C1200&ssl=1&resize=350%2C200 1x, https:\/\/i0.wp.com\/legentlecat.fr\/shop\/wp-content\/uploads\/2017\/03\/pic-souffle-geisha.png?fit=960%2C1200&ssl=1&resize=525%2C300 1.5x, https:\/\/i0.wp.com\/legentlecat.fr\/shop\/wp-content\/uploads\/2017\/03\/pic-souffle-geisha.png?fit=960%2C1200&ssl=1&resize=700%2C400 2x"},"classes":[]}],"_links":{"self":[{"href":"https:\/\/legentlecat.fr\/shop\/index.php\/wp-json\/wp\/v2\/product\/1111","targetHints":{"allow":["GET"]}}],"collection":[{"href":"https:\/\/legentlecat.fr\/shop\/index.php\/wp-json\/wp\/v2\/product"}],"about":[{"href":"https:\/\/legentlecat.fr\/shop\/index.php\/wp-json\/wp\/v2\/types\/product"}],"wp:featuredmedia":[{"embeddable":true,"href":"https:\/\/legentlecat.fr\/shop\/index.php\/wp-json\/wp\/v2\/media\/2286"}],"wp:attachment":[{"href":"https:\/\/legentlecat.fr\/shop\/index.php\/wp-json\/wp\/v2\/media?parent=1111"}],"wp:term":[{"taxonomy":"product_brand","embeddable":true,"href":"https:\/\/legentlecat.fr\/shop\/index.php\/wp-json\/wp\/v2\/product_brand?post=1111"},{"taxonomy":"product_cat","embeddable":true,"href":"https:\/\/legentlecat.fr\/shop\/index.php\/wp-json\/wp\/v2\/product_cat?post=1111"},{"taxonomy":"product_tag","embeddable":true,"href":"https:\/\/legentlecat.fr\/shop\/index.php\/wp-json\/wp\/v2\/product_tag?post=1111"}],"curies":[{"name":"wp","href":"https:\/\/api.w.org\/{rel}","templated":true}]}}