{"id":108,"date":"2017-03-08T16:09:07","date_gmt":"2017-03-08T15:09:07","guid":{"rendered":"http:\/\/legentlecat.fr\/comptoir-a-thes\/?post_type=product&#038;p=108"},"modified":"2024-08-09T20:26:05","modified_gmt":"2024-08-09T18:26:05","slug":"sac-de-the-individuel","status":"publish","type":"product","link":"https:\/\/legentlecat.fr\/shop\/index.php\/produit\/sac-de-the-individuel\/","title":{"rendered":"Sac de th\u00e9 individuel (x100)"},"content":{"rendered":"","protected":false},"excerpt":{"rendered":"<p style=\"text-align: justify;\">Ce petit sac de coton vous permet d&rsquo;infuser votre th\u00e9 dans l&rsquo;eau chaude ou froide. Il se referme sur lui m\u00eame comme une taie d&rsquo;oreiller (ce qui \u00e9vite qu&rsquo;il se d\u00e9chire comme certains sacs \u00e0 cordon). Tr\u00e8s simple d&rsquo;utilisation, il pr\u00e9sente quelques avantages par rapport \u00e0 une boule de th\u00e9 :<\/p>\n<ul style=\"text-align: justify;\">\n<li>vous n&rsquo;avez pas besoin de l&rsquo;entretenir puisque \u00e9tant mono-usage il se jette une fois utilis\u00e9 (il est bien entendu biod\u00e9gradable)<\/li>\n<li>vous pouvez infuser plusieurs th\u00e9s en m\u00eame temps lorsque vous recevez des amis ou de la famille et que chacun veut un th\u00e9 diff\u00e9rent<\/li>\n<li>vous pouvez pr\u00e9parer des sacs \u00e0 l&rsquo;avance pour \u00eatre sur que lorsque vous n&rsquo;avez pas beaucoup de temps pour faire votre th\u00e9, l&rsquo;\u00e9tape du remplissage du sac ou de la boule \u00a0ne soit plus au programme<\/li>\n<\/ul>\n<p style=\"text-align: justify;\">Ce petit sac est vendu par lot de 100 unit\u00e9s, de quoi tenir un petit moment avec un tout petit prix.<\/p>\n","protected":false},"featured_media":2364,"template":"","meta":{"jetpack_post_was_ever_published":false,"jetpack_publicize_message":"","jetpack_publicize_feature_enabled":true,"jetpack_social_post_already_shared":false,"jetpack_social_options":{"image_generator_settings":{"template":"highway","default_image_id":0,"font":"","enabled":false},"version":2}},"product_brand":[],"product_cat":[39],"product_tag":[8,191],"class_list":{"0":"post-108","1":"product","2":"type-product","3":"status-publish","4":"has-post-thumbnail","6":"product_cat-infuser","7":"product_tag-accessoire","8":"product_tag-infuser-son-the","10":"first","11":"instock","12":"taxable","13":"shipping-taxable","14":"purchasable","15":"product-type-simple"},"yoast_head":"<!-- This site is optimized with the Yoast SEO plugin v27.4 - https:\/\/yoast.com\/product\/yoast-seo-wordpress\/ -->\n<title>Sac de th\u00e9 individuel (x100) - Le GentleCat - Teashop<\/title>\n<meta name=\"robots\" content=\"index, follow, max-snippet:-1, max-image-preview:large, max-video-preview:-1\" \/>\n<link rel=\"canonical\" href=\"https:\/\/legentlecat.fr\/shop\/index.php\/produit\/sac-de-the-individuel\/\" \/>\n<meta property=\"og:locale\" content=\"fr_FR\" \/>\n<meta property=\"og:type\" content=\"article\" \/>\n<meta property=\"og:title\" content=\"Sac de th\u00e9 individuel (x100) - Le GentleCat - Teashop\" \/>\n<meta property=\"og:description\" content=\"Ce petit sac de coton vous permet d&#039;infuser votre th\u00e9 dans l&#039;eau chaude ou froide. Il se referme sur lui m\u00eame comme une taie d&#039;oreiller (ce qui \u00e9vite qu&#039;il se d\u00e9chire comme certains sacs \u00e0 cordon). Tr\u00e8s simple d&#039;utilisation, il pr\u00e9sente quelques avantages par rapport \u00e0 une boule de th\u00e9 :    vous n&#039;avez pas besoin de l&#039;entretenir puisque \u00e9tant mono-usage il se jette une fois utilis\u00e9 (il est bien entendu biod\u00e9gradable)  vous pouvez infuser plusieurs th\u00e9s en m\u00eame temps lorsque vous recevez des amis ou de la famille et que chacun veut un th\u00e9 diff\u00e9rent  vous pouvez pr\u00e9parer des sacs \u00e0 l&#039;avance pour \u00eatre sur que lorsque vous n&#039;avez pas beaucoup de temps pour faire votre th\u00e9, l&#039;\u00e9tape du remplissage du sac ou de la boule \u00a0ne soit plus au programme  Ce petit sac est vendu par lot de 100 unit\u00e9s, de quoi tenir un petit moment avec un tout petit prix.\" \/>\n<meta property=\"og:url\" content=\"https:\/\/legentlecat.fr\/shop\/index.php\/produit\/sac-de-the-individuel\/\" \/>\n<meta property=\"og:site_name\" content=\"Le GentleCat - Teashop\" \/>\n<meta property=\"article:modified_time\" content=\"2024-08-09T18:26:05+00:00\" \/>\n<meta property=\"og:image\" content=\"https:\/\/i0.wp.com\/legentlecat.fr\/shop\/wp-content\/uploads\/2017\/03\/sac-th\u00e9-mono.png?fit=1500%2C1875&ssl=1\" \/>\n\t<meta property=\"og:image:width\" content=\"1500\" \/>\n\t<meta property=\"og:image:height\" content=\"1875\" \/>\n\t<meta property=\"og:image:type\" content=\"image\/png\" \/>\n<meta name=\"twitter:card\" content=\"summary_large_image\" \/>\n<script type=\"application\/ld+json\" class=\"yoast-schema-graph\">{\"@context\":\"https:\\\/\\\/schema.org\",\"@graph\":[{\"@type\":\"WebPage\",\"@id\":\"https:\\\/\\\/legentlecat.fr\\\/shop\\\/index.php\\\/produit\\\/sac-de-the-individuel\\\/\",\"url\":\"https:\\\/\\\/legentlecat.fr\\\/shop\\\/index.php\\\/produit\\\/sac-de-the-individuel\\\/\",\"name\":\"Sac de th\u00e9 individuel (x100) - Le GentleCat - Teashop\",\"isPartOf\":{\"@id\":\"https:\\\/\\\/legentlecat.fr\\\/shop\\\/#website\"},\"primaryImageOfPage\":{\"@id\":\"https:\\\/\\\/legentlecat.fr\\\/shop\\\/index.php\\\/produit\\\/sac-de-the-individuel\\\/#primaryimage\"},\"image\":{\"@id\":\"https:\\\/\\\/legentlecat.fr\\\/shop\\\/index.php\\\/produit\\\/sac-de-the-individuel\\\/#primaryimage\"},\"thumbnailUrl\":\"https:\\\/\\\/i0.wp.com\\\/legentlecat.fr\\\/shop\\\/wp-content\\\/uploads\\\/2017\\\/03\\\/sac-th%C3%A9-mono.png?fit=1500%2C1875&ssl=1\",\"datePublished\":\"2017-03-08T15:09:07+00:00\",\"dateModified\":\"2024-08-09T18:26:05+00:00\",\"breadcrumb\":{\"@id\":\"https:\\\/\\\/legentlecat.fr\\\/shop\\\/index.php\\\/produit\\\/sac-de-the-individuel\\\/#breadcrumb\"},\"inLanguage\":\"fr-FR\",\"potentialAction\":[{\"@type\":\"ReadAction\",\"target\":[\"https:\\\/\\\/legentlecat.fr\\\/shop\\\/index.php\\\/produit\\\/sac-de-the-individuel\\\/\"]}]},{\"@type\":\"ImageObject\",\"inLanguage\":\"fr-FR\",\"@id\":\"https:\\\/\\\/legentlecat.fr\\\/shop\\\/index.php\\\/produit\\\/sac-de-the-individuel\\\/#primaryimage\",\"url\":\"https:\\\/\\\/i0.wp.com\\\/legentlecat.fr\\\/shop\\\/wp-content\\\/uploads\\\/2017\\\/03\\\/sac-th%C3%A9-mono.png?fit=1500%2C1875&ssl=1\",\"contentUrl\":\"https:\\\/\\\/i0.wp.com\\\/legentlecat.fr\\\/shop\\\/wp-content\\\/uploads\\\/2017\\\/03\\\/sac-th%C3%A9-mono.png?fit=1500%2C1875&ssl=1\",\"width\":1500,\"height\":1875},{\"@type\":\"BreadcrumbList\",\"@id\":\"https:\\\/\\\/legentlecat.fr\\\/shop\\\/index.php\\\/produit\\\/sac-de-the-individuel\\\/#breadcrumb\",\"itemListElement\":[{\"@type\":\"ListItem\",\"position\":1,\"name\":\"Accueil\",\"item\":\"https:\\\/\\\/legentlecat.fr\\\/shop\\\/\"},{\"@type\":\"ListItem\",\"position\":2,\"name\":\"Shop\",\"item\":\"https:\\\/\\\/legentlecat.fr\\\/shop\\\/index.php\\\/shop\\\/\"},{\"@type\":\"ListItem\",\"position\":3,\"name\":\"Sac de th\u00e9 individuel (x100)\"}]},{\"@type\":\"WebSite\",\"@id\":\"https:\\\/\\\/legentlecat.fr\\\/shop\\\/#website\",\"url\":\"https:\\\/\\\/legentlecat.fr\\\/shop\\\/\",\"name\":\"Le GentleCat - Teashop\",\"description\":\"La boutique de th\u00e9 en ligne\",\"potentialAction\":[{\"@type\":\"SearchAction\",\"target\":{\"@type\":\"EntryPoint\",\"urlTemplate\":\"https:\\\/\\\/legentlecat.fr\\\/shop\\\/?s={search_term_string}\"},\"query-input\":{\"@type\":\"PropertyValueSpecification\",\"valueRequired\":true,\"valueName\":\"search_term_string\"}}],\"inLanguage\":\"fr-FR\"}]}<\/script>\n<!-- \/ Yoast SEO plugin. -->","yoast_head_json":{"title":"Sac de th\u00e9 individuel (x100) - Le GentleCat - Teashop","robots":{"index":"index","follow":"follow","max-snippet":"max-snippet:-1","max-image-preview":"max-image-preview:large","max-video-preview":"max-video-preview:-1"},"canonical":"https:\/\/legentlecat.fr\/shop\/index.php\/produit\/sac-de-the-individuel\/","og_locale":"fr_FR","og_type":"article","og_title":"Sac de th\u00e9 individuel (x100) - Le GentleCat - Teashop","og_description":"Ce petit sac de coton vous permet d'infuser votre th\u00e9 dans l'eau chaude ou froide. Il se referme sur lui m\u00eame comme une taie d'oreiller (ce qui \u00e9vite qu'il se d\u00e9chire comme certains sacs \u00e0 cordon). Tr\u00e8s simple d'utilisation, il pr\u00e9sente quelques avantages par rapport \u00e0 une boule de th\u00e9 :    vous n'avez pas besoin de l'entretenir puisque \u00e9tant mono-usage il se jette une fois utilis\u00e9 (il est bien entendu biod\u00e9gradable)  vous pouvez infuser plusieurs th\u00e9s en m\u00eame temps lorsque vous recevez des amis ou de la famille et que chacun veut un th\u00e9 diff\u00e9rent  vous pouvez pr\u00e9parer des sacs \u00e0 l'avance pour \u00eatre sur que lorsque vous n'avez pas beaucoup de temps pour faire votre th\u00e9, l'\u00e9tape du remplissage du sac ou de la boule \u00a0ne soit plus au programme  Ce petit sac est vendu par lot de 100 unit\u00e9s, de quoi tenir un petit moment avec un tout petit prix.","og_url":"https:\/\/legentlecat.fr\/shop\/index.php\/produit\/sac-de-the-individuel\/","og_site_name":"Le GentleCat - Teashop","article_modified_time":"2024-08-09T18:26:05+00:00","og_image":[{"width":1500,"height":1875,"url":"https:\/\/i0.wp.com\/legentlecat.fr\/shop\/wp-content\/uploads\/2017\/03\/sac-th\u00e9-mono.png?fit=1500%2C1875&ssl=1","type":"image\/png"}],"twitter_card":"summary_large_image","schema":{"@context":"https:\/\/schema.org","@graph":[{"@type":"WebPage","@id":"https:\/\/legentlecat.fr\/shop\/index.php\/produit\/sac-de-the-individuel\/","url":"https:\/\/legentlecat.fr\/shop\/index.php\/produit\/sac-de-the-individuel\/","name":"Sac de th\u00e9 individuel (x100) - Le GentleCat - Teashop","isPartOf":{"@id":"https:\/\/legentlecat.fr\/shop\/#website"},"primaryImageOfPage":{"@id":"https:\/\/legentlecat.fr\/shop\/index.php\/produit\/sac-de-the-individuel\/#primaryimage"},"image":{"@id":"https:\/\/legentlecat.fr\/shop\/index.php\/produit\/sac-de-the-individuel\/#primaryimage"},"thumbnailUrl":"https:\/\/i0.wp.com\/legentlecat.fr\/shop\/wp-content\/uploads\/2017\/03\/sac-th%C3%A9-mono.png?fit=1500%2C1875&ssl=1","datePublished":"2017-03-08T15:09:07+00:00","dateModified":"2024-08-09T18:26:05+00:00","breadcrumb":{"@id":"https:\/\/legentlecat.fr\/shop\/index.php\/produit\/sac-de-the-individuel\/#breadcrumb"},"inLanguage":"fr-FR","potentialAction":[{"@type":"ReadAction","target":["https:\/\/legentlecat.fr\/shop\/index.php\/produit\/sac-de-the-individuel\/"]}]},{"@type":"ImageObject","inLanguage":"fr-FR","@id":"https:\/\/legentlecat.fr\/shop\/index.php\/produit\/sac-de-the-individuel\/#primaryimage","url":"https:\/\/i0.wp.com\/legentlecat.fr\/shop\/wp-content\/uploads\/2017\/03\/sac-th%C3%A9-mono.png?fit=1500%2C1875&ssl=1","contentUrl":"https:\/\/i0.wp.com\/legentlecat.fr\/shop\/wp-content\/uploads\/2017\/03\/sac-th%C3%A9-mono.png?fit=1500%2C1875&ssl=1","width":1500,"height":1875},{"@type":"BreadcrumbList","@id":"https:\/\/legentlecat.fr\/shop\/index.php\/produit\/sac-de-the-individuel\/#breadcrumb","itemListElement":[{"@type":"ListItem","position":1,"name":"Accueil","item":"https:\/\/legentlecat.fr\/shop\/"},{"@type":"ListItem","position":2,"name":"Shop","item":"https:\/\/legentlecat.fr\/shop\/index.php\/shop\/"},{"@type":"ListItem","position":3,"name":"Sac de th\u00e9 individuel (x100)"}]},{"@type":"WebSite","@id":"https:\/\/legentlecat.fr\/shop\/#website","url":"https:\/\/legentlecat.fr\/shop\/","name":"Le GentleCat - Teashop","description":"La boutique de th\u00e9 en ligne","potentialAction":[{"@type":"SearchAction","target":{"@type":"EntryPoint","urlTemplate":"https:\/\/legentlecat.fr\/shop\/?s={search_term_string}"},"query-input":{"@type":"PropertyValueSpecification","valueRequired":true,"valueName":"search_term_string"}}],"inLanguage":"fr-FR"}]}},"jetpack_publicize_connections":[],"jetpack_sharing_enabled":true,"jetpack-related-posts":[{"id":92,"url":"https:\/\/legentlecat.fr\/shop\/index.php\/produit\/boule-a-the\/","url_meta":{"origin":108,"position":0},"title":"Boule \u00e0 th\u00e9","author":"Jimmy RIOT","date":"8 mars 2017","format":false,"excerpt":"Cette boule \u00e0 th\u00e9 vous permettra d'infuser vos th\u00e9s, dans une tasse ou dans une carafe. Elle est en acier \"inoxydable\". N\u00e9anmoins, notre grand usage de ce produit nous a permis de pouvoir dire qu'au bout d'une centaine d'infusion, m\u00eame bien entretenu, le tamis de cette boule finit par s'oxyder.\u2026","rel":"","context":"Article similaire","block_context":{"text":"Article similaire","link":""},"img":{"alt_text":"","src":"https:\/\/i0.wp.com\/legentlecat.fr\/shop\/wp-content\/uploads\/2017\/03\/boule-the.png?fit=960%2C1200&ssl=1&resize=350%2C200","width":350,"height":200,"srcset":"https:\/\/i0.wp.com\/legentlecat.fr\/shop\/wp-content\/uploads\/2017\/03\/boule-the.png?fit=960%2C1200&ssl=1&resize=350%2C200 1x, https:\/\/i0.wp.com\/legentlecat.fr\/shop\/wp-content\/uploads\/2017\/03\/boule-the.png?fit=960%2C1200&ssl=1&resize=525%2C300 1.5x, https:\/\/i0.wp.com\/legentlecat.fr\/shop\/wp-content\/uploads\/2017\/03\/boule-the.png?fit=960%2C1200&ssl=1&resize=700%2C400 2x"},"classes":[]},{"id":1699,"url":"https:\/\/legentlecat.fr\/shop\/index.php\/produit\/pu-erh-mini-tuo-chat\/","url_meta":{"origin":108,"position":1},"title":"Pu Erh Mini Tuo Cha","author":"Jimmy RIOT","date":"20 mars 2017","format":false,"excerpt":"Sac herm\u00e9tique de 100 g\u00a0-\u00a0Le Pu Erh Mini Tuo Chat est un bloc de th\u00e9 ferment\u00e9 en forme de nid d'oiseau emball\u00e9 dans une feuille de riz. Il est extr\u00eamement pratique \u00e0 transporter, \u00e0 doser et \u00e0 stocker. Sa consommation exige une premi\u00e8re infusion dite \"infusion de rin\u00e7age\", dans de\u2026","rel":"","context":"Article similaire","block_context":{"text":"Article similaire","link":""},"img":{"alt_text":"","src":"https:\/\/i0.wp.com\/legentlecat.fr\/shop\/wp-content\/uploads\/2017\/03\/Pic-pu-erh-mini-t-c.png?fit=960%2C1200&ssl=1&resize=350%2C200","width":350,"height":200,"srcset":"https:\/\/i0.wp.com\/legentlecat.fr\/shop\/wp-content\/uploads\/2017\/03\/Pic-pu-erh-mini-t-c.png?fit=960%2C1200&ssl=1&resize=350%2C200 1x, https:\/\/i0.wp.com\/legentlecat.fr\/shop\/wp-content\/uploads\/2017\/03\/Pic-pu-erh-mini-t-c.png?fit=960%2C1200&ssl=1&resize=525%2C300 1.5x, https:\/\/i0.wp.com\/legentlecat.fr\/shop\/wp-content\/uploads\/2017\/03\/Pic-pu-erh-mini-t-c.png?fit=960%2C1200&ssl=1&resize=700%2C400 2x"},"classes":[]},{"id":8770,"url":"https:\/\/legentlecat.fr\/shop\/index.php\/produit\/tote-bag-le-gentlecat\/","url_meta":{"origin":108,"position":2},"title":"Tote Bag Le GentleCat","author":"Jimmy RIOT","date":"18 novembre 2023","format":false,"excerpt":"A la recherche d'un sac discret pour embarquer un de nos chats en toute discr\u00e9tion lors de votre prochaine visite au GentleCat ? On a ce qu'il vous faut, et mieux encore, on a m\u00eame le choix du mod\u00e8le, le tout aux couleurs de notre \u00e9tablissement : noir, jaune ou\u2026","rel":"","context":"Article similaire","block_context":{"text":"Article similaire","link":""},"img":{"alt_text":"","src":"https:\/\/i0.wp.com\/legentlecat.fr\/shop\/wp-content\/uploads\/2023\/11\/ToteBagBlanc.jpg?fit=750%2C800&ssl=1&resize=350%2C200","width":350,"height":200,"srcset":"https:\/\/i0.wp.com\/legentlecat.fr\/shop\/wp-content\/uploads\/2023\/11\/ToteBagBlanc.jpg?fit=750%2C800&ssl=1&resize=350%2C200 1x, https:\/\/i0.wp.com\/legentlecat.fr\/shop\/wp-content\/uploads\/2023\/11\/ToteBagBlanc.jpg?fit=750%2C800&ssl=1&resize=525%2C300 1.5x, https:\/\/i0.wp.com\/legentlecat.fr\/shop\/wp-content\/uploads\/2023\/11\/ToteBagBlanc.jpg?fit=750%2C800&ssl=1&resize=700%2C400 2x"},"classes":[]},{"id":1826,"url":"https:\/\/legentlecat.fr\/shop\/index.php\/produit\/white-earl-grey\/","url_meta":{"origin":108,"position":3},"title":"White Earl Grey","author":"Jimmy RIOT","date":"20 mars 2017","format":false,"excerpt":"Sac herm\u00e9tique de 100 g - La saveur Earl Grey, trop souvent associ\u00e9e uniquement au th\u00e9 noir, se marie \u00e0 la perfection avec ce th\u00e9 blanc de haute qualit\u00e9 (du white monkey). A tout moment de la journ\u00e9e, vous pouvez vous d\u00e9lecter de la douce saveur de bergamote tout en\u2026","rel":"","context":"Article similaire","block_context":{"text":"Article similaire","link":""},"img":{"alt_text":"","src":"https:\/\/i0.wp.com\/legentlecat.fr\/shop\/wp-content\/uploads\/2017\/03\/pic-white-monkey2.png?fit=960%2C1200&ssl=1&resize=350%2C200","width":350,"height":200,"srcset":"https:\/\/i0.wp.com\/legentlecat.fr\/shop\/wp-content\/uploads\/2017\/03\/pic-white-monkey2.png?fit=960%2C1200&ssl=1&resize=350%2C200 1x, https:\/\/i0.wp.com\/legentlecat.fr\/shop\/wp-content\/uploads\/2017\/03\/pic-white-monkey2.png?fit=960%2C1200&ssl=1&resize=525%2C300 1.5x, https:\/\/i0.wp.com\/legentlecat.fr\/shop\/wp-content\/uploads\/2017\/03\/pic-white-monkey2.png?fit=960%2C1200&ssl=1&resize=700%2C400 2x"},"classes":[]},{"id":900,"url":"https:\/\/legentlecat.fr\/shop\/index.php\/produit\/captain-carrot-bio\/","url_meta":{"origin":108,"position":4},"title":"Captain Carrot BIO","author":"Jimmy RIOT","date":"19 mars 2017","format":false,"excerpt":"Sac herm\u00e9tique de 100 g\u00a0-\u00a0La tisane\u00a0de l\u00e9gume : elle offre une infusion plus originale que du th\u00e9 ou des fruits... Pour un cadeau ou pour d\u00e9couvrir de nouvelles saveurs, c'est un tr\u00e8s bon achat. Vous pouvez d\u00e9guster cette tisane au d\u00e9but ou \u00e0 la fin du repas, ou la consommer\u2026","rel":"","context":"Article similaire","block_context":{"text":"Article similaire","link":""},"img":{"alt_text":"","src":"https:\/\/i0.wp.com\/legentlecat.fr\/shop\/wp-content\/uploads\/2017\/03\/carotte.png?fit=960%2C1200&ssl=1&resize=350%2C200","width":350,"height":200,"srcset":"https:\/\/i0.wp.com\/legentlecat.fr\/shop\/wp-content\/uploads\/2017\/03\/carotte.png?fit=960%2C1200&ssl=1&resize=350%2C200 1x, https:\/\/i0.wp.com\/legentlecat.fr\/shop\/wp-content\/uploads\/2017\/03\/carotte.png?fit=960%2C1200&ssl=1&resize=525%2C300 1.5x, https:\/\/i0.wp.com\/legentlecat.fr\/shop\/wp-content\/uploads\/2017\/03\/carotte.png?fit=960%2C1200&ssl=1&resize=700%2C400 2x"},"classes":[]},{"id":921,"url":"https:\/\/legentlecat.fr\/shop\/index.php\/produit\/mon-ptit-chou-bio\/","url_meta":{"origin":108,"position":5},"title":"Mon Ptit Chou BIO","author":"Jimmy RIOT","date":"19 mars 2017","format":false,"excerpt":"Sac herm\u00e9tique de 100 g\u00a0-\u00a0La tisane\u00a0de l\u00e9gume : elle offre une infusion plus originale que du th\u00e9 ou des fruits... Pour un cadeau ou pour d\u00e9couvrir de nouvelles saveurs, c'est un tr\u00e8s bon achat. Vous pouvez d\u00e9guster cette tisane au d\u00e9but ou \u00e0 la fin du repas, ou la consommer\u2026","rel":"","context":"Article similaire","block_context":{"text":"Article similaire","link":""},"img":{"alt_text":"","src":"https:\/\/i0.wp.com\/legentlecat.fr\/shop\/wp-content\/uploads\/2017\/03\/chou.png?fit=960%2C1200&ssl=1&resize=350%2C200","width":350,"height":200,"srcset":"https:\/\/i0.wp.com\/legentlecat.fr\/shop\/wp-content\/uploads\/2017\/03\/chou.png?fit=960%2C1200&ssl=1&resize=350%2C200 1x, https:\/\/i0.wp.com\/legentlecat.fr\/shop\/wp-content\/uploads\/2017\/03\/chou.png?fit=960%2C1200&ssl=1&resize=525%2C300 1.5x, https:\/\/i0.wp.com\/legentlecat.fr\/shop\/wp-content\/uploads\/2017\/03\/chou.png?fit=960%2C1200&ssl=1&resize=700%2C400 2x"},"classes":[]}],"_links":{"self":[{"href":"https:\/\/legentlecat.fr\/shop\/index.php\/wp-json\/wp\/v2\/product\/108","targetHints":{"allow":["GET"]}}],"collection":[{"href":"https:\/\/legentlecat.fr\/shop\/index.php\/wp-json\/wp\/v2\/product"}],"about":[{"href":"https:\/\/legentlecat.fr\/shop\/index.php\/wp-json\/wp\/v2\/types\/product"}],"wp:featuredmedia":[{"embeddable":true,"href":"https:\/\/legentlecat.fr\/shop\/index.php\/wp-json\/wp\/v2\/media\/2364"}],"wp:attachment":[{"href":"https:\/\/legentlecat.fr\/shop\/index.php\/wp-json\/wp\/v2\/media?parent=108"}],"wp:term":[{"taxonomy":"product_brand","embeddable":true,"href":"https:\/\/legentlecat.fr\/shop\/index.php\/wp-json\/wp\/v2\/product_brand?post=108"},{"taxonomy":"product_cat","embeddable":true,"href":"https:\/\/legentlecat.fr\/shop\/index.php\/wp-json\/wp\/v2\/product_cat?post=108"},{"taxonomy":"product_tag","embeddable":true,"href":"https:\/\/legentlecat.fr\/shop\/index.php\/wp-json\/wp\/v2\/product_tag?post=108"}],"curies":[{"name":"wp","href":"https:\/\/api.w.org\/{rel}","templated":true}]}}