{"id":1027,"date":"2017-03-19T20:15:08","date_gmt":"2017-03-19T19:15:08","guid":{"rendered":"http:\/\/legentlecat.fr\/comptoir-a-thes\/produit\/minceur-venus-agrume-bio\/"},"modified":"2022-12-02T13:40:11","modified_gmt":"2022-12-02T12:40:11","slug":"minceur-venus-agrume-bio","status":"publish","type":"product","link":"https:\/\/legentlecat.fr\/shop\/index.php\/produit\/minceur-venus-agrume-bio\/","title":{"rendered":"Minceur V\u00e9nus Agrume BIO"},"content":{"rendered":"","protected":false},"excerpt":{"rendered":"<p style=\"text-align: justify;\"><strong><img loading=\"lazy\" decoding=\"async\" class=\"size-full wp-image-2292 aligncenter\" src=\"http:\/\/legentlecat.fr\/shop\/wp-content\/uploads\/2017\/03\/aphrodite.jpg\" alt=\"\" width=\"250\" height=\"77\" \/><\/strong><\/p>\n<p style=\"text-align: justify;\"><strong>Sac herm\u00e9tique de 100 g\u00a0&#8211;\u00a0Le th\u00e9 minceur :<\/strong> La mat\u00e9 est particuli\u00e8rement consomm\u00e9 dans les pays d&rsquo;Am\u00e9rique du Sud. Son infusion tr\u00e8s riche en th\u00e9ine, sa forte teneur en antioxydant, son effet coupe faim et sa capacit\u00e9 \u00e0 br\u00fbler les graisses en font une base parfaite pour les th\u00e9s \u00ab\u00a0minceur\u00a0\u00bb, la boisson id\u00e9ale pour accompagner votre p\u00e9riode de r\u00e9gime.<\/p>\n<p style=\"text-align: justify;\"><strong>Ce th\u00e9 pr\u00e9cis\u00e9ment :<\/strong>\u00a0Ce th\u00e9 est un pur concentr\u00e9 de minceur. Tout y est pens\u00e9 pour lui donner un maximum de vertus amincissantes. Le rooibos y est tr\u00e8s pr\u00e9sent pour adoucir le go\u00fbt de ce cocktail d\u00e9tonnant \u00e0 la saveur d&rsquo;orange.<\/p>\n<p style=\"text-align: justify;\"><strong>Saveur :<\/strong> fruit\u00e9e<\/p>\n<p style=\"text-align: justify;\"><strong>Composition :<\/strong>\u00a0rooibos, mat\u00e9 vert, \u00e9corce d&rsquo;orange, morceau de gingembre, r\u00e9glisse, fenouil, ar\u00f4me naturel, cardamome<\/p>\n","protected":false},"featured_media":2294,"template":"","meta":{"jetpack_publicize_message":"","jetpack_publicize_feature_enabled":true,"jetpack_social_post_already_shared":false,"jetpack_social_options":{"image_generator_settings":{"template":"highway","default_image_id":0,"font":"","enabled":false},"version":2}},"product_brand":[],"product_cat":[79,84,45],"product_tag":[107,152,104,164,101,134,29,100,160],"class_list":{"0":"post-1027","1":"product","2":"type-product","3":"status-publish","4":"has-post-thumbnail","6":"product_cat-fruitee","7":"product_cat-bio","8":"product_cat-the-minceur","9":"product_tag-cardamome","10":"product_tag-fenouil","11":"product_tag-gingembre","12":"product_tag-mate-vert","13":"product_tag-orange","14":"product_tag-reglisse","15":"product_tag-rooibos","16":"product_tag-saveur-fruitee","17":"product_tag-the-minceur","19":"first","20":"instock","21":"taxable","22":"shipping-taxable","23":"purchasable","24":"product-type-simple"},"yoast_head":"<!-- This site is optimized with the Yoast SEO plugin v27.6 - https:\/\/yoast.com\/product\/yoast-seo-wordpress\/ -->\n<title>Minceur V\u00e9nus Agrume BIO - Le GentleCat - Teashop<\/title>\n<meta name=\"robots\" content=\"index, follow, max-snippet:-1, max-image-preview:large, max-video-preview:-1\" \/>\n<link rel=\"canonical\" href=\"https:\/\/legentlecat.fr\/shop\/index.php\/produit\/minceur-venus-agrume-bio\/\" \/>\n<meta property=\"og:locale\" content=\"fr_FR\" \/>\n<meta property=\"og:type\" content=\"article\" \/>\n<meta property=\"og:title\" content=\"Minceur V\u00e9nus Agrume BIO - Le GentleCat - Teashop\" \/>\n<meta property=\"og:description\" content=\"Sac herm\u00e9tique de 100 g\u00a0-\u00a0Le th\u00e9 minceur : La mat\u00e9 est particuli\u00e8rement consomm\u00e9 dans les pays d&#039;Am\u00e9rique du Sud. Son infusion tr\u00e8s riche en th\u00e9ine, sa forte teneur en antioxydant, son effet coupe faim et sa capacit\u00e9 \u00e0 br\u00fbler les graisses en font une base parfaite pour les th\u00e9s &quot;minceur&quot;, la boisson id\u00e9ale pour accompagner votre p\u00e9riode de r\u00e9gime. Ce th\u00e9 pr\u00e9cis\u00e9ment :\u00a0Ce th\u00e9 est un pur concentr\u00e9 de minceur. Tout y est pens\u00e9 pour lui donner un maximum de vertus amincissantes. Le rooibos y est tr\u00e8s pr\u00e9sent pour adoucir le go\u00fbt de ce cocktail d\u00e9tonnant \u00e0 la saveur d&#039;orange. Saveur : fruit\u00e9e Composition :\u00a0rooibos, mat\u00e9 vert, \u00e9corce d&#039;orange, morceau de gingembre, r\u00e9glisse, fenouil, ar\u00f4me naturel, cardamome\" \/>\n<meta property=\"og:url\" content=\"https:\/\/legentlecat.fr\/shop\/index.php\/produit\/minceur-venus-agrume-bio\/\" \/>\n<meta property=\"og:site_name\" content=\"Le GentleCat - Teashop\" \/>\n<meta property=\"article:modified_time\" content=\"2022-12-02T12:40:11+00:00\" \/>\n<meta property=\"og:image\" content=\"https:\/\/legentlecat.fr\/shop\/wp-content\/uploads\/2017\/03\/venus-819x1024.png\" \/>\n\t<meta property=\"og:image:width\" content=\"819\" \/>\n\t<meta property=\"og:image:height\" content=\"1024\" \/>\n\t<meta property=\"og:image:type\" content=\"image\/png\" \/>\n<meta name=\"twitter:card\" content=\"summary_large_image\" \/>\n<script type=\"application\/ld+json\" class=\"yoast-schema-graph\">{\"@context\":\"https:\\\/\\\/schema.org\",\"@graph\":[{\"@type\":\"WebPage\",\"@id\":\"https:\\\/\\\/legentlecat.fr\\\/shop\\\/index.php\\\/produit\\\/minceur-venus-agrume-bio\\\/\",\"url\":\"https:\\\/\\\/legentlecat.fr\\\/shop\\\/index.php\\\/produit\\\/minceur-venus-agrume-bio\\\/\",\"name\":\"Minceur V\u00e9nus Agrume BIO - Le GentleCat - Teashop\",\"isPartOf\":{\"@id\":\"https:\\\/\\\/legentlecat.fr\\\/shop\\\/#website\"},\"primaryImageOfPage\":{\"@id\":\"https:\\\/\\\/legentlecat.fr\\\/shop\\\/index.php\\\/produit\\\/minceur-venus-agrume-bio\\\/#primaryimage\"},\"image\":{\"@id\":\"https:\\\/\\\/legentlecat.fr\\\/shop\\\/index.php\\\/produit\\\/minceur-venus-agrume-bio\\\/#primaryimage\"},\"thumbnailUrl\":\"https:\\\/\\\/i0.wp.com\\\/legentlecat.fr\\\/shop\\\/wp-content\\\/uploads\\\/2017\\\/03\\\/venus.png?fit=1500%2C1875&ssl=1\",\"datePublished\":\"2017-03-19T19:15:08+00:00\",\"dateModified\":\"2022-12-02T12:40:11+00:00\",\"breadcrumb\":{\"@id\":\"https:\\\/\\\/legentlecat.fr\\\/shop\\\/index.php\\\/produit\\\/minceur-venus-agrume-bio\\\/#breadcrumb\"},\"inLanguage\":\"fr-FR\",\"potentialAction\":[{\"@type\":\"ReadAction\",\"target\":[\"https:\\\/\\\/legentlecat.fr\\\/shop\\\/index.php\\\/produit\\\/minceur-venus-agrume-bio\\\/\"]}]},{\"@type\":\"ImageObject\",\"inLanguage\":\"fr-FR\",\"@id\":\"https:\\\/\\\/legentlecat.fr\\\/shop\\\/index.php\\\/produit\\\/minceur-venus-agrume-bio\\\/#primaryimage\",\"url\":\"https:\\\/\\\/i0.wp.com\\\/legentlecat.fr\\\/shop\\\/wp-content\\\/uploads\\\/2017\\\/03\\\/venus.png?fit=1500%2C1875&ssl=1\",\"contentUrl\":\"https:\\\/\\\/i0.wp.com\\\/legentlecat.fr\\\/shop\\\/wp-content\\\/uploads\\\/2017\\\/03\\\/venus.png?fit=1500%2C1875&ssl=1\",\"width\":1500,\"height\":1875},{\"@type\":\"BreadcrumbList\",\"@id\":\"https:\\\/\\\/legentlecat.fr\\\/shop\\\/index.php\\\/produit\\\/minceur-venus-agrume-bio\\\/#breadcrumb\",\"itemListElement\":[{\"@type\":\"ListItem\",\"position\":1,\"name\":\"Accueil\",\"item\":\"https:\\\/\\\/legentlecat.fr\\\/shop\\\/\"},{\"@type\":\"ListItem\",\"position\":2,\"name\":\"Shop\",\"item\":\"https:\\\/\\\/legentlecat.fr\\\/shop\\\/index.php\\\/shop\\\/\"},{\"@type\":\"ListItem\",\"position\":3,\"name\":\"Minceur V\u00e9nus Agrume BIO\"}]},{\"@type\":\"WebSite\",\"@id\":\"https:\\\/\\\/legentlecat.fr\\\/shop\\\/#website\",\"url\":\"https:\\\/\\\/legentlecat.fr\\\/shop\\\/\",\"name\":\"Le GentleCat - Teashop\",\"description\":\"La boutique de th\u00e9 en ligne\",\"potentialAction\":[{\"@type\":\"SearchAction\",\"target\":{\"@type\":\"EntryPoint\",\"urlTemplate\":\"https:\\\/\\\/legentlecat.fr\\\/shop\\\/?s={search_term_string}\"},\"query-input\":{\"@type\":\"PropertyValueSpecification\",\"valueRequired\":true,\"valueName\":\"search_term_string\"}}],\"inLanguage\":\"fr-FR\"}]}<\/script>\n<!-- \/ Yoast SEO plugin. -->","yoast_head_json":{"title":"Minceur V\u00e9nus Agrume BIO - Le GentleCat - Teashop","robots":{"index":"index","follow":"follow","max-snippet":"max-snippet:-1","max-image-preview":"max-image-preview:large","max-video-preview":"max-video-preview:-1"},"canonical":"https:\/\/legentlecat.fr\/shop\/index.php\/produit\/minceur-venus-agrume-bio\/","og_locale":"fr_FR","og_type":"article","og_title":"Minceur V\u00e9nus Agrume BIO - Le GentleCat - Teashop","og_description":"Sac herm\u00e9tique de 100 g\u00a0-\u00a0Le th\u00e9 minceur : La mat\u00e9 est particuli\u00e8rement consomm\u00e9 dans les pays d'Am\u00e9rique du Sud. Son infusion tr\u00e8s riche en th\u00e9ine, sa forte teneur en antioxydant, son effet coupe faim et sa capacit\u00e9 \u00e0 br\u00fbler les graisses en font une base parfaite pour les th\u00e9s \"minceur\", la boisson id\u00e9ale pour accompagner votre p\u00e9riode de r\u00e9gime. Ce th\u00e9 pr\u00e9cis\u00e9ment :\u00a0Ce th\u00e9 est un pur concentr\u00e9 de minceur. Tout y est pens\u00e9 pour lui donner un maximum de vertus amincissantes. Le rooibos y est tr\u00e8s pr\u00e9sent pour adoucir le go\u00fbt de ce cocktail d\u00e9tonnant \u00e0 la saveur d'orange. Saveur : fruit\u00e9e Composition :\u00a0rooibos, mat\u00e9 vert, \u00e9corce d'orange, morceau de gingembre, r\u00e9glisse, fenouil, ar\u00f4me naturel, cardamome","og_url":"https:\/\/legentlecat.fr\/shop\/index.php\/produit\/minceur-venus-agrume-bio\/","og_site_name":"Le GentleCat - Teashop","article_modified_time":"2022-12-02T12:40:11+00:00","og_image":[{"width":819,"height":1024,"url":"https:\/\/legentlecat.fr\/shop\/wp-content\/uploads\/2017\/03\/venus-819x1024.png","type":"image\/png"}],"twitter_card":"summary_large_image","schema":{"@context":"https:\/\/schema.org","@graph":[{"@type":"WebPage","@id":"https:\/\/legentlecat.fr\/shop\/index.php\/produit\/minceur-venus-agrume-bio\/","url":"https:\/\/legentlecat.fr\/shop\/index.php\/produit\/minceur-venus-agrume-bio\/","name":"Minceur V\u00e9nus Agrume BIO - Le GentleCat - Teashop","isPartOf":{"@id":"https:\/\/legentlecat.fr\/shop\/#website"},"primaryImageOfPage":{"@id":"https:\/\/legentlecat.fr\/shop\/index.php\/produit\/minceur-venus-agrume-bio\/#primaryimage"},"image":{"@id":"https:\/\/legentlecat.fr\/shop\/index.php\/produit\/minceur-venus-agrume-bio\/#primaryimage"},"thumbnailUrl":"https:\/\/i0.wp.com\/legentlecat.fr\/shop\/wp-content\/uploads\/2017\/03\/venus.png?fit=1500%2C1875&ssl=1","datePublished":"2017-03-19T19:15:08+00:00","dateModified":"2022-12-02T12:40:11+00:00","breadcrumb":{"@id":"https:\/\/legentlecat.fr\/shop\/index.php\/produit\/minceur-venus-agrume-bio\/#breadcrumb"},"inLanguage":"fr-FR","potentialAction":[{"@type":"ReadAction","target":["https:\/\/legentlecat.fr\/shop\/index.php\/produit\/minceur-venus-agrume-bio\/"]}]},{"@type":"ImageObject","inLanguage":"fr-FR","@id":"https:\/\/legentlecat.fr\/shop\/index.php\/produit\/minceur-venus-agrume-bio\/#primaryimage","url":"https:\/\/i0.wp.com\/legentlecat.fr\/shop\/wp-content\/uploads\/2017\/03\/venus.png?fit=1500%2C1875&ssl=1","contentUrl":"https:\/\/i0.wp.com\/legentlecat.fr\/shop\/wp-content\/uploads\/2017\/03\/venus.png?fit=1500%2C1875&ssl=1","width":1500,"height":1875},{"@type":"BreadcrumbList","@id":"https:\/\/legentlecat.fr\/shop\/index.php\/produit\/minceur-venus-agrume-bio\/#breadcrumb","itemListElement":[{"@type":"ListItem","position":1,"name":"Accueil","item":"https:\/\/legentlecat.fr\/shop\/"},{"@type":"ListItem","position":2,"name":"Shop","item":"https:\/\/legentlecat.fr\/shop\/index.php\/shop\/"},{"@type":"ListItem","position":3,"name":"Minceur V\u00e9nus Agrume BIO"}]},{"@type":"WebSite","@id":"https:\/\/legentlecat.fr\/shop\/#website","url":"https:\/\/legentlecat.fr\/shop\/","name":"Le GentleCat - Teashop","description":"La boutique de th\u00e9 en ligne","potentialAction":[{"@type":"SearchAction","target":{"@type":"EntryPoint","urlTemplate":"https:\/\/legentlecat.fr\/shop\/?s={search_term_string}"},"query-input":{"@type":"PropertyValueSpecification","valueRequired":true,"valueName":"search_term_string"}}],"inLanguage":"fr-FR"}]}},"jetpack_publicize_connections":[],"jetpack_sharing_enabled":true,"jetpack-related-posts":[{"id":984,"url":"https:\/\/legentlecat.fr\/shop\/index.php\/produit\/minceur-mbaba-bio\/","url_meta":{"origin":1027,"position":0},"title":"Minceur Mbaba BIO","author":"Jimmy RIOT","date":"19 mars 2017","format":false,"excerpt":"Sac herm\u00e9tique de 100 g\u00a0-\u00a0Le th\u00e9 minceur : La mat\u00e9 est particuli\u00e8rement consomm\u00e9 dans les pays d'Am\u00e9rique du Sud. Son infusion tr\u00e8s riche en th\u00e9ine, sa forte teneur en antioxydant, son effet coupe faim et sa capacit\u00e9 \u00e0 br\u00fbler les graisses en font une base parfaite pour les th\u00e9s \"minceur\",\u2026","rel":"","context":"Article similaire","block_context":{"text":"Article similaire","link":""},"img":{"alt_text":"","src":"https:\/\/i0.wp.com\/legentlecat.fr\/shop\/wp-content\/uploads\/2017\/03\/mbaba.png?fit=960%2C1200&ssl=1&resize=350%2C200","width":350,"height":200,"srcset":"https:\/\/i0.wp.com\/legentlecat.fr\/shop\/wp-content\/uploads\/2017\/03\/mbaba.png?fit=960%2C1200&ssl=1&resize=350%2C200 1x, https:\/\/i0.wp.com\/legentlecat.fr\/shop\/wp-content\/uploads\/2017\/03\/mbaba.png?fit=960%2C1200&ssl=1&resize=525%2C300 1.5x, https:\/\/i0.wp.com\/legentlecat.fr\/shop\/wp-content\/uploads\/2017\/03\/mbaba.png?fit=960%2C1200&ssl=1&resize=700%2C400 2x"},"classes":[]},{"id":1006,"url":"https:\/\/legentlecat.fr\/shop\/index.php\/produit\/minceur-gingy-pampi-bio\/","url_meta":{"origin":1027,"position":1},"title":"Minceur Gingy Pampi BIO","author":"Jimmy RIOT","date":"19 mars 2017","format":false,"excerpt":"Sac herm\u00e9tique de 100 g\u00a0-\u00a0Le th\u00e9 minceur : La mat\u00e9 est particuli\u00e8rement consomm\u00e9 dans les pays d'Am\u00e9rique du Sud. Son infusion tr\u00e8s riche en th\u00e9ine, sa forte teneur en antioxydant, son effet coupe faim et sa capacit\u00e9 \u00e0 br\u00fbler les graisses en font une base parfaite pour les th\u00e9s \"minceur\",\u2026","rel":"","context":"Article similaire","block_context":{"text":"Article similaire","link":""},"img":{"alt_text":"","src":"https:\/\/i0.wp.com\/legentlecat.fr\/shop\/wp-content\/uploads\/2017\/03\/gingy-pampi.png?fit=960%2C1200&ssl=1&resize=350%2C200","width":350,"height":200,"srcset":"https:\/\/i0.wp.com\/legentlecat.fr\/shop\/wp-content\/uploads\/2017\/03\/gingy-pampi.png?fit=960%2C1200&ssl=1&resize=350%2C200 1x, https:\/\/i0.wp.com\/legentlecat.fr\/shop\/wp-content\/uploads\/2017\/03\/gingy-pampi.png?fit=960%2C1200&ssl=1&resize=525%2C300 1.5x, https:\/\/i0.wp.com\/legentlecat.fr\/shop\/wp-content\/uploads\/2017\/03\/gingy-pampi.png?fit=960%2C1200&ssl=1&resize=700%2C400 2x"},"classes":[]},{"id":963,"url":"https:\/\/legentlecat.fr\/shop\/index.php\/produit\/minceur-aphrodite-bio\/","url_meta":{"origin":1027,"position":2},"title":"Minceur Aphrodite BIO","author":"Jimmy RIOT","date":"19 mars 2017","format":false,"excerpt":"Sac herm\u00e9tique de 100 g\u00a0-\u00a0Le th\u00e9 minceur : La mat\u00e9 est particuli\u00e8rement consomm\u00e9 dans les pays d'Am\u00e9rique du Sud. Son infusion tr\u00e8s riche en th\u00e9ine, sa forte teneur en antioxydant, son effet coupe faim et sa capacit\u00e9 \u00e0 br\u00fbler les graisses en font une base parfaite pour les th\u00e9s \"minceur\",\u2026","rel":"","context":"Article similaire","block_context":{"text":"Article similaire","link":""},"img":{"alt_text":"","src":"https:\/\/i0.wp.com\/legentlecat.fr\/shop\/wp-content\/uploads\/2017\/03\/aphrodite.png?fit=960%2C1200&ssl=1&resize=350%2C200","width":350,"height":200,"srcset":"https:\/\/i0.wp.com\/legentlecat.fr\/shop\/wp-content\/uploads\/2017\/03\/aphrodite.png?fit=960%2C1200&ssl=1&resize=350%2C200 1x, https:\/\/i0.wp.com\/legentlecat.fr\/shop\/wp-content\/uploads\/2017\/03\/aphrodite.png?fit=960%2C1200&ssl=1&resize=525%2C300 1.5x, https:\/\/i0.wp.com\/legentlecat.fr\/shop\/wp-content\/uploads\/2017\/03\/aphrodite.png?fit=960%2C1200&ssl=1&resize=700%2C400 2x"},"classes":[]},{"id":1048,"url":"https:\/\/legentlecat.fr\/shop\/index.php\/produit\/minceur-limette-pampi-bio\/","url_meta":{"origin":1027,"position":3},"title":"Minceur Limette Pampi BIO","author":"Jimmy RIOT","date":"19 mars 2017","format":false,"excerpt":"Sac herm\u00e9tique de 100 g\u00a0-\u00a0Le th\u00e9 minceur : La mat\u00e9 est particuli\u00e8rement consomm\u00e9 dans les pays d'Am\u00e9rique du Sud. Son infusion tr\u00e8s riche en th\u00e9ine, sa forte teneur en antioxydant, son effet coupe faim et sa capacit\u00e9 \u00e0 br\u00fbler les graisses en font une base parfaite pour les th\u00e9s \"minceur\",\u2026","rel":"","context":"Article similaire","block_context":{"text":"Article similaire","link":""},"img":{"alt_text":"","src":"https:\/\/i0.wp.com\/legentlecat.fr\/shop\/wp-content\/uploads\/2017\/03\/limette-pampi.png?fit=960%2C1200&ssl=1&resize=350%2C200","width":350,"height":200,"srcset":"https:\/\/i0.wp.com\/legentlecat.fr\/shop\/wp-content\/uploads\/2017\/03\/limette-pampi.png?fit=960%2C1200&ssl=1&resize=350%2C200 1x, https:\/\/i0.wp.com\/legentlecat.fr\/shop\/wp-content\/uploads\/2017\/03\/limette-pampi.png?fit=960%2C1200&ssl=1&resize=525%2C300 1.5x, https:\/\/i0.wp.com\/legentlecat.fr\/shop\/wp-content\/uploads\/2017\/03\/limette-pampi.png?fit=960%2C1200&ssl=1&resize=700%2C400 2x"},"classes":[]}],"_links":{"self":[{"href":"https:\/\/legentlecat.fr\/shop\/index.php\/wp-json\/wp\/v2\/product\/1027","targetHints":{"allow":["GET"]}}],"collection":[{"href":"https:\/\/legentlecat.fr\/shop\/index.php\/wp-json\/wp\/v2\/product"}],"about":[{"href":"https:\/\/legentlecat.fr\/shop\/index.php\/wp-json\/wp\/v2\/types\/product"}],"wp:featuredmedia":[{"embeddable":true,"href":"https:\/\/legentlecat.fr\/shop\/index.php\/wp-json\/wp\/v2\/media\/2294"}],"wp:attachment":[{"href":"https:\/\/legentlecat.fr\/shop\/index.php\/wp-json\/wp\/v2\/media?parent=1027"}],"wp:term":[{"taxonomy":"product_brand","embeddable":true,"href":"https:\/\/legentlecat.fr\/shop\/index.php\/wp-json\/wp\/v2\/product_brand?post=1027"},{"taxonomy":"product_cat","embeddable":true,"href":"https:\/\/legentlecat.fr\/shop\/index.php\/wp-json\/wp\/v2\/product_cat?post=1027"},{"taxonomy":"product_tag","embeddable":true,"href":"https:\/\/legentlecat.fr\/shop\/index.php\/wp-json\/wp\/v2\/product_tag?post=1027"}],"curies":[{"name":"wp","href":"https:\/\/api.w.org\/{rel}","templated":true}]}}