{"id":1006,"date":"2017-03-19T20:10:37","date_gmt":"2017-03-19T19:10:37","guid":{"rendered":"http:\/\/legentlecat.fr\/comptoir-a-thes\/produit\/minceur-gingy-pampi-bio\/"},"modified":"2022-12-02T13:31:30","modified_gmt":"2022-12-02T12:31:30","slug":"minceur-gingy-pampi-bio","status":"publish","type":"product","link":"https:\/\/legentlecat.fr\/shop\/index.php\/produit\/minceur-gingy-pampi-bio\/","title":{"rendered":"Minceur Gingy Pampi BIO"},"content":{"rendered":"","protected":false},"excerpt":{"rendered":"<p style=\"text-align: justify;\"><strong><img loading=\"lazy\" decoding=\"async\" class=\"size-full wp-image-2292 aligncenter\" src=\"http:\/\/legentlecat.fr\/shop\/wp-content\/uploads\/2017\/03\/aphrodite.jpg\" alt=\"\" width=\"250\" height=\"77\" \/><\/strong><\/p>\n<p style=\"text-align: justify;\"><strong>Sac herm\u00e9tique de 100 g\u00a0&#8211;\u00a0Le th\u00e9 minceur :<\/strong> La mat\u00e9 est particuli\u00e8rement consomm\u00e9 dans les pays d&rsquo;Am\u00e9rique du Sud. Son infusion tr\u00e8s riche en th\u00e9ine, sa forte teneur en antioxydant, son effet coupe faim et sa capacit\u00e9 \u00e0 br\u00fbler les graisses en font une base parfaite pour les th\u00e9s \u00ab\u00a0minceur\u00a0\u00bb, la boisson id\u00e9ale pour accompagner votre p\u00e9riode de r\u00e9gime.<\/p>\n<p style=\"text-align: justify;\"><strong>Ce th\u00e9 pr\u00e9cis\u00e9ment :<\/strong>\u00a0Ce th\u00e9 minceur est parfum\u00e9 au pamplemousse et au gingembre. Il est tr\u00e8s rafra\u00eechissant et se d\u00e9guste aussi bien chaud que froid. Le rooibos vert soutient le c\u00f4t\u00e9 acidul\u00e9 du pamplemousse.<\/p>\n<p style=\"text-align: justify;\"><strong>Saveur :<\/strong> fruit\u00e9e, \u00e9pic\u00e9e<\/p>\n<p style=\"text-align: justify;\"><strong>Composition :\u00a0<\/strong>mat\u00e9 vert, th\u00e9 vert Chun Mee, Daarjeling vert, Th\u00e9 blanc Pai Mu Tan, Oolong de chine, morceaux de gingembre, rooibos vert, herbe de tulsi, feuille d&rsquo;ortie, feuille de pissenlit, ar\u00f4me naturel, baies d&rsquo;ac\u00e9rola, feuille de murier, p\u00e9tales de rose<\/p>\n","protected":false},"featured_media":2296,"template":"","meta":{"jetpack_publicize_message":"","jetpack_publicize_feature_enabled":true,"jetpack_social_post_already_shared":false,"jetpack_social_options":{"image_generator_settings":{"template":"highway","default_image_id":0,"font":"","enabled":false},"version":2}},"product_brand":[],"product_cat":[80,79,84,45],"product_tag":[166,104,161,165,127,99,100,110,160],"class_list":{"0":"post-1006","1":"product","2":"type-product","3":"status-publish","4":"has-post-thumbnail","6":"product_cat-epicee","7":"product_cat-fruitee","8":"product_cat-bio","9":"product_cat-the-minceur","10":"product_tag-acerola","11":"product_tag-gingembre","12":"product_tag-ortie","13":"product_tag-pissenlit","14":"product_tag-rose","15":"product_tag-saveur-epicee","16":"product_tag-saveur-fruitee","17":"product_tag-the-glace","18":"product_tag-the-minceur","20":"first","21":"instock","22":"taxable","23":"shipping-taxable","24":"purchasable","25":"product-type-simple"},"yoast_head":"<!-- This site is optimized with the Yoast SEO plugin v27.5 - https:\/\/yoast.com\/product\/yoast-seo-wordpress\/ -->\n<title>Minceur Gingy Pampi BIO - Le GentleCat - Teashop<\/title>\n<meta name=\"robots\" content=\"index, follow, max-snippet:-1, max-image-preview:large, max-video-preview:-1\" \/>\n<link rel=\"canonical\" href=\"https:\/\/legentlecat.fr\/shop\/index.php\/produit\/minceur-gingy-pampi-bio\/\" \/>\n<meta property=\"og:locale\" content=\"fr_FR\" \/>\n<meta property=\"og:type\" content=\"article\" \/>\n<meta property=\"og:title\" content=\"Minceur Gingy Pampi BIO - Le GentleCat - Teashop\" \/>\n<meta property=\"og:description\" content=\"Sac herm\u00e9tique de 100 g\u00a0-\u00a0Le th\u00e9 minceur : La mat\u00e9 est particuli\u00e8rement consomm\u00e9 dans les pays d&#039;Am\u00e9rique du Sud. Son infusion tr\u00e8s riche en th\u00e9ine, sa forte teneur en antioxydant, son effet coupe faim et sa capacit\u00e9 \u00e0 br\u00fbler les graisses en font une base parfaite pour les th\u00e9s &quot;minceur&quot;, la boisson id\u00e9ale pour accompagner votre p\u00e9riode de r\u00e9gime. Ce th\u00e9 pr\u00e9cis\u00e9ment :\u00a0Ce th\u00e9 minceur est parfum\u00e9 au pamplemousse et au gingembre. Il est tr\u00e8s rafra\u00eechissant et se d\u00e9guste aussi bien chaud que froid. Le rooibos vert soutient le c\u00f4t\u00e9 acidul\u00e9 du pamplemousse. Saveur : fruit\u00e9e, \u00e9pic\u00e9e Composition :\u00a0mat\u00e9 vert, th\u00e9 vert Chun Mee, Daarjeling vert, Th\u00e9 blanc Pai Mu Tan, Oolong de chine, morceaux de gingembre, rooibos vert, herbe de tulsi, feuille d&#039;ortie, feuille de pissenlit, ar\u00f4me naturel, baies d&#039;ac\u00e9rola, feuille de murier, p\u00e9tales de rose\" \/>\n<meta property=\"og:url\" content=\"https:\/\/legentlecat.fr\/shop\/index.php\/produit\/minceur-gingy-pampi-bio\/\" \/>\n<meta property=\"og:site_name\" content=\"Le GentleCat - Teashop\" \/>\n<meta property=\"article:modified_time\" content=\"2022-12-02T12:31:30+00:00\" \/>\n<meta property=\"og:image\" content=\"https:\/\/legentlecat.fr\/shop\/wp-content\/uploads\/2017\/03\/gingy-pampi-819x1024.png\" \/>\n\t<meta property=\"og:image:width\" content=\"819\" \/>\n\t<meta property=\"og:image:height\" content=\"1024\" \/>\n\t<meta property=\"og:image:type\" content=\"image\/png\" \/>\n<meta name=\"twitter:card\" content=\"summary_large_image\" \/>\n<script type=\"application\/ld+json\" class=\"yoast-schema-graph\">{\"@context\":\"https:\\\/\\\/schema.org\",\"@graph\":[{\"@type\":\"WebPage\",\"@id\":\"https:\\\/\\\/legentlecat.fr\\\/shop\\\/index.php\\\/produit\\\/minceur-gingy-pampi-bio\\\/\",\"url\":\"https:\\\/\\\/legentlecat.fr\\\/shop\\\/index.php\\\/produit\\\/minceur-gingy-pampi-bio\\\/\",\"name\":\"Minceur Gingy Pampi BIO - Le GentleCat - Teashop\",\"isPartOf\":{\"@id\":\"https:\\\/\\\/legentlecat.fr\\\/shop\\\/#website\"},\"primaryImageOfPage\":{\"@id\":\"https:\\\/\\\/legentlecat.fr\\\/shop\\\/index.php\\\/produit\\\/minceur-gingy-pampi-bio\\\/#primaryimage\"},\"image\":{\"@id\":\"https:\\\/\\\/legentlecat.fr\\\/shop\\\/index.php\\\/produit\\\/minceur-gingy-pampi-bio\\\/#primaryimage\"},\"thumbnailUrl\":\"https:\\\/\\\/i0.wp.com\\\/legentlecat.fr\\\/shop\\\/wp-content\\\/uploads\\\/2017\\\/03\\\/gingy-pampi.png?fit=1500%2C1875&ssl=1\",\"datePublished\":\"2017-03-19T19:10:37+00:00\",\"dateModified\":\"2022-12-02T12:31:30+00:00\",\"breadcrumb\":{\"@id\":\"https:\\\/\\\/legentlecat.fr\\\/shop\\\/index.php\\\/produit\\\/minceur-gingy-pampi-bio\\\/#breadcrumb\"},\"inLanguage\":\"fr-FR\",\"potentialAction\":[{\"@type\":\"ReadAction\",\"target\":[\"https:\\\/\\\/legentlecat.fr\\\/shop\\\/index.php\\\/produit\\\/minceur-gingy-pampi-bio\\\/\"]}]},{\"@type\":\"ImageObject\",\"inLanguage\":\"fr-FR\",\"@id\":\"https:\\\/\\\/legentlecat.fr\\\/shop\\\/index.php\\\/produit\\\/minceur-gingy-pampi-bio\\\/#primaryimage\",\"url\":\"https:\\\/\\\/i0.wp.com\\\/legentlecat.fr\\\/shop\\\/wp-content\\\/uploads\\\/2017\\\/03\\\/gingy-pampi.png?fit=1500%2C1875&ssl=1\",\"contentUrl\":\"https:\\\/\\\/i0.wp.com\\\/legentlecat.fr\\\/shop\\\/wp-content\\\/uploads\\\/2017\\\/03\\\/gingy-pampi.png?fit=1500%2C1875&ssl=1\",\"width\":1500,\"height\":1875},{\"@type\":\"BreadcrumbList\",\"@id\":\"https:\\\/\\\/legentlecat.fr\\\/shop\\\/index.php\\\/produit\\\/minceur-gingy-pampi-bio\\\/#breadcrumb\",\"itemListElement\":[{\"@type\":\"ListItem\",\"position\":1,\"name\":\"Accueil\",\"item\":\"https:\\\/\\\/legentlecat.fr\\\/shop\\\/\"},{\"@type\":\"ListItem\",\"position\":2,\"name\":\"Shop\",\"item\":\"https:\\\/\\\/legentlecat.fr\\\/shop\\\/index.php\\\/shop\\\/\"},{\"@type\":\"ListItem\",\"position\":3,\"name\":\"Minceur Gingy Pampi BIO\"}]},{\"@type\":\"WebSite\",\"@id\":\"https:\\\/\\\/legentlecat.fr\\\/shop\\\/#website\",\"url\":\"https:\\\/\\\/legentlecat.fr\\\/shop\\\/\",\"name\":\"Le GentleCat - Teashop\",\"description\":\"La boutique de th\u00e9 en ligne\",\"potentialAction\":[{\"@type\":\"SearchAction\",\"target\":{\"@type\":\"EntryPoint\",\"urlTemplate\":\"https:\\\/\\\/legentlecat.fr\\\/shop\\\/?s={search_term_string}\"},\"query-input\":{\"@type\":\"PropertyValueSpecification\",\"valueRequired\":true,\"valueName\":\"search_term_string\"}}],\"inLanguage\":\"fr-FR\"}]}<\/script>\n<!-- \/ Yoast SEO plugin. -->","yoast_head_json":{"title":"Minceur Gingy Pampi BIO - Le GentleCat - Teashop","robots":{"index":"index","follow":"follow","max-snippet":"max-snippet:-1","max-image-preview":"max-image-preview:large","max-video-preview":"max-video-preview:-1"},"canonical":"https:\/\/legentlecat.fr\/shop\/index.php\/produit\/minceur-gingy-pampi-bio\/","og_locale":"fr_FR","og_type":"article","og_title":"Minceur Gingy Pampi BIO - Le GentleCat - Teashop","og_description":"Sac herm\u00e9tique de 100 g\u00a0-\u00a0Le th\u00e9 minceur : La mat\u00e9 est particuli\u00e8rement consomm\u00e9 dans les pays d'Am\u00e9rique du Sud. Son infusion tr\u00e8s riche en th\u00e9ine, sa forte teneur en antioxydant, son effet coupe faim et sa capacit\u00e9 \u00e0 br\u00fbler les graisses en font une base parfaite pour les th\u00e9s \"minceur\", la boisson id\u00e9ale pour accompagner votre p\u00e9riode de r\u00e9gime. Ce th\u00e9 pr\u00e9cis\u00e9ment :\u00a0Ce th\u00e9 minceur est parfum\u00e9 au pamplemousse et au gingembre. Il est tr\u00e8s rafra\u00eechissant et se d\u00e9guste aussi bien chaud que froid. Le rooibos vert soutient le c\u00f4t\u00e9 acidul\u00e9 du pamplemousse. Saveur : fruit\u00e9e, \u00e9pic\u00e9e Composition :\u00a0mat\u00e9 vert, th\u00e9 vert Chun Mee, Daarjeling vert, Th\u00e9 blanc Pai Mu Tan, Oolong de chine, morceaux de gingembre, rooibos vert, herbe de tulsi, feuille d'ortie, feuille de pissenlit, ar\u00f4me naturel, baies d'ac\u00e9rola, feuille de murier, p\u00e9tales de rose","og_url":"https:\/\/legentlecat.fr\/shop\/index.php\/produit\/minceur-gingy-pampi-bio\/","og_site_name":"Le GentleCat - Teashop","article_modified_time":"2022-12-02T12:31:30+00:00","og_image":[{"width":819,"height":1024,"url":"https:\/\/legentlecat.fr\/shop\/wp-content\/uploads\/2017\/03\/gingy-pampi-819x1024.png","type":"image\/png"}],"twitter_card":"summary_large_image","schema":{"@context":"https:\/\/schema.org","@graph":[{"@type":"WebPage","@id":"https:\/\/legentlecat.fr\/shop\/index.php\/produit\/minceur-gingy-pampi-bio\/","url":"https:\/\/legentlecat.fr\/shop\/index.php\/produit\/minceur-gingy-pampi-bio\/","name":"Minceur Gingy Pampi BIO - Le GentleCat - Teashop","isPartOf":{"@id":"https:\/\/legentlecat.fr\/shop\/#website"},"primaryImageOfPage":{"@id":"https:\/\/legentlecat.fr\/shop\/index.php\/produit\/minceur-gingy-pampi-bio\/#primaryimage"},"image":{"@id":"https:\/\/legentlecat.fr\/shop\/index.php\/produit\/minceur-gingy-pampi-bio\/#primaryimage"},"thumbnailUrl":"https:\/\/i0.wp.com\/legentlecat.fr\/shop\/wp-content\/uploads\/2017\/03\/gingy-pampi.png?fit=1500%2C1875&ssl=1","datePublished":"2017-03-19T19:10:37+00:00","dateModified":"2022-12-02T12:31:30+00:00","breadcrumb":{"@id":"https:\/\/legentlecat.fr\/shop\/index.php\/produit\/minceur-gingy-pampi-bio\/#breadcrumb"},"inLanguage":"fr-FR","potentialAction":[{"@type":"ReadAction","target":["https:\/\/legentlecat.fr\/shop\/index.php\/produit\/minceur-gingy-pampi-bio\/"]}]},{"@type":"ImageObject","inLanguage":"fr-FR","@id":"https:\/\/legentlecat.fr\/shop\/index.php\/produit\/minceur-gingy-pampi-bio\/#primaryimage","url":"https:\/\/i0.wp.com\/legentlecat.fr\/shop\/wp-content\/uploads\/2017\/03\/gingy-pampi.png?fit=1500%2C1875&ssl=1","contentUrl":"https:\/\/i0.wp.com\/legentlecat.fr\/shop\/wp-content\/uploads\/2017\/03\/gingy-pampi.png?fit=1500%2C1875&ssl=1","width":1500,"height":1875},{"@type":"BreadcrumbList","@id":"https:\/\/legentlecat.fr\/shop\/index.php\/produit\/minceur-gingy-pampi-bio\/#breadcrumb","itemListElement":[{"@type":"ListItem","position":1,"name":"Accueil","item":"https:\/\/legentlecat.fr\/shop\/"},{"@type":"ListItem","position":2,"name":"Shop","item":"https:\/\/legentlecat.fr\/shop\/index.php\/shop\/"},{"@type":"ListItem","position":3,"name":"Minceur Gingy Pampi BIO"}]},{"@type":"WebSite","@id":"https:\/\/legentlecat.fr\/shop\/#website","url":"https:\/\/legentlecat.fr\/shop\/","name":"Le GentleCat - Teashop","description":"La boutique de th\u00e9 en ligne","potentialAction":[{"@type":"SearchAction","target":{"@type":"EntryPoint","urlTemplate":"https:\/\/legentlecat.fr\/shop\/?s={search_term_string}"},"query-input":{"@type":"PropertyValueSpecification","valueRequired":true,"valueName":"search_term_string"}}],"inLanguage":"fr-FR"}]}},"jetpack_publicize_connections":[],"jetpack_sharing_enabled":true,"jetpack-related-posts":[{"id":1048,"url":"https:\/\/legentlecat.fr\/shop\/index.php\/produit\/minceur-limette-pampi-bio\/","url_meta":{"origin":1006,"position":0},"title":"Minceur Limette Pampi BIO","author":"Jimmy RIOT","date":"19 mars 2017","format":false,"excerpt":"Sac herm\u00e9tique de 100 g\u00a0-\u00a0Le th\u00e9 minceur : La mat\u00e9 est particuli\u00e8rement consomm\u00e9 dans les pays d'Am\u00e9rique du Sud. Son infusion tr\u00e8s riche en th\u00e9ine, sa forte teneur en antioxydant, son effet coupe faim et sa capacit\u00e9 \u00e0 br\u00fbler les graisses en font une base parfaite pour les th\u00e9s \"minceur\",\u2026","rel":"","context":"Article similaire","block_context":{"text":"Article similaire","link":""},"img":{"alt_text":"","src":"https:\/\/i0.wp.com\/legentlecat.fr\/shop\/wp-content\/uploads\/2017\/03\/limette-pampi.png?fit=960%2C1200&ssl=1&resize=350%2C200","width":350,"height":200,"srcset":"https:\/\/i0.wp.com\/legentlecat.fr\/shop\/wp-content\/uploads\/2017\/03\/limette-pampi.png?fit=960%2C1200&ssl=1&resize=350%2C200 1x, https:\/\/i0.wp.com\/legentlecat.fr\/shop\/wp-content\/uploads\/2017\/03\/limette-pampi.png?fit=960%2C1200&ssl=1&resize=525%2C300 1.5x, https:\/\/i0.wp.com\/legentlecat.fr\/shop\/wp-content\/uploads\/2017\/03\/limette-pampi.png?fit=960%2C1200&ssl=1&resize=700%2C400 2x"},"classes":[]},{"id":984,"url":"https:\/\/legentlecat.fr\/shop\/index.php\/produit\/minceur-mbaba-bio\/","url_meta":{"origin":1006,"position":1},"title":"Minceur Mbaba BIO","author":"Jimmy RIOT","date":"19 mars 2017","format":false,"excerpt":"Sac herm\u00e9tique de 100 g\u00a0-\u00a0Le th\u00e9 minceur : La mat\u00e9 est particuli\u00e8rement consomm\u00e9 dans les pays d'Am\u00e9rique du Sud. Son infusion tr\u00e8s riche en th\u00e9ine, sa forte teneur en antioxydant, son effet coupe faim et sa capacit\u00e9 \u00e0 br\u00fbler les graisses en font une base parfaite pour les th\u00e9s \"minceur\",\u2026","rel":"","context":"Article similaire","block_context":{"text":"Article similaire","link":""},"img":{"alt_text":"","src":"https:\/\/i0.wp.com\/legentlecat.fr\/shop\/wp-content\/uploads\/2017\/03\/mbaba.png?fit=960%2C1200&ssl=1&resize=350%2C200","width":350,"height":200,"srcset":"https:\/\/i0.wp.com\/legentlecat.fr\/shop\/wp-content\/uploads\/2017\/03\/mbaba.png?fit=960%2C1200&ssl=1&resize=350%2C200 1x, https:\/\/i0.wp.com\/legentlecat.fr\/shop\/wp-content\/uploads\/2017\/03\/mbaba.png?fit=960%2C1200&ssl=1&resize=525%2C300 1.5x, https:\/\/i0.wp.com\/legentlecat.fr\/shop\/wp-content\/uploads\/2017\/03\/mbaba.png?fit=960%2C1200&ssl=1&resize=700%2C400 2x"},"classes":[]},{"id":1027,"url":"https:\/\/legentlecat.fr\/shop\/index.php\/produit\/minceur-venus-agrume-bio\/","url_meta":{"origin":1006,"position":2},"title":"Minceur V\u00e9nus Agrume BIO","author":"Jimmy RIOT","date":"19 mars 2017","format":false,"excerpt":"Sac herm\u00e9tique de 100 g\u00a0-\u00a0Le th\u00e9 minceur : La mat\u00e9 est particuli\u00e8rement consomm\u00e9 dans les pays d'Am\u00e9rique du Sud. Son infusion tr\u00e8s riche en th\u00e9ine, sa forte teneur en antioxydant, son effet coupe faim et sa capacit\u00e9 \u00e0 br\u00fbler les graisses en font une base parfaite pour les th\u00e9s \"minceur\",\u2026","rel":"","context":"Article similaire","block_context":{"text":"Article similaire","link":""},"img":{"alt_text":"","src":"https:\/\/i0.wp.com\/legentlecat.fr\/shop\/wp-content\/uploads\/2017\/03\/venus.png?fit=960%2C1200&ssl=1&resize=350%2C200","width":350,"height":200,"srcset":"https:\/\/i0.wp.com\/legentlecat.fr\/shop\/wp-content\/uploads\/2017\/03\/venus.png?fit=960%2C1200&ssl=1&resize=350%2C200 1x, https:\/\/i0.wp.com\/legentlecat.fr\/shop\/wp-content\/uploads\/2017\/03\/venus.png?fit=960%2C1200&ssl=1&resize=525%2C300 1.5x, https:\/\/i0.wp.com\/legentlecat.fr\/shop\/wp-content\/uploads\/2017\/03\/venus.png?fit=960%2C1200&ssl=1&resize=700%2C400 2x"},"classes":[]},{"id":963,"url":"https:\/\/legentlecat.fr\/shop\/index.php\/produit\/minceur-aphrodite-bio\/","url_meta":{"origin":1006,"position":3},"title":"Minceur Aphrodite BIO","author":"Jimmy RIOT","date":"19 mars 2017","format":false,"excerpt":"Sac herm\u00e9tique de 100 g\u00a0-\u00a0Le th\u00e9 minceur : La mat\u00e9 est particuli\u00e8rement consomm\u00e9 dans les pays d'Am\u00e9rique du Sud. Son infusion tr\u00e8s riche en th\u00e9ine, sa forte teneur en antioxydant, son effet coupe faim et sa capacit\u00e9 \u00e0 br\u00fbler les graisses en font une base parfaite pour les th\u00e9s \"minceur\",\u2026","rel":"","context":"Article similaire","block_context":{"text":"Article similaire","link":""},"img":{"alt_text":"","src":"https:\/\/i0.wp.com\/legentlecat.fr\/shop\/wp-content\/uploads\/2017\/03\/aphrodite.png?fit=960%2C1200&ssl=1&resize=350%2C200","width":350,"height":200,"srcset":"https:\/\/i0.wp.com\/legentlecat.fr\/shop\/wp-content\/uploads\/2017\/03\/aphrodite.png?fit=960%2C1200&ssl=1&resize=350%2C200 1x, https:\/\/i0.wp.com\/legentlecat.fr\/shop\/wp-content\/uploads\/2017\/03\/aphrodite.png?fit=960%2C1200&ssl=1&resize=525%2C300 1.5x, https:\/\/i0.wp.com\/legentlecat.fr\/shop\/wp-content\/uploads\/2017\/03\/aphrodite.png?fit=960%2C1200&ssl=1&resize=700%2C400 2x"},"classes":[]},{"id":689,"url":"https:\/\/legentlecat.fr\/shop\/index.php\/produit\/reveil-vitamine\/","url_meta":{"origin":1006,"position":4},"title":"R\u00e9veil Vitamin\u00e9","author":"Jimmy RIOT","date":"13 mars 2017","format":false,"excerpt":"Sac herm\u00e9tique de 100 g\u00a0-\u00a0Le th\u00e9 pu erh facilite la digestion et d\u00e9toxifie l'organisme. Cela en fait un excellent th\u00e9 pour accompagner son petit d\u00e9jeuner ou terminer un repas. Le go\u00fbt bois\u00e9 (parfois un peu \"terre humide\") du pu erh est ici un peu gomm\u00e9, faisant la place belle aux\u2026","rel":"","context":"Article similaire","block_context":{"text":"Article similaire","link":""},"img":{"alt_text":"","src":"https:\/\/i0.wp.com\/legentlecat.fr\/shop\/wp-content\/uploads\/2017\/03\/reveil.png?fit=960%2C1200&ssl=1&resize=350%2C200","width":350,"height":200,"srcset":"https:\/\/i0.wp.com\/legentlecat.fr\/shop\/wp-content\/uploads\/2017\/03\/reveil.png?fit=960%2C1200&ssl=1&resize=350%2C200 1x, https:\/\/i0.wp.com\/legentlecat.fr\/shop\/wp-content\/uploads\/2017\/03\/reveil.png?fit=960%2C1200&ssl=1&resize=525%2C300 1.5x, https:\/\/i0.wp.com\/legentlecat.fr\/shop\/wp-content\/uploads\/2017\/03\/reveil.png?fit=960%2C1200&ssl=1&resize=700%2C400 2x"},"classes":[]}],"_links":{"self":[{"href":"https:\/\/legentlecat.fr\/shop\/index.php\/wp-json\/wp\/v2\/product\/1006","targetHints":{"allow":["GET"]}}],"collection":[{"href":"https:\/\/legentlecat.fr\/shop\/index.php\/wp-json\/wp\/v2\/product"}],"about":[{"href":"https:\/\/legentlecat.fr\/shop\/index.php\/wp-json\/wp\/v2\/types\/product"}],"wp:featuredmedia":[{"embeddable":true,"href":"https:\/\/legentlecat.fr\/shop\/index.php\/wp-json\/wp\/v2\/media\/2296"}],"wp:attachment":[{"href":"https:\/\/legentlecat.fr\/shop\/index.php\/wp-json\/wp\/v2\/media?parent=1006"}],"wp:term":[{"taxonomy":"product_brand","embeddable":true,"href":"https:\/\/legentlecat.fr\/shop\/index.php\/wp-json\/wp\/v2\/product_brand?post=1006"},{"taxonomy":"product_cat","embeddable":true,"href":"https:\/\/legentlecat.fr\/shop\/index.php\/wp-json\/wp\/v2\/product_cat?post=1006"},{"taxonomy":"product_tag","embeddable":true,"href":"https:\/\/legentlecat.fr\/shop\/index.php\/wp-json\/wp\/v2\/product_tag?post=1006"}],"curies":[{"name":"wp","href":"https:\/\/api.w.org\/{rel}","templated":true}]}}