{"id":6,"date":"2015-09-23T07:39:47","date_gmt":"2015-09-23T07:39:47","guid":{"rendered":"http:\/\/import.getbowtied.com\/shopkeeper-v1.1\/cart\/"},"modified":"2021-01-13T18:07:45","modified_gmt":"2021-01-13T17:07:45","slug":"the","status":"publish","type":"page","link":"https:\/\/legentlecat.fr\/shop\/index.php\/the\/","title":{"rendered":"Ma petite liste de courses"},"content":{"rendered":"<div class=\"wpb-content-wrapper\"><p>[vc_row][vc_column][\/vc_column][\/vc_row]<\/p>\n<\/div>","protected":false},"excerpt":{"rendered":"<p>[vc_row][vc_column][\/vc_column][\/vc_row]<\/p>\n","protected":false},"author":1,"featured_media":0,"parent":0,"menu_order":0,"comment_status":"closed","ping_status":"closed","template":"","meta":{"jetpack_post_was_ever_published":false,"footnotes":""},"class_list":["post-6","page","type-page","status-publish","hentry"],"yoast_head":"<!-- This site is optimized with the Yoast SEO plugin v27.5 - https:\/\/yoast.com\/product\/yoast-seo-wordpress\/ -->\n<title>Ma petite liste de courses - Le GentleCat - Teashop<\/title>\n<meta name=\"description\" content=\"Vous \u00eates bien sur votre liste de courses. Encore quelques clics pour recevoir votre th\u00e9, votre infusion ou vos accessoires !\" \/>\n<meta name=\"robots\" content=\"index, follow, max-snippet:-1, max-image-preview:large, max-video-preview:-1\" \/>\n<link rel=\"canonical\" href=\"https:\/\/legentlecat.fr\/shop\/index.php\/the\/\" \/>\n<meta property=\"og:locale\" content=\"fr_FR\" \/>\n<meta property=\"og:type\" content=\"article\" \/>\n<meta property=\"og:title\" content=\"Ma petite liste de courses - Le GentleCat - Teashop\" \/>\n<meta property=\"og:description\" content=\"Vous \u00eates bien sur votre liste de courses. Encore quelques clics pour recevoir votre th\u00e9, votre infusion ou vos accessoires !\" \/>\n<meta property=\"og:url\" content=\"https:\/\/legentlecat.fr\/shop\/index.php\/the\/\" \/>\n<meta property=\"og:site_name\" content=\"Le GentleCat - Teashop\" \/>\n<meta property=\"article:modified_time\" content=\"2021-01-13T17:07:45+00:00\" \/>\n<meta name=\"twitter:card\" content=\"summary_large_image\" \/>\n<script type=\"application\/ld+json\" class=\"yoast-schema-graph\">{\"@context\":\"https:\\\/\\\/schema.org\",\"@graph\":[{\"@type\":\"WebPage\",\"@id\":\"https:\\\/\\\/legentlecat.fr\\\/shop\\\/index.php\\\/the\\\/\",\"url\":\"https:\\\/\\\/legentlecat.fr\\\/shop\\\/index.php\\\/the\\\/\",\"name\":\"Ma petite liste de courses - Le GentleCat - Teashop\",\"isPartOf\":{\"@id\":\"https:\\\/\\\/legentlecat.fr\\\/shop\\\/#website\"},\"datePublished\":\"2015-09-23T07:39:47+00:00\",\"dateModified\":\"2021-01-13T17:07:45+00:00\",\"description\":\"Vous \u00eates bien sur votre liste de courses. Encore quelques clics pour recevoir votre th\u00e9, votre infusion ou vos accessoires !\",\"breadcrumb\":{\"@id\":\"https:\\\/\\\/legentlecat.fr\\\/shop\\\/index.php\\\/the\\\/#breadcrumb\"},\"inLanguage\":\"fr-FR\",\"potentialAction\":[{\"@type\":\"ReadAction\",\"target\":[\"https:\\\/\\\/legentlecat.fr\\\/shop\\\/index.php\\\/the\\\/\"]}]},{\"@type\":\"BreadcrumbList\",\"@id\":\"https:\\\/\\\/legentlecat.fr\\\/shop\\\/index.php\\\/the\\\/#breadcrumb\",\"itemListElement\":[{\"@type\":\"ListItem\",\"position\":1,\"name\":\"Accueil\",\"item\":\"https:\\\/\\\/legentlecat.fr\\\/shop\\\/\"},{\"@type\":\"ListItem\",\"position\":2,\"name\":\"Ma petite liste de courses\"}]},{\"@type\":\"WebSite\",\"@id\":\"https:\\\/\\\/legentlecat.fr\\\/shop\\\/#website\",\"url\":\"https:\\\/\\\/legentlecat.fr\\\/shop\\\/\",\"name\":\"Le GentleCat - Teashop\",\"description\":\"La boutique de th\u00e9 en ligne\",\"potentialAction\":[{\"@type\":\"SearchAction\",\"target\":{\"@type\":\"EntryPoint\",\"urlTemplate\":\"https:\\\/\\\/legentlecat.fr\\\/shop\\\/?s={search_term_string}\"},\"query-input\":{\"@type\":\"PropertyValueSpecification\",\"valueRequired\":true,\"valueName\":\"search_term_string\"}}],\"inLanguage\":\"fr-FR\"}]}<\/script>\n<!-- \/ Yoast SEO plugin. -->","yoast_head_json":{"title":"Ma petite liste de courses - Le GentleCat - Teashop","description":"Vous \u00eates bien sur votre liste de courses. Encore quelques clics pour recevoir votre th\u00e9, votre infusion ou vos accessoires !","robots":{"index":"index","follow":"follow","max-snippet":"max-snippet:-1","max-image-preview":"max-image-preview:large","max-video-preview":"max-video-preview:-1"},"canonical":"https:\/\/legentlecat.fr\/shop\/index.php\/the\/","og_locale":"fr_FR","og_type":"article","og_title":"Ma petite liste de courses - Le GentleCat - Teashop","og_description":"Vous \u00eates bien sur votre liste de courses. Encore quelques clics pour recevoir votre th\u00e9, votre infusion ou vos accessoires !","og_url":"https:\/\/legentlecat.fr\/shop\/index.php\/the\/","og_site_name":"Le GentleCat - Teashop","article_modified_time":"2021-01-13T17:07:45+00:00","twitter_card":"summary_large_image","schema":{"@context":"https:\/\/schema.org","@graph":[{"@type":"WebPage","@id":"https:\/\/legentlecat.fr\/shop\/index.php\/the\/","url":"https:\/\/legentlecat.fr\/shop\/index.php\/the\/","name":"Ma petite liste de courses - Le GentleCat - Teashop","isPartOf":{"@id":"https:\/\/legentlecat.fr\/shop\/#website"},"datePublished":"2015-09-23T07:39:47+00:00","dateModified":"2021-01-13T17:07:45+00:00","description":"Vous \u00eates bien sur votre liste de courses. Encore quelques clics pour recevoir votre th\u00e9, votre infusion ou vos accessoires !","breadcrumb":{"@id":"https:\/\/legentlecat.fr\/shop\/index.php\/the\/#breadcrumb"},"inLanguage":"fr-FR","potentialAction":[{"@type":"ReadAction","target":["https:\/\/legentlecat.fr\/shop\/index.php\/the\/"]}]},{"@type":"BreadcrumbList","@id":"https:\/\/legentlecat.fr\/shop\/index.php\/the\/#breadcrumb","itemListElement":[{"@type":"ListItem","position":1,"name":"Accueil","item":"https:\/\/legentlecat.fr\/shop\/"},{"@type":"ListItem","position":2,"name":"Ma petite liste de courses"}]},{"@type":"WebSite","@id":"https:\/\/legentlecat.fr\/shop\/#website","url":"https:\/\/legentlecat.fr\/shop\/","name":"Le GentleCat - Teashop","description":"La boutique de th\u00e9 en ligne","potentialAction":[{"@type":"SearchAction","target":{"@type":"EntryPoint","urlTemplate":"https:\/\/legentlecat.fr\/shop\/?s={search_term_string}"},"query-input":{"@type":"PropertyValueSpecification","valueRequired":true,"valueName":"search_term_string"}}],"inLanguage":"fr-FR"}]}},"jetpack_sharing_enabled":true,"jetpack_shortlink":"https:\/\/wp.me\/P8FUza-6","jetpack-related-posts":[{"id":22,"url":"https:\/\/legentlecat.fr\/shop\/index.php\/ethique-de-lentreprise\/","url_meta":{"origin":6,"position":0},"title":"Ethique de l&rsquo;entreprise","author":"Jimmy RIOT","date":"20 f\u00e9vrier 2017","format":false,"excerpt":"Le Comptoir du GentleCat s'est implant\u00e9 \u00e0 Metz pour proposer sa marque de th\u00e9 d\u00e9pos\u00e9e. Le Comptoir du GentleCat a ouvert son premier \u00e9tablissement \u00e0 Lyon en d\u00e9cembre 2015 : un salon de th\u00e9 - bar \u00e0 chats. Face au succ\u00e8s de ses cr\u00e9ations de th\u00e9, la soci\u00e9t\u00e9 a\u00a0d\u00e9cid\u00e9 d'ouvrir\u2026","rel":"","context":"Article similaire","block_context":{"text":"Article similaire","link":""},"img":{"alt_text":"","src":"https:\/\/i0.wp.com\/legentlecat.fr\/shop\/wp-content\/uploads\/2017\/02\/charte-ethique.jpg?fit=1200%2C669&ssl=1&resize=350%2C200","width":350,"height":200,"srcset":"https:\/\/i0.wp.com\/legentlecat.fr\/shop\/wp-content\/uploads\/2017\/02\/charte-ethique.jpg?fit=1200%2C669&ssl=1&resize=350%2C200 1x, https:\/\/i0.wp.com\/legentlecat.fr\/shop\/wp-content\/uploads\/2017\/02\/charte-ethique.jpg?fit=1200%2C669&ssl=1&resize=525%2C300 1.5x, https:\/\/i0.wp.com\/legentlecat.fr\/shop\/wp-content\/uploads\/2017\/02\/charte-ethique.jpg?fit=1200%2C669&ssl=1&resize=700%2C400 2x, https:\/\/i0.wp.com\/legentlecat.fr\/shop\/wp-content\/uploads\/2017\/02\/charte-ethique.jpg?fit=1200%2C669&ssl=1&resize=1050%2C600 3x"},"classes":[]},{"id":2526,"url":"https:\/\/legentlecat.fr\/shop\/index.php\/conditions-generales-de-vente\/","url_meta":{"origin":6,"position":1},"title":"Conditions G\u00e9n\u00e9rales de Vente","author":"Jimmy RIOT","date":"18 avril 2017","format":false,"excerpt":"[vc_row][vc_column][vc_column_text css=\"\"] IDENTIFICATION La Soci\u00e9t\u00e9 \u00e9ditrice du site www.legentlecat.fr Le Comptoir du GentleCat Soci\u00e9t\u00e9 par Actions Simplifi\u00e9es au capital de 5000 euros Si\u00e8ge social : 51 rue Auguste Comte - 69002 LYON R.C.S. de Lyon : 810 033 217 Editeur du Site web : LE GENTLECAT CONDITIONS G\u00c9N\u00c9RALES DE VENTE\u2026","rel":"","context":"Article similaire","block_context":{"text":"Article similaire","link":""},"img":{"alt_text":"","src":"","width":0,"height":0},"classes":[]},{"id":1955,"url":"https:\/\/legentlecat.fr\/shop\/index.php\/histoire\/","url_meta":{"origin":6,"position":2},"title":"Notre Histoire","author":"Jimmy RIOT","date":"23 septembre 2015","format":false,"excerpt":"[vc_row columns_height=\"adjust_cols_height\" font_color=\"#ffffff\" background_style=\"normal\" css=\".vc_custom_1492095698891{background-color: #ffffff !important;}\"][vc_column width=\"1\/2\" css=\".vc_custom_1492097229648{background: #ffffff url(http:\/\/legentlecat.fr\/shop\/wp-content\/uploads\/2015\/09\/tasse-gentleat.png?id=2456) !important;background-position: center !important;background-repeat: no-repeat !important;background-size: cover !important;}\"][vc_empty_space height=\"150px\"][vc_column_text] Notre Histoire Cr\u00e9ativit\u00e9 \u00b7 Audace \u00b7 \u00c9xigence [\/vc_column_text][\/vc_column][vc_column width=\"1\/2\" css=\".vc_custom_1456420409445{padding-top: 0px !important;padding-right: 15% !important;padding-bottom: 0px !important;padding-left: 15% !important;}\"][vc_empty_space height=\"50px\"][vc_column_text] Tout commence en 2015 lorsque nous cr\u00e9ons notre salon de th\u00e9 lyonnais\u2026","rel":"","context":"Article similaire","block_context":{"text":"Article similaire","link":""},"img":{"alt_text":"","src":"","width":0,"height":0},"classes":[]},{"id":2485,"url":"https:\/\/legentlecat.fr\/shop\/index.php\/about-designer-3\/","url_meta":{"origin":6,"position":3},"title":"Jimmy","author":"Jimmy RIOT","date":"15 avril 2017","format":false,"excerpt":"[vc_row columns_height=\"adjust_cols_height\" background_style=\"normal\"][vc_column width=\"1\/2\" css=\".vc_custom_1492224305528{background-image: url(http:\/\/legentlecat.fr\/shop\/wp-content\/uploads\/2017\/04\/jimmytest.png?id=2486) !important;background-position: center !important;background-repeat: no-repeat !important;background-size: cover !important;}\"][vc_empty_space height=\"350px\"][\/vc_column][vc_column width=\"1\/2\" css=\".vc_custom_1456420605541{padding-right: 16% !important;padding-left: 16% !important;}\"][vc_empty_space height=\"40\"][vc_column_text] Jimmy Pr\u00e9sident du GentleCat [\/vc_column_text][vc_separator][vc_row_inner css=\".vc_custom_1413184047380{margin-top: 45px !important;margin-bottom: 15px !important;}\"][vc_column_inner width=\"1\/2\"][vc_column_text css=\".vc_custom_1492224931203{margin-bottom: 30px !important;}\"]Je m'appelle Jimmy et je suis le pr\u00e9sident fondateur de notre soci\u00e9t\u00e9. Anciennement professeur en grandes\u2026","rel":"","context":"Article similaire","block_context":{"text":"Article similaire","link":""},"img":{"alt_text":"","src":"","width":0,"height":0},"classes":[]},{"id":2609,"url":"https:\/\/legentlecat.fr\/shop\/index.php\/prochr\/","url_meta":{"origin":6,"position":4},"title":"Acc\u00e8s Professionnels","author":"Jimmy RIOT","date":"23 janvier 2018","format":false,"excerpt":"[vc_row columns_height=\"adjust_cols_height\" font_color=\"#ffffff\" background_style=\"normal\" css=\".vc_custom_1492095698891{background-color: #ffffff !important;}\"][vc_column width=\"1\/2\" css=\".vc_custom_1516665939751{background: #ffffff url(http:\/\/legentlecat.fr\/shop\/wp-content\/uploads\/2015\/09\/tasse-gentleat.png?id=2456) !important;background-position: center !important;background-repeat: no-repeat !important;background-size: cover !important;}\"][vc_empty_space height=\"150px\"][vc_column_text] Acc\u00e8s Professionnels Coffee Shop | H\u00f4tels | Restaurants [\/vc_column_text][\/vc_column][vc_column width=\"1\/2\" css=\".vc_custom_1456420409445{padding-top: 0px !important;padding-right: 15% !important;padding-bottom: 0px !important;padding-left: 15% !important;}\"][vc_empty_space height=\"50px\"][vc_column_text] Travailler ensemble Offrez \u00e0 vos clients l'exp\u00e9rience d'un th\u00e9 d'exception alliant\u2026","rel":"","context":"Article similaire","block_context":{"text":"Article similaire","link":""},"img":{"alt_text":"","src":"","width":0,"height":0},"classes":[]},{"id":2,"url":"https:\/\/legentlecat.fr\/shop\/index.php\/page-d-exemple\/","url_meta":{"origin":6,"position":5},"title":"Page d&rsquo;exemple","author":"Jimmy RIOT","date":"22 mars 2017","format":false,"excerpt":"Voici un exemple de page. Elle est diff\u00e9rente d\u2019un article de blog, en cela qu\u2019elle restera \u00e0 la m\u00eame place, et s\u2019affichera dans le menu de navigation de votre site (en fonction de votre th\u00e8me). La plupart des gens commencent par \u00e9crire une page \u00ab \u00c0 Propos \u00bb qui les\u2026","rel":"","context":"Article similaire","block_context":{"text":"Article similaire","link":""},"img":{"alt_text":"","src":"","width":0,"height":0},"classes":[]}],"_links":{"self":[{"href":"https:\/\/legentlecat.fr\/shop\/index.php\/wp-json\/wp\/v2\/pages\/6","targetHints":{"allow":["GET"]}}],"collection":[{"href":"https:\/\/legentlecat.fr\/shop\/index.php\/wp-json\/wp\/v2\/pages"}],"about":[{"href":"https:\/\/legentlecat.fr\/shop\/index.php\/wp-json\/wp\/v2\/types\/page"}],"author":[{"embeddable":true,"href":"https:\/\/legentlecat.fr\/shop\/index.php\/wp-json\/wp\/v2\/users\/1"}],"replies":[{"embeddable":true,"href":"https:\/\/legentlecat.fr\/shop\/index.php\/wp-json\/wp\/v2\/comments?post=6"}],"version-history":[{"count":4,"href":"https:\/\/legentlecat.fr\/shop\/index.php\/wp-json\/wp\/v2\/pages\/6\/revisions"}],"predecessor-version":[{"id":3527,"href":"https:\/\/legentlecat.fr\/shop\/index.php\/wp-json\/wp\/v2\/pages\/6\/revisions\/3527"}],"wp:attachment":[{"href":"https:\/\/legentlecat.fr\/shop\/index.php\/wp-json\/wp\/v2\/media?parent=6"}],"curies":[{"name":"wp","href":"https:\/\/api.w.org\/{rel}","templated":true}]}}