{"id":2609,"date":"2018-01-23T01:06:22","date_gmt":"2018-01-23T00:06:22","guid":{"rendered":"http:\/\/legentlecat.fr\/shop\/?page_id=2609"},"modified":"2023-10-20T00:58:12","modified_gmt":"2023-10-19T22:58:12","slug":"prochr","status":"publish","type":"page","link":"https:\/\/legentlecat.fr\/shop\/index.php\/prochr\/","title":{"rendered":"Acc\u00e8s Professionnels"},"content":{"rendered":"<div class=\"wpb-content-wrapper\"><p>[vc_row columns_height=\u00a0\u00bbadjust_cols_height\u00a0\u00bb font_color=\u00a0\u00bb#ffffff\u00a0\u00bb background_style=\u00a0\u00bbnormal\u00a0\u00bb css=\u00a0\u00bb.vc_custom_1492095698891{background-color: #ffffff !important;}\u00a0\u00bb][vc_column width=\u00a0\u00bb1\/2&Prime; css=\u00a0\u00bb.vc_custom_1516665939751{background: #ffffff url(http:\/\/legentlecat.fr\/shop\/wp-content\/uploads\/2015\/09\/tasse-gentleat.png?id=2456) !important;background-position: center !important;background-repeat: no-repeat !important;background-size: cover !important;}\u00a0\u00bb][vc_empty_space height=\u00a0\u00bb150px\u00a0\u00bb][vc_column_text]<\/p>\n<h1 style=\"text-align: center;\"><span style=\"color: #ffffff;\">Acc\u00e8s Professionnels<\/span><\/h1>\n<h4 style=\"text-align: center;\"><span style=\"color: #ffffff;\">Coffee Shop | H\u00f4tels | Restaurants<\/span><\/h4>\n<p>[\/vc_column_text][\/vc_column][vc_column width=\u00a0\u00bb1\/2&Prime; css=\u00a0\u00bb.vc_custom_1456420409445{padding-top: 0px !important;padding-right: 15% !important;padding-bottom: 0px !important;padding-left: 15% !important;}\u00a0\u00bb][vc_empty_space height=\u00a0\u00bb50px\u00a0\u00bb][vc_column_text]<\/p>\n<h4 style=\"text-align: left;\">Travailler ensemble<\/h4>\n<p style=\"text-align: justify;\">Offrez \u00e0 vos clients l&rsquo;exp\u00e9rience d&rsquo;un th\u00e9 d&rsquo;exception alliant l&rsquo;originalit\u00e9 de nos recettes et l&rsquo;exigence de notre s\u00e9lection. Bien au del\u00e0 de la simple relation client-fournisseur, le GentleCat vous propose une approche bas\u00e9e sur la transmission de notre passion pour le th\u00e9 et sur l&rsquo;\u00e9coute de vos envies.<\/p>\n<h4 style=\"text-align: justify;\">Vous \u00e9couter et nous adapter<\/h4>\n<p style=\"text-align: justify;\">Notre \u00e9quipe vous propose plusieurs solutions pour r\u00e9pondre \u00e0 vos attentes. Vous pouvez opter pour une carte des d\u00e9gustations fixe tout au long de l&rsquo;ann\u00e9e mais vous pouvez \u00e9galement proposer une carte saisonni\u00e8re \u00e0 vos clients afin de faire vivre votre carte des boissons (th\u00e9s de No\u00ebl, saveurs estivales, th\u00e9s glac\u00e9s, cocktail \u00e0 base de th\u00e9&#8230;).<\/p>\n<p style=\"text-align: justify;\">Nous pouvons vous fournir toutes les PLV n\u00e9cessaires. Vous \u00eates \u00e9galement libres de revendre les th\u00e9s et infusions du GentleCat en vrac dans votre \u00e9tablissement aux visiteurs qui vous le demandent.<\/p>\n<h4 style=\"text-align: justify;\">On se lance ?<\/h4>\n<p style=\"text-align: justify;\">Fi\u00e8re de ses valeurs et de ses cr\u00e9ations, notre marque de th\u00e9 lyonnaise est assur\u00e9e de ravir les papilles les plus d\u00e9licates. Rejoignez d\u00e8s \u00e0 pr\u00e9sent l&rsquo;aventure en nous contactant par t\u00e9l\u00e9phone au 0777385525 ou via notre compte Instagram. Nous vous contacterons au plus vite.<\/p>\n<p>[\/vc_column_text][vc_custom_heading text=\u00a0\u00bbL&rsquo;\u00e9quipe du GentleCat\u00a0\u00bb font_container=\u00a0\u00bbtag:h2|text_align:center|color:%230a0a0a\u00a0\u00bb google_fonts=\u00a0\u00bbfont_family:Nothing%20You%20Could%20Do%3Aregular|font_style:400%20regular%3A400%3Anormal\u00a0\u00bb css=\u00a0\u00bb.vc_custom_1492181972180{padding-bottom: 30px !important;}\u00a0\u00bb][vc_separator color=\u00a0\u00bbblack\u00a0\u00bb border_width=\u00a0\u00bb2&Prime;][\/vc_column][\/vc_row]<\/p>\n<\/div>","protected":false},"excerpt":{"rendered":"<p>[vc_row columns_height=\u00a0\u00bbadjust_cols_height\u00a0\u00bb font_color=\u00a0\u00bb#ffffff\u00a0\u00bb background_style=\u00a0\u00bbnormal\u00a0\u00bb css=\u00a0\u00bb.vc_custom_1492095698891{background-color: #ffffff !important;}\u00a0\u00bb][vc_column width=\u00a0\u00bb1\/2&Prime; css=\u00a0\u00bb.vc_custom_1516665939751{background: #ffffff url(http:\/\/legentlecat.fr\/shop\/wp-content\/uploads\/2015\/09\/tasse-gentleat.png?id=2456) !important;background-position: center !important;background-repeat: no-repeat !important;background-size: cover !important;}\u00a0\u00bb][vc_empty_space height=\u00a0\u00bb150px\u00a0\u00bb][vc_column_text] Acc\u00e8s Professionnels Coffee Shop | H\u00f4tels | Restaurants [\/vc_column_text][\/vc_column][vc_column width=\u00a0\u00bb1\/2&Prime; css=\u00a0\u00bb.vc_custom_1456420409445{padding-top: 0px !important;padding-right: 15% !important;padding-bottom: 0px !important;padding-left: 15% !important;}\u00a0\u00bb][vc_empty_space height=\u00a0\u00bb50px\u00a0\u00bb][vc_column_text] Travailler ensemble Offrez \u00e0 vos clients l&rsquo;exp\u00e9rience d&rsquo;un th\u00e9 d&rsquo;exception alliant l&rsquo;originalit\u00e9 de nos recettes et [&hellip;]<\/p>\n","protected":false},"author":1,"featured_media":0,"parent":0,"menu_order":0,"comment_status":"closed","ping_status":"closed","template":"page-full-width.php","meta":{"jetpack_post_was_ever_published":false,"footnotes":""},"class_list":["post-2609","page","type-page","status-publish","hentry"],"yoast_head":"<!-- This site is optimized with the Yoast SEO plugin v27.4 - https:\/\/yoast.com\/product\/yoast-seo-wordpress\/ -->\n<title>Acc\u00e8s Professionnels - Le GentleCat - Teashop<\/title>\n<meta name=\"robots\" content=\"index, follow, max-snippet:-1, max-image-preview:large, max-video-preview:-1\" \/>\n<link rel=\"canonical\" href=\"https:\/\/legentlecat.fr\/shop\/index.php\/prochr\/\" \/>\n<meta property=\"og:locale\" content=\"fr_FR\" \/>\n<meta property=\"og:type\" content=\"article\" \/>\n<meta property=\"og:title\" content=\"Acc\u00e8s Professionnels - Le GentleCat - Teashop\" \/>\n<meta property=\"og:description\" content=\"[vc_row columns_height=\u00a0\u00bbadjust_cols_height\u00a0\u00bb font_color=\u00a0\u00bb#ffffff\u00a0\u00bb background_style=\u00a0\u00bbnormal\u00a0\u00bb css=\u00a0\u00bb.vc_custom_1492095698891{background-color: #ffffff !important;}\u00a0\u00bb][vc_column width=\u00a0\u00bb1\/2&Prime; css=\u00a0\u00bb.vc_custom_1516665939751{background: #ffffff url(http:\/\/legentlecat.fr\/shop\/wp-content\/uploads\/2015\/09\/tasse-gentleat.png?id=2456) !important;background-position: center !important;background-repeat: no-repeat !important;background-size: cover !important;}\u00a0\u00bb][vc_empty_space height=\u00a0\u00bb150px\u00a0\u00bb][vc_column_text] Acc\u00e8s Professionnels Coffee Shop | H\u00f4tels | Restaurants [\/vc_column_text][\/vc_column][vc_column width=\u00a0\u00bb1\/2&Prime; css=\u00a0\u00bb.vc_custom_1456420409445{padding-top: 0px !important;padding-right: 15% !important;padding-bottom: 0px !important;padding-left: 15% !important;}\u00a0\u00bb][vc_empty_space height=\u00a0\u00bb50px\u00a0\u00bb][vc_column_text] Travailler ensemble Offrez \u00e0 vos clients l&rsquo;exp\u00e9rience d&rsquo;un th\u00e9 d&rsquo;exception alliant l&rsquo;originalit\u00e9 de nos recettes et [&hellip;]\" \/>\n<meta property=\"og:url\" content=\"https:\/\/legentlecat.fr\/shop\/index.php\/prochr\/\" \/>\n<meta property=\"og:site_name\" content=\"Le GentleCat - Teashop\" \/>\n<meta property=\"article:modified_time\" content=\"2023-10-19T22:58:12+00:00\" \/>\n<meta name=\"twitter:card\" content=\"summary_large_image\" \/>\n<meta name=\"twitter:label1\" content=\"Dur\u00e9e de lecture estim\u00e9e\" \/>\n\t<meta name=\"twitter:data1\" content=\"2 minutes\" \/>\n<script type=\"application\/ld+json\" class=\"yoast-schema-graph\">{\"@context\":\"https:\\\/\\\/schema.org\",\"@graph\":[{\"@type\":\"WebPage\",\"@id\":\"https:\\\/\\\/legentlecat.fr\\\/shop\\\/index.php\\\/prochr\\\/\",\"url\":\"https:\\\/\\\/legentlecat.fr\\\/shop\\\/index.php\\\/prochr\\\/\",\"name\":\"Acc\u00e8s Professionnels - Le GentleCat - Teashop\",\"isPartOf\":{\"@id\":\"https:\\\/\\\/legentlecat.fr\\\/shop\\\/#website\"},\"datePublished\":\"2018-01-23T00:06:22+00:00\",\"dateModified\":\"2023-10-19T22:58:12+00:00\",\"breadcrumb\":{\"@id\":\"https:\\\/\\\/legentlecat.fr\\\/shop\\\/index.php\\\/prochr\\\/#breadcrumb\"},\"inLanguage\":\"fr-FR\",\"potentialAction\":[{\"@type\":\"ReadAction\",\"target\":[\"https:\\\/\\\/legentlecat.fr\\\/shop\\\/index.php\\\/prochr\\\/\"]}]},{\"@type\":\"BreadcrumbList\",\"@id\":\"https:\\\/\\\/legentlecat.fr\\\/shop\\\/index.php\\\/prochr\\\/#breadcrumb\",\"itemListElement\":[{\"@type\":\"ListItem\",\"position\":1,\"name\":\"Accueil\",\"item\":\"https:\\\/\\\/legentlecat.fr\\\/shop\\\/\"},{\"@type\":\"ListItem\",\"position\":2,\"name\":\"Acc\u00e8s Professionnels\"}]},{\"@type\":\"WebSite\",\"@id\":\"https:\\\/\\\/legentlecat.fr\\\/shop\\\/#website\",\"url\":\"https:\\\/\\\/legentlecat.fr\\\/shop\\\/\",\"name\":\"Le GentleCat - Teashop\",\"description\":\"La boutique de th\u00e9 en ligne\",\"potentialAction\":[{\"@type\":\"SearchAction\",\"target\":{\"@type\":\"EntryPoint\",\"urlTemplate\":\"https:\\\/\\\/legentlecat.fr\\\/shop\\\/?s={search_term_string}\"},\"query-input\":{\"@type\":\"PropertyValueSpecification\",\"valueRequired\":true,\"valueName\":\"search_term_string\"}}],\"inLanguage\":\"fr-FR\"}]}<\/script>\n<!-- \/ Yoast SEO plugin. -->","yoast_head_json":{"title":"Acc\u00e8s Professionnels - Le GentleCat - Teashop","robots":{"index":"index","follow":"follow","max-snippet":"max-snippet:-1","max-image-preview":"max-image-preview:large","max-video-preview":"max-video-preview:-1"},"canonical":"https:\/\/legentlecat.fr\/shop\/index.php\/prochr\/","og_locale":"fr_FR","og_type":"article","og_title":"Acc\u00e8s Professionnels - Le GentleCat - Teashop","og_description":"[vc_row columns_height=\u00a0\u00bbadjust_cols_height\u00a0\u00bb font_color=\u00a0\u00bb#ffffff\u00a0\u00bb background_style=\u00a0\u00bbnormal\u00a0\u00bb css=\u00a0\u00bb.vc_custom_1492095698891{background-color: #ffffff !important;}\u00a0\u00bb][vc_column width=\u00a0\u00bb1\/2&Prime; css=\u00a0\u00bb.vc_custom_1516665939751{background: #ffffff url(http:\/\/legentlecat.fr\/shop\/wp-content\/uploads\/2015\/09\/tasse-gentleat.png?id=2456) !important;background-position: center !important;background-repeat: no-repeat !important;background-size: cover !important;}\u00a0\u00bb][vc_empty_space height=\u00a0\u00bb150px\u00a0\u00bb][vc_column_text] Acc\u00e8s Professionnels Coffee Shop | H\u00f4tels | Restaurants [\/vc_column_text][\/vc_column][vc_column width=\u00a0\u00bb1\/2&Prime; css=\u00a0\u00bb.vc_custom_1456420409445{padding-top: 0px !important;padding-right: 15% !important;padding-bottom: 0px !important;padding-left: 15% !important;}\u00a0\u00bb][vc_empty_space height=\u00a0\u00bb50px\u00a0\u00bb][vc_column_text] Travailler ensemble Offrez \u00e0 vos clients l&rsquo;exp\u00e9rience d&rsquo;un th\u00e9 d&rsquo;exception alliant l&rsquo;originalit\u00e9 de nos recettes et [&hellip;]","og_url":"https:\/\/legentlecat.fr\/shop\/index.php\/prochr\/","og_site_name":"Le GentleCat - Teashop","article_modified_time":"2023-10-19T22:58:12+00:00","twitter_card":"summary_large_image","twitter_misc":{"Dur\u00e9e de lecture estim\u00e9e":"2 minutes"},"schema":{"@context":"https:\/\/schema.org","@graph":[{"@type":"WebPage","@id":"https:\/\/legentlecat.fr\/shop\/index.php\/prochr\/","url":"https:\/\/legentlecat.fr\/shop\/index.php\/prochr\/","name":"Acc\u00e8s Professionnels - Le GentleCat - Teashop","isPartOf":{"@id":"https:\/\/legentlecat.fr\/shop\/#website"},"datePublished":"2018-01-23T00:06:22+00:00","dateModified":"2023-10-19T22:58:12+00:00","breadcrumb":{"@id":"https:\/\/legentlecat.fr\/shop\/index.php\/prochr\/#breadcrumb"},"inLanguage":"fr-FR","potentialAction":[{"@type":"ReadAction","target":["https:\/\/legentlecat.fr\/shop\/index.php\/prochr\/"]}]},{"@type":"BreadcrumbList","@id":"https:\/\/legentlecat.fr\/shop\/index.php\/prochr\/#breadcrumb","itemListElement":[{"@type":"ListItem","position":1,"name":"Accueil","item":"https:\/\/legentlecat.fr\/shop\/"},{"@type":"ListItem","position":2,"name":"Acc\u00e8s Professionnels"}]},{"@type":"WebSite","@id":"https:\/\/legentlecat.fr\/shop\/#website","url":"https:\/\/legentlecat.fr\/shop\/","name":"Le GentleCat - Teashop","description":"La boutique de th\u00e9 en ligne","potentialAction":[{"@type":"SearchAction","target":{"@type":"EntryPoint","urlTemplate":"https:\/\/legentlecat.fr\/shop\/?s={search_term_string}"},"query-input":{"@type":"PropertyValueSpecification","valueRequired":true,"valueName":"search_term_string"}}],"inLanguage":"fr-FR"}]}},"jetpack_sharing_enabled":true,"jetpack_shortlink":"https:\/\/wp.me\/P8FUza-G5","jetpack-related-posts":[{"id":173,"url":"https:\/\/legentlecat.fr\/shop\/index.php\/home-v5-parallax-sections\/","url_meta":{"origin":2609,"position":0},"title":"Home V5 &#8211; Parallax Sections","author":"Jimmy RIOT","date":"24 septembre 2015","format":false,"excerpt":"[vc_row full_height=\"yes\" parallax=\"content-moving\" font_color=\"#ffffff\" css=\".vc_custom_1443087092209{padding-top: 15% !important;padding-bottom: 15% !important;background-image: url(http:\/\/legentlecat.fr\/shop\/wp-content\/uploads\/2015\/09\/about-4-1.gif?id=76) !important;background-position: center;background-repeat: no-repeat !important;background-size: cover !important;}\" background_style=\"parallax\"][vc_column css=\".vc_custom_1410362880038{padding-top: 5% !important;padding-bottom: 5% !important;}\"][vc_column_text css=\".vc_custom_1449668096943{margin-bottom: 15px !important;}\"] FEATURED COLLECTION [\/vc_column_text][vc_column_text] BEST SELLING PRODUCTS [\/vc_column_text][vc_btn title=\"View Lookbook\" style=\"outline-custom\" outline_custom_color=\"#ffffff\" outline_custom_hover_background=\"#ffffff\" outline_custom_hover_text=\"#000000\" shape=\"square\" align=\"center\"][\/vc_column][\/vc_row][vc_row full_height=\"yes\" parallax=\"content-moving\" font_color=\"#ec7a5c\" css=\".vc_custom_1443087123877{padding-top: 15% !important;padding-bottom: 15% !important;background-image: url(http:\/\/legentlecat.fr\/shop\/wp-content\/uploads\/2015\/09\/about-4-3.gif?id=81) !important;}\"\u2026","rel":"","context":"Article similaire","block_context":{"text":"Article similaire","link":""},"img":{"alt_text":"","src":"","width":0,"height":0},"classes":[]},{"id":186,"url":"https:\/\/legentlecat.fr\/shop\/index.php\/home-v6-simple-ecommerce\/","url_meta":{"origin":2609,"position":1},"title":"Home V6 &#8211; Simple Ecommerce","author":"Jimmy RIOT","date":"25 septembre 2015","format":false,"excerpt":"[vc_row video_bg=\"yes\" video_bg_url=\"https:\/\/www.youtube.com\/watch?v=1GW6zELvQ9E\" type=\"boxed\" font_color=\"#ffffff\" background_style=\"normal\" css=\".vc_custom_1443162801641{margin-bottom: 10px !important;padding-top: 22% !important;padding-bottom: 22% !important;}\"][vc_column][\/vc_column][\/vc_row][vc_row][vc_column][vc_empty_space height=\"20px\"][\/vc_column][\/vc_row][vc_row type=\"boxed\" font_color=\"#000000\"][vc_column css=\".vc_custom_1443162824955{padding-right: 0px !important;padding-left: 0px !important;}\"][vc_row_inner css=\".vc_custom_1442823311874{margin-right: -15px !important;margin-left: -15px !important;padding-right: 0px !important;padding-left: 0px !important;}\"][vc_column_inner width=\"1\/3\"][\/vc_column_inner][vc_column_inner width=\"1\/3\"][\/vc_column_inner][vc_column_inner width=\"1\/3\"][\/vc_column_inner][\/vc_row_inner][\/vc_column][\/vc_row][vc_row type=\"boxed\" background_style=\"normal\"][vc_column][vc_empty_space height=\"30px\"][\/vc_column][\/vc_row]","rel":"","context":"Article similaire","block_context":{"text":"Article similaire","link":""},"img":{"alt_text":"","src":"","width":0,"height":0},"classes":[]},{"id":1953,"url":"https:\/\/legentlecat.fr\/shop\/index.php\/pages\/about-us-company\/","url_meta":{"origin":2609,"position":2},"title":"About Us &#8211; Company","author":"Jimmy RIOT","date":"23 septembre 2015","format":false,"excerpt":"[vc_row full_height=\"yes\" font_color=\"#000000\" css=\".vc_custom_1443006087205{padding-top: 17% !important;padding-bottom: 6% !important;background-image: url(http:\/\/legentlecat.fr\/shop\/wp-content\/uploads\/2015\/09\/about-3-1.gif?id=86) !important;background-position: center !important;background-repeat: no-repeat !important;background-size: cover !important;}\" background_style=\"parallax\"][vc_column][vc_empty_space height=\"30px\"][vc_row_inner font_color=\"#ffffff\"][vc_column_inner][vc_single_image image=\"85\" img_size=\"full\" alignment=\"center\"][vc_column_text css=\".vc_custom_1442241247133{margin-top: 0px !important;border-top-width: 0px !important;padding-top: 0px !important;}\"] WE ARE A SMALL INTERACTIVE AGENCY BASED IN BROOKLYN, NY [\/vc_column_text][\/vc_column_inner][\/vc_row_inner][vc_empty_space height=\"30px\"][\/vc_column][\/vc_row][vc_row equal_height=\"yes\" content_placement=\"middle\" background_style=\"normal\"][vc_column width=\"1\/2\" css=\".vc_custom_1456420764699{padding-top: 30% !important;background-image: url(http:\/\/legentlecat.fr\/shop\/wp-content\/uploads\/2015\/09\/about-3-2.gif?id=87) !important;background-position:\u2026","rel":"","context":"Article similaire","block_context":{"text":"Article similaire","link":""},"img":{"alt_text":"","src":"","width":0,"height":0},"classes":[]},{"id":1962,"url":"https:\/\/legentlecat.fr\/shop\/index.php\/portfolio\/portfolio-masonry-style-v1\/","url_meta":{"origin":2609,"position":3},"title":"Portfolio &#8211; Masonry Style V1","author":"Jimmy RIOT","date":"28 septembre 2015","format":false,"excerpt":"[vc_row css=\".vc_custom_1415974719639{padding-top: 8% !important;}\" type=\"full_width\" background_style=\"normal\" columns_height=\"normal_height\"][vc_column width=\"1\/1\"][vc_empty_space height=\"30px\"][\/vc_column][\/vc_row][vc_row type=\"full_width\" background_style=\"normal\" columns_height=\"normal_height\"][vc_column width=\"1\/1\" offset=\"vc_hidden-sm vc_hidden-xs\"][vc_column_text css=\".vc_custom_1415975888105{margin-bottom: 20px !important;}\"] PORTFOLIO [\/vc_column_text][vc_column_text css=\".vc_custom_1415976314735{margin-bottom: 20px !important;}\"] MASONRY GRID\u00a0 \/ \u00a0STYLE V1 \u00a0\/\u00a0 FULL WIDTH LAYOUT [\/vc_column_text][\/vc_column][\/vc_row][vc_row type=\"full_width\" background_style=\"normal\" columns_height=\"normal_height\"][vc_column width=\"1\/1\" offset=\"vc_hidden-lg vc_hidden-md\"][vc_column_text css=\".vc_custom_1417087732180{margin-bottom: 20px !important;}\"] PORTFOLIO [\/vc_column_text][vc_column_text css=\".vc_custom_1415976314735{margin-bottom: 20px !important;}\"] MASONRY GRID\u00a0 \/\u2026","rel":"","context":"Article similaire","block_context":{"text":"Article similaire","link":""},"img":{"alt_text":"","src":"","width":0,"height":0},"classes":[]},{"id":1966,"url":"https:\/\/legentlecat.fr\/shop\/index.php\/portfolio\/portfolio-masonry-style-v2\/","url_meta":{"origin":2609,"position":4},"title":"Portfolio &#8211; Masonry Style V2","author":"Jimmy RIOT","date":"28 septembre 2015","format":false,"excerpt":"[vc_row css=\".vc_custom_1415974719639{padding-top: 8% !important;}\" type=\"full_width\" background_style=\"normal\" columns_height=\"normal_height\"][vc_column width=\"1\/1\"][vc_empty_space height=\"30px\"][\/vc_column][\/vc_row][vc_row type=\"full_width\" background_style=\"normal\" columns_height=\"normal_height\"][vc_column width=\"1\/1\" offset=\"vc_hidden-sm vc_hidden-xs\"][vc_column_text css=\".vc_custom_1415975888105{margin-bottom: 20px !important;}\"] PORTFOLIO [\/vc_column_text][vc_column_text css=\".vc_custom_1415976362056{margin-bottom: 20px !important;}\"] MASONRY GRID\u00a0 \/ \u00a0STYLE V2 \u00a0\/\u00a0 FULL WIDTH LAYOUT [\/vc_column_text][\/vc_column][\/vc_row][vc_row type=\"full_width\" background_style=\"normal\" columns_height=\"normal_height\"][vc_column width=\"1\/1\" offset=\"vc_hidden-lg vc_hidden-md\"][vc_column_text css=\".vc_custom_1417088213779{margin-bottom: 20px !important;}\"] PORTFOLIO [\/vc_column_text][vc_column_text css=\".vc_custom_1415976362056{margin-bottom: 20px !important;}\"] MASONRY GRID\u00a0 \/\u2026","rel":"","context":"Article similaire","block_context":{"text":"Article similaire","link":""},"img":{"alt_text":"","src":"","width":0,"height":0},"classes":[]},{"id":1967,"url":"https:\/\/legentlecat.fr\/shop\/index.php\/portfolio\/portfolio-masonry-style-v3\/","url_meta":{"origin":2609,"position":5},"title":"Portfolio &#8211; Masonry Style V3","author":"Jimmy RIOT","date":"28 septembre 2015","format":false,"excerpt":"[vc_row css=\".vc_custom_1415974719639{padding-top: 8% !important;}\" type=\"full_width\" background_style=\"normal\" columns_height=\"normal_height\"][vc_column width=\"1\/1\"][vc_empty_space height=\"30px\"][\/vc_column][\/vc_row][vc_row type=\"full_width\" background_style=\"normal\" columns_height=\"normal_height\"][vc_column width=\"1\/1\" offset=\"vc_hidden-sm vc_hidden-xs\"][vc_column_text css=\".vc_custom_1415975888105{margin-bottom: 20px !important;}\"] PORTFOLIO [\/vc_column_text][vc_column_text css=\".vc_custom_1415976509484{margin-bottom: 20px !important;}\"] MASONRY GRID\u00a0 \/ \u00a0STYLE V3 \/\u00a0 FULL WIDTH LAYOUT [\/vc_column_text][\/vc_column][\/vc_row][vc_row type=\"full_width\" background_style=\"normal\" columns_height=\"normal_height\"][vc_column width=\"1\/1\" offset=\"vc_hidden-lg vc_hidden-md\"][vc_column_text css=\".vc_custom_1417088324474{margin-bottom: 20px !important;}\"] PORTFOLIO [\/vc_column_text][vc_column_text css=\".vc_custom_1415976509484{margin-bottom: 20px !important;}\"] MASONRY GRID\u00a0 \/\u2026","rel":"","context":"Article similaire","block_context":{"text":"Article similaire","link":""},"img":{"alt_text":"","src":"","width":0,"height":0},"classes":[]}],"_links":{"self":[{"href":"https:\/\/legentlecat.fr\/shop\/index.php\/wp-json\/wp\/v2\/pages\/2609","targetHints":{"allow":["GET"]}}],"collection":[{"href":"https:\/\/legentlecat.fr\/shop\/index.php\/wp-json\/wp\/v2\/pages"}],"about":[{"href":"https:\/\/legentlecat.fr\/shop\/index.php\/wp-json\/wp\/v2\/types\/page"}],"author":[{"embeddable":true,"href":"https:\/\/legentlecat.fr\/shop\/index.php\/wp-json\/wp\/v2\/users\/1"}],"replies":[{"embeddable":true,"href":"https:\/\/legentlecat.fr\/shop\/index.php\/wp-json\/wp\/v2\/comments?post=2609"}],"version-history":[{"count":10,"href":"https:\/\/legentlecat.fr\/shop\/index.php\/wp-json\/wp\/v2\/pages\/2609\/revisions"}],"predecessor-version":[{"id":8491,"href":"https:\/\/legentlecat.fr\/shop\/index.php\/wp-json\/wp\/v2\/pages\/2609\/revisions\/8491"}],"wp:attachment":[{"href":"https:\/\/legentlecat.fr\/shop\/index.php\/wp-json\/wp\/v2\/media?parent=2609"}],"curies":[{"name":"wp","href":"https:\/\/api.w.org\/{rel}","templated":true}]}}