{"id":2482,"date":"2017-04-15T04:36:33","date_gmt":"2017-04-15T02:36:33","guid":{"rendered":"http:\/\/legentlecat.fr\/shop\/?page_id=2482"},"modified":"2017-04-17T22:20:18","modified_gmt":"2017-04-17T20:20:18","slug":"about-designer-2","status":"publish","type":"page","link":"https:\/\/legentlecat.fr\/shop\/index.php\/about-designer-2\/","title":{"rendered":"J\u00e9r\u00e9mie"},"content":{"rendered":"<div class=\"wpb-content-wrapper\"><p>[vc_row columns_height=\u00a0\u00bbadjust_cols_height\u00a0\u00bb background_style=\u00a0\u00bbnormal\u00a0\u00bb][vc_column width=\u00a0\u00bb1\/2&Prime; css=\u00a0\u00bb.vc_custom_1492460409192{background-image: url(http:\/\/legentlecat.fr\/shop\/wp-content\/uploads\/2017\/04\/jeremieshop.jpg?id=2503) !important;background-position: center !important;background-repeat: no-repeat !important;background-size: cover !important;}\u00a0\u00bb][vc_empty_space height=\u00a0\u00bb350px\u00a0\u00bb][\/vc_column][vc_column width=\u00a0\u00bb1\/2&Prime; css=\u00a0\u00bb.vc_custom_1456420605541{padding-right: 16% !important;padding-left: 16% !important;}\u00a0\u00bb][vc_empty_space height=\u00a0\u00bb40&Prime;][vc_column_text]<\/p>\n<h3 style=\"text-align: center;\"><strong><span style=\"font-size: 200%;\">J\u00e9r\u00e9mie<\/span><\/strong><\/h3>\n<p style=\"text-align: center;\"><span style=\"color: #808080;\">Directeur G\u00e9n\u00e9ral<\/span><\/p>\n<p>[\/vc_column_text][vc_separator][vc_row_inner css=\u00a0\u00bb.vc_custom_1413184047380{margin-top: 45px !important;margin-bottom: 15px !important;}\u00a0\u00bb][vc_column_inner width=\u00a0\u00bb1\/2&Prime;][vc_column_text css=\u00a0\u00bb.vc_custom_1492223034273{margin-bottom: 30px !important;}\u00a0\u00bb]Je m&rsquo;appelle J\u00e9r\u00e9mie et\u00a0je suis l&rsquo;un des deux fondateurs de la soci\u00e9t\u00e9 Le GentleCat dont je suis le directeur g\u00e9n\u00e9ral. Ancien ing\u00e9nieur chimiste, j&rsquo;ai d\u00e9velopp\u00e9 les recettes de th\u00e9 et je m&rsquo;occupe aujourd&rsquo;hui essentiellement de notre salon de th\u00e9 lyonnais.[\/vc_column_text][\/vc_column_inner][vc_column_inner width=\u00a0\u00bb1\/2&Prime;][vc_column_text css=\u00a0\u00bb.vc_custom_1492450469496{margin-bottom: 30px !important;}\u00a0\u00bb]Je suis passionn\u00e9 par le th\u00e9, son histoire, la richesse de ses ar\u00f4mes, l&rsquo;incroyable possibilit\u00e9 de recettes, l\u2019exigence des m\u00e9langes&#8230; Au\u00a0sein de l&rsquo;entreprise, je g\u00e8re tout ce qui rel\u00e8ve des missions administratives et des partenariats.[\/vc_column_text][\/vc_column_inner][\/vc_row_inner][vc_separator][\/vc_column][\/vc_row]<\/p>\n<\/div>","protected":false},"excerpt":{"rendered":"<p>[vc_row columns_height=\u00a0\u00bbadjust_cols_height\u00a0\u00bb background_style=\u00a0\u00bbnormal\u00a0\u00bb][vc_column width=\u00a0\u00bb1\/2&Prime; css=\u00a0\u00bb.vc_custom_1492460409192{background-image: url(http:\/\/legentlecat.fr\/shop\/wp-content\/uploads\/2017\/04\/jeremieshop.jpg?id=2503) !important;background-position: center !important;background-repeat: no-repeat !important;background-size: cover !important;}\u00a0\u00bb][vc_empty_space height=\u00a0\u00bb350px\u00a0\u00bb][\/vc_column][vc_column width=\u00a0\u00bb1\/2&Prime; css=\u00a0\u00bb.vc_custom_1456420605541{padding-right: 16% !important;padding-left: 16% !important;}\u00a0\u00bb][vc_empty_space height=\u00a0\u00bb40&Prime;][vc_column_text] J\u00e9r\u00e9mie Directeur G\u00e9n\u00e9ral [\/vc_column_text][vc_separator][vc_row_inner css=\u00a0\u00bb.vc_custom_1413184047380{margin-top: 45px !important;margin-bottom: 15px !important;}\u00a0\u00bb][vc_column_inner width=\u00a0\u00bb1\/2&Prime;][vc_column_text css=\u00a0\u00bb.vc_custom_1492223034273{margin-bottom: 30px !important;}\u00a0\u00bb]Je m&rsquo;appelle J\u00e9r\u00e9mie et\u00a0je suis l&rsquo;un des deux fondateurs de la soci\u00e9t\u00e9 Le GentleCat dont je suis le directeur g\u00e9n\u00e9ral. Ancien ing\u00e9nieur [&hellip;]<\/p>\n","protected":false},"author":1,"featured_media":0,"parent":0,"menu_order":0,"comment_status":"closed","ping_status":"closed","template":"page-full-width.php","meta":{"jetpack_post_was_ever_published":false,"footnotes":""},"class_list":["post-2482","page","type-page","status-publish","hentry"],"yoast_head":"<!-- This site is optimized with the Yoast SEO plugin v27.4 - https:\/\/yoast.com\/product\/yoast-seo-wordpress\/ -->\n<title>J\u00e9r\u00e9mie - Le GentleCat - Teashop<\/title>\n<meta name=\"robots\" content=\"index, follow, max-snippet:-1, max-image-preview:large, max-video-preview:-1\" \/>\n<link rel=\"canonical\" href=\"https:\/\/legentlecat.fr\/shop\/index.php\/about-designer-2\/\" \/>\n<meta property=\"og:locale\" content=\"fr_FR\" \/>\n<meta property=\"og:type\" content=\"article\" \/>\n<meta property=\"og:title\" content=\"J\u00e9r\u00e9mie - Le GentleCat - Teashop\" \/>\n<meta property=\"og:description\" content=\"[vc_row columns_height=\u00a0\u00bbadjust_cols_height\u00a0\u00bb background_style=\u00a0\u00bbnormal\u00a0\u00bb][vc_column width=\u00a0\u00bb1\/2&Prime; css=\u00a0\u00bb.vc_custom_1492460409192{background-image: url(http:\/\/legentlecat.fr\/shop\/wp-content\/uploads\/2017\/04\/jeremieshop.jpg?id=2503) !important;background-position: center !important;background-repeat: no-repeat !important;background-size: cover !important;}\u00a0\u00bb][vc_empty_space height=\u00a0\u00bb350px\u00a0\u00bb][\/vc_column][vc_column width=\u00a0\u00bb1\/2&Prime; css=\u00a0\u00bb.vc_custom_1456420605541{padding-right: 16% !important;padding-left: 16% !important;}\u00a0\u00bb][vc_empty_space height=\u00a0\u00bb40&Prime;][vc_column_text] J\u00e9r\u00e9mie Directeur G\u00e9n\u00e9ral [\/vc_column_text][vc_separator][vc_row_inner css=\u00a0\u00bb.vc_custom_1413184047380{margin-top: 45px !important;margin-bottom: 15px !important;}\u00a0\u00bb][vc_column_inner width=\u00a0\u00bb1\/2&Prime;][vc_column_text css=\u00a0\u00bb.vc_custom_1492223034273{margin-bottom: 30px !important;}\u00a0\u00bb]Je m&rsquo;appelle J\u00e9r\u00e9mie et\u00a0je suis l&rsquo;un des deux fondateurs de la soci\u00e9t\u00e9 Le GentleCat dont je suis le directeur g\u00e9n\u00e9ral. Ancien ing\u00e9nieur [&hellip;]\" \/>\n<meta property=\"og:url\" content=\"https:\/\/legentlecat.fr\/shop\/index.php\/about-designer-2\/\" \/>\n<meta property=\"og:site_name\" content=\"Le GentleCat - Teashop\" \/>\n<meta property=\"article:modified_time\" content=\"2017-04-17T20:20:18+00:00\" \/>\n<meta name=\"twitter:card\" content=\"summary_large_image\" \/>\n<meta name=\"twitter:label1\" content=\"Dur\u00e9e de lecture estim\u00e9e\" \/>\n\t<meta name=\"twitter:data1\" content=\"1 minute\" \/>\n<script type=\"application\/ld+json\" class=\"yoast-schema-graph\">{\"@context\":\"https:\\\/\\\/schema.org\",\"@graph\":[{\"@type\":\"WebPage\",\"@id\":\"https:\\\/\\\/legentlecat.fr\\\/shop\\\/index.php\\\/about-designer-2\\\/\",\"url\":\"https:\\\/\\\/legentlecat.fr\\\/shop\\\/index.php\\\/about-designer-2\\\/\",\"name\":\"J\u00e9r\u00e9mie - Le GentleCat - Teashop\",\"isPartOf\":{\"@id\":\"https:\\\/\\\/legentlecat.fr\\\/shop\\\/#website\"},\"datePublished\":\"2017-04-15T02:36:33+00:00\",\"dateModified\":\"2017-04-17T20:20:18+00:00\",\"breadcrumb\":{\"@id\":\"https:\\\/\\\/legentlecat.fr\\\/shop\\\/index.php\\\/about-designer-2\\\/#breadcrumb\"},\"inLanguage\":\"fr-FR\",\"potentialAction\":[{\"@type\":\"ReadAction\",\"target\":[\"https:\\\/\\\/legentlecat.fr\\\/shop\\\/index.php\\\/about-designer-2\\\/\"]}]},{\"@type\":\"BreadcrumbList\",\"@id\":\"https:\\\/\\\/legentlecat.fr\\\/shop\\\/index.php\\\/about-designer-2\\\/#breadcrumb\",\"itemListElement\":[{\"@type\":\"ListItem\",\"position\":1,\"name\":\"Accueil\",\"item\":\"https:\\\/\\\/legentlecat.fr\\\/shop\\\/\"},{\"@type\":\"ListItem\",\"position\":2,\"name\":\"J\u00e9r\u00e9mie\"}]},{\"@type\":\"WebSite\",\"@id\":\"https:\\\/\\\/legentlecat.fr\\\/shop\\\/#website\",\"url\":\"https:\\\/\\\/legentlecat.fr\\\/shop\\\/\",\"name\":\"Le GentleCat - Teashop\",\"description\":\"La boutique de th\u00e9 en ligne\",\"potentialAction\":[{\"@type\":\"SearchAction\",\"target\":{\"@type\":\"EntryPoint\",\"urlTemplate\":\"https:\\\/\\\/legentlecat.fr\\\/shop\\\/?s={search_term_string}\"},\"query-input\":{\"@type\":\"PropertyValueSpecification\",\"valueRequired\":true,\"valueName\":\"search_term_string\"}}],\"inLanguage\":\"fr-FR\"}]}<\/script>\n<!-- \/ Yoast SEO plugin. -->","yoast_head_json":{"title":"J\u00e9r\u00e9mie - Le GentleCat - Teashop","robots":{"index":"index","follow":"follow","max-snippet":"max-snippet:-1","max-image-preview":"max-image-preview:large","max-video-preview":"max-video-preview:-1"},"canonical":"https:\/\/legentlecat.fr\/shop\/index.php\/about-designer-2\/","og_locale":"fr_FR","og_type":"article","og_title":"J\u00e9r\u00e9mie - Le GentleCat - Teashop","og_description":"[vc_row columns_height=\u00a0\u00bbadjust_cols_height\u00a0\u00bb background_style=\u00a0\u00bbnormal\u00a0\u00bb][vc_column width=\u00a0\u00bb1\/2&Prime; css=\u00a0\u00bb.vc_custom_1492460409192{background-image: url(http:\/\/legentlecat.fr\/shop\/wp-content\/uploads\/2017\/04\/jeremieshop.jpg?id=2503) !important;background-position: center !important;background-repeat: no-repeat !important;background-size: cover !important;}\u00a0\u00bb][vc_empty_space height=\u00a0\u00bb350px\u00a0\u00bb][\/vc_column][vc_column width=\u00a0\u00bb1\/2&Prime; css=\u00a0\u00bb.vc_custom_1456420605541{padding-right: 16% !important;padding-left: 16% !important;}\u00a0\u00bb][vc_empty_space height=\u00a0\u00bb40&Prime;][vc_column_text] J\u00e9r\u00e9mie Directeur G\u00e9n\u00e9ral [\/vc_column_text][vc_separator][vc_row_inner css=\u00a0\u00bb.vc_custom_1413184047380{margin-top: 45px !important;margin-bottom: 15px !important;}\u00a0\u00bb][vc_column_inner width=\u00a0\u00bb1\/2&Prime;][vc_column_text css=\u00a0\u00bb.vc_custom_1492223034273{margin-bottom: 30px !important;}\u00a0\u00bb]Je m&rsquo;appelle J\u00e9r\u00e9mie et\u00a0je suis l&rsquo;un des deux fondateurs de la soci\u00e9t\u00e9 Le GentleCat dont je suis le directeur g\u00e9n\u00e9ral. Ancien ing\u00e9nieur [&hellip;]","og_url":"https:\/\/legentlecat.fr\/shop\/index.php\/about-designer-2\/","og_site_name":"Le GentleCat - Teashop","article_modified_time":"2017-04-17T20:20:18+00:00","twitter_card":"summary_large_image","twitter_misc":{"Dur\u00e9e de lecture estim\u00e9e":"1 minute"},"schema":{"@context":"https:\/\/schema.org","@graph":[{"@type":"WebPage","@id":"https:\/\/legentlecat.fr\/shop\/index.php\/about-designer-2\/","url":"https:\/\/legentlecat.fr\/shop\/index.php\/about-designer-2\/","name":"J\u00e9r\u00e9mie - Le GentleCat - Teashop","isPartOf":{"@id":"https:\/\/legentlecat.fr\/shop\/#website"},"datePublished":"2017-04-15T02:36:33+00:00","dateModified":"2017-04-17T20:20:18+00:00","breadcrumb":{"@id":"https:\/\/legentlecat.fr\/shop\/index.php\/about-designer-2\/#breadcrumb"},"inLanguage":"fr-FR","potentialAction":[{"@type":"ReadAction","target":["https:\/\/legentlecat.fr\/shop\/index.php\/about-designer-2\/"]}]},{"@type":"BreadcrumbList","@id":"https:\/\/legentlecat.fr\/shop\/index.php\/about-designer-2\/#breadcrumb","itemListElement":[{"@type":"ListItem","position":1,"name":"Accueil","item":"https:\/\/legentlecat.fr\/shop\/"},{"@type":"ListItem","position":2,"name":"J\u00e9r\u00e9mie"}]},{"@type":"WebSite","@id":"https:\/\/legentlecat.fr\/shop\/#website","url":"https:\/\/legentlecat.fr\/shop\/","name":"Le GentleCat - Teashop","description":"La boutique de th\u00e9 en ligne","potentialAction":[{"@type":"SearchAction","target":{"@type":"EntryPoint","urlTemplate":"https:\/\/legentlecat.fr\/shop\/?s={search_term_string}"},"query-input":{"@type":"PropertyValueSpecification","valueRequired":true,"valueName":"search_term_string"}}],"inLanguage":"fr-FR"}]}},"jetpack_sharing_enabled":true,"jetpack_shortlink":"https:\/\/wp.me\/P8FUza-E2","jetpack-related-posts":[{"id":2485,"url":"https:\/\/legentlecat.fr\/shop\/index.php\/about-designer-3\/","url_meta":{"origin":2482,"position":0},"title":"Jimmy","author":"Jimmy RIOT","date":"15 avril 2017","format":false,"excerpt":"[vc_row columns_height=\"adjust_cols_height\" background_style=\"normal\"][vc_column width=\"1\/2\" css=\".vc_custom_1492224305528{background-image: url(http:\/\/legentlecat.fr\/shop\/wp-content\/uploads\/2017\/04\/jimmytest.png?id=2486) !important;background-position: center !important;background-repeat: no-repeat !important;background-size: cover !important;}\"][vc_empty_space height=\"350px\"][\/vc_column][vc_column width=\"1\/2\" css=\".vc_custom_1456420605541{padding-right: 16% !important;padding-left: 16% !important;}\"][vc_empty_space height=\"40\"][vc_column_text] Jimmy Pr\u00e9sident du GentleCat [\/vc_column_text][vc_separator][vc_row_inner css=\".vc_custom_1413184047380{margin-top: 45px !important;margin-bottom: 15px !important;}\"][vc_column_inner width=\"1\/2\"][vc_column_text css=\".vc_custom_1492224931203{margin-bottom: 30px !important;}\"]Je m'appelle Jimmy et je suis le pr\u00e9sident fondateur de notre soci\u00e9t\u00e9. Anciennement professeur en grandes\u2026","rel":"","context":"Article similaire","block_context":{"text":"Article similaire","link":""},"img":{"alt_text":"","src":"","width":0,"height":0},"classes":[]},{"id":22,"url":"https:\/\/legentlecat.fr\/shop\/index.php\/ethique-de-lentreprise\/","url_meta":{"origin":2482,"position":1},"title":"Ethique de l&rsquo;entreprise","author":"Jimmy RIOT","date":"20 f\u00e9vrier 2017","format":false,"excerpt":"Le Comptoir du GentleCat s'est implant\u00e9 \u00e0 Metz pour proposer sa marque de th\u00e9 d\u00e9pos\u00e9e. Le Comptoir du GentleCat a ouvert son premier \u00e9tablissement \u00e0 Lyon en d\u00e9cembre 2015 : un salon de th\u00e9 - bar \u00e0 chats. Face au succ\u00e8s de ses cr\u00e9ations de th\u00e9, la soci\u00e9t\u00e9 a\u00a0d\u00e9cid\u00e9 d'ouvrir\u2026","rel":"","context":"Article similaire","block_context":{"text":"Article similaire","link":""},"img":{"alt_text":"","src":"https:\/\/i0.wp.com\/legentlecat.fr\/shop\/wp-content\/uploads\/2017\/02\/charte-ethique.jpg?fit=1200%2C669&ssl=1&resize=350%2C200","width":350,"height":200,"srcset":"https:\/\/i0.wp.com\/legentlecat.fr\/shop\/wp-content\/uploads\/2017\/02\/charte-ethique.jpg?fit=1200%2C669&ssl=1&resize=350%2C200 1x, https:\/\/i0.wp.com\/legentlecat.fr\/shop\/wp-content\/uploads\/2017\/02\/charte-ethique.jpg?fit=1200%2C669&ssl=1&resize=525%2C300 1.5x, https:\/\/i0.wp.com\/legentlecat.fr\/shop\/wp-content\/uploads\/2017\/02\/charte-ethique.jpg?fit=1200%2C669&ssl=1&resize=700%2C400 2x, https:\/\/i0.wp.com\/legentlecat.fr\/shop\/wp-content\/uploads\/2017\/02\/charte-ethique.jpg?fit=1200%2C669&ssl=1&resize=1050%2C600 3x"},"classes":[]},{"id":1962,"url":"https:\/\/legentlecat.fr\/shop\/index.php\/portfolio\/portfolio-masonry-style-v1\/","url_meta":{"origin":2482,"position":2},"title":"Portfolio &#8211; Masonry Style V1","author":"Jimmy RIOT","date":"28 septembre 2015","format":false,"excerpt":"[vc_row css=\".vc_custom_1415974719639{padding-top: 8% !important;}\" type=\"full_width\" background_style=\"normal\" columns_height=\"normal_height\"][vc_column width=\"1\/1\"][vc_empty_space height=\"30px\"][\/vc_column][\/vc_row][vc_row type=\"full_width\" background_style=\"normal\" columns_height=\"normal_height\"][vc_column width=\"1\/1\" offset=\"vc_hidden-sm vc_hidden-xs\"][vc_column_text css=\".vc_custom_1415975888105{margin-bottom: 20px !important;}\"] PORTFOLIO [\/vc_column_text][vc_column_text css=\".vc_custom_1415976314735{margin-bottom: 20px !important;}\"] MASONRY GRID\u00a0 \/ \u00a0STYLE V1 \u00a0\/\u00a0 FULL WIDTH LAYOUT [\/vc_column_text][\/vc_column][\/vc_row][vc_row type=\"full_width\" background_style=\"normal\" columns_height=\"normal_height\"][vc_column width=\"1\/1\" offset=\"vc_hidden-lg vc_hidden-md\"][vc_column_text css=\".vc_custom_1417087732180{margin-bottom: 20px !important;}\"] PORTFOLIO [\/vc_column_text][vc_column_text css=\".vc_custom_1415976314735{margin-bottom: 20px !important;}\"] MASONRY GRID\u00a0 \/\u2026","rel":"","context":"Article similaire","block_context":{"text":"Article similaire","link":""},"img":{"alt_text":"","src":"","width":0,"height":0},"classes":[]},{"id":1966,"url":"https:\/\/legentlecat.fr\/shop\/index.php\/portfolio\/portfolio-masonry-style-v2\/","url_meta":{"origin":2482,"position":3},"title":"Portfolio &#8211; Masonry Style V2","author":"Jimmy RIOT","date":"28 septembre 2015","format":false,"excerpt":"[vc_row css=\".vc_custom_1415974719639{padding-top: 8% !important;}\" type=\"full_width\" background_style=\"normal\" columns_height=\"normal_height\"][vc_column width=\"1\/1\"][vc_empty_space height=\"30px\"][\/vc_column][\/vc_row][vc_row type=\"full_width\" background_style=\"normal\" columns_height=\"normal_height\"][vc_column width=\"1\/1\" offset=\"vc_hidden-sm vc_hidden-xs\"][vc_column_text css=\".vc_custom_1415975888105{margin-bottom: 20px !important;}\"] PORTFOLIO [\/vc_column_text][vc_column_text css=\".vc_custom_1415976362056{margin-bottom: 20px !important;}\"] MASONRY GRID\u00a0 \/ \u00a0STYLE V2 \u00a0\/\u00a0 FULL WIDTH LAYOUT [\/vc_column_text][\/vc_column][\/vc_row][vc_row type=\"full_width\" background_style=\"normal\" columns_height=\"normal_height\"][vc_column width=\"1\/1\" offset=\"vc_hidden-lg vc_hidden-md\"][vc_column_text css=\".vc_custom_1417088213779{margin-bottom: 20px !important;}\"] PORTFOLIO [\/vc_column_text][vc_column_text css=\".vc_custom_1415976362056{margin-bottom: 20px !important;}\"] MASONRY GRID\u00a0 \/\u2026","rel":"","context":"Article similaire","block_context":{"text":"Article similaire","link":""},"img":{"alt_text":"","src":"","width":0,"height":0},"classes":[]},{"id":1967,"url":"https:\/\/legentlecat.fr\/shop\/index.php\/portfolio\/portfolio-masonry-style-v3\/","url_meta":{"origin":2482,"position":4},"title":"Portfolio &#8211; Masonry Style V3","author":"Jimmy RIOT","date":"28 septembre 2015","format":false,"excerpt":"[vc_row css=\".vc_custom_1415974719639{padding-top: 8% !important;}\" type=\"full_width\" background_style=\"normal\" columns_height=\"normal_height\"][vc_column width=\"1\/1\"][vc_empty_space height=\"30px\"][\/vc_column][\/vc_row][vc_row type=\"full_width\" background_style=\"normal\" columns_height=\"normal_height\"][vc_column width=\"1\/1\" offset=\"vc_hidden-sm vc_hidden-xs\"][vc_column_text css=\".vc_custom_1415975888105{margin-bottom: 20px !important;}\"] PORTFOLIO [\/vc_column_text][vc_column_text css=\".vc_custom_1415976509484{margin-bottom: 20px !important;}\"] MASONRY GRID\u00a0 \/ \u00a0STYLE V3 \/\u00a0 FULL WIDTH LAYOUT [\/vc_column_text][\/vc_column][\/vc_row][vc_row type=\"full_width\" background_style=\"normal\" columns_height=\"normal_height\"][vc_column width=\"1\/1\" offset=\"vc_hidden-lg vc_hidden-md\"][vc_column_text css=\".vc_custom_1417088324474{margin-bottom: 20px !important;}\"] PORTFOLIO [\/vc_column_text][vc_column_text css=\".vc_custom_1415976509484{margin-bottom: 20px !important;}\"] MASONRY GRID\u00a0 \/\u2026","rel":"","context":"Article similaire","block_context":{"text":"Article similaire","link":""},"img":{"alt_text":"","src":"","width":0,"height":0},"classes":[]},{"id":186,"url":"https:\/\/legentlecat.fr\/shop\/index.php\/home-v6-simple-ecommerce\/","url_meta":{"origin":2482,"position":5},"title":"Home V6 &#8211; Simple Ecommerce","author":"Jimmy RIOT","date":"25 septembre 2015","format":false,"excerpt":"[vc_row video_bg=\"yes\" video_bg_url=\"https:\/\/www.youtube.com\/watch?v=1GW6zELvQ9E\" type=\"boxed\" font_color=\"#ffffff\" background_style=\"normal\" css=\".vc_custom_1443162801641{margin-bottom: 10px !important;padding-top: 22% !important;padding-bottom: 22% !important;}\"][vc_column][\/vc_column][\/vc_row][vc_row][vc_column][vc_empty_space height=\"20px\"][\/vc_column][\/vc_row][vc_row type=\"boxed\" font_color=\"#000000\"][vc_column css=\".vc_custom_1443162824955{padding-right: 0px !important;padding-left: 0px !important;}\"][vc_row_inner css=\".vc_custom_1442823311874{margin-right: -15px !important;margin-left: -15px !important;padding-right: 0px !important;padding-left: 0px !important;}\"][vc_column_inner width=\"1\/3\"][\/vc_column_inner][vc_column_inner width=\"1\/3\"][\/vc_column_inner][vc_column_inner width=\"1\/3\"][\/vc_column_inner][\/vc_row_inner][\/vc_column][\/vc_row][vc_row type=\"boxed\" background_style=\"normal\"][vc_column][vc_empty_space height=\"30px\"][\/vc_column][\/vc_row]","rel":"","context":"Article similaire","block_context":{"text":"Article similaire","link":""},"img":{"alt_text":"","src":"","width":0,"height":0},"classes":[]}],"_links":{"self":[{"href":"https:\/\/legentlecat.fr\/shop\/index.php\/wp-json\/wp\/v2\/pages\/2482","targetHints":{"allow":["GET"]}}],"collection":[{"href":"https:\/\/legentlecat.fr\/shop\/index.php\/wp-json\/wp\/v2\/pages"}],"about":[{"href":"https:\/\/legentlecat.fr\/shop\/index.php\/wp-json\/wp\/v2\/types\/page"}],"author":[{"embeddable":true,"href":"https:\/\/legentlecat.fr\/shop\/index.php\/wp-json\/wp\/v2\/users\/1"}],"replies":[{"embeddable":true,"href":"https:\/\/legentlecat.fr\/shop\/index.php\/wp-json\/wp\/v2\/comments?post=2482"}],"version-history":[{"count":3,"href":"https:\/\/legentlecat.fr\/shop\/index.php\/wp-json\/wp\/v2\/pages\/2482\/revisions"}],"predecessor-version":[{"id":2504,"href":"https:\/\/legentlecat.fr\/shop\/index.php\/wp-json\/wp\/v2\/pages\/2482\/revisions\/2504"}],"wp:attachment":[{"href":"https:\/\/legentlecat.fr\/shop\/index.php\/wp-json\/wp\/v2\/media?parent=2482"}],"curies":[{"name":"wp","href":"https:\/\/api.w.org\/{rel}","templated":true}]}}