{"id":2467,"date":"2017-04-14T17:59:29","date_gmt":"2017-04-14T15:59:29","guid":{"rendered":"http:\/\/legentlecat.fr\/shop\/?page_id=2467"},"modified":"2021-01-13T18:15:13","modified_gmt":"2021-01-13T17:15:13","slug":"nos-valeurs","status":"publish","type":"page","link":"https:\/\/legentlecat.fr\/shop\/index.php\/nos-valeurs\/","title":{"rendered":"Nos Valeurs"},"content":{"rendered":"<div class=\"wpb-content-wrapper\"><p>[vc_row columns_height=\u00a0\u00bbadjust_cols_height\u00a0\u00bb font_color=\u00a0\u00bb#ffffff\u00a0\u00bb background_style=\u00a0\u00bbnormal\u00a0\u00bb css=\u00a0\u00bb.vc_custom_1492095698891{background-color: #ffffff !important;}\u00a0\u00bb][vc_column width=\u00a0\u00bb1\/2&Prime; css=\u00a0\u00bb.vc_custom_1492183269176{background: #ffffff url(http:\/\/legentlecat.fr\/shop\/wp-content\/uploads\/2017\/04\/valeurs.png?id=2469) !important;background-position: center !important;background-repeat: no-repeat !important;background-size: cover !important;}\u00a0\u00bb][vc_empty_space height=\u00a0\u00bb150px\u00a0\u00bb][vc_column_text]<\/p>\n<h1 style=\"text-align: center;\"><span style=\"color: #ffffff;\">Nos Valeurs<\/span><\/h1>\n<h4 style=\"text-align: center;\"><span style=\"color: #ffffff;\">\u00c9thique \u00b7 Travail en famille \u00b7 \u00c9conomie locale<\/span><\/h4>\n<p>[\/vc_column_text][\/vc_column][vc_column width=\u00a0\u00bb1\/2&Prime; css=\u00a0\u00bb.vc_custom_1456420409445{padding-top: 0px !important;padding-right: 15% !important;padding-bottom: 0px !important;padding-left: 15% !important;}\u00a0\u00bb][vc_empty_space height=\u00a0\u00bb50px\u00a0\u00bb][vc_column_text]<\/p>\n<p style=\"text-align: justify;\">Au GentleCat, toute notre \u00e9quipe peut \u00eatre fi\u00e8re des valeurs que nous portons et qui se r\u00e9sument en trois principes :<\/p>\n<ul>\n<li style=\"text-align: justify;\"><strong>Nous pensons qu&rsquo;un monde qui prend soin de ses animaux est un monde plus humain.<\/strong> C&rsquo;est pour cela que nous reversons 10% de nos b\u00e9n\u00e9fices \u00e0 une association de protection animale. Reconnue d&rsquo;int\u00e9r\u00eat public, l&rsquo;association <em>Les Chats et Nous<\/em> de Lagnieu a \u00e9t\u00e9 choisie avec beaucoup d&rsquo;attention. Nous partageons nos b\u00e9n\u00e9fices avec eux car nous nous reconnaissons dans leur approche de l&rsquo;animal qui les pousse \u00e0 ne jamais pratiquer l&rsquo;euthanasie : un chat qui peut \u00eatre soign\u00e9 l&rsquo;est, un chat qui n&rsquo;est pas adopt\u00e9 pendant plusieurs mois reste dans sa famille d&rsquo;accueil et n&rsquo;est pas \u00ab\u00a0remerci\u00e9\u00a0\u00bb pour n&rsquo;avoir pas trouver de nouveau foyer.<\/li>\n<li style=\"text-align: justify;\"><strong>Nous estimons que la famille est une valeur importante qu&rsquo;il faut d\u00e9fendre.<\/strong> Ainsi, nous travaillons en famille lorsque nous le pouvons : notre proche entourage a \u00e9t\u00e9 notre premier panel de testeurs et c&rsquo;est la m\u00e8re du pr\u00e9sident de notre soci\u00e9t\u00e9 qui est \u00e0 la t\u00eate de notre second \u00e9tablissement.<\/li>\n<li style=\"text-align: justify;\"><strong>Nous accordons une importance particuli\u00e8re \u00e0 l&rsquo;\u00e9conomie locale.<\/strong> Les produits que nous utilisons pour nos ateliers \u00ab\u00a0cr\u00e9ativi&rsquo;th\u00e9\u00a0\u00bb viennent tous d&rsquo;un herboriste de notre r\u00e9gion. Notre salon de th\u00e9 lyonnais travaille avec des produits rh\u00f4nalpins : lait, p\u00e2tisseries, jus de fruits frais&#8230; Nous sommes impliqu\u00e9s dans le tissu \u00e9conomique local et travaillons avec\u00a0une association\u00a0pour la r\u00e9insertion des jeunes actifs en leur faisant d\u00e9couvrir nos m\u00e9tiers.<\/li>\n<\/ul>\n<p>[\/vc_column_text][vc_custom_heading text=\u00a0\u00bbL&rsquo;\u00e9quipe du GentleCat\u00a0\u00bb font_container=\u00a0\u00bbtag:h2|text_align:center|color:%230a0a0a\u00a0\u00bb google_fonts=\u00a0\u00bbfont_family:Nothing%20You%20Could%20Do%3Aregular|font_style:400%20regular%3A400%3Anormal\u00a0\u00bb css=\u00a0\u00bb.vc_custom_1492181972180{padding-bottom: 30px !important;}\u00a0\u00bb][vc_separator color=\u00a0\u00bbblack\u00a0\u00bb border_width=\u00a0\u00bb2&Prime;][\/vc_column][\/vc_row]<\/p>\n<\/div>","protected":false},"excerpt":{"rendered":"<p>[vc_row columns_height=\u00a0\u00bbadjust_cols_height\u00a0\u00bb font_color=\u00a0\u00bb#ffffff\u00a0\u00bb background_style=\u00a0\u00bbnormal\u00a0\u00bb css=\u00a0\u00bb.vc_custom_1492095698891{background-color: #ffffff !important;}\u00a0\u00bb][vc_column width=\u00a0\u00bb1\/2&Prime; css=\u00a0\u00bb.vc_custom_1492183269176{background: #ffffff url(http:\/\/legentlecat.fr\/shop\/wp-content\/uploads\/2017\/04\/valeurs.png?id=2469) !important;background-position: center !important;background-repeat: no-repeat !important;background-size: cover !important;}\u00a0\u00bb][vc_empty_space height=\u00a0\u00bb150px\u00a0\u00bb][vc_column_text] Nos Valeurs \u00c9thique \u00b7 Travail en famille \u00b7 \u00c9conomie locale [\/vc_column_text][\/vc_column][vc_column width=\u00a0\u00bb1\/2&Prime; css=\u00a0\u00bb.vc_custom_1456420409445{padding-top: 0px !important;padding-right: 15% !important;padding-bottom: 0px !important;padding-left: 15% !important;}\u00a0\u00bb][vc_empty_space height=\u00a0\u00bb50px\u00a0\u00bb][vc_column_text] Au GentleCat, toute notre \u00e9quipe peut \u00eatre fi\u00e8re des valeurs que nous portons et [&hellip;]<\/p>\n","protected":false},"author":1,"featured_media":0,"parent":0,"menu_order":0,"comment_status":"closed","ping_status":"closed","template":"page-full-width.php","meta":{"jetpack_post_was_ever_published":false,"footnotes":""},"class_list":["post-2467","page","type-page","status-publish","hentry"],"yoast_head":"<!-- This site is optimized with the Yoast SEO plugin v27.4 - https:\/\/yoast.com\/product\/yoast-seo-wordpress\/ -->\n<title>Nos Valeurs - Le GentleCat - Teashop<\/title>\n<meta name=\"description\" content=\"Cr\u00e9ateur lyonnais de th\u00e9 depuis 2015, mais aussi fervant d\u00e9fenseur de la cause animale ! Tout en soutenant l&#039;\u00e9conomie locale lyonnaise\" \/>\n<meta name=\"robots\" content=\"index, follow, max-snippet:-1, max-image-preview:large, max-video-preview:-1\" \/>\n<link rel=\"canonical\" href=\"https:\/\/legentlecat.fr\/shop\/index.php\/nos-valeurs\/\" \/>\n<meta property=\"og:locale\" content=\"fr_FR\" \/>\n<meta property=\"og:type\" content=\"article\" \/>\n<meta property=\"og:title\" content=\"Nos Valeurs - Le GentleCat - Teashop\" \/>\n<meta property=\"og:description\" content=\"Cr\u00e9ateur lyonnais de th\u00e9 depuis 2015, mais aussi fervant d\u00e9fenseur de la cause animale ! Tout en soutenant l&#039;\u00e9conomie locale lyonnaise\" \/>\n<meta property=\"og:url\" content=\"https:\/\/legentlecat.fr\/shop\/index.php\/nos-valeurs\/\" \/>\n<meta property=\"og:site_name\" content=\"Le GentleCat - Teashop\" \/>\n<meta property=\"article:modified_time\" content=\"2021-01-13T17:15:13+00:00\" \/>\n<meta name=\"twitter:card\" content=\"summary_large_image\" \/>\n<meta name=\"twitter:label1\" content=\"Dur\u00e9e de lecture estim\u00e9e\" \/>\n\t<meta name=\"twitter:data1\" content=\"2 minutes\" \/>\n<script type=\"application\/ld+json\" class=\"yoast-schema-graph\">{\"@context\":\"https:\\\/\\\/schema.org\",\"@graph\":[{\"@type\":\"WebPage\",\"@id\":\"https:\\\/\\\/legentlecat.fr\\\/shop\\\/index.php\\\/nos-valeurs\\\/\",\"url\":\"https:\\\/\\\/legentlecat.fr\\\/shop\\\/index.php\\\/nos-valeurs\\\/\",\"name\":\"Nos Valeurs - Le GentleCat - Teashop\",\"isPartOf\":{\"@id\":\"https:\\\/\\\/legentlecat.fr\\\/shop\\\/#website\"},\"datePublished\":\"2017-04-14T15:59:29+00:00\",\"dateModified\":\"2021-01-13T17:15:13+00:00\",\"description\":\"Cr\u00e9ateur lyonnais de th\u00e9 depuis 2015, mais aussi fervant d\u00e9fenseur de la cause animale ! Tout en soutenant l'\u00e9conomie locale lyonnaise\",\"breadcrumb\":{\"@id\":\"https:\\\/\\\/legentlecat.fr\\\/shop\\\/index.php\\\/nos-valeurs\\\/#breadcrumb\"},\"inLanguage\":\"fr-FR\",\"potentialAction\":[{\"@type\":\"ReadAction\",\"target\":[\"https:\\\/\\\/legentlecat.fr\\\/shop\\\/index.php\\\/nos-valeurs\\\/\"]}]},{\"@type\":\"BreadcrumbList\",\"@id\":\"https:\\\/\\\/legentlecat.fr\\\/shop\\\/index.php\\\/nos-valeurs\\\/#breadcrumb\",\"itemListElement\":[{\"@type\":\"ListItem\",\"position\":1,\"name\":\"Accueil\",\"item\":\"https:\\\/\\\/legentlecat.fr\\\/shop\\\/\"},{\"@type\":\"ListItem\",\"position\":2,\"name\":\"Nos Valeurs\"}]},{\"@type\":\"WebSite\",\"@id\":\"https:\\\/\\\/legentlecat.fr\\\/shop\\\/#website\",\"url\":\"https:\\\/\\\/legentlecat.fr\\\/shop\\\/\",\"name\":\"Le GentleCat - Teashop\",\"description\":\"La boutique de th\u00e9 en ligne\",\"potentialAction\":[{\"@type\":\"SearchAction\",\"target\":{\"@type\":\"EntryPoint\",\"urlTemplate\":\"https:\\\/\\\/legentlecat.fr\\\/shop\\\/?s={search_term_string}\"},\"query-input\":{\"@type\":\"PropertyValueSpecification\",\"valueRequired\":true,\"valueName\":\"search_term_string\"}}],\"inLanguage\":\"fr-FR\"}]}<\/script>\n<!-- \/ Yoast SEO plugin. -->","yoast_head_json":{"title":"Nos Valeurs - Le GentleCat - Teashop","description":"Cr\u00e9ateur lyonnais de th\u00e9 depuis 2015, mais aussi fervant d\u00e9fenseur de la cause animale ! Tout en soutenant l'\u00e9conomie locale lyonnaise","robots":{"index":"index","follow":"follow","max-snippet":"max-snippet:-1","max-image-preview":"max-image-preview:large","max-video-preview":"max-video-preview:-1"},"canonical":"https:\/\/legentlecat.fr\/shop\/index.php\/nos-valeurs\/","og_locale":"fr_FR","og_type":"article","og_title":"Nos Valeurs - Le GentleCat - Teashop","og_description":"Cr\u00e9ateur lyonnais de th\u00e9 depuis 2015, mais aussi fervant d\u00e9fenseur de la cause animale ! Tout en soutenant l'\u00e9conomie locale lyonnaise","og_url":"https:\/\/legentlecat.fr\/shop\/index.php\/nos-valeurs\/","og_site_name":"Le GentleCat - Teashop","article_modified_time":"2021-01-13T17:15:13+00:00","twitter_card":"summary_large_image","twitter_misc":{"Dur\u00e9e de lecture estim\u00e9e":"2 minutes"},"schema":{"@context":"https:\/\/schema.org","@graph":[{"@type":"WebPage","@id":"https:\/\/legentlecat.fr\/shop\/index.php\/nos-valeurs\/","url":"https:\/\/legentlecat.fr\/shop\/index.php\/nos-valeurs\/","name":"Nos Valeurs - Le GentleCat - Teashop","isPartOf":{"@id":"https:\/\/legentlecat.fr\/shop\/#website"},"datePublished":"2017-04-14T15:59:29+00:00","dateModified":"2021-01-13T17:15:13+00:00","description":"Cr\u00e9ateur lyonnais de th\u00e9 depuis 2015, mais aussi fervant d\u00e9fenseur de la cause animale ! Tout en soutenant l'\u00e9conomie locale lyonnaise","breadcrumb":{"@id":"https:\/\/legentlecat.fr\/shop\/index.php\/nos-valeurs\/#breadcrumb"},"inLanguage":"fr-FR","potentialAction":[{"@type":"ReadAction","target":["https:\/\/legentlecat.fr\/shop\/index.php\/nos-valeurs\/"]}]},{"@type":"BreadcrumbList","@id":"https:\/\/legentlecat.fr\/shop\/index.php\/nos-valeurs\/#breadcrumb","itemListElement":[{"@type":"ListItem","position":1,"name":"Accueil","item":"https:\/\/legentlecat.fr\/shop\/"},{"@type":"ListItem","position":2,"name":"Nos Valeurs"}]},{"@type":"WebSite","@id":"https:\/\/legentlecat.fr\/shop\/#website","url":"https:\/\/legentlecat.fr\/shop\/","name":"Le GentleCat - Teashop","description":"La boutique de th\u00e9 en ligne","potentialAction":[{"@type":"SearchAction","target":{"@type":"EntryPoint","urlTemplate":"https:\/\/legentlecat.fr\/shop\/?s={search_term_string}"},"query-input":{"@type":"PropertyValueSpecification","valueRequired":true,"valueName":"search_term_string"}}],"inLanguage":"fr-FR"}]}},"jetpack_sharing_enabled":true,"jetpack_shortlink":"https:\/\/wp.me\/P8FUza-DN","jetpack-related-posts":[{"id":173,"url":"https:\/\/legentlecat.fr\/shop\/index.php\/home-v5-parallax-sections\/","url_meta":{"origin":2467,"position":0},"title":"Home V5 &#8211; Parallax Sections","author":"Jimmy RIOT","date":"24 septembre 2015","format":false,"excerpt":"[vc_row full_height=\"yes\" parallax=\"content-moving\" font_color=\"#ffffff\" css=\".vc_custom_1443087092209{padding-top: 15% !important;padding-bottom: 15% !important;background-image: url(http:\/\/legentlecat.fr\/shop\/wp-content\/uploads\/2015\/09\/about-4-1.gif?id=76) !important;background-position: center;background-repeat: no-repeat !important;background-size: cover !important;}\" background_style=\"parallax\"][vc_column css=\".vc_custom_1410362880038{padding-top: 5% !important;padding-bottom: 5% !important;}\"][vc_column_text css=\".vc_custom_1449668096943{margin-bottom: 15px !important;}\"] FEATURED COLLECTION [\/vc_column_text][vc_column_text] BEST SELLING PRODUCTS [\/vc_column_text][vc_btn title=\"View Lookbook\" style=\"outline-custom\" outline_custom_color=\"#ffffff\" outline_custom_hover_background=\"#ffffff\" outline_custom_hover_text=\"#000000\" shape=\"square\" align=\"center\"][\/vc_column][\/vc_row][vc_row full_height=\"yes\" parallax=\"content-moving\" font_color=\"#ec7a5c\" css=\".vc_custom_1443087123877{padding-top: 15% !important;padding-bottom: 15% !important;background-image: url(http:\/\/legentlecat.fr\/shop\/wp-content\/uploads\/2015\/09\/about-4-3.gif?id=81) !important;}\"\u2026","rel":"","context":"Article similaire","block_context":{"text":"Article similaire","link":""},"img":{"alt_text":"","src":"","width":0,"height":0},"classes":[]},{"id":1953,"url":"https:\/\/legentlecat.fr\/shop\/index.php\/pages\/about-us-company\/","url_meta":{"origin":2467,"position":1},"title":"About Us &#8211; Company","author":"Jimmy RIOT","date":"23 septembre 2015","format":false,"excerpt":"[vc_row full_height=\"yes\" font_color=\"#000000\" css=\".vc_custom_1443006087205{padding-top: 17% !important;padding-bottom: 6% !important;background-image: url(http:\/\/legentlecat.fr\/shop\/wp-content\/uploads\/2015\/09\/about-3-1.gif?id=86) !important;background-position: center !important;background-repeat: no-repeat !important;background-size: cover !important;}\" background_style=\"parallax\"][vc_column][vc_empty_space height=\"30px\"][vc_row_inner font_color=\"#ffffff\"][vc_column_inner][vc_single_image image=\"85\" img_size=\"full\" alignment=\"center\"][vc_column_text css=\".vc_custom_1442241247133{margin-top: 0px !important;border-top-width: 0px !important;padding-top: 0px !important;}\"] WE ARE A SMALL INTERACTIVE AGENCY BASED IN BROOKLYN, NY [\/vc_column_text][\/vc_column_inner][\/vc_row_inner][vc_empty_space height=\"30px\"][\/vc_column][\/vc_row][vc_row equal_height=\"yes\" content_placement=\"middle\" background_style=\"normal\"][vc_column width=\"1\/2\" css=\".vc_custom_1456420764699{padding-top: 30% !important;background-image: url(http:\/\/legentlecat.fr\/shop\/wp-content\/uploads\/2015\/09\/about-3-2.gif?id=87) !important;background-position:\u2026","rel":"","context":"Article similaire","block_context":{"text":"Article similaire","link":""},"img":{"alt_text":"","src":"","width":0,"height":0},"classes":[]},{"id":22,"url":"https:\/\/legentlecat.fr\/shop\/index.php\/ethique-de-lentreprise\/","url_meta":{"origin":2467,"position":2},"title":"Ethique de l&rsquo;entreprise","author":"Jimmy RIOT","date":"20 f\u00e9vrier 2017","format":false,"excerpt":"Le Comptoir du GentleCat s'est implant\u00e9 \u00e0 Metz pour proposer sa marque de th\u00e9 d\u00e9pos\u00e9e. Le Comptoir du GentleCat a ouvert son premier \u00e9tablissement \u00e0 Lyon en d\u00e9cembre 2015 : un salon de th\u00e9 - bar \u00e0 chats. Face au succ\u00e8s de ses cr\u00e9ations de th\u00e9, la soci\u00e9t\u00e9 a\u00a0d\u00e9cid\u00e9 d'ouvrir\u2026","rel":"","context":"Article similaire","block_context":{"text":"Article similaire","link":""},"img":{"alt_text":"","src":"https:\/\/i0.wp.com\/legentlecat.fr\/shop\/wp-content\/uploads\/2017\/02\/charte-ethique.jpg?fit=1200%2C669&ssl=1&resize=350%2C200","width":350,"height":200,"srcset":"https:\/\/i0.wp.com\/legentlecat.fr\/shop\/wp-content\/uploads\/2017\/02\/charte-ethique.jpg?fit=1200%2C669&ssl=1&resize=350%2C200 1x, https:\/\/i0.wp.com\/legentlecat.fr\/shop\/wp-content\/uploads\/2017\/02\/charte-ethique.jpg?fit=1200%2C669&ssl=1&resize=525%2C300 1.5x, https:\/\/i0.wp.com\/legentlecat.fr\/shop\/wp-content\/uploads\/2017\/02\/charte-ethique.jpg?fit=1200%2C669&ssl=1&resize=700%2C400 2x, https:\/\/i0.wp.com\/legentlecat.fr\/shop\/wp-content\/uploads\/2017\/02\/charte-ethique.jpg?fit=1200%2C669&ssl=1&resize=1050%2C600 3x"},"classes":[]},{"id":2609,"url":"https:\/\/legentlecat.fr\/shop\/index.php\/prochr\/","url_meta":{"origin":2467,"position":3},"title":"Acc\u00e8s Professionnels","author":"Jimmy RIOT","date":"23 janvier 2018","format":false,"excerpt":"[vc_row columns_height=\"adjust_cols_height\" font_color=\"#ffffff\" background_style=\"normal\" css=\".vc_custom_1492095698891{background-color: #ffffff !important;}\"][vc_column width=\"1\/2\" css=\".vc_custom_1516665939751{background: #ffffff url(http:\/\/legentlecat.fr\/shop\/wp-content\/uploads\/2015\/09\/tasse-gentleat.png?id=2456) !important;background-position: center !important;background-repeat: no-repeat !important;background-size: cover !important;}\"][vc_empty_space height=\"150px\"][vc_column_text] Acc\u00e8s Professionnels Coffee Shop | H\u00f4tels | Restaurants [\/vc_column_text][\/vc_column][vc_column width=\"1\/2\" css=\".vc_custom_1456420409445{padding-top: 0px !important;padding-right: 15% !important;padding-bottom: 0px !important;padding-left: 15% !important;}\"][vc_empty_space height=\"50px\"][vc_column_text] Travailler ensemble Offrez \u00e0 vos clients l'exp\u00e9rience d'un th\u00e9 d'exception alliant\u2026","rel":"","context":"Article similaire","block_context":{"text":"Article similaire","link":""},"img":{"alt_text":"","src":"","width":0,"height":0},"classes":[]},{"id":1955,"url":"https:\/\/legentlecat.fr\/shop\/index.php\/histoire\/","url_meta":{"origin":2467,"position":4},"title":"Notre Histoire","author":"Jimmy RIOT","date":"23 septembre 2015","format":false,"excerpt":"[vc_row columns_height=\"adjust_cols_height\" font_color=\"#ffffff\" background_style=\"normal\" css=\".vc_custom_1492095698891{background-color: #ffffff !important;}\"][vc_column width=\"1\/2\" css=\".vc_custom_1492097229648{background: #ffffff url(http:\/\/legentlecat.fr\/shop\/wp-content\/uploads\/2015\/09\/tasse-gentleat.png?id=2456) !important;background-position: center !important;background-repeat: no-repeat !important;background-size: cover !important;}\"][vc_empty_space height=\"150px\"][vc_column_text] Notre Histoire Cr\u00e9ativit\u00e9 \u00b7 Audace \u00b7 \u00c9xigence [\/vc_column_text][\/vc_column][vc_column width=\"1\/2\" css=\".vc_custom_1456420409445{padding-top: 0px !important;padding-right: 15% !important;padding-bottom: 0px !important;padding-left: 15% !important;}\"][vc_empty_space height=\"50px\"][vc_column_text] Tout commence en 2015 lorsque nous cr\u00e9ons notre salon de th\u00e9 lyonnais\u2026","rel":"","context":"Article similaire","block_context":{"text":"Article similaire","link":""},"img":{"alt_text":"","src":"","width":0,"height":0},"classes":[]},{"id":186,"url":"https:\/\/legentlecat.fr\/shop\/index.php\/home-v6-simple-ecommerce\/","url_meta":{"origin":2467,"position":5},"title":"Home V6 &#8211; Simple Ecommerce","author":"Jimmy RIOT","date":"25 septembre 2015","format":false,"excerpt":"[vc_row video_bg=\"yes\" video_bg_url=\"https:\/\/www.youtube.com\/watch?v=1GW6zELvQ9E\" type=\"boxed\" font_color=\"#ffffff\" background_style=\"normal\" css=\".vc_custom_1443162801641{margin-bottom: 10px !important;padding-top: 22% !important;padding-bottom: 22% !important;}\"][vc_column][\/vc_column][\/vc_row][vc_row][vc_column][vc_empty_space height=\"20px\"][\/vc_column][\/vc_row][vc_row type=\"boxed\" font_color=\"#000000\"][vc_column css=\".vc_custom_1443162824955{padding-right: 0px !important;padding-left: 0px !important;}\"][vc_row_inner css=\".vc_custom_1442823311874{margin-right: -15px !important;margin-left: -15px !important;padding-right: 0px !important;padding-left: 0px !important;}\"][vc_column_inner width=\"1\/3\"][\/vc_column_inner][vc_column_inner width=\"1\/3\"][\/vc_column_inner][vc_column_inner width=\"1\/3\"][\/vc_column_inner][\/vc_row_inner][\/vc_column][\/vc_row][vc_row type=\"boxed\" background_style=\"normal\"][vc_column][vc_empty_space height=\"30px\"][\/vc_column][\/vc_row]","rel":"","context":"Article similaire","block_context":{"text":"Article similaire","link":""},"img":{"alt_text":"","src":"","width":0,"height":0},"classes":[]}],"_links":{"self":[{"href":"https:\/\/legentlecat.fr\/shop\/index.php\/wp-json\/wp\/v2\/pages\/2467","targetHints":{"allow":["GET"]}}],"collection":[{"href":"https:\/\/legentlecat.fr\/shop\/index.php\/wp-json\/wp\/v2\/pages"}],"about":[{"href":"https:\/\/legentlecat.fr\/shop\/index.php\/wp-json\/wp\/v2\/types\/page"}],"author":[{"embeddable":true,"href":"https:\/\/legentlecat.fr\/shop\/index.php\/wp-json\/wp\/v2\/users\/1"}],"replies":[{"embeddable":true,"href":"https:\/\/legentlecat.fr\/shop\/index.php\/wp-json\/wp\/v2\/comments?post=2467"}],"version-history":[{"count":6,"href":"https:\/\/legentlecat.fr\/shop\/index.php\/wp-json\/wp\/v2\/pages\/2467\/revisions"}],"predecessor-version":[{"id":2498,"href":"https:\/\/legentlecat.fr\/shop\/index.php\/wp-json\/wp\/v2\/pages\/2467\/revisions\/2498"}],"wp:attachment":[{"href":"https:\/\/legentlecat.fr\/shop\/index.php\/wp-json\/wp\/v2\/media?parent=2467"}],"curies":[{"name":"wp","href":"https:\/\/api.w.org\/{rel}","templated":true}]}}