{"id":1955,"date":"2015-09-23T11:17:34","date_gmt":"2015-09-23T11:17:34","guid":{"rendered":"http:\/\/import.getbowtied.com\/shopkeeper-v1.1\/?page_id=99"},"modified":"2021-01-13T18:33:43","modified_gmt":"2021-01-13T17:33:43","slug":"histoire","status":"publish","type":"page","link":"https:\/\/legentlecat.fr\/shop\/index.php\/histoire\/","title":{"rendered":"Notre Histoire"},"content":{"rendered":"<div class=\"wpb-content-wrapper\"><p>[vc_row columns_height=\u00a0\u00bbadjust_cols_height\u00a0\u00bb font_color=\u00a0\u00bb#ffffff\u00a0\u00bb background_style=\u00a0\u00bbnormal\u00a0\u00bb css=\u00a0\u00bb.vc_custom_1492095698891{background-color: #ffffff !important;}\u00a0\u00bb][vc_column width=\u00a0\u00bb1\/2&Prime; css=\u00a0\u00bb.vc_custom_1492097229648{background: #ffffff url(http:\/\/legentlecat.fr\/shop\/wp-content\/uploads\/2015\/09\/tasse-gentleat.png?id=2456) !important;background-position: center !important;background-repeat: no-repeat !important;background-size: cover !important;}\u00a0\u00bb][vc_empty_space height=\u00a0\u00bb150px\u00a0\u00bb][vc_column_text]<\/p>\n<h1 style=\"text-align: center;\"><span style=\"color: #ffffff;\">Notre Histoire<\/span><\/h1>\n<h4 style=\"text-align: center;\"><span style=\"color: #ffffff;\">Cr\u00e9ativit\u00e9 \u00b7 Audace \u00b7 \u00c9xigence<\/span><\/h4>\n<p>[\/vc_column_text][\/vc_column][vc_column width=\u00a0\u00bb1\/2&Prime; css=\u00a0\u00bb.vc_custom_1456420409445{padding-top: 0px !important;padding-right: 15% !important;padding-bottom: 0px !important;padding-left: 15% !important;}\u00a0\u00bb][vc_empty_space height=\u00a0\u00bb50px\u00a0\u00bb][vc_column_text]<\/p>\n<p style=\"text-align: justify;\">Tout commence en 2015 lorsque nous cr\u00e9ons notre salon de th\u00e9 lyonnais et que se pose le crucial choix de la carte des\u00a0th\u00e9s&#8230; Apr\u00e8s de tr\u00e8s nombreuses d\u00e9gustations, nous en arrivons \u00e0 un constat sans appel&#8230; De toutes les propositions qui nous sont faites, il n&rsquo;en est aucune qui\u00a0satisfasse pleinement nos aspirations :<\/p>\n<ul>\n<li style=\"text-align: justify;\">des th\u00e9s purs de haute qualit\u00e9, y compris dans les m\u00e9langes parfum\u00e9s<\/li>\n<li style=\"text-align: justify;\">des recettes de th\u00e9s et d&rsquo;infusions avec un large \u00e9ventail de saveurs<\/li>\n<li style=\"text-align: justify;\">un panel de cr\u00e9ations\u00a0allant de la plus classique \u00e0 la plus\u00a0originale<\/li>\n<li style=\"text-align: justify;\">un fournisseur avec des valeurs humaines fi\u00e8rement affirm\u00e9es<\/li>\n<\/ul>\n<p style=\"text-align: justify;\">Ainsi avons-nous pens\u00e9 \u00e0 cr\u00e9er notre propre gamme de th\u00e9s et d&rsquo;infusions. Nous vous offrons un large choix de th\u00e9s origines de tr\u00e8s haute qualit\u00e9 : Sencha, Mao Feng, Th\u00e9 Jaune, Oolong, Pu Erh, Darjeeling, Ceylan, Rooibos\u2026 Notre boutique de th\u00e9s \u00e0 Lyon vous propose aussi des cr\u00e9ations originales fruit\u00e9es, fleuries, gourmandes, \u00e9pic\u00e9es, v\u00e9g\u00e9tales\u2026<\/p>\n<p style=\"text-align: justify;\">Nos must : th\u00e9 vert \u00e0 la mirabelle, infusion mirabelle-rhubarbe, th\u00e9 oolong \u00e0 la p\u00eache et \u00e0 la baie de goji, rooibos \u00e0 l\u2019apfelstrudel\u2026 Venez soulever les cloches de notre il\u00f4t des senteurs pour d\u00e9couvrir une \u00e0 une les r\u00e9f\u00e9rences de notre magasin de th\u00e9s lyonnais.<\/p>\n<p>[\/vc_column_text][vc_custom_heading text=\u00a0\u00bbJimmy &amp; J\u00e9r\u00e9mie\u00a0\u00bb font_container=\u00a0\u00bbtag:h2|text_align:center|color:%230a0a0a\u00a0\u00bb google_fonts=\u00a0\u00bbfont_family:Nothing%20You%20Could%20Do%3Aregular|font_style:400%20regular%3A400%3Anormal\u00a0\u00bb css=\u00a0\u00bb.vc_custom_1492095840811{padding-bottom: 30px !important;}\u00a0\u00bb][vc_separator color=\u00a0\u00bbblack\u00a0\u00bb border_width=\u00a0\u00bb2&Prime;][vc_row_inner css=\u00a0\u00bb.vc_custom_1449669742922{margin-top: 40px !important;}\u00a0\u00bb][vc_column_inner width=\u00a0\u00bb1\/2&Prime; css=\u00a0\u00bb.vc_custom_1449669654635{padding-right: 10px !important;padding-left: 10px !important;}\u00a0\u00bb][vc_column_text css=\u00a0\u00bb.vc_custom_1492095942735{margin-bottom: 35px !important;}\u00a0\u00bb]<\/p>\n<p style=\"text-align: center;\"><strong>Salon de th\u00e9 \u00e0 Chats<\/strong><\/p>\n<p style=\"text-align: center;\">16 rue du Gal Plessier<br \/>\n69002 Lyon (Amp\u00e8re)<\/p>\n<p>[\/vc_column_text][\/vc_column_inner][vc_column_inner width=\u00a0\u00bb1\/2&Prime; css=\u00a0\u00bb.vc_custom_1449669661906{padding-right: 10px !important;padding-left: 10px !important;}\u00a0\u00bb][vc_column_text css=\u00a0\u00bb.vc_custom_1492095956465{margin-bottom: 0px !important;}\u00a0\u00bb]<\/p>\n<p style=\"text-align: center;\"><strong>Comptoir \u00e0 th\u00e9s<\/strong><\/p>\n<p style=\"text-align: center;\">13 rue des Jardins<br \/>\n57000 Metz (Centre)<\/p>\n<p>[\/vc_column_text][\/vc_column_inner][\/vc_row_inner][\/vc_column][\/vc_row]<\/p>\n<\/div>","protected":false},"excerpt":{"rendered":"<p>[vc_row columns_height=\u00a0\u00bbadjust_cols_height\u00a0\u00bb font_color=\u00a0\u00bb#ffffff\u00a0\u00bb background_style=\u00a0\u00bbnormal\u00a0\u00bb css=\u00a0\u00bb.vc_custom_1492095698891{background-color: #ffffff !important;}\u00a0\u00bb][vc_column width=\u00a0\u00bb1\/2&Prime; css=\u00a0\u00bb.vc_custom_1492097229648{background: #ffffff url(http:\/\/legentlecat.fr\/shop\/wp-content\/uploads\/2015\/09\/tasse-gentleat.png?id=2456) !important;background-position: center !important;background-repeat: no-repeat !important;background-size: cover !important;}\u00a0\u00bb][vc_empty_space height=\u00a0\u00bb150px\u00a0\u00bb][vc_column_text] Notre Histoire Cr\u00e9ativit\u00e9 \u00b7 Audace \u00b7 \u00c9xigence [\/vc_column_text][\/vc_column][vc_column width=\u00a0\u00bb1\/2&Prime; css=\u00a0\u00bb.vc_custom_1456420409445{padding-top: 0px !important;padding-right: 15% !important;padding-bottom: 0px !important;padding-left: 15% !important;}\u00a0\u00bb][vc_empty_space height=\u00a0\u00bb50px\u00a0\u00bb][vc_column_text] Tout commence en 2015 lorsque nous cr\u00e9ons notre salon de th\u00e9 lyonnais et que se pose le [&hellip;]<\/p>\n","protected":false},"author":1,"featured_media":0,"parent":0,"menu_order":0,"comment_status":"closed","ping_status":"closed","template":"page-full-width.php","meta":{"jetpack_post_was_ever_published":false,"footnotes":""},"class_list":["post-1955","page","type-page","status-publish","hentry"],"yoast_head":"<!-- This site is optimized with the Yoast SEO plugin v27.4 - https:\/\/yoast.com\/product\/yoast-seo-wordpress\/ -->\n<title>Notre Histoire - Le GentleCat - Teashop -boutique de th\u00e9 lyonnaise<\/title>\n<meta name=\"description\" content=\"L&#039;histoire de cette rencotre entre 2 lyonnais qui ont d\u00e9cid\u00e9 de cr\u00e9er leur propre marque de th\u00e9 avec des m\u00e9langes originaux et audacieux\" \/>\n<meta name=\"robots\" content=\"index, follow, max-snippet:-1, max-image-preview:large, max-video-preview:-1\" \/>\n<link rel=\"canonical\" href=\"https:\/\/legentlecat.fr\/shop\/index.php\/histoire\/\" \/>\n<meta property=\"og:locale\" content=\"fr_FR\" \/>\n<meta property=\"og:type\" content=\"article\" \/>\n<meta property=\"og:title\" content=\"Notre Histoire - Le GentleCat - Teashop -boutique de th\u00e9 lyonnaise\" \/>\n<meta property=\"og:description\" content=\"L&#039;histoire de cette rencotre entre 2 lyonnais qui ont d\u00e9cid\u00e9 de cr\u00e9er leur propre marque de th\u00e9 avec des m\u00e9langes originaux et audacieux\" \/>\n<meta property=\"og:url\" content=\"https:\/\/legentlecat.fr\/shop\/index.php\/histoire\/\" \/>\n<meta property=\"og:site_name\" content=\"Le GentleCat - Teashop\" \/>\n<meta property=\"article:modified_time\" content=\"2021-01-13T17:33:43+00:00\" \/>\n<meta name=\"twitter:card\" content=\"summary_large_image\" \/>\n<meta name=\"twitter:label1\" content=\"Dur\u00e9e de lecture estim\u00e9e\" \/>\n\t<meta name=\"twitter:data1\" content=\"2 minutes\" \/>\n<script type=\"application\/ld+json\" class=\"yoast-schema-graph\">{\"@context\":\"https:\\\/\\\/schema.org\",\"@graph\":[{\"@type\":\"WebPage\",\"@id\":\"https:\\\/\\\/legentlecat.fr\\\/shop\\\/index.php\\\/histoire\\\/\",\"url\":\"https:\\\/\\\/legentlecat.fr\\\/shop\\\/index.php\\\/histoire\\\/\",\"name\":\"Notre Histoire - Le GentleCat - Teashop -boutique de th\u00e9 lyonnaise\",\"isPartOf\":{\"@id\":\"https:\\\/\\\/legentlecat.fr\\\/shop\\\/#website\"},\"datePublished\":\"2015-09-23T11:17:34+00:00\",\"dateModified\":\"2021-01-13T17:33:43+00:00\",\"description\":\"L'histoire de cette rencotre entre 2 lyonnais qui ont d\u00e9cid\u00e9 de cr\u00e9er leur propre marque de th\u00e9 avec des m\u00e9langes originaux et audacieux\",\"breadcrumb\":{\"@id\":\"https:\\\/\\\/legentlecat.fr\\\/shop\\\/index.php\\\/histoire\\\/#breadcrumb\"},\"inLanguage\":\"fr-FR\",\"potentialAction\":[{\"@type\":\"ReadAction\",\"target\":[\"https:\\\/\\\/legentlecat.fr\\\/shop\\\/index.php\\\/histoire\\\/\"]}]},{\"@type\":\"BreadcrumbList\",\"@id\":\"https:\\\/\\\/legentlecat.fr\\\/shop\\\/index.php\\\/histoire\\\/#breadcrumb\",\"itemListElement\":[{\"@type\":\"ListItem\",\"position\":1,\"name\":\"Accueil\",\"item\":\"https:\\\/\\\/legentlecat.fr\\\/shop\\\/\"},{\"@type\":\"ListItem\",\"position\":2,\"name\":\"Notre Histoire\"}]},{\"@type\":\"WebSite\",\"@id\":\"https:\\\/\\\/legentlecat.fr\\\/shop\\\/#website\",\"url\":\"https:\\\/\\\/legentlecat.fr\\\/shop\\\/\",\"name\":\"Le GentleCat - Teashop\",\"description\":\"La boutique de th\u00e9 en ligne\",\"potentialAction\":[{\"@type\":\"SearchAction\",\"target\":{\"@type\":\"EntryPoint\",\"urlTemplate\":\"https:\\\/\\\/legentlecat.fr\\\/shop\\\/?s={search_term_string}\"},\"query-input\":{\"@type\":\"PropertyValueSpecification\",\"valueRequired\":true,\"valueName\":\"search_term_string\"}}],\"inLanguage\":\"fr-FR\"}]}<\/script>\n<!-- \/ Yoast SEO plugin. -->","yoast_head_json":{"title":"Notre Histoire - Le GentleCat - Teashop -boutique de th\u00e9 lyonnaise","description":"L'histoire de cette rencotre entre 2 lyonnais qui ont d\u00e9cid\u00e9 de cr\u00e9er leur propre marque de th\u00e9 avec des m\u00e9langes originaux et audacieux","robots":{"index":"index","follow":"follow","max-snippet":"max-snippet:-1","max-image-preview":"max-image-preview:large","max-video-preview":"max-video-preview:-1"},"canonical":"https:\/\/legentlecat.fr\/shop\/index.php\/histoire\/","og_locale":"fr_FR","og_type":"article","og_title":"Notre Histoire - Le GentleCat - Teashop -boutique de th\u00e9 lyonnaise","og_description":"L'histoire de cette rencotre entre 2 lyonnais qui ont d\u00e9cid\u00e9 de cr\u00e9er leur propre marque de th\u00e9 avec des m\u00e9langes originaux et audacieux","og_url":"https:\/\/legentlecat.fr\/shop\/index.php\/histoire\/","og_site_name":"Le GentleCat - Teashop","article_modified_time":"2021-01-13T17:33:43+00:00","twitter_card":"summary_large_image","twitter_misc":{"Dur\u00e9e de lecture estim\u00e9e":"2 minutes"},"schema":{"@context":"https:\/\/schema.org","@graph":[{"@type":"WebPage","@id":"https:\/\/legentlecat.fr\/shop\/index.php\/histoire\/","url":"https:\/\/legentlecat.fr\/shop\/index.php\/histoire\/","name":"Notre Histoire - Le GentleCat - Teashop -boutique de th\u00e9 lyonnaise","isPartOf":{"@id":"https:\/\/legentlecat.fr\/shop\/#website"},"datePublished":"2015-09-23T11:17:34+00:00","dateModified":"2021-01-13T17:33:43+00:00","description":"L'histoire de cette rencotre entre 2 lyonnais qui ont d\u00e9cid\u00e9 de cr\u00e9er leur propre marque de th\u00e9 avec des m\u00e9langes originaux et audacieux","breadcrumb":{"@id":"https:\/\/legentlecat.fr\/shop\/index.php\/histoire\/#breadcrumb"},"inLanguage":"fr-FR","potentialAction":[{"@type":"ReadAction","target":["https:\/\/legentlecat.fr\/shop\/index.php\/histoire\/"]}]},{"@type":"BreadcrumbList","@id":"https:\/\/legentlecat.fr\/shop\/index.php\/histoire\/#breadcrumb","itemListElement":[{"@type":"ListItem","position":1,"name":"Accueil","item":"https:\/\/legentlecat.fr\/shop\/"},{"@type":"ListItem","position":2,"name":"Notre Histoire"}]},{"@type":"WebSite","@id":"https:\/\/legentlecat.fr\/shop\/#website","url":"https:\/\/legentlecat.fr\/shop\/","name":"Le GentleCat - Teashop","description":"La boutique de th\u00e9 en ligne","potentialAction":[{"@type":"SearchAction","target":{"@type":"EntryPoint","urlTemplate":"https:\/\/legentlecat.fr\/shop\/?s={search_term_string}"},"query-input":{"@type":"PropertyValueSpecification","valueRequired":true,"valueName":"search_term_string"}}],"inLanguage":"fr-FR"}]}},"jetpack_sharing_enabled":true,"jetpack_shortlink":"https:\/\/wp.me\/P8FUza-vx","jetpack-related-posts":[{"id":173,"url":"https:\/\/legentlecat.fr\/shop\/index.php\/home-v5-parallax-sections\/","url_meta":{"origin":1955,"position":0},"title":"Home V5 &#8211; Parallax Sections","author":"Jimmy RIOT","date":"24 septembre 2015","format":false,"excerpt":"[vc_row full_height=\"yes\" parallax=\"content-moving\" font_color=\"#ffffff\" css=\".vc_custom_1443087092209{padding-top: 15% !important;padding-bottom: 15% !important;background-image: url(http:\/\/legentlecat.fr\/shop\/wp-content\/uploads\/2015\/09\/about-4-1.gif?id=76) !important;background-position: center;background-repeat: no-repeat !important;background-size: cover !important;}\" background_style=\"parallax\"][vc_column css=\".vc_custom_1410362880038{padding-top: 5% !important;padding-bottom: 5% !important;}\"][vc_column_text css=\".vc_custom_1449668096943{margin-bottom: 15px !important;}\"] FEATURED COLLECTION [\/vc_column_text][vc_column_text] BEST SELLING PRODUCTS [\/vc_column_text][vc_btn title=\"View Lookbook\" style=\"outline-custom\" outline_custom_color=\"#ffffff\" outline_custom_hover_background=\"#ffffff\" outline_custom_hover_text=\"#000000\" shape=\"square\" align=\"center\"][\/vc_column][\/vc_row][vc_row full_height=\"yes\" parallax=\"content-moving\" font_color=\"#ec7a5c\" css=\".vc_custom_1443087123877{padding-top: 15% !important;padding-bottom: 15% !important;background-image: url(http:\/\/legentlecat.fr\/shop\/wp-content\/uploads\/2015\/09\/about-4-3.gif?id=81) !important;}\"\u2026","rel":"","context":"Article similaire","block_context":{"text":"Article similaire","link":""},"img":{"alt_text":"","src":"","width":0,"height":0},"classes":[]},{"id":2482,"url":"https:\/\/legentlecat.fr\/shop\/index.php\/about-designer-2\/","url_meta":{"origin":1955,"position":1},"title":"J\u00e9r\u00e9mie","author":"Jimmy RIOT","date":"15 avril 2017","format":false,"excerpt":"[vc_row columns_height=\"adjust_cols_height\" background_style=\"normal\"][vc_column width=\"1\/2\" css=\".vc_custom_1492460409192{background-image: url(http:\/\/legentlecat.fr\/shop\/wp-content\/uploads\/2017\/04\/jeremieshop.jpg?id=2503) !important;background-position: center !important;background-repeat: no-repeat !important;background-size: cover !important;}\"][vc_empty_space height=\"350px\"][\/vc_column][vc_column width=\"1\/2\" css=\".vc_custom_1456420605541{padding-right: 16% !important;padding-left: 16% !important;}\"][vc_empty_space height=\"40\"][vc_column_text] J\u00e9r\u00e9mie Directeur G\u00e9n\u00e9ral [\/vc_column_text][vc_separator][vc_row_inner css=\".vc_custom_1413184047380{margin-top: 45px !important;margin-bottom: 15px !important;}\"][vc_column_inner width=\"1\/2\"][vc_column_text css=\".vc_custom_1492223034273{margin-bottom: 30px !important;}\"]Je m'appelle J\u00e9r\u00e9mie et\u00a0je suis l'un des deux fondateurs de la soci\u00e9t\u00e9 Le GentleCat dont je suis\u2026","rel":"","context":"Article similaire","block_context":{"text":"Article similaire","link":""},"img":{"alt_text":"","src":"","width":0,"height":0},"classes":[]}],"_links":{"self":[{"href":"https:\/\/legentlecat.fr\/shop\/index.php\/wp-json\/wp\/v2\/pages\/1955","targetHints":{"allow":["GET"]}}],"collection":[{"href":"https:\/\/legentlecat.fr\/shop\/index.php\/wp-json\/wp\/v2\/pages"}],"about":[{"href":"https:\/\/legentlecat.fr\/shop\/index.php\/wp-json\/wp\/v2\/types\/page"}],"author":[{"embeddable":true,"href":"https:\/\/legentlecat.fr\/shop\/index.php\/wp-json\/wp\/v2\/users\/1"}],"replies":[{"embeddable":true,"href":"https:\/\/legentlecat.fr\/shop\/index.php\/wp-json\/wp\/v2\/comments?post=1955"}],"version-history":[{"count":8,"href":"https:\/\/legentlecat.fr\/shop\/index.php\/wp-json\/wp\/v2\/pages\/1955\/revisions"}],"predecessor-version":[{"id":2533,"href":"https:\/\/legentlecat.fr\/shop\/index.php\/wp-json\/wp\/v2\/pages\/1955\/revisions\/2533"}],"wp:attachment":[{"href":"https:\/\/legentlecat.fr\/shop\/index.php\/wp-json\/wp\/v2\/media?parent=1955"}],"curies":[{"name":"wp","href":"https:\/\/api.w.org\/{rel}","templated":true}]}}